{"id":684,"date":"2020-11-30T11:29:14","date_gmt":"2020-11-30T11:29:14","guid":{"rendered":"https:\/\/elfsight.com\/pl\/?page_id=684"},"modified":"2020-11-30T11:50:56","modified_gmt":"2020-11-30T11:50:56","slug":"examples","status":"publish","type":"page","link":"https:\/\/elfsight.com\/pl\/google-reviews-widget\/examples\/","title":{"rendered":"Google Reviews &#8211; Examples"},"content":{"rendered":"\n<div class=\"application-examples-item application-examples-item-loading\">\n                            <div class=\"col-row\">\n                                <div class=\"col-6 col-m-8 col-s-12\"><h3 class=\"application-examples-item-title\">Example 1: Pro\u015bba o opinie<\/h3><div class=\"application-examples-item-description\">Tutaj opinie s\u0105 wbudowane w obszerny widget w oryginalnych kolorach Google z informacyjnym nag\u0142\u00f3wkiem. Nag\u0142\u00f3wek pokazuje og\u00f3ln\u0105 ocen\u0119 strony oraz liczb\u0119 recenzent\u00f3w wraz ze zdj\u0119ciami najnowszych, kt\u00f3re mo\u017cna klikn\u0105\u0107. Przycisk pro\u015bby o opini\u0119 umo\u017cliwia pozostawienie nowej recenzji, a cz\u0119\u015b\u0107 Yes ma kolor niebieski, aby przyci\u0105gn\u0105\u0107 klikni\u0119cia.<\/div><\/div>\n                <\/div>\n\n                <div class=\"application-examples-item-iframe-container browser-frame\">\n                    <div class=\"application-examples-item-iframe-wrapper\">\n                        <iframe class=\"application-examples-item-iframe\" data-src=\"https:\/\/elfsight.com\/examples?widget_id=d0db87f8-16cf-40b1-a610-e9d47894089d&padding=28px+40px+40px\" width=\"100%\" allow=\"autoplay; fullscreen\"><\/iframe>\n                    <\/div>\n\n                    <div class=\"application-examples-item-loader\"><\/div>\n                <\/div>\n            <\/div>\n\n<div class=\"application-examples-item application-examples-item-loading\">\n                            <div class=\"col-row\">\n                                <div class=\"col-6 col-m-8 col-s-12\"><h3 class=\"application-examples-item-title\">Example 2: Lista<\/h3><div class=\"application-examples-item-description\">Nasz widget umo\u017cliwia umieszczanie opinii na stronie w postaci przejrzystej listy. Je\u015bli wy\u0142\u0105czysz nag\u0142\u00f3wek i zastosujesz automatyczne wymiary szeroko\u015bci i wysoko\u015bci, jak w tym przyk\u0142adzie, widget automatycznie dopasuje si\u0119 do dost\u0119pnego miejsca na stronie i b\u0119dzie wygl\u0105da\u0142 natywnie. Mo\u017cesz tak\u017ce u\u017cy\u0107 filtr\u00f3w, aby poprawi\u0107 liczb\u0119 recenzji, wy\u015bwietli\u0107 tylko opinie z ocen\u0105 pozytywn\u0105 lub ukry\u0107 niekt\u00f3re opinie za pomoc\u0105 s\u0142\u00f3w kluczowych.<\/div><\/div>\n                <\/div>\n\n                <div class=\"application-examples-item-iframe-container browser-frame\">\n                    <div class=\"application-examples-item-iframe-wrapper\">\n                        <iframe class=\"application-examples-item-iframe\" data-src=\"https:\/\/elfsight.com\/examples?widget_id=17b9969d-36c0-4942-89a8-867cfbb09e76&padding=28px+40px+40px\" width=\"100%\" allow=\"autoplay; fullscreen\"><\/iframe>\n                    <\/div>\n\n                    <div class=\"application-examples-item-loader\"><\/div>\n                <\/div>\n            <\/div>\n \n<div class=\"application-examples-item application-examples-item-loading\">\n                            <div class=\"col-row\">\n                                <div class=\"col-6 col-m-8 col-s-12\"><h3 class=\"application-examples-item-title\">Example 3: Masonry<\/h3><div class=\"application-examples-item-description\">Jak wida\u0107, siatka recenzji jest wy\u015bwietlana jako struktura murarska, kt\u00f3ra umieszcza recenzje w najlepszej mo\u017cliwej kolejno\u015bci na podstawie ich warto\u015bci. Niestandardowy dob\u00f3r kolor\u00f3w sprawi\u0142, \u017ce wid\u017cet wygl\u0105da absolutnie niepowtarzalnie. Liczba gwiazdek recenzji pokazuje wysok\u0105 ocen\u0119 klient\u00f3w.<\/div><\/div>\n                <\/div>\n\n                <div class=\"application-examples-item-iframe-container browser-frame\">\n                    <div class=\"application-examples-item-iframe-wrapper\">\n                        <iframe class=\"application-examples-item-iframe\" data-src=\"https:\/\/elfsight.com\/examples?widget_id=bacb6f6d-220d-4ac0-a8f2-fc0281fd13c6&padding=28px+40px+40px\" width=\"100%\" allow=\"autoplay; fullscreen\"><\/iframe>\n                    <\/div>\n\n                    <div class=\"application-examples-item-loader\"><\/div>\n                <\/div>\n            <\/div>\n\n<div class=\"application-examples-item application-examples-item-loading\">\n                            <div class=\"col-row\">\n                                <div class=\"col-6 col-m-8 col-s-12\"><h3 class=\"application-examples-item-title\">Example 4: Siatka<\/h3><div class=\"application-examples-item-description\">Po\u0142\u0105czenie uk\u0142adu siatki i szablonu recenzji Spotlight zapewnia doskona\u0142y, przejrzysty wygl\u0105d widgetu. Proste linie i wy\u015brodkowane teksty przyci\u0105gaj\u0105 uwag\u0119 widz\u00f3w. Prosta geometria uk\u0142adu Grid mo\u017ce r\u00f3wnie dobrze wsp\u00f3\u0142pracowa\u0107 ze wszystkimi innymi szablonami recenzji - elementy interfejsu zosta\u0142y zaprojektowane tak, aby mo\u017cna je by\u0142o w pe\u0142ni dostosowa\u0107.<\/div><\/div>\n                <\/div>\n\n                <div class=\"application-examples-item-iframe-container browser-frame\">\n                    <div class=\"application-examples-item-iframe-wrapper\">\n                        <iframe class=\"application-examples-item-iframe\" data-src=\"https:\/\/elfsight.com\/examples?widget_id=9571cb08-ed59-466a-8ceb-ad740f92deb1&padding=28px+40px+40px\" width=\"100%\" allow=\"autoplay; fullscreen\"><\/iframe>\n                    <\/div>\n\n                    <div class=\"application-examples-item-loader\"><\/div>\n                <\/div>\n            <\/div>\n\n<div class=\"application-examples-item application-examples-item-loading\">\n                            <div class=\"col-row\">\n                                <div class=\"col-6 col-m-8 col-s-12\"><h3 class=\"application-examples-item-title\">Example 5: Carousel<\/h3><div class=\"application-examples-item-description\">Ten wid\u017cet w uk\u0142adzie Slider prezentuje recenzje w aktywnej karuzeli z gr\u0105 automatyczn\u0105. To optymalny wariant, na przyk\u0142ad, dla strony g\u0142\u00f3wnej serwisu. Uk\u0142ad suwaka oferuje elementy steruj\u0105ce nawigacj\u0105: strza\u0142ka, przeci\u0105ganie lub paginacja. Mo\u017cesz te\u017c wybra\u0107, ile recenzji pojawi si\u0119 na ka\u017cdym slajdzie.<\/div><\/div>\n                <\/div>\n\n                <div class=\"application-examples-item-iframe-container browser-frame\">\n                    <div class=\"application-examples-item-iframe-wrapper\">\n                        <iframe class=\"application-examples-item-iframe\" data-src=\"https:\/\/elfsight.com\/examples?widget_id=5a34be40-2b67-4b1e-944f-6fd63a8dafbb&padding=28px+40px+40px\" width=\"100%\" allow=\"autoplay; fullscreen\"><\/iframe>\n                    <\/div>\n\n                    <div class=\"application-examples-item-loader\"><\/div>\n                <\/div>\n            <\/div>\n\n<div class=\"application-examples-item application-examples-item-loading\">\n                            <div class=\"col-row\">\n                                <div class=\"col-6 col-m-8 col-s-12\"><h3 class=\"application-examples-item-title\">Example 6: Slider<\/h3><div class=\"application-examples-item-description\">Pa\u0144stwa opinie wy\u015bwietlane przez jednego u\u017cytkownika b\u0119d\u0105 przyci\u0105ga\u0107 uwag\u0119 u\u017cytkownik\u00f3w. W tym przypadku szablon Spotlight dyktuje rozmieszczenie element\u00f3w: zdj\u0119cie autora i ocena znajduj\u0105 si\u0119 nad tekstem recenzji, a wszystkie elementy s\u0105 wyr\u00f3wna\u0107 centrum. Inne recenzje mo\u017cna zobaczy\u0107, przeci\u0105gaj\u0105c lub klikaj\u0105c strza\u0142ki. <\/div><\/div>\n                <\/div>\n\n                <div class=\"application-examples-item-iframe-container browser-frame\">\n                    <div class=\"application-examples-item-iframe-wrapper\">\n                        <iframe class=\"application-examples-item-iframe\" data-src=\"https:\/\/elfsight.com\/examples?widget_id=2213b80a-ff94-4a7b-9e71-d4fafe46dbea&padding=28px+40px+40px\" width=\"100%\" allow=\"autoplay; fullscreen\"><\/iframe>\n                    <\/div>\n\n                    <div class=\"application-examples-item-loader\"><\/div>\n                <\/div>\n            <\/div>\n\n<div class=\"application-examples-item application-examples-item-loading\">\n                            <div class=\"col-row\">\n                                <div class=\"col-6 col-m-8 col-s-12\"><h3 class=\"application-examples-item-title\">Example 7: Sidebar<\/h3><div class=\"application-examples-item-description\">Sp\u00f3jrz na ten przyk\u0142ad, jak mo\u017cesz doda\u0107 wid\u017cet opinii do witryny o bardzo ma\u0142ej przestrzeni. W uk\u0142adzie paska bocznego wid\u017cet nie ma dodatkowych element\u00f3w, tylko najwa\u017cniejsze cz\u0119\u015bci, a dzi\u0119ki elastycznym parametrom ma umiarkowany rozmiar, ale zachowuje wszystkie funkcje.<\/div><\/div>\n                <\/div>\n\n                <div class=\"application-examples-item-iframe-container browser-frame\">\n                    <div class=\"application-examples-item-iframe-wrapper\">\n                        <iframe class=\"application-examples-item-iframe\" data-src=\"https:\/\/elfsight.com\/examples?widget_id=2928e648-d2ef-411e-9720-4ee635a6ce27&padding=28px+40px+40px\" width=\"100%\" allow=\"autoplay; fullscreen\"><\/iframe>\n                    <\/div>\n\n                    <div class=\"application-examples-item-loader\"><\/div>\n                <\/div>\n            <\/div>\n","protected":false},"excerpt":{"rendered":"","protected":false},"author":11,"featured_media":0,"parent":675,"menu_order":0,"comment_status":"closed","ping_status":"closed","template":"templates\/template-application-examples.php","meta":{"publish_to_discourse":"","publish_post_category":"","wpdc_auto_publish_overridden":"","wpdc_topic_tags":"","wpdc_pin_topic":"","wpdc_pin_until":"","discourse_post_id":"","discourse_permalink":"","wpdc_publishing_response":"","wpdc_publishing_error":"","footnotes":""},"class_list":["post-684","page","type-page","status-publish","hentry"],"yoast_head":"<!-- This site is optimized with the Yoast SEO plugin v25.3.1 - https:\/\/yoast.com\/wordpress\/plugins\/seo\/ -->\n<title>Najlepsze przyk\u0142ady plugina Google Reviews w witrynie (TOP 7)<\/title>\n<meta name=\"description\" content=\"TOP 7 przyk\u0142ad\u00f3w Opinii Google na stronie: Widget, Lista, Masonry, Siatka, Carousel, Suwak i inne szablony. Pr\u00f3bny widget dla Twojej witryny.\" \/>\n<meta name=\"robots\" content=\"index, follow, max-snippet:-1, max-image-preview:large, max-video-preview:-1\" \/>\n<link rel=\"canonical\" href=\"https:\/\/elfsight.com\/pl\/google-reviews-widget\/examples\/\" \/>\n<meta property=\"og:locale\" content=\"pl_PL\" \/>\n<meta property=\"og:type\" content=\"article\" \/>\n<meta property=\"og:title\" content=\"Najlepsze przyk\u0142ady plugina Google Reviews w witrynie (TOP 7)\" \/>\n<meta property=\"og:description\" content=\"TOP 7 przyk\u0142ad\u00f3w Opinii Google na stronie: Widget, Lista, Masonry, Siatka, Carousel, Suwak i inne szablony. Pr\u00f3bny widget dla Twojej witryny.\" \/>\n<meta property=\"og:url\" content=\"https:\/\/elfsight.com\/pl\/google-reviews-widget\/examples\/\" \/>\n<meta property=\"og:site_name\" content=\"Elfsight PL\" \/>\n<meta property=\"article:modified_time\" content=\"2020-11-30T11:50:56+00:00\" \/>\n<meta name=\"twitter:card\" content=\"summary_large_image\" \/>\n<meta name=\"twitter:label1\" content=\"Szacowany czas czytania\" \/>\n\t<meta name=\"twitter:data1\" content=\"3 minuty\" \/>\n<!-- \/ Yoast SEO plugin. -->","yoast_head_json":{"title":"Najlepsze przyk\u0142ady plugina Google Reviews w witrynie (TOP 7)","description":"TOP 7 przyk\u0142ad\u00f3w Opinii Google na stronie: Widget, Lista, Masonry, Siatka, Carousel, Suwak i inne szablony. Pr\u00f3bny widget dla Twojej witryny.","robots":{"index":"index","follow":"follow","max-snippet":"max-snippet:-1","max-image-preview":"max-image-preview:large","max-video-preview":"max-video-preview:-1"},"canonical":"https:\/\/elfsight.com\/pl\/google-reviews-widget\/examples\/","og_locale":"pl_PL","og_type":"article","og_title":"Najlepsze przyk\u0142ady plugina Google Reviews w witrynie (TOP 7)","og_description":"TOP 7 przyk\u0142ad\u00f3w Opinii Google na stronie: Widget, Lista, Masonry, Siatka, Carousel, Suwak i inne szablony. Pr\u00f3bny widget dla Twojej witryny.","og_url":"https:\/\/elfsight.com\/pl\/google-reviews-widget\/examples\/","og_site_name":"Elfsight PL","article_modified_time":"2020-11-30T11:50:56+00:00","twitter_card":"summary_large_image","twitter_misc":{"Szacowany czas czytania":"3 minuty"},"schema":{"@context":"https:\/\/schema.org","@graph":[{"@type":"WebPage","@id":"https:\/\/elfsight.com\/pl\/google-reviews-widget\/examples\/","url":"https:\/\/elfsight.com\/pl\/google-reviews-widget\/examples\/","name":"Najlepsze przyk\u0142ady plugina Google Reviews w witrynie (TOP 7)","isPartOf":{"@id":"https:\/\/elfsight.com\/pl\/#website"},"datePublished":"2020-11-30T11:29:14+00:00","dateModified":"2020-11-30T11:50:56+00:00","description":"TOP 7 przyk\u0142ad\u00f3w Opinii Google na stronie: Widget, Lista, Masonry, Siatka, Carousel, Suwak i inne szablony. Pr\u00f3bny widget dla Twojej witryny.","breadcrumb":{"@id":"https:\/\/elfsight.com\/pl\/google-reviews-widget\/examples\/#breadcrumb"},"inLanguage":"pl-PL","potentialAction":[{"@type":"ReadAction","target":["https:\/\/elfsight.com\/pl\/google-reviews-widget\/examples\/"]}]},{"@type":"BreadcrumbList","@id":"https:\/\/elfsight.com\/pl\/google-reviews-widget\/examples\/#breadcrumb","itemListElement":[{"@type":"ListItem","position":1,"name":"Home","item":"https:\/\/elfsight.com\/pl\/"},{"@type":"ListItem","position":2,"name":"Google Reviews","item":"https:\/\/elfsight.com\/pl\/google-reviews-widget\/"},{"@type":"ListItem","position":3,"name":"Google Reviews &#8211; Examples"}]},{"@type":"WebSite","@id":"https:\/\/elfsight.com\/pl\/#website","url":"https:\/\/elfsight.com\/pl\/","name":"Elfsight PL","description":"Just another Elfsight Sites site","potentialAction":[{"@type":"SearchAction","target":{"@type":"EntryPoint","urlTemplate":"https:\/\/elfsight.com\/pl\/?s={search_term_string}"},"query-input":{"@type":"PropertyValueSpecification","valueRequired":true,"valueName":"search_term_string"}}],"inLanguage":"pl-PL"}]}},"meta_box":{"industry":"","seo_heading":"","heading":"","description":"","cta_heading":"","cta_description":"","application":"668","h1":"","h1_caption":"","application_category":[],"applications_title":"","applications_request_title":"","applications_request_button_text":"","hero_text":"","hero_video":"","hero_video_schema_markup":"","selling_points_title":"","selling_points_caption":"","selling_points":[],"selling_points_cta_text":"","features_title":"","features":"","ed_cta_examples_text":"","ed_cta_examples_hidden":"","ed_cta_demo_text":"","ed_cta_demo_hidden":"","why_caption":"","why_editor_title":"","why_editor_text":"","why_team_title":"","why_team_text":"","why_service_title":"","why_service_text":"","template_catalog_visible":"","template_catalog_title":"","template_catalog_text":"","template_catalog_categories_visible":"","demo_title":"","demo_caption":"","default_faq_hidden":"","app_template_category":[],"platform":"","template_public_id":"","codecanyon_url":"","codecanyon_item_id":"","codecanyon_price":"","pricing_caption":"","pricing_elfsight_apps_hide_column":"","pricing_elfsight_apps_url":"","pricing_codecanyon_price_caption":"","integration_category":[],"integration_request_title":"","integration_request_cta":"","integration_platform":"","integrations":[],"platform_category":[],"video_schema_markup":"","price":"","trial":"","benefits":[],"button_url":"","button_target_blank":"","button_nofollow":"","attributes":[],"tags":[],"tags_disable_links":"","hide_more_platforms":"","video_object":"","demo_hide_cta":"","demo_hide_cloud_options":"","pricing_title":"","pricing":[],"related_apps_title":"","related_apps_hidden":"","author":"","image":[],"title":"","job":"","social_networks":[]},"_links":{"self":[{"href":"https:\/\/elfsight.com\/pl\/wp-json\/wp\/v2\/pages\/684","targetHints":{"allow":["GET"]}}],"collection":[{"href":"https:\/\/elfsight.com\/pl\/wp-json\/wp\/v2\/pages"}],"about":[{"href":"https:\/\/elfsight.com\/pl\/wp-json\/wp\/v2\/types\/page"}],"author":[{"embeddable":true,"href":"https:\/\/elfsight.com\/pl\/wp-json\/wp\/v2\/users\/11"}],"replies":[{"embeddable":true,"href":"https:\/\/elfsight.com\/pl\/wp-json\/wp\/v2\/comments?post=684"}],"version-history":[{"count":3,"href":"https:\/\/elfsight.com\/pl\/wp-json\/wp\/v2\/pages\/684\/revisions"}],"predecessor-version":[{"id":705,"href":"https:\/\/elfsight.com\/pl\/wp-json\/wp\/v2\/pages\/684\/revisions\/705"}],"up":[{"embeddable":true,"href":"https:\/\/elfsight.com\/pl\/wp-json\/wp\/v2\/pages\/675"}],"wp:attachment":[{"href":"https:\/\/elfsight.com\/pl\/wp-json\/wp\/v2\/media?parent=684"}],"curies":[{"name":"wp","href":"https:\/\/api.w.org\/{rel}","templated":true}]}}