{"id":6839,"date":"1970-01-01T00:00:00","date_gmt":"1970-01-01T00:00:00","guid":{"rendered":"https:\/\/elfsight.com\/pl\/?page_id=6839"},"modified":"2024-11-14T08:51:52","modified_gmt":"2024-11-14T08:51:52","slug":"google-sites","status":"publish","type":"page","link":"https:\/\/elfsight.com\/pl\/testimonials-slider-widget\/google-sites\/","title":{"rendered":"Testimonials Slider &#8211; Google Sites"},"content":{"rendered":"<div class=\"application-platform-content-item-description application-platform-content-item\" id=\"description\" data-nav-section=\"description\"> <h2>Osad\u017a suwak referencji w Witrynach Google za pomoc\u0105 wid\u017cetu Elfsight<\/h2> <p>Suwak referencji \u2013 doskona\u0142a wtyczka do ujawniania referencji Twoich klient\u00f3w na w\u0142asnej stronie internetowej. Aby opinia by\u0142a wiarygodna, mo\u017cesz do\u0142\u0105czy\u0107 r\u00f3\u017cne rodzaje dowod\u00f3w spo\u0142eczno\u015bciowych: imi\u0119 i nazwisko autora, zdj\u0119cie, logo handlowe firmy, a nawet adres URL strony internetowej. Zwi\u0119ksz zaufanie do swoich produkt\u00f3w, pokazuj\u0105c odwiedzaj\u0105cym swoich zadowolonych klient\u00f3w.<\/p> <p><b>Umie\u015b\u0107 suwak referencji, aby szybciej osi\u0105gn\u0105\u0107 swoje cele e-commerce! <\/b><\/p> <\/div> <div class=\"application-platform-content-item-features application-platform-content-item\" id=\"features\" data-nav-section=\"features\"> <h2>To tylko kilka cennych funkcji wid\u017cetu: <\/h2> <ul><li>Biblioteka ikon b\u0105belk\u00f3w dla Ciebie do wyboru<\/li><li>Opcja edycji tekstu w dymku<\/li><li>Nag\u0142\u00f3wek czatu ze zdj\u0119ciem strony, nazw\u0105 i podpisem. <\/li><li>Domy\u015blne ustawienie obrazu strony z biblioteki lub przes\u0142anie w\u0142asnego obrazu<\/li><li>Pi\u0119\u0107 wariant\u00f3w czasu odpowiedzi w podpisie okna czatu<\/li><\/ul><p><a href=\"#demo\">Mo\u017cesz przetestowa\u0107 pe\u0142n\u0105 funkcjonalno\u015b\u0107 wid\u017cetu w wersji demonstracyjnej tutaj<\/a><\/p> <\/div> <div class=\"application-platform-content-item-installation application-platform-content-item\" id=\"installation\" data-nav-section=\"installation\"> <h2>Jak osadzi\u0107 suwak referencji w moja witryna Witryn Google? <\/h2> <p>Wystarczy wykona\u0107 poni\u017csze kroki, aby rozpocz\u0105\u0107 korzystanie z narz\u0119dzia. <\/p> <ol><li><b>Skorzystaj z naszej bezp\u0142atnej wersji demonstracyjnej i zacznij kszta\u0142towa\u0107 sw\u00f3j niestandardowy instrument. <\/b><br> Okre\u015bl po\u017c\u0105dany uk\u0142ad i parametry wid\u017cetu i zapisz zmiany. <\/li> <li><b>Wy\u015bwietl osobisty kod w oknie aplikacji Elfsight. <\/b><br> Po wygenerowaniu wtyczki skopiuj kod osobisty w wy\u015bwietlonym oknie i zachowaj go na p\u00f3\u017aniej. <\/li> <li><b>Zacznij korzysta\u0107 z narz\u0119dzia na stronie g\u0142\u00f3wnej Witryn Google. <\/b><br> Umie\u015b\u0107 zapisany wcze\u015bniej kod na swojej stronie i zastosuj zmiany. <\/li> <li><b>Gotowe! Konfiguracja zosta\u0142a ca\u0142kowicie zako\u0144czona. <\/b><br> Przejd\u017a na swoj\u0105 stron\u0119 internetow\u0105 i sprawd\u017a dzia\u0142anie narz\u0119dzia. <\/li><\/ol> <div class=\"tip-yellow tip\"><b>Ze wzgl\u0119du na specyfik\u0119 dzia\u0142ania Witryn Google wid\u017cet mo\u017ce wygl\u0105da\u0107 inaczej ni\u017c wersja demonstracyjna online. Przepraszamy za wszelkie niedogodno\u015bci.<\/b><\/div><p>Je\u015bli masz do czynienia z pytaniami lub napotkasz jakiekolwiek przeszkody, bez wahania zwr\u00f3\u0107 si\u0119 do naszego zespo\u0142u wsparcia. Nasi konsultanci z przyjemno\u015bci\u0105 rozwi\u0105\u017c\u0105 wszystkie problemy, jakie mo\u017cesz mie\u0107 z wtyczk\u0105. <\/p> <div class=\"faq\" data-component=\"FAQ\"> <div class=\"faq-item\">\r\n\t\t\t\t\t<div class=\"faq-item-question\">\r\n\t\t\t\t\t\t<h3 class=\"faq-item-question-text\">Jak doda\u0107 suwak referencji do mojej witryny Google Sites bez umiej\u0119tno\u015bci kodowania?<\/h3>\r\n\r\n\t\t\t\t\t\t<div class=\"faq-item-question-icon\"><\/div>\r\n\t\t\t\t\t<\/div>\r\n\r\n\t\t\t\t\t<div class=\"faq-item-answer\">\r\n\t\t\t\t\t\t<div class=\"faq-item-answer-text\"> <p>Elfsight zapewnia rozwi\u0105zanie SaaS, kt\u00f3re pozwala na samodzielne utworzenie wid\u017cetu suwaka referencji. Zobacz, jak \u0142atwo Proces jest nast\u0119puj\u0105cy: Pracuj bezpo\u015brednio w edytorze online, aby utworzy\u0107 wid\u017cet Suwak referencji, kt\u00f3ry chcesz widzie\u0107 w swojej witrynie Google Sites. Wybierz jeden z gotowych szablon\u00f3w i dostosuj ustawienia suwaka referencji, dodaj tre\u015b\u0107, zmie\u0144 uk\u0142ad i kolory bez umiej\u0119tno\u015bci kodowania. Zapisz suwak Referencje i skopiuj jego kod instalacyjny, kt\u00f3ry mo\u017cesz \u0142atwo doda\u0107 w swojej witrynie Google Sites bez konieczno\u015bci kupowania p\u0142atnego planu. Za pomoc\u0105 naszego intuicyjnego edytora ka\u017cdy u\u017cytkownik Internetu mo\u017ce utworzy\u0107 wid\u017cet Suwak Referencji online i \u0142atwo osadzi\u0107 go na swojej witrynie Google Sites. Aby uzyska\u0107 dost\u0119p do us\u0142ugi, nie trzeba p\u0142aci\u0107 ani wprowadza\u0107 danych uwierzytelniaj\u0105cych karty. Je\u015bli na kt\u00f3rymkolwiek etapie napotkasz jakiekolwiek problemy, skontaktuj si\u0119 z naszym zespo\u0142em pomocy technicznej.<\/p> <\/div>\r\n\t\t\t\t\t<\/div>\r\n\t\t\t\t<\/div> <\/div> <\/div>","protected":false},"excerpt":{"rendered":"","protected":false},"author":9,"featured_media":0,"parent":1996,"menu_order":0,"comment_status":"closed","ping_status":"closed","template":"templates\/template-application-platform.php","meta":{"publish_to_discourse":"","publish_post_category":"","wpdc_auto_publish_overridden":"","wpdc_topic_tags":"","wpdc_pin_topic":"","wpdc_pin_until":"","discourse_post_id":"","discourse_permalink":"","wpdc_publishing_response":"","wpdc_publishing_error":"","footnotes":""},"class_list":["post-6839","page","type-page","status-publish","hentry"],"yoast_head":"<!-- This site is optimized with the Yoast SEO plugin v25.3.1 - https:\/\/yoast.com\/wordpress\/plugins\/seo\/ -->\n<title>Kana\u0142 na Instagramie \u2014 dodaj kana\u0142 na Instagramie do Witryn Google (2025)<\/title>\n<meta name=\"description\" content=\"Umie\u015b\u0107 responsywny wid\u017cet Suwak Referencji w swojej witrynie Google Sites i zdob\u0105d\u017a pe\u0142ne zaufanie. Skorzystaj z wersji demonstracyjnej Elfsight, aby zbudowa\u0107 swoje unikalne narz\u0119dzie.\" \/>\n<meta name=\"robots\" content=\"index, follow, max-snippet:-1, max-image-preview:large, max-video-preview:-1\" \/>\n<link rel=\"canonical\" href=\"https:\/\/elfsight.com\/pl\/testimonials-slider-widget\/google-sites\/\" \/>\n<meta property=\"og:locale\" content=\"pl_PL\" \/>\n<meta property=\"og:type\" content=\"article\" \/>\n<meta property=\"og:title\" content=\"Kana\u0142 na Instagramie \u2014 dodaj kana\u0142 na Instagramie do Witryn Google (2025)\" \/>\n<meta property=\"og:description\" content=\"Umie\u015b\u0107 responsywny wid\u017cet Suwak Referencji w swojej witrynie Google Sites i zdob\u0105d\u017a pe\u0142ne zaufanie. Skorzystaj z wersji demonstracyjnej Elfsight, aby zbudowa\u0107 swoje unikalne narz\u0119dzie.\" \/>\n<meta property=\"og:url\" content=\"https:\/\/elfsight.com\/pl\/testimonials-slider-widget\/google-sites\/\" \/>\n<meta property=\"og:site_name\" content=\"Elfsight PL\" \/>\n<meta property=\"article:modified_time\" content=\"2024-11-14T08:51:52+00:00\" \/>\n<meta name=\"twitter:card\" content=\"summary_large_image\" \/>\n<meta name=\"twitter:label1\" content=\"Szacowany czas czytania\" \/>\n\t<meta name=\"twitter:data1\" content=\"3 minuty\" \/>\n<!-- \/ Yoast SEO plugin. -->","yoast_head_json":{"title":"Kana\u0142 na Instagramie \u2014 dodaj kana\u0142 na Instagramie do Witryn Google (2025)","description":"Umie\u015b\u0107 responsywny wid\u017cet Suwak Referencji w swojej witrynie Google Sites i zdob\u0105d\u017a pe\u0142ne zaufanie. Skorzystaj z wersji demonstracyjnej Elfsight, aby zbudowa\u0107 swoje unikalne narz\u0119dzie.","robots":{"index":"index","follow":"follow","max-snippet":"max-snippet:-1","max-image-preview":"max-image-preview:large","max-video-preview":"max-video-preview:-1"},"canonical":"https:\/\/elfsight.com\/pl\/testimonials-slider-widget\/google-sites\/","og_locale":"pl_PL","og_type":"article","og_title":"Kana\u0142 na Instagramie \u2014 dodaj kana\u0142 na Instagramie do Witryn Google (2025)","og_description":"Umie\u015b\u0107 responsywny wid\u017cet Suwak Referencji w swojej witrynie Google Sites i zdob\u0105d\u017a pe\u0142ne zaufanie. Skorzystaj z wersji demonstracyjnej Elfsight, aby zbudowa\u0107 swoje unikalne narz\u0119dzie.","og_url":"https:\/\/elfsight.com\/pl\/testimonials-slider-widget\/google-sites\/","og_site_name":"Elfsight PL","article_modified_time":"2024-11-14T08:51:52+00:00","twitter_card":"summary_large_image","twitter_misc":{"Szacowany czas czytania":"3 minuty"},"schema":{"@context":"https:\/\/schema.org","@graph":[{"@type":"WebPage","@id":"https:\/\/elfsight.com\/pl\/testimonials-slider-widget\/google-sites\/","url":"https:\/\/elfsight.com\/pl\/testimonials-slider-widget\/google-sites\/","name":"Kana\u0142 na Instagramie \u2014 dodaj kana\u0142 na Instagramie do Witryn Google (2025)","isPartOf":{"@id":"https:\/\/elfsight.com\/pl\/#website"},"datePublished":"1970-01-01T00:00:00+00:00","dateModified":"2024-11-14T08:51:52+00:00","description":"Umie\u015b\u0107 responsywny wid\u017cet Suwak Referencji w swojej witrynie Google Sites i zdob\u0105d\u017a pe\u0142ne zaufanie. Skorzystaj z wersji demonstracyjnej Elfsight, aby zbudowa\u0107 swoje unikalne narz\u0119dzie.","breadcrumb":{"@id":"https:\/\/elfsight.com\/pl\/testimonials-slider-widget\/google-sites\/#breadcrumb"},"inLanguage":"pl-PL","potentialAction":[{"@type":"ReadAction","target":["https:\/\/elfsight.com\/pl\/testimonials-slider-widget\/google-sites\/"]}]},{"@type":"BreadcrumbList","@id":"https:\/\/elfsight.com\/pl\/testimonials-slider-widget\/google-sites\/#breadcrumb","itemListElement":[{"@type":"ListItem","position":1,"name":"Home","item":"https:\/\/elfsight.com\/pl\/"},{"@type":"ListItem","position":2,"name":"Testimonials Slider","item":"https:\/\/elfsight.com\/pl\/testimonials-slider-widget\/"},{"@type":"ListItem","position":3,"name":"Testimonials Slider &#8211; Google Sites"}]},{"@type":"WebSite","@id":"https:\/\/elfsight.com\/pl\/#website","url":"https:\/\/elfsight.com\/pl\/","name":"Elfsight PL","description":"Just another Elfsight Sites site","potentialAction":[{"@type":"SearchAction","target":{"@type":"EntryPoint","urlTemplate":"https:\/\/elfsight.com\/pl\/?s={search_term_string}"},"query-input":{"@type":"PropertyValueSpecification","valueRequired":true,"valueName":"search_term_string"}}],"inLanguage":"pl-PL"}]}},"meta_box":{"industry":"","seo_heading":"","heading":"","description":"","cta_heading":"","cta_description":"","application":"2469","h1":"Widget Suwak z referencjami Witryn Google","h1_caption":"Wy\u015bwietlaj opinie klient\u00f3w na obrotowym suwaku, aby bez wysi\u0142ku budowa\u0107 wiarygodno\u015b\u0107 i prezentowa\u0107 pozytywne opinie w swoich Witrynach Google.","application_category":[],"applications_title":"","applications_request_title":"","applications_request_button_text":"","hero_text":"","hero_video":"","hero_video_schema_markup":"","selling_points_title":"","selling_points_caption":"","selling_points":[],"selling_points_cta_text":"","features_title":"","features":"","ed_cta_examples_text":"","ed_cta_examples_hidden":"","ed_cta_demo_text":"","ed_cta_demo_hidden":"","why_caption":"","why_editor_title":"","why_editor_text":"","why_team_title":"","why_team_text":"","why_service_title":"","why_service_text":"","template_catalog_visible":"","template_catalog_title":"","template_catalog_text":"","template_catalog_categories_visible":"","demo_title":"Utw\u00f3rz wid\u017cet Suwak Referencji","demo_caption":"Skonfiguruj suwak referencji i dodaj go za darmo do swojej witryny Google Sites!","default_faq_hidden":"","app_template_category":[],"platform":"484","template_public_id":"","codecanyon_url":"","codecanyon_item_id":"","codecanyon_price":"","pricing_caption":"","pricing_elfsight_apps_hide_column":"","pricing_elfsight_apps_url":"","pricing_codecanyon_price_caption":"","integration_category":[],"integration_request_title":"","integration_request_cta":"","integration_platform":"","integrations":[],"platform_category":[],"video_schema_markup":"","price":"od 0 USD \/ miesi\u0105c","trial":"","benefits":[{"text":"Bezp\u0142atna pomoc w monta\u017cu"},{"text":"Kompetentna obs\u0142uga klienta"},{"text":"14-dniowa gwarancja zwrotu pieni\u0119dzy"}],"button_url":"#demo","button_target_blank":"","button_nofollow":"","attributes":[{"name":"Instaluje"},{"name":"Czu\u0142y"},{"name":"Kompatybilne przegl\u0105darki"}],"tags":[],"tags_disable_links":"","hide_more_platforms":"","video_object":"","demo_hide_cta":"","demo_hide_cloud_options":"","pricing_title":"","pricing":[{"pricing_icon":"platform","pricing_title":"Elfsight Apps","pricing_title_caption":"Wersja wieloplatformowa, kt\u00f3ra dzia\u0142a na ka\u017cdej stronie internetowej","pricing_price":"od 0 USD \/ miesi\u0105c","pricing_price_caption":"zacznij od bezp\u0142atnego planu","pricing_benefits":[{"text":"Nielimitowane domeny"},{"text":"Dedykowane wsparcie"},{"text":"Bezp\u0142atna us\u0142uga monta\u017cu"},{"text":"Specjalna oferta na wiele aplikacji"}],"pricing_button_text":"Dodaj do witryny","pricing_button_url":"#demo"}],"related_apps_title":"","related_apps_hidden":"","author":"","image":[],"title":"","job":"","social_networks":[]},"_links":{"self":[{"href":"https:\/\/elfsight.com\/pl\/wp-json\/wp\/v2\/pages\/6839","targetHints":{"allow":["GET"]}}],"collection":[{"href":"https:\/\/elfsight.com\/pl\/wp-json\/wp\/v2\/pages"}],"about":[{"href":"https:\/\/elfsight.com\/pl\/wp-json\/wp\/v2\/types\/page"}],"author":[{"embeddable":true,"href":"https:\/\/elfsight.com\/pl\/wp-json\/wp\/v2\/users\/9"}],"replies":[{"embeddable":true,"href":"https:\/\/elfsight.com\/pl\/wp-json\/wp\/v2\/comments?post=6839"}],"version-history":[{"count":1,"href":"https:\/\/elfsight.com\/pl\/wp-json\/wp\/v2\/pages\/6839\/revisions"}],"predecessor-version":[{"id":6843,"href":"https:\/\/elfsight.com\/pl\/wp-json\/wp\/v2\/pages\/6839\/revisions\/6843"}],"up":[{"embeddable":true,"href":"https:\/\/elfsight.com\/pl\/wp-json\/wp\/v2\/pages\/1996"}],"wp:attachment":[{"href":"https:\/\/elfsight.com\/pl\/wp-json\/wp\/v2\/media?parent=6839"}],"curies":[{"name":"wp","href":"https:\/\/api.w.org\/{rel}","templated":true}]}}