{"id":6838,"date":"1970-01-01T00:00:00","date_gmt":"1970-01-01T00:00:00","guid":{"rendered":"https:\/\/elfsight.com\/pl\/?page_id=6838"},"modified":"2024-09-13T14:02:31","modified_gmt":"2024-09-13T14:02:31","slug":"godaddy","status":"publish","type":"page","link":"https:\/\/elfsight.com\/pl\/testimonials-slider-widget\/godaddy\/","title":{"rendered":"Testimonials Slider  &#8211; GoDaddy"},"content":{"rendered":"<div class=\"application-platform-content-item-description application-platform-content-item\" id=\"description\" data-nav-section=\"description\"> <h2>Osad\u017a suwak referencji w GoDaddy za pomoc\u0105 wid\u017cetu Elfsight<\/h2> <p>Wtyczka Slider referencji dla GoDaddy to proste narz\u0119dzie do wy\u015bwietlania opinii klient\u00f3w referencje na Twojej stronie internetowej w najbardziej \u017cywy i atrakcyjny spos\u00f3b. Mo\u017cesz wykorzysta\u0107 dowolny rodzaj informacji zwrotnej, aby stworzy\u0107 wiarygodn\u0105 opini\u0119 zawieraj\u0105c\u0105 imi\u0119 i nazwisko autora, zdj\u0119cie, logo firmy, a nawet adres URL strony internetowej klienta. Zwi\u0119ksz wiarygodno\u015b\u0107 swojego produktu pokazuj\u0105c do\u015bwiadczenia u\u017cytkownik\u00f3w swoich klient\u00f3w i wzmocnij swoj\u0105 reputacj\u0119 prawdziwymi i szczerymi referencjami.<\/p> <p><b>Uczy\u0144 swoje referencje nieskazitelnie wiarygodnymi, wy\u015bwietlaj\u0105c dane prawdziwych autor\u00f3w i linki do profilu na Facebooku!<\/p> b&gt;<\/p> <\/div> <div class=\"application-platform-content-item-features application-platform-content-item\" id=\"features\" data-nav-section=\"features\"> <h2>Przeanalizuj list\u0119 najcenniejszych funkcji: <\/h2> <ul><li>Wypr\u00f3buj 6 adaptacyjnych szablon\u00f3w referencji i znajd\u017a ten, kt\u00f3ry Ci odpowiada potrzebujesz.<\/li><li>Podaj link do strony internetowej autora, aby uzyska\u0107 bardziej rzeteln\u0105 prezentacj\u0119.<\/li><li>Aby doda\u0107 wiarygodno\u015bci, poka\u017c logo firmy autora.<\/li><li> Uk\u0142ady suwak\u00f3w i siatek do szerokiego zakresu zastosowa\u0144.<\/li><li>Strza\u0142ki suwak\u00f3w i opcje paginacji.<\/li><\/ul><p><a href=\"#demo\">Po prostu wypr\u00f3buj t\u0119 wersj\u0119 demonstracyjn\u0105, aby poznaj pe\u0142ny pomys\u0142<\/a><\/p> <\/div> <div class=\"application-platform-content-item-installation application-platform-content-item\" id=\"installation\" data-nav-section=\"installation\"> <h2>Jak osadzi\u0107 suwak referencji na mojej stronie internetowej GoDaddy? <\/h2> <p>Wystarczy wykona\u0107 poni\u017csze kroki, aby osadzi\u0107 narz\u0119dzie. <\/p> <ol><li><b>Skorzystaj z naszej bezp\u0142atnej wersji demonstracyjnej i zacznij budowa\u0107 sw\u00f3j unikalny instrument. <\/b><br> Znajd\u017a preferowan\u0105 form\u0119 i cechy funkcjonalne narz\u0119dzia i zapisz poprawki. <\/li> <li><b>Skopiuj indywidualny kod widoczny w polu aplikacji Elfsight. <\/b><br> Zaraz po wygenerowaniu wtyczki skopiuj ekskluzywny kod z wy\u015bwietlonego pola i zachowaj go na p\u00f3\u017aniej. <\/li> <li><b>Rozpocznij korzystanie z wtyczki w witrynie GoDaddy. <\/b><br> Wstaw zapisany wcze\u015bniej kod na swojej stronie g\u0142\u00f3wnej i zapisz zmiany. <\/li> <li><b>Gotowe! Konfiguracja zosta\u0142a ca\u0142kowicie zako\u0144czona. <\/b><br> Wejd\u017a na swoj\u0105 stron\u0119 i sprawd\u017a dzia\u0142anie narz\u0119dzia. <\/li><\/ol> <p>Je\u015bli masz jakie\u015b komplikacje, nie wahaj si\u0119 skontaktowa\u0107 z naszym dzia\u0142em obs\u0142ugi klienta. Nasi ludzie ch\u0119tnie pomog\u0105 Ci we wszystkich pytaniach zwi\u0105zanych z wtyczk\u0105. <\/p><div class=\"faq\" data-component=\"FAQ\"> <div class=\"faq-item\">\r\n\t\t\t\t\t<div class=\"faq-item-question\">\r\n\t\t\t\t\t\t<h3 class=\"faq-item-question-text\">Jak doda\u0107 suwak referencji do mojej witryny GoDaddy bez umiej\u0119tno\u015bci kodowania?<\/h3>\r\n\r\n\t\t\t\t\t\t<div class=\"faq-item-question-icon\"><\/div>\r\n\t\t\t\t\t<\/div>\r\n\r\n\t\t\t\t\t<div class=\"faq-item-answer\">\r\n\t\t\t\t\t\t<div class=\"faq-item-answer-text\"> <p>Elfsight zapewnia rozwi\u0105zanie SaaS, kt\u00f3re pozwala samodzielnie utworzy\u0107 wid\u017cet suwaka referencji. Zobacz, jak \u0142atwy jest ten proces to: Pracuj bezpo\u015brednio w edytorze online, aby utworzy\u0107 wid\u017cet Suwak referencji, kt\u00f3ry chcesz zobaczy\u0107 w swojej witrynie GoDaddy. Wybierz jeden z gotowych szablon\u00f3w i dostosuj ustawienia suwaka referencji, dodaj tre\u015b\u0107, zmie\u0144 uk\u0142ad i kolory bez umiej\u0119tno\u015bci kodowania. Zapisz suwak Referencje i skopiuj jego kod instalacyjny, kt\u00f3ry mo\u017cesz \u0142atwo osadzi\u0107 na swojej stronie GoDaddy bez konieczno\u015bci kupowania wersji p\u0142atnej. Dzi\u0119ki naszemu intuicyjnemu Edytorowi ka\u017cdy u\u017cytkownik Internetu mo\u017ce stworzy\u0107 wid\u017cet Suwak Referencji online i \u0142atwo osadzi\u0107 go na swojej stronie internetowej GoDaddy. Aby uzyska\u0107 dost\u0119p do us\u0142ugi, nie trzeba p\u0142aci\u0107 ani wprowadza\u0107 danych uwierzytelniaj\u0105cych karty. Je\u015bli na kt\u00f3rymkolwiek etapie napotkasz jakiekolwiek problemy, skontaktuj si\u0119 z naszym zespo\u0142em pomocy technicznej.<\/p> <\/div>\r\n\t\t\t\t\t<\/div>\r\n\t\t\t\t<\/div> <\/div> <\/div>","protected":false},"excerpt":{"rendered":"","protected":false},"author":9,"featured_media":0,"parent":1996,"menu_order":0,"comment_status":"closed","ping_status":"closed","template":"templates\/template-application-platform.php","meta":{"publish_to_discourse":"","publish_post_category":"","wpdc_auto_publish_overridden":"","wpdc_topic_tags":"","wpdc_pin_topic":"","wpdc_pin_until":"","discourse_post_id":"","discourse_permalink":"","wpdc_publishing_response":"","wpdc_publishing_error":"","footnotes":""},"class_list":["post-6838","page","type-page","status-publish","hentry"],"yoast_head":"<!-- This site is optimized with the Yoast SEO plugin v25.3.1 - https:\/\/yoast.com\/wordpress\/plugins\/seo\/ -->\n<title>Suwak Referencji \u2014 dodaj wtyczk\u0119 Slider Referencji do witryny GoDaddy!<\/title>\n<meta name=\"description\" content=\"Umie\u015b\u0107 wtyczk\u0119 Slider Referencji w swojej witrynie GoDaddy, a zyskasz szans\u0119 na rozw\u00f3j swojej firmy i zdobycie wi\u0119kszej liczby recenzji jednym klikni\u0119ciem!\" \/>\n<meta name=\"robots\" content=\"index, follow, max-snippet:-1, max-image-preview:large, max-video-preview:-1\" \/>\n<link rel=\"canonical\" href=\"https:\/\/elfsight.com\/pl\/testimonials-slider-widget\/godaddy\/\" \/>\n<meta property=\"og:locale\" content=\"pl_PL\" \/>\n<meta property=\"og:type\" content=\"article\" \/>\n<meta property=\"og:title\" content=\"Suwak Referencji \u2014 dodaj wtyczk\u0119 Slider Referencji do witryny GoDaddy!\" \/>\n<meta property=\"og:description\" content=\"Umie\u015b\u0107 wtyczk\u0119 Slider Referencji w swojej witrynie GoDaddy, a zyskasz szans\u0119 na rozw\u00f3j swojej firmy i zdobycie wi\u0119kszej liczby recenzji jednym klikni\u0119ciem!\" \/>\n<meta property=\"og:url\" content=\"https:\/\/elfsight.com\/pl\/testimonials-slider-widget\/godaddy\/\" \/>\n<meta property=\"og:site_name\" content=\"Elfsight PL\" \/>\n<meta property=\"article:modified_time\" content=\"2024-09-13T14:02:31+00:00\" \/>\n<meta name=\"twitter:card\" content=\"summary_large_image\" \/>\n<meta name=\"twitter:label1\" content=\"Szacowany czas czytania\" \/>\n\t<meta name=\"twitter:data1\" content=\"3 minuty\" \/>\n<!-- \/ Yoast SEO plugin. -->","yoast_head_json":{"title":"Suwak Referencji \u2014 dodaj wtyczk\u0119 Slider Referencji do witryny GoDaddy!","description":"Umie\u015b\u0107 wtyczk\u0119 Slider Referencji w swojej witrynie GoDaddy, a zyskasz szans\u0119 na rozw\u00f3j swojej firmy i zdobycie wi\u0119kszej liczby recenzji jednym klikni\u0119ciem!","robots":{"index":"index","follow":"follow","max-snippet":"max-snippet:-1","max-image-preview":"max-image-preview:large","max-video-preview":"max-video-preview:-1"},"canonical":"https:\/\/elfsight.com\/pl\/testimonials-slider-widget\/godaddy\/","og_locale":"pl_PL","og_type":"article","og_title":"Suwak Referencji \u2014 dodaj wtyczk\u0119 Slider Referencji do witryny GoDaddy!","og_description":"Umie\u015b\u0107 wtyczk\u0119 Slider Referencji w swojej witrynie GoDaddy, a zyskasz szans\u0119 na rozw\u00f3j swojej firmy i zdobycie wi\u0119kszej liczby recenzji jednym klikni\u0119ciem!","og_url":"https:\/\/elfsight.com\/pl\/testimonials-slider-widget\/godaddy\/","og_site_name":"Elfsight PL","article_modified_time":"2024-09-13T14:02:31+00:00","twitter_card":"summary_large_image","twitter_misc":{"Szacowany czas czytania":"3 minuty"},"schema":{"@context":"https:\/\/schema.org","@graph":[{"@type":"WebPage","@id":"https:\/\/elfsight.com\/pl\/testimonials-slider-widget\/godaddy\/","url":"https:\/\/elfsight.com\/pl\/testimonials-slider-widget\/godaddy\/","name":"Suwak Referencji \u2014 dodaj wtyczk\u0119 Slider Referencji do witryny GoDaddy!","isPartOf":{"@id":"https:\/\/elfsight.com\/pl\/#website"},"datePublished":"1970-01-01T00:00:00+00:00","dateModified":"2024-09-13T14:02:31+00:00","description":"Umie\u015b\u0107 wtyczk\u0119 Slider Referencji w swojej witrynie GoDaddy, a zyskasz szans\u0119 na rozw\u00f3j swojej firmy i zdobycie wi\u0119kszej liczby recenzji jednym klikni\u0119ciem!","breadcrumb":{"@id":"https:\/\/elfsight.com\/pl\/testimonials-slider-widget\/godaddy\/#breadcrumb"},"inLanguage":"pl-PL","potentialAction":[{"@type":"ReadAction","target":["https:\/\/elfsight.com\/pl\/testimonials-slider-widget\/godaddy\/"]}]},{"@type":"BreadcrumbList","@id":"https:\/\/elfsight.com\/pl\/testimonials-slider-widget\/godaddy\/#breadcrumb","itemListElement":[{"@type":"ListItem","position":1,"name":"Home","item":"https:\/\/elfsight.com\/pl\/"},{"@type":"ListItem","position":2,"name":"Testimonials Slider","item":"https:\/\/elfsight.com\/pl\/testimonials-slider-widget\/"},{"@type":"ListItem","position":3,"name":"Testimonials Slider &#8211; GoDaddy"}]},{"@type":"WebSite","@id":"https:\/\/elfsight.com\/pl\/#website","url":"https:\/\/elfsight.com\/pl\/","name":"Elfsight PL","description":"Just another Elfsight Sites site","potentialAction":[{"@type":"SearchAction","target":{"@type":"EntryPoint","urlTemplate":"https:\/\/elfsight.com\/pl\/?s={search_term_string}"},"query-input":{"@type":"PropertyValueSpecification","valueRequired":true,"valueName":"search_term_string"}}],"inLanguage":"pl-PL"}]}},"meta_box":{"industry":"","seo_heading":"","heading":"","description":"","cta_heading":"","cta_description":"","application":"2469","h1":"Wtyczka suwaka referencji GoDaddy","h1_caption":"Ulepsz swoj\u0105 witryn\u0119 dzi\u0119ki niesamowitym opiniom od klient\u00f3w!","application_category":[],"applications_title":"","applications_request_title":"","applications_request_button_text":"","hero_text":"","hero_video":"","hero_video_schema_markup":"","selling_points_title":"","selling_points_caption":"","selling_points":[],"selling_points_cta_text":"","features_title":"","features":"","ed_cta_examples_text":"","ed_cta_examples_hidden":"","ed_cta_demo_text":"","ed_cta_demo_hidden":"","why_caption":"","why_editor_title":"","why_editor_text":"","why_team_title":"","why_team_text":"","why_service_title":"","why_service_text":"","template_catalog_visible":"","template_catalog_title":"","template_catalog_text":"","template_catalog_categories_visible":"","demo_title":"Mo\u017cesz swobodnie kszta\u0142towa\u0107 dostosowany do potrzeb suwak opinii GoDaddy","demo_caption":"Spersonalizuj go i zaimplementuj na swojej stronie g\u0142\u00f3wnej poprzez aktywne demo.","default_faq_hidden":"","app_template_category":[],"platform":"180","template_public_id":"","codecanyon_url":"","codecanyon_item_id":"","codecanyon_price":"","pricing_caption":"","pricing_elfsight_apps_hide_column":"","pricing_elfsight_apps_url":"","pricing_codecanyon_price_caption":"","integration_category":[],"integration_request_title":"","integration_request_cta":"","integration_platform":"","integrations":[],"platform_category":[],"video_schema_markup":"","price":"od 0 USD \/ miesi\u0105c","trial":"","benefits":[{"text":"Bezp\u0142atna us\u0142uga monta\u017cu"},{"text":"Wsparcie premium"},{"text":"14-dniowa gwarancja zwrotu pieni\u0119dzy"}],"button_url":"#demo","button_target_blank":"","button_nofollow":"","attributes":[{"name":"Instaluje"},{"name":"Czu\u0142y"},{"name":"Kompatybilne przegl\u0105darki"}],"tags":[],"tags_disable_links":"","hide_more_platforms":"","video_object":"","demo_hide_cta":"","demo_hide_cloud_options":"","pricing_title":"","pricing":[{"pricing_icon":"platform","pricing_title":"Elfsight Apps","pricing_title_caption":"Oprogramowanie niezale\u017cne od platformy, kt\u00f3re pasuje do ka\u017cdej witryny","pricing_price":"od 0 USD \/ miesi\u0105c","pricing_price_caption":"zacznij od bezp\u0142atnego planu","pricing_benefits":[{"text":"Nielimitowane domeny"},{"text":"Wsparcie firmy premium"},{"text":"Bezp\u0142atna pomoc w instalacji"},{"text":"100% konfigurowalny"}],"pricing_button_text":"Dodaj do witryny","pricing_button_url":"#demo"}],"related_apps_title":"","related_apps_hidden":"","author":"","image":[],"title":"","job":"","social_networks":[]},"_links":{"self":[{"href":"https:\/\/elfsight.com\/pl\/wp-json\/wp\/v2\/pages\/6838","targetHints":{"allow":["GET"]}}],"collection":[{"href":"https:\/\/elfsight.com\/pl\/wp-json\/wp\/v2\/pages"}],"about":[{"href":"https:\/\/elfsight.com\/pl\/wp-json\/wp\/v2\/types\/page"}],"author":[{"embeddable":true,"href":"https:\/\/elfsight.com\/pl\/wp-json\/wp\/v2\/users\/9"}],"replies":[{"embeddable":true,"href":"https:\/\/elfsight.com\/pl\/wp-json\/wp\/v2\/comments?post=6838"}],"version-history":[{"count":1,"href":"https:\/\/elfsight.com\/pl\/wp-json\/wp\/v2\/pages\/6838\/revisions"}],"predecessor-version":[{"id":6842,"href":"https:\/\/elfsight.com\/pl\/wp-json\/wp\/v2\/pages\/6838\/revisions\/6842"}],"up":[{"embeddable":true,"href":"https:\/\/elfsight.com\/pl\/wp-json\/wp\/v2\/pages\/1996"}],"wp:attachment":[{"href":"https:\/\/elfsight.com\/pl\/wp-json\/wp\/v2\/media?parent=6838"}],"curies":[{"name":"wp","href":"https:\/\/api.w.org\/{rel}","templated":true}]}}