{"id":6837,"date":"1970-01-01T00:00:00","date_gmt":"1970-01-01T00:00:00","guid":{"rendered":"https:\/\/elfsight.com\/pl\/?page_id=6837"},"modified":"2024-10-24T13:22:53","modified_gmt":"2024-10-24T13:22:53","slug":"prestashop","status":"publish","type":"page","link":"https:\/\/elfsight.com\/pl\/testimonials-slider-widget\/prestashop\/","title":{"rendered":"Testimonials Slider &#8211; PrestaShop"},"content":{"rendered":"<div class=\"application-platform-content-item-description application-platform-content-item\" id=\"description\" data-nav-section=\"description\"> <h2>Opis<\/h2> <p>Suwak referencji Elfsight dla PrestaShop to prosty widget, kt\u00f3ry pozwala przyci\u0105gn\u0105\u0107 uwag\u0119 u\u017cytkownik\u00f3w poprzez pokazywanie r\u00f3\u017cnych obraz\u00f3w, filmy lub najlepsze oferty na Twojej stronie. Mo\u017cesz u\u017cy\u0107 dowolnej liczby slajd\u00f3w, kt\u00f3re s\u0105 niezb\u0119dne do zaprezentowania towar\u00f3w i zaznaczenia gor\u0105cych ofert. Dodaj efekty specjalne i skaluj rozmiar obrazu\/wideo tak, jak potrzebujesz. Za pomoc\u0105 naszego narz\u0119dzia stworzysz efektowny slider, kt\u00f3ry przyci\u0105gnie uwag\u0119 odwiedzaj\u0105cych witryn\u0119 i nie pozwoli im zbyt wcze\u015bnie opu\u015bci\u0107 Twojej strony. <\/p> <p><b>Zwi\u0119ksz skuteczno\u015b\u0107 swojej witryny pod k\u0105tem cel\u00f3w e-commerce dzi\u0119ki %\u043f\u0440\u043e\u0434\u0443\u043a\u0442%<\/b><\/p> <\/div> <div class=\"application-platform-content-item-features application-platform-content-item\" id=\"features\" data-nav-section=\"features\"> <h2>Oferujemy cenne i szybkie funkcje, sprawd\u017a niekt\u00f3re z nich: <\/h2> <ul><li>Dodaj wezwania do dzia\u0142ania, aby poprowadzi\u0107 u\u017cytkownik\u00f3w do konwersji. <\/li><li>Przyzwyczajaj czas prze\u0142\u0105czania slajd\u00f3w. <\/li><li>Wybieraj spo\u015br\u00f3d wielu wariant\u00f3w. <\/li><li>Umie\u015b\u0107 tekst w dowolnym miejscu na stronie za pomoc\u0105 zaawansowanej pozycji. <\/li><li>Dostosuj pi\u0119\u0107 opcji tre\u015bci. <\/li><\/ul><p><a href=\"#demo\">Sprawd\u017a wszystkie ustawienia w 100% funkcjonalnej wersji demonstracyjnej<\/a><\/p> <\/div> <div class=\"application-platform-content-item-installation application-platform-content-item\" id=\"installation\" data-nav-section=\"installation\"> <h2>Jak mog\u0119 doda\u0107 suwak referencji do mojej strony internetowej PrestaShop? <\/h2> <p>Wystarczy wykona\u0107 kilka krok\u00f3w opisanych poni\u017cej, aby zintegrowa\u0107 dodatek. <\/p> <ol><li><b>Zarz\u0105dzaj naszym bezp\u0142atnym edytorem i zacznij tworzy\u0107 sw\u00f3j w\u0142asny instrument. <\/b><br> Okre\u015bl po\u017c\u0105dany uk\u0142ad i opcje narz\u0119dzia i zapisz zmiany. <\/li> <li><b>Wy\u015bwietl sw\u00f3j osobisty kod w polu aplikacji Elfsight. <\/b><br> Zaraz po utworzeniu osobistego narz\u0119dzia skopiuj ekskluzywny kod z wy\u015bwietlonego wyskakuj\u0105cego okienka i zachowaj go do wykorzystania w przysz\u0142o\u015bci. <\/li> <li><b>Rozpocznij korzystanie z wid\u017cetu na stronie PrestaShop. <\/b><br> Wklej ostatnio skopiowany kod na swoj\u0105 stron\u0119 i zapisz zmiany. <\/li> <li><b>Gotowe! Integracja zosta\u0142a pomy\u015blnie przeprowadzona. <\/b><br> Przejd\u017a na swoj\u0105 stron\u0119 i zobacz, jak dzia\u0142a dodatek. <\/li><\/ol> <p>W przypadku pyta\u0144 lub napotkania problem\u00f3w prosimy zwr\u00f3ci\u0107 si\u0119 do naszego personelu pomocy technicznej. Nasi konsultanci ch\u0119tnie pomog\u0105 Ci we wszystkich problemach, jakie mo\u017cesz mie\u0107 z tym narz\u0119dziem. <\/p> <div class=\"faq\" data-component=\"FAQ\"> <div class=\"faq-item\">\r\n\t\t\t\t\t<div class=\"faq-item-question\">\r\n\t\t\t\t\t\t<h3 class=\"faq-item-question-text\">Jak mog\u0119 doda\u0107 suwak referencji do mojej witryny PrestaShop bez umiej\u0119tno\u015bci kodowania?<\/h3>\r\n\r\n\t\t\t\t\t\t<div class=\"faq-item-question-icon\"><\/div>\r\n\t\t\t\t\t<\/div>\r\n\r\n\t\t\t\t\t<div class=\"faq-item-answer\">\r\n\t\t\t\t\t\t<div class=\"faq-item-answer-text\"> <p>Elfsight zapewnia rozwi\u0105zanie SaaS, kt\u00f3re pozwala na samodzielne utworzenie wid\u017cetu suwaka referencji, przekonaj si\u0119, jak \u0142atwo proces jest nast\u0119puj\u0105cy: Pracuj bezpo\u015brednio w edytorze online, aby utworzy\u0107 wid\u017cet Suwaka Referencji, kt\u00f3ry chcia\u0142by\u015b zobaczy\u0107 na swojej stronie PrestaShop. Wybierz jeden z gotowych szablon\u00f3w i dostosuj ustawienia suwaka referencji, dodaj tre\u015b\u0107, zmie\u0144 uk\u0142ad i kolory bez umiej\u0119tno\u015bci kodowania. Zapisz suwak Referencje i skopiuj jego kod instalacyjny, kt\u00f3ry mo\u017cesz po prostu doda\u0107 na swojej stronie PrestaShop bez konieczno\u015bci kupowania p\u0142atnej subskrypcji. Dzi\u0119ki naszemu intuicyjnemu edytorowi ka\u017cdy u\u017cytkownik Internetu mo\u017ce stworzy\u0107 wid\u017cet Suwak Referencji online i \u0142atwo osadzi\u0107 go na swojej stronie PrestaShop. Aby uzyska\u0107 dost\u0119p do us\u0142ugi, nie trzeba p\u0142aci\u0107 ani wprowadza\u0107 danych uwierzytelniaj\u0105cych karty. Je\u015bli na kt\u00f3rymkolwiek etapie napotkasz jakiekolwiek problemy, skontaktuj si\u0119 z naszym zespo\u0142em pomocy technicznej.<\/p> <\/div>\r\n\t\t\t\t\t<\/div>\r\n\t\t\t\t<\/div> <\/div> <\/div><p><\/p>","protected":false},"excerpt":{"rendered":"","protected":false},"author":9,"featured_media":0,"parent":1996,"menu_order":0,"comment_status":"closed","ping_status":"closed","template":"templates\/template-application-platform.php","meta":{"publish_to_discourse":"","publish_post_category":"","wpdc_auto_publish_overridden":"","wpdc_topic_tags":"","wpdc_pin_topic":"","wpdc_pin_until":"","discourse_post_id":"","discourse_permalink":"","wpdc_publishing_response":"","wpdc_publishing_error":"","footnotes":""},"class_list":["post-6837","page","type-page","status-publish","hentry"],"yoast_head":"<!-- This site is optimized with the Yoast SEO plugin v25.3.1 - https:\/\/yoast.com\/wordpress\/plugins\/seo\/ -->\n<title>Suwak referencji \u2013 dodaj wid\u017cet referencji do witryny Squarespace<\/title>\n<meta name=\"description\" content=\"Sprawd\u017a najlepszy widget suwaka referencji dla SquareSpace za darmo. Natychmiastowa integracja bez specjalistycznej wiedzy z zakresu tworzenia stron internetowych w ci\u0105gu zaledwie kilku minut.\" \/>\n<meta name=\"robots\" content=\"index, follow, max-snippet:-1, max-image-preview:large, max-video-preview:-1\" \/>\n<link rel=\"canonical\" href=\"https:\/\/elfsight.com\/pl\/testimonials-slider-widget\/prestashop\/\" \/>\n<meta property=\"og:locale\" content=\"pl_PL\" \/>\n<meta property=\"og:type\" content=\"article\" \/>\n<meta property=\"og:title\" content=\"Suwak referencji \u2013 dodaj wid\u017cet referencji do witryny Squarespace\" \/>\n<meta property=\"og:description\" content=\"Sprawd\u017a najlepszy widget suwaka referencji dla SquareSpace za darmo. Natychmiastowa integracja bez specjalistycznej wiedzy z zakresu tworzenia stron internetowych w ci\u0105gu zaledwie kilku minut.\" \/>\n<meta property=\"og:url\" content=\"https:\/\/elfsight.com\/pl\/testimonials-slider-widget\/prestashop\/\" \/>\n<meta property=\"og:site_name\" content=\"Elfsight PL\" \/>\n<meta property=\"article:modified_time\" content=\"2024-10-24T13:22:53+00:00\" \/>\n<meta name=\"twitter:card\" content=\"summary_large_image\" \/>\n<meta name=\"twitter:label1\" content=\"Szacowany czas czytania\" \/>\n\t<meta name=\"twitter:data1\" content=\"3 minuty\" \/>\n<!-- \/ Yoast SEO plugin. -->","yoast_head_json":{"title":"Suwak referencji \u2013 dodaj wid\u017cet referencji do witryny Squarespace","description":"Sprawd\u017a najlepszy widget suwaka referencji dla SquareSpace za darmo. Natychmiastowa integracja bez specjalistycznej wiedzy z zakresu tworzenia stron internetowych w ci\u0105gu zaledwie kilku minut.","robots":{"index":"index","follow":"follow","max-snippet":"max-snippet:-1","max-image-preview":"max-image-preview:large","max-video-preview":"max-video-preview:-1"},"canonical":"https:\/\/elfsight.com\/pl\/testimonials-slider-widget\/prestashop\/","og_locale":"pl_PL","og_type":"article","og_title":"Suwak referencji \u2013 dodaj wid\u017cet referencji do witryny Squarespace","og_description":"Sprawd\u017a najlepszy widget suwaka referencji dla SquareSpace za darmo. Natychmiastowa integracja bez specjalistycznej wiedzy z zakresu tworzenia stron internetowych w ci\u0105gu zaledwie kilku minut.","og_url":"https:\/\/elfsight.com\/pl\/testimonials-slider-widget\/prestashop\/","og_site_name":"Elfsight PL","article_modified_time":"2024-10-24T13:22:53+00:00","twitter_card":"summary_large_image","twitter_misc":{"Szacowany czas czytania":"3 minuty"},"schema":{"@context":"https:\/\/schema.org","@graph":[{"@type":"WebPage","@id":"https:\/\/elfsight.com\/pl\/testimonials-slider-widget\/prestashop\/","url":"https:\/\/elfsight.com\/pl\/testimonials-slider-widget\/prestashop\/","name":"Suwak referencji \u2013 dodaj wid\u017cet referencji do witryny Squarespace","isPartOf":{"@id":"https:\/\/elfsight.com\/pl\/#website"},"datePublished":"1970-01-01T00:00:00+00:00","dateModified":"2024-10-24T13:22:53+00:00","description":"Sprawd\u017a najlepszy widget suwaka referencji dla SquareSpace za darmo. Natychmiastowa integracja bez specjalistycznej wiedzy z zakresu tworzenia stron internetowych w ci\u0105gu zaledwie kilku minut.","breadcrumb":{"@id":"https:\/\/elfsight.com\/pl\/testimonials-slider-widget\/prestashop\/#breadcrumb"},"inLanguage":"pl-PL","potentialAction":[{"@type":"ReadAction","target":["https:\/\/elfsight.com\/pl\/testimonials-slider-widget\/prestashop\/"]}]},{"@type":"BreadcrumbList","@id":"https:\/\/elfsight.com\/pl\/testimonials-slider-widget\/prestashop\/#breadcrumb","itemListElement":[{"@type":"ListItem","position":1,"name":"Home","item":"https:\/\/elfsight.com\/pl\/"},{"@type":"ListItem","position":2,"name":"Testimonials Slider","item":"https:\/\/elfsight.com\/pl\/testimonials-slider-widget\/"},{"@type":"ListItem","position":3,"name":"Testimonials Slider &#8211; PrestaShop"}]},{"@type":"WebSite","@id":"https:\/\/elfsight.com\/pl\/#website","url":"https:\/\/elfsight.com\/pl\/","name":"Elfsight PL","description":"Just another Elfsight Sites site","potentialAction":[{"@type":"SearchAction","target":{"@type":"EntryPoint","urlTemplate":"https:\/\/elfsight.com\/pl\/?s={search_term_string}"},"query-input":{"@type":"PropertyValueSpecification","valueRequired":true,"valueName":"search_term_string"}}],"inLanguage":"pl-PL"}]}},"meta_box":{"industry":"","seo_heading":"","heading":"","description":"","cta_heading":"","cta_description":"","application":"2469","h1":"Dodatek Suwaka Referencji dla PrestaShop","h1_caption":"Wy\u015bwietlaj referencje klient\u00f3w na obrotowym suwaku, aby bez wysi\u0142ku budowa\u0107 wiarygodno\u015b\u0107 i prezentowa\u0107 pozytywne opinie na swojej stronie Prestashop.","application_category":[],"applications_title":"","applications_request_title":"","applications_request_button_text":"","hero_text":"","hero_video":"","hero_video_schema_markup":"","selling_points_title":"","selling_points_caption":"","selling_points":[],"selling_points_cta_text":"","features_title":"","features":"","ed_cta_examples_text":"","ed_cta_examples_hidden":"","ed_cta_demo_text":"","ed_cta_demo_hidden":"","why_caption":"","why_editor_title":"","why_editor_text":"","why_team_title":"","why_team_text":"","why_service_title":"","why_service_text":"","template_catalog_visible":"","template_catalog_title":"","template_catalog_text":"","template_catalog_categories_visible":"","demo_title":"Skonfiguruj suwak referencji SquareSpace w zaledwie 1 minut\u0119","demo_caption":"Nasze demo na \u017cywo pomo\u017ce Ci zaprojektowa\u0107 wid\u017cet Referencje za pomoc\u0105 3 klikni\u0119\u0107. Przetestuj sam i przekonaj si\u0119, \u017ce jest to \u0142atwe i szybkie.","default_faq_hidden":"","app_template_category":[],"platform":"586","template_public_id":"","codecanyon_url":"","codecanyon_item_id":"","codecanyon_price":"","pricing_caption":"","pricing_elfsight_apps_hide_column":"","pricing_elfsight_apps_url":"","pricing_codecanyon_price_caption":"","integration_category":[],"integration_request_title":"","integration_request_cta":"","integration_platform":"","integrations":[],"platform_category":[],"video_schema_markup":"","price":"od 0 USD \/ miesi\u0105c","trial":"","benefits":[{"text":"Bezp\u0142atna pomoc w monta\u017cu"},{"text":"Wyj\u0105tkowe wsparcie"},{"text":"14-dniowa gwarancja zwrotu pieni\u0119dzy"}],"button_url":"#demo","button_target_blank":"","button_nofollow":"","attributes":[{"name":"Instaluje"},{"name":"Czu\u0142y"},{"name":"Kompatybilne przegl\u0105darki"}],"tags":[],"tags_disable_links":"","hide_more_platforms":"","video_object":"","demo_hide_cta":"","demo_hide_cloud_options":"","pricing_title":"","pricing":[{"pricing_icon":"platform","pricing_title":"Elfsight Apps","pricing_title_caption":"Wersja wieloplatformowa, kt\u00f3ra dzia\u0142a na dowolnej witrynie","pricing_price":"od 0 USD \/ miesi\u0105c","pricing_price_caption":"zacznij od bezp\u0142atnego planu","pricing_benefits":[{"text":"Nielimitowane domeny"},{"text":"Dedykowana obs\u0142uga klienta i dobrze udokumentowana"},{"text":"Bezp\u0142atna us\u0142uga monta\u017cu"},{"text":"W pe\u0142ni konfigurowalny"}],"pricing_button_text":"Dodaj do witryny","pricing_button_url":"#demo"}],"related_apps_title":"","related_apps_hidden":"","author":"","image":[],"title":"","job":"","social_networks":[]},"_links":{"self":[{"href":"https:\/\/elfsight.com\/pl\/wp-json\/wp\/v2\/pages\/6837","targetHints":{"allow":["GET"]}}],"collection":[{"href":"https:\/\/elfsight.com\/pl\/wp-json\/wp\/v2\/pages"}],"about":[{"href":"https:\/\/elfsight.com\/pl\/wp-json\/wp\/v2\/types\/page"}],"author":[{"embeddable":true,"href":"https:\/\/elfsight.com\/pl\/wp-json\/wp\/v2\/users\/9"}],"replies":[{"embeddable":true,"href":"https:\/\/elfsight.com\/pl\/wp-json\/wp\/v2\/comments?post=6837"}],"version-history":[{"count":1,"href":"https:\/\/elfsight.com\/pl\/wp-json\/wp\/v2\/pages\/6837\/revisions"}],"predecessor-version":[{"id":6841,"href":"https:\/\/elfsight.com\/pl\/wp-json\/wp\/v2\/pages\/6837\/revisions\/6841"}],"up":[{"embeddable":true,"href":"https:\/\/elfsight.com\/pl\/wp-json\/wp\/v2\/pages\/1996"}],"wp:attachment":[{"href":"https:\/\/elfsight.com\/pl\/wp-json\/wp\/v2\/media?parent=6837"}],"curies":[{"name":"wp","href":"https:\/\/api.w.org\/{rel}","templated":true}]}}