{"id":6832,"date":"1970-01-01T00:00:00","date_gmt":"1970-01-01T00:00:00","guid":{"rendered":"https:\/\/elfsight.com\/pl\/?page_id=6832"},"modified":"2024-10-24T13:23:02","modified_gmt":"2024-10-24T13:23:02","slug":"jimdo","status":"publish","type":"page","link":"https:\/\/elfsight.com\/pl\/testimonials-slider-widget\/jimdo\/","title":{"rendered":"Testimonials Slider &#8211; Jimdo"},"content":{"rendered":"<div class=\"application-platform-content-item-description application-platform-content-item\" id=\"description\" data-nav-section=\"description\"><h2>Opis<\/h2> <p>Suwak referencji \u2013 prosta wtyczka s\u0142u\u017c\u0105ca do prezentowania opinii u\u017cytkownik\u00f3w na Twojej osobistej stronie. Mo\u017cesz zamie\u015bci\u0107 r\u00f3\u017cne rodzaje dowod\u00f3w spo\u0142eczno\u015bciowych, aby recenzje by\u0142y godne zaufania: imi\u0119 i nazwisko autora, zdj\u0119cie, symbol organizacji, a nawet link do strony. Zwi\u0119ksz zaufanie do swoich produkt\u00f3w, przedstawiaj\u0105c odwiedzaj\u0105cym swoje prawdziwe i szczere referencje.<\/p><p><b>Dzi\u0119ki suwakowi referencji mo\u017cesz zaobserwowa\u0107 solidny rozw\u00f3j firmy i zwi\u0119kszy\u0107 sprzeda\u017c <\/b><\/p> <\/div> <div class=\"application-platform-content-item-features application-platform-content-item\" id=\"features\" data-nav-section=\"features\"> <h2>Przejrzyj list\u0119 najwa\u017cniejszych funkcji: <\/h2> <ul><li><b>Zmie\u0144 swoje referencje w bezb\u0142\u0119dnie godne zaufania<\/b><br>Ujawnij maksimum informacji o autorze wszystkie recenzje, w tym: imi\u0119 i nazwisko, firma, stanowisko, udowadniaj\u0105 czytelnikom, \u017ce widz\u0105 referencje prawdziwych ludzi. <\/li><li><b>Motywuj czytelnik\u00f3w do zakupu<\/b><br>Pokazywanie prawdziwych recenzji u\u017cytkownik\u00f3w za pomoc\u0105 szcz\u0119\u015bliwej historii przekonuje czytelnik\u00f3w do dzielenia si\u0119 wra\u017ceniami i motywuje ich do zakupu i zwi\u0119kszania poziomu konwersji. <\/li><li><b>Silny dow\u00f3d spo\u0142eczny<\/b><br>Link z recenzji do Facebooka, Instagrama lub strony autora to dla u\u017cytkownik\u00f3w bardzo przekonuj\u0105cy punkt, kt\u00f3ry podniesie wiarygodno\u015b\u0107 i udowodni, \u017ce Tw\u00f3j biznes istnieje. <\/li><li><b>Zwi\u0119ksz konwersj\u0119 nawet o 200%<\/b><br>Uczy\u0144 swoje recenzje ostatnim argumentem, dodaj\u0105c je tam, gdzie u\u017cytkownicy podejmuj\u0105 decyzj\u0119 o zam\u00f3wieniu lub pobraniu. <\/li><li><b>Zwi\u0119ksz zaufanie do swojej witryny<\/b><br>Dodaj referencje swoich klient\u00f3w na stronie internetowej i dodaj przypadki doskona\u0142ej obs\u0142ugi klienta, aby wzmocni\u0107 zaufanie do Twojej firmy. <\/li><\/ul><p><a href=\"#demo\">Przetestuj wszystkie funkcje personalizacji w pe\u0142nej wersji demonstracyjnej<\/a><\/p> <\/div> <div class=\"application-platform-content-item-installation application-platform-content-item\" id=\"installation\" data-nav-section=\"installation\"> <h2>Jak doda\u0107 suwak referencji do strony internetowej Jimdo? <\/h2> <p>Wystarczy wykona\u0107 poni\u017csze wskaz\u00f3wki, aby rozpocz\u0105\u0107 korzystanie z narz\u0119dzia. <\/p> <ol><li><b>Zarz\u0105dzaj nasz\u0105 bezp\u0142atn\u0105 wersj\u0105 demonstracyjn\u0105 i zacznij tworzy\u0107 niestandardowy widget. <\/b><br> Okre\u015bl preferowany wygl\u0105d i opcje narz\u0119dzia oraz zastosuj poprawki. <\/li> <li><b>Wy\u015bwietl sw\u00f3j indywidualny kod w oknie aplikacji Elfsight. <\/b><br> Po zako\u0144czeniu dostosowywania wid\u017cetu skopiuj ekskluzywny kod w oknie i zachowaj go do p\u00f3\u017aniejszego wykorzystania. <\/li> <li><b>Wpisz ch\u0119\u0107 korzystania z narz\u0119dzia na stronie Jimdo. <\/b><br> Umie\u015b\u0107 skopiowany ostatnio kod na swojej stronie internetowej i zastosuj zmiany. <\/li> <li><b>Gotowe! Osadzanie zosta\u0142o pomy\u015blnie wykonane. <\/b><br> Odwied\u017a swoj\u0105 stron\u0119 internetow\u0105, aby sprawdzi\u0107 dzia\u0142anie widgetu. <\/li><\/ol> <p>W przypadku napotkania trudno\u015bci nie wahaj si\u0119 skontaktowa\u0107 z naszym personelem pomocy technicznej. Nasi ludzie z przyjemno\u015bci\u0105 pomog\u0105 Ci we wszystkich trudno\u015bciach, jakie mo\u017cesz mie\u0107 z wid\u017cetem. <\/p> <div class=\"faq\" data-component=\"FAQ\"> <div class=\"faq-item\">\r\n\t\t\t\t\t<div class=\"faq-item-question\">\r\n\t\t\t\t\t\t<h3 class=\"faq-item-question-text\">Jak mog\u0119 doda\u0107 suwak referencji do mojej witryny Jimdo bez umiej\u0119tno\u015bci kodowania?<\/h3>\r\n\r\n\t\t\t\t\t\t<div class=\"faq-item-question-icon\"><\/div>\r\n\t\t\t\t\t<\/div>\r\n\r\n\t\t\t\t\t<div class=\"faq-item-answer\">\r\n\t\t\t\t\t\t<div class=\"faq-item-answer-text\"> <p>Elfsight zapewnia rozwi\u0105zanie SaaS, kt\u00f3re pozwala na samodzielne utworzenie wid\u017cetu suwaka referencji. Zobacz, jak \u0142atwo jest to zrobi\u0107 proces jest nast\u0119puj\u0105cy: Pracuj bezpo\u015brednio w edytorze online, aby utworzy\u0107 wid\u017cet Suwaka Referencji, kt\u00f3ry chcia\u0142by\u015b zobaczy\u0107 na swojej stronie internetowej Jimdo. Wybierz jeden z gotowych szablon\u00f3w i dostosuj ustawienia suwaka referencji, dodaj tre\u015b\u0107, zmie\u0144 uk\u0142ad i schemat kolor\u00f3w bez umiej\u0119tno\u015bci kodowania. Zapisz suwak Referencje i skopiuj jego kod instalacyjny, kt\u00f3ry mo\u017cesz bez wysi\u0142ku wklei\u0107 na swojej stronie Jimdo, bez konieczno\u015bci kupowania p\u0142atnej subskrypcji. Dzi\u0119ki naszemu intuicyjnemu edytorowi ka\u017cdy u\u017cytkownik Internetu mo\u017ce stworzy\u0107 wid\u017cet Suwak Referencji online i \u0142atwo osadzi\u0107 go na swojej stronie internetowej Jimdo. Aby uzyska\u0107 dost\u0119p do us\u0142ugi, nie trzeba p\u0142aci\u0107 ani wprowadza\u0107 danych uwierzytelniaj\u0105cych karty. Je\u015bli na kt\u00f3rymkolwiek etapie napotkasz jakiekolwiek problemy, skontaktuj si\u0119 z naszym zespo\u0142em pomocy technicznej.<\/p> <\/div>\r\n\t\t\t\t\t<\/div>\r\n\t\t\t\t<\/div> <\/div> <\/div><p><\/p>","protected":false},"excerpt":{"rendered":"","protected":false},"author":9,"featured_media":0,"parent":1996,"menu_order":0,"comment_status":"closed","ping_status":"closed","template":"templates\/template-application-platform.php","meta":{"publish_to_discourse":"","publish_post_category":"","wpdc_auto_publish_overridden":"","wpdc_topic_tags":"","wpdc_pin_topic":"","wpdc_pin_until":"","discourse_post_id":"","discourse_permalink":"","wpdc_publishing_response":"","wpdc_publishing_error":"","footnotes":""},"class_list":["post-6832","page","type-page","status-publish","hentry"],"yoast_head":"<!-- This site is optimized with the Yoast SEO plugin v25.3.1 - https:\/\/yoast.com\/wordpress\/plugins\/seo\/ -->\n<title>Suwak Referencji \u2013 Dodaj wid\u017cet Referencji do strony internetowej Jimdo<\/title>\n<meta name=\"description\" content=\"Sprawd\u017a najlepszy widget Testimonial Slider dla Jimdo za darmo. Integracja bez specjalistycznej wiedzy z zakresu tworzenia stron internetowych w zaledwie kilka minut.\" \/>\n<meta name=\"robots\" content=\"index, follow, max-snippet:-1, max-image-preview:large, max-video-preview:-1\" \/>\n<link rel=\"canonical\" href=\"https:\/\/elfsight.com\/pl\/testimonials-slider-widget\/jimdo\/\" \/>\n<meta property=\"og:locale\" content=\"pl_PL\" \/>\n<meta property=\"og:type\" content=\"article\" \/>\n<meta property=\"og:title\" content=\"Suwak Referencji \u2013 Dodaj wid\u017cet Referencji do strony internetowej Jimdo\" \/>\n<meta property=\"og:description\" content=\"Sprawd\u017a najlepszy widget Testimonial Slider dla Jimdo za darmo. Integracja bez specjalistycznej wiedzy z zakresu tworzenia stron internetowych w zaledwie kilka minut.\" \/>\n<meta property=\"og:url\" content=\"https:\/\/elfsight.com\/pl\/testimonials-slider-widget\/jimdo\/\" \/>\n<meta property=\"og:site_name\" content=\"Elfsight PL\" \/>\n<meta property=\"article:modified_time\" content=\"2024-10-24T13:23:02+00:00\" \/>\n<meta name=\"twitter:card\" content=\"summary_large_image\" \/>\n<meta name=\"twitter:label1\" content=\"Szacowany czas czytania\" \/>\n\t<meta name=\"twitter:data1\" content=\"3 minuty\" \/>\n<!-- \/ Yoast SEO plugin. -->","yoast_head_json":{"title":"Suwak Referencji \u2013 Dodaj wid\u017cet Referencji do strony internetowej Jimdo","description":"Sprawd\u017a najlepszy widget Testimonial Slider dla Jimdo za darmo. Integracja bez specjalistycznej wiedzy z zakresu tworzenia stron internetowych w zaledwie kilka minut.","robots":{"index":"index","follow":"follow","max-snippet":"max-snippet:-1","max-image-preview":"max-image-preview:large","max-video-preview":"max-video-preview:-1"},"canonical":"https:\/\/elfsight.com\/pl\/testimonials-slider-widget\/jimdo\/","og_locale":"pl_PL","og_type":"article","og_title":"Suwak Referencji \u2013 Dodaj wid\u017cet Referencji do strony internetowej Jimdo","og_description":"Sprawd\u017a najlepszy widget Testimonial Slider dla Jimdo za darmo. Integracja bez specjalistycznej wiedzy z zakresu tworzenia stron internetowych w zaledwie kilka minut.","og_url":"https:\/\/elfsight.com\/pl\/testimonials-slider-widget\/jimdo\/","og_site_name":"Elfsight PL","article_modified_time":"2024-10-24T13:23:02+00:00","twitter_card":"summary_large_image","twitter_misc":{"Szacowany czas czytania":"3 minuty"},"schema":{"@context":"https:\/\/schema.org","@graph":[{"@type":"WebPage","@id":"https:\/\/elfsight.com\/pl\/testimonials-slider-widget\/jimdo\/","url":"https:\/\/elfsight.com\/pl\/testimonials-slider-widget\/jimdo\/","name":"Suwak Referencji \u2013 Dodaj wid\u017cet Referencji do strony internetowej Jimdo","isPartOf":{"@id":"https:\/\/elfsight.com\/pl\/#website"},"datePublished":"1970-01-01T00:00:00+00:00","dateModified":"2024-10-24T13:23:02+00:00","description":"Sprawd\u017a najlepszy widget Testimonial Slider dla Jimdo za darmo. Integracja bez specjalistycznej wiedzy z zakresu tworzenia stron internetowych w zaledwie kilka minut.","breadcrumb":{"@id":"https:\/\/elfsight.com\/pl\/testimonials-slider-widget\/jimdo\/#breadcrumb"},"inLanguage":"pl-PL","potentialAction":[{"@type":"ReadAction","target":["https:\/\/elfsight.com\/pl\/testimonials-slider-widget\/jimdo\/"]}]},{"@type":"BreadcrumbList","@id":"https:\/\/elfsight.com\/pl\/testimonials-slider-widget\/jimdo\/#breadcrumb","itemListElement":[{"@type":"ListItem","position":1,"name":"Home","item":"https:\/\/elfsight.com\/pl\/"},{"@type":"ListItem","position":2,"name":"Testimonials Slider","item":"https:\/\/elfsight.com\/pl\/testimonials-slider-widget\/"},{"@type":"ListItem","position":3,"name":"Testimonials Slider &#8211; Jimdo"}]},{"@type":"WebSite","@id":"https:\/\/elfsight.com\/pl\/#website","url":"https:\/\/elfsight.com\/pl\/","name":"Elfsight PL","description":"Just another Elfsight Sites site","potentialAction":[{"@type":"SearchAction","target":{"@type":"EntryPoint","urlTemplate":"https:\/\/elfsight.com\/pl\/?s={search_term_string}"},"query-input":{"@type":"PropertyValueSpecification","valueRequired":true,"valueName":"search_term_string"}}],"inLanguage":"pl-PL"}]}},"meta_box":{"industry":"","seo_heading":"","heading":"","description":"","cta_heading":"","cta_description":"","application":"2469","h1":"Widget Suwak Referencje dla Jimdo","h1_caption":"Wy\u015bwietlaj referencje klient\u00f3w na obrotowym suwaku, aby bez wysi\u0142ku budowa\u0107 wiarygodno\u015b\u0107 i prezentowa\u0107 pozytywne opinie na swojej stronie internetowej Jimdo.","application_category":[],"applications_title":"","applications_request_title":"","applications_request_button_text":"","hero_text":"","hero_video":"","hero_video_schema_markup":"","selling_points_title":"","selling_points_caption":"","selling_points":[],"selling_points_cta_text":"","features_title":"","features":"","ed_cta_examples_text":"","ed_cta_examples_hidden":"","ed_cta_demo_text":"","ed_cta_demo_hidden":"","why_caption":"","why_editor_title":"","why_editor_text":"","why_team_title":"","why_team_text":"","why_service_title":"","why_service_text":"","template_catalog_visible":"","template_catalog_title":"","template_catalog_text":"","template_catalog_categories_visible":"","demo_title":"Nie wahaj si\u0119 i utw\u00f3rz suwak referencji Jimdo","demo_caption":"Spersonalizuj wid\u017cet i zintegruj wid\u017cet ze swoj\u0105 stron\u0105 g\u0142\u00f3wn\u0105, korzystaj\u0105c z wersji demonstracyjnej.","default_faq_hidden":"","app_template_category":[],"platform":"193","template_public_id":"","codecanyon_url":"","codecanyon_item_id":"","codecanyon_price":"","pricing_caption":"","pricing_elfsight_apps_hide_column":"","pricing_elfsight_apps_url":"","pricing_codecanyon_price_caption":"","integration_category":[],"integration_request_title":"","integration_request_cta":"","integration_platform":"","integrations":[],"platform_category":[],"video_schema_markup":"","price":"od 0 USD \/ miesi\u0105c","trial":"","benefits":[{"text":"Bezp\u0142atna pomoc w monta\u017cu"},{"text":"Do\u015bwiadczona obs\u0142uga klienta"},{"text":"14-dniowa gwarancja zwrotu pieni\u0119dzy"}],"button_url":"#demo","button_target_blank":"","button_nofollow":"","attributes":[{"name":"Instaluje"},{"name":"Czu\u0142y"},{"name":"Kompatybilne przegl\u0105darki"}],"tags":[],"tags_disable_links":"","hide_more_platforms":"","video_object":"","demo_hide_cta":"","demo_hide_cloud_options":"","pricing_title":"","pricing":[{"pricing_icon":"platform","pricing_title":"Elfsight Apps","pricing_title_caption":"Rozwi\u0105zanie niezale\u017cne od platformy, kt\u00f3re dzia\u0142a na ka\u017cdej witrynie","pricing_price":"od 0 USD \/ miesi\u0105c","pricing_price_caption":"zacznij od bezp\u0142atnego planu","pricing_benefits":[{"text":"Nielimitowane domeny"},{"text":"Profesjonalne wsparcie firmy"},{"text":"Bezp\u0142atna pomoc w monta\u017cu"},{"text":"100% konfigurowalny"}],"pricing_button_text":"Dodaj do witryny","pricing_button_url":"#demo"}],"related_apps_title":"","related_apps_hidden":"","author":"","image":[],"title":"","job":"","social_networks":[]},"_links":{"self":[{"href":"https:\/\/elfsight.com\/pl\/wp-json\/wp\/v2\/pages\/6832","targetHints":{"allow":["GET"]}}],"collection":[{"href":"https:\/\/elfsight.com\/pl\/wp-json\/wp\/v2\/pages"}],"about":[{"href":"https:\/\/elfsight.com\/pl\/wp-json\/wp\/v2\/types\/page"}],"author":[{"embeddable":true,"href":"https:\/\/elfsight.com\/pl\/wp-json\/wp\/v2\/users\/9"}],"replies":[{"embeddable":true,"href":"https:\/\/elfsight.com\/pl\/wp-json\/wp\/v2\/comments?post=6832"}],"version-history":[{"count":1,"href":"https:\/\/elfsight.com\/pl\/wp-json\/wp\/v2\/pages\/6832\/revisions"}],"predecessor-version":[{"id":6836,"href":"https:\/\/elfsight.com\/pl\/wp-json\/wp\/v2\/pages\/6832\/revisions\/6836"}],"up":[{"embeddable":true,"href":"https:\/\/elfsight.com\/pl\/wp-json\/wp\/v2\/pages\/1996"}],"wp:attachment":[{"href":"https:\/\/elfsight.com\/pl\/wp-json\/wp\/v2\/media?parent=6832"}],"curies":[{"name":"wp","href":"https:\/\/api.w.org\/{rel}","templated":true}]}}