{"id":6829,"date":"2024-05-03T06:50:40","date_gmt":"2024-05-03T06:50:40","guid":{"rendered":"https:\/\/elfsight.com\/pl\/?page_id=6829"},"modified":"2025-06-25T08:54:42","modified_gmt":"2025-06-25T08:54:42","slug":"blogger","status":"publish","type":"page","link":"https:\/\/elfsight.com\/pl\/telegram-chat-widget\/blogger\/","title":{"rendered":"Telegram Chat &#8211; Blogger"},"content":{"rendered":"<div class=\"application-platform-content-item-description application-platform-content-item\" id=\"description\" data-nav-section=\"description\">\n<h2>Opis<\/h2>\n<p>Wid\u017cet Telegramu stworzony przez Elfsight to prosta metoda, dzi\u0119ki kt\u00f3rej odwiedzaj\u0105cy Twoj\u0105 witryn\u0119 mog\u0105 z Tob\u0105 rozmawia\u0107 i zadawa\u0107 pytania, na kt\u00f3re uzyskaj\u0105 odpowied\u017a. Mo\u017cesz pozosta\u0107 dost\u0119pny dla widz\u00f3w w ich ulubionym komunikatorze przez ca\u0142y dzie\u0144. Umie\u015b\u0107 czat Telegram w sklepie, a b\u0119dzie on wy\u015bwietlany na okre\u015blonych stronach lub dla okre\u015blonych kategorii odbiorc\u00f3w, ustal wyzwalacze czatu pocz\u0105tkowego, wy\u015bwietl osobist\u0105 wiadomo\u015b\u0107 powitaln\u0105, wybierz ikony i zastosuj inne dostosowania. Korzystaj\u0105c z czatu Telegram dzia\u0142aj\u0105cego na stronie internetowej, b\u0119dziesz \u0142atwo dost\u0119pny dla swoich klient\u00f3w przez ca\u0142y czas i z dowolnego miejsca.<\/p>\n<p><b>To jeden z naj\u0142atwiejszych sposob\u00f3w, w jaki ludzie mog\u0105 si\u0119 do Ciebie zwr\u00f3ci\u0107 i uzyska\u0107 ich problemy zosta\u0142y rozwi\u0105zane!<\/b><\/p>\n<\/div>\n\n<div class=\"application-platform-content-item-features application-platform-content-item\" id=\"features\" data-nav-section=\"features\">\n<h2>Funkcje<\/h2>\n<p>Zobacz wszystkie funkcje czatu Telegram. S\u0105 one dost\u0119pne bezpo\u015brednio w edytorze i pomog\u0105 Ci skonfigurowa\u0107 wid\u017cet najbardziej odpowiedni do Twojego przypadku u\u017cycia.<\/p>\n<ul>\n    <li>Zintegruj komunikator Telegram na swojej stronie internetowej, aby m\u00f3c rozmawia\u0107 z u\u017cytkownikami;<\/li>\n    <li>3 rodzaje pozycji czatu: p\u0142ywaj\u0105ca ba\u0144ka, osadzana ba\u0144ka i osadzane okno czatu;<\/li>\n    <li>Biblioteka ikon dymk\u00f3w do wyboru;<\/li>\n    <li>Edytowalny tekst w dymku;<\/li>\n    <li>Nag\u0142\u00f3wek elastycznego czatu z logo strony, nazw\u0105 i podpisem.<\/li>\n<\/ul>\n<p><a href=\"#demo\">Sprawd\u017a, jak dzia\u0142aj\u0105 wszystkie funkcje, w naszej wersji demonstracyjnej<\/a><\/p>\n<\/div>\n\n<div class=\"application-platform-content-item-installation application-platform-content-item\" id=\"installation\" data-nav-section=\"installation\">\n<h2>Jak zintegrowa\u0107 okno czatu Telegram z moj\u0105 witryn\u0105 Bloggera?<\/h2>\n<div class=\"video-container\"><iframe width=\"720\" height=\"405\" src=\"https:\/\/www.youtube.com\/embed\/O-QvUNksNGA\" frameborder=\"0\" allowfullscreen><\/iframe><\/div>\n<p>Aby doda\u0107 wid\u017cet, post\u0119puj zgodnie z poni\u017cszymi instrukcjami.<\/p>\n<ol>\n    <li><b>Wygeneruj niestandardowy wid\u017cet Telegramu<\/b><br>Korzystaj\u0105c z naszej bezp\u0142atnej wersji demonstracyjnej, utw\u00f3rz wtyczk\u0119 o preferowanym wygl\u0105dzie i funkcjonalno\u015bci.<\/li>\n    <li><b>Uzyskaj osobisty kod do osadzenia wid\u017cetu<\/b><br>Po utworzeniu wid\u017cetu otrzymasz kod instalacyjny z wy\u015bwietlonego okna aplikacji Elfsight. Skopiuj ten kod do dalszego wykorzystania.<\/li>\n    <li><b>Opublikuj wid\u017cet na swojej stronie Bloggera<\/b><br>Znajd\u017a obszar, w kt\u00f3rym chcesz wy\u015bwietli\u0107 wtyczk\u0119, i wklej tam skopiowany kod. Opublikuj zmiany.<\/li>\n    <li><b>Instalacja zosta\u0142a uko\u0144czona<\/b><br>Wejd\u017a na stron\u0119, aby zobaczy\u0107 swoj\u0105 prac\u0119.<\/li>\n<\/ol>\n<p>Po\u015bwi\u0119\u0107 chwil\u0119, aby skontaktuj si\u0119 z obs\u0142ug\u0105 klienta Elfsight, je\u015bli potrzebujesz porady lub masz pytania. Pomo\u017cemy w ka\u017cdym zapytaniu.<\/p>\n<div class=\"faq\" data-component=\"FAQ\">\n    <div class=\"faq-item\">\r\n\t\t\t\t\t<div class=\"faq-item-question\">\r\n\t\t\t\t\t\t<h3 class=\"faq-item-question-text\">Jak mog\u0119 doda\u0107 czat Telegram do mojej witryny Bloggera bez umiej\u0119tno\u015bci kodowania?<\/h3>\r\n\r\n\t\t\t\t\t\t<div class=\"faq-item-question-icon\"><\/div>\r\n\t\t\t\t\t<\/div>\r\n\r\n\t\t\t\t\t<div class=\"faq-item-answer\">\r\n\t\t\t\t\t\t<div class=\"faq-item-answer-text\">\n    <p>Elfsight zapewnia rozwi\u0105zanie SaaS, kt\u00f3re pozwala tworzy\u0107 samodzielnie utworzy\u0107 wid\u017cet czatu Telegram, przekonaj si\u0119, jak \u0142atwy jest ten proces: Pracuj bezpo\u015brednio w edytorze online, aby utworzy\u0107 wid\u017cet czatu Telegram, kt\u00f3ry chcesz widzie\u0107 w swojej witrynie Bloggera. Wybierz jeden z gotowych szablon\u00f3w i dostosuj ustawienia czatu Telegram, dodaj tre\u015b\u0107, zmie\u0144 uk\u0142ad i kolory bez umiej\u0119tno\u015bci kodowania. Zapisz Czat Telegramu i skopiuj jego kod instalacyjny, kt\u00f3ry mo\u017cesz \u0142atwo wklei\u0107 na swojej stronie Bloggera bez konieczno\u015bci kupowania p\u0142atnej subskrypcji. Dzi\u0119ki naszemu intuicyjnemu edytorowi ka\u017cdy u\u017cytkownik Internetu mo\u017ce utworzy\u0107 wid\u017cet czatu Telegram online i \u0142atwo osadzi\u0107 go na swojej witrynie Bloggera. Aby uzyska\u0107 dost\u0119p do us\u0142ugi, nie trzeba p\u0142aci\u0107 ani wprowadza\u0107 danych uwierzytelniaj\u0105cych karty. Je\u015bli na kt\u00f3rymkolwiek etapie napotkasz jakiekolwiek problemy, skontaktuj si\u0119 z naszym zespo\u0142em pomocy technicznej.<\/p>\n    <\/div>\r\n\t\t\t\t\t<\/div>\r\n\t\t\t\t<\/div>\n<\/div>\n<\/div>","protected":false},"excerpt":{"rendered":"","protected":false},"author":9,"featured_media":0,"parent":938,"menu_order":0,"comment_status":"closed","ping_status":"closed","template":"templates\/template-application-platform.php","meta":{"publish_to_discourse":"","publish_post_category":"","wpdc_auto_publish_overridden":"","wpdc_topic_tags":"","wpdc_pin_topic":"","wpdc_pin_until":"","discourse_post_id":"","discourse_permalink":"","wpdc_publishing_response":"","wpdc_publishing_error":"","footnotes":""},"class_list":["post-6829","page","type-page","status-publish","hentry"],"yoast_head":"<!-- This site is optimized with the Yoast SEO plugin v25.3.1 - https:\/\/yoast.com\/wordpress\/plugins\/seo\/ -->\n<title>Dodaj okno czatu Telegram do witryny Bloggera (bezp\u0142atnie i szybko)<\/title>\n<meta name=\"description\" content=\"Utworzenie wid\u017cetu Chat Box Telegramu i dodanie go do strony internetowej Bloggera nie jest trudne. Obs\u0142uga klienta Elfsight jest bezp\u0142atna.\" \/>\n<meta name=\"robots\" content=\"index, follow, max-snippet:-1, max-image-preview:large, max-video-preview:-1\" \/>\n<link rel=\"canonical\" href=\"https:\/\/elfsight.com\/pl\/telegram-chat-widget\/blogger\/\" \/>\n<meta property=\"og:locale\" content=\"pl_PL\" \/>\n<meta property=\"og:type\" content=\"article\" \/>\n<meta property=\"og:title\" content=\"Dodaj okno czatu Telegram do witryny Bloggera (bezp\u0142atnie i szybko)\" \/>\n<meta property=\"og:description\" content=\"Utworzenie wid\u017cetu Chat Box Telegramu i dodanie go do strony internetowej Bloggera nie jest trudne. Obs\u0142uga klienta Elfsight jest bezp\u0142atna.\" \/>\n<meta property=\"og:url\" content=\"https:\/\/elfsight.com\/pl\/telegram-chat-widget\/blogger\/\" \/>\n<meta property=\"og:site_name\" content=\"Elfsight PL\" \/>\n<meta property=\"article:modified_time\" content=\"2025-06-25T08:54:42+00:00\" \/>\n<meta name=\"twitter:card\" content=\"summary_large_image\" \/>\n<meta name=\"twitter:label1\" content=\"Szacowany czas czytania\" \/>\n\t<meta name=\"twitter:data1\" content=\"3 minuty\" \/>\n<!-- \/ Yoast SEO plugin. -->","yoast_head_json":{"title":"Dodaj okno czatu Telegram do witryny Bloggera (bezp\u0142atnie i szybko)","description":"Utworzenie wid\u017cetu Chat Box Telegramu i dodanie go do strony internetowej Bloggera nie jest trudne. Obs\u0142uga klienta Elfsight jest bezp\u0142atna.","robots":{"index":"index","follow":"follow","max-snippet":"max-snippet:-1","max-image-preview":"max-image-preview:large","max-video-preview":"max-video-preview:-1"},"canonical":"https:\/\/elfsight.com\/pl\/telegram-chat-widget\/blogger\/","og_locale":"pl_PL","og_type":"article","og_title":"Dodaj okno czatu Telegram do witryny Bloggera (bezp\u0142atnie i szybko)","og_description":"Utworzenie wid\u017cetu Chat Box Telegramu i dodanie go do strony internetowej Bloggera nie jest trudne. Obs\u0142uga klienta Elfsight jest bezp\u0142atna.","og_url":"https:\/\/elfsight.com\/pl\/telegram-chat-widget\/blogger\/","og_site_name":"Elfsight PL","article_modified_time":"2025-06-25T08:54:42+00:00","twitter_card":"summary_large_image","twitter_misc":{"Szacowany czas czytania":"3 minuty"},"schema":{"@context":"https:\/\/schema.org","@graph":[{"@type":"WebPage","@id":"https:\/\/elfsight.com\/pl\/telegram-chat-widget\/blogger\/","url":"https:\/\/elfsight.com\/pl\/telegram-chat-widget\/blogger\/","name":"Dodaj okno czatu Telegram do witryny Bloggera (bezp\u0142atnie i szybko)","isPartOf":{"@id":"https:\/\/elfsight.com\/pl\/#website"},"datePublished":"2024-05-03T06:50:40+00:00","dateModified":"2025-06-25T08:54:42+00:00","description":"Utworzenie wid\u017cetu Chat Box Telegramu i dodanie go do strony internetowej Bloggera nie jest trudne. Obs\u0142uga klienta Elfsight jest bezp\u0142atna.","breadcrumb":{"@id":"https:\/\/elfsight.com\/pl\/telegram-chat-widget\/blogger\/#breadcrumb"},"inLanguage":"pl-PL","potentialAction":[{"@type":"ReadAction","target":["https:\/\/elfsight.com\/pl\/telegram-chat-widget\/blogger\/"]}]},{"@type":"BreadcrumbList","@id":"https:\/\/elfsight.com\/pl\/telegram-chat-widget\/blogger\/#breadcrumb","itemListElement":[{"@type":"ListItem","position":1,"name":"Home","item":"https:\/\/elfsight.com\/pl\/"},{"@type":"ListItem","position":2,"name":"Telegram Chat","item":"https:\/\/elfsight.com\/pl\/telegram-chat-widget\/"},{"@type":"ListItem","position":3,"name":"Telegram Chat &#8211; Blogger"}]},{"@type":"WebSite","@id":"https:\/\/elfsight.com\/pl\/#website","url":"https:\/\/elfsight.com\/pl\/","name":"Elfsight PL","description":"Just another Elfsight Sites site","potentialAction":[{"@type":"SearchAction","target":{"@type":"EntryPoint","urlTemplate":"https:\/\/elfsight.com\/pl\/?s={search_term_string}"},"query-input":{"@type":"PropertyValueSpecification","valueRequired":true,"valueName":"search_term_string"}}],"inLanguage":"pl-PL"}]}},"meta_box":{"industry":"","seo_heading":"","heading":"","description":"","cta_heading":"","cta_description":"","application":"937","h1":"Czat telegramowy Bloggera","h1_caption":"Pozw\u00f3l u\u017cytkownikom rozmawia\u0107 z Tob\u0105 za po\u015brednictwem telegramu bezpo\u015brednio z Twojej witryny, oferuj\u0105c kolejny szybki i wygodny kana\u0142 pomocy w Twojej witrynie Bloggera.","application_category":[],"applications_title":"","applications_request_title":"","applications_request_button_text":"","hero_text":"","hero_video":"","hero_video_schema_markup":"","selling_points_title":"","selling_points_caption":"","selling_points":[],"selling_points_cta_text":"","features_title":"","features":"","ed_cta_examples_text":"","ed_cta_examples_hidden":"","ed_cta_demo_text":"","ed_cta_demo_hidden":"","why_caption":"","why_editor_title":"","why_editor_text":"","why_team_title":"","why_team_text":"","why_service_title":"","why_service_text":"","template_catalog_visible":"0","template_catalog_title":"","template_catalog_text":"","template_catalog_categories_visible":"","demo_title":"Utw\u00f3rz wid\u017cet czatu Telegram","demo_caption":"Skonfiguruj czat w Telegramie i dodaj go do swojej witryny Bloggera za darmo!","default_faq_hidden":"","app_template_category":[],"platform":"44","template_public_id":"","codecanyon_url":"","codecanyon_item_id":"","codecanyon_price":"","pricing_caption":"","pricing_elfsight_apps_hide_column":"","pricing_elfsight_apps_url":"","pricing_codecanyon_price_caption":"","integration_category":[],"integration_request_title":"","integration_request_cta":"","integration_platform":"","integrations":[],"platform_category":[],"video_schema_markup":"","price":"od 0 USD \/ miesi\u0105c","trial":"","benefits":[{"text":"Bezp\u0142atna pomoc w monta\u017cu"},{"text":"Kompetentna obs\u0142uga klienta"},{"text":"14-dniowa gwarancja zwrotu pieni\u0119dzy"},{"text":"Regularne bezp\u0142atne aktualizacje"}],"button_url":"#demo","button_target_blank":"0","button_nofollow":"0","attributes":[{"name":"Instaluje"},{"name":"Czu\u0142y"},{"name":"Kompatybilne przegl\u0105darki"}],"tags":[],"tags_disable_links":"0","hide_more_platforms":"0","video_object":"","demo_hide_cta":"0","demo_hide_cloud_options":"0","pricing_title":"","pricing":[{"pricing_icon":"platform","pricing_title":"Elfsight Apps","pricing_title_caption":"Wersja niezale\u017cna od platformy, kt\u00f3ra dzia\u0142a na ka\u017cdej stronie","pricing_price":"od 0 USD \/ miesi\u0105c","pricing_price_caption":"zacznij od bezp\u0142atnego planu","pricing_benefits":[{"text":"Nielimitowane strony internetowe"},{"text":"Wsparcie 24\/7"},{"text":"Bezp\u0142atna us\u0142uga monta\u017cu"},{"text":"100% konfigurowalny"}],"pricing_button_text":"Dodaj do witryny","pricing_button_url":"#demo"}],"related_apps_title":"","related_apps_hidden":"0","author":"","image":[],"title":"","job":"","social_networks":[]},"_links":{"self":[{"href":"https:\/\/elfsight.com\/pl\/wp-json\/wp\/v2\/pages\/6829","targetHints":{"allow":["GET"]}}],"collection":[{"href":"https:\/\/elfsight.com\/pl\/wp-json\/wp\/v2\/pages"}],"about":[{"href":"https:\/\/elfsight.com\/pl\/wp-json\/wp\/v2\/types\/page"}],"author":[{"embeddable":true,"href":"https:\/\/elfsight.com\/pl\/wp-json\/wp\/v2\/users\/9"}],"replies":[{"embeddable":true,"href":"https:\/\/elfsight.com\/pl\/wp-json\/wp\/v2\/comments?post=6829"}],"version-history":[{"count":3,"href":"https:\/\/elfsight.com\/pl\/wp-json\/wp\/v2\/pages\/6829\/revisions"}],"predecessor-version":[{"id":10453,"href":"https:\/\/elfsight.com\/pl\/wp-json\/wp\/v2\/pages\/6829\/revisions\/10453"}],"up":[{"embeddable":true,"href":"https:\/\/elfsight.com\/pl\/wp-json\/wp\/v2\/pages\/938"}],"wp:attachment":[{"href":"https:\/\/elfsight.com\/pl\/wp-json\/wp\/v2\/media?parent=6829"}],"curies":[{"name":"wp","href":"https:\/\/api.w.org\/{rel}","templated":true}]}}