{"id":6822,"date":"1970-01-01T00:00:00","date_gmt":"1970-01-01T00:00:00","guid":{"rendered":"https:\/\/elfsight.com\/pl\/?page_id=6822"},"modified":"2025-06-25T08:56:18","modified_gmt":"2025-06-25T08:56:18","slug":"joomla","status":"publish","type":"page","link":"https:\/\/elfsight.com\/pl\/telegram-chat-widget\/joomla\/","title":{"rendered":"Telegram Chat &#8211; Joomla"},"content":{"rendered":"<div class=\"application-platform-content-item-description application-platform-content-item\" id=\"description\" data-nav-section=\"description\">\n<h2>Opis<\/h2>\n<p>Rozszerzenie Telegramu firmy Elfsight to najszybszy spos\u00f3b, w jaki klienci Twojej witryny mog\u0105 zwr\u00f3ci\u0107 si\u0119 do Ciebie i uzyska\u0107 odpowiedzi na swoje pytania i pro\u015bby. B\u0105d\u017a teraz dost\u0119pny dla ludzi w ich ukochanym komunikatorze, przez ca\u0142y czas. Umie\u015b\u0107 Telegram Chat w swoim sklepie i spraw, aby pojawia\u0142 si\u0119 na wybranych stronach lub dla wybranych rodzaj\u00f3w klient\u00f3w, wybierz wyzwalacze rozpocz\u0119cia czatu, poka\u017c niestandardow\u0105 wiadomo\u015b\u0107 powitaln\u0105, wybierz ikony i zastosuj inn\u0105 personalizacj\u0119. Korzystaj\u0105c z komunikatora Telegram wbudowanego w Twoj\u0105 witryn\u0119, b\u0119dziesz na bie\u017c\u0105co z klientami o ka\u017cdej porze i niezale\u017cnie od tego, gdzie si\u0119 znajdujesz.<\/p>\n<p><b>To najwygodniejszy spos\u00f3b, w jaki ludzie mog\u0105 si\u0119 z Tob\u0105 skontaktowa\u0107 i uzyska\u0107 odpowied\u017a na ich pytania!<\/b><\/p>\n<\/div>\n\n<div class=\"application-platform-content-item-features application-platform-content-item\" id=\"features\" data-nav-section=\"features\">\n<h2>Funkcje<\/h2>\n<p>Tutaj mo\u017cesz zobaczy\u0107 wszystkie funkcje czatu Telegram. S\u0105 one dost\u0119pne bezpo\u015brednio w edytorze i pomog\u0105 Ci skonfigurowa\u0107 wid\u017cet dok\u0142adnie dla Twojego przypadku u\u017cycia.<\/p>\n<ul>\n    <li>Dodaj komunikator Telegram na swojej stronie, aby rozmawia\u0107 z odwiedzaj\u0105cymi<\/li>\n    <li>3 warianty pozycji czatu: p\u0142ywaj\u0105ca ba\u0144ka, osadzana ba\u0144ka i osadzane okno czatu;<\/li>\n    <li>Biblioteka ikon dymk\u00f3w do wyboru;<\/li>\n    <li>Edytowalny tekst w dymku;<\/li>\n    <li>Nag\u0142\u00f3wek FlexibleChat z logo strony, nazw\u0105 i podpisem.<\/li>\n<\/ul>\n<p><a href=\"#demo\">Mo\u017cesz wypr\u00f3bowa\u0107 wszystkie funkcje funkcjonalne wid\u017cetu bezpo\u015brednio w wersji demonstracyjnej<\/a><\/p>\n<\/div>\n\n<div class=\"application-platform-content-item-installation application-platform-content-item\" id=\"installation\" data-nav-section=\"installation\">\n<h2>Jak zintegrowa\u0107 czat Telegram z Joomla?<\/h2>\n<p>Wystarczy wykona\u0107 poni\u017csze kroki, aby doda\u0107 narz\u0119dzie do Joomla.<\/p>\n<ol>\n    <li><b>Zarz\u0105dzaj naszym bezp\u0142atnym edytorem i zacznij tworzy\u0107 spersonalizowane rozszerzenie czatu Telegram.<\/b><br>Okre\u015bl preferowan\u0105 form\u0119 i cechy wid\u017cetu oraz zastosuj poprawki.<\/li>\n    <li><b>Odbierz sw\u00f3j osobisty kod widoczny w polu w aplikacjach Elfsight.<\/b><br>Po zako\u0144czeniu tworzenia osobistej wtyczki skopiuj osobisty kod z wy\u015bwietlonego pola i zachowaj go do dalszego wykorzystania.<\/li>\n    <li><b>Rozpocznij korzystanie z rozszerzenia w swojej witrynie Joomla.<\/b><br>Wklej skopiowany wcze\u015bniej kod na swoj\u0105 stron\u0119 i zapisz ulepszenia.<\/li>\n    <li><b>Instalacja zosta\u0142a pomy\u015blnie przeprowadzona.<\/b><br>Odwied\u017a swoj\u0105 witryn\u0119 internetow\u0105, aby sprawdzi\u0107, jak dzia\u0142a narz\u0119dzie.<\/li>\n<\/ol>\n<p>Je\u015bli potrzebujesz pomocy lub masz problemy, mo\u017cesz zwr\u00f3ci\u0107 si\u0119 do obs\u0142ugi klienta. Nasi specjali\u015bci ch\u0119tnie pomog\u0105 w ka\u017cdej sprawie.<\/p>\n<div class=\"faq\" data-component=\"FAQ\">\n    <div class=\"faq-item\">\r\n\t\t\t\t\t<div class=\"faq-item-question\">\r\n\t\t\t\t\t\t<h3 class=\"faq-item-question-text\">Jak doda\u0107 czat Telegram do mojej witryny Joomla bez umiej\u0119tno\u015bci kodowania?<\/h3>\r\n\r\n\t\t\t\t\t\t<div class=\"faq-item-question-icon\"><\/div>\r\n\t\t\t\t\t<\/div>\r\n\r\n\t\t\t\t\t<div class=\"faq-item-answer\">\r\n\t\t\t\t\t\t<div class=\"faq-item-answer-text\">\n    <p>Elfsight zapewnia rozwi\u0105zanie SaaS, kt\u00f3re pozwala tworzy\u0107 sam wid\u017cet czatu Telegram, przekonaj si\u0119, jak \u0142atwy jest ten proces: Pracuj bezpo\u015brednio w edytorze online, aby utworzy\u0107 wid\u017cet czatu Telegram, kt\u00f3ry chcesz zobaczy\u0107 na swojej stronie Joomla. Wybierz jeden z gotowych szablon\u00f3w i dostosuj ustawienia czatu Telegram, dodaj tre\u015b\u0107, zmie\u0144 uk\u0142ad i kolory bez umiej\u0119tno\u015bci kodowania. Zapisz czat Telegram i skopiuj jego kod instalacyjny, kt\u00f3ry mo\u017cesz \u0142atwo wklei\u0107 na swojej stronie Joomla bez konieczno\u015bci kupowania p\u0142atnego planu. Dzi\u0119ki naszemu intuicyjnemu edytorowi ka\u017cdy u\u017cytkownik Internetu mo\u017ce utworzy\u0107 wid\u017cet czatu Telegram online i \u0142atwo osadzi\u0107 go na swojej stronie internetowej Joomla. Aby uzyska\u0107 dost\u0119p do us\u0142ugi, nie trzeba p\u0142aci\u0107 ani wprowadza\u0107 danych uwierzytelniaj\u0105cych karty. Je\u015bli na kt\u00f3rymkolwiek etapie napotkasz jakiekolwiek problemy, skontaktuj si\u0119 z naszym zespo\u0142em pomocy technicznej.<\/p>\n    <\/div>\r\n\t\t\t\t\t<\/div>\r\n\t\t\t\t<\/div>\n<\/div>\n<\/div>","protected":false},"excerpt":{"rendered":"","protected":false},"author":9,"featured_media":0,"parent":938,"menu_order":0,"comment_status":"closed","ping_status":"closed","template":"templates\/template-application-platform.php","meta":{"publish_to_discourse":"","publish_post_category":"","wpdc_auto_publish_overridden":"","wpdc_topic_tags":"","wpdc_pin_topic":"","wpdc_pin_until":"","discourse_post_id":"","discourse_permalink":"","wpdc_publishing_response":"","wpdc_publishing_error":"","footnotes":""},"class_list":["post-6822","page","type-page","status-publish","hentry"],"yoast_head":"<!-- This site is optimized with the Yoast SEO plugin v25.3.1 - https:\/\/yoast.com\/wordpress\/plugins\/seo\/ -->\n<title>Wid\u017cet czatu Telegram | Dodaj okno czatu Telegram do witryny Joomla [2026]<\/title>\n<meta name=\"description\" content=\"Utworzenie rozszerzenia Telegram Chat Box i umieszczenie go na stronie internetowej Joomla jest \u0142atwe. Obs\u0142uga klienta Elfsight jest bezp\u0142atna.\" \/>\n<meta name=\"robots\" content=\"index, follow, max-snippet:-1, max-image-preview:large, max-video-preview:-1\" \/>\n<link rel=\"canonical\" href=\"https:\/\/elfsight.com\/pl\/telegram-chat-widget\/joomla\/\" \/>\n<meta property=\"og:locale\" content=\"pl_PL\" \/>\n<meta property=\"og:type\" content=\"article\" \/>\n<meta property=\"og:title\" content=\"Wid\u017cet czatu Telegram | Dodaj okno czatu Telegram do witryny Joomla [2026]\" \/>\n<meta property=\"og:description\" content=\"Utworzenie rozszerzenia Telegram Chat Box i umieszczenie go na stronie internetowej Joomla jest \u0142atwe. Obs\u0142uga klienta Elfsight jest bezp\u0142atna.\" \/>\n<meta property=\"og:url\" content=\"https:\/\/elfsight.com\/pl\/telegram-chat-widget\/joomla\/\" \/>\n<meta property=\"og:site_name\" content=\"Elfsight PL\" \/>\n<meta property=\"article:modified_time\" content=\"2025-06-25T08:56:18+00:00\" \/>\n<meta name=\"twitter:card\" content=\"summary_large_image\" \/>\n<meta name=\"twitter:label1\" content=\"Szacowany czas czytania\" \/>\n\t<meta name=\"twitter:data1\" content=\"3 minuty\" \/>\n<!-- \/ Yoast SEO plugin. -->","yoast_head_json":{"title":"Wid\u017cet czatu Telegram | Dodaj okno czatu Telegram do witryny Joomla [2026]","description":"Utworzenie rozszerzenia Telegram Chat Box i umieszczenie go na stronie internetowej Joomla jest \u0142atwe. Obs\u0142uga klienta Elfsight jest bezp\u0142atna.","robots":{"index":"index","follow":"follow","max-snippet":"max-snippet:-1","max-image-preview":"max-image-preview:large","max-video-preview":"max-video-preview:-1"},"canonical":"https:\/\/elfsight.com\/pl\/telegram-chat-widget\/joomla\/","og_locale":"pl_PL","og_type":"article","og_title":"Wid\u017cet czatu Telegram | Dodaj okno czatu Telegram do witryny Joomla [2026]","og_description":"Utworzenie rozszerzenia Telegram Chat Box i umieszczenie go na stronie internetowej Joomla jest \u0142atwe. Obs\u0142uga klienta Elfsight jest bezp\u0142atna.","og_url":"https:\/\/elfsight.com\/pl\/telegram-chat-widget\/joomla\/","og_site_name":"Elfsight PL","article_modified_time":"2025-06-25T08:56:18+00:00","twitter_card":"summary_large_image","twitter_misc":{"Szacowany czas czytania":"3 minuty"},"schema":{"@context":"https:\/\/schema.org","@graph":[{"@type":"WebPage","@id":"https:\/\/elfsight.com\/pl\/telegram-chat-widget\/joomla\/","url":"https:\/\/elfsight.com\/pl\/telegram-chat-widget\/joomla\/","name":"Wid\u017cet czatu Telegram | Dodaj okno czatu Telegram do witryny Joomla [2026]","isPartOf":{"@id":"https:\/\/elfsight.com\/pl\/#website"},"datePublished":"1970-01-01T00:00:00+00:00","dateModified":"2025-06-25T08:56:18+00:00","description":"Utworzenie rozszerzenia Telegram Chat Box i umieszczenie go na stronie internetowej Joomla jest \u0142atwe. Obs\u0142uga klienta Elfsight jest bezp\u0142atna.","breadcrumb":{"@id":"https:\/\/elfsight.com\/pl\/telegram-chat-widget\/joomla\/#breadcrumb"},"inLanguage":"pl-PL","potentialAction":[{"@type":"ReadAction","target":["https:\/\/elfsight.com\/pl\/telegram-chat-widget\/joomla\/"]}]},{"@type":"BreadcrumbList","@id":"https:\/\/elfsight.com\/pl\/telegram-chat-widget\/joomla\/#breadcrumb","itemListElement":[{"@type":"ListItem","position":1,"name":"Home","item":"https:\/\/elfsight.com\/pl\/"},{"@type":"ListItem","position":2,"name":"Telegram Chat","item":"https:\/\/elfsight.com\/pl\/telegram-chat-widget\/"},{"@type":"ListItem","position":3,"name":"Telegram Chat &#8211; Joomla"}]},{"@type":"WebSite","@id":"https:\/\/elfsight.com\/pl\/#website","url":"https:\/\/elfsight.com\/pl\/","name":"Elfsight PL","description":"Just another Elfsight Sites site","potentialAction":[{"@type":"SearchAction","target":{"@type":"EntryPoint","urlTemplate":"https:\/\/elfsight.com\/pl\/?s={search_term_string}"},"query-input":{"@type":"PropertyValueSpecification","valueRequired":true,"valueName":"search_term_string"}}],"inLanguage":"pl-PL"}]}},"meta_box":{"industry":"","seo_heading":"","heading":"","description":"","cta_heading":"","cta_description":"","application":"937","h1":"Czat telegramowy Joomla","h1_caption":"Pozw\u00f3l u\u017cytkownikom rozmawia\u0107 z Tob\u0105 za po\u015brednictwem telegramu bezpo\u015brednio z Twojej witryny, oferuj\u0105c kolejny szybki i wygodny kana\u0142 pomocy w Twojej witrynie Joomla.","application_category":[],"applications_title":"","applications_request_title":"","applications_request_button_text":"","hero_text":"","hero_video":"","hero_video_schema_markup":"","selling_points_title":"","selling_points_caption":"","selling_points":[],"selling_points_cta_text":"","features_title":"","features":"","ed_cta_examples_text":"","ed_cta_examples_hidden":"","ed_cta_demo_text":"","ed_cta_demo_hidden":"","why_caption":"","why_editor_title":"","why_editor_text":"","why_team_title":"","why_team_text":"","why_service_title":"","why_service_text":"","template_catalog_visible":"0","template_catalog_title":"","template_catalog_text":"","template_catalog_categories_visible":"","demo_title":"Utw\u00f3rz wtyczk\u0119 czatu Telegram","demo_caption":"Skonfiguruj sw\u00f3j czat Telegram i dodaj go do swojej witryny Joomla za darmo!","default_faq_hidden":"","app_template_category":[],"platform":"53","template_public_id":"","codecanyon_url":"","codecanyon_item_id":"","codecanyon_price":"","pricing_caption":"","pricing_elfsight_apps_hide_column":"","pricing_elfsight_apps_url":"","pricing_codecanyon_price_caption":"","integration_category":[],"integration_request_title":"","integration_request_cta":"","integration_platform":"","integrations":[],"platform_category":[],"video_schema_markup":"","price":"od 0 USD \/ miesi\u0105c","trial":"","benefits":[{"text":"Bezp\u0142atna pomoc w monta\u017cu"},{"text":"Wsparcie premium"},{"text":"14-dniowa gwarancja zwrotu pieni\u0119dzy"}],"button_url":"#demo","button_target_blank":"0","button_nofollow":"0","attributes":[{"name":"Instaluje"},{"name":"Czu\u0142y"},{"name":"Kompatybilne przegl\u0105darki"}],"tags":[],"tags_disable_links":"0","hide_more_platforms":"0","video_object":"","demo_hide_cta":"0","demo_hide_cloud_options":"0","pricing_title":"","pricing":[{"pricing_icon":"platform","pricing_title":"Elfsight Apps","pricing_title_caption":"Wieloplatformowe rozwi\u0105zanie cyfrowe","pricing_price":"od 0 USD \/ miesi\u0105c","pricing_price_caption":"zacznij od bezp\u0142atnego planu","pricing_benefits":[{"text":"Nielimitowane domeny"},{"text":"Obs\u0142uga klienta premium i dobrze udokumentowana"},{"text":"Bezp\u0142atna pomoc przy instalacji"},{"text":"Cena do z\u0142apania dla wielu aplikacji"}],"pricing_button_text":"Dodaj do witryny","pricing_button_url":"#demo"}],"related_apps_title":"","related_apps_hidden":"0","author":"","image":[],"title":"","job":"","social_networks":[]},"_links":{"self":[{"href":"https:\/\/elfsight.com\/pl\/wp-json\/wp\/v2\/pages\/6822","targetHints":{"allow":["GET"]}}],"collection":[{"href":"https:\/\/elfsight.com\/pl\/wp-json\/wp\/v2\/pages"}],"about":[{"href":"https:\/\/elfsight.com\/pl\/wp-json\/wp\/v2\/types\/page"}],"author":[{"embeddable":true,"href":"https:\/\/elfsight.com\/pl\/wp-json\/wp\/v2\/users\/9"}],"replies":[{"embeddable":true,"href":"https:\/\/elfsight.com\/pl\/wp-json\/wp\/v2\/comments?post=6822"}],"version-history":[{"count":2,"href":"https:\/\/elfsight.com\/pl\/wp-json\/wp\/v2\/pages\/6822\/revisions"}],"predecessor-version":[{"id":10455,"href":"https:\/\/elfsight.com\/pl\/wp-json\/wp\/v2\/pages\/6822\/revisions\/10455"}],"up":[{"embeddable":true,"href":"https:\/\/elfsight.com\/pl\/wp-json\/wp\/v2\/pages\/938"}],"wp:attachment":[{"href":"https:\/\/elfsight.com\/pl\/wp-json\/wp\/v2\/media?parent=6822"}],"curies":[{"name":"wp","href":"https:\/\/api.w.org\/{rel}","templated":true}]}}