{"id":6808,"date":"1970-01-01T00:00:00","date_gmt":"1970-01-01T00:00:00","guid":{"rendered":"https:\/\/elfsight.com\/pl\/?page_id=6808"},"modified":"2024-11-14T09:29:11","modified_gmt":"2024-11-14T09:29:11","slug":"opencart","status":"publish","type":"page","link":"https:\/\/elfsight.com\/pl\/telegram-chat-widget\/opencart\/","title":{"rendered":"Telegram Chat &#8211; OpenCart"},"content":{"rendered":"<div class=\"application-platform-content-item-description application-platform-content-item\" id=\"description\" data-nav-section=\"description\"><h2>Opis<\/h2><p>Rozszerzenie Telegram stworzone przez Elfsight to najprostszy spos\u00f3b, w jaki odbiorcy Twojej strony internetowej mog\u0105 komunikowa\u0107 si\u0119 z Tob\u0105 i uzyskiwa\u0107 odpowiedzi na ich pytania i pro\u015bby. B\u0105d\u017a dost\u0119pny dla swoich go\u015bci w jednym z najbardziej ukochanych komunikator\u00f3w, bez wzgl\u0119du na to, gdzie jeste\u015b. Wklej Telegram Chat do sklepu i poka\u017c go na wybranych stronach lub dla okre\u015blonych grup klient\u00f3w, ustal wyzwalacze rozpocz\u0119cia czatu, do\u0142\u0105cz w\u0142asn\u0105 wiadomo\u015b\u0107 powitaln\u0105, zmie\u0144 ikony i jeszcze wi\u0119cej. Dzi\u0119ki zainstalowanemu na stronie komunikatora Telegram b\u0119dziesz dost\u0119pny dla swoich widz\u00f3w w ka\u017cdej chwili i z dowolnego miejsca.<\/p><p><b>To jeden z naj\u0142atwiejszych sposob\u00f3w, w jaki ludzie mog\u0105 si\u0119 z Tob\u0105 skontaktowa\u0107 i rozwi\u0105za\u0107 swoje problemy!<\/b><\/p><\/div><div class=\"application-platform-content-item-features application-platform-content-item\" id=\"features\" data-nav-section=\"features\"><h2>Funkcje<\/h2><p>Sprawd\u017a wszystkie cechy funkcjonalne Czatu Telegram. Mo\u017cesz ustawi\u0107 je bezpo\u015brednio w edytorze, a one pomog\u0105 Ci skonfigurowa\u0107 wid\u017cet odpowiednio do Twoich potrzeb.<\/p><ul><li>Zintegruj komunikator Telegram na swojej stronie, aby rozmawia\u0107 z u\u017cytkownikami<li>Trzy rodzaje pozycji na czacie: p\u0142ywaj\u0105ca dymka, osadzanie dymka i osadzanie okna czatu;<\/li><li>Zbi\u00f3r ikon dymk\u00f3w do wyboru;<\/li><li>Edytowany tekst w dymku;<\/li><li>Nag\u0142\u00f3wek czatu ze zdj\u0119ciem strony, nazwa i podpis.<\/li><\/ul><p><a href=\"#demo\">Sprawd\u017a wszystkie inne funkcje w wersji demonstracyjnej<\/a><\/p><\/div><div class=\"application-platform-content-item-installation  application-platform-content-item\" id=\"installation \" data-nav-section=\"installation \"><h2>Jak doda\u0107 Chat Box Telegramu do OpenCart?<\/h2><p>Aby doda\u0107 wid\u017cet, post\u0119puj zgodnie z poni\u017cszymi wskaz\u00f3wkami.<\/p><ol><li><b>Wykonaj nasz darmowy konfigurator i rozpocznij tworz\u0105c spersonalizowane rozszerzenie Telegramu. <\/b><br> Okre\u015bl preferowany wygl\u0105d i funkcje rozszerzenia oraz zastosuj wszystkie poprawki. <\/li> <li><b>Skopiuj sw\u00f3j unikalny kod ujawniony w specjalnym formularzu w aplikacjach Elfsight. <\/b><br> Po utworzeniu osobistego rozszerzenia skopiuj kod z wy\u015bwietlonego okna i zachowaj go na przysz\u0142o\u015b\u0107. <\/li> <li><b>Rozpocznij korzystanie z rozszerzenia w swojej witrynie OpenCart. <\/b><br> Zintegruj zapisany wcze\u015bniej kod ze swoj\u0105 witryn\u0105 i zastosuj zmiany. <\/li> <li><b>Instalacja zosta\u0142a ca\u0142kowicie zako\u0144czona. <\/b><br> Przejd\u017a na swoj\u0105 stron\u0119 internetow\u0105, aby sprawdzi\u0107 dzia\u0142anie rozszerzenia. <\/li><\/ol><p>Po\u015bwi\u0119\u0107 chwil\u0119, aby skontaktowa\u0107 si\u0119 z obs\u0142ug\u0105 klienta Elfsight, je\u015bli potrzebujesz pomocy lub masz pytania. Nasi specjali\u015bci ch\u0119tnie pomog\u0105 w ka\u017cdym zapytaniu.<\/p><div class=\"faq\" data-component=\"FAQ\"> <div class=\"faq-item\">\r\n\t\t\t\t\t<div class=\"faq-item-question\">\r\n\t\t\t\t\t\t<h3 class=\"faq-item-question-text\">Jak mog\u0119 doda\u0107 czat Telegram do mojej witryny OpenCart bez umiej\u0119tno\u015bci kodowania?<\/h3>\r\n\r\n\t\t\t\t\t\t<div class=\"faq-item-question-icon\"><\/div>\r\n\t\t\t\t\t<\/div>\r\n\r\n\t\t\t\t\t<div class=\"faq-item-answer\">\r\n\t\t\t\t\t\t<div class=\"faq-item-answer-text\"> <p>Elfsight zapewnia rozwi\u0105zanie SaaS, kt\u00f3re pozwala utw\u00f3rz samodzielnie wid\u017cet czatu Telegram, przekonaj si\u0119, jak \u0142atwy jest ten proces: Pracuj bezpo\u015brednio w edytorze online, aby utworzy\u0107 wid\u017cet czatu Telegram, kt\u00f3ry chcia\u0142by\u015b zobaczy\u0107 na swojej stronie OpenCart. Wybierz jeden z gotowych szablon\u00f3w i dostosuj ustawienia czatu Telegram, dodaj tre\u015b\u0107, zmie\u0144 uk\u0142ad i kolory bez umiej\u0119tno\u015bci kodowania. Zapisz czat Telegram i skopiuj jego kod instalacyjny, kt\u00f3ry mo\u017cesz \u0142atwo umie\u015bci\u0107 na swojej stronie OpenCart bez kupowania p\u0142atnego planu. Dzi\u0119ki naszemu intuicyjnemu edytorowi ka\u017cdy u\u017cytkownik Internetu mo\u017ce utworzy\u0107 wid\u017cet czatu Telegram online i \u0142atwo osadzi\u0107 go na swojej stronie internetowejOpenCart. Aby uzyska\u0107 dost\u0119p do us\u0142ugi, nie trzeba p\u0142aci\u0107 ani wprowadza\u0107 danych uwierzytelniaj\u0105cych karty. Je\u015bli na kt\u00f3rymkolwiek etapie napotkasz jakiekolwiek problemy, skontaktuj si\u0119 z naszym zespo\u0142em pomocy technicznej.<\/p> <\/div>\r\n\t\t\t\t\t<\/div>\r\n\t\t\t\t<\/div> <\/div> <\/div>","protected":false},"excerpt":{"rendered":"","protected":false},"author":9,"featured_media":0,"parent":938,"menu_order":0,"comment_status":"closed","ping_status":"closed","template":"templates\/template-application-platform.php","meta":{"publish_to_discourse":"","publish_post_category":"","wpdc_auto_publish_overridden":"","wpdc_topic_tags":"","wpdc_pin_topic":"","wpdc_pin_until":"","discourse_post_id":"","discourse_permalink":"","wpdc_publishing_response":"","wpdc_publishing_error":"","footnotes":""},"class_list":["post-6808","page","type-page","status-publish","hentry"],"yoast_head":"<!-- This site is optimized with the Yoast SEO plugin v25.3.1 - https:\/\/yoast.com\/wordpress\/plugins\/seo\/ -->\n<title>Dodaj okno czatu Telegram do witryny OpenCart (bezp\u0142atnie i szybko)<\/title>\n<meta name=\"description\" content=\"Dzi\u0119ki Elfsight zbuduj swoje okno czatu Telegram i szybko dodaj je na stronie OpenCart. Oferujemy bezp\u0142atn\u0105 obs\u0142ug\u0119 klienta i wi\u0119cej bonus\u00f3w\" \/>\n<meta name=\"robots\" content=\"index, follow, max-snippet:-1, max-image-preview:large, max-video-preview:-1\" \/>\n<link rel=\"canonical\" href=\"https:\/\/elfsight.com\/pl\/telegram-chat-widget\/opencart\/\" \/>\n<meta property=\"og:locale\" content=\"pl_PL\" \/>\n<meta property=\"og:type\" content=\"article\" \/>\n<meta property=\"og:title\" content=\"Dodaj okno czatu Telegram do witryny OpenCart (bezp\u0142atnie i szybko)\" \/>\n<meta property=\"og:description\" content=\"Dzi\u0119ki Elfsight zbuduj swoje okno czatu Telegram i szybko dodaj je na stronie OpenCart. Oferujemy bezp\u0142atn\u0105 obs\u0142ug\u0119 klienta i wi\u0119cej bonus\u00f3w\" \/>\n<meta property=\"og:url\" content=\"https:\/\/elfsight.com\/pl\/telegram-chat-widget\/opencart\/\" \/>\n<meta property=\"og:site_name\" content=\"Elfsight PL\" \/>\n<meta property=\"article:modified_time\" content=\"2024-11-14T09:29:11+00:00\" \/>\n<meta name=\"twitter:card\" content=\"summary_large_image\" \/>\n<meta name=\"twitter:label1\" content=\"Szacowany czas czytania\" \/>\n\t<meta name=\"twitter:data1\" content=\"3 minuty\" \/>\n<!-- \/ Yoast SEO plugin. -->","yoast_head_json":{"title":"Dodaj okno czatu Telegram do witryny OpenCart (bezp\u0142atnie i szybko)","description":"Dzi\u0119ki Elfsight zbuduj swoje okno czatu Telegram i szybko dodaj je na stronie OpenCart. Oferujemy bezp\u0142atn\u0105 obs\u0142ug\u0119 klienta i wi\u0119cej bonus\u00f3w","robots":{"index":"index","follow":"follow","max-snippet":"max-snippet:-1","max-image-preview":"max-image-preview:large","max-video-preview":"max-video-preview:-1"},"canonical":"https:\/\/elfsight.com\/pl\/telegram-chat-widget\/opencart\/","og_locale":"pl_PL","og_type":"article","og_title":"Dodaj okno czatu Telegram do witryny OpenCart (bezp\u0142atnie i szybko)","og_description":"Dzi\u0119ki Elfsight zbuduj swoje okno czatu Telegram i szybko dodaj je na stronie OpenCart. Oferujemy bezp\u0142atn\u0105 obs\u0142ug\u0119 klienta i wi\u0119cej bonus\u00f3w","og_url":"https:\/\/elfsight.com\/pl\/telegram-chat-widget\/opencart\/","og_site_name":"Elfsight PL","article_modified_time":"2024-11-14T09:29:11+00:00","twitter_card":"summary_large_image","twitter_misc":{"Szacowany czas czytania":"3 minuty"},"schema":{"@context":"https:\/\/schema.org","@graph":[{"@type":"WebPage","@id":"https:\/\/elfsight.com\/pl\/telegram-chat-widget\/opencart\/","url":"https:\/\/elfsight.com\/pl\/telegram-chat-widget\/opencart\/","name":"Dodaj okno czatu Telegram do witryny OpenCart (bezp\u0142atnie i szybko)","isPartOf":{"@id":"https:\/\/elfsight.com\/pl\/#website"},"datePublished":"1970-01-01T00:00:00+00:00","dateModified":"2024-11-14T09:29:11+00:00","description":"Dzi\u0119ki Elfsight zbuduj swoje okno czatu Telegram i szybko dodaj je na stronie OpenCart. Oferujemy bezp\u0142atn\u0105 obs\u0142ug\u0119 klienta i wi\u0119cej bonus\u00f3w","breadcrumb":{"@id":"https:\/\/elfsight.com\/pl\/telegram-chat-widget\/opencart\/#breadcrumb"},"inLanguage":"pl-PL","potentialAction":[{"@type":"ReadAction","target":["https:\/\/elfsight.com\/pl\/telegram-chat-widget\/opencart\/"]}]},{"@type":"BreadcrumbList","@id":"https:\/\/elfsight.com\/pl\/telegram-chat-widget\/opencart\/#breadcrumb","itemListElement":[{"@type":"ListItem","position":1,"name":"Home","item":"https:\/\/elfsight.com\/pl\/"},{"@type":"ListItem","position":2,"name":"Telegram Chat","item":"https:\/\/elfsight.com\/pl\/telegram-chat-widget\/"},{"@type":"ListItem","position":3,"name":"Telegram Chat &#8211; OpenCart"}]},{"@type":"WebSite","@id":"https:\/\/elfsight.com\/pl\/#website","url":"https:\/\/elfsight.com\/pl\/","name":"Elfsight PL","description":"Just another Elfsight Sites site","potentialAction":[{"@type":"SearchAction","target":{"@type":"EntryPoint","urlTemplate":"https:\/\/elfsight.com\/pl\/?s={search_term_string}"},"query-input":{"@type":"PropertyValueSpecification","valueRequired":true,"valueName":"search_term_string"}}],"inLanguage":"pl-PL"}]}},"meta_box":{"industry":"","seo_heading":"","heading":"","description":"","cta_heading":"","cta_description":"","application":"937","h1":"Czat telegramowy OpenCart","h1_caption":"Pozw\u00f3l u\u017cytkownikom rozmawia\u0107 z Tob\u0105 za po\u015brednictwem telegramu bezpo\u015brednio z Twojej witryny, oferuj\u0105c bez wysi\u0142ku kolejny szybki i wygodny kana\u0142 pomocy w Twojej witrynie Opencart.","application_category":[],"applications_title":"","applications_request_title":"","applications_request_button_text":"","hero_text":"","hero_video":"","hero_video_schema_markup":"","selling_points_title":"","selling_points_caption":"","selling_points":[],"selling_points_cta_text":"","features_title":"","features":"","ed_cta_examples_text":"","ed_cta_examples_hidden":"","ed_cta_demo_text":"","ed_cta_demo_hidden":"","why_caption":"","why_editor_title":"","why_editor_text":"","why_team_title":"","why_team_text":"","why_service_title":"","why_service_text":"","template_catalog_visible":"","template_catalog_title":"","template_catalog_text":"","template_catalog_categories_visible":"","demo_title":"Utw\u00f3rz rozszerzenie czatu Telegram","demo_caption":"Skonfiguruj sw\u00f3j czat Telegram i dodaj go do swojej witryny OpenCart za darmo!","default_faq_hidden":"","app_template_category":[],"platform":"107","template_public_id":"","codecanyon_url":"","codecanyon_item_id":"","codecanyon_price":"","pricing_caption":"","pricing_elfsight_apps_hide_column":"","pricing_elfsight_apps_url":"","pricing_codecanyon_price_caption":"","integration_category":[],"integration_request_title":"","integration_request_cta":"","integration_platform":"","integrations":[],"platform_category":[],"video_schema_markup":"","price":"od 0 USD \/ miesi\u0105c","trial":"","benefits":[{"text":"Bezp\u0142atna us\u0142uga monta\u017cu"},{"text":"Wsparcie premium"},{"text":"14-dniowa gwarancja zwrotu pieni\u0119dzy"}],"button_url":"#demo","button_target_blank":"","button_nofollow":"","attributes":[{"name":"Instaluje"},{"name":"Czu\u0142y"},{"name":"Kompatybilne przegl\u0105darki"}],"tags":[],"tags_disable_links":"","hide_more_platforms":"","video_object":"","demo_hide_cta":"","demo_hide_cloud_options":"","pricing_title":"","pricing":[{"pricing_icon":"platform","pricing_title":"Elfsight Apps","pricing_title_caption":"Oprogramowanie niezale\u017cne od platformy, kt\u00f3re pasuje do ka\u017cdej witryny internetowej","pricing_price":"od 0 USD \/ miesi\u0105c","pricing_price_caption":"zacznij od bezp\u0142atnego planu","pricing_benefits":[{"text":"Nielimitowane domeny"},{"text":"Bezp\u0142atna obs\u0142uga klienta"},{"text":"Bezp\u0142atna pomoc przy instalacji"},{"text":"W pe\u0142ni konfigurowalny"}],"pricing_button_text":"Dodaj do witryny","pricing_button_url":"#demo"}],"related_apps_title":"","related_apps_hidden":"","author":"","image":[],"title":"","job":"","social_networks":[]},"_links":{"self":[{"href":"https:\/\/elfsight.com\/pl\/wp-json\/wp\/v2\/pages\/6808","targetHints":{"allow":["GET"]}}],"collection":[{"href":"https:\/\/elfsight.com\/pl\/wp-json\/wp\/v2\/pages"}],"about":[{"href":"https:\/\/elfsight.com\/pl\/wp-json\/wp\/v2\/types\/page"}],"author":[{"embeddable":true,"href":"https:\/\/elfsight.com\/pl\/wp-json\/wp\/v2\/users\/9"}],"replies":[{"embeddable":true,"href":"https:\/\/elfsight.com\/pl\/wp-json\/wp\/v2\/comments?post=6808"}],"version-history":[{"count":1,"href":"https:\/\/elfsight.com\/pl\/wp-json\/wp\/v2\/pages\/6808\/revisions"}],"predecessor-version":[{"id":6812,"href":"https:\/\/elfsight.com\/pl\/wp-json\/wp\/v2\/pages\/6808\/revisions\/6812"}],"up":[{"embeddable":true,"href":"https:\/\/elfsight.com\/pl\/wp-json\/wp\/v2\/pages\/938"}],"wp:attachment":[{"href":"https:\/\/elfsight.com\/pl\/wp-json\/wp\/v2\/media?parent=6808"}],"curies":[{"name":"wp","href":"https:\/\/api.w.org\/{rel}","templated":true}]}}