{"id":6799,"date":"1970-01-01T00:00:00","date_gmt":"1970-01-01T00:00:00","guid":{"rendered":"https:\/\/elfsight.com\/pl\/?page_id=6799"},"modified":"2025-06-25T09:01:42","modified_gmt":"2025-06-25T09:01:42","slug":"weebly","status":"publish","type":"page","link":"https:\/\/elfsight.com\/pl\/telegram-chat-widget\/weebly\/","title":{"rendered":"Telegram Chat &#8211; Weebly"},"content":{"rendered":"<div class=\"application-platform-content-item-description application-platform-content-item\" id=\"description\" data-nav-section=\"description\">\n<h2>Opis<\/h2>\n<p>Aplikacja Telegram firmy Elfsight to przydatny wariant umo\u017cliwiaj\u0105cy u\u017cytkownikom Twojej strony internetowej skontaktowanie si\u0119 z Tob\u0105 i uzyskanie odpowiedzi na ich pytania. B\u0105d\u017a dost\u0119pny online dla klient\u00f3w w jednym z najpopularniejszych komunikator\u00f3w 24 godziny na dob\u0119, 7 dni w tygodniu. Wstaw czat Telegram na swoj\u0105 stron\u0119 internetow\u0105 i ustaw go tak, aby pojawia\u0142 si\u0119 na najwa\u017cniejszych stronach lub dla okre\u015blonych typ\u00f3w odwiedzaj\u0105cych, ustal wyzwalacze rozpocz\u0119cia czatu, do\u0142\u0105cz niestandardow\u0105 wiadomo\u015b\u0107 powitaln\u0105, wybierz ikony i wiele wi\u0119cej. Dzi\u0119ki wbudowanemu komunikatorowi Telegram w witryn\u0119 internetow\u0105 b\u0119dziesz dost\u0119pny dla swoich pracownik\u00f3w w dowolnym czasie i miejscu.<\/p>\n<p><b>To naj\u0142atwiejszy spos\u00f3b, w jaki ludzie mog\u0105 si\u0119 z Tob\u0105 skontaktowa\u0107 i rozwi\u0105za\u0107 swoje problemy!<\/b><\/p>\n<\/div>\n\n<div class=\"application-platform-content-item-features application-platform-content-item\" id=\"features\" data-nav-section=\"features\">\n<h2>Funkcje<\/h2>\n<p>Sprawd\u017a list\u0119 wszystkich funkcji czatu Telegram. S\u0105 one dost\u0119pne bezpo\u015brednio w edytorze i pomog\u0105 Ci skonstruowa\u0107 wid\u017cet odpowiedni dla Twojego przypadku.<\/p>\n<ul>\n    <li>Dodaj komunikator Telegram na swojej stronie, aby rozmawia\u0107 z u\u017cytkownikami<\/li>\n    <li>3 rodzaje pozycji czatu: p\u0142ywaj\u0105ca dymek, osadzanie dymka i osadzanie okna czatu;<\/li>\n    <li>Zbi\u00f3r ikon dymk\u00f3w do wyboru;<\/li>\n    <li>Opcja edycji tekstu w dymku;<\/li>\n    <li>Nag\u0142\u00f3wek czatu ze zdj\u0119ciem strony, nazw\u0105 i podpisem.<\/li>\n<\/ul>\n<p><a href=\"#demo\">Zobacz, jak dzia\u0142aj\u0105 wszystkie funkcje, w naszej wersji demonstracyjnej<\/a><\/p>\n<\/div>\n\n<div class=\"application-platform-content-item-installation application-platform-content-item\" id=\"installation\" data-nav-section=\"installation\">\n<h2>Jak doda\u0107 czat telegramowy do Weebly?<\/h2>\n<div class=\"video-container\"><iframe width=\"720\" height=\"405\" src=\"https:\/\/www.youtube.com\/embed\/3O6Vd_mgOiM\" frameborder=\"0\" allowfullscreen><\/iframe><\/div>\n<p>Aby zintegrowa\u0107 wid\u017cet, post\u0119puj zgodnie z poni\u017cszymi wskaz\u00f3wkami.<\/p>\n<ol>\n    <li><b>Wykonaj bezp\u0142atn\u0105 wersj\u0119 demonstracyjn\u0105 i rozpocznij prac\u0119 z niestandardow\u0105 aplikacj\u0105.<\/b><br>Znajd\u017a niestandardowy wygl\u0105d i cechy aplikacji i zapisz wszystkie poprawki.<\/li>\n    <li><b>Odbierz unikalny kod pojawiaj\u0105cy si\u0119 w oknie aplikacji Elfsight.<\/b><br>Zaraz po zako\u0144czeniu konfiguracji aplikacji skopiuj kod z wy\u015bwietlonego wyskakuj\u0105cego okienka i zachowaj go na przysz\u0142o\u015b\u0107.<\/li>\n    <li><b>Rozpocznij korzystanie z aplikacji w witrynie Weebly.<\/b><br>Umie\u015b\u0107 ostatnio skopiowany kod w swojej witrynie i zastosuj ulepszenia.<\/li>\n    <li><b>Instalacja zosta\u0142a pomy\u015blnie uko\u0144czona.<\/b><br>Odwied\u017a swoj\u0105 witryn\u0119, aby zobaczy\u0107 dzia\u0142anie aplikacji.<\/li>\n<\/ol>\n<p>Nie wahaj si\u0119 skontaktowa\u0107 z obs\u0142ug\u0105 klienta, je\u015bli potrzebujesz pomocy lub masz pytania. Nasi specjali\u015bci ch\u0119tnie pomog\u0105 w ka\u017cdej sprawie.<\/p>\n<div class=\"faq\" data-component=\"FAQ\">\n    <div class=\"faq-item\">\r\n\t\t\t\t\t<div class=\"faq-item-question\">\r\n\t\t\t\t\t\t<h3 class=\"faq-item-question-text\">Jak mog\u0119 doda\u0107 czat Telegram do mojej witryny Weebly bez umiej\u0119tno\u015bci kodowania?<\/h3>\r\n\r\n\t\t\t\t\t\t<div class=\"faq-item-question-icon\"><\/div>\r\n\t\t\t\t\t<\/div>\r\n\r\n\t\t\t\t\t<div class=\"faq-item-answer\">\r\n\t\t\t\t\t\t<div class=\"faq-item-answer-text\">\n    <p>Elfsight zapewnia rozwi\u0105zanie SaaS, kt\u00f3re pozwala utworzy\u0107 samodzielnie wid\u017cet czatu Telegram, przekonaj si\u0119, jak \u0142atwy jest ten proces: Pracuj bezpo\u015brednio w edytorze online, aby utworzy\u0107 wid\u017cet czatu Telegram, kt\u00f3ry chcesz widzie\u0107 w swojej witrynie Weebly. Wybierz jeden z gotowych szablon\u00f3w i dostosuj ustawienia czatu Telegram, dodaj tre\u015b\u0107, zmie\u0144 uk\u0142ad i kolory bez umiej\u0119tno\u015bci kodowania. Zapisz czat Telegram i skopiuj jego kod instalacyjny, kt\u00f3ry mo\u017cesz \u0142atwo umie\u015bci\u0107 na swojej stronie Weebly bez konieczno\u015bci kupowania p\u0142atnego planu. Dzi\u0119ki naszemu intuicyjnemu edytorowi ka\u017cdy u\u017cytkownik Internetu mo\u017ce utworzy\u0107 wid\u017cet czatu Telegram online i \u0142atwo osadzi\u0107 go na swojej stronie internetowej Weebly. Aby uzyska\u0107 dost\u0119p do us\u0142ugi, nie trzeba p\u0142aci\u0107 ani wprowadza\u0107 danych uwierzytelniaj\u0105cych karty. Je\u015bli na kt\u00f3rymkolwiek etapie napotkasz jakiekolwiek problemy, skontaktuj si\u0119 z naszym zespo\u0142em pomocy technicznej.<\/p>\n    <\/div>\r\n\t\t\t\t\t<\/div>\r\n\t\t\t\t<\/div>\n<\/div>\n<\/div>","protected":false},"excerpt":{"rendered":"","protected":false},"author":9,"featured_media":0,"parent":938,"menu_order":0,"comment_status":"closed","ping_status":"closed","template":"templates\/template-application-platform.php","meta":{"publish_to_discourse":"","publish_post_category":"","wpdc_auto_publish_overridden":"","wpdc_topic_tags":"","wpdc_pin_topic":"","wpdc_pin_until":"","discourse_post_id":"","discourse_permalink":"","wpdc_publishing_response":"","wpdc_publishing_error":"","footnotes":""},"class_list":["post-6799","page","type-page","status-publish","hentry"],"yoast_head":"<!-- This site is optimized with the Yoast SEO plugin v25.3.1 - https:\/\/yoast.com\/wordpress\/plugins\/seo\/ -->\n<title>Dodaj okno czatu Telegram do witryny Weebly (bezp\u0142atnie i szybko)<\/title>\n<meta name=\"description\" content=\"Kszta\u0142towanie aplikacji Telegram Chat Box i umieszczanie jej w witrynie Weebly jest \u0142atwe. Obs\u0142uga klienta Elfsight jest bezp\u0142atna i szybka.\" \/>\n<meta name=\"robots\" content=\"index, follow, max-snippet:-1, max-image-preview:large, max-video-preview:-1\" \/>\n<link rel=\"canonical\" href=\"https:\/\/elfsight.com\/pl\/telegram-chat-widget\/weebly\/\" \/>\n<meta property=\"og:locale\" content=\"pl_PL\" \/>\n<meta property=\"og:type\" content=\"article\" \/>\n<meta property=\"og:title\" content=\"Dodaj okno czatu Telegram do witryny Weebly (bezp\u0142atnie i szybko)\" \/>\n<meta property=\"og:description\" content=\"Kszta\u0142towanie aplikacji Telegram Chat Box i umieszczanie jej w witrynie Weebly jest \u0142atwe. Obs\u0142uga klienta Elfsight jest bezp\u0142atna i szybka.\" \/>\n<meta property=\"og:url\" content=\"https:\/\/elfsight.com\/pl\/telegram-chat-widget\/weebly\/\" \/>\n<meta property=\"og:site_name\" content=\"Elfsight PL\" \/>\n<meta property=\"article:modified_time\" content=\"2025-06-25T09:01:42+00:00\" \/>\n<meta name=\"twitter:card\" content=\"summary_large_image\" \/>\n<meta name=\"twitter:label1\" content=\"Szacowany czas czytania\" \/>\n\t<meta name=\"twitter:data1\" content=\"3 minuty\" \/>\n<!-- \/ Yoast SEO plugin. -->","yoast_head_json":{"title":"Dodaj okno czatu Telegram do witryny Weebly (bezp\u0142atnie i szybko)","description":"Kszta\u0142towanie aplikacji Telegram Chat Box i umieszczanie jej w witrynie Weebly jest \u0142atwe. Obs\u0142uga klienta Elfsight jest bezp\u0142atna i szybka.","robots":{"index":"index","follow":"follow","max-snippet":"max-snippet:-1","max-image-preview":"max-image-preview:large","max-video-preview":"max-video-preview:-1"},"canonical":"https:\/\/elfsight.com\/pl\/telegram-chat-widget\/weebly\/","og_locale":"pl_PL","og_type":"article","og_title":"Dodaj okno czatu Telegram do witryny Weebly (bezp\u0142atnie i szybko)","og_description":"Kszta\u0142towanie aplikacji Telegram Chat Box i umieszczanie jej w witrynie Weebly jest \u0142atwe. Obs\u0142uga klienta Elfsight jest bezp\u0142atna i szybka.","og_url":"https:\/\/elfsight.com\/pl\/telegram-chat-widget\/weebly\/","og_site_name":"Elfsight PL","article_modified_time":"2025-06-25T09:01:42+00:00","twitter_card":"summary_large_image","twitter_misc":{"Szacowany czas czytania":"3 minuty"},"schema":{"@context":"https:\/\/schema.org","@graph":[{"@type":"WebPage","@id":"https:\/\/elfsight.com\/pl\/telegram-chat-widget\/weebly\/","url":"https:\/\/elfsight.com\/pl\/telegram-chat-widget\/weebly\/","name":"Dodaj okno czatu Telegram do witryny Weebly (bezp\u0142atnie i szybko)","isPartOf":{"@id":"https:\/\/elfsight.com\/pl\/#website"},"datePublished":"1970-01-01T00:00:00+00:00","dateModified":"2025-06-25T09:01:42+00:00","description":"Kszta\u0142towanie aplikacji Telegram Chat Box i umieszczanie jej w witrynie Weebly jest \u0142atwe. Obs\u0142uga klienta Elfsight jest bezp\u0142atna i szybka.","breadcrumb":{"@id":"https:\/\/elfsight.com\/pl\/telegram-chat-widget\/weebly\/#breadcrumb"},"inLanguage":"pl-PL","potentialAction":[{"@type":"ReadAction","target":["https:\/\/elfsight.com\/pl\/telegram-chat-widget\/weebly\/"]}]},{"@type":"BreadcrumbList","@id":"https:\/\/elfsight.com\/pl\/telegram-chat-widget\/weebly\/#breadcrumb","itemListElement":[{"@type":"ListItem","position":1,"name":"Home","item":"https:\/\/elfsight.com\/pl\/"},{"@type":"ListItem","position":2,"name":"Telegram Chat","item":"https:\/\/elfsight.com\/pl\/telegram-chat-widget\/"},{"@type":"ListItem","position":3,"name":"Telegram Chat &#8211; Weebly"}]},{"@type":"WebSite","@id":"https:\/\/elfsight.com\/pl\/#website","url":"https:\/\/elfsight.com\/pl\/","name":"Elfsight PL","description":"Just another Elfsight Sites site","potentialAction":[{"@type":"SearchAction","target":{"@type":"EntryPoint","urlTemplate":"https:\/\/elfsight.com\/pl\/?s={search_term_string}"},"query-input":{"@type":"PropertyValueSpecification","valueRequired":true,"valueName":"search_term_string"}}],"inLanguage":"pl-PL"}]}},"meta_box":{"industry":"","seo_heading":"","heading":"","description":"","cta_heading":"","cta_description":"","application":"937","h1":"Czat telegramowy Weebly","h1_caption":"Pozw\u00f3l u\u017cytkownikom rozmawia\u0107 z Tob\u0105 za pomoc\u0105 telegramu bezpo\u015brednio z Twojej witryny, oferuj\u0105c kolejny szybki i wygodny kana\u0142 pomocy w Twojej witrynie Weebly.","application_category":[],"applications_title":"","applications_request_title":"","applications_request_button_text":"","hero_text":"","hero_video":"","hero_video_schema_markup":"","selling_points_title":"","selling_points_caption":"","selling_points":[],"selling_points_cta_text":"","features_title":"","features":"","ed_cta_examples_text":"","ed_cta_examples_hidden":"","ed_cta_demo_text":"","ed_cta_demo_hidden":"","why_caption":"","why_editor_title":"","why_editor_text":"","why_team_title":"","why_team_text":"","why_service_title":"","why_service_text":"","template_catalog_visible":"0","template_catalog_title":"","template_catalog_text":"","template_catalog_categories_visible":"","demo_title":"Utw\u00f3rz aplikacj\u0119 do czatu Telegram","demo_caption":"Skonfiguruj czat Telegram i dodaj go do swojej witryny Weebly za darmo!","default_faq_hidden":"","app_template_category":[],"platform":"132","template_public_id":"","codecanyon_url":"","codecanyon_item_id":"","codecanyon_price":"","pricing_caption":"","pricing_elfsight_apps_hide_column":"","pricing_elfsight_apps_url":"","pricing_codecanyon_price_caption":"","integration_category":[],"integration_request_title":"","integration_request_cta":"","integration_platform":"","integrations":[],"platform_category":[],"video_schema_markup":"","price":"od 0 USD \/ miesi\u0105c","trial":"","benefits":[{"text":"Bezp\u0142atna us\u0142uga monta\u017cu"},{"text":"Skuteczna obs\u0142uga klienta"},{"text":"14-dniowa gwarancja zwrotu pieni\u0119dzy"}],"button_url":"#demo","button_target_blank":"0","button_nofollow":"0","attributes":[{"name":"Instaluje"},{"name":"Czu\u0142y"},{"name":"Kompatybilne przegl\u0105darki"}],"tags":[],"tags_disable_links":"0","hide_more_platforms":"0","video_object":"","demo_hide_cta":"0","demo_hide_cloud_options":"0","pricing_title":"","pricing":[{"pricing_icon":"platform","pricing_title":"Elfsight Apps","pricing_title_caption":"Wersja wieloplatformowa, kt\u00f3ra dzia\u0142a na ka\u017cdej stronie internetowej","pricing_price":"od 0 USD \/ miesi\u0105c","pricing_price_caption":"zacznij od bezp\u0142atnego planu","pricing_benefits":[{"text":"Nielimitowane strony internetowe"},{"text":"Najwy\u017csza obs\u0142uga klienta"},{"text":"Bezp\u0142atna us\u0142uga monta\u017cu"},{"text":"W pe\u0142ni konfigurowalny"}],"pricing_button_text":"Dodaj do witryny","pricing_button_url":"#demo"}],"related_apps_title":"","related_apps_hidden":"0","author":"","image":[],"title":"","job":"","social_networks":[]},"_links":{"self":[{"href":"https:\/\/elfsight.com\/pl\/wp-json\/wp\/v2\/pages\/6799","targetHints":{"allow":["GET"]}}],"collection":[{"href":"https:\/\/elfsight.com\/pl\/wp-json\/wp\/v2\/pages"}],"about":[{"href":"https:\/\/elfsight.com\/pl\/wp-json\/wp\/v2\/types\/page"}],"author":[{"embeddable":true,"href":"https:\/\/elfsight.com\/pl\/wp-json\/wp\/v2\/users\/9"}],"replies":[{"embeddable":true,"href":"https:\/\/elfsight.com\/pl\/wp-json\/wp\/v2\/comments?post=6799"}],"version-history":[{"count":3,"href":"https:\/\/elfsight.com\/pl\/wp-json\/wp\/v2\/pages\/6799\/revisions"}],"predecessor-version":[{"id":10461,"href":"https:\/\/elfsight.com\/pl\/wp-json\/wp\/v2\/pages\/6799\/revisions\/10461"}],"up":[{"embeddable":true,"href":"https:\/\/elfsight.com\/pl\/wp-json\/wp\/v2\/pages\/938"}],"wp:attachment":[{"href":"https:\/\/elfsight.com\/pl\/wp-json\/wp\/v2\/media?parent=6799"}],"curies":[{"name":"wp","href":"https:\/\/api.w.org\/{rel}","templated":true}]}}