{"id":6797,"date":"1970-01-01T00:00:00","date_gmt":"1970-01-01T00:00:00","guid":{"rendered":"https:\/\/elfsight.com\/pl\/?page_id=6797"},"modified":"2024-11-14T09:28:54","modified_gmt":"2024-11-14T09:28:54","slug":"wordpress","status":"publish","type":"page","link":"https:\/\/elfsight.com\/pl\/telegram-chat-widget\/wordpress\/","title":{"rendered":"Telegram Chat &#8211; WordPress"},"content":{"rendered":"<div class=\"application-platform-content-item-description application-platform-content-item\" id=\"description\" data-nav-section=\"description\"><h2>Osad\u017a czat telegramowy na WordPress za pomoc\u0105 wid\u017cetu Elfsight<\/h2><p>Wtyczka Telegram stworzona przez Elfsight to prosty spos\u00f3b na twoj\u0105 stron\u0119 internetow\u0105 odbiorc\u00f3w, aby mogli si\u0119 z Tob\u0105 skontaktowa\u0107 i uzyska\u0107 odpowiedzi na ich pytania. B\u0105d\u017a dost\u0119pny na \u017cywo dla swoich go\u015bci w najwygodniejszym komunikatorze, niezale\u017cnie od tego, gdzie si\u0119 znajdujesz. Wklej Telegram Chat do swojego sklepu, a b\u0119dzie on wy\u015bwietlany na wybranych stronach lub dla okre\u015blonych kategorii odwiedzaj\u0105cych, przypisuj wyzwalacze rozpocz\u0119cia czatu, wy\u015blij osobist\u0105 wiadomo\u015b\u0107 powitaln\u0105, wybierz ikony i r\u00f3b wi\u0119cej. Korzystaj\u0105c z komunikatora Telegram na swojej stronie internetowej, b\u0119dziesz w kontakcie z odbiorcami w dowolnym momencie i niezale\u017cnie od tego, gdzie si\u0119 znajdujesz.<\/p><p><b>To jeden z najwygodniejszych sposob\u00f3w, aby ludzie mogli si\u0119 z Tob\u0105 skontaktowa\u0107 i rozwi\u0105za\u0107 ich problemy !<\/b><\/p><\/div><div class=\"application-platform-content-item-features application-platform-content-item\" id=\"features\" data-nav-section=\"features\"><h2>G\u0142\u00f3wne cechy wid\u017cetu Czat Telegram<\/h2><p>Zobacz wszystkie funkcje Czatu Telegram. Mo\u017cesz ustawi\u0107 je bezpo\u015brednio w edytorze, a pomog\u0105 Ci stworzy\u0107 wid\u017cet specjalnie dla Twojego przypadku u\u017cycia.<\/p><ul><li>Zintegruj komunikator Telegram ze swoj\u0105 witryn\u0105, aby m\u00f3c rozmawia\u0107 z u\u017cytkownikami<\/li><li> 3 rodzaje pozycji czatu: p\u0142ywaj\u0105ca ba\u0144ka, osadzona ba\u0144ka i osadzone okno czatu;<\/li><li>Zbi\u00f3r ikon b\u0105belk\u00f3w do wyboru;<\/li><li>Edytowalny tekst w dymku;<\/li><li> Nag\u0142\u00f3wek czatu z logo strony, nazw\u0105 i podpisem.<\/li><\/ul><p><a href=\"#demo\">Sprawd\u017a wszystkie inne funkcje w wersji demonstracyjnej<\/a><\/p><\/div> <div class=\"application-platform-content-item-installation application-platform-content-item\" id=\"installation\" data-nav-section=\"installation\"><h2>Jak doda\u0107 czat Telegram do mojej witryny WordPress?<\/h2><div class=\"video-container\"><iframe width=\"720\" height=\"405\" src=\"https:\/\/www.youtube.com\/embed\/-zbexa8DP5E\" frameborder=\"0\" allowfullscreen=\"\"><\/iframe><\/div><p>Wystarczy wykona\u0107 poni\u017csze wskaz\u00f3wki, aby rozpocz\u0105\u0107 prac\u0119 z narz\u0119dziem w WordPressie. <\/p> <ol><li><b>Otw\u00f3rz nasze bezp\u0142atne demo i zacznij tworzy\u0107 spersonalizowany widget. <\/b><br> Okre\u015bl niestandardowy uk\u0142ad i parametry narz\u0119dzia i zastosuj poprawki. <\/li> <li><b>Skopiuj unikalny kod widoczny w polu aplikacji Elfsight. <\/b><br> Po zako\u0144czeniu tworzenia wid\u017cetu skopiuj kod osobisty z wy\u015bwietlonego okna i zachowaj go do p\u00f3\u017aniejszego wykorzystania. <\/li> <li><b>Rozpocznij korzystanie z wtyczki Telegram Chat w witrynie WordPress. <\/b><br> Zintegruj ostatnio skopiowany kod ze swoj\u0105 stron\u0105 i zastosuj zmiany. <\/li> <li><b>Konfiguracja zosta\u0142a pomy\u015blnie uko\u0144czona. <\/b><br> Przejd\u017a na swoj\u0105 stron\u0119 i sprawd\u017a, jak dzia\u0142a narz\u0119dzie. <\/li><\/ol> <p>Nie wahaj si\u0119 skontaktowa\u0107 z obs\u0142ug\u0105 techniczn\u0105, je\u015bli potrzebujesz pomocy lub masz problemy. Nasi specjali\u015bci pomog\u0105 w ka\u017cdej sprawie.<\/p><\/div><div class=\"faq\" data-component=\"FAQ\"><div class=\"faq-item\">\r\n\t\t\t\t\t<div class=\"faq-item-question\">\r\n\t\t\t\t\t\t<h3 class=\"faq-item-question-text\">W jaki spos\u00f3b mog\u0119 osadzi\u0107 czat Telegram w mojej witrynie WordPress? <\/h3>\r\n\r\n\t\t\t\t\t\t<div class=\"faq-item-question-icon\"><\/div>\r\n\t\t\t\t\t<\/div>\r\n\r\n\t\t\t\t\t<div class=\"faq-item-answer\">\r\n\t\t\t\t\t\t<div class=\"faq-item-answer-text\"><p>Tworzenie widgetu odbywa si\u0119 w witrynie Elfsight i nie trzeba kodowa\u0107. Skorzystaj z wersji demonstracyjnej na \u017cywo, aby dostosowa\u0107 swoj\u0105 osobist\u0105 wtyczk\u0119, uzyskaj kod i dodaj go do swojej witryny. <\/p><\/div>\r\n\t\t\t\t\t<\/div>\r\n\t\t\t\t<\/div><div class=\"faq-item\">\r\n\t\t\t\t\t<div class=\"faq-item-question\">\r\n\t\t\t\t\t\t<h3 class=\"faq-item-question-text\">Najlepsze przyk\u0142ady wykorzystania integracji Telegram Messenger<\/h3>\r\n\r\n\t\t\t\t\t\t<div class=\"faq-item-question-icon\"><\/div>\r\n\t\t\t\t\t<\/div>\r\n\r\n\t\t\t\t\t<div class=\"faq-item-answer\">\r\n\t\t\t\t\t\t<div class=\"faq-item-answer-text\"><p>Mamy wiele mo\u017cliwo\u015bci dostosowania: pe\u0142nowymiarowe wid\u017cety do wdro\u017cenia w obszarze tre\u015bci, p\u0142ywaj\u0105ce wid\u017cety dla funkcji przewijania, miniatury stopki, sekcji nag\u0142\u00f3wka i wszystkich odmian opcji pionowych pask\u00f3w bocznych i menu. <\/p><\/div>\r\n\t\t\t\t\t<\/div>\r\n\t\t\t\t<\/div><div class=\"faq-item\">\r\n\t\t\t\t\t<div class=\"faq-item-question\">\r\n\t\t\t\t\t\t<h3 class=\"faq-item-question-text\">Czy mog\u0119 utworzy\u0107 komunikator telegramowy dotycz\u0105cy sprzeda\u017cy lub rezerwacji przy pomocy Twojego edytora? <\/h3>\r\n\r\n\t\t\t\t\t\t<div class=\"faq-item-question-icon\"><\/div>\r\n\t\t\t\t\t<\/div>\r\n\r\n\t\t\t\t\t<div class=\"faq-item-answer\">\r\n\t\t\t\t\t\t<div class=\"faq-item-answer-text\"><p>Mo\u017cesz stworzy\u0107 dowolne odmiany wid\u017cetu. W edytorze dost\u0119pnych jest wiele uk\u0142ad\u00f3w, a ka\u017cdy z nich mo\u017cna \u0142atwo spersonalizowa\u0107 wed\u0142ug w\u0142asnych upodoba\u0144. <\/p><\/div>\r\n\t\t\t\t\t<\/div>\r\n\t\t\t\t<\/div><div class=\"faq-item\">\r\n\t\t\t\t\t<div class=\"faq-item-question\">\r\n\t\t\t\t\t\t<h3 class=\"faq-item-question-text\">Czy mo\u017cesz poleci\u0107 wi\u0119cej wid\u017cet\u00f3w dla mojej witryny WordPress?<\/h3>\r\n\r\n\t\t\t\t\t\t<div class=\"faq-item-question-icon\"><\/div>\r\n\t\t\t\t\t<\/div>\r\n\r\n\t\t\t\t\t<div class=\"faq-item-answer\">\r\n\t\t\t\t\t\t<div class=\"faq-item-answer-text\"><p>WordPress zapewnia ogromn\u0105 liczb\u0119 korzystnych wtyczek dla ka\u017cdego rodzaju witryny: od blog\u00f3w po ogromne rynki internetowe. Mo\u017cesz uzyska\u0107 jeszcze wi\u0119cej wtyczek doskona\u0142ej jako\u015bci od Elfsight.<\/p><p>Mo\u017cesz na przyk\u0142ad u\u017cy\u0107 <a href=\"https:\/\/elfsight.com\/whatsapp-chat-widget\/wordpress\/\" target=\" _blank\" rel=\"noopener\">Czat WhatsApp<\/a>, <a href=\"https:\/\/elfsight.com\/facebook-chat-widget\/wordpress\/\" target=\"_blank\" rel=\"noopener\">Czat na Facebooku <\/a> lub <a href=\"https:\/\/elfsight.com\/viber-chat-widget\/wordpress\/\" target=\"_blank\" rel=\"noopener\">czat Viber<\/a>, aby kontaktowa\u0107 si\u0119 z osobami odwiedzaj\u0105cymi witryn\u0119 za po\u015brednictwem ich ulubiony komunikator. Mo\u017cesz tak\u017ce doda\u0107 do witryny suwak Recenzji i Referencji Google, aby zaprezentowa\u0107 najbardziej niesamowite referencje na temat Twojej firmy. Aby zwi\u0119kszy\u0107 r\u00f3\u017cnorodno\u015b\u0107 tre\u015bci na swojej stronie internetowej za pomoc\u0105 film\u00f3w, dodaj galeri\u0119 YouTube.<\/p><\/div>\r\n\t\t\t\t\t<\/div>\r\n\t\t\t\t<\/div><\/div>","protected":false},"excerpt":{"rendered":"","protected":false},"author":9,"featured_media":0,"parent":938,"menu_order":0,"comment_status":"closed","ping_status":"closed","template":"templates\/template-application-platform.php","meta":{"publish_to_discourse":"","publish_post_category":"","wpdc_auto_publish_overridden":"","wpdc_topic_tags":"","wpdc_pin_topic":"","wpdc_pin_until":"","discourse_post_id":"","discourse_permalink":"","wpdc_publishing_response":"","wpdc_publishing_error":"","footnotes":""},"class_list":["post-6797","page","type-page","status-publish","hentry"],"yoast_head":"<!-- This site is optimized with the Yoast SEO plugin v25.3.1 - https:\/\/yoast.com\/wordpress\/plugins\/seo\/ -->\n<title>Wid\u017cet czatu telegramowego | Dodaj okno czatu Telegram do witryny WordPress<\/title>\n<meta name=\"description\" content=\"Utw\u00f3rz i dodaj w\u0142asny widget czatu Telegram do witryny WordPress! Uzyskaj bezp\u0142atn\u0105 obs\u0142ug\u0119 klienta i inne korzy\u015bci od Elfsight.\" \/>\n<meta name=\"robots\" content=\"index, follow, max-snippet:-1, max-image-preview:large, max-video-preview:-1\" \/>\n<link rel=\"canonical\" href=\"https:\/\/elfsight.com\/pl\/telegram-chat-widget\/wordpress\/\" \/>\n<meta property=\"og:locale\" content=\"pl_PL\" \/>\n<meta property=\"og:type\" content=\"article\" \/>\n<meta property=\"og:title\" content=\"Wid\u017cet czatu telegramowego | Dodaj okno czatu Telegram do witryny WordPress\" \/>\n<meta property=\"og:description\" content=\"Utw\u00f3rz i dodaj w\u0142asny widget czatu Telegram do witryny WordPress! Uzyskaj bezp\u0142atn\u0105 obs\u0142ug\u0119 klienta i inne korzy\u015bci od Elfsight.\" \/>\n<meta property=\"og:url\" content=\"https:\/\/elfsight.com\/pl\/telegram-chat-widget\/wordpress\/\" \/>\n<meta property=\"og:site_name\" content=\"Elfsight PL\" \/>\n<meta property=\"article:modified_time\" content=\"2024-11-14T09:28:54+00:00\" \/>\n<meta name=\"twitter:card\" content=\"summary_large_image\" \/>\n<meta name=\"twitter:label1\" content=\"Szacowany czas czytania\" \/>\n\t<meta name=\"twitter:data1\" content=\"3 minuty\" \/>\n<!-- \/ Yoast SEO plugin. -->","yoast_head_json":{"title":"Wid\u017cet czatu telegramowego | Dodaj okno czatu Telegram do witryny WordPress","description":"Utw\u00f3rz i dodaj w\u0142asny widget czatu Telegram do witryny WordPress! Uzyskaj bezp\u0142atn\u0105 obs\u0142ug\u0119 klienta i inne korzy\u015bci od Elfsight.","robots":{"index":"index","follow":"follow","max-snippet":"max-snippet:-1","max-image-preview":"max-image-preview:large","max-video-preview":"max-video-preview:-1"},"canonical":"https:\/\/elfsight.com\/pl\/telegram-chat-widget\/wordpress\/","og_locale":"pl_PL","og_type":"article","og_title":"Wid\u017cet czatu telegramowego | Dodaj okno czatu Telegram do witryny WordPress","og_description":"Utw\u00f3rz i dodaj w\u0142asny widget czatu Telegram do witryny WordPress! Uzyskaj bezp\u0142atn\u0105 obs\u0142ug\u0119 klienta i inne korzy\u015bci od Elfsight.","og_url":"https:\/\/elfsight.com\/pl\/telegram-chat-widget\/wordpress\/","og_site_name":"Elfsight PL","article_modified_time":"2024-11-14T09:28:54+00:00","twitter_card":"summary_large_image","twitter_misc":{"Szacowany czas czytania":"3 minuty"},"schema":{"@context":"https:\/\/schema.org","@graph":[{"@type":"WebPage","@id":"https:\/\/elfsight.com\/pl\/telegram-chat-widget\/wordpress\/","url":"https:\/\/elfsight.com\/pl\/telegram-chat-widget\/wordpress\/","name":"Wid\u017cet czatu telegramowego | Dodaj okno czatu Telegram do witryny WordPress","isPartOf":{"@id":"https:\/\/elfsight.com\/pl\/#website"},"datePublished":"1970-01-01T00:00:00+00:00","dateModified":"2024-11-14T09:28:54+00:00","description":"Utw\u00f3rz i dodaj w\u0142asny widget czatu Telegram do witryny WordPress! Uzyskaj bezp\u0142atn\u0105 obs\u0142ug\u0119 klienta i inne korzy\u015bci od Elfsight.","breadcrumb":{"@id":"https:\/\/elfsight.com\/pl\/telegram-chat-widget\/wordpress\/#breadcrumb"},"inLanguage":"pl-PL","potentialAction":[{"@type":"ReadAction","target":["https:\/\/elfsight.com\/pl\/telegram-chat-widget\/wordpress\/"]}]},{"@type":"BreadcrumbList","@id":"https:\/\/elfsight.com\/pl\/telegram-chat-widget\/wordpress\/#breadcrumb","itemListElement":[{"@type":"ListItem","position":1,"name":"Home","item":"https:\/\/elfsight.com\/pl\/"},{"@type":"ListItem","position":2,"name":"Telegram Chat","item":"https:\/\/elfsight.com\/pl\/telegram-chat-widget\/"},{"@type":"ListItem","position":3,"name":"Telegram Chat &#8211; WordPress"}]},{"@type":"WebSite","@id":"https:\/\/elfsight.com\/pl\/#website","url":"https:\/\/elfsight.com\/pl\/","name":"Elfsight PL","description":"Just another Elfsight Sites site","potentialAction":[{"@type":"SearchAction","target":{"@type":"EntryPoint","urlTemplate":"https:\/\/elfsight.com\/pl\/?s={search_term_string}"},"query-input":{"@type":"PropertyValueSpecification","valueRequired":true,"valueName":"search_term_string"}}],"inLanguage":"pl-PL"}]}},"meta_box":{"industry":"","seo_heading":"","heading":"","description":"","cta_heading":"","cta_description":"","application":"937","h1":"Czat telegramowy WordPress","h1_caption":"Pozw\u00f3l u\u017cytkownikom rozmawia\u0107 z Tob\u0105 za po\u015brednictwem telegramu bezpo\u015brednio z Twojej witryny, oferuj\u0105c bez wysi\u0142ku kolejny szybki i wygodny kana\u0142 pomocy w Twojej witrynie WordPress.","application_category":[],"applications_title":"","applications_request_title":"","applications_request_button_text":"","hero_text":"","hero_video":"","hero_video_schema_markup":"","selling_points_title":"","selling_points_caption":"","selling_points":[],"selling_points_cta_text":"","features_title":"","features":"","ed_cta_examples_text":"","ed_cta_examples_hidden":"","ed_cta_demo_text":"","ed_cta_demo_hidden":"","why_caption":"","why_editor_title":"","why_editor_text":"","why_team_title":"","why_team_text":"","why_service_title":"","why_service_text":"","template_catalog_visible":"","template_catalog_title":"","template_catalog_text":"","template_catalog_categories_visible":"","demo_title":"Utw\u00f3rz wtyczk\u0119 czatu Telegram","demo_caption":"Skonfiguruj czat Telegram i dodaj go do swojej witryny WordPress za darmo!","default_faq_hidden":"","app_template_category":[],"platform":"31","template_public_id":"","codecanyon_url":"","codecanyon_item_id":"","codecanyon_price":"","pricing_caption":"","pricing_elfsight_apps_hide_column":"","pricing_elfsight_apps_url":"","pricing_codecanyon_price_caption":"","integration_category":[],"integration_request_title":"","integration_request_cta":"","integration_platform":"","integrations":[],"platform_category":[],"video_schema_markup":"","price":"od 0 USD \/ miesi\u0105c","trial":"","benefits":[{"text":"Bezp\u0142atna us\u0142uga monta\u017cu"},{"text":"14-dniowa gwarancja zwrotu pieni\u0119dzy"},{"text":"Wsparcie premium"}],"button_url":"#demo","button_target_blank":"","button_nofollow":"","attributes":[{"name":"Instaluje"},{"name":"Czu\u0142y"},{"name":"Kompatybilne przegl\u0105darki"}],"tags":[],"tags_disable_links":"","hide_more_platforms":"","video_object":"","demo_hide_cta":"","demo_hide_cloud_options":"","pricing_title":"","pricing":[{"pricing_icon":"platform","pricing_title":"Elfsight Apps","pricing_title_caption":"Oprogramowanie wieloplatformowe, kt\u00f3re dzia\u0142a na dowolnej witrynie","pricing_price":"od 0 USD \/ miesi\u0105c","pricing_price_caption":"zacznij od bezp\u0142atnego planu","pricing_benefits":[{"text":"Nielimitowane domeny"},{"text":"Szybka i terminowa pomoc oraz dobrze udokumentowana"},{"text":"Bezp\u0142atna pomoc w instalacji"},{"text":"Oferta ograniczona czasowo dla wielu aplikacji"}],"pricing_button_text":"Dodaj do witryny","pricing_button_url":"#demo"}],"related_apps_title":"","related_apps_hidden":"","author":"","image":[],"title":"","job":"","social_networks":[]},"_links":{"self":[{"href":"https:\/\/elfsight.com\/pl\/wp-json\/wp\/v2\/pages\/6797","targetHints":{"allow":["GET"]}}],"collection":[{"href":"https:\/\/elfsight.com\/pl\/wp-json\/wp\/v2\/pages"}],"about":[{"href":"https:\/\/elfsight.com\/pl\/wp-json\/wp\/v2\/types\/page"}],"author":[{"embeddable":true,"href":"https:\/\/elfsight.com\/pl\/wp-json\/wp\/v2\/users\/9"}],"replies":[{"embeddable":true,"href":"https:\/\/elfsight.com\/pl\/wp-json\/wp\/v2\/comments?post=6797"}],"version-history":[{"count":2,"href":"https:\/\/elfsight.com\/pl\/wp-json\/wp\/v2\/pages\/6797\/revisions"}],"predecessor-version":[{"id":8053,"href":"https:\/\/elfsight.com\/pl\/wp-json\/wp\/v2\/pages\/6797\/revisions\/8053"}],"up":[{"embeddable":true,"href":"https:\/\/elfsight.com\/pl\/wp-json\/wp\/v2\/pages\/938"}],"wp:attachment":[{"href":"https:\/\/elfsight.com\/pl\/wp-json\/wp\/v2\/media?parent=6797"}],"curies":[{"name":"wp","href":"https:\/\/api.w.org\/{rel}","templated":true}]}}