{"id":6792,"date":"1970-01-01T00:00:00","date_gmt":"1970-01-01T00:00:00","guid":{"rendered":"https:\/\/elfsight.com\/pl\/?page_id=6792"},"modified":"2025-06-25T08:55:34","modified_gmt":"2025-06-25T08:55:34","slug":"facebook","status":"publish","type":"page","link":"https:\/\/elfsight.com\/pl\/telegram-chat-widget\/facebook\/","title":{"rendered":"Telegram Chat &#8211; Facebook Page"},"content":{"rendered":"<div class=\"application-platform-content-item-description application-platform-content-item\" id=\"description\" data-nav-section=\"description\">\n<h2>Opis<\/h2>\n<p>Czat telegramowy w Elfsight to najszybszy spos\u00f3b, aby odwiedzaj\u0105cy Twoj\u0105 stron\u0119 mogli si\u0119 z Tob\u0105 skontaktowa\u0107 i uzyska\u0107 odpowiedzi na swoje pytania. Teraz mo\u017cesz by\u0107 dost\u0119pny online dla widz\u00f3w w ulubionym komunikatorze przez ca\u0142y dzie\u0144. Dodaj wid\u017cet Telegram do strony swojej firmy i udost\u0119pnij go wybranym grupom u\u017cytkownik\u00f3w, przypisz wyzwalacze rozpocz\u0119cia czatu, wy\u015bwietl niestandardow\u0105 wiadomo\u015b\u0107 powitaln\u0105, wybierz ikony i zastosuj inne dostosowania. Dzi\u0119ki temu, \u017ce Telegram dzia\u0142a na Twojej stronie, b\u0119dziesz dost\u0119pny dla swoich odbiorc\u00f3w w dowolnym miejscu i czasie.<\/p>\n<p>Uczy\u0144 maksymalnie \u0142atwym \u0142\u0105czenie si\u0119 z Tob\u0105 za po\u015brednictwem czatu Telegram!<\/p>\n<\/div>\n\n<div class=\"application-platform-content-item-features application-platform-content-item\" id=\"features\" data-nav-section=\"features\">\n<h2>Funkcje<\/h2>\n<p>Sprawd\u017a wszystkie funkcje czatu Telegram. S\u0105 one dost\u0119pne bezpo\u015brednio w edytorze i pomog\u0105 Ci skonstruowa\u0107 wid\u017cet dostosowany do Twoich potrzeb.<\/p>\n<ul>\n    <li>Umie\u015b\u0107 komunikator Telegram na swojej stronie, aby m\u00f3c rozmawia\u0107 z odwiedzaj\u0105cymi<\/li>\n    <li>3 warianty pozycji czatu: p\u0142ywaj\u0105ca ba\u0144ka, osadzanie ba\u0144ki i osadzanie okna czatu;<\/li>\n    <li>Zbi\u00f3r ikon b\u0105belk\u00f3w do wyboru;<\/li>\n    <li>Edytowalny tekst w dymku;<\/li>\n    <li>Nag\u0142\u00f3wek czatu z logo strony, nazwa i podpis.<\/li>\n<\/ul>\n<p><a href=\"#demo\">Sprawd\u017a wszystkie inne funkcje w wersji demonstracyjnej<\/a><\/p>\n<\/div>\n\n<div class=\"application-platform-content-item-installation application-platform-content-item\" id=\"installation\" data-nav-section=\"installation\">\n<h2>Jak doda\u0107 zak\u0142adk\u0119 Czat w Telegramie do swojej strony firmowej na Facebooku?<\/h2>\n<p>Aby aktywowa\u0107 wid\u017cet na swojej stronie, post\u0119puj zgodnie z poni\u017cszymi instrukcjami.<\/p>\n<ol>\n    <li>Stw\u00f3rz spersonalizowany wid\u017cet czatu<br>Korzystaj\u0105c z naszej bezp\u0142atnej wersji demonstracyjnej, utw\u00f3rz wtyczk\u0119 o niestandardowym wygl\u0105dzie i dodaj sw\u00f3j numer.<\/li>\n    <li>Uzyskaj osobisty kod, aby zintegrowa\u0107 wid\u017cet<br>Po utworzeniu wid\u017cetu otrzymasz unikalny kod z powiadomienia pojawiaj\u0105cego si\u0119 w aplikacjach Elfsight. Skopiuj go do p\u00f3\u017aniejszego wykorzystania.<\/li>\n    <li>Dodaj kart\u0119 Telegram do strony na Facebooku<br>Utw\u00f3rz niestandardow\u0105 kart\u0119 na Facebooku. Wpisz w zak\u0142adce kod otrzymany w aplikacji Elfsight. Je\u015bli masz jakiekolwiek problemy, po prostu zapoznaj si\u0119 z naszym przewodnikiem na stronie <a href=\"https:\/\/elfsight.com\/blog\/how-to-add-custom-tab-to-facebook-page\/\" target=\"_blank\" rel=\"noopener noreferrer\">tworzenie niestandardowej karty Facebook<\/a><\/li>\n    <li>Konfiguracja zosta\u0142a uko\u0144czona<br>Przejd\u017a na swoj\u0105 stron\u0119, aby sprawdzi\u0107 swoj\u0105 prac\u0119.<\/li>\n<\/ol>\n<p>Nie wahaj si\u0119 i skontaktuj si\u0119 z obs\u0142ug\u0105 klienta Elfsight, je\u015bli potrzebujesz pomocy lub masz pytania. Nasi specjali\u015bci pomog\u0105 w ka\u017cdej sprawie.<\/p>\n<div class=\"faq\" data-component=\"FAQ\">\n    <div class=\"faq-item\">\r\n\t\t\t\t\t<div class=\"faq-item-question\">\r\n\t\t\t\t\t\t<h3 class=\"faq-item-question-text\">Jak doda\u0107 czat Telegram do mojej strony na Facebooku bez umiej\u0119tno\u015bci kodowania?<\/h3>\r\n\r\n\t\t\t\t\t\t<div class=\"faq-item-question-icon\"><\/div>\r\n\t\t\t\t\t<\/div>\r\n\r\n\t\t\t\t\t<div class=\"faq-item-answer\">\r\n\t\t\t\t\t\t<div class=\"faq-item-answer-text\">\n    <p>Elfsight zapewnia rozwi\u0105zanie SaaS, kt\u00f3re pozwala utw\u00f3rz samodzielnie wid\u017cet czatu Telegram, przekonaj si\u0119, jak \u0142atwy jest ten proces: Pracuj bezpo\u015brednio w edytorze online, aby utworzy\u0107 wid\u017cet czatu Telegram, kt\u00f3ry chcesz zobaczy\u0107 na swojej stronie na Facebooku. Wybierz jeden z gotowych szablon\u00f3w i dostosuj ustawienia czatu Telegram, dodaj tre\u015b\u0107, zmie\u0144 uk\u0142ad i kolory bez umiej\u0119tno\u015bci kodowania. Zapisz czat Telegram i skopiuj jego kod instalacyjny, kt\u00f3ry mo\u017cesz \u0142atwo wklei\u0107 na swojej stronie na Facebooku bez kupowania p\u0142atnego planu. Dzi\u0119ki naszemu intuicyjnemu edytorowi ka\u017cdy u\u017cytkownik Internetu mo\u017ce utworzy\u0107 wid\u017cet czatu Telegram online i \u0142atwo osadzi\u0107 go na swojej stronie na Facebooku. Aby uzyska\u0107 dost\u0119p do us\u0142ugi, nie trzeba p\u0142aci\u0107 ani wprowadza\u0107 danych uwierzytelniaj\u0105cych karty. Je\u015bli na kt\u00f3rymkolwiek etapie napotkasz jakiekolwiek problemy, skontaktuj si\u0119 z naszym zespo\u0142em pomocy technicznej.<\/p>\n    <\/div>\r\n\t\t\t\t\t<\/div>\r\n\t\t\t\t<\/div>\n<\/div>\n<\/div>","protected":false},"excerpt":{"rendered":"","protected":false},"author":9,"featured_media":0,"parent":938,"menu_order":0,"comment_status":"closed","ping_status":"closed","template":"templates\/template-application-platform.php","meta":{"publish_to_discourse":"","publish_post_category":"","wpdc_auto_publish_overridden":"","wpdc_topic_tags":"","wpdc_pin_topic":"","wpdc_pin_until":"","discourse_post_id":"","discourse_permalink":"","wpdc_publishing_response":"","wpdc_publishing_error":"","footnotes":""},"class_list":["post-6792","page","type-page","status-publish","hentry"],"yoast_head":"<!-- This site is optimized with the Yoast SEO plugin v25.3.1 - https:\/\/yoast.com\/wordpress\/plugins\/seo\/ -->\n<title>Dodaj kart\u0119 Czat Telegram do strony firmowej na Facebooku (2025)<\/title>\n<meta name=\"description\" content=\"Utworzenie karty Czat w Telegramie i dodanie jej do strony firmowej na Facebooku nie jest trudne. Obs\u0142uga klienta Elfsight jest bezp\u0142atna i szybka.\" \/>\n<meta name=\"robots\" content=\"index, follow, max-snippet:-1, max-image-preview:large, max-video-preview:-1\" \/>\n<link rel=\"canonical\" href=\"https:\/\/elfsight.com\/pl\/telegram-chat-widget\/facebook\/\" \/>\n<meta property=\"og:locale\" content=\"pl_PL\" \/>\n<meta property=\"og:type\" content=\"article\" \/>\n<meta property=\"og:title\" content=\"Dodaj kart\u0119 Czat Telegram do strony firmowej na Facebooku (2025)\" \/>\n<meta property=\"og:description\" content=\"Utworzenie karty Czat w Telegramie i dodanie jej do strony firmowej na Facebooku nie jest trudne. Obs\u0142uga klienta Elfsight jest bezp\u0142atna i szybka.\" \/>\n<meta property=\"og:url\" content=\"https:\/\/elfsight.com\/pl\/telegram-chat-widget\/facebook\/\" \/>\n<meta property=\"og:site_name\" content=\"Elfsight PL\" \/>\n<meta property=\"article:modified_time\" content=\"2025-06-25T08:55:34+00:00\" \/>\n<meta name=\"twitter:card\" content=\"summary_large_image\" \/>\n<meta name=\"twitter:label1\" content=\"Szacowany czas czytania\" \/>\n\t<meta name=\"twitter:data1\" content=\"3 minuty\" \/>\n<!-- \/ Yoast SEO plugin. -->","yoast_head_json":{"title":"Dodaj kart\u0119 Czat Telegram do strony firmowej na Facebooku (2025)","description":"Utworzenie karty Czat w Telegramie i dodanie jej do strony firmowej na Facebooku nie jest trudne. Obs\u0142uga klienta Elfsight jest bezp\u0142atna i szybka.","robots":{"index":"index","follow":"follow","max-snippet":"max-snippet:-1","max-image-preview":"max-image-preview:large","max-video-preview":"max-video-preview:-1"},"canonical":"https:\/\/elfsight.com\/pl\/telegram-chat-widget\/facebook\/","og_locale":"pl_PL","og_type":"article","og_title":"Dodaj kart\u0119 Czat Telegram do strony firmowej na Facebooku (2025)","og_description":"Utworzenie karty Czat w Telegramie i dodanie jej do strony firmowej na Facebooku nie jest trudne. Obs\u0142uga klienta Elfsight jest bezp\u0142atna i szybka.","og_url":"https:\/\/elfsight.com\/pl\/telegram-chat-widget\/facebook\/","og_site_name":"Elfsight PL","article_modified_time":"2025-06-25T08:55:34+00:00","twitter_card":"summary_large_image","twitter_misc":{"Szacowany czas czytania":"3 minuty"},"schema":{"@context":"https:\/\/schema.org","@graph":[{"@type":"WebPage","@id":"https:\/\/elfsight.com\/pl\/telegram-chat-widget\/facebook\/","url":"https:\/\/elfsight.com\/pl\/telegram-chat-widget\/facebook\/","name":"Dodaj kart\u0119 Czat Telegram do strony firmowej na Facebooku (2025)","isPartOf":{"@id":"https:\/\/elfsight.com\/pl\/#website"},"datePublished":"1970-01-01T00:00:00+00:00","dateModified":"2025-06-25T08:55:34+00:00","description":"Utworzenie karty Czat w Telegramie i dodanie jej do strony firmowej na Facebooku nie jest trudne. Obs\u0142uga klienta Elfsight jest bezp\u0142atna i szybka.","breadcrumb":{"@id":"https:\/\/elfsight.com\/pl\/telegram-chat-widget\/facebook\/#breadcrumb"},"inLanguage":"pl-PL","potentialAction":[{"@type":"ReadAction","target":["https:\/\/elfsight.com\/pl\/telegram-chat-widget\/facebook\/"]}]},{"@type":"BreadcrumbList","@id":"https:\/\/elfsight.com\/pl\/telegram-chat-widget\/facebook\/#breadcrumb","itemListElement":[{"@type":"ListItem","position":1,"name":"Home","item":"https:\/\/elfsight.com\/pl\/"},{"@type":"ListItem","position":2,"name":"Telegram Chat","item":"https:\/\/elfsight.com\/pl\/telegram-chat-widget\/"},{"@type":"ListItem","position":3,"name":"Telegram Chat &#8211; Facebook Page"}]},{"@type":"WebSite","@id":"https:\/\/elfsight.com\/pl\/#website","url":"https:\/\/elfsight.com\/pl\/","name":"Elfsight PL","description":"Just another Elfsight Sites site","potentialAction":[{"@type":"SearchAction","target":{"@type":"EntryPoint","urlTemplate":"https:\/\/elfsight.com\/pl\/?s={search_term_string}"},"query-input":{"@type":"PropertyValueSpecification","valueRequired":true,"valueName":"search_term_string"}}],"inLanguage":"pl-PL"}]}},"meta_box":{"industry":"","seo_heading":"","heading":"","description":"","cta_heading":"","cta_description":"","application":"937","h1":"Czat telegramowy dla strony biznesowej na Facebooku","h1_caption":"Pozw\u00f3l u\u017cytkownikom rozmawia\u0107 z Tob\u0105 za pomoc\u0105 telegramu bezpo\u015brednio z Twojej witryny, oferuj\u0105c kolejny szybki i wygodny kana\u0142 pomocy w witrynie Facebook Page.","application_category":[],"applications_title":"","applications_request_title":"","applications_request_button_text":"","hero_text":"","hero_video":"","hero_video_schema_markup":"","selling_points_title":"","selling_points_caption":"","selling_points":[],"selling_points_cta_text":"","features_title":"","features":"","ed_cta_examples_text":"","ed_cta_examples_hidden":"","ed_cta_demo_text":"","ed_cta_demo_hidden":"","why_caption":"","why_editor_title":"","why_editor_text":"","why_team_title":"","why_team_text":"","why_service_title":"","why_service_text":"","template_catalog_visible":"0","template_catalog_title":"","template_catalog_text":"","template_catalog_categories_visible":"","demo_title":"Utw\u00f3rz wid\u017cet czatu Telegram","demo_caption":"Skonfiguruj czat w Telegramie i dodaj go za darmo do swojej strony na Facebooku!","default_faq_hidden":"","app_template_category":[],"platform":"319","template_public_id":"","codecanyon_url":"","codecanyon_item_id":"","codecanyon_price":"","pricing_caption":"","pricing_elfsight_apps_hide_column":"","pricing_elfsight_apps_url":"","pricing_codecanyon_price_caption":"","integration_category":[],"integration_request_title":"","integration_request_cta":"","integration_platform":"","integrations":[],"platform_category":[],"video_schema_markup":"","price":"od 0 USD \/ miesi\u0105c","trial":"","benefits":[{"text":"Bezp\u0142atna pomoc w instalacji"},{"text":"Do\u015bwiadczona obs\u0142uga klienta"},{"text":"14-dniowa gwarancja zwrotu pieni\u0119dzy"}],"button_url":"#demo","button_target_blank":"0","button_nofollow":"0","attributes":[{"name":"Instaluje"},{"name":"Czu\u0142y"},{"name":"Kompatybilne przegl\u0105darki"}],"tags":[],"tags_disable_links":"0","hide_more_platforms":"0","video_object":"","demo_hide_cta":"0","demo_hide_cloud_options":"0","pricing_title":"","pricing":[{"pricing_icon":"platform","pricing_title":"Elfsight Apps","pricing_title_caption":"Wersja wieloplatformowa, kt\u00f3ra dzia\u0142a na ka\u017cdej stronie internetowej","pricing_price":"od 0 USD \/ miesi\u0105c","pricing_price_caption":"zacznij od bezp\u0142atnego planu","pricing_benefits":[{"text":"Nielimitowane domeny"},{"text":"Profesjonalne i terminowe wsparcie"},{"text":"Bezp\u0142atna pomoc przy instalacji"},{"text":"100% konfigurowalny"}],"pricing_button_text":"Dodaj do witryny","pricing_button_url":"#demo"}],"related_apps_title":"","related_apps_hidden":"0","author":"","image":[],"title":"","job":"","social_networks":[]},"_links":{"self":[{"href":"https:\/\/elfsight.com\/pl\/wp-json\/wp\/v2\/pages\/6792","targetHints":{"allow":["GET"]}}],"collection":[{"href":"https:\/\/elfsight.com\/pl\/wp-json\/wp\/v2\/pages"}],"about":[{"href":"https:\/\/elfsight.com\/pl\/wp-json\/wp\/v2\/types\/page"}],"author":[{"embeddable":true,"href":"https:\/\/elfsight.com\/pl\/wp-json\/wp\/v2\/users\/9"}],"replies":[{"embeddable":true,"href":"https:\/\/elfsight.com\/pl\/wp-json\/wp\/v2\/comments?post=6792"}],"version-history":[{"count":2,"href":"https:\/\/elfsight.com\/pl\/wp-json\/wp\/v2\/pages\/6792\/revisions"}],"predecessor-version":[{"id":10454,"href":"https:\/\/elfsight.com\/pl\/wp-json\/wp\/v2\/pages\/6792\/revisions\/10454"}],"up":[{"embeddable":true,"href":"https:\/\/elfsight.com\/pl\/wp-json\/wp\/v2\/pages\/938"}],"wp:attachment":[{"href":"https:\/\/elfsight.com\/pl\/wp-json\/wp\/v2\/media?parent=6792"}],"curies":[{"name":"wp","href":"https:\/\/api.w.org\/{rel}","templated":true}]}}