{"id":6776,"date":"1970-01-01T00:00:00","date_gmt":"1970-01-01T00:00:00","guid":{"rendered":"https:\/\/elfsight.com\/pl\/?page_id=6776"},"modified":"2024-11-14T12:39:37","modified_gmt":"2024-11-14T12:39:37","slug":"bigcommerce","status":"publish","type":"page","link":"https:\/\/elfsight.com\/pl\/team-showcase-widget\/bigcommerce\/","title":{"rendered":"Team Showcase &#8211; BigCommerce"},"content":{"rendered":"<div class=\"application-platform-content-item-description application-platform-content-item\" id=\"description\" data-nav-section=\"description\"> <h2>Opis<\/h2> <p>Prezentacja zespo\u0142u Elfsight to najbardziej efektowny spos\u00f3b zaprezentowania cz\u0142onk\u00f3w Twojej za\u0142ogi na Twojej stronie internetowej. Wid\u017cet pomaga og\u0142asza\u0107 zdj\u0119cia i t\u0142a dowolnego rodzaju zespo\u0142u: partner\u00f3w biznesowych, klubu sportowego, kadry profesorskiej, struktury firmy i nie tylko. Prze\u015blij zdj\u0119cie, dodaj dane kontaktowe i szczeg\u00f3\u0142owy tekst o ka\u017cdej osobie. Odwiedzaj\u0105cy b\u0119d\u0105 mieli mo\u017cliwo\u015b\u0107 p\u0142ynnego kontaktu z nimi dzi\u0119ki aktywnym linkom lub ikonom spo\u0142eczno\u015bciowym. Mo\u017cesz dowolnie tworzy\u0107 kategorie i pokazywa\u0107 format swojej firmy, wybiera\u0107 uk\u0142ad, kolory i inne cechy. Podnie\u015b wiarygodno\u015b\u0107 swojej firmy, pokazuj\u0105c jej ludzk\u0105 twarz!<\/p><div class=\"faq\" data-component=\"FAQ\"> <div class=\"faq-item\">\r\n\t\t\t\t\t<div class=\"faq-item-question\">\r\n\t\t\t\t\t\t<h3 class=\"faq-item-question-text\">Gdzie mog\u0119 wy\u015bwietli\u0107 t\u0119 wtyczk\u0119?<\/h3>\r\n\r\n\t\t\t\t\t\t<div class=\"faq-item-question-icon\"><\/div>\r\n\t\t\t\t\t<\/div>\r\n\r\n\t\t\t\t\t<div class=\"faq-item-answer\">\r\n\t\t\t\t\t\t<div class=\"faq-item-answer-text\"> <p>Dodaj portfolio swojego zespo\u0142u do ka\u017cdej strony swojej witryny, na kt\u00f3rej mo\u017cesz uznaj to za odpowiednie. Widget mo\u017ce s\u0142u\u017cy\u0107 jako jeden z element\u00f3w obszaru tre\u015bci lub mo\u017cesz ustawi\u0107 go tak, aby wype\u0142nia\u0142 ca\u0142\u0105 stron\u0119. W ten spos\u00f3b mo\u017cesz stworzy\u0107 swoj\u0105 stron\u0119 O nas za pomoc\u0105 tylko jednego widgetu.<\/p><\/div>\r\n\t\t\t\t\t<\/div>\r\n\t\t\t\t<\/div> <div class=\"faq-item\">\r\n\t\t\t\t\t<div class=\"faq-item-question\">\r\n\t\t\t\t\t\t<h3 class=\"faq-item-question-text\">Jakie mia\u0142bym z tego korzy\u015bci?<\/h3>\r\n\r\n\t\t\t\t\t\t<div class=\"faq-item-question-icon\"><\/div>\r\n\t\t\t\t\t<\/div>\r\n\r\n\t\t\t\t\t<div class=\"faq-item-answer\">\r\n\t\t\t\t\t\t<div class=\"faq-item-answer-text\"> <p>Pokazywanie rzeczywistych os\u00f3b zaanga\u017cowanych w projekt biznes podnosi swoj\u0105 przejrzysto\u015b\u0107 i podnosi postrzegan\u0105 wiarygodno\u015b\u0107. Dzi\u0119ki temu u\u017cytkownicy maj\u0105 pewno\u015b\u0107, \u017ce Twoja firma jest wiarygodnym partnerem i mo\u017ce skutkowa\u0107 wi\u0119ksz\u0105 liczb\u0105 potencjalnych klient\u00f3w i \u015bwie\u017cymi klientami. Co wi\u0119cej, \u0142atwiej b\u0119dzie si\u0119 skontaktowa\u0107 z cz\u0142onkami Twojego zespo\u0142u dzi\u0119ki dodanym do ka\u017cdej osoby informacjom kontaktowym. <\/p><\/div>\r\n\t\t\t\t\t<\/div>\r\n\t\t\t\t<\/div> <div class=\"faq-item\">\r\n\t\t\t\t\t<div class=\"faq-item-question\">\r\n\t\t\t\t\t\t<h3 class=\"faq-item-question-text\">Czego potrzebuj\u0119, aby Team Showcase znajdowa\u0142 si\u0119 w mojej witrynie BigCommerce?<\/h3>\r\n\r\n\t\t\t\t\t\t<div class=\"faq-item-question-icon\"><\/div>\r\n\t\t\t\t\t<\/div>\r\n\r\n\t\t\t\t\t<div class=\"faq-item-answer\">\r\n\t\t\t\t\t\t<div class=\"faq-item-answer-text\"> <p>Aby uruchomi\u0107 wid\u017cet, potrzeba tylko dw\u00f3ch minut. Instalacja jest naprawd\u0119 szybka, bezp\u0142atna i nie wymaga kodowania. <\/p> <p>Wid\u017cet mo\u017cna osadzi\u0107 za po\u015brednictwem naszej us\u0142ugi lub na platformie handlowej. Mo\u017cesz przeczyta\u0107 wi\u0119cej o tych wariantach i zdecydowa\u0107, kt\u00f3ry jest Tw\u00f3j. <\/p> <\/div>\r\n\t\t\t\t\t<\/div>\r\n\t\t\t\t<\/div> <\/div> <\/div> <div class=\"application-platform-content-item-features application-platform-content-item\" id=\"features\" data-nav-section=\"features\"> <h2>Funkcje<\/h2> <p>Aby lepiej zrozumie\u0107, jak dzia\u0142a Team Showcase, sprawd\u017a list\u0119 jego g\u0142\u00f3wnych funkcji. Dzi\u0119ki nim nasz widget jest niezwykle skuteczny dla Twojego biznesu: <\/p> <ul><li>Aktywne ikony medi\u00f3w spo\u0142eczno\u015bciowych oraz linki do strony i adres e-mail; <\/li><li>Adres lokalizacji osoby wy\u015bwietlany w Mapach Google po klikni\u0119ciu; <\/li><li>Wyskakuj\u0105ce okienko ujawnia wi\u0119cej biografii danej osoby; <\/li><li>2 opcje wy\u015bwietlania grup: na li\u015bcie og\u00f3lnej lub w menu; <\/li><li>4 warianty uk\u0142adu do wyboru: Siatka, Karty, Galeria lub Lista. <\/li><\/ul><p><a href=\"#demo\">Poznaj wszystkie funkcje w wersji demonstracyjnej na \u017cywo<\/a><\/p> <\/div> <div class=\"application-platform-content-item-installation application-platform-content-item\" id=\"installation\" data-nav-section=\"installation\"> <h2>Znajd\u017a dowiedz si\u0119, jak osadzi\u0107 wid\u017cet Team Showcase w witrynie BigCommerce<\/h2><div class=\"video-container\"><iframe width=\"720\" height=\"405\" src=\"https:\/\/www.youtube.com\/embed\/XwSoURpeOqw\" frameborder=\"0\" allowfullscreen=\"\"><\/iframe><\/div> <p>Wystarczy wykona\u0107 kilka krok\u00f3w opisanych poni\u017cej, aby osadzi\u0107 aplikacj\u0119 w BigCommerce.<\/p> <ol><li><b>Otw\u00f3rz nasz darmowy konfigurator i zacznij tworzy\u0107 spersonalizowany widget. <\/b><br> Wybierz preferowany uk\u0142ad i opcje aplikacji oraz zastosuj modyfikacje. <\/li> <li><b>Skopiuj sw\u00f3j indywidualny kod wy\u015bwietlony w oknie aplikacji Elfsight. <\/b><br> Gdy tylko tworzenie Twojego osobistego wid\u017cetu Team Showcase zostanie zako\u0144czone, skopiuj ekskluzywny kod z wy\u015bwietlonego pola i zapisz go na dalsze potrzeby. <\/li> <li><b>Rozpocznij korzystanie z aplikacji na swojej stronie BigCommerce. <\/b><br> Wprowad\u017a skopiowany ostatnio kod na swoj\u0105 stron\u0119 i zastosuj zmiany. <\/li> <li><b>Gotowe! Osadzanie zosta\u0142o pomy\u015blnie wykonane. <\/b><br> Przejd\u017a do swojej witryny i obserwuj dzia\u0142anie widgetu. <\/li><\/ol><p>Nadal masz w\u0105tpliwo\u015bci? Lub masz pytania? Tylko jedno zapytanie do naszego dzia\u0142u obs\u0142ugi klienta rozwi\u0105\u017ce ka\u017cdy problem. <\/p> <\/div>","protected":false},"excerpt":{"rendered":"","protected":false},"author":9,"featured_media":0,"parent":2366,"menu_order":0,"comment_status":"closed","ping_status":"closed","template":"templates\/template-application-platform.php","meta":{"publish_to_discourse":"","publish_post_category":"","wpdc_auto_publish_overridden":"","wpdc_topic_tags":"","wpdc_pin_topic":"","wpdc_pin_until":"","discourse_post_id":"","discourse_permalink":"","wpdc_publishing_response":"","wpdc_publishing_error":"","footnotes":""},"class_list":["post-6776","page","type-page","status-publish","hentry"],"yoast_head":"<!-- This site is optimized with the Yoast SEO plugin v25.3.1 - https:\/\/yoast.com\/wordpress\/plugins\/seo\/ -->\n<title>Dodaj aplikacj\u0119 Team Showcase do witryny BigCommerce (2025)<\/title>\n<meta name=\"description\" content=\"Stworzenie aplikacji Team Showcase i umieszczenie jej na stronie BigCommerce jest ca\u0142kowicie proste. Obs\u0142uga klienta Elfsight jest bezp\u0142atna.\" \/>\n<meta name=\"robots\" content=\"index, follow, max-snippet:-1, max-image-preview:large, max-video-preview:-1\" \/>\n<link rel=\"canonical\" href=\"https:\/\/elfsight.com\/pl\/team-showcase-widget\/bigcommerce\/\" \/>\n<meta property=\"og:locale\" content=\"pl_PL\" \/>\n<meta property=\"og:type\" content=\"article\" \/>\n<meta property=\"og:title\" content=\"Dodaj aplikacj\u0119 Team Showcase do witryny BigCommerce (2025)\" \/>\n<meta property=\"og:description\" content=\"Stworzenie aplikacji Team Showcase i umieszczenie jej na stronie BigCommerce jest ca\u0142kowicie proste. Obs\u0142uga klienta Elfsight jest bezp\u0142atna.\" \/>\n<meta property=\"og:url\" content=\"https:\/\/elfsight.com\/pl\/team-showcase-widget\/bigcommerce\/\" \/>\n<meta property=\"og:site_name\" content=\"Elfsight PL\" \/>\n<meta property=\"article:modified_time\" content=\"2024-11-14T12:39:37+00:00\" \/>\n<meta name=\"twitter:card\" content=\"summary_large_image\" \/>\n<meta name=\"twitter:label1\" content=\"Szacowany czas czytania\" \/>\n\t<meta name=\"twitter:data1\" content=\"3 minuty\" \/>\n<!-- \/ Yoast SEO plugin. -->","yoast_head_json":{"title":"Dodaj aplikacj\u0119 Team Showcase do witryny BigCommerce (2025)","description":"Stworzenie aplikacji Team Showcase i umieszczenie jej na stronie BigCommerce jest ca\u0142kowicie proste. Obs\u0142uga klienta Elfsight jest bezp\u0142atna.","robots":{"index":"index","follow":"follow","max-snippet":"max-snippet:-1","max-image-preview":"max-image-preview:large","max-video-preview":"max-video-preview:-1"},"canonical":"https:\/\/elfsight.com\/pl\/team-showcase-widget\/bigcommerce\/","og_locale":"pl_PL","og_type":"article","og_title":"Dodaj aplikacj\u0119 Team Showcase do witryny BigCommerce (2025)","og_description":"Stworzenie aplikacji Team Showcase i umieszczenie jej na stronie BigCommerce jest ca\u0142kowicie proste. Obs\u0142uga klienta Elfsight jest bezp\u0142atna.","og_url":"https:\/\/elfsight.com\/pl\/team-showcase-widget\/bigcommerce\/","og_site_name":"Elfsight PL","article_modified_time":"2024-11-14T12:39:37+00:00","twitter_card":"summary_large_image","twitter_misc":{"Szacowany czas czytania":"3 minuty"},"schema":{"@context":"https:\/\/schema.org","@graph":[{"@type":"WebPage","@id":"https:\/\/elfsight.com\/pl\/team-showcase-widget\/bigcommerce\/","url":"https:\/\/elfsight.com\/pl\/team-showcase-widget\/bigcommerce\/","name":"Dodaj aplikacj\u0119 Team Showcase do witryny BigCommerce (2025)","isPartOf":{"@id":"https:\/\/elfsight.com\/pl\/#website"},"datePublished":"1970-01-01T00:00:00+00:00","dateModified":"2024-11-14T12:39:37+00:00","description":"Stworzenie aplikacji Team Showcase i umieszczenie jej na stronie BigCommerce jest ca\u0142kowicie proste. Obs\u0142uga klienta Elfsight jest bezp\u0142atna.","breadcrumb":{"@id":"https:\/\/elfsight.com\/pl\/team-showcase-widget\/bigcommerce\/#breadcrumb"},"inLanguage":"pl-PL","potentialAction":[{"@type":"ReadAction","target":["https:\/\/elfsight.com\/pl\/team-showcase-widget\/bigcommerce\/"]}]},{"@type":"BreadcrumbList","@id":"https:\/\/elfsight.com\/pl\/team-showcase-widget\/bigcommerce\/#breadcrumb","itemListElement":[{"@type":"ListItem","position":1,"name":"Home","item":"https:\/\/elfsight.com\/pl\/"},{"@type":"ListItem","position":2,"name":"Team Showcase","item":"https:\/\/elfsight.com\/pl\/team-showcase-widget\/"},{"@type":"ListItem","position":3,"name":"Team Showcase &#8211; BigCommerce"}]},{"@type":"WebSite","@id":"https:\/\/elfsight.com\/pl\/#website","url":"https:\/\/elfsight.com\/pl\/","name":"Elfsight PL","description":"Just another Elfsight Sites site","potentialAction":[{"@type":"SearchAction","target":{"@type":"EntryPoint","urlTemplate":"https:\/\/elfsight.com\/pl\/?s={search_term_string}"},"query-input":{"@type":"PropertyValueSpecification","valueRequired":true,"valueName":"search_term_string"}}],"inLanguage":"pl-PL"}]}},"meta_box":{"industry":"","seo_heading":"","heading":"","description":"","cta_heading":"","cta_description":"","application":"2365","h1":"Aplikacja BigCommerce Team Showcase","h1_caption":"Przedstaw cz\u0142onk\u00f3w swojego zespo\u0142u w profesjonalny i atrakcyjny wizualnie spos\u00f3b, bez wysi\u0142ku buduj\u0105c zaufanie i wi\u0119\u017a z odbiorcami w swojej witrynie BigCommerce.","application_category":[],"applications_title":"","applications_request_title":"","applications_request_button_text":"","hero_text":"","hero_video":"","hero_video_schema_markup":"","selling_points_title":"","selling_points_caption":"","selling_points":[],"selling_points_cta_text":"","features_title":"","features":"","ed_cta_examples_text":"","ed_cta_examples_hidden":"","ed_cta_demo_text":"","ed_cta_demo_hidden":"","why_caption":"","why_editor_title":"","why_editor_text":"","why_team_title":"","why_team_text":"","why_service_title":"","why_service_text":"","template_catalog_visible":"","template_catalog_title":"","template_catalog_text":"","template_catalog_categories_visible":"","demo_title":"Utw\u00f3rz aplikacj\u0119 Team Showcase","demo_caption":"Skonfiguruj swoj\u0105 prezentacj\u0119 zespo\u0142u i dodaj j\u0105 do swojej witryny BigCommerce za darmo!","default_faq_hidden":"","app_template_category":[],"platform":"41","template_public_id":"","codecanyon_url":"","codecanyon_item_id":"","codecanyon_price":"","pricing_caption":"","pricing_elfsight_apps_hide_column":"","pricing_elfsight_apps_url":"","pricing_codecanyon_price_caption":"","integration_category":[],"integration_request_title":"","integration_request_cta":"","integration_platform":"","integrations":[],"platform_category":[],"video_schema_markup":"","price":"od 0 USD \/ miesi\u0105c","trial":"","benefits":[{"text":"Bezp\u0142atna us\u0142uga monta\u017cu"},{"text":"Wyj\u0105tkowe wsparcie"},{"text":"14-dniowa gwarancja zwrotu pieni\u0119dzy"}],"button_url":"#demo","button_target_blank":"","button_nofollow":"","attributes":[{"name":"Instaluje"},{"name":"Czu\u0142y"},{"name":"Kompatybilne przegl\u0105darki"}],"tags":[],"tags_disable_links":"","hide_more_platforms":"","video_object":"","demo_hide_cta":"","demo_hide_cloud_options":"","pricing_title":"","pricing":[{"pricing_icon":"platform","pricing_title":"Elfsight Apps","pricing_title_caption":"Oprogramowanie wieloplatformowe","pricing_price":"od 0 USD \/ miesi\u0105c","pricing_price_caption":"zacznij od bezp\u0142atnego planu","pricing_benefits":[{"text":"Nielimitowane domeny"},{"text":"Szybka obs\u0142uga klienta"},{"text":"Bezp\u0142atna pomoc w monta\u017cu"},{"text":"Elastyczny projekt"}],"pricing_button_text":"Dodaj do witryny","pricing_button_url":"#demo"}],"related_apps_title":"","related_apps_hidden":"","author":"","image":[],"title":"","job":"","social_networks":[]},"_links":{"self":[{"href":"https:\/\/elfsight.com\/pl\/wp-json\/wp\/v2\/pages\/6776","targetHints":{"allow":["GET"]}}],"collection":[{"href":"https:\/\/elfsight.com\/pl\/wp-json\/wp\/v2\/pages"}],"about":[{"href":"https:\/\/elfsight.com\/pl\/wp-json\/wp\/v2\/types\/page"}],"author":[{"embeddable":true,"href":"https:\/\/elfsight.com\/pl\/wp-json\/wp\/v2\/users\/9"}],"replies":[{"embeddable":true,"href":"https:\/\/elfsight.com\/pl\/wp-json\/wp\/v2\/comments?post=6776"}],"version-history":[{"count":2,"href":"https:\/\/elfsight.com\/pl\/wp-json\/wp\/v2\/pages\/6776\/revisions"}],"predecessor-version":[{"id":8052,"href":"https:\/\/elfsight.com\/pl\/wp-json\/wp\/v2\/pages\/6776\/revisions\/8052"}],"up":[{"embeddable":true,"href":"https:\/\/elfsight.com\/pl\/wp-json\/wp\/v2\/pages\/2366"}],"wp:attachment":[{"href":"https:\/\/elfsight.com\/pl\/wp-json\/wp\/v2\/media?parent=6776"}],"curies":[{"name":"wp","href":"https:\/\/api.w.org\/{rel}","templated":true}]}}