{"id":6775,"date":"1970-01-01T00:00:00","date_gmt":"1970-01-01T00:00:00","guid":{"rendered":"https:\/\/elfsight.com\/pl\/?page_id=6775"},"modified":"2024-11-14T12:39:29","modified_gmt":"2024-11-14T12:39:29","slug":"wordpress","status":"publish","type":"page","link":"https:\/\/elfsight.com\/pl\/team-showcase-widget\/wordpress\/","title":{"rendered":"Team Showcase &#8211; WordPress"},"content":{"rendered":"<div class=\"application-platform-content-item-description application-platform-content-item\" id=\"description\" data-nav-section=\"description\"> <h2>Osad\u017a prezentacj\u0119 zespo\u0142u w WordPress za pomoc\u0105 wid\u017cetu Elfsight<\/h2> <p>Wid\u017cet b\u0119dzie najwygodniejszym sposobem na przedstawienie swojego zespo\u0142u na swoim strona internetowa. Widget ten pomo\u017ce zaprezentowa\u0107 twarze i do\u015bwiadczenia dowolnego rodzaju zespo\u0142u: koleg\u00f3w z pracy, klubu sportowego, kadry nauczycielskiej, koleg\u00f3w z dru\u017cyny i ka\u017cdego innego. Poka\u017c zdj\u0119cie, dodaj dane kontaktowe i unikaln\u0105 wiadomo\u015b\u0107 o ka\u017cdym cz\u0142onku Twojego zespo\u0142u. Twoi odbiorcy b\u0119d\u0105 mieli mo\u017cliwo\u015b\u0107 natychmiastowego skontaktowania si\u0119 z ka\u017cdym z nich w tej samej sekundzie, dzi\u0119ki linkom lub ikonom spo\u0142eczno\u015bciowym. Mo\u017cesz tworzy\u0107 grupy i pokazywa\u0107 struktur\u0119 swojego zespo\u0142u, wybiera\u0107 uk\u0142ady, kolory i nie tylko. Wzbudzaj zaufanie do swojej firmy, pokazuj\u0105c jej ludzk\u0105 twarz! <\/p><div class=\"faq\" data-component=\"FAQ\"><div class=\"faq-item\">\r\n\t\t\t\t\t<div class=\"faq-item-question\">\r\n\t\t\t\t\t\t<h3 class=\"faq-item-question-text\">Jak mog\u0119 osadzi\u0107 prezentacj\u0119 zespo\u0142u w mojej witrynie WordPress? <\/h3>\r\n\r\n\t\t\t\t\t\t<div class=\"faq-item-question-icon\"><\/div>\r\n\t\t\t\t\t<\/div>\r\n\r\n\t\t\t\t\t<div class=\"faq-item-answer\">\r\n\t\t\t\t\t\t<div class=\"faq-item-answer-text\"><p>Tworzenie narz\u0119dzia odbywa si\u0119 na stronach Elfsight i nie musisz uczy\u0107 si\u0119 kodowania. Otw\u00f3rz aktywne demo, aby utworzy\u0107 sw\u00f3j osobisty widget, zdob\u0105d\u017a kod i zintegruj go ze swoj\u0105 witryn\u0105. <\/p><\/div>\r\n\t\t\t\t\t<\/div>\r\n\t\t\t\t<\/div><div class=\"faq-item\">\r\n\t\t\t\t\t<div class=\"faq-item-question\">\r\n\t\t\t\t\t\t<h3 class=\"faq-item-question-text\">Najlepsze sposoby wykorzystania responsywnej integracji Team Members<\/h3>\r\n\r\n\t\t\t\t\t\t<div class=\"faq-item-question-icon\"><\/div>\r\n\t\t\t\t\t<\/div>\r\n\r\n\t\t\t\t\t<div class=\"faq-item-answer\">\r\n\t\t\t\t\t\t<div class=\"faq-item-answer-text\"><p>Dajemy Ci szerokie mo\u017cliwo\u015bci dostosowania: pe\u0142nowymiarowe wid\u017cety do wdro\u017cenia w strefa tre\u015bci, p\u0142ywaj\u0105ce wid\u017cety umo\u017cliwiaj\u0105ce przewijanie, uk\u0142ady stopki witryny, nag\u0142\u00f3wka i wszystkie warianty mo\u017cliwo\u015bci pionowych pask\u00f3w bocznych i menu witryny. <\/p><\/div>\r\n\t\t\t\t\t<\/div>\r\n\t\t\t\t<\/div><div class=\"faq-item\">\r\n\t\t\t\t\t<div class=\"faq-item-question\">\r\n\t\t\t\t\t\t<h3 class=\"faq-item-question-text\">Jak za pomoc\u0105 edytora utworzy\u0107 prezentacj\u0119 dedykowan\u0105 lub dla ma\u0142ych zespo\u0142\u00f3w? <\/h3>\r\n\r\n\t\t\t\t\t\t<div class=\"faq-item-question-icon\"><\/div>\r\n\t\t\t\t\t<\/div>\r\n\r\n\t\t\t\t\t<div class=\"faq-item-answer\">\r\n\t\t\t\t\t\t<div class=\"faq-item-answer-text\"><p>Mo\u017cesz kszta\u0142towa\u0107 zmiany w dowolnym wid\u017cecie. W edytorze masz do dyspozycji wiele uk\u0142ad\u00f3w, a ka\u017cdy z nich mo\u017cesz \u0142atwo dostosowa\u0107 w razie swoich brak\u00f3w. <\/p><\/div>\r\n\t\t\t\t\t<\/div>\r\n\t\t\t\t<\/div><\/div><\/div> <div class=\"application-platform-content-item-features application-platform-content-item\" id=\"features\" data-nav-section=\"features\"> <h2>G\u0142\u00f3wne funkcje wid\u017cetu Team Showcase<\/h2> <p>Aby uzyska\u0107 przejrzyst\u0105 wiedz\u0119 na temat Team Showcase, zobacz list\u0119 jego g\u0142\u00f3wnych funkcji. Dzi\u0119ki nim ten widget jest naprawd\u0119 skuteczny dla Twojej firmy: <\/p> <ul><li>Klikalne ikony kont spo\u0142eczno\u015bciowych oraz linki do witryny i adresu e-mail; <\/li><li> Adres lokalizacji otwiera si\u0119 w Mapach Google po klikni\u0119ciu; <\/li><li>Pojawi si\u0119 wyskakuj\u0105ce okienko ze wszystkimi informacjami o cz\u0142onku zespo\u0142u; <\/li><li>2 warianty wy\u015bwietlania kategorii: jako lista og\u00f3lna lub z menu; <\/li><li>Do wyboru cztery warianty uk\u0142adu: Siatka, Karty, Galeria, Lista. <\/li><\/ul><p>Aby zobaczy\u0107 wszystkie funkcje, zobacz nasz\u0105 demonstracj\u0119 na \u017cywo<\/p> <\/div> <div class=\"application-platform-content-item-installation application-platform-content-item\" id=\"installation\" data-nav-section=\"installation\"> <h2>Jak doda\u0107 wid\u017cet Team Showcase do swojej witryny WordPress <\/h2> <div class=\"video-container\"><iframe width=\"720\" height=\"405\" src=\"https:\/\/www.youtube.com\/embed\/w2DRFZJiFlY\" frameborder=\"0\" allowfullscreen=\"\"><\/iframe><\/div><p>Wystarczy post\u0119powa\u0107 zgodnie z poni\u017cszymi instrukcjami, aby wstawi\u0107 wid\u017cet na WordPress.<\/p> <ol><li><b>Skorzystaj z naszego bezp\u0142atnego edytora i zacznij tworzy\u0107 spersonalizowany Prezentacja zespo\u0142u. <\/b><br> Okre\u015bl po\u017c\u0105dan\u0105 form\u0119 i cechy funkcjonalne wid\u017cetu i zastosuj modyfikacje. <\/li> <li><b>Zdob\u0105d\u017a unikalny kod pokazany w oknie aplikacji Elfsight. <\/b><br> Zaraz po zako\u0144czeniu generowania Twojego osobistego narz\u0119dzia skopiuj kod osobisty z wy\u015bwietlonego pola i zachowaj go na p\u00f3\u017aniej. <\/li> <li><b>Rozpocznij korzystanie z wtyczki w swojej witrynie WordPress. <\/b><br> Dodaj kod, kt\u00f3ry wcze\u015bniej zapisa\u0142e\u015b na swojej stronie i zastosuj modyfikacje. <\/li> <li><b>Gotowe! Konfiguracja zosta\u0142a ca\u0142kowicie zako\u0144czona. <\/b><br> Przejd\u017a na swoj\u0105 witryn\u0119 i sprawd\u017a, jak dzia\u0142a wtyczka. <\/li><\/ol> <p>Nadal nie mo\u017cesz si\u0119 zdecydowa\u0107? Albo masz k\u0142opoty? Po prostu wy\u015blij zapytanie do naszego dzia\u0142u obs\u0142ugi klienta &#8211; pomo\u017cemy w przypadku ka\u017cdego pytania. <\/p> <\/div>","protected":false},"excerpt":{"rendered":"","protected":false},"author":9,"featured_media":0,"parent":2366,"menu_order":0,"comment_status":"closed","ping_status":"closed","template":"templates\/template-application-platform.php","meta":{"publish_to_discourse":"","publish_post_category":"","wpdc_auto_publish_overridden":"","wpdc_topic_tags":"","wpdc_pin_topic":"","wpdc_pin_until":"","discourse_post_id":"","discourse_permalink":"","wpdc_publishing_response":"","wpdc_publishing_error":"","footnotes":""},"class_list":["post-6775","page","type-page","status-publish","hentry"],"yoast_head":"<!-- This site is optimized with the Yoast SEO plugin v25.3.1 - https:\/\/yoast.com\/wordpress\/plugins\/seo\/ -->\n<title>Dodaj wtyczk\u0119 Team Showcase do witryny WordPress (\u0142atwe i bezp\u0142atne)<\/title>\n<meta name=\"description\" content=\"Dzi\u0119ki Elfsight utw\u00f3rz wtyczk\u0119 Team Showcase i b\u0142yskawicznie dodaj j\u0105 do swojej witryny WordPress. Mamy bezp\u0142atn\u0105 obs\u0142ug\u0119 klienta i inne bonusy.\" \/>\n<meta name=\"robots\" content=\"index, follow, max-snippet:-1, max-image-preview:large, max-video-preview:-1\" \/>\n<link rel=\"canonical\" href=\"https:\/\/elfsight.com\/pl\/team-showcase-widget\/wordpress\/\" \/>\n<meta property=\"og:locale\" content=\"pl_PL\" \/>\n<meta property=\"og:type\" content=\"article\" \/>\n<meta property=\"og:title\" content=\"Dodaj wtyczk\u0119 Team Showcase do witryny WordPress (\u0142atwe i bezp\u0142atne)\" \/>\n<meta property=\"og:description\" content=\"Dzi\u0119ki Elfsight utw\u00f3rz wtyczk\u0119 Team Showcase i b\u0142yskawicznie dodaj j\u0105 do swojej witryny WordPress. Mamy bezp\u0142atn\u0105 obs\u0142ug\u0119 klienta i inne bonusy.\" \/>\n<meta property=\"og:url\" content=\"https:\/\/elfsight.com\/pl\/team-showcase-widget\/wordpress\/\" \/>\n<meta property=\"og:site_name\" content=\"Elfsight PL\" \/>\n<meta property=\"article:modified_time\" content=\"2024-11-14T12:39:29+00:00\" \/>\n<meta name=\"twitter:card\" content=\"summary_large_image\" \/>\n<meta name=\"twitter:label1\" content=\"Szacowany czas czytania\" \/>\n\t<meta name=\"twitter:data1\" content=\"3 minuty\" \/>\n<!-- \/ Yoast SEO plugin. -->","yoast_head_json":{"title":"Dodaj wtyczk\u0119 Team Showcase do witryny WordPress (\u0142atwe i bezp\u0142atne)","description":"Dzi\u0119ki Elfsight utw\u00f3rz wtyczk\u0119 Team Showcase i b\u0142yskawicznie dodaj j\u0105 do swojej witryny WordPress. Mamy bezp\u0142atn\u0105 obs\u0142ug\u0119 klienta i inne bonusy.","robots":{"index":"index","follow":"follow","max-snippet":"max-snippet:-1","max-image-preview":"max-image-preview:large","max-video-preview":"max-video-preview:-1"},"canonical":"https:\/\/elfsight.com\/pl\/team-showcase-widget\/wordpress\/","og_locale":"pl_PL","og_type":"article","og_title":"Dodaj wtyczk\u0119 Team Showcase do witryny WordPress (\u0142atwe i bezp\u0142atne)","og_description":"Dzi\u0119ki Elfsight utw\u00f3rz wtyczk\u0119 Team Showcase i b\u0142yskawicznie dodaj j\u0105 do swojej witryny WordPress. Mamy bezp\u0142atn\u0105 obs\u0142ug\u0119 klienta i inne bonusy.","og_url":"https:\/\/elfsight.com\/pl\/team-showcase-widget\/wordpress\/","og_site_name":"Elfsight PL","article_modified_time":"2024-11-14T12:39:29+00:00","twitter_card":"summary_large_image","twitter_misc":{"Szacowany czas czytania":"3 minuty"},"schema":{"@context":"https:\/\/schema.org","@graph":[{"@type":"WebPage","@id":"https:\/\/elfsight.com\/pl\/team-showcase-widget\/wordpress\/","url":"https:\/\/elfsight.com\/pl\/team-showcase-widget\/wordpress\/","name":"Dodaj wtyczk\u0119 Team Showcase do witryny WordPress (\u0142atwe i bezp\u0142atne)","isPartOf":{"@id":"https:\/\/elfsight.com\/pl\/#website"},"datePublished":"1970-01-01T00:00:00+00:00","dateModified":"2024-11-14T12:39:29+00:00","description":"Dzi\u0119ki Elfsight utw\u00f3rz wtyczk\u0119 Team Showcase i b\u0142yskawicznie dodaj j\u0105 do swojej witryny WordPress. Mamy bezp\u0142atn\u0105 obs\u0142ug\u0119 klienta i inne bonusy.","breadcrumb":{"@id":"https:\/\/elfsight.com\/pl\/team-showcase-widget\/wordpress\/#breadcrumb"},"inLanguage":"pl-PL","potentialAction":[{"@type":"ReadAction","target":["https:\/\/elfsight.com\/pl\/team-showcase-widget\/wordpress\/"]}]},{"@type":"BreadcrumbList","@id":"https:\/\/elfsight.com\/pl\/team-showcase-widget\/wordpress\/#breadcrumb","itemListElement":[{"@type":"ListItem","position":1,"name":"Home","item":"https:\/\/elfsight.com\/pl\/"},{"@type":"ListItem","position":2,"name":"Team Showcase","item":"https:\/\/elfsight.com\/pl\/team-showcase-widget\/"},{"@type":"ListItem","position":3,"name":"Team Showcase &#8211; WordPress"}]},{"@type":"WebSite","@id":"https:\/\/elfsight.com\/pl\/#website","url":"https:\/\/elfsight.com\/pl\/","name":"Elfsight PL","description":"Just another Elfsight Sites site","potentialAction":[{"@type":"SearchAction","target":{"@type":"EntryPoint","urlTemplate":"https:\/\/elfsight.com\/pl\/?s={search_term_string}"},"query-input":{"@type":"PropertyValueSpecification","valueRequired":true,"valueName":"search_term_string"}}],"inLanguage":"pl-PL"}]}},"meta_box":{"industry":"","seo_heading":"","heading":"","description":"","cta_heading":"","cta_description":"","application":"2365","h1":"Wtyczka WordPress Team Showcase","h1_caption":"Zaprezentuj sw\u00f3j zesp\u00f3\u0142 z najlepszej strony w elastycznej galerii na swojej stronie internetowej","application_category":[],"applications_title":"","applications_request_title":"","applications_request_button_text":"","hero_text":"","hero_video":"","hero_video_schema_markup":"","selling_points_title":"","selling_points_caption":"","selling_points":[],"selling_points_cta_text":"","features_title":"","features":"","ed_cta_examples_text":"","ed_cta_examples_hidden":"","ed_cta_demo_text":"","ed_cta_demo_hidden":"","why_caption":"","why_editor_title":"","why_editor_text":"","why_team_title":"","why_team_text":"","why_service_title":"","why_service_text":"","template_catalog_visible":"","template_catalog_title":"","template_catalog_text":"","template_catalog_categories_visible":"","demo_title":"Utw\u00f3rz wtyczk\u0119 Team Showcase","demo_caption":"Skonfiguruj swoj\u0105 Team Showcase i dodaj j\u0105 do swojej witryny WordPress za darmo!","default_faq_hidden":"","app_template_category":[],"platform":"31","template_public_id":"","codecanyon_url":"","codecanyon_item_id":"","codecanyon_price":"","pricing_caption":"","pricing_elfsight_apps_hide_column":"","pricing_elfsight_apps_url":"","pricing_codecanyon_price_caption":"","integration_category":[],"integration_request_title":"","integration_request_cta":"","integration_platform":"","integrations":[],"platform_category":[],"video_schema_markup":"","price":"od 0 USD \/ miesi\u0105c","trial":"","benefits":[{"text":"Bezp\u0142atna pomoc w monta\u017cu"},{"text":"Do\u015bwiadczona obs\u0142uga klienta"},{"text":"14-dniowa gwarancja zwrotu pieni\u0119dzy"}],"button_url":"#demo","button_target_blank":"","button_nofollow":"","attributes":[{"name":"Instaluje"},{"name":"Czu\u0142y"},{"name":"Kompatybilne przegl\u0105darki"}],"tags":[],"tags_disable_links":"","hide_more_platforms":"","video_object":"","demo_hide_cta":"","demo_hide_cloud_options":"","pricing_title":"","pricing":[{"pricing_icon":"platform","pricing_title":"Elfsight Apps","pricing_title_caption":"Oprogramowanie niezale\u017cne od platformy, kt\u00f3re pasuje do ka\u017cdej witryny","pricing_price":"od 0 USD \/ miesi\u0105c","pricing_price_caption":"zacznij od bezp\u0142atnego planu","pricing_benefits":[{"text":"Nielimitowane strony internetowe"},{"text":"Bezp\u0142atna obs\u0142uga klienta i dobrze udokumentowana"},{"text":"Bezp\u0142atna pomoc przy instalacji"},{"text":"Oferta ograniczona czasowo dla wielu aplikacji"}],"pricing_button_text":"Dodaj do witryny","pricing_button_url":"#demo"}],"related_apps_title":"","related_apps_hidden":"","author":"","image":[],"title":"","job":"","social_networks":[]},"_links":{"self":[{"href":"https:\/\/elfsight.com\/pl\/wp-json\/wp\/v2\/pages\/6775","targetHints":{"allow":["GET"]}}],"collection":[{"href":"https:\/\/elfsight.com\/pl\/wp-json\/wp\/v2\/pages"}],"about":[{"href":"https:\/\/elfsight.com\/pl\/wp-json\/wp\/v2\/types\/page"}],"author":[{"embeddable":true,"href":"https:\/\/elfsight.com\/pl\/wp-json\/wp\/v2\/users\/9"}],"replies":[{"embeddable":true,"href":"https:\/\/elfsight.com\/pl\/wp-json\/wp\/v2\/comments?post=6775"}],"version-history":[{"count":2,"href":"https:\/\/elfsight.com\/pl\/wp-json\/wp\/v2\/pages\/6775\/revisions"}],"predecessor-version":[{"id":8051,"href":"https:\/\/elfsight.com\/pl\/wp-json\/wp\/v2\/pages\/6775\/revisions\/8051"}],"up":[{"embeddable":true,"href":"https:\/\/elfsight.com\/pl\/wp-json\/wp\/v2\/pages\/2366"}],"wp:attachment":[{"href":"https:\/\/elfsight.com\/pl\/wp-json\/wp\/v2\/media?parent=6775"}],"curies":[{"name":"wp","href":"https:\/\/api.w.org\/{rel}","templated":true}]}}