{"id":6774,"date":"1970-01-01T00:00:00","date_gmt":"1970-01-01T00:00:00","guid":{"rendered":"https:\/\/elfsight.com\/pl\/?page_id=6774"},"modified":"2024-11-14T12:39:29","modified_gmt":"2024-11-14T12:39:29","slug":"blogger","status":"publish","type":"page","link":"https:\/\/elfsight.com\/pl\/team-showcase-widget\/blogger\/","title":{"rendered":"Team Showcase &#8211; Blogger"},"content":{"rendered":"<div class=\"application-platform-content-item-description application-platform-content-item\" id=\"description\" data-nav-section=\"description\"> <h2>Opis<\/h2> <p>Elfsight Team Showcase b\u0119dzie najwygodniejszym narz\u0119dziem do wy\u015bwietlania cz\u0142onk\u00f3w Twojego zespo\u0142u na stronie. Nasz widget pomaga dostarcza\u0107 zdj\u0119cia i t\u0142a dowolnego rodzaju zespo\u0142u: partner\u00f3w biznesowych, cz\u0142onk\u00f3w dru\u017cyn sportowych, kadry akademickiej, pracownik\u00f3w firm i innych. Zademonstruj zdj\u0119cie; opublikuj dane kontaktowe i efektowny tekst o ka\u017cdym cz\u0142onku zespo\u0142u. Odwiedzaj\u0105cy witryn\u0119 b\u0119d\u0105 mieli szans\u0119 dotrze\u0107 do nich jednym klikni\u0119ciem za pomoc\u0105 aktywnych link\u00f3w i ikon medi\u00f3w spo\u0142eczno\u015bciowych. Mo\u017cesz swobodnie ustala\u0107 kategorie i pokazywa\u0107 dzia\u0142y, kt\u00f3re znajduj\u0105 si\u0119 w Twojej firmie, wybiera\u0107 uk\u0142ad, kolory i inne cechy. Wzmocnij wiarygodno\u015b\u0107 swojego biznesu, pokazuj\u0105c jego ludzki wizerunek! <\/p><div class=\"faq\" data-component=\"FAQ\"> <div class=\"faq-item\">\r\n\t\t\t\t\t<div class=\"faq-item-question\">\r\n\t\t\t\t\t\t<h3 class=\"faq-item-question-text\">Gdzie mog\u0119 osadzi\u0107 wid\u017cet<\/h3>\r\n\r\n\t\t\t\t\t\t<div class=\"faq-item-question-icon\"><\/div>\r\n\t\t\t\t\t<\/div>\r\n\r\n\t\t\t\t\t<div class=\"faq-item-answer\">\r\n\t\t\t\t\t\t<div class=\"faq-item-answer-text\"> <p>Umie\u015b\u0107 prezentacj\u0119 swojego zespo\u0142u na dowolnej stronie witryny, gdzie Twoim zdaniem jest to odpowiednie. Mo\u017ce to by\u0107 jedna z cz\u0119\u015bci strefy tre\u015bci lub ca\u0142a strona. Mo\u017cesz na przyk\u0142ad utworzy\u0107 stron\u0119 O nas za pomoc\u0105 jednego wid\u017cetu. <\/p><\/div>\r\n\t\t\t\t\t<\/div>\r\n\t\t\t\t<\/div> <div class=\"faq-item\">\r\n\t\t\t\t\t<div class=\"faq-item-question\">\r\n\t\t\t\t\t\t<h3 class=\"faq-item-question-text\">Jakie korzy\u015bci mog\u0119 odnie\u015b\u0107 dzi\u0119ki tej wtyczce? <\/h3>\r\n\r\n\t\t\t\t\t\t<div class=\"faq-item-question-icon\"><\/div>\r\n\t\t\t\t\t<\/div>\r\n\r\n\t\t\t\t\t<div class=\"faq-item-answer\">\r\n\t\t\t\t\t\t<div class=\"faq-item-answer-text\"> <p>Pokazanie prawdziwych ludzi, kt\u00f3rzy stoj\u0105 za Twoj\u0105 firm\u0105, podnosi poziom przejrzysto\u015bci i zwi\u0119ksza postrzegan\u0105 wiarygodno\u015b\u0107 firma. Dzi\u0119ki temu ludzie maj\u0105 pewno\u015b\u0107, \u017ce jeste\u015b solidnym partnerem, co mo\u017ce prowadzi\u0107 do zwi\u0119kszenia liczby potencjalnych klient\u00f3w i nowych klient\u00f3w. Dodatkowo, cz\u0142onkowie Twojego zespo\u0142u b\u0119d\u0105 mogli szybciej si\u0119 z Tob\u0105 skontaktowa\u0107 dzi\u0119ki danym kontaktowym, kt\u00f3re dodasz dla ka\u017cdej osoby. <\/p><\/div>\r\n\t\t\t\t\t<\/div>\r\n\t\t\t\t<\/div> <div class=\"faq-item\">\r\n\t\t\t\t\t<div class=\"faq-item-question\">\r\n\t\t\t\t\t\t<h3 class=\"faq-item-question-text\">Jak osadzi\u0107 Team Showcase w mojej witrynie Bloggera? <\/h3>\r\n\r\n\t\t\t\t\t\t<div class=\"faq-item-question-icon\"><\/div>\r\n\t\t\t\t\t<\/div>\r\n\r\n\t\t\t\t\t<div class=\"faq-item-answer\">\r\n\t\t\t\t\t\t<div class=\"faq-item-answer-text\"> <p>Osadzanie wid\u017cetu zajmie tylko minut\u0119. Jest bardzo szybki, darmowy i nie wymaga kodowania. <\/p> <p>Mo\u017cesz wklei\u0107 wid\u017cet na swoj\u0105 witryn\u0119 za po\u015brednictwem naszej us\u0142ugi. Wystarczy wykona\u0107 kr\u00f3tk\u0105 instrukcj\u0119 poni\u017cej na tej stronie. <\/p> <\/div>\r\n\t\t\t\t\t<\/div>\r\n\t\t\t\t<\/div> <\/div> <\/div> <div class=\"application-platform-content-item-features application-platform-content-item\" id=\"features\" data-nav-section=\"features\"> <h2>Funkcje<\/h2> <p>Aby mie\u0107 ja\u015bniejszy obraz Team Showcase, sprawd\u017a list\u0119 niezb\u0119dnych funkcje jakie pe\u0142ni. Dzi\u0119ki nim nasz widget b\u0119dzie dla Ciebie maksymalnie efektywny: <\/p> <ul><li>Aktywne ikony medi\u00f3w spo\u0142eczno\u015bciowych oraz linki do strony internetowej i adres e-mail; <\/li><li>Lokalizacja osoby wy\u015bwietlana w Mapach Google po klikni\u0119ciu; <\/li><li>Wyskakuj\u0105ce okienko pokazuje wi\u0119cej biografii danej osoby; <\/li><li>Dwie opcje wy\u015bwietlania grup: na li\u015bcie og\u00f3lnej lub filtrowane wed\u0142ug menu; <\/li><li>4 opcje uk\u0142adu: siatka, karty, galeria lub lista. <\/li><\/ul><p><a href=\"#demo\">Poznaj pe\u0142n\u0105 list\u0119 funkcji w naszej wersji demonstracyjnej na \u017cywo<\/a><\/p> <\/div> <div class=\"application-platform-content-item-installation  application-platform-content-item\" id=\"installation \" data-nav-section=\"installation \"> <h2>Zobacz, jak umie\u015bci\u0107 wid\u017cet zespo\u0142u w witrynie Bloggera. To niewiarygodnie proste. <\/h2> <div class=\"video-container\"><iframe width=\"720\" height=\"405\" src=\"https:\/\/www.youtube.com\/embed\/k1KEwnSc-DI\" frameborder=\"0\" allowfullscreen=\"\"><\/iframe><\/div><p> Wykonanie kilku prostych krok\u00f3w to jedyne, co musisz zrobi\u0107. <\/p> <ol><li><b>Zaprojektuj w\u0142asn\u0105 wtyczk\u0119 Team Showcase<\/b><br> Zarz\u0105dzaj\u0105c opcjami naszego bezp\u0142atnego edytora, skonfiguruj wtyczk\u0119. Wybierz cechy konstrukcyjne i funkcjonalne. <\/li><li><b>Otrzymaj indywidualny kod do zainstalowania wtyczki<\/b><br> Po skonfigurowaniu wid\u017cetu otrzymasz sw\u00f3j osobisty kod z wy\u015bwietlonego okna aplikacji Elfsight. Skopiuj kod do wykorzystania w przysz\u0142o\u015bci. <\/li> <li><b>Opublikuj wtyczk\u0119 na swojej stronie Bloggera<\/b><br> Wybierz miejsce, w kt\u00f3rym chcesz zintegrowa\u0107 wtyczk\u0119 i wklej tam skopiowany kod. Zapisz wyniki. <\/li> <li><b>Konfiguracja zosta\u0142a zako\u0144czona<\/b><br> Przejd\u017a do strony internetowej, aby wy\u015bwietli\u0107 sw\u00f3j zesp\u00f3\u0142. <\/li> <\/ol><p>Nadal masz co\u015b, co budzi Twoje w\u0105tpliwo\u015bci? Lub masz pytania? Wystarczy jedno zg\u0142oszenie do naszego dzia\u0142u obs\u0142ugi klienta, aby rozwi\u0105za\u0107 ka\u017cdy problem. <\/p> <\/div>","protected":false},"excerpt":{"rendered":"","protected":false},"author":9,"featured_media":0,"parent":2366,"menu_order":0,"comment_status":"closed","ping_status":"closed","template":"templates\/template-application-platform.php","meta":{"publish_to_discourse":"","publish_post_category":"","wpdc_auto_publish_overridden":"","wpdc_topic_tags":"","wpdc_pin_topic":"","wpdc_pin_until":"","discourse_post_id":"","discourse_permalink":"","wpdc_publishing_response":"","wpdc_publishing_error":"","footnotes":""},"class_list":["post-6774","page","type-page","status-publish","hentry"],"yoast_head":"<!-- This site is optimized with the Yoast SEO plugin v25.3.1 - https:\/\/yoast.com\/wordpress\/plugins\/seo\/ -->\n<title>Dodaj wid\u017cet Team Showcase do witryny Bloggera (szybko i bezp\u0142atnie)<\/title>\n<meta name=\"description\" content=\"Utworzenie wid\u017cetu Team Showcase i umieszczenie go na stronie internetowej Bloggera nie jest trudne. Obs\u0142uga klienta Elfsight jest szybka i bezp\u0142atna.\" \/>\n<meta name=\"robots\" content=\"index, follow, max-snippet:-1, max-image-preview:large, max-video-preview:-1\" \/>\n<link rel=\"canonical\" href=\"https:\/\/elfsight.com\/pl\/team-showcase-widget\/blogger\/\" \/>\n<meta property=\"og:locale\" content=\"pl_PL\" \/>\n<meta property=\"og:type\" content=\"article\" \/>\n<meta property=\"og:title\" content=\"Dodaj wid\u017cet Team Showcase do witryny Bloggera (szybko i bezp\u0142atnie)\" \/>\n<meta property=\"og:description\" content=\"Utworzenie wid\u017cetu Team Showcase i umieszczenie go na stronie internetowej Bloggera nie jest trudne. Obs\u0142uga klienta Elfsight jest szybka i bezp\u0142atna.\" \/>\n<meta property=\"og:url\" content=\"https:\/\/elfsight.com\/pl\/team-showcase-widget\/blogger\/\" \/>\n<meta property=\"og:site_name\" content=\"Elfsight PL\" \/>\n<meta property=\"article:modified_time\" content=\"2024-11-14T12:39:29+00:00\" \/>\n<meta name=\"twitter:card\" content=\"summary_large_image\" \/>\n<meta name=\"twitter:label1\" content=\"Szacowany czas czytania\" \/>\n\t<meta name=\"twitter:data1\" content=\"3 minuty\" \/>\n<!-- \/ Yoast SEO plugin. -->","yoast_head_json":{"title":"Dodaj wid\u017cet Team Showcase do witryny Bloggera (szybko i bezp\u0142atnie)","description":"Utworzenie wid\u017cetu Team Showcase i umieszczenie go na stronie internetowej Bloggera nie jest trudne. Obs\u0142uga klienta Elfsight jest szybka i bezp\u0142atna.","robots":{"index":"index","follow":"follow","max-snippet":"max-snippet:-1","max-image-preview":"max-image-preview:large","max-video-preview":"max-video-preview:-1"},"canonical":"https:\/\/elfsight.com\/pl\/team-showcase-widget\/blogger\/","og_locale":"pl_PL","og_type":"article","og_title":"Dodaj wid\u017cet Team Showcase do witryny Bloggera (szybko i bezp\u0142atnie)","og_description":"Utworzenie wid\u017cetu Team Showcase i umieszczenie go na stronie internetowej Bloggera nie jest trudne. Obs\u0142uga klienta Elfsight jest szybka i bezp\u0142atna.","og_url":"https:\/\/elfsight.com\/pl\/team-showcase-widget\/blogger\/","og_site_name":"Elfsight PL","article_modified_time":"2024-11-14T12:39:29+00:00","twitter_card":"summary_large_image","twitter_misc":{"Szacowany czas czytania":"3 minuty"},"schema":{"@context":"https:\/\/schema.org","@graph":[{"@type":"WebPage","@id":"https:\/\/elfsight.com\/pl\/team-showcase-widget\/blogger\/","url":"https:\/\/elfsight.com\/pl\/team-showcase-widget\/blogger\/","name":"Dodaj wid\u017cet Team Showcase do witryny Bloggera (szybko i bezp\u0142atnie)","isPartOf":{"@id":"https:\/\/elfsight.com\/pl\/#website"},"datePublished":"1970-01-01T00:00:00+00:00","dateModified":"2024-11-14T12:39:29+00:00","description":"Utworzenie wid\u017cetu Team Showcase i umieszczenie go na stronie internetowej Bloggera nie jest trudne. Obs\u0142uga klienta Elfsight jest szybka i bezp\u0142atna.","breadcrumb":{"@id":"https:\/\/elfsight.com\/pl\/team-showcase-widget\/blogger\/#breadcrumb"},"inLanguage":"pl-PL","potentialAction":[{"@type":"ReadAction","target":["https:\/\/elfsight.com\/pl\/team-showcase-widget\/blogger\/"]}]},{"@type":"BreadcrumbList","@id":"https:\/\/elfsight.com\/pl\/team-showcase-widget\/blogger\/#breadcrumb","itemListElement":[{"@type":"ListItem","position":1,"name":"Home","item":"https:\/\/elfsight.com\/pl\/"},{"@type":"ListItem","position":2,"name":"Team Showcase","item":"https:\/\/elfsight.com\/pl\/team-showcase-widget\/"},{"@type":"ListItem","position":3,"name":"Team Showcase &#8211; Blogger"}]},{"@type":"WebSite","@id":"https:\/\/elfsight.com\/pl\/#website","url":"https:\/\/elfsight.com\/pl\/","name":"Elfsight PL","description":"Just another Elfsight Sites site","potentialAction":[{"@type":"SearchAction","target":{"@type":"EntryPoint","urlTemplate":"https:\/\/elfsight.com\/pl\/?s={search_term_string}"},"query-input":{"@type":"PropertyValueSpecification","valueRequired":true,"valueName":"search_term_string"}}],"inLanguage":"pl-PL"}]}},"meta_box":{"industry":"","seo_heading":"","heading":"","description":"","cta_heading":"","cta_description":"","application":"2365","h1":"Wid\u017cet Prezentacja zespo\u0142u Bloggera","h1_caption":"Przedstaw cz\u0142onk\u00f3w swojego zespo\u0142u w profesjonalny i atrakcyjny wizualnie spos\u00f3b, bez wysi\u0142ku buduj\u0105c zaufanie i wi\u0119\u017a z odbiorcami w witrynie Bloggera.","application_category":[],"applications_title":"","applications_request_title":"","applications_request_button_text":"","hero_text":"","hero_video":"","hero_video_schema_markup":"","selling_points_title":"","selling_points_caption":"","selling_points":[],"selling_points_cta_text":"","features_title":"","features":"","ed_cta_examples_text":"","ed_cta_examples_hidden":"","ed_cta_demo_text":"","ed_cta_demo_hidden":"","why_caption":"","why_editor_title":"","why_editor_text":"","why_team_title":"","why_team_text":"","why_service_title":"","why_service_text":"","template_catalog_visible":"","template_catalog_title":"","template_catalog_text":"","template_catalog_categories_visible":"","demo_title":"Utw\u00f3rz wid\u017cet Prezentacja zespo\u0142u","demo_caption":"Skonfiguruj swoj\u0105 prezentacj\u0119 zespo\u0142u i dodaj j\u0105 do swojej witryny Bloggera za darmo!","default_faq_hidden":"","app_template_category":[],"platform":"44","template_public_id":"","codecanyon_url":"","codecanyon_item_id":"","codecanyon_price":"","pricing_caption":"","pricing_elfsight_apps_hide_column":"","pricing_elfsight_apps_url":"","pricing_codecanyon_price_caption":"","integration_category":[],"integration_request_title":"","integration_request_cta":"","integration_platform":"","integrations":[],"platform_category":[],"video_schema_markup":"","price":"od 0 USD \/ miesi\u0105c","trial":"","benefits":[{"text":"Bezp\u0142atna us\u0142uga monta\u017cu"},{"text":"Kompetentna obs\u0142uga klienta"},{"text":"14-dniowa gwarancja zwrotu pieni\u0119dzy"}],"button_url":"#demo","button_target_blank":"","button_nofollow":"","attributes":[{"name":"Instaluje"},{"name":"Czu\u0142y"},{"name":"Kompatybilne przegl\u0105darki"}],"tags":[],"tags_disable_links":"","hide_more_platforms":"","video_object":"","demo_hide_cta":"","demo_hide_cloud_options":"","pricing_title":"","pricing":[{"pricing_icon":"platform","pricing_title":"Elfsight Apps","pricing_title_caption":"Oprogramowanie wieloplatformowe, kt\u00f3re dzia\u0142a na dowolnej stronie internetowej","pricing_price":"od 0 USD \/ miesi\u0105c","pricing_price_caption":"zacznij od bezp\u0142atnego planu","pricing_benefits":[{"text":"Nielimitowane domeny"},{"text":"Wsparcie premium, terminowe i dobrze udokumentowane"},{"text":"Bezp\u0142atna pomoc w instalacji"},{"text":"100% konfigurowalny"}],"pricing_button_text":"Dodaj do witryny","pricing_button_url":"#demo"}],"related_apps_title":"","related_apps_hidden":"","author":"","image":[],"title":"","job":"","social_networks":[]},"_links":{"self":[{"href":"https:\/\/elfsight.com\/pl\/wp-json\/wp\/v2\/pages\/6774","targetHints":{"allow":["GET"]}}],"collection":[{"href":"https:\/\/elfsight.com\/pl\/wp-json\/wp\/v2\/pages"}],"about":[{"href":"https:\/\/elfsight.com\/pl\/wp-json\/wp\/v2\/types\/page"}],"author":[{"embeddable":true,"href":"https:\/\/elfsight.com\/pl\/wp-json\/wp\/v2\/users\/9"}],"replies":[{"embeddable":true,"href":"https:\/\/elfsight.com\/pl\/wp-json\/wp\/v2\/comments?post=6774"}],"version-history":[{"count":2,"href":"https:\/\/elfsight.com\/pl\/wp-json\/wp\/v2\/pages\/6774\/revisions"}],"predecessor-version":[{"id":8050,"href":"https:\/\/elfsight.com\/pl\/wp-json\/wp\/v2\/pages\/6774\/revisions\/8050"}],"up":[{"embeddable":true,"href":"https:\/\/elfsight.com\/pl\/wp-json\/wp\/v2\/pages\/2366"}],"wp:attachment":[{"href":"https:\/\/elfsight.com\/pl\/wp-json\/wp\/v2\/media?parent=6774"}],"curies":[{"name":"wp","href":"https:\/\/api.w.org\/{rel}","templated":true}]}}