{"id":6765,"date":"1970-01-01T00:00:00","date_gmt":"1970-01-01T00:00:00","guid":{"rendered":"https:\/\/elfsight.com\/pl\/?page_id=6765"},"modified":"2024-11-14T12:39:21","modified_gmt":"2024-11-14T12:39:21","slug":"html","status":"publish","type":"page","link":"https:\/\/elfsight.com\/pl\/team-showcase-widget\/html\/","title":{"rendered":"Team Showcase &#8211; HTML"},"content":{"rendered":"<div class=\"application-platform-content-item-description application-platform-content-item\" id=\"description\" data-nav-section=\"description\"> <h2>Opis<\/h2> <p>Elfsight Team Showcase stanie si\u0119 najlepszym narz\u0119dziem do przedstawienia Twojego zespo\u0142u na Twojej stronie internetowej. Nasz widget pomo\u017ce dostarczy\u0107 zdj\u0119cia i t\u0142a dowolnego rodzaju zespo\u0142u: koleg\u00f3w z pracy, cz\u0142onk\u00f3w klubu sportowego, kadry profesorskiej, pracownik\u00f3w firmy i wszystkich innych. Poka\u017c zdj\u0119cie, dodaj dane kontaktowe i w\u0142asny tekst o ka\u017cdej osobie. Odwiedzaj\u0105cy stron\u0119 b\u0119d\u0105 mieli mo\u017cliwo\u015b\u0107 natychmiastowego skontaktowania si\u0119 z nimi za chwil\u0119, dzi\u0119ki linkom lub ikonom medi\u00f3w spo\u0142eczno\u015bciowych. Mo\u017cesz tworzy\u0107 grupy i pokazywa\u0107 format swojej firmy, wybiera\u0107 uk\u0142ad, kolory i wi\u0119cej opcji. Wzmocnij wiarygodno\u015b\u0107 swojego biznesu, pokazuj\u0105c jego ludzki wizerunek! <\/p><div class=\"faq\" data-component=\"FAQ\"> <div class=\"faq-item\">\r\n\t\t\t\t\t<div class=\"faq-item-question\">\r\n\t\t\t\t\t\t<h3 class=\"faq-item-question-text\">Gdzie mog\u0119 wy\u015bwietli\u0107 Prezentacj\u0119 zespo\u0142u?<\/h3>\r\n\r\n\t\t\t\t\t\t<div class=\"faq-item-question-icon\"><\/div>\r\n\t\t\t\t\t<\/div>\r\n\r\n\t\t\t\t\t<div class=\"faq-item-answer\">\r\n\t\t\t\t\t\t<div class=\"faq-item-answer-text\"> <p>Mo\u017cesz doda\u0107 wid\u017cet do dowolnej strony swojej witryny, tam gdzie jest to potrzebne. Mo\u017ce sta\u0107 si\u0119 jednym z element\u00f3w strefy tre\u015bci lub wype\u0142ni\u0107 ca\u0142\u0105 stron\u0119. W ten spos\u00f3b za pomoc\u0105 wid\u017cetu mo\u017cesz uporz\u0105dkowa\u0107 swoj\u0105 stron\u0119 O nas. <\/p><\/div>\r\n\t\t\t\t\t<\/div>\r\n\t\t\t\t<\/div> <div class=\"faq-item\">\r\n\t\t\t\t\t<div class=\"faq-item-question\">\r\n\t\t\t\t\t\t<h3 class=\"faq-item-question-text\">Jakie korzy\u015bci mog\u0119 odnie\u015b\u0107 z Team Showcase? <\/h3>\r\n\r\n\t\t\t\t\t\t<div class=\"faq-item-question-icon\"><\/div>\r\n\t\t\t\t\t<\/div>\r\n\r\n\t\t\t\t\t<div class=\"faq-item-answer\">\r\n\t\t\t\t\t\t<div class=\"faq-item-answer-text\"> <p>Przedstawienie prawdziwych os\u00f3b zaanga\u017cowanych w biznes zwi\u0119ksza przejrzysto\u015b\u0107 i poprawia postrzegan\u0105 wiarygodno\u015b\u0107 Twojej firmy. Przekonuje u\u017cytkownik\u00f3w, \u017ce jeste\u015b solidnym partnerem i mo\u017ce prowadzi\u0107 do zwi\u0119kszenia liczby potencjalnych klient\u00f3w i nowych klient\u00f3w. Co wi\u0119cej, kontakt z Twoim zespo\u0142em b\u0119dzie szybszy dzi\u0119ki szczeg\u00f3\u0142om wy\u015bwietlanym ka\u017cdemu cz\u0142onkowi. <\/p><\/div>\r\n\t\t\t\t\t<\/div>\r\n\t\t\t\t<\/div> <div class=\"faq-item\">\r\n\t\t\t\t\t<div class=\"faq-item-question\">\r\n\t\t\t\t\t\t<h3 class=\"faq-item-question-text\">Czego potrzebuj\u0119, aby Team Showcase pojawi\u0142 si\u0119 na mojej witrynie HTML? <\/h3>\r\n\r\n\t\t\t\t\t\t<div class=\"faq-item-question-icon\"><\/div>\r\n\t\t\t\t\t<\/div>\r\n\r\n\t\t\t\t\t<div class=\"faq-item-answer\">\r\n\t\t\t\t\t\t<div class=\"faq-item-answer-text\"> <p>Tylko kilka minut Twojego czasu. Dodanie wid\u017cetu do Twojej witryny jest naprawd\u0119 szybkie, bezp\u0142atne i nie wymaga kodowania.<\/p> <ol> <li>Mo\u017cesz osadzi\u0107 Team Showcase w swojej witrynie bezpo\u015brednio za po\u015brednictwem naszej us\u0142ugi. Po prostu skorzystaj z poni\u017cszego przewodnika na tej stronie. <\/li> <li>Elfsight Team Showcase mo\u017cna wprowadzi\u0107 do Twojej witryny za po\u015brednictwem naszej us\u0142ugi lub za po\u015brednictwem rynku. Tutaj mo\u017cesz por\u00f3wna\u0107 te opcje i zdecydowa\u0107, kt\u00f3ra jest bardziej odpowiednia. <\/li> <\/ol> <\/div>\r\n\t\t\t\t\t<\/div>\r\n\t\t\t\t<\/div> <\/div> <\/div> <div class=\"application-platform-content-item-features application-platform-content-item\" id=\"features\" data-nav-section=\"features\"> <h2>Funkcje<\/h2> <p>Aby uzyska\u0107 pe\u0142ne zrozumienie wid\u017cetu, oto lista podstawowych funkcji. Dzi\u0119ki nim ten widget jest dla Ciebie maksymalnie efektywny: <\/p> <ul><li>Klikalne ikony medi\u00f3w spo\u0142eczno\u015bciowych oraz linki do strony i adres e-mail; <\/li><li> Adres lokalizacji wy\u015bwietlany na Mapach Google po klikni\u0119ciu; <\/li><li>Wyskakuj\u0105ce okienko pokazuje wszystkie informacje o cz\u0142onku zespo\u0142u; <\/li><li>Dwie opcje organizowania kategorii: jako lista og\u00f3lna lub filtrowanie wed\u0142ug menu; <\/li><li>Do wyboru cztery warianty uk\u0142adu: Siatka, Karty, Galeria lub Lista. <\/li><\/ul><p>Poznaj pe\u0142n\u0105 list\u0119 funkcji w wersji demonstracyjnej <\/p> <\/div> <div class=\"application-platform-content-item-installation application-platform-content-item\" id=\"installation\" data-nav-section=\"installation\"> <h2>Dowiedz si\u0119, jak osadzi\u0107 wid\u017cet Team Showcase w kodzie HTML strona. <\/h2> <div class=\"video-container\"><iframe width=\"720\" height=\"405\" src=\"https:\/\/www.youtube.com\/embed\/LXy-c7dsmkc\" frameborder=\"0\" allowfullscreen=\"\"><\/iframe><\/div><p>Wykonaj poni\u017csze kroki, aby pobra\u0107 wid\u017cet. <\/p> <ol><li><b>Utw\u00f3rz w\u0142asn\u0105 wtyczk\u0119 Team Showcase<\/b><br> Korzystaj\u0105c z naszej bezp\u0142atnej wersji demonstracyjnej, utw\u00f3rz wtyczk\u0119 oraz wybierz opcje uk\u0142adu i funkcji. <\/li><li><b>Skopiuj indywidualny kod, aby zintegrowa\u0107 wtyczk\u0119<\/b><br> Po skonfigurowaniu wid\u017cetu otrzymasz kod instalacyjny w pojawiaj\u0105cym si\u0119 oknie aplikacji Elfsight. Skopiuj kod do wykorzystania w przysz\u0142o\u015bci. <\/li> <li><b>Zintegruj wtyczk\u0119 na swojej stronie HTML<\/b><br> Znajd\u017a obszar, w kt\u00f3rym planujesz umie\u015bci\u0107 wtyczk\u0119 i tam dodaj zapisany kod. Zapisz wyniki. <\/li> <li><b>Osadzanie powiod\u0142o si\u0119! <\/b><br> Wejd\u017a do swojego sklepu, aby obejrze\u0107 swoj\u0105 wtyczk\u0119. <\/li> <\/ol><p>Nadal nie jeste\u015b pewien? Albo masz problemy? Wystarczy skierowa\u0107 pro\u015bb\u0119 do naszego zespo\u0142u wsparcia, aby rozwi\u0105za\u0107 ka\u017cdy problem. <\/p> <\/div>","protected":false},"excerpt":{"rendered":"","protected":false},"author":9,"featured_media":0,"parent":2366,"menu_order":0,"comment_status":"closed","ping_status":"closed","template":"templates\/template-application-platform.php","meta":{"publish_to_discourse":"","publish_post_category":"","wpdc_auto_publish_overridden":"","wpdc_topic_tags":"","wpdc_pin_topic":"","wpdc_pin_until":"","discourse_post_id":"","discourse_permalink":"","wpdc_publishing_response":"","wpdc_publishing_error":"","footnotes":""},"class_list":["post-6765","page","type-page","status-publish","hentry"],"yoast_head":"<!-- This site is optimized with the Yoast SEO plugin v25.3.1 - https:\/\/yoast.com\/wordpress\/plugins\/seo\/ -->\n<title>Dodaj wid\u017cet Team Showcase do strony HTML (\u0142atwe i bezp\u0142atne)<\/title>\n<meta name=\"description\" content=\"Oto szansa na stworzenie wydajnego wid\u017cetu Team Showcase i zintegrowanie go ze swoj\u0105 witryn\u0105 HTML. Uzyskaj bezp\u0142atn\u0105 obs\u0142ug\u0119 klienta i inne bonusy od Elfsight.\" \/>\n<meta name=\"robots\" content=\"index, follow, max-snippet:-1, max-image-preview:large, max-video-preview:-1\" \/>\n<link rel=\"canonical\" href=\"https:\/\/elfsight.com\/pl\/team-showcase-widget\/html\/\" \/>\n<meta property=\"og:locale\" content=\"pl_PL\" \/>\n<meta property=\"og:type\" content=\"article\" \/>\n<meta property=\"og:title\" content=\"Dodaj wid\u017cet Team Showcase do strony HTML (\u0142atwe i bezp\u0142atne)\" \/>\n<meta property=\"og:description\" content=\"Oto szansa na stworzenie wydajnego wid\u017cetu Team Showcase i zintegrowanie go ze swoj\u0105 witryn\u0105 HTML. Uzyskaj bezp\u0142atn\u0105 obs\u0142ug\u0119 klienta i inne bonusy od Elfsight.\" \/>\n<meta property=\"og:url\" content=\"https:\/\/elfsight.com\/pl\/team-showcase-widget\/html\/\" \/>\n<meta property=\"og:site_name\" content=\"Elfsight PL\" \/>\n<meta property=\"article:modified_time\" content=\"2024-11-14T12:39:21+00:00\" \/>\n<meta name=\"twitter:card\" content=\"summary_large_image\" \/>\n<meta name=\"twitter:label1\" content=\"Szacowany czas czytania\" \/>\n\t<meta name=\"twitter:data1\" content=\"3 minuty\" \/>\n<!-- \/ Yoast SEO plugin. -->","yoast_head_json":{"title":"Dodaj wid\u017cet Team Showcase do strony HTML (\u0142atwe i bezp\u0142atne)","description":"Oto szansa na stworzenie wydajnego wid\u017cetu Team Showcase i zintegrowanie go ze swoj\u0105 witryn\u0105 HTML. Uzyskaj bezp\u0142atn\u0105 obs\u0142ug\u0119 klienta i inne bonusy od Elfsight.","robots":{"index":"index","follow":"follow","max-snippet":"max-snippet:-1","max-image-preview":"max-image-preview:large","max-video-preview":"max-video-preview:-1"},"canonical":"https:\/\/elfsight.com\/pl\/team-showcase-widget\/html\/","og_locale":"pl_PL","og_type":"article","og_title":"Dodaj wid\u017cet Team Showcase do strony HTML (\u0142atwe i bezp\u0142atne)","og_description":"Oto szansa na stworzenie wydajnego wid\u017cetu Team Showcase i zintegrowanie go ze swoj\u0105 witryn\u0105 HTML. Uzyskaj bezp\u0142atn\u0105 obs\u0142ug\u0119 klienta i inne bonusy od Elfsight.","og_url":"https:\/\/elfsight.com\/pl\/team-showcase-widget\/html\/","og_site_name":"Elfsight PL","article_modified_time":"2024-11-14T12:39:21+00:00","twitter_card":"summary_large_image","twitter_misc":{"Szacowany czas czytania":"3 minuty"},"schema":{"@context":"https:\/\/schema.org","@graph":[{"@type":"WebPage","@id":"https:\/\/elfsight.com\/pl\/team-showcase-widget\/html\/","url":"https:\/\/elfsight.com\/pl\/team-showcase-widget\/html\/","name":"Dodaj wid\u017cet Team Showcase do strony HTML (\u0142atwe i bezp\u0142atne)","isPartOf":{"@id":"https:\/\/elfsight.com\/pl\/#website"},"datePublished":"1970-01-01T00:00:00+00:00","dateModified":"2024-11-14T12:39:21+00:00","description":"Oto szansa na stworzenie wydajnego wid\u017cetu Team Showcase i zintegrowanie go ze swoj\u0105 witryn\u0105 HTML. Uzyskaj bezp\u0142atn\u0105 obs\u0142ug\u0119 klienta i inne bonusy od Elfsight.","breadcrumb":{"@id":"https:\/\/elfsight.com\/pl\/team-showcase-widget\/html\/#breadcrumb"},"inLanguage":"pl-PL","potentialAction":[{"@type":"ReadAction","target":["https:\/\/elfsight.com\/pl\/team-showcase-widget\/html\/"]}]},{"@type":"BreadcrumbList","@id":"https:\/\/elfsight.com\/pl\/team-showcase-widget\/html\/#breadcrumb","itemListElement":[{"@type":"ListItem","position":1,"name":"Home","item":"https:\/\/elfsight.com\/pl\/"},{"@type":"ListItem","position":2,"name":"Team Showcase","item":"https:\/\/elfsight.com\/pl\/team-showcase-widget\/"},{"@type":"ListItem","position":3,"name":"Team Showcase &#8211; HTML"}]},{"@type":"WebSite","@id":"https:\/\/elfsight.com\/pl\/#website","url":"https:\/\/elfsight.com\/pl\/","name":"Elfsight PL","description":"Just another Elfsight Sites site","potentialAction":[{"@type":"SearchAction","target":{"@type":"EntryPoint","urlTemplate":"https:\/\/elfsight.com\/pl\/?s={search_term_string}"},"query-input":{"@type":"PropertyValueSpecification","valueRequired":true,"valueName":"search_term_string"}}],"inLanguage":"pl-PL"}]}},"meta_box":{"industry":"","seo_heading":"","heading":"","description":"","cta_heading":"","cta_description":"","application":"2365","h1":"Widget HTML Team Showcase","h1_caption":"Przedstaw cz\u0142onk\u00f3w swojego zespo\u0142u w profesjonalny i atrakcyjny wizualnie spos\u00f3b, bez wysi\u0142ku buduj\u0105c zaufanie i wi\u0119\u017a z odbiorcami w swojej witrynie HTML.","application_category":[],"applications_title":"","applications_request_title":"","applications_request_button_text":"","hero_text":"","hero_video":"","hero_video_schema_markup":"","selling_points_title":"","selling_points_caption":"","selling_points":[],"selling_points_cta_text":"","features_title":"","features":"","ed_cta_examples_text":"","ed_cta_examples_hidden":"","ed_cta_demo_text":"","ed_cta_demo_hidden":"","why_caption":"","why_editor_title":"","why_editor_text":"","why_team_title":"","why_team_text":"","why_service_title":"","why_service_text":"","template_catalog_visible":"","template_catalog_title":"","template_catalog_text":"","template_catalog_categories_visible":"","demo_title":"Utw\u00f3rz wid\u017cet Prezentacja zespo\u0142u","demo_caption":"Skonfiguruj swoj\u0105 prezentacj\u0119 zespo\u0142u i dodaj j\u0105 do swojej witryny HTML za darmo!","default_faq_hidden":"","app_template_category":[],"platform":"50","template_public_id":"","codecanyon_url":"","codecanyon_item_id":"","codecanyon_price":"","pricing_caption":"","pricing_elfsight_apps_hide_column":"","pricing_elfsight_apps_url":"","pricing_codecanyon_price_caption":"","integration_category":[],"integration_request_title":"","integration_request_cta":"","integration_platform":"","integrations":[],"platform_category":[],"video_schema_markup":"","price":"od 0 USD \/ miesi\u0105c","trial":"","benefits":[{"text":"Bezp\u0142atna pomoc w monta\u017cu"},{"text":"Skuteczna obs\u0142uga klienta"},{"text":"14-dniowa gwarancja zwrotu pieni\u0119dzy"}],"button_url":"#demo","button_target_blank":"","button_nofollow":"","attributes":[{"name":"Instaluje"},{"name":"Czu\u0142y"},{"name":"Kompatybilne przegl\u0105darki"}],"tags":[],"tags_disable_links":"","hide_more_platforms":"","video_object":"","demo_hide_cta":"","demo_hide_cloud_options":"","pricing_title":"","pricing":[{"pricing_icon":"platform","pricing_title":"Elfsight Apps","pricing_title_caption":"Oprogramowanie niezale\u017cne od platformy, kt\u00f3re pasuje do ka\u017cdej witryny internetowej","pricing_price":"od 0 USD \/ miesi\u0105c","pricing_price_caption":"zacznij od bezp\u0142atnego planu","pricing_benefits":[{"text":"Nielimitowane strony internetowe"},{"text":"Dedykowana obs\u0142uga klienta i dobrze udokumentowana"},{"text":"Bezp\u0142atna us\u0142uga monta\u017cu"},{"text":"Specjalna cena za wiele aplikacji"}],"pricing_button_text":"Dodaj do witryny","pricing_button_url":"#demo"}],"related_apps_title":"","related_apps_hidden":"","author":"","image":[],"title":"","job":"","social_networks":[]},"_links":{"self":[{"href":"https:\/\/elfsight.com\/pl\/wp-json\/wp\/v2\/pages\/6765","targetHints":{"allow":["GET"]}}],"collection":[{"href":"https:\/\/elfsight.com\/pl\/wp-json\/wp\/v2\/pages"}],"about":[{"href":"https:\/\/elfsight.com\/pl\/wp-json\/wp\/v2\/types\/page"}],"author":[{"embeddable":true,"href":"https:\/\/elfsight.com\/pl\/wp-json\/wp\/v2\/users\/9"}],"replies":[{"embeddable":true,"href":"https:\/\/elfsight.com\/pl\/wp-json\/wp\/v2\/comments?post=6765"}],"version-history":[{"count":2,"href":"https:\/\/elfsight.com\/pl\/wp-json\/wp\/v2\/pages\/6765\/revisions"}],"predecessor-version":[{"id":8049,"href":"https:\/\/elfsight.com\/pl\/wp-json\/wp\/v2\/pages\/6765\/revisions\/8049"}],"up":[{"embeddable":true,"href":"https:\/\/elfsight.com\/pl\/wp-json\/wp\/v2\/pages\/2366"}],"wp:attachment":[{"href":"https:\/\/elfsight.com\/pl\/wp-json\/wp\/v2\/media?parent=6765"}],"curies":[{"name":"wp","href":"https:\/\/api.w.org\/{rel}","templated":true}]}}