{"id":6758,"date":"1970-01-01T00:00:00","date_gmt":"1970-01-01T00:00:00","guid":{"rendered":"https:\/\/elfsight.com\/pl\/?page_id=6758"},"modified":"2025-06-27T08:53:34","modified_gmt":"2025-06-27T08:53:34","slug":"shopify","status":"publish","type":"page","link":"https:\/\/elfsight.com\/pl\/team-showcase-widget\/shopify\/","title":{"rendered":"Team Showcase &#8211; Shopify"},"content":{"rendered":"<div class=\"application-platform-content-item-description application-platform-content-item\" id=\"description\" data-nav-section=\"description\"> <h2>Osad\u017a Team Showcase na Shopify za pomoc\u0105 wid\u017cetu Elfsight<\/h2> <p>Elfsight Team Showcase to naj\u0142atwiejsze narz\u0119dzie do prezentowania cz\u0142onkom zespo\u0142u Twoja strona internetowa. Ten widget pomo\u017ce opublikowa\u0107 zdj\u0119cia i role dowolnego rodzaju zespo\u0142u: partner\u00f3w biznesowych, dru\u017cyny sportowej, kadry akademickiej, struktury firmy i nie tylko. Zaprezentuj zdj\u0119cie, opublikuj dane kontaktowe i unikaln\u0105 wiadomo\u015b\u0107 o ka\u017cdej osobie. U\u017cytkownicy b\u0119d\u0105 mieli mo\u017cliwo\u015b\u0107 zaadresowania ka\u017cdego z nich za pomoc\u0105 aktywnych link\u00f3w lub ikon spo\u0142eczno\u015bciowych. Mo\u017cesz tworzy\u0107 kategorie i pokazywa\u0107 struktur\u0119 swojego zespo\u0142u, wybiera\u0107 uk\u0142ad, kolory i inne. Wzbudzaj zaufanie do swojego biznesu, pokazuj\u0105c jego ludzk\u0105 twarz! <\/p><div class=\"faq\" data-component=\"FAQ\"> <div class=\"faq-item\">\r\n\t\t\t\t\t<div class=\"faq-item-question\">\r\n\t\t\t\t\t\t<h3 class=\"faq-item-question-text\">Gdzie mog\u0119 zainstalowa\u0107 wid\u017cet<\/h3>\r\n\r\n\t\t\t\t\t\t<div class=\"faq-item-question-icon\"><\/div>\r\n\t\t\t\t\t<\/div>\r\n\r\n\t\t\t\t\t<div class=\"faq-item-answer\">\r\n\t\t\t\t\t\t<div class=\"faq-item-answer-text\"> <p>Przedstaw wizyt\u00f3wk\u0119 swojego zespo\u0142u na ka\u017cdej stronie witryny, gdzie uznasz to za odpowiednie. Wid\u017cet mo\u017ce pe\u0142ni\u0107 funkcj\u0119 jednego z element\u00f3w obszaru tre\u015bci lub zajmowa\u0107 ca\u0142e miejsce na stronie. W ten spos\u00f3b za pomoc\u0105 wid\u017cetu mo\u017cesz zbudowa\u0107 swoj\u0105 stron\u0119 O nas. <\/p><\/div>\r\n\t\t\t\t\t<\/div>\r\n\t\t\t\t<\/div> <div class=\"faq-item\">\r\n\t\t\t\t\t<div class=\"faq-item-question\">\r\n\t\t\t\t\t\t<h3 class=\"faq-item-question-text\">Jakie s\u0105 dla mnie korzy\u015bci z posiadania tej wtyczki? <\/h3>\r\n\r\n\t\t\t\t\t\t<div class=\"faq-item-question-icon\"><\/div>\r\n\t\t\t\t\t<\/div>\r\n\r\n\t\t\t\t\t<div class=\"faq-item-answer\">\r\n\t\t\t\t\t\t<div class=\"faq-item-answer-text\"><p>Opowiadanie o osobach zwi\u0105zanych z Twoj\u0105 firm\u0105 zwi\u0119ksza poziom przejrzysto\u015bci i zwi\u0119ksza postrzegan\u0105 wiarygodno\u015b\u0107 Tw\u00f3j interes. Dzi\u0119ki temu odwiedzaj\u0105cy maj\u0105 pewno\u015b\u0107, \u017ce jeste\u015b uczciwym partnerem, co mo\u017ce prze\u0142o\u017cy\u0107 si\u0119 na wy\u017cszy poziom lead\u00f3w i \u015bwie\u017c\u0105 sprzeda\u017c. Ponadto kontakt z Twoim zespo\u0142em b\u0119dzie \u0142atwiejszy dzi\u0119ki danym kontaktowym wy\u015bwietlanym dla ka\u017cdego cz\u0142onka. <\/p><\/div>\r\n\t\t\t\t\t<\/div>\r\n\t\t\t\t<\/div> <div class=\"faq-item\">\r\n\t\t\t\t\t<div class=\"faq-item-question\">\r\n\t\t\t\t\t\t<h3 class=\"faq-item-question-text\">Jak uzyska\u0107 dost\u0119p do Team Showcase w mojej witrynie Shopify? <\/h3>\r\n\r\n\t\t\t\t\t\t<div class=\"faq-item-question-icon\"><\/div>\r\n\t\t\t\t\t<\/div>\r\n\r\n\t\t\t\t\t<div class=\"faq-item-answer\">\r\n\t\t\t\t\t\t<div class=\"faq-item-answer-text\"> <p>Potrzebujesz tylko trzech minut, aby skonfigurowa\u0107 wid\u017cet. Jest niezwykle szybki, darmowy i nie wymaga kodowania. <\/p> <ol> <li>Mo\u017cesz skonfigurowa\u0107 Team Showcase na swojej stronie za po\u015brednictwem naszej us\u0142ugi. W tym celu b\u0119dziesz musia\u0142 zastosowa\u0107 si\u0119 do poni\u017cszego przewodnika na tej stronie. <\/li> <li>Elfsight Team Showcase mo\u017cna zintegrowa\u0107 za po\u015brednictwem naszej us\u0142ugi lub na rynku. Tutaj mo\u017cesz przeczyta\u0107 wi\u0119cej o tych opcjach i wybra\u0107 swoj\u0105. <\/li> <\/ol> <\/div>\r\n\t\t\t\t\t<\/div>\r\n\t\t\t\t<\/div> <div class=\"faq-item\">\r\n\t\t\t\t\t<div class=\"faq-item-question\">\r\n\t\t\t\t\t\t<h3 class=\"faq-item-question-text\">Jak mog\u0119 osadzi\u0107 Team Showcase w moim sklepie Shopify bez umiej\u0119tno\u015bci kodowania?<\/h3>\r\n\r\n\t\t\t\t\t\t<div class=\"faq-item-question-icon\"><\/div>\r\n\t\t\t\t\t<\/div>\r\n\r\n\t\t\t\t\t<div class=\"faq-item-answer\">\r\n\t\t\t\t\t\t<div class=\"faq-item-answer-text\"><p>Elfsight zapewnia rozwi\u0105zanie oparte na chmurze, kt\u00f3re umo\u017cliwia u\u017cytkownikom tworzenie Zesp\u00f3\u0142 zaprezentuje si\u0119. Zobacz, jak \u0142atwy mo\u017ce by\u0107 ten proces:<\/p><ul><li>Uzyskaj dost\u0119p do edytora online, aby wygenerowa\u0107 sekcj\u0119 Team Showcase, kt\u00f3r\u0105 chcesz zintegrowa\u0107 ze swoim sklepem Shopify.<\/li><li>Wybierz jedn\u0105 z naszych wst\u0119pnie zaprojektowanych szablon\u00f3w i dostosuj ustawienia Team Showcase, dostosowuj\u0105c uk\u0142ad i schemat kolor\u00f3w oraz do\u0142\u0105czaj\u0105c tre\u015b\u0107 bez konieczno\u015bci kodowania.<\/li><li>Zapisz ustawienia skonfigurowane dla Team Showcase i uzyskaj kod do osadzenia, kt\u00f3ry mo\u017cna \u0142atwo i bezp\u0142atnie doda\u0107 do Twojego sklepu Shopify.<\/li><\/ul><p>Pracuj\u0105c w przyjaznym dla u\u017cytkownika Edytorze, ka\u017cdy u\u017cytkownik Internetu mo\u017ce utworzy\u0107 sekcj\u0119 Team Showcase i osadzi\u0107 j\u0105 w ich sklepie Shopify. Aby uzyska\u0107 dost\u0119p do Edytora Elfsight, nie ma wymogu dokonywania p\u0142atno\u015bci ani ujawniania danych karty. Je\u015bli na kt\u00f3rymkolwiek etapie napotkasz jakiekolwiek trudno\u015bci, skontaktuj si\u0119 z naszym dzia\u0142em obs\u0142ugi klienta.<\/p><\/div>\r\n\t\t\t\t\t<\/div>\r\n\t\t\t\t<\/div><\/div> <\/div> <div class=\"application-platform-content-item-features application-platform-content-item\" id=\"features\" data-nav-section=\"features\"> <h2>Funkcje<\/h2> <p>Aby w pe\u0142ni zrozumie\u0107 Team Showcase, przejrzyj list\u0119 jego g\u0142\u00f3wnych cech. Dzi\u0119ki nim ten widget jest dla Ciebie naprawd\u0119 wydajny: <\/p> <ul><li>Aktywne ikony kont spo\u0142eczno\u015bciowych oraz linki do strony i adres e-mail; <\/li><li>Po klikni\u0119ciu lokalizacja osoby otwiera si\u0119 w Mapach Google; <\/li><li>Pojawi si\u0119 wyskakuj\u0105ce okienko zawieraj\u0105ce wi\u0119cej szczeg\u00f3\u0142\u00f3w na temat cz\u0142onka zespo\u0142u; <\/li><li>Dwie mo\u017cliwo\u015bci wy\u015bwietlania grup: jako lista og\u00f3lna lub z menu; <\/li><li>Cztery opcje uk\u0142adu: siatka, karty, galeria lub lista. <\/li><\/ul><p>Aby pozna\u0107 wszystkie funkcje, zobacz demonstracj\u0119<\/p> <\/div> <div class=\"application-platform-content-item-installation application-platform-content-item\" id=\"installation\" data-nav-section=\"installation\"> <h2>Oto jak zintegrowa\u0107 wid\u017cet Team Showcase ze swoim sklepem Shopify. To niezwykle proste.<\/h2> <div class=\"video-container\"><iframe width=\"720\" height=\"405\" src=\"https:\/\/www.youtube.com\/embed\/tuhRdQi-Qcc\" frameborder=\"0\" allowfullscreen=\"\"><\/iframe><\/div><p> Wystarczy kilka szybkich krok\u00f3w, aby osadzi\u0107 wid\u017cet. <\/p> <ol><li><b>Skorzystaj z naszego bezp\u0142atnego edytora i zacznij tworzy\u0107 spersonalizowan\u0105 aplikacj\u0119. <\/b><br> Wybierz odpowiedni projekt i specyfikacje aplikacji i zapisz wszystkie modyfikacje. <\/li> <li><b>Wy\u015bwietl sw\u00f3j osobisty kod w oknie aplikacji Elfsight. <\/b><br> Po zako\u0144czeniu konfigurowania aplikacji skopiuj indywidualny kod z wy\u015bwietlonego pola i zapisz go do dalszego wykorzystania. <\/li> <li><b>Potwierd\u017a korzystanie z aplikacji w witrynie Shopify. <\/b><br> Zaimplementuj zapisany ostatnio kod w swojej witrynie i zapisz zmiany. <\/li> <li><b>Gotowe! Integracja zosta\u0142a pomy\u015blnie przeprowadzona. <\/b><br> Przejd\u017a do witryny, aby sprawdzi\u0107 dzia\u0142anie aplikacji. <\/li><\/ol><p>Nadal nie mo\u017cesz podj\u0105\u0107 decyzji? Albo masz problemy? Zg\u0142oszenie do naszego dzia\u0142u obs\u0142ugi klienta za\u0142atwi ka\u017cd\u0105 spraw\u0119. <\/p> <\/div>","protected":false},"excerpt":{"rendered":"","protected":false},"author":9,"featured_media":0,"parent":2366,"menu_order":0,"comment_status":"closed","ping_status":"closed","template":"templates\/template-application-platform.php","meta":{"publish_to_discourse":"","publish_post_category":"","wpdc_auto_publish_overridden":"","wpdc_topic_tags":"","wpdc_pin_topic":"","wpdc_pin_until":"","discourse_post_id":"","discourse_permalink":"","wpdc_publishing_response":"","wpdc_publishing_error":"","footnotes":""},"class_list":["post-6758","page","type-page","status-publish","hentry"],"yoast_head":"<!-- This site is optimized with the Yoast SEO plugin v25.3.1 - https:\/\/yoast.com\/wordpress\/plugins\/seo\/ -->\n<title>Dodaj aplikacj\u0119 Team Showcase do witryny Shopify (\u0142atwe i bezp\u0142atne)<\/title>\n<meta name=\"description\" content=\"Oto mo\u017cliwo\u015b\u0107 utworzenia aplikacji Team Showcase i wy\u015bwietlenia jej w sklepie Shopify. B\u0119dziesz cieszy\u0107 si\u0119 bezp\u0142atn\u0105 obs\u0142ug\u0105 klienta i innymi bonusami od Elfsight.\" \/>\n<meta name=\"robots\" content=\"index, follow, max-snippet:-1, max-image-preview:large, max-video-preview:-1\" \/>\n<link rel=\"canonical\" href=\"https:\/\/elfsight.com\/pl\/team-showcase-widget\/shopify\/\" \/>\n<meta property=\"og:locale\" content=\"pl_PL\" \/>\n<meta property=\"og:type\" content=\"article\" \/>\n<meta property=\"og:title\" content=\"Dodaj aplikacj\u0119 Team Showcase do witryny Shopify (\u0142atwe i bezp\u0142atne)\" \/>\n<meta property=\"og:description\" content=\"Oto mo\u017cliwo\u015b\u0107 utworzenia aplikacji Team Showcase i wy\u015bwietlenia jej w sklepie Shopify. B\u0119dziesz cieszy\u0107 si\u0119 bezp\u0142atn\u0105 obs\u0142ug\u0105 klienta i innymi bonusami od Elfsight.\" \/>\n<meta property=\"og:url\" content=\"https:\/\/elfsight.com\/pl\/team-showcase-widget\/shopify\/\" \/>\n<meta property=\"og:site_name\" content=\"Elfsight PL\" \/>\n<meta property=\"article:modified_time\" content=\"2025-06-27T08:53:34+00:00\" \/>\n<meta name=\"twitter:card\" content=\"summary_large_image\" \/>\n<meta name=\"twitter:label1\" content=\"Szacowany czas czytania\" \/>\n\t<meta name=\"twitter:data1\" content=\"4 minuty\" \/>\n<!-- \/ Yoast SEO plugin. -->","yoast_head_json":{"title":"Dodaj aplikacj\u0119 Team Showcase do witryny Shopify (\u0142atwe i bezp\u0142atne)","description":"Oto mo\u017cliwo\u015b\u0107 utworzenia aplikacji Team Showcase i wy\u015bwietlenia jej w sklepie Shopify. B\u0119dziesz cieszy\u0107 si\u0119 bezp\u0142atn\u0105 obs\u0142ug\u0105 klienta i innymi bonusami od Elfsight.","robots":{"index":"index","follow":"follow","max-snippet":"max-snippet:-1","max-image-preview":"max-image-preview:large","max-video-preview":"max-video-preview:-1"},"canonical":"https:\/\/elfsight.com\/pl\/team-showcase-widget\/shopify\/","og_locale":"pl_PL","og_type":"article","og_title":"Dodaj aplikacj\u0119 Team Showcase do witryny Shopify (\u0142atwe i bezp\u0142atne)","og_description":"Oto mo\u017cliwo\u015b\u0107 utworzenia aplikacji Team Showcase i wy\u015bwietlenia jej w sklepie Shopify. B\u0119dziesz cieszy\u0107 si\u0119 bezp\u0142atn\u0105 obs\u0142ug\u0105 klienta i innymi bonusami od Elfsight.","og_url":"https:\/\/elfsight.com\/pl\/team-showcase-widget\/shopify\/","og_site_name":"Elfsight PL","article_modified_time":"2025-06-27T08:53:34+00:00","twitter_card":"summary_large_image","twitter_misc":{"Szacowany czas czytania":"4 minuty"},"schema":{"@context":"https:\/\/schema.org","@graph":[{"@type":"WebPage","@id":"https:\/\/elfsight.com\/pl\/team-showcase-widget\/shopify\/","url":"https:\/\/elfsight.com\/pl\/team-showcase-widget\/shopify\/","name":"Dodaj aplikacj\u0119 Team Showcase do witryny Shopify (\u0142atwe i bezp\u0142atne)","isPartOf":{"@id":"https:\/\/elfsight.com\/pl\/#website"},"datePublished":"1970-01-01T00:00:00+00:00","dateModified":"2025-06-27T08:53:34+00:00","description":"Oto mo\u017cliwo\u015b\u0107 utworzenia aplikacji Team Showcase i wy\u015bwietlenia jej w sklepie Shopify. B\u0119dziesz cieszy\u0107 si\u0119 bezp\u0142atn\u0105 obs\u0142ug\u0105 klienta i innymi bonusami od Elfsight.","breadcrumb":{"@id":"https:\/\/elfsight.com\/pl\/team-showcase-widget\/shopify\/#breadcrumb"},"inLanguage":"pl-PL","potentialAction":[{"@type":"ReadAction","target":["https:\/\/elfsight.com\/pl\/team-showcase-widget\/shopify\/"]}]},{"@type":"BreadcrumbList","@id":"https:\/\/elfsight.com\/pl\/team-showcase-widget\/shopify\/#breadcrumb","itemListElement":[{"@type":"ListItem","position":1,"name":"Home","item":"https:\/\/elfsight.com\/pl\/"},{"@type":"ListItem","position":2,"name":"Team Showcase","item":"https:\/\/elfsight.com\/pl\/team-showcase-widget\/"},{"@type":"ListItem","position":3,"name":"Team Showcase &#8211; Shopify"}]},{"@type":"WebSite","@id":"https:\/\/elfsight.com\/pl\/#website","url":"https:\/\/elfsight.com\/pl\/","name":"Elfsight PL","description":"Just another Elfsight Sites site","potentialAction":[{"@type":"SearchAction","target":{"@type":"EntryPoint","urlTemplate":"https:\/\/elfsight.com\/pl\/?s={search_term_string}"},"query-input":{"@type":"PropertyValueSpecification","valueRequired":true,"valueName":"search_term_string"}}],"inLanguage":"pl-PL"}]}},"meta_box":{"industry":"","seo_heading":"","heading":"","description":"","cta_heading":"","cta_description":"","application":"2365","h1":"Aplikacja Shopify Team Showcase","h1_caption":"Przedstaw cz\u0142onk\u00f3w swojego zespo\u0142u w profesjonalny i atrakcyjny wizualnie spos\u00f3b, bez wysi\u0142ku buduj\u0105c zaufanie i wi\u0119\u017a z odbiorcami w swojej witrynie Shopify.","application_category":[],"applications_title":"","applications_request_title":"","applications_request_button_text":"","hero_text":"","hero_video":"","hero_video_schema_markup":"","selling_points_title":"","selling_points_caption":"","selling_points":[],"selling_points_cta_text":"","features_title":"","features":"","ed_cta_examples_text":"","ed_cta_examples_hidden":"","ed_cta_demo_text":"","ed_cta_demo_hidden":"","why_caption":"","why_editor_title":"","why_editor_text":"","why_team_title":"","why_team_text":"","why_service_title":"","why_service_text":"","template_catalog_visible":"0","template_catalog_title":"","template_catalog_text":"","template_catalog_categories_visible":"","demo_title":"Utw\u00f3rz aplikacj\u0119 Team Showcase","demo_caption":"Skonfiguruj swoj\u0105 prezentacj\u0119 zespo\u0142u i dodaj j\u0105 do swojej witryny Shopify za darmo!","default_faq_hidden":"","app_template_category":[],"platform":"7580","template_public_id":"","codecanyon_url":"","codecanyon_item_id":"","codecanyon_price":"","pricing_caption":"","pricing_elfsight_apps_hide_column":"","pricing_elfsight_apps_url":"","pricing_codecanyon_price_caption":"","integration_category":[],"integration_request_title":"","integration_request_cta":"","integration_platform":"","integrations":[],"platform_category":[],"video_schema_markup":"","price":"od 0 USD \/ miesi\u0105c","trial":"","benefits":[{"text":"Bezp\u0142atna us\u0142uga monta\u017cu"},{"text":"Wsparcie premium"},{"text":"14-dniowa gwarancja zwrotu pieni\u0119dzy"}],"button_url":"#demo","button_target_blank":"0","button_nofollow":"0","attributes":[{"name":"Instaluje"},{"name":"Czu\u0142y"},{"name":"Kompatybilne przegl\u0105darki"}],"tags":[],"tags_disable_links":"0","hide_more_platforms":"0","video_object":"","demo_hide_cta":"0","demo_hide_cloud_options":"0","pricing_title":"","pricing":[{"pricing_icon":"cloud","pricing_title":"Elfsight Apps","pricing_title_caption":"Wersja wieloplatformowa, kt\u00f3ra dzia\u0142a na ka\u017cdej stronie internetowej","pricing_price":"od 0 USD \/ miesi\u0105c","pricing_price_caption":"zacznij od bezp\u0142atnego planu","pricing_benefits":[{"text":"Nielimitowane strony internetowe"},{"text":"Wsparcie premium"},{"text":"Bezp\u0142atna us\u0142uga monta\u017cu"},{"text":"Oferta specjalna na wiele aplikacji"}],"pricing_button_text":"Dodaj do witryny","pricing_button_url":"#demo"}],"related_apps_title":"","related_apps_hidden":"0","author":"","image":[],"title":"","job":"","social_networks":[]},"_links":{"self":[{"href":"https:\/\/elfsight.com\/pl\/wp-json\/wp\/v2\/pages\/6758","targetHints":{"allow":["GET"]}}],"collection":[{"href":"https:\/\/elfsight.com\/pl\/wp-json\/wp\/v2\/pages"}],"about":[{"href":"https:\/\/elfsight.com\/pl\/wp-json\/wp\/v2\/types\/page"}],"author":[{"embeddable":true,"href":"https:\/\/elfsight.com\/pl\/wp-json\/wp\/v2\/users\/9"}],"replies":[{"embeddable":true,"href":"https:\/\/elfsight.com\/pl\/wp-json\/wp\/v2\/comments?post=6758"}],"version-history":[{"count":2,"href":"https:\/\/elfsight.com\/pl\/wp-json\/wp\/v2\/pages\/6758\/revisions"}],"predecessor-version":[{"id":8048,"href":"https:\/\/elfsight.com\/pl\/wp-json\/wp\/v2\/pages\/6758\/revisions\/8048"}],"up":[{"embeddable":true,"href":"https:\/\/elfsight.com\/pl\/wp-json\/wp\/v2\/pages\/2366"}],"wp:attachment":[{"href":"https:\/\/elfsight.com\/pl\/wp-json\/wp\/v2\/media?parent=6758"}],"curies":[{"name":"wp","href":"https:\/\/api.w.org\/{rel}","templated":true}]}}