{"id":6752,"date":"1970-01-01T00:00:00","date_gmt":"1970-01-01T00:00:00","guid":{"rendered":"https:\/\/elfsight.com\/pl\/?page_id=6752"},"modified":"2024-11-14T12:39:12","modified_gmt":"2024-11-14T12:39:12","slug":"webflow","status":"publish","type":"page","link":"https:\/\/elfsight.com\/pl\/team-showcase-widget\/webflow\/","title":{"rendered":"Team Showcase &#8211; Webflow"},"content":{"rendered":"<div class=\"application-platform-content-item-description application-platform-content-item\" id=\"description\" data-nav-section=\"description\"> <h2>Osad\u017a prezentacj\u0119 zespo\u0142u w Webflow za pomoc\u0105 wid\u017cetu Elfsight<\/h2> <p>Nasz widget stanie si\u0119 najlepszym narz\u0119dziem do wy\u015bwietlania cz\u0142onk\u00f3w Twojego zespo\u0142u Strona internetowa. Ten widget pomo\u017ce Ci opowiedzie\u0107 o ka\u017cdym rodzaju dru\u017cyny: towarzyszach biznesowych, klubie sportowym, kadrze nauczycielskiej, kadrze firmowej i ka\u017cdej innej. Prze\u015blij zdj\u0119cie, opublikuj dane kontaktowe i osobist\u0105 wiadomo\u015b\u0107 o ka\u017cdej osobie. Twoi odbiorcy za chwil\u0119 b\u0119d\u0105 mieli mo\u017cliwo\u015b\u0107 natychmiastowego skontaktowania si\u0119 z nimi dzi\u0119ki linkom lub ikonom medi\u00f3w spo\u0142eczno\u015bciowych. Mo\u017cesz tworzy\u0107 grupy i demonstrowa\u0107 ramy swojej firmy, wybiera\u0107 uk\u0142ad, kolory i wi\u0119cej opcji. Zwi\u0119ksz wiarygodno\u015b\u0107 swojej firmy, pokazuj\u0105c jej ludzk\u0105 twarz! <\/p><div class=\"faq\" data-component=\"FAQ\"> <div class=\"faq-item\">\r\n\t\t\t\t\t<div class=\"faq-item-question\">\r\n\t\t\t\t\t\t<h3 class=\"faq-item-question-text\">Gdzie mog\u0119 to osadzi\u0107<\/h3>\r\n\r\n\t\t\t\t\t\t<div class=\"faq-item-question-icon\"><\/div>\r\n\t\t\t\t\t<\/div>\r\n\r\n\t\t\t\t\t<div class=\"faq-item-answer\">\r\n\t\t\t\t\t\t<div class=\"faq-item-answer-text\"> <p>Dodaj portfolio swojego zespo\u0142u do dowolnej strony swojej witryny, gdzie jest ono najbardziej potrzebne. Mo\u017ce to pe\u0142ni\u0107 funkcj\u0119 jednego z element\u00f3w strefy tre\u015bci, alternatywnie mo\u017ce wype\u0142ni\u0107 ca\u0142\u0105 stron\u0119. Mo\u017cesz wi\u0119c zbudowa\u0107 swoj\u0105 stron\u0119 O nas za pomoc\u0105 wid\u017cetu. <\/p><\/div>\r\n\t\t\t\t\t<\/div>\r\n\t\t\t\t<\/div> <div class=\"faq-item\">\r\n\t\t\t\t\t<div class=\"faq-item-question\">\r\n\t\t\t\t\t\t<h3 class=\"faq-item-question-text\">Jakie korzy\u015bci odnios\u0119 z Team Showcase? <\/h3>\r\n\r\n\t\t\t\t\t\t<div class=\"faq-item-question-icon\"><\/div>\r\n\t\t\t\t\t<\/div>\r\n\r\n\t\t\t\t\t<div class=\"faq-item-answer\">\r\n\t\t\t\t\t\t<div class=\"faq-item-answer-text\"> <p>Pokazywanie os\u00f3b stoj\u0105cych za nazw\u0105 firmy zwi\u0119ksza przejrzysto\u015b\u0107 i zwi\u0119ksza postrzegan\u0105 wiarygodno\u015b\u0107 firmy. Dzi\u0119ki temu ludzie maj\u0105 pewno\u015b\u0107, \u017ce Twoja firma jest wiarygodnym partnerem i mo\u017ce prze\u0142o\u017cy\u0107 si\u0119 na wzrost liczby potencjalnych klient\u00f3w i \u015bwie\u017c\u0105 sprzeda\u017c. Co wi\u0119cej, Twoi wsp\u00f3\u0142pracownicy mog\u0105 szybko si\u0119 z Tob\u0105 skontaktowa\u0107, korzystaj\u0105c z pokazanych przez Ciebie danych kontaktowych. <\/p><\/div>\r\n\t\t\t\t\t<\/div>\r\n\t\t\t\t<\/div> <div class=\"faq-item\">\r\n\t\t\t\t\t<div class=\"faq-item-question\">\r\n\t\t\t\t\t\t<h3 class=\"faq-item-question-text\">Jak zainstalowa\u0107 Team Showcase na mojej stronie internetowej Webflow? <\/h3>\r\n\r\n\t\t\t\t\t\t<div class=\"faq-item-question-icon\"><\/div>\r\n\t\t\t\t\t<\/div>\r\n\r\n\t\t\t\t\t<div class=\"faq-item-answer\">\r\n\t\t\t\t\t\t<div class=\"faq-item-answer-text\"> <p>Uruchomienie wid\u017cetu zajmie tylko minut\u0119. Jest superszybki, darmowy i nie wymaga kodowania. <\/p> <ol> <li>Mo\u017cesz wstawi\u0107 Team Showcase na stron\u0119 internetow\u0105 w naszym serwisie. W tym celu wykonaj instrukcje podane na tej stronie. <\/li> <li>Elfsight Team Showcase mo\u017cna zintegrowa\u0107 bezpo\u015brednio z nasz\u0105 us\u0142ug\u0105 lub za po\u015brednictwem rynku. Tutaj mo\u017cesz por\u00f3wna\u0107 te warianty i wybra\u0107 bardziej odpowiedni. <\/li> <\/ol> <\/div>\r\n\t\t\t\t\t<\/div>\r\n\t\t\t\t<\/div> <\/div> <\/div> <div class=\"application-platform-content-item-features application-platform-content-item\" id=\"features\" data-nav-section=\"features\"> <h2>G\u0142\u00f3wne funkcje wid\u017cetu Team Showcase<\/h2> <p>Aby kszta\u0142towa\u0107 jasna znajomo\u015b\u0107 Team Showcase, przejrzyj list\u0119 podstawowych cech. Dzi\u0119ki nim nasz widget jest niezwykle przydatny dla Twojego sklepu: <\/p> <ul><li>Klikalne ikony kont spo\u0142eczno\u015bciowych oraz linki do strony internetowej i adresu e-mail; <\/li><li> Lokalizacja wy\u015bwietlana na Mapach Google po klikni\u0119ciu; <\/li><li>Wyskakuj\u0105ce okienko ujawnia pe\u0142ne informacje o osobie; <\/li><li>Dwie opcje wy\u015bwietlania kategorii: jako lista og\u00f3lna lub filtrowanie wed\u0142ug menu; <\/li><li>4 opcje uk\u0142adu: siatka, karty, galeria, lista. <\/li><\/ul><p>Aby sprawdzi\u0107 wszystkie funkcje, zobacz nasz\u0105 demonstracj\u0119 na \u017cywo<\/p> <\/div> <div class=\"application-platform-content-item-installation application-platform-content-item\" id=\"installation\" data-nav-section=\"installation\"> <h2>Zobacz, jak zintegrowa\u0107 wid\u017cet Team Showcase z przep\u0142ywem sieciowym strona. To niezwykle proste.<\/h2> <div class=\"video-container\"><iframe width=\"720\" height=\"405\" src=\"https:\/\/www.youtube.com\/embed\/-K2CsElXydY\" frameborder=\"0\" allowfullscreen=\"\"><\/iframe><\/div><p>Tylko te kilka krok\u00f3w, kt\u00f3re musisz wykona\u0107. <\/p> <ol><li><b>Zaprojektuj w\u0142asn\u0105 wtyczk\u0119 Team Showcase<\/b><br> Za pomoc\u0105 naszego bezp\u0142atnego konfiguratora utw\u00f3rz wtyczk\u0119 z preferowanym interfejsem i funkcjonalno\u015bci\u0105. <\/li><li><b>Odbierz indywidualny kod do zainstalowania wtyczki<\/b><br> Po skonfigurowaniu wid\u017cetu otrzymasz sw\u00f3j osobisty kod z powiadomienia pojawiaj\u0105cego si\u0119 w aplikacjach Elfsight. Skopiuj ten kod. <\/li> <li><b>Wy\u015bwietl wtyczk\u0119 na swojej stronie Webflow<\/b><br> Wybierz miejsce, w kt\u00f3rym chcesz umie\u015bci\u0107 wtyczk\u0119 i wklej tam zapisany kod. Zapisz wyniki. <\/li> <li><b>Instalacja przebieg\u0142a pomy\u015blnie<\/b><br> Przejd\u017a do strony, aby sprawdzi\u0107 sw\u00f3j zesp\u00f3\u0142. <\/li> <\/ol><p>Nadal nie podj\u0105\u0142e\u015b decyzji? Lub masz problemy? Po prostu wy\u015blij zapytanie do naszego dzia\u0142u obs\u0142ugi klienta, pomo\u017cemy w ka\u017cdym problemie. <\/p> <\/div>","protected":false},"excerpt":{"rendered":"","protected":false},"author":9,"featured_media":0,"parent":2366,"menu_order":0,"comment_status":"closed","ping_status":"closed","template":"templates\/template-application-platform.php","meta":{"publish_to_discourse":"","publish_post_category":"","wpdc_auto_publish_overridden":"","wpdc_topic_tags":"","wpdc_pin_topic":"","wpdc_pin_until":"","discourse_post_id":"","discourse_permalink":"","wpdc_publishing_response":"","wpdc_publishing_error":"","footnotes":""},"class_list":["post-6752","page","type-page","status-publish","hentry"],"yoast_head":"<!-- This site is optimized with the Yoast SEO plugin v25.3.1 - https:\/\/yoast.com\/wordpress\/plugins\/seo\/ -->\n<title>Dodaj wid\u017cet Team Showcase do witryny Webflow (2025)<\/title>\n<meta name=\"description\" content=\"Dzi\u0119ki Elfsight mo\u017cesz szybko i \u0142atwo stworzy\u0107 wid\u017cet Team Showcase i doda\u0107 go do swojej witryny Webflow. Mamy bezp\u0142atn\u0105 obs\u0142ug\u0119 klienta i inne bonusy.\" \/>\n<meta name=\"robots\" content=\"index, follow, max-snippet:-1, max-image-preview:large, max-video-preview:-1\" \/>\n<link rel=\"canonical\" href=\"https:\/\/elfsight.com\/pl\/team-showcase-widget\/webflow\/\" \/>\n<meta property=\"og:locale\" content=\"pl_PL\" \/>\n<meta property=\"og:type\" content=\"article\" \/>\n<meta property=\"og:title\" content=\"Dodaj wid\u017cet Team Showcase do witryny Webflow (2025)\" \/>\n<meta property=\"og:description\" content=\"Dzi\u0119ki Elfsight mo\u017cesz szybko i \u0142atwo stworzy\u0107 wid\u017cet Team Showcase i doda\u0107 go do swojej witryny Webflow. Mamy bezp\u0142atn\u0105 obs\u0142ug\u0119 klienta i inne bonusy.\" \/>\n<meta property=\"og:url\" content=\"https:\/\/elfsight.com\/pl\/team-showcase-widget\/webflow\/\" \/>\n<meta property=\"og:site_name\" content=\"Elfsight PL\" \/>\n<meta property=\"article:modified_time\" content=\"2024-11-14T12:39:12+00:00\" \/>\n<meta name=\"twitter:card\" content=\"summary_large_image\" \/>\n<meta name=\"twitter:label1\" content=\"Szacowany czas czytania\" \/>\n\t<meta name=\"twitter:data1\" content=\"3 minuty\" \/>\n<!-- \/ Yoast SEO plugin. -->","yoast_head_json":{"title":"Dodaj wid\u017cet Team Showcase do witryny Webflow (2025)","description":"Dzi\u0119ki Elfsight mo\u017cesz szybko i \u0142atwo stworzy\u0107 wid\u017cet Team Showcase i doda\u0107 go do swojej witryny Webflow. Mamy bezp\u0142atn\u0105 obs\u0142ug\u0119 klienta i inne bonusy.","robots":{"index":"index","follow":"follow","max-snippet":"max-snippet:-1","max-image-preview":"max-image-preview:large","max-video-preview":"max-video-preview:-1"},"canonical":"https:\/\/elfsight.com\/pl\/team-showcase-widget\/webflow\/","og_locale":"pl_PL","og_type":"article","og_title":"Dodaj wid\u017cet Team Showcase do witryny Webflow (2025)","og_description":"Dzi\u0119ki Elfsight mo\u017cesz szybko i \u0142atwo stworzy\u0107 wid\u017cet Team Showcase i doda\u0107 go do swojej witryny Webflow. Mamy bezp\u0142atn\u0105 obs\u0142ug\u0119 klienta i inne bonusy.","og_url":"https:\/\/elfsight.com\/pl\/team-showcase-widget\/webflow\/","og_site_name":"Elfsight PL","article_modified_time":"2024-11-14T12:39:12+00:00","twitter_card":"summary_large_image","twitter_misc":{"Szacowany czas czytania":"3 minuty"},"schema":{"@context":"https:\/\/schema.org","@graph":[{"@type":"WebPage","@id":"https:\/\/elfsight.com\/pl\/team-showcase-widget\/webflow\/","url":"https:\/\/elfsight.com\/pl\/team-showcase-widget\/webflow\/","name":"Dodaj wid\u017cet Team Showcase do witryny Webflow (2025)","isPartOf":{"@id":"https:\/\/elfsight.com\/pl\/#website"},"datePublished":"1970-01-01T00:00:00+00:00","dateModified":"2024-11-14T12:39:12+00:00","description":"Dzi\u0119ki Elfsight mo\u017cesz szybko i \u0142atwo stworzy\u0107 wid\u017cet Team Showcase i doda\u0107 go do swojej witryny Webflow. Mamy bezp\u0142atn\u0105 obs\u0142ug\u0119 klienta i inne bonusy.","breadcrumb":{"@id":"https:\/\/elfsight.com\/pl\/team-showcase-widget\/webflow\/#breadcrumb"},"inLanguage":"pl-PL","potentialAction":[{"@type":"ReadAction","target":["https:\/\/elfsight.com\/pl\/team-showcase-widget\/webflow\/"]}]},{"@type":"BreadcrumbList","@id":"https:\/\/elfsight.com\/pl\/team-showcase-widget\/webflow\/#breadcrumb","itemListElement":[{"@type":"ListItem","position":1,"name":"Home","item":"https:\/\/elfsight.com\/pl\/"},{"@type":"ListItem","position":2,"name":"Team Showcase","item":"https:\/\/elfsight.com\/pl\/team-showcase-widget\/"},{"@type":"ListItem","position":3,"name":"Team Showcase &#8211; Webflow"}]},{"@type":"WebSite","@id":"https:\/\/elfsight.com\/pl\/#website","url":"https:\/\/elfsight.com\/pl\/","name":"Elfsight PL","description":"Just another Elfsight Sites site","potentialAction":[{"@type":"SearchAction","target":{"@type":"EntryPoint","urlTemplate":"https:\/\/elfsight.com\/pl\/?s={search_term_string}"},"query-input":{"@type":"PropertyValueSpecification","valueRequired":true,"valueName":"search_term_string"}}],"inLanguage":"pl-PL"}]}},"meta_box":{"industry":"","seo_heading":"","heading":"","description":"","cta_heading":"","cta_description":"","application":"2365","h1":"Wid\u017cet Prezentacja zespo\u0142u Webflow","h1_caption":"Przedstaw cz\u0142onk\u00f3w swojego zespo\u0142u w profesjonalny i atrakcyjny wizualnie spos\u00f3b, bez wysi\u0142ku buduj\u0105c zaufanie i wi\u0119\u017a z odbiorcami w witrynie Webflow.","application_category":[],"applications_title":"","applications_request_title":"","applications_request_button_text":"","hero_text":"","hero_video":"","hero_video_schema_markup":"","selling_points_title":"","selling_points_caption":"","selling_points":[],"selling_points_cta_text":"","features_title":"","features":"","ed_cta_examples_text":"","ed_cta_examples_hidden":"","ed_cta_demo_text":"","ed_cta_demo_hidden":"","why_caption":"","why_editor_title":"","why_editor_text":"","why_team_title":"","why_team_text":"","why_service_title":"","why_service_text":"","template_catalog_visible":"","template_catalog_title":"","template_catalog_text":"","template_catalog_categories_visible":"","demo_title":"Utw\u00f3rz wid\u017cet Prezentacja zespo\u0142u","demo_caption":"Skonfiguruj swoj\u0105 Team Showcase i dodaj j\u0105 do swojej witryny Webflow za darmo!","default_faq_hidden":"","app_template_category":[],"platform":"127","template_public_id":"","codecanyon_url":"","codecanyon_item_id":"","codecanyon_price":"","pricing_caption":"","pricing_elfsight_apps_hide_column":"","pricing_elfsight_apps_url":"","pricing_codecanyon_price_caption":"","integration_category":[],"integration_request_title":"","integration_request_cta":"","integration_platform":"","integrations":[],"platform_category":[],"video_schema_markup":"","price":"od 0 USD \/ miesi\u0105c","trial":"","benefits":[{"text":"Bezp\u0142atna pomoc w monta\u017cu"},{"text":"Wyj\u0105tkowe wsparcie"},{"text":"14-dniowa gwarancja zwrotu pieni\u0119dzy"}],"button_url":"#demo","button_target_blank":"","button_nofollow":"","attributes":[{"name":"Instaluje"},{"name":"Czu\u0142y"},{"name":"Kompatybilne przegl\u0105darki"}],"tags":[],"tags_disable_links":"","hide_more_platforms":"","video_object":"","demo_hide_cta":"","demo_hide_cloud_options":"","pricing_title":"","pricing":[{"pricing_icon":"platform","pricing_title":"Elfsight Apps","pricing_title_caption":"Oprogramowanie wieloplatformowe, kt\u00f3re pasuje do ka\u017cdej witryny internetowej","pricing_price":"od 0 USD \/ miesi\u0105c","pricing_price_caption":"zacznij od bezp\u0142atnego planu","pricing_benefits":[{"text":"Nieograniczona liczba domen"},{"text":"Wsparcie premium i na czas"},{"text":"Bezp\u0142atna us\u0142uga monta\u017cu"},{"text":"Specjalna cena za wiele aplikacji"}],"pricing_button_text":"Dodaj do witryny","pricing_button_url":"#demo"}],"related_apps_title":"","related_apps_hidden":"","author":"","image":[],"title":"","job":"","social_networks":[]},"_links":{"self":[{"href":"https:\/\/elfsight.com\/pl\/wp-json\/wp\/v2\/pages\/6752","targetHints":{"allow":["GET"]}}],"collection":[{"href":"https:\/\/elfsight.com\/pl\/wp-json\/wp\/v2\/pages"}],"about":[{"href":"https:\/\/elfsight.com\/pl\/wp-json\/wp\/v2\/types\/page"}],"author":[{"embeddable":true,"href":"https:\/\/elfsight.com\/pl\/wp-json\/wp\/v2\/users\/9"}],"replies":[{"embeddable":true,"href":"https:\/\/elfsight.com\/pl\/wp-json\/wp\/v2\/comments?post=6752"}],"version-history":[{"count":2,"href":"https:\/\/elfsight.com\/pl\/wp-json\/wp\/v2\/pages\/6752\/revisions"}],"predecessor-version":[{"id":8046,"href":"https:\/\/elfsight.com\/pl\/wp-json\/wp\/v2\/pages\/6752\/revisions\/8046"}],"up":[{"embeddable":true,"href":"https:\/\/elfsight.com\/pl\/wp-json\/wp\/v2\/pages\/2366"}],"wp:attachment":[{"href":"https:\/\/elfsight.com\/pl\/wp-json\/wp\/v2\/media?parent=6752"}],"curies":[{"name":"wp","href":"https:\/\/api.w.org\/{rel}","templated":true}]}}