{"id":6750,"date":"1970-01-01T00:00:00","date_gmt":"1970-01-01T00:00:00","guid":{"rendered":"https:\/\/elfsight.com\/pl\/?page_id=6750"},"modified":"2024-11-14T12:39:03","modified_gmt":"2024-11-14T12:39:03","slug":"weebly","status":"publish","type":"page","link":"https:\/\/elfsight.com\/pl\/team-showcase-widget\/weebly\/","title":{"rendered":"Team Showcase &#8211; Weebly"},"content":{"rendered":"<div class=\"application-platform-content-item-description application-platform-content-item\" id=\"description\" data-nav-section=\"description\"> <h2>Opis<\/h2> <p>Prezentacja zespo\u0142u Elfsight b\u0119dzie najlepszym sposobem na zaprezentowanie Twojego zespo\u0142u w Twojej witrynie. Widget pomo\u017ce zaprezentowa\u0107 dowolny rodzaj zespo\u0142u: koleg\u00f3w z pracy, klub sportowy, kadr\u0119 profesorsk\u0105, cz\u0142onk\u00f3w dru\u017cyny firmy i nie tylko. Dodaj zdj\u0119cie, dodaj dane kontaktowe i szczeg\u00f3\u0142ow\u0105 wiadomo\u015b\u0107 o ka\u017cdej osobie. Twoi odbiorcy otrzymaj\u0105 mo\u017cliwo\u015b\u0107 natychmiastowego skontaktowania si\u0119 z nimi za pomoc\u0105 link\u00f3w i ikon spo\u0142eczno\u015bciowych. Mo\u017cesz dowolnie tworzy\u0107 kategorie i demonstrowa\u0107 struktur\u0119 swojego zespo\u0142u, wybiera\u0107 uk\u0142ad, kolory i wi\u0119cej opcji. Podnie\u015b zaufanie do swojej firmy, pokazuj\u0105c jej ludzk\u0105 twarz! <\/p><div class=\"faq\" data-component=\"FAQ\"> <div class=\"faq-item\">\r\n\t\t\t\t\t<div class=\"faq-item-question\">\r\n\t\t\t\t\t\t<h3 class=\"faq-item-question-text\">Gdzie mog\u0119 zainstalowa\u0107 Team Showcase?<\/h3>\r\n\r\n\t\t\t\t\t\t<div class=\"faq-item-question-icon\"><\/div>\r\n\t\t\t\t\t<\/div>\r\n\r\n\t\t\t\t\t<div class=\"faq-item-answer\">\r\n\t\t\t\t\t\t<div class=\"faq-item-answer-text\"> <p>Wy\u015bwietlaj galeri\u0119 swojego zespo\u0142u na dowolnej stronie witryny, gdzie jest to wymagane. Widget mo\u017ce by\u0107 jednym z element\u00f3w obszaru tre\u015bci lub wype\u0142nia\u0107 ca\u0142\u0105 stron\u0119. Mo\u017cesz na przyk\u0142ad zbudowa\u0107 za jego pomoc\u0105 stron\u0119 O nas. <\/p><\/div>\r\n\t\t\t\t\t<\/div>\r\n\t\t\t\t<\/div> <div class=\"faq-item\">\r\n\t\t\t\t\t<div class=\"faq-item-question\">\r\n\t\t\t\t\t\t<h3 class=\"faq-item-question-text\">Jakie korzy\u015bci odnios\u0119 z Team Showcase? <\/h3>\r\n\r\n\t\t\t\t\t\t<div class=\"faq-item-question-icon\"><\/div>\r\n\t\t\t\t\t<\/div>\r\n\r\n\t\t\t\t\t<div class=\"faq-item-answer\">\r\n\t\t\t\t\t\t<div class=\"faq-item-answer-text\"> <p>Przedstawienie prawdziwych os\u00f3b zaanga\u017cowanych w biznes zwi\u0119ksza przejrzysto\u015b\u0107 i poprawia postrzegan\u0105 wiarygodno\u015b\u0107 Twojej firmy. Dzi\u0119ki temu u\u017cytkownicy maj\u0105 pewno\u015b\u0107, \u017ce Twoja firma jest wiarygodnym partnerem i mo\u017ce pom\u00f3c w zdobyciu wi\u0119kszej liczby potencjalnych klient\u00f3w i nowej sprzeda\u017cy. Ponadto Twoim u\u017cytkownikom \u0142atwiej b\u0119dzie skontaktowa\u0107 si\u0119 z Twoimi wsp\u00f3\u0142pracownikami. <\/p><\/div>\r\n\t\t\t\t\t<\/div>\r\n\t\t\t\t<\/div> <div class=\"faq-item\">\r\n\t\t\t\t\t<div class=\"faq-item-question\">\r\n\t\t\t\t\t\t<h3 class=\"faq-item-question-text\">Jak doda\u0107 Team Showcase do mojej witryny Weebly? <\/h3>\r\n\r\n\t\t\t\t\t\t<div class=\"faq-item-question-icon\"><\/div>\r\n\t\t\t\t\t<\/div>\r\n\r\n\t\t\t\t\t<div class=\"faq-item-answer\">\r\n\t\t\t\t\t\t<div class=\"faq-item-answer-text\"> <p>Rozpocz\u0119cie korzystania z wid\u017cetu zajmuje tylko minut\u0119. Osadzanie jest niezwykle szybkie, bezp\u0142atne i nie wymaga kodowania. <\/p> <ol> <li>Istnieje mo\u017cliwo\u015b\u0107 umieszczenia wid\u017cetu na Twojej stronie internetowej bezpo\u015brednio za po\u015brednictwem naszej us\u0142ugi. W tym celu skorzystaj z poni\u017cszego poradnika na tej stronie. <\/li> <li>Elfsight Team Showcase mo\u017cna skonfigurowa\u0107 za po\u015brednictwem naszej us\u0142ugi lub za po\u015brednictwem rynku. Mo\u017cesz por\u00f3wna\u0107 oba warianty i wybra\u0107 sw\u00f3j. <\/li> <\/ol> <\/div>\r\n\t\t\t\t\t<\/div>\r\n\t\t\t\t<\/div> <\/div> <\/div> <div class=\"application-platform-content-item-features application-platform-content-item\" id=\"features\" data-nav-section=\"features\"> <h2>Funkcje<\/h2> <p>Aby lepiej pozna\u0107 Team Showcase, zapoznaj si\u0119 z list\u0119 jego g\u0142\u00f3wnych cech. Dzi\u0119ki nim ten widget jest dla Ciebie niezwykle skuteczny: <\/p> <ul><li>Aktywne ikony kont spo\u0142eczno\u015bciowych oraz linki do strony internetowej i adresu e-mail; <\/li><li>Po klikni\u0119ciu lokalizacja osoby otwiera si\u0119 w Mapach Google; <\/li><li>Wyskakuj\u0105ce okienko wy\u015bwietla wszystkie informacje o osobie; <\/li><li>2 mo\u017cliwo\u015bci pokazania kategorii: jako lista og\u00f3lna lub z menu; <\/li><li>4 opcje uk\u0142adu do wyboru: Siatka, Karty, Galeria lub Lista. <\/li><\/ul><p>Aby zobaczy\u0107 wszystkie funkcje, zobacz demonstracj\u0119 na \u017cywo<\/p> <\/div> <div class=\"application-platform-content-item-installation application-platform-content-item\" id=\"installation\" data-nav-section=\"installation\"> <h2>Sprawd\u017amy, jak zintegrowa\u0107 wid\u017cet Team Showcase z Twoim Weebly strona. To niezwykle proste.<\/h2> <div class=\"video-container\"><iframe width=\"720\" height=\"405\" src=\"https:\/\/www.youtube.com\/embed\/3RG_ncysL1w\" frameborder=\"0\" allowfullscreen=\"\"><\/iframe><\/div><p>Te kilka krok\u00f3w to jedyne, co musisz zrobi\u0107, aby otrzyma\u0107 wid\u017cet. <\/p> <ol><li><b>Zarz\u0105dzaj naszym bezp\u0142atnym edytorem i zacznij tworzy\u0107 spersonalizowan\u0105 aplikacj\u0119. <\/b><br> Wybierz wybrany uk\u0142ad i funkcje aplikacji i zapisz wszystkie poprawki. <\/li> <li><b>Odbierz sw\u00f3j osobisty kod wy\u015bwietlany w oknie aplikacji Elfsight. <\/b><br> Zaraz po zako\u0144czeniu konfiguracji aplikacji osobistej skopiuj kod w wy\u015bwietlonym oknie i zapisz go do p\u00f3\u017aniejszego wykorzystania. <\/li> <li><b>Rozpocznij korzystanie z aplikacji w witrynie Weebly. <\/b><br> Zintegruj ostatnio zapisany kod ze swoj\u0105 witryn\u0105 i zapisz ulepszenia. <\/li> <li><b>Gotowe! Osadzanie zosta\u0142o w pe\u0142ni wykonane. <\/b><br> Otw\u00f3rz swoj\u0105 stron\u0119 internetow\u0105, aby zobaczy\u0107 w akcji dzia\u0142anie aplikacji. <\/li><\/ol><p>Nadal nie mo\u017cesz si\u0119 zdecydowa\u0107? Lub masz pytania do zadania? Po prostu wy\u015blij zapytanie do naszego dzia\u0142u obs\u0142ugi klienta, a my pomo\u017cemy w przypadku ka\u017cdego pytania. <\/p> <\/div>","protected":false},"excerpt":{"rendered":"","protected":false},"author":9,"featured_media":0,"parent":2366,"menu_order":0,"comment_status":"closed","ping_status":"closed","template":"templates\/template-application-platform.php","meta":{"publish_to_discourse":"","publish_post_category":"","wpdc_auto_publish_overridden":"","wpdc_topic_tags":"","wpdc_pin_topic":"","wpdc_pin_until":"","discourse_post_id":"","discourse_permalink":"","wpdc_publishing_response":"","wpdc_publishing_error":"","footnotes":""},"class_list":["post-6750","page","type-page","status-publish","hentry"],"yoast_head":"<!-- This site is optimized with the Yoast SEO plugin v25.3.1 - https:\/\/yoast.com\/wordpress\/plugins\/seo\/ -->\n<title>Dodaj aplikacj\u0119 Team Showcase do witryny Weebly (szybko i bezp\u0142atnie)<\/title>\n<meta name=\"description\" content=\"Dzi\u0119ki Elfsight mo\u017cesz stworzy\u0107 aplikacj\u0119 Team Showcase i umie\u015bci\u0107 j\u0105 na stronie internetowej Weebly. Oferujemy bezp\u0142atn\u0105 obs\u0142ug\u0119 klienta i inne bonusy.\" \/>\n<meta name=\"robots\" content=\"index, follow, max-snippet:-1, max-image-preview:large, max-video-preview:-1\" \/>\n<link rel=\"canonical\" href=\"https:\/\/elfsight.com\/pl\/team-showcase-widget\/weebly\/\" \/>\n<meta property=\"og:locale\" content=\"pl_PL\" \/>\n<meta property=\"og:type\" content=\"article\" \/>\n<meta property=\"og:title\" content=\"Dodaj aplikacj\u0119 Team Showcase do witryny Weebly (szybko i bezp\u0142atnie)\" \/>\n<meta property=\"og:description\" content=\"Dzi\u0119ki Elfsight mo\u017cesz stworzy\u0107 aplikacj\u0119 Team Showcase i umie\u015bci\u0107 j\u0105 na stronie internetowej Weebly. Oferujemy bezp\u0142atn\u0105 obs\u0142ug\u0119 klienta i inne bonusy.\" \/>\n<meta property=\"og:url\" content=\"https:\/\/elfsight.com\/pl\/team-showcase-widget\/weebly\/\" \/>\n<meta property=\"og:site_name\" content=\"Elfsight PL\" \/>\n<meta property=\"article:modified_time\" content=\"2024-11-14T12:39:03+00:00\" \/>\n<meta name=\"twitter:card\" content=\"summary_large_image\" \/>\n<meta name=\"twitter:label1\" content=\"Szacowany czas czytania\" \/>\n\t<meta name=\"twitter:data1\" content=\"3 minuty\" \/>\n<!-- \/ Yoast SEO plugin. -->","yoast_head_json":{"title":"Dodaj aplikacj\u0119 Team Showcase do witryny Weebly (szybko i bezp\u0142atnie)","description":"Dzi\u0119ki Elfsight mo\u017cesz stworzy\u0107 aplikacj\u0119 Team Showcase i umie\u015bci\u0107 j\u0105 na stronie internetowej Weebly. Oferujemy bezp\u0142atn\u0105 obs\u0142ug\u0119 klienta i inne bonusy.","robots":{"index":"index","follow":"follow","max-snippet":"max-snippet:-1","max-image-preview":"max-image-preview:large","max-video-preview":"max-video-preview:-1"},"canonical":"https:\/\/elfsight.com\/pl\/team-showcase-widget\/weebly\/","og_locale":"pl_PL","og_type":"article","og_title":"Dodaj aplikacj\u0119 Team Showcase do witryny Weebly (szybko i bezp\u0142atnie)","og_description":"Dzi\u0119ki Elfsight mo\u017cesz stworzy\u0107 aplikacj\u0119 Team Showcase i umie\u015bci\u0107 j\u0105 na stronie internetowej Weebly. Oferujemy bezp\u0142atn\u0105 obs\u0142ug\u0119 klienta i inne bonusy.","og_url":"https:\/\/elfsight.com\/pl\/team-showcase-widget\/weebly\/","og_site_name":"Elfsight PL","article_modified_time":"2024-11-14T12:39:03+00:00","twitter_card":"summary_large_image","twitter_misc":{"Szacowany czas czytania":"3 minuty"},"schema":{"@context":"https:\/\/schema.org","@graph":[{"@type":"WebPage","@id":"https:\/\/elfsight.com\/pl\/team-showcase-widget\/weebly\/","url":"https:\/\/elfsight.com\/pl\/team-showcase-widget\/weebly\/","name":"Dodaj aplikacj\u0119 Team Showcase do witryny Weebly (szybko i bezp\u0142atnie)","isPartOf":{"@id":"https:\/\/elfsight.com\/pl\/#website"},"datePublished":"1970-01-01T00:00:00+00:00","dateModified":"2024-11-14T12:39:03+00:00","description":"Dzi\u0119ki Elfsight mo\u017cesz stworzy\u0107 aplikacj\u0119 Team Showcase i umie\u015bci\u0107 j\u0105 na stronie internetowej Weebly. Oferujemy bezp\u0142atn\u0105 obs\u0142ug\u0119 klienta i inne bonusy.","breadcrumb":{"@id":"https:\/\/elfsight.com\/pl\/team-showcase-widget\/weebly\/#breadcrumb"},"inLanguage":"pl-PL","potentialAction":[{"@type":"ReadAction","target":["https:\/\/elfsight.com\/pl\/team-showcase-widget\/weebly\/"]}]},{"@type":"BreadcrumbList","@id":"https:\/\/elfsight.com\/pl\/team-showcase-widget\/weebly\/#breadcrumb","itemListElement":[{"@type":"ListItem","position":1,"name":"Home","item":"https:\/\/elfsight.com\/pl\/"},{"@type":"ListItem","position":2,"name":"Team Showcase","item":"https:\/\/elfsight.com\/pl\/team-showcase-widget\/"},{"@type":"ListItem","position":3,"name":"Team Showcase &#8211; Weebly"}]},{"@type":"WebSite","@id":"https:\/\/elfsight.com\/pl\/#website","url":"https:\/\/elfsight.com\/pl\/","name":"Elfsight PL","description":"Just another Elfsight Sites site","potentialAction":[{"@type":"SearchAction","target":{"@type":"EntryPoint","urlTemplate":"https:\/\/elfsight.com\/pl\/?s={search_term_string}"},"query-input":{"@type":"PropertyValueSpecification","valueRequired":true,"valueName":"search_term_string"}}],"inLanguage":"pl-PL"}]}},"meta_box":{"industry":"","seo_heading":"","heading":"","description":"","cta_heading":"","cta_description":"","application":"2365","h1":"Aplikacja Weebly Team Showcase","h1_caption":"Przedstaw cz\u0142onk\u00f3w swojego zespo\u0142u w profesjonalny i atrakcyjny wizualnie spos\u00f3b, bez wysi\u0142ku buduj\u0105c zaufanie i wi\u0119\u017a z odbiorcami w swojej witrynie Weebly.","application_category":[],"applications_title":"","applications_request_title":"","applications_request_button_text":"","hero_text":"","hero_video":"","hero_video_schema_markup":"","selling_points_title":"","selling_points_caption":"","selling_points":[],"selling_points_cta_text":"","features_title":"","features":"","ed_cta_examples_text":"","ed_cta_examples_hidden":"","ed_cta_demo_text":"","ed_cta_demo_hidden":"","why_caption":"","why_editor_title":"","why_editor_text":"","why_team_title":"","why_team_text":"","why_service_title":"","why_service_text":"","template_catalog_visible":"","template_catalog_title":"","template_catalog_text":"","template_catalog_categories_visible":"","demo_title":"Utw\u00f3rz aplikacj\u0119 Team Showcase","demo_caption":"Skonfiguruj swoj\u0105 prezentacj\u0119 zespo\u0142u i dodaj j\u0105 do swojej witryny Weebly za darmo!","default_faq_hidden":"","app_template_category":[],"platform":"132","template_public_id":"","codecanyon_url":"","codecanyon_item_id":"","codecanyon_price":"","pricing_caption":"","pricing_elfsight_apps_hide_column":"","pricing_elfsight_apps_url":"","pricing_codecanyon_price_caption":"","integration_category":[],"integration_request_title":"","integration_request_cta":"","integration_platform":"","integrations":[],"platform_category":[],"video_schema_markup":"","price":"od 0 USD \/ miesi\u0105c","trial":"","benefits":[{"text":"Bezp\u0142atna pomoc w monta\u017cu"},{"text":"Do\u015bwiadczona obs\u0142uga klienta"},{"text":"14-dniowa gwarancja zwrotu pieni\u0119dzy"}],"button_url":"#demo","button_target_blank":"","button_nofollow":"","attributes":[{"name":"Instaluje"},{"name":"Czu\u0142y"},{"name":"Kompatybilne przegl\u0105darki"}],"tags":[],"tags_disable_links":"","hide_more_platforms":"","video_object":"","demo_hide_cta":"","demo_hide_cloud_options":"","pricing_title":"","pricing":[{"pricing_icon":"platform","pricing_title":"Elfsight Apps","pricing_title_caption":"Oprogramowanie wieloplatformowe, kt\u00f3re pasuje do ka\u017cdej witryny internetowej","pricing_price":"od 0 USD \/ miesi\u0105c","pricing_price_caption":"zacznij od bezp\u0142atnego planu","pricing_benefits":[{"text":"Nielimitowane strony internetowe"},{"text":"Dedykowane i terminowe wsparcie oraz dobrze udokumentowane"},{"text":"Bezp\u0142atna pomoc przy instalacji"},{"text":"W pe\u0142ni konfigurowalny"}],"pricing_button_text":"Dodaj do witryny","pricing_button_url":"#demo"}],"related_apps_title":"","related_apps_hidden":"","author":"","image":[],"title":"","job":"","social_networks":[]},"_links":{"self":[{"href":"https:\/\/elfsight.com\/pl\/wp-json\/wp\/v2\/pages\/6750","targetHints":{"allow":["GET"]}}],"collection":[{"href":"https:\/\/elfsight.com\/pl\/wp-json\/wp\/v2\/pages"}],"about":[{"href":"https:\/\/elfsight.com\/pl\/wp-json\/wp\/v2\/types\/page"}],"author":[{"embeddable":true,"href":"https:\/\/elfsight.com\/pl\/wp-json\/wp\/v2\/users\/9"}],"replies":[{"embeddable":true,"href":"https:\/\/elfsight.com\/pl\/wp-json\/wp\/v2\/comments?post=6750"}],"version-history":[{"count":2,"href":"https:\/\/elfsight.com\/pl\/wp-json\/wp\/v2\/pages\/6750\/revisions"}],"predecessor-version":[{"id":8045,"href":"https:\/\/elfsight.com\/pl\/wp-json\/wp\/v2\/pages\/6750\/revisions\/8045"}],"up":[{"embeddable":true,"href":"https:\/\/elfsight.com\/pl\/wp-json\/wp\/v2\/pages\/2366"}],"wp:attachment":[{"href":"https:\/\/elfsight.com\/pl\/wp-json\/wp\/v2\/media?parent=6750"}],"curies":[{"name":"wp","href":"https:\/\/api.w.org\/{rel}","templated":true}]}}