{"id":6749,"date":"2024-05-03T06:50:00","date_gmt":"2024-05-03T06:50:00","guid":{"rendered":"https:\/\/elfsight.com\/pl\/?page_id=6749"},"modified":"2024-11-14T12:39:03","modified_gmt":"2024-11-14T12:39:03","slug":"wix","status":"publish","type":"page","link":"https:\/\/elfsight.com\/pl\/team-showcase-widget\/wix\/","title":{"rendered":"Team Showcase &#8211; Wix"},"content":{"rendered":"<div class=\"application-platform-content-item-description application-platform-content-item\" id=\"description\" data-nav-section=\"description\"> <h2>Opis<\/h2> <p>Nasz widget stanie si\u0119 najprostszym narz\u0119dziem do pokazywania cz\u0142onk\u00f3w Twojej za\u0142ogi na Twojej stronie. Pomaga opowiedzie\u0107 o ka\u017cdym typie zespo\u0142u: towarzyszach biznesowych, cz\u0142onkach klubu sportowego, kadrze profesorskiej, strukturze firmy i nie tylko. Prze\u015blij zdj\u0119cie, opublikuj dane kontaktowe i unikaln\u0105 wiadomo\u015b\u0107 o ka\u017cdym cz\u0142onku swojego zespo\u0142u. U\u017cytkownicy otrzymaj\u0105 mo\u017cliwo\u015b\u0107 adresowania ich w tej samej sekundzie, korzystaj\u0105c z aktywnych link\u00f3w lub ikon spo\u0142eczno\u015bciowych. Mo\u017cesz ustawi\u0107 grupy i zademonstrowa\u0107 struktur\u0119 swojego zespo\u0142u, wybra\u0107 uk\u0142ady, kolory i inne. Podnie\u015b wiarygodno\u015b\u0107 swojej firmy, eksponuj\u0105c jej ludzki wizerunek! <\/p><div class=\"faq\" data-component=\"FAQ\"> <div class=\"faq-item\">\r\n\t\t\t\t\t<div class=\"faq-item-question\">\r\n\t\t\t\t\t\t<h3 class=\"faq-item-question-text\">Gdzie mog\u0119 go doda\u0107<\/h3>\r\n\r\n\t\t\t\t\t\t<div class=\"faq-item-question-icon\"><\/div>\r\n\t\t\t\t\t<\/div>\r\n\r\n\t\t\t\t\t<div class=\"faq-item-answer\">\r\n\t\t\t\t\t\t<div class=\"faq-item-answer-text\"> <p>Wy\u015bwietl widget na dowolnej stronie serwisu, gdzie Twoim zdaniem jest on odpowiedni. Mo\u017ce pe\u0142ni\u0107 funkcj\u0119 jednego z element\u00f3w obszaru tre\u015bci lub wype\u0142nia\u0107 ca\u0142\u0105 stron\u0119. W ten spos\u00f3b za pomoc\u0105 wid\u017cetu mo\u017cesz stworzy\u0107 swoj\u0105 stron\u0119 O nas. <\/p><\/div>\r\n\t\t\t\t\t<\/div>\r\n\t\t\t\t<\/div> <div class=\"faq-item\">\r\n\t\t\t\t\t<div class=\"faq-item-question\">\r\n\t\t\t\t\t\t<h3 class=\"faq-item-question-text\">Jakie korzy\u015bci mi to da? <\/h3>\r\n\r\n\t\t\t\t\t\t<div class=\"faq-item-question-icon\"><\/div>\r\n\t\t\t\t\t<\/div>\r\n\r\n\t\t\t\t\t<div class=\"faq-item-answer\">\r\n\t\t\t\t\t\t<div class=\"faq-item-answer-text\"> <p>Przedstawienie rzeczywistych os\u00f3b zaanga\u017cowanych w Twoj\u0105 firm\u0119 zwi\u0119ksza przejrzysto\u015b\u0107 i zwi\u0119ksza postrzegan\u0105 wiarygodno\u015b\u0107 Twojej firmy. Daje to odwiedzaj\u0105cym pewno\u015b\u0107, \u017ce Twoja firma jest solidnym partnerem i mo\u017ce prowadzi\u0107 do zwi\u0119kszenia liczby potencjalnych klient\u00f3w i nowych klient\u00f3w. Ponadto \u0142atwiej b\u0119dzie skontaktowa\u0107 si\u0119 z Twoimi wsp\u00f3\u0142pracownikami, klikaj\u0105c linki w wid\u017cecie. <\/p><\/div>\r\n\t\t\t\t\t<\/div>\r\n\t\t\t\t<\/div> <div class=\"faq-item\">\r\n\t\t\t\t\t<div class=\"faq-item-question\">\r\n\t\t\t\t\t\t<h3 class=\"faq-item-question-text\">Czego potrzebuj\u0119, aby doda\u0107 Team Showcase na mojej stronie Wix? <\/h3>\r\n\r\n\t\t\t\t\t\t<div class=\"faq-item-question-icon\"><\/div>\r\n\t\t\t\t\t<\/div>\r\n\r\n\t\t\t\t\t<div class=\"faq-item-answer\">\r\n\t\t\t\t\t\t<div class=\"faq-item-answer-text\"> <p>B\u0119dziesz potrzebowa\u0107 tylko trzech minut, aby aktywowa\u0107 wid\u017cet. Jest bardzo szybki, darmowy i nie wymaga kodowania. <\/p> <ol> <li>Istnieje mo\u017cliwo\u015b\u0107 skonfigurowania Team Showcase na stronie bezpo\u015brednio za po\u015brednictwem naszej us\u0142ugi. Aby to zrobi\u0107, wykonaj kroki opisane w przewodniku poni\u017cej na tej stronie. <\/li> <li>Prezentacj\u0119 zespo\u0142u Elfsight mo\u017cna skonfigurowa\u0107 za po\u015brednictwem naszej us\u0142ugi lub za po\u015brednictwem rynku. Mo\u017cesz zobaczy\u0107 zalety tych wariant\u00f3w i wybra\u0107 sw\u00f3j. <\/li> <\/ol> <\/div>\r\n\t\t\t\t\t<\/div>\r\n\t\t\t\t<\/div> <\/div> <\/div> <div class=\"application-platform-content-item-features application-platform-content-item\" id=\"features\" data-nav-section=\"features\"> <h2>Funkcje<\/h2> <p>Aby zapewni\u0107 jasne zrozumienie Team Showcase, odkryj list\u0119 g\u0142\u00f3wnych tait\u00f3w. Dzi\u0119ki nim nasz widget jest maksymalnie skuteczny w Twojej promocji: <\/p> <ul><li>Aktywne ikony medi\u00f3w spo\u0142eczno\u015bciowych oraz linki do strony i adres e-mail; <\/li><li>Lokalizacja osoby wy\u015bwietlana w Mapach Google po klikni\u0119ciu; <\/li><li>Wyskakuj\u0105ce okienko pokazuje wi\u0119cej szczeg\u00f3\u0142\u00f3w na temat cz\u0142onka zespo\u0142u; <\/li><li>2 mo\u017cliwo\u015bci wy\u015bwietlania kategorii: na li\u015bcie og\u00f3lnej lub w menu; <\/li><li>4 opcje uk\u0142adu: siatka, karty, galeria, lista. <\/li><\/ul><p>Nasze demo na \u017cywo udost\u0119pni Ci wszystkie funkcje<\/p> <\/div> <div class=\"application-platform-content-item-installation application-platform-content-item\" id=\"installation\" data-nav-section=\"installation\"> <h2>Oto jak wprowadzi\u0107 wid\u017cet Team Showcase do Twojego Wix strona.<\/h2> <div class=\"video-container\"><iframe width=\"720\" height=\"405\" src=\"https:\/\/www.youtube.com\/embed\/j8cRldskcGA\" frameborder=\"0\" allowfullscreen=\"\"><\/iframe><\/div><p>Jedyne, co musisz zrobi\u0107, to poni\u017csze czynno\u015bci. <\/p> <ol><li><b>Stw\u00f3rz w\u0142asn\u0105 wtyczk\u0119 Team Showcase<\/b><br> Zarz\u0105dzaj\u0105c naszym darmowym edytorem, utw\u00f3rz wtyczk\u0119 o wybranym sk\u0142adzie i funkcjach. <\/li><li><b>Skopiuj indywidualny kod, aby doda\u0107 wtyczk\u0119<\/b><br> Po skonfigurowaniu wid\u017cetu otrzymasz kod instalacyjny z wyskakuj\u0105cego okna aplikacji Elfsight. Skopiuj kod. <\/li> <li><b>Opublikuj wtyczk\u0119 na swojej stronie Wix<\/b><br> Wybierz obszar, do kt\u00f3rego chcesz doda\u0107 wtyczk\u0119 i wklej tam zapisany kod. Opublikuj zmiany. <\/li> <li><b>Gotowe! <\/b><br> Wejd\u017a na stron\u0119 internetow\u0105, aby sprawdzi\u0107 swoj\u0105 wtyczk\u0119. <\/li> <\/ol><p>Nadal masz w\u0105tpliwo\u015bci? Albo masz problemy? Tylko jedno zg\u0142oszenie do naszego dzia\u0142u obs\u0142ugi klienta pomo\u017ce w ka\u017cdym problemie. <\/p> <\/div>","protected":false},"excerpt":{"rendered":"","protected":false},"author":9,"featured_media":0,"parent":2366,"menu_order":0,"comment_status":"closed","ping_status":"closed","template":"templates\/template-application-platform.php","meta":{"publish_to_discourse":"","publish_post_category":"","wpdc_auto_publish_overridden":"","wpdc_topic_tags":"","wpdc_pin_topic":"","wpdc_pin_until":"","discourse_post_id":"","discourse_permalink":"","wpdc_publishing_response":"","wpdc_publishing_error":"","footnotes":""},"class_list":["post-6749","page","type-page","status-publish","hentry"],"yoast_head":"<!-- This site is optimized with the Yoast SEO plugin v25.3.1 - https:\/\/yoast.com\/wordpress\/plugins\/seo\/ -->\n<title>Dodaj aplikacj\u0119 Team Showcase do witryny Wix (szybko i bezp\u0142atnie)<\/title>\n<meta name=\"description\" content=\"Stworzenie aplikacji Team Showcase i opublikowanie jej na swojej stronie internetowej Wix jest niezwykle proste. Obs\u0142uga klienta Elfsight jest bezp\u0142atna.\" \/>\n<meta name=\"robots\" content=\"index, follow, max-snippet:-1, max-image-preview:large, max-video-preview:-1\" \/>\n<link rel=\"canonical\" href=\"https:\/\/elfsight.com\/pl\/team-showcase-widget\/wix\/\" \/>\n<meta property=\"og:locale\" content=\"pl_PL\" \/>\n<meta property=\"og:type\" content=\"article\" \/>\n<meta property=\"og:title\" content=\"Dodaj aplikacj\u0119 Team Showcase do witryny Wix (szybko i bezp\u0142atnie)\" \/>\n<meta property=\"og:description\" content=\"Stworzenie aplikacji Team Showcase i opublikowanie jej na swojej stronie internetowej Wix jest niezwykle proste. Obs\u0142uga klienta Elfsight jest bezp\u0142atna.\" \/>\n<meta property=\"og:url\" content=\"https:\/\/elfsight.com\/pl\/team-showcase-widget\/wix\/\" \/>\n<meta property=\"og:site_name\" content=\"Elfsight PL\" \/>\n<meta property=\"article:modified_time\" content=\"2024-11-14T12:39:03+00:00\" \/>\n<meta name=\"twitter:card\" content=\"summary_large_image\" \/>\n<meta name=\"twitter:label1\" content=\"Szacowany czas czytania\" \/>\n\t<meta name=\"twitter:data1\" content=\"3 minuty\" \/>\n<!-- \/ Yoast SEO plugin. -->","yoast_head_json":{"title":"Dodaj aplikacj\u0119 Team Showcase do witryny Wix (szybko i bezp\u0142atnie)","description":"Stworzenie aplikacji Team Showcase i opublikowanie jej na swojej stronie internetowej Wix jest niezwykle proste. Obs\u0142uga klienta Elfsight jest bezp\u0142atna.","robots":{"index":"index","follow":"follow","max-snippet":"max-snippet:-1","max-image-preview":"max-image-preview:large","max-video-preview":"max-video-preview:-1"},"canonical":"https:\/\/elfsight.com\/pl\/team-showcase-widget\/wix\/","og_locale":"pl_PL","og_type":"article","og_title":"Dodaj aplikacj\u0119 Team Showcase do witryny Wix (szybko i bezp\u0142atnie)","og_description":"Stworzenie aplikacji Team Showcase i opublikowanie jej na swojej stronie internetowej Wix jest niezwykle proste. Obs\u0142uga klienta Elfsight jest bezp\u0142atna.","og_url":"https:\/\/elfsight.com\/pl\/team-showcase-widget\/wix\/","og_site_name":"Elfsight PL","article_modified_time":"2024-11-14T12:39:03+00:00","twitter_card":"summary_large_image","twitter_misc":{"Szacowany czas czytania":"3 minuty"},"schema":{"@context":"https:\/\/schema.org","@graph":[{"@type":"WebPage","@id":"https:\/\/elfsight.com\/pl\/team-showcase-widget\/wix\/","url":"https:\/\/elfsight.com\/pl\/team-showcase-widget\/wix\/","name":"Dodaj aplikacj\u0119 Team Showcase do witryny Wix (szybko i bezp\u0142atnie)","isPartOf":{"@id":"https:\/\/elfsight.com\/pl\/#website"},"datePublished":"2024-05-03T06:50:00+00:00","dateModified":"2024-11-14T12:39:03+00:00","description":"Stworzenie aplikacji Team Showcase i opublikowanie jej na swojej stronie internetowej Wix jest niezwykle proste. Obs\u0142uga klienta Elfsight jest bezp\u0142atna.","breadcrumb":{"@id":"https:\/\/elfsight.com\/pl\/team-showcase-widget\/wix\/#breadcrumb"},"inLanguage":"pl-PL","potentialAction":[{"@type":"ReadAction","target":["https:\/\/elfsight.com\/pl\/team-showcase-widget\/wix\/"]}]},{"@type":"BreadcrumbList","@id":"https:\/\/elfsight.com\/pl\/team-showcase-widget\/wix\/#breadcrumb","itemListElement":[{"@type":"ListItem","position":1,"name":"Home","item":"https:\/\/elfsight.com\/pl\/"},{"@type":"ListItem","position":2,"name":"Team Showcase","item":"https:\/\/elfsight.com\/pl\/team-showcase-widget\/"},{"@type":"ListItem","position":3,"name":"Team Showcase &#8211; Wix"}]},{"@type":"WebSite","@id":"https:\/\/elfsight.com\/pl\/#website","url":"https:\/\/elfsight.com\/pl\/","name":"Elfsight PL","description":"Just another Elfsight Sites site","potentialAction":[{"@type":"SearchAction","target":{"@type":"EntryPoint","urlTemplate":"https:\/\/elfsight.com\/pl\/?s={search_term_string}"},"query-input":{"@type":"PropertyValueSpecification","valueRequired":true,"valueName":"search_term_string"}}],"inLanguage":"pl-PL"}]}},"meta_box":{"industry":"","seo_heading":"","heading":"","description":"","cta_heading":"","cta_description":"","application":"2365","h1":"Aplikacja Wix Team Showcase","h1_caption":"Przedstaw cz\u0142onk\u00f3w swojego zespo\u0142u w profesjonalny i atrakcyjny wizualnie spos\u00f3b, bez wysi\u0142ku buduj\u0105c zaufanie i wi\u0119\u017a z odbiorcami na swojej stronie Wix.","application_category":[],"applications_title":"","applications_request_title":"","applications_request_button_text":"","hero_text":"","hero_video":"","hero_video_schema_markup":"","selling_points_title":"","selling_points_caption":"","selling_points":[],"selling_points_cta_text":"","features_title":"","features":"","ed_cta_examples_text":"","ed_cta_examples_hidden":"","ed_cta_demo_text":"","ed_cta_demo_hidden":"","why_caption":"","why_editor_title":"","why_editor_text":"","why_team_title":"","why_team_text":"","why_service_title":"","why_service_text":"","template_catalog_visible":"","template_catalog_title":"","template_catalog_text":"","template_catalog_categories_visible":"","demo_title":"Utw\u00f3rz aplikacj\u0119 Team Showcase","demo_caption":"Skonfiguruj swoj\u0105 Team Showcase i dodaj j\u0105 do swojej witryny Wix za darmo!","default_faq_hidden":"","app_template_category":[],"platform":"30","template_public_id":"","codecanyon_url":"","codecanyon_item_id":"","codecanyon_price":"","pricing_caption":"","pricing_elfsight_apps_hide_column":"","pricing_elfsight_apps_url":"","pricing_codecanyon_price_caption":"","integration_category":[],"integration_request_title":"","integration_request_cta":"","integration_platform":"","integrations":[],"platform_category":[],"video_schema_markup":"","price":"od 0 USD \/ miesi\u0105c","trial":"","benefits":[{"text":"Bezp\u0142atna pomoc w instalacji"},{"text":"Do\u015bwiadczona obs\u0142uga klienta"},{"text":"14-dniowa gwarancja zwrotu pieni\u0119dzy"},{"text":"Regularne bezp\u0142atne aktualizacje"}],"button_url":"#demo","button_target_blank":"","button_nofollow":"","attributes":[{"name":"Instaluje"},{"name":"Czu\u0142y"},{"name":"Kompatybilne przegl\u0105darki"}],"tags":[],"tags_disable_links":"","hide_more_platforms":"","video_object":"","demo_hide_cta":"","demo_hide_cloud_options":"","pricing_title":"","pricing":[{"pricing_icon":"platform","pricing_title":"Elfsight Apps","pricing_title_caption":"Rozwi\u0105zanie wieloplatformowe, kt\u00f3re dzia\u0142a na dowolnej witrynie","pricing_price":"od 0 USD \/ miesi\u0105c","pricing_price_caption":"zacznij od bezp\u0142atnego planu","pricing_benefits":[{"text":"Nielimitowane strony internetowe"},{"text":"Szybkie i terminowe wsparcie"},{"text":"Bezp\u0142atna pomoc w monta\u017cu"},{"text":"Oferta specjalna na wiele aplikacji"}],"pricing_button_text":"Dodaj do witryny","pricing_button_url":"#demo"}],"related_apps_title":"","related_apps_hidden":"","author":"","image":[],"title":"","job":"","social_networks":[]},"_links":{"self":[{"href":"https:\/\/elfsight.com\/pl\/wp-json\/wp\/v2\/pages\/6749","targetHints":{"allow":["GET"]}}],"collection":[{"href":"https:\/\/elfsight.com\/pl\/wp-json\/wp\/v2\/pages"}],"about":[{"href":"https:\/\/elfsight.com\/pl\/wp-json\/wp\/v2\/types\/page"}],"author":[{"embeddable":true,"href":"https:\/\/elfsight.com\/pl\/wp-json\/wp\/v2\/users\/9"}],"replies":[{"embeddable":true,"href":"https:\/\/elfsight.com\/pl\/wp-json\/wp\/v2\/comments?post=6749"}],"version-history":[{"count":2,"href":"https:\/\/elfsight.com\/pl\/wp-json\/wp\/v2\/pages\/6749\/revisions"}],"predecessor-version":[{"id":8044,"href":"https:\/\/elfsight.com\/pl\/wp-json\/wp\/v2\/pages\/6749\/revisions\/8044"}],"up":[{"embeddable":true,"href":"https:\/\/elfsight.com\/pl\/wp-json\/wp\/v2\/pages\/2366"}],"wp:attachment":[{"href":"https:\/\/elfsight.com\/pl\/wp-json\/wp\/v2\/media?parent=6749"}],"curies":[{"name":"wp","href":"https:\/\/api.w.org\/{rel}","templated":true}]}}