{"id":6744,"date":"1970-01-01T00:00:00","date_gmt":"1970-01-01T00:00:00","guid":{"rendered":"https:\/\/elfsight.com\/pl\/?page_id=6744"},"modified":"2024-11-14T12:35:50","modified_gmt":"2024-11-14T12:35:50","slug":"elementor","status":"publish","type":"page","link":"https:\/\/elfsight.com\/pl\/team-showcase-widget\/elementor\/","title":{"rendered":"Team Showcase &#8211; Elementor"},"content":{"rendered":"<div class=\"application-platform-content-item-description application-platform-content-item\" id=\"description\" data-nav-section=\"description\"> <h2>Osad\u017a prezentacj\u0119 zespo\u0142u na Elementorze za pomoc\u0105 wid\u017cetu Elfsight<\/h2><p>Wid\u017cet b\u0119dzie naj\u0142atwiejszym w u\u017cyciu sposobem na wy\u015bwietlaj cz\u0142onk\u00f3w swojego zespo\u0142u na stronie internetowej. Wid\u017cet pomaga opowiedzie\u0107 o dowolnym typie zespo\u0142u: kolegach z pracy, dru\u017cynie sportowej, kadrze akademickiej, pracownikach firm i innych. Poka\u017c zdj\u0119cie, opublikuj dane kontaktowe i w\u0142asny tekst o ka\u017cdej osobie. Odwiedzaj\u0105cy witryn\u0119 b\u0119d\u0105 mieli mo\u017cliwo\u015b\u0107 dotarcia do nich w mgnieniu oka, korzystaj\u0105c z aktywnych link\u00f3w i ikon medi\u00f3w spo\u0142eczno\u015bciowych. Mo\u017cesz tworzy\u0107 grupy i pokazywa\u0107 struktur\u0119 swojego zespo\u0142u, wybiera\u0107 uk\u0142ady, kolory i nie tylko. Podnie\u015b wiarygodno\u015b\u0107 swojej firmy, pokazuj\u0105c jej ludzkie oblicze! <\/p><div class=\"faq\" data-component=\"FAQ\"><div class=\"faq-item\">\r\n\t\t\t\t\t<div class=\"faq-item-question\">\r\n\t\t\t\t\t\t<h3 class=\"faq-item-question-text\">Jak mog\u0119 osadzi\u0107 Prezentacj\u0119 zespo\u0142u w mojej witrynie Elementor? <\/h3>\r\n\r\n\t\t\t\t\t\t<div class=\"faq-item-question-icon\"><\/div>\r\n\t\t\t\t\t<\/div>\r\n\r\n\t\t\t\t\t<div class=\"faq-item-answer\">\r\n\t\t\t\t\t\t<div class=\"faq-item-answer-text\"><p>Tworzenie narz\u0119dzia odbywa si\u0119 w ramach us\u0142ugi Elfsight i nie ma potrzeby uczenia si\u0119 kodowania. Przejd\u017a do aktywnego demo, aby zbudowa\u0107 w\u0142asny widget, zdoby\u0107 kod i zaimplementowa\u0107 go na swojej stronie. <\/p><\/div>\r\n\t\t\t\t\t<\/div>\r\n\t\t\t\t<\/div><div class=\"faq-item\">\r\n\t\t\t\t\t<div class=\"faq-item-question\">\r\n\t\t\t\t\t\t<h3 class=\"faq-item-question-text\">Najlepsze sposoby wykorzystania integracji Team Members<\/h3>\r\n\r\n\t\t\t\t\t\t<div class=\"faq-item-question-icon\"><\/div>\r\n\t\t\t\t\t<\/div>\r\n\r\n\t\t\t\t\t<div class=\"faq-item-answer\">\r\n\t\t\t\t\t\t<div class=\"faq-item-answer-text\"><p>Mamy mn\u00f3stwo mo\u017cliwo\u015bci personalizacji: pe\u0142nowymiarowe wid\u017cety do osadzania w strefie tre\u015bci, p\u0142ywaj\u0105ce wid\u017cety do opcji przewijania, miniatury stopki, sekcji nag\u0142\u00f3wka i wszelkiego rodzaju opcje pionowe dla pask\u00f3w bocznych i menu stron internetowych. <\/p><\/div>\r\n\t\t\t\t\t<\/div>\r\n\t\t\t\t<\/div><div class=\"faq-item\">\r\n\t\t\t\t\t<div class=\"faq-item-question\">\r\n\t\t\t\t\t\t<h3 class=\"faq-item-question-text\">Jak zbudowa\u0107 prezentacj\u0119 zespo\u0142u muzycznego lub nauczyciela za pomoc\u0105 edytora? <\/h3>\r\n\r\n\t\t\t\t\t\t<div class=\"faq-item-question-icon\"><\/div>\r\n\t\t\t\t\t<\/div>\r\n\r\n\t\t\t\t\t<div class=\"faq-item-answer\">\r\n\t\t\t\t\t\t<div class=\"faq-item-answer-text\"><p>Mo\u017cesz tworzy\u0107 dowolne zmiany w wid\u017cecie. W edytorze dost\u0119pnych jest wiele uk\u0142ad\u00f3w, a ka\u017cdy z nich mo\u017cna szybko dostosowa\u0107 tak, jak tego potrzebujesz. <\/p><\/div>\r\n\t\t\t\t\t<\/div>\r\n\t\t\t\t<\/div><\/div><\/div><div class=\"application-platform-content-item-features application-platform-content-item\" id=\"features\" data-nav-section=\"features\"> <h2>G\u0142\u00f3wne funkcje wid\u017cetu Team Showcase<\/h2> <p>Aby uzyska\u0107 ja\u015bniejszy obraz Team Showcase, przeanalizuj list\u0119 jego zasadniczych cech. Dzi\u0119ki nim nasz widget jest naprawd\u0119 efektywny dla Twojego sklepu:<\/p> <ul><li>Aktywne ikony kont spo\u0142eczno\u015bciowych oraz linki do strony internetowej i adres e-mail;<\/li><li>Lokalizacja osoby ujawniana na Mapach Google po klikni\u0119ciu ;<\/li><li>Wyskakuj\u0105ce okienko otwiera wszystkie szczeg\u00f3\u0142y cz\u0142onka zespo\u0142u;<\/li><li>Dwie mo\u017cliwo\u015bci pokazania grup: na li\u015bcie og\u00f3lnej lub w menu;<\/li><li>4 warianty uk\u0142adu do wybierz: Siatka, Karty, Galeria, Lista.<\/li><\/ul><p><a href=\"#demo\">Poznaj wszystkie funkcje w naszej wersji demonstracyjnej<\/a><\/p> <\/div><div class=\"application-platform-content-item-installation application-platform-content-item\" id=\"installation\" data-nav-section=\"installation\"> <h2>Jak doda\u0107 Team Showcase do swojej witryny Elementor<\/h2> <div class=\"video-container\"><iframe width=\"720\" height=\"405\" src=\"https:\/\/www.youtube.com\/embed\/4Zhvy42wdd0\" frameborder=\"0\" allowfullscreen=\"\"><\/iframe><\/div><p>Te kilka dzia\u0142a\u0144 to jedyne, co musisz doda\u0107.<\/p> <ul><li><b>Wygeneruj indywidualn\u0105 prezentacj\u0119 zespo\u0142u<\/b><br>Korzystaj\u0105c z naszego darmowego demo, utw\u00f3rz wtyczk\u0119 z niezb\u0119dnym szablonem i funkcjami.<\/li> <li><b>Skopiuj kod, aby wy\u015bwietli\u0107 wtyczka<\/b><br>Po utworzeniu wid\u017cetu Odbierz kod wtyczki Showcase z wy\u015bwietlonego powiadomienia w aplikacji Elfsight.<\/li><li><b>Wy\u015bwietl wid\u017cet na stronie<\/b><br>Rozpocznij kod strony w edytorze HTML i zintegruj widget w odpowiednim miejscu (tre\u015b\u0107, stopka, pasek boczny itp.) i opublikuj wyniki.<\/li><li><b>Instalacja zosta\u0142a zako\u0144czona<\/b><br>Przejd\u017a do w witrynie Elementor, aby zobaczy\u0107 swoj\u0105 wtyczk\u0119.<\/li><\/ul><p>Nadal nie jeste\u015b pewien? Lub masz pytania? W przypadku ka\u017cdego pytania wystarczy jedno zg\u0142oszenie do naszego dzia\u0142u obs\u0142ugi klienta.<\/p> <\/div>","protected":false},"excerpt":{"rendered":"","protected":false},"author":9,"featured_media":0,"parent":2366,"menu_order":0,"comment_status":"closed","ping_status":"closed","template":"templates\/template-application-platform.php","meta":{"publish_to_discourse":"","publish_post_category":"","wpdc_auto_publish_overridden":"","wpdc_topic_tags":"","wpdc_pin_topic":"","wpdc_pin_until":"","discourse_post_id":"","discourse_permalink":"","wpdc_publishing_response":"","wpdc_publishing_error":"","footnotes":""},"class_list":["post-6744","page","type-page","status-publish","hentry"],"yoast_head":"<!-- This site is optimized with the Yoast SEO plugin v25.3.1 - https:\/\/yoast.com\/wordpress\/plugins\/seo\/ -->\n<title>Wid\u017cet Team Showcase dla witryny Elementor (szybki i bezp\u0142atny)<\/title>\n<meta name=\"description\" content=\"Kszta\u0142towanie wid\u017cetu Team Showcase i publikowanie go na stronie Elementora jest maksymalnie \u0142atwe. Obs\u0142uga klienta Elfsight jest bezp\u0142atna.\" \/>\n<meta name=\"robots\" content=\"index, follow, max-snippet:-1, max-image-preview:large, max-video-preview:-1\" \/>\n<link rel=\"canonical\" href=\"https:\/\/elfsight.com\/pl\/team-showcase-widget\/elementor\/\" \/>\n<meta property=\"og:locale\" content=\"pl_PL\" \/>\n<meta property=\"og:type\" content=\"article\" \/>\n<meta property=\"og:title\" content=\"Wid\u017cet Team Showcase dla witryny Elementor (szybki i bezp\u0142atny)\" \/>\n<meta property=\"og:description\" content=\"Kszta\u0142towanie wid\u017cetu Team Showcase i publikowanie go na stronie Elementora jest maksymalnie \u0142atwe. Obs\u0142uga klienta Elfsight jest bezp\u0142atna.\" \/>\n<meta property=\"og:url\" content=\"https:\/\/elfsight.com\/pl\/team-showcase-widget\/elementor\/\" \/>\n<meta property=\"og:site_name\" content=\"Elfsight PL\" \/>\n<meta property=\"article:modified_time\" content=\"2024-11-14T12:35:50+00:00\" \/>\n<meta name=\"twitter:card\" content=\"summary_large_image\" \/>\n<meta name=\"twitter:label1\" content=\"Szacowany czas czytania\" \/>\n\t<meta name=\"twitter:data1\" content=\"3 minuty\" \/>\n<!-- \/ Yoast SEO plugin. -->","yoast_head_json":{"title":"Wid\u017cet Team Showcase dla witryny Elementor (szybki i bezp\u0142atny)","description":"Kszta\u0142towanie wid\u017cetu Team Showcase i publikowanie go na stronie Elementora jest maksymalnie \u0142atwe. Obs\u0142uga klienta Elfsight jest bezp\u0142atna.","robots":{"index":"index","follow":"follow","max-snippet":"max-snippet:-1","max-image-preview":"max-image-preview:large","max-video-preview":"max-video-preview:-1"},"canonical":"https:\/\/elfsight.com\/pl\/team-showcase-widget\/elementor\/","og_locale":"pl_PL","og_type":"article","og_title":"Wid\u017cet Team Showcase dla witryny Elementor (szybki i bezp\u0142atny)","og_description":"Kszta\u0142towanie wid\u017cetu Team Showcase i publikowanie go na stronie Elementora jest maksymalnie \u0142atwe. Obs\u0142uga klienta Elfsight jest bezp\u0142atna.","og_url":"https:\/\/elfsight.com\/pl\/team-showcase-widget\/elementor\/","og_site_name":"Elfsight PL","article_modified_time":"2024-11-14T12:35:50+00:00","twitter_card":"summary_large_image","twitter_misc":{"Szacowany czas czytania":"3 minuty"},"schema":{"@context":"https:\/\/schema.org","@graph":[{"@type":"WebPage","@id":"https:\/\/elfsight.com\/pl\/team-showcase-widget\/elementor\/","url":"https:\/\/elfsight.com\/pl\/team-showcase-widget\/elementor\/","name":"Wid\u017cet Team Showcase dla witryny Elementor (szybki i bezp\u0142atny)","isPartOf":{"@id":"https:\/\/elfsight.com\/pl\/#website"},"datePublished":"1970-01-01T00:00:00+00:00","dateModified":"2024-11-14T12:35:50+00:00","description":"Kszta\u0142towanie wid\u017cetu Team Showcase i publikowanie go na stronie Elementora jest maksymalnie \u0142atwe. Obs\u0142uga klienta Elfsight jest bezp\u0142atna.","breadcrumb":{"@id":"https:\/\/elfsight.com\/pl\/team-showcase-widget\/elementor\/#breadcrumb"},"inLanguage":"pl-PL","potentialAction":[{"@type":"ReadAction","target":["https:\/\/elfsight.com\/pl\/team-showcase-widget\/elementor\/"]}]},{"@type":"BreadcrumbList","@id":"https:\/\/elfsight.com\/pl\/team-showcase-widget\/elementor\/#breadcrumb","itemListElement":[{"@type":"ListItem","position":1,"name":"Home","item":"https:\/\/elfsight.com\/pl\/"},{"@type":"ListItem","position":2,"name":"Team Showcase","item":"https:\/\/elfsight.com\/pl\/team-showcase-widget\/"},{"@type":"ListItem","position":3,"name":"Team Showcase &#8211; Elementor"}]},{"@type":"WebSite","@id":"https:\/\/elfsight.com\/pl\/#website","url":"https:\/\/elfsight.com\/pl\/","name":"Elfsight PL","description":"Just another Elfsight Sites site","potentialAction":[{"@type":"SearchAction","target":{"@type":"EntryPoint","urlTemplate":"https:\/\/elfsight.com\/pl\/?s={search_term_string}"},"query-input":{"@type":"PropertyValueSpecification","valueRequired":true,"valueName":"search_term_string"}}],"inLanguage":"pl-PL"}]}},"meta_box":{"industry":"","seo_heading":"","heading":"","description":"","cta_heading":"","cta_description":"","application":"2365","h1":"Wid\u017cet Prezentacji Zespo\u0142u Elementor","h1_caption":"Przedstaw cz\u0142onk\u00f3w swojego zespo\u0142u w profesjonalny i atrakcyjny wizualnie spos\u00f3b, bez wysi\u0142ku buduj\u0105c zaufanie i wi\u0119\u017a z odbiorcami na swojej stronie internetowej Elementor.","application_category":[],"applications_title":"","applications_request_title":"","applications_request_button_text":"","hero_text":"","hero_video":"","hero_video_schema_markup":"","selling_points_title":"","selling_points_caption":"","selling_points":[],"selling_points_cta_text":"","features_title":"","features":"","ed_cta_examples_text":"","ed_cta_examples_hidden":"","ed_cta_demo_text":"","ed_cta_demo_hidden":"","why_caption":"","why_editor_title":"","why_editor_text":"","why_team_title":"","why_team_text":"","why_service_title":"","why_service_text":"","template_catalog_visible":"","template_catalog_title":"","template_catalog_text":"","template_catalog_categories_visible":"","demo_title":"Utw\u00f3rz wid\u017cet Prezentacja zespo\u0142u","demo_caption":"Skonfiguruj swoj\u0105 prezentacj\u0119 zespo\u0142u i dodaj j\u0105 do swojej witryny Elementor za darmo!","default_faq_hidden":"","app_template_category":[],"platform":"268","template_public_id":"","codecanyon_url":"","codecanyon_item_id":"","codecanyon_price":"","pricing_caption":"","pricing_elfsight_apps_hide_column":"","pricing_elfsight_apps_url":"","pricing_codecanyon_price_caption":"","integration_category":[],"integration_request_title":"","integration_request_cta":"","integration_platform":"","integrations":[],"platform_category":[],"video_schema_markup":"","price":"od 0 USD \/ miesi\u0105c","trial":"","benefits":[{"text":"Bezp\u0142atna pomoc w monta\u017cu"},{"text":"Skuteczna obs\u0142uga klienta"},{"text":"14-dniowa gwarancja zwrotu pieni\u0119dzy"}],"button_url":"#demo","button_target_blank":"","button_nofollow":"","attributes":[{"name":"Instaluje"},{"name":"Czu\u0142y"},{"name":"Kompatybilne przegl\u0105darki"}],"tags":[],"tags_disable_links":"","hide_more_platforms":"","video_object":"","demo_hide_cta":"","demo_hide_cloud_options":"","pricing_title":"","pricing":[{"pricing_icon":"platform","pricing_title":"Elfsight Apps","pricing_title_caption":"Wieloplatformowe rozwi\u0105zanie cyfrowe","pricing_price":"od 0 USD \/ miesi\u0105c","pricing_price_caption":"zacznij od bezp\u0142atnego planu","pricing_benefits":[{"text":"Nielimitowane domeny"},{"text":"Szybkie i terminowe wsparcie"},{"text":"Bezp\u0142atna pomoc w monta\u017cu"},{"text":"Cena do z\u0142apania dla wielu aplikacji"}],"pricing_button_text":"Dodaj do witryny","pricing_button_url":"#demo"}],"related_apps_title":"","related_apps_hidden":"","author":"","image":[],"title":"","job":"","social_networks":[]},"_links":{"self":[{"href":"https:\/\/elfsight.com\/pl\/wp-json\/wp\/v2\/pages\/6744","targetHints":{"allow":["GET"]}}],"collection":[{"href":"https:\/\/elfsight.com\/pl\/wp-json\/wp\/v2\/pages"}],"about":[{"href":"https:\/\/elfsight.com\/pl\/wp-json\/wp\/v2\/types\/page"}],"author":[{"embeddable":true,"href":"https:\/\/elfsight.com\/pl\/wp-json\/wp\/v2\/users\/9"}],"replies":[{"embeddable":true,"href":"https:\/\/elfsight.com\/pl\/wp-json\/wp\/v2\/comments?post=6744"}],"version-history":[{"count":2,"href":"https:\/\/elfsight.com\/pl\/wp-json\/wp\/v2\/pages\/6744\/revisions"}],"predecessor-version":[{"id":8043,"href":"https:\/\/elfsight.com\/pl\/wp-json\/wp\/v2\/pages\/6744\/revisions\/8043"}],"up":[{"embeddable":true,"href":"https:\/\/elfsight.com\/pl\/wp-json\/wp\/v2\/pages\/2366"}],"wp:attachment":[{"href":"https:\/\/elfsight.com\/pl\/wp-json\/wp\/v2\/media?parent=6744"}],"curies":[{"name":"wp","href":"https:\/\/api.w.org\/{rel}","templated":true}]}}