{"id":6743,"date":"1970-01-01T00:00:00","date_gmt":"1970-01-01T00:00:00","guid":{"rendered":"https:\/\/elfsight.com\/pl\/?page_id=6743"},"modified":"2025-06-27T08:52:39","modified_gmt":"2025-06-27T08:52:39","slug":"iframe","status":"publish","type":"page","link":"https:\/\/elfsight.com\/pl\/team-showcase-widget\/iframe\/","title":{"rendered":"Team Showcase &#8211; iFrame"},"content":{"rendered":"<div class=\"application-platform-content-item-description application-platform-content-item\" id=\"description\" data-nav-section=\"description\"><h2>Osad\u017a prezentacj\u0119 zespo\u0142u w ramce iFrame za pomoc\u0105 wid\u017cetu Elfsight<\/h2><p>Ten wid\u017cet b\u0119dzie idealnym sposobem na zaprezentowanie swojego zespo\u0142u na strona internetowa. Nasz widget pozwala zaprezentowa\u0107 twarze i role ka\u017cdego rodzaju zespo\u0142u: partner\u00f3w biznesowych, klubu sportowego, kadry profesorskiej, pracownik\u00f3w firm i innych. Poka\u017c zdj\u0119cie, dodaj dane kontaktowe i szczeg\u00f3\u0142owy tekst o ka\u017cdym cz\u0142onku zespo\u0142u. Odwiedzaj\u0105cy witryn\u0119 b\u0119d\u0105 mieli mo\u017cliwo\u015b\u0107 p\u0142ynnego skontaktowania si\u0119 z nimi za pomoc\u0105 aktywnych link\u00f3w i ikon spo\u0142eczno\u015bciowych. Mo\u017cesz tworzy\u0107 kategorie i pokazywa\u0107 format swojego zespo\u0142u, wybiera\u0107 uk\u0142ady, kolory i nie tylko. Zwi\u0119ksz zaufanie do swojej firmy, eksponuj\u0105c jej ludzki wizerunek!<\/p> <p><b>Zwi\u0119ksz zaufanie do swojej witryny dzi\u0119ki Elfsight Team Showcase!<\/b><\/p> <\/div><div class=\"application-platform-content-item- funkcje application-platform-content-item\" id=\" funkcje\" data-nav-section=\" funkcje\"><h2>G\u0142\u00f3wne cechy wid\u017cetu Team Showcase<\/h2><p>Aby lepiej pozna\u0107 Team Showcase, mo\u017cesz przejrze\u0107 list\u0119 jego najwa\u017cniejszych funkcji. Dzi\u0119ki nim nasz widget jest niezwykle skuteczny w Twojej promocji:<\/p> <ul><li>Klikalne ikony medi\u00f3w spo\u0142eczno\u015bciowych oraz linki do strony internetowej i adres e-mail;<\/li><li> Adres lokalizacji otwiera si\u0119 w Mapach Google po klikni\u0119ciu;<\/li><li>Wyskakuj\u0105ce okienko otwiera wi\u0119cej szczeg\u00f3\u0142\u00f3w osoby;<\/li><li>2 mo\u017cliwo\u015bci wy\u015bwietlania kategorii: na li\u015bcie og\u00f3lnej lub w menu;<\/li><li>Cztery opcje uk\u0142adu: siatka, karty , Galeria, Lista.<\/li><\/ul><p><a href=\"#demo\">Przejrzyj wszystkie funkcje dost\u0119pne w wersji demonstracyjnej na \u017cywo<\/a><\/p><\/div><div class=\"application-platform-content-item-instalacja application-platform-content-item\" id=\"instalacja\" data-nav-section=\"instalacja\"><h2>Jak doda\u0107 Team Showcase do witryny iFrame<\/h2><p>Wykonaj te proste kroki, aby aktywowa\u0107 wid\u017cet. <\/p> <ol><li><b>Wygeneruj swoj\u0105 unikaln\u0105 wtyczk\u0119 Team Showcase<\/b><br> Korzystaj\u0105c z naszej bezp\u0142atnej wersji demonstracyjnej, utw\u00f3rz wtyczk\u0119 o wybranym wygl\u0105dzie i cechach funkcjonalnych. <\/li><li><b>Skopiuj indywidualny kod, aby zintegrowa\u0107 wtyczk\u0119<\/b><br> Po skonfigurowaniu wid\u017cetu otrzymasz kod instalacyjny z wyskakuj\u0105cego okna aplikacji Elfsight. Skopiuj ten kod. <\/li> <li><b>Opublikuj wtyczk\u0119 na swojej stronie iFrame<\/b><br> Znajd\u017a miejsce, w kt\u00f3rym chcesz wy\u015bwietli\u0107 wtyczk\u0119 i wstaw tam skopiowany kod. Zastosuj wyniki. <\/li> <li><b>Gotowe! <\/b><br> Wejd\u017a na stron\u0119, aby zobaczy\u0107 cz\u0142onk\u00f3w swojego zespo\u0142u. <\/li> <\/ol><p>Nasz zesp\u00f3\u0142 obs\u0142ugi klienta z przyjemno\u015bci\u0105 pomo\u017ce, je\u015bli masz jakiekolwiek pytania!<\/p><div class=\"faq\" data-component=\"FAQ\"><div class=\"faq-item\">\r\n\t\t\t\t\t<div class=\"faq-item-question\">\r\n\t\t\t\t\t\t<h3 class=\"faq-item-question-text\">Czy istnieje metoda dodania zespo\u0142u Showcase na mojej stronie iFrame bez kodowania?<\/h3>\r\n\r\n\t\t\t\t\t\t<div class=\"faq-item-question-icon\"><\/div>\r\n\t\t\t\t\t<\/div>\r\n\r\n\t\t\t\t\t<div class=\"faq-item-answer\">\r\n\t\t\t\t\t\t<div class=\"faq-item-answer-text\"> <p>Elfsight oferuje rozwi\u0105zanie, kt\u00f3re umo\u017cliwia samodzielne wygenerowanie wtyczki Team Showcase, zobacz nieskomplikowane kroki: Pracuj w wersji demonstracyjnej online, aby zbudowa\u0107 sekcj\u0119 Team Showcase, w kt\u00f3rej chcesz osadzi\u0107 swoj\u0105 witryn\u0119 iFrame. Zdecyduj si\u0119 na jeden z naszych gotowych szablon\u00f3w i dostosuj ustawienia Team Showcase, zaktualizuj zawarto\u015b\u0107, zmie\u0144 uk\u0142ad i kolory bez umiej\u0119tno\u015bci kodowania. Kliknij, aby zapisa\u0107 Team Showcase i skopiuj kod instalacyjny, kt\u00f3ry mo\u017cesz bez problemu i bezp\u0142atnie osadzi\u0107 na swojej stronie internetowej iFrame. Pracuj\u0105c w naszym prostym konfiguratorze, ka\u017cdy u\u017cytkownik Internetu mo\u017ce zbudowa\u0107 wid\u017cet Team Showcase online i \u0142atwo doda\u0107 go do dowolnej strony g\u0142\u00f3wnej iFrame. Aby uzyska\u0107 dost\u0119p do Edytora, nie trzeba p\u0142aci\u0107 ani wprowadza\u0107 danych karty. Je\u015bli napotkasz jakiekolwiek problemy, skontaktuj si\u0119 z naszym personelem pomocy technicznej.<\/p> <\/div>\r\n\t\t\t\t\t<\/div>\r\n\t\t\t\t<\/div> <\/div><\/div>","protected":false},"excerpt":{"rendered":"","protected":false},"author":9,"featured_media":0,"parent":2366,"menu_order":0,"comment_status":"closed","ping_status":"closed","template":"templates\/template-application-platform.php","meta":{"publish_to_discourse":"","publish_post_category":"","wpdc_auto_publish_overridden":"","wpdc_topic_tags":"","wpdc_pin_topic":"","wpdc_pin_until":"","discourse_post_id":"","discourse_permalink":"","wpdc_publishing_response":"","wpdc_publishing_error":"","footnotes":""},"class_list":["post-6743","page","type-page","status-publish","hentry"],"yoast_head":"<!-- This site is optimized with the Yoast SEO plugin v25.3.1 - https:\/\/yoast.com\/wordpress\/plugins\/seo\/ -->\n<title>Wtyczka iFrame Team Showcase na Twoj\u0105 stron\u0119 internetow\u0105 (bezp\u0142atna i szybka)<\/title>\n<meta name=\"description\" content=\"Utworzenie wid\u017cetu Team Showcase i dodanie go do witryny iFrame jest naprawd\u0119 \u0142atwe. Obs\u0142uga klienta Elfsight jest bezp\u0142atna i szybka.\" \/>\n<meta name=\"robots\" content=\"index, follow, max-snippet:-1, max-image-preview:large, max-video-preview:-1\" \/>\n<link rel=\"canonical\" href=\"https:\/\/elfsight.com\/pl\/team-showcase-widget\/iframe\/\" \/>\n<meta property=\"og:locale\" content=\"pl_PL\" \/>\n<meta property=\"og:type\" content=\"article\" \/>\n<meta property=\"og:title\" content=\"Wtyczka iFrame Team Showcase na Twoj\u0105 stron\u0119 internetow\u0105 (bezp\u0142atna i szybka)\" \/>\n<meta property=\"og:description\" content=\"Utworzenie wid\u017cetu Team Showcase i dodanie go do witryny iFrame jest naprawd\u0119 \u0142atwe. Obs\u0142uga klienta Elfsight jest bezp\u0142atna i szybka.\" \/>\n<meta property=\"og:url\" content=\"https:\/\/elfsight.com\/pl\/team-showcase-widget\/iframe\/\" \/>\n<meta property=\"og:site_name\" content=\"Elfsight PL\" \/>\n<meta property=\"article:modified_time\" content=\"2025-06-27T08:52:39+00:00\" \/>\n<meta name=\"twitter:card\" content=\"summary_large_image\" \/>\n<meta name=\"twitter:label1\" content=\"Szacowany czas czytania\" \/>\n\t<meta name=\"twitter:data1\" content=\"3 minuty\" \/>\n<!-- \/ Yoast SEO plugin. -->","yoast_head_json":{"title":"Wtyczka iFrame Team Showcase na Twoj\u0105 stron\u0119 internetow\u0105 (bezp\u0142atna i szybka)","description":"Utworzenie wid\u017cetu Team Showcase i dodanie go do witryny iFrame jest naprawd\u0119 \u0142atwe. Obs\u0142uga klienta Elfsight jest bezp\u0142atna i szybka.","robots":{"index":"index","follow":"follow","max-snippet":"max-snippet:-1","max-image-preview":"max-image-preview:large","max-video-preview":"max-video-preview:-1"},"canonical":"https:\/\/elfsight.com\/pl\/team-showcase-widget\/iframe\/","og_locale":"pl_PL","og_type":"article","og_title":"Wtyczka iFrame Team Showcase na Twoj\u0105 stron\u0119 internetow\u0105 (bezp\u0142atna i szybka)","og_description":"Utworzenie wid\u017cetu Team Showcase i dodanie go do witryny iFrame jest naprawd\u0119 \u0142atwe. Obs\u0142uga klienta Elfsight jest bezp\u0142atna i szybka.","og_url":"https:\/\/elfsight.com\/pl\/team-showcase-widget\/iframe\/","og_site_name":"Elfsight PL","article_modified_time":"2025-06-27T08:52:39+00:00","twitter_card":"summary_large_image","twitter_misc":{"Szacowany czas czytania":"3 minuty"},"schema":{"@context":"https:\/\/schema.org","@graph":[{"@type":"WebPage","@id":"https:\/\/elfsight.com\/pl\/team-showcase-widget\/iframe\/","url":"https:\/\/elfsight.com\/pl\/team-showcase-widget\/iframe\/","name":"Wtyczka iFrame Team Showcase na Twoj\u0105 stron\u0119 internetow\u0105 (bezp\u0142atna i szybka)","isPartOf":{"@id":"https:\/\/elfsight.com\/pl\/#website"},"datePublished":"1970-01-01T00:00:00+00:00","dateModified":"2025-06-27T08:52:39+00:00","description":"Utworzenie wid\u017cetu Team Showcase i dodanie go do witryny iFrame jest naprawd\u0119 \u0142atwe. Obs\u0142uga klienta Elfsight jest bezp\u0142atna i szybka.","breadcrumb":{"@id":"https:\/\/elfsight.com\/pl\/team-showcase-widget\/iframe\/#breadcrumb"},"inLanguage":"pl-PL","potentialAction":[{"@type":"ReadAction","target":["https:\/\/elfsight.com\/pl\/team-showcase-widget\/iframe\/"]}]},{"@type":"BreadcrumbList","@id":"https:\/\/elfsight.com\/pl\/team-showcase-widget\/iframe\/#breadcrumb","itemListElement":[{"@type":"ListItem","position":1,"name":"Home","item":"https:\/\/elfsight.com\/pl\/"},{"@type":"ListItem","position":2,"name":"Team Showcase","item":"https:\/\/elfsight.com\/pl\/team-showcase-widget\/"},{"@type":"ListItem","position":3,"name":"Team Showcase &#8211; iFrame"}]},{"@type":"WebSite","@id":"https:\/\/elfsight.com\/pl\/#website","url":"https:\/\/elfsight.com\/pl\/","name":"Elfsight PL","description":"Just another Elfsight Sites site","potentialAction":[{"@type":"SearchAction","target":{"@type":"EntryPoint","urlTemplate":"https:\/\/elfsight.com\/pl\/?s={search_term_string}"},"query-input":{"@type":"PropertyValueSpecification","valueRequired":true,"valueName":"search_term_string"}}],"inLanguage":"pl-PL"}]}},"meta_box":{"industry":"","seo_heading":"","heading":"","description":"","cta_heading":"","cta_description":"","application":"2365","h1":"Prezentacja zespo\u0142u iFrame","h1_caption":"Przedstaw cz\u0142onk\u00f3w swojego zespo\u0142u w profesjonalny i atrakcyjny wizualnie spos\u00f3b, bez wysi\u0142ku buduj\u0105c zaufanie i wi\u0119\u017a z odbiorcami w swojej witrynie iFrame.","application_category":[],"applications_title":"","applications_request_title":"","applications_request_button_text":"","hero_text":"","hero_video":"","hero_video_schema_markup":"","selling_points_title":"","selling_points_caption":"","selling_points":[],"selling_points_cta_text":"","features_title":"","features":"","ed_cta_examples_text":"","ed_cta_examples_hidden":"","ed_cta_demo_text":"","ed_cta_demo_hidden":"","why_caption":"","why_editor_title":"","why_editor_text":"","why_team_title":"","why_team_text":"","why_service_title":"","why_service_text":"","template_catalog_visible":"0","template_catalog_title":"","template_catalog_text":"","template_catalog_categories_visible":"","demo_title":"Utw\u00f3rz wid\u017cet Prezentacja zespo\u0142u","demo_caption":"Skonfiguruj swoj\u0105 Team Showcase i dodaj j\u0105 do swojej witryny iFrame za darmo!","default_faq_hidden":"","app_template_category":[],"platform":"187","template_public_id":"","codecanyon_url":"","codecanyon_item_id":"","codecanyon_price":"","pricing_caption":"","pricing_elfsight_apps_hide_column":"","pricing_elfsight_apps_url":"","pricing_codecanyon_price_caption":"","integration_category":[],"integration_request_title":"","integration_request_cta":"","integration_platform":"","integrations":[],"platform_category":[],"video_schema_markup":"","price":"od 0 USD \/ miesi\u0105c","trial":"","benefits":[{"text":"Bezp\u0142atna pomoc w instalacji"},{"text":"Wsparcie premium"},{"text":"14-dniowa gwarancja zwrotu pieni\u0119dzy"}],"button_url":"#demo","button_target_blank":"0","button_nofollow":"0","attributes":[{"name":"Instaluje"},{"name":"Czu\u0142y"},{"name":"Kompatybilne przegl\u0105darki"}],"tags":[],"tags_disable_links":"0","hide_more_platforms":"0","video_object":"","demo_hide_cta":"0","demo_hide_cloud_options":"0","pricing_title":"","pricing":[{"pricing_icon":"platform","pricing_title":"Elfsight Apps","pricing_title_caption":"Rozwi\u0105zanie wieloplatformowe, kt\u00f3re dzia\u0142a na ka\u017cdej stronie internetowej","pricing_price":"od 0 USD \/ miesi\u0105c","pricing_price_caption":"zacznij od bezp\u0142atnego planu","pricing_benefits":[{"text":"Nielimitowane strony internetowe"},{"text":"Szybkie wsparcie"},{"text":"Bezp\u0142atna pomoc w monta\u017cu"},{"text":"Specjalna cena za wiele aplikacji"}],"pricing_button_text":"Dodaj do witryny","pricing_button_url":"#demo"}],"related_apps_title":"","related_apps_hidden":"0","author":"","image":[],"title":"","job":"","social_networks":[]},"_links":{"self":[{"href":"https:\/\/elfsight.com\/pl\/wp-json\/wp\/v2\/pages\/6743","targetHints":{"allow":["GET"]}}],"collection":[{"href":"https:\/\/elfsight.com\/pl\/wp-json\/wp\/v2\/pages"}],"about":[{"href":"https:\/\/elfsight.com\/pl\/wp-json\/wp\/v2\/types\/page"}],"author":[{"embeddable":true,"href":"https:\/\/elfsight.com\/pl\/wp-json\/wp\/v2\/users\/9"}],"replies":[{"embeddable":true,"href":"https:\/\/elfsight.com\/pl\/wp-json\/wp\/v2\/comments?post=6743"}],"version-history":[{"count":2,"href":"https:\/\/elfsight.com\/pl\/wp-json\/wp\/v2\/pages\/6743\/revisions"}],"predecessor-version":[{"id":10630,"href":"https:\/\/elfsight.com\/pl\/wp-json\/wp\/v2\/pages\/6743\/revisions\/10630"}],"up":[{"embeddable":true,"href":"https:\/\/elfsight.com\/pl\/wp-json\/wp\/v2\/pages\/2366"}],"wp:attachment":[{"href":"https:\/\/elfsight.com\/pl\/wp-json\/wp\/v2\/media?parent=6743"}],"curies":[{"name":"wp","href":"https:\/\/api.w.org\/{rel}","templated":true}]}}