{"id":6741,"date":"1970-01-01T00:00:00","date_gmt":"1970-01-01T00:00:00","guid":{"rendered":"https:\/\/elfsight.com\/pl\/?page_id=6741"},"modified":"2024-11-14T09:20:31","modified_gmt":"2024-11-14T09:20:31","slug":"woocommerce","status":"publish","type":"page","link":"https:\/\/elfsight.com\/pl\/team-showcase-widget\/woocommerce\/","title":{"rendered":"Team Showcase &#8211; WooCommerce"},"content":{"rendered":"<div class=\"application-platform-content-item-description application-platform-content-item\" id=\"description\" data-nav-section=\"description\"><h2>Opis<\/h2><p>Ten widget b\u0119dzie naj\u0142atwiejszym w u\u017cyciu narz\u0119dziem do zaprezentowania cz\u0142onk\u00f3w Twojej za\u0142ogi na Twojej stronie. Narz\u0119dzie pozwala na publikacj\u0119 zdj\u0119\u0107 i do\u015bwiadcze\u0144 ka\u017cdego rodzaju zespo\u0142u: partner\u00f3w biznesowych, klubu sportowego, kadry pedagogicznej, pracownik\u00f3w firmy i ka\u017cdego innego. Prze\u015blij zdj\u0119cie, opublikuj dane kontaktowe i niestandardow\u0105 wiadomo\u015b\u0107 o ka\u017cdej osobie. U\u017cytkownicy b\u0119d\u0105 mieli mo\u017cliwo\u015b\u0107 natychmiastowego i p\u0142ynnego kontaktu z nimi za pomoc\u0105 link\u00f3w i ikon medi\u00f3w spo\u0142eczno\u015bciowych. Mo\u017cesz dowolnie tworzy\u0107 kategorie i pokazywa\u0107 format swojego zespo\u0142u, wybiera\u0107 uk\u0142ad, kolory i inne cechy. Wzmocnij zaufanie do swojej firmy, pokazuj\u0105c jej ludzk\u0105 twarz!<\/p><p><b>Wykorzystaj to, co najlepsze w Team Showcase, aby szybciej osi\u0105gn\u0105\u0107 swoje cele biznesowe!<\/b><\/p><\/div> <div class=\"faq\" data-component=\"FAQ\"><div class=\"faq-item\">\r\n\t\t\t\t\t<div class=\"faq-item-question\">\r\n\t\t\t\t\t\t<h3 class=\"faq-item-question-text\">Jak mog\u0119 doda\u0107 Prezentacj\u0119 zespo\u0142u do mojej witryny WooCommerce? <\/h3>\r\n\r\n\t\t\t\t\t\t<div class=\"faq-item-question-icon\"><\/div>\r\n\t\t\t\t\t<\/div>\r\n\r\n\t\t\t\t\t<div class=\"faq-item-answer\">\r\n\t\t\t\t\t\t<div class=\"faq-item-answer-text\"><p>Tworzenie wid\u017cetu odbywa si\u0119 w witrynie Elfsight i nie trzeba kodowa\u0107 . Przejd\u017a do wersji demonstracyjnej online, aby zaprojektowa\u0107 widget, pobra\u0107 kod i zintegrowa\u0107 go ze swoj\u0105 witryn\u0105. <\/p><\/div>\r\n\t\t\t\t\t<\/div>\r\n\t\t\t\t<\/div><div class=\"faq-item\">\r\n\t\t\t\t\t<div class=\"faq-item-question\">\r\n\t\t\t\t\t\t<h3 class=\"faq-item-question-text\">Najlepsze sposoby wykorzystania integracji cz\u0142onk\u00f3w zespo\u0142u<\/h3>\r\n\r\n\t\t\t\t\t\t<div class=\"faq-item-question-icon\"><\/div>\r\n\t\t\t\t\t<\/div>\r\n\r\n\t\t\t\t\t<div class=\"faq-item-answer\">\r\n\t\t\t\t\t\t<div class=\"faq-item-answer-text\"><p>Zapewniamy szereg mo\u017cliwo\u015bci dostosowywania: pe\u0142nowymiarowe wid\u017cety do wstawiania w sekcji tre\u015bci , p\u0142ywaj\u0105ce wid\u017cety z funkcj\u0105 przewijania, miniatury stopki, nag\u0142\u00f3wka i wszystkie odmiany opcji pionowych pask\u00f3w bocznych i menu. <\/p><\/div>\r\n\t\t\t\t\t<\/div>\r\n\t\t\t\t<\/div><div class=\"faq-item\">\r\n\t\t\t\t\t<div class=\"faq-item-question\">\r\n\t\t\t\t\t\t<h3 class=\"faq-item-question-text\">Czy mog\u0119 zbudowa\u0107 prezentacj\u0119 zespo\u0142u lekarzy lub nauczycieli przy pomocy edytora? <\/h3>\r\n\r\n\t\t\t\t\t\t<div class=\"faq-item-question-icon\"><\/div>\r\n\t\t\t\t\t<\/div>\r\n\r\n\t\t\t\t\t<div class=\"faq-item-answer\">\r\n\t\t\t\t\t\t<div class=\"faq-item-answer-text\"><p>Mo\u017cesz tworzy\u0107 dowolne modyfikacje wid\u017cetu. W edytorze dost\u0119pnych jest mn\u00f3stwo uk\u0142ad\u00f3w, a ka\u017cdy z nich mo\u017cna \u0142atwo dostosowa\u0107 do w\u0142asnych potrzeb. <\/p><\/div>\r\n\t\t\t\t\t<\/div>\r\n\t\t\t\t<\/div><\/div><div class=\"application-platform-content-item-features application-platform-content-item\" id=\"features\" data-nav-section=\"features\"><h2>To tylko kilka z pot\u0119\u017cnych funkcji widgetu:<\/h2><ul><li>Klikalne ikony medi\u00f3w spo\u0142eczno\u015bciowych i linki do strony internetowej i adresu e-mail;<\/li><li> Adres lokalizacji otwiera si\u0119 w Mapach Google po klikni\u0119ciu;<\/li><li>Wyskakuj\u0105ce okienko wy\u015bwietla wi\u0119cej szczeg\u00f3\u0142\u00f3w osoby;<\/li><li>Dwie opcje porz\u0105dkowania grupy: jako lista og\u00f3lna lub z menu;<\/li><li>4 opcje uk\u0142adu: Siatka, Karty, Galeria, Lista.<\/li><\/ul><p><a href=\"#demo\"> Po skorzystaniu z wersji demonstracyjnej mo\u017cesz zdecydowa\u0107, czy wid\u017cet jest dla Ciebie<\/a><\/p><\/div><div class=\"application-platform-content-item-installation application-platform-content-item\" id=\"installation\" data-nav-section=\"installation\"><h2>Jak osadzi\u0107 Team Showcase w mojej witrynie WooCommerce?<\/h2> <p>Wystarczy wykona\u0107 kilka krok\u00f3w podanych poni\u017cej, aby rozpocz\u0105\u0107 prac\u0119 z wid\u017cetem.<\/p><ol><li><b>Zarz\u0105dzaj\u0105c naszym darmowym edytorem, rozpocznij tworzenie w\u0142asnej wtyczki.<\/b><br>Okre\u015bl odpowiedni projekt i funkcje narz\u0119dzia oraz zastosuj modyfikacje.<\/li><li><b>Zdob\u0105d\u017a unikalny kod widoczny w oknie aplikacji Elfsight.<\/b><br>Zaraz po zako\u0144czeniu dostosowywania narz\u0119dzia skopiuj indywidualny kod w wyskakuj\u0105cym okienku i zapisz go na p\u00f3\u017aniej.<\/li><li><b>Rozpocznij korzystanie z wtyczki na stronie WooCommerce.<\/b><br>Wklej zapisany wcze\u015bniej kod na swojej stronie internetowej i zastosuj zmiany.<\/li><li><b>Konfiguracja zosta\u0142a pomy\u015blnie przeprowadzona.<\/b><br>Przejd\u017a do swojej witryny, aby sprawdzi\u0107, jak dzia\u0142a widget.<\/li><\/ol><p> Je\u015bli masz pytania lub napotkasz pewne komplikacje, skontaktuj si\u0119 z naszym personelem pomocniczym. Nasi specjali\u015bci pragn\u0105 rozwi\u0105za\u0107 wszystkie problemy, jakie mo\u017cesz mie\u0107 z produktem.<\/p><\/div>","protected":false},"excerpt":{"rendered":"","protected":false},"author":9,"featured_media":0,"parent":2366,"menu_order":0,"comment_status":"closed","ping_status":"closed","template":"templates\/template-application-platform.php","meta":{"publish_to_discourse":"","publish_post_category":"","wpdc_auto_publish_overridden":"","wpdc_topic_tags":"","wpdc_pin_topic":"","wpdc_pin_until":"","discourse_post_id":"","discourse_permalink":"","wpdc_publishing_response":"","wpdc_publishing_error":"","footnotes":""},"class_list":["post-6741","page","type-page","status-publish","hentry"],"yoast_head":"<!-- This site is optimized with the Yoast SEO plugin v25.3.1 - https:\/\/yoast.com\/wordpress\/plugins\/seo\/ -->\n<title>Wtyczka WooCommerce Team Showcase dla Twojej witryny (2025)<\/title>\n<meta name=\"description\" content=\"Mo\u017cesz dostosowa\u0107 responsywn\u0105 wtyczk\u0119 Team Showcase w edytorze i wprowadzi\u0107 j\u0105 do swojej witryny WooCommerce bezpo\u015brednio poprzez wersj\u0119 demonstracyjn\u0105.\" \/>\n<meta name=\"robots\" content=\"index, follow, max-snippet:-1, max-image-preview:large, max-video-preview:-1\" \/>\n<link rel=\"canonical\" href=\"https:\/\/elfsight.com\/pl\/team-showcase-widget\/woocommerce\/\" \/>\n<meta property=\"og:locale\" content=\"pl_PL\" \/>\n<meta property=\"og:type\" content=\"article\" \/>\n<meta property=\"og:title\" content=\"Wtyczka WooCommerce Team Showcase dla Twojej witryny (2025)\" \/>\n<meta property=\"og:description\" content=\"Mo\u017cesz dostosowa\u0107 responsywn\u0105 wtyczk\u0119 Team Showcase w edytorze i wprowadzi\u0107 j\u0105 do swojej witryny WooCommerce bezpo\u015brednio poprzez wersj\u0119 demonstracyjn\u0105.\" \/>\n<meta property=\"og:url\" content=\"https:\/\/elfsight.com\/pl\/team-showcase-widget\/woocommerce\/\" \/>\n<meta property=\"og:site_name\" content=\"Elfsight PL\" \/>\n<meta property=\"article:modified_time\" content=\"2024-11-14T09:20:31+00:00\" \/>\n<meta name=\"twitter:card\" content=\"summary_large_image\" \/>\n<meta name=\"twitter:label1\" content=\"Szacowany czas czytania\" \/>\n\t<meta name=\"twitter:data1\" content=\"3 minuty\" \/>\n<!-- \/ Yoast SEO plugin. -->","yoast_head_json":{"title":"Wtyczka WooCommerce Team Showcase dla Twojej witryny (2025)","description":"Mo\u017cesz dostosowa\u0107 responsywn\u0105 wtyczk\u0119 Team Showcase w edytorze i wprowadzi\u0107 j\u0105 do swojej witryny WooCommerce bezpo\u015brednio poprzez wersj\u0119 demonstracyjn\u0105.","robots":{"index":"index","follow":"follow","max-snippet":"max-snippet:-1","max-image-preview":"max-image-preview:large","max-video-preview":"max-video-preview:-1"},"canonical":"https:\/\/elfsight.com\/pl\/team-showcase-widget\/woocommerce\/","og_locale":"pl_PL","og_type":"article","og_title":"Wtyczka WooCommerce Team Showcase dla Twojej witryny (2025)","og_description":"Mo\u017cesz dostosowa\u0107 responsywn\u0105 wtyczk\u0119 Team Showcase w edytorze i wprowadzi\u0107 j\u0105 do swojej witryny WooCommerce bezpo\u015brednio poprzez wersj\u0119 demonstracyjn\u0105.","og_url":"https:\/\/elfsight.com\/pl\/team-showcase-widget\/woocommerce\/","og_site_name":"Elfsight PL","article_modified_time":"2024-11-14T09:20:31+00:00","twitter_card":"summary_large_image","twitter_misc":{"Szacowany czas czytania":"3 minuty"},"schema":{"@context":"https:\/\/schema.org","@graph":[{"@type":"WebPage","@id":"https:\/\/elfsight.com\/pl\/team-showcase-widget\/woocommerce\/","url":"https:\/\/elfsight.com\/pl\/team-showcase-widget\/woocommerce\/","name":"Wtyczka WooCommerce Team Showcase dla Twojej witryny (2025)","isPartOf":{"@id":"https:\/\/elfsight.com\/pl\/#website"},"datePublished":"1970-01-01T00:00:00+00:00","dateModified":"2024-11-14T09:20:31+00:00","description":"Mo\u017cesz dostosowa\u0107 responsywn\u0105 wtyczk\u0119 Team Showcase w edytorze i wprowadzi\u0107 j\u0105 do swojej witryny WooCommerce bezpo\u015brednio poprzez wersj\u0119 demonstracyjn\u0105.","breadcrumb":{"@id":"https:\/\/elfsight.com\/pl\/team-showcase-widget\/woocommerce\/#breadcrumb"},"inLanguage":"pl-PL","potentialAction":[{"@type":"ReadAction","target":["https:\/\/elfsight.com\/pl\/team-showcase-widget\/woocommerce\/"]}]},{"@type":"BreadcrumbList","@id":"https:\/\/elfsight.com\/pl\/team-showcase-widget\/woocommerce\/#breadcrumb","itemListElement":[{"@type":"ListItem","position":1,"name":"Home","item":"https:\/\/elfsight.com\/pl\/"},{"@type":"ListItem","position":2,"name":"Team Showcase","item":"https:\/\/elfsight.com\/pl\/team-showcase-widget\/"},{"@type":"ListItem","position":3,"name":"Team Showcase &#8211; WooCommerce"}]},{"@type":"WebSite","@id":"https:\/\/elfsight.com\/pl\/#website","url":"https:\/\/elfsight.com\/pl\/","name":"Elfsight PL","description":"Just another Elfsight Sites site","potentialAction":[{"@type":"SearchAction","target":{"@type":"EntryPoint","urlTemplate":"https:\/\/elfsight.com\/pl\/?s={search_term_string}"},"query-input":{"@type":"PropertyValueSpecification","valueRequired":true,"valueName":"search_term_string"}}],"inLanguage":"pl-PL"}]}},"meta_box":{"industry":"","seo_heading":"","heading":"","description":"","cta_heading":"","cta_description":"","application":"2365","h1":"Wtyczka WooCommerce Team Showcase","h1_caption":"Zaprezentuj swojej za\u0142odze wa\u017cne szczeg\u00f3\u0142y za pomoc\u0105 elastycznej galerii.","application_category":[],"applications_title":"","applications_request_title":"","applications_request_button_text":"","hero_text":"","hero_video":"","hero_video_schema_markup":"","selling_points_title":"","selling_points_caption":"","selling_points":[],"selling_points_cta_text":"","features_title":"","features":"","ed_cta_examples_text":"","ed_cta_examples_hidden":"","ed_cta_demo_text":"","ed_cta_demo_hidden":"","why_caption":"","why_editor_title":"","why_editor_text":"","why_team_title":"","why_team_text":"","why_service_title":"","why_service_text":"","template_catalog_visible":"","template_catalog_title":"","template_catalog_text":"","template_catalog_categories_visible":"","demo_title":"Utw\u00f3rz aplikacj\u0119 Team Showcase","demo_caption":"Skonfiguruj swoj\u0105 prezentacj\u0119 zespo\u0142u i dodaj j\u0105 do swojej witryny WooCommerce za darmo!","default_faq_hidden":"","app_template_category":[],"platform":"335","template_public_id":"","codecanyon_url":"","codecanyon_item_id":"","codecanyon_price":"","pricing_caption":"","pricing_elfsight_apps_hide_column":"","pricing_elfsight_apps_url":"","pricing_codecanyon_price_caption":"","integration_category":[],"integration_request_title":"","integration_request_cta":"","integration_platform":"","integrations":[],"platform_category":[],"video_schema_markup":"","price":"od 0 USD \/ miesi\u0105c","trial":"","benefits":[{"text":"Bezp\u0142atna pomoc w instalacji"},{"text":"Wsparcie premium"},{"text":"14-dniowa gwarancja zwrotu pieni\u0119dzy"}],"button_url":"#demo","button_target_blank":"","button_nofollow":"","attributes":[{"name":"Instaluje"},{"name":"Czu\u0142y"},{"name":"Kompatybilne przegl\u0105darki"}],"tags":[],"tags_disable_links":"","hide_more_platforms":"","video_object":"","demo_hide_cta":"","demo_hide_cloud_options":"","pricing_title":"","pricing":[{"pricing_icon":"platform","pricing_title":"Elfsight Apps","pricing_title_caption":"Wersja wieloplatformowa, kt\u00f3ra dzia\u0142a na dowolnej witrynie","pricing_price":"od 0 USD \/ miesi\u0105c","pricing_price_caption":"zacznij od bezp\u0142atnego planu","pricing_benefits":[{"text":"Nielimitowane domeny"},{"text":"Ca\u0142odobowe wsparcie firmy i dobrze udokumentowane"},{"text":"Bezp\u0142atne wsparcie instalacyjne"},{"text":"100% konfigurowalny"}],"pricing_button_text":"Dodaj do witryny","pricing_button_url":"#demo"}],"related_apps_title":"","related_apps_hidden":"","author":"","image":[],"title":"","job":"","social_networks":[]},"_links":{"self":[{"href":"https:\/\/elfsight.com\/pl\/wp-json\/wp\/v2\/pages\/6741","targetHints":{"allow":["GET"]}}],"collection":[{"href":"https:\/\/elfsight.com\/pl\/wp-json\/wp\/v2\/pages"}],"about":[{"href":"https:\/\/elfsight.com\/pl\/wp-json\/wp\/v2\/types\/page"}],"author":[{"embeddable":true,"href":"https:\/\/elfsight.com\/pl\/wp-json\/wp\/v2\/users\/9"}],"replies":[{"embeddable":true,"href":"https:\/\/elfsight.com\/pl\/wp-json\/wp\/v2\/comments?post=6741"}],"version-history":[{"count":1,"href":"https:\/\/elfsight.com\/pl\/wp-json\/wp\/v2\/pages\/6741\/revisions"}],"predecessor-version":[{"id":6745,"href":"https:\/\/elfsight.com\/pl\/wp-json\/wp\/v2\/pages\/6741\/revisions\/6745"}],"up":[{"embeddable":true,"href":"https:\/\/elfsight.com\/pl\/wp-json\/wp\/v2\/pages\/2366"}],"wp:attachment":[{"href":"https:\/\/elfsight.com\/pl\/wp-json\/wp\/v2\/media?parent=6741"}],"curies":[{"name":"wp","href":"https:\/\/api.w.org\/{rel}","templated":true}]}}