{"id":6735,"date":"1970-01-01T00:00:00","date_gmt":"1970-01-01T00:00:00","guid":{"rendered":"https:\/\/elfsight.com\/pl\/?page_id=6735"},"modified":"2024-11-14T08:52:17","modified_gmt":"2024-11-14T08:52:17","slug":"google-sites","status":"publish","type":"page","link":"https:\/\/elfsight.com\/pl\/team-showcase-widget\/google-sites\/","title":{"rendered":"Team Showcase &#8211; Google Sites"},"content":{"rendered":"<div class=\"application-platform-content-item-description application-platform-content-item\" id=\"description\" data-nav-section=\"description\"> <h2>Umie\u015b\u0107 prezentacj\u0119 zespo\u0142u w Witrynach Google za pomoc\u0105 wid\u017cetu Elfsight<\/h2> <p>Prezentacja zespo\u0142u w Witrynach Google b\u0119dzie naj\u0142atwiejszym- wygodny spos\u00f3b wy\u015bwietlania cz\u0142onk\u00f3w zespo\u0142u na stronie internetowej. Wid\u017cet pomaga opowiedzie\u0107 o dowolnym typie zespo\u0142u: kolegach z pracy, dru\u017cynie sportowej, kadrze akademickiej, pracownikach firm i innych. Poka\u017c zdj\u0119cie, opublikuj dane kontaktowe i w\u0142asny tekst o ka\u017cdej osobie. Odwiedzaj\u0105cy witryn\u0119 b\u0119d\u0105 mieli mo\u017cliwo\u015b\u0107 dotarcia do nich w mgnieniu oka, korzystaj\u0105c z aktywnych link\u00f3w i ikon medi\u00f3w spo\u0142eczno\u015bciowych. Mo\u017cesz tworzy\u0107 grupy i pokazywa\u0107 struktur\u0119 swojego zespo\u0142u, wybiera\u0107 uk\u0142ady, kolory i nie tylko. Podnie\u015b wiarygodno\u015b\u0107 swojej firmy, pokazuj\u0105c jej ludzk\u0105 twarz!<\/p> <p><b>Dzi\u0119ki Team Showcase do\u015bwiadcz silnego rozwoju biznesu i zwi\u0119ksz sprzeda\u017c <\/b><\/p> <\/div> <div class=\"faq\" data-component=\"FAQ\"><div class=\"faq-item\">\r\n\t\t\t\t\t<div class=\"faq-item-question\">\r\n\t\t\t\t\t\t<h3 class=\"faq-item-question-text\">Jak osadzi\u0107 Prezentacj\u0119 zespo\u0142u w witrynie Witryn Google? <\/h3>\r\n\r\n\t\t\t\t\t\t<div class=\"faq-item-question-icon\"><\/div>\r\n\t\t\t\t\t<\/div>\r\n\r\n\t\t\t\t\t<div class=\"faq-item-answer\">\r\n\t\t\t\t\t\t<div class=\"faq-item-answer-text\"><p>Podstawa wid\u017cetu odbywa si\u0119 na stronach Elfsight i nie musisz si\u0119 uczy\u0107, jak to zrobi\u0107 kodowa\u0107. Przejd\u017a do naszego demo na \u017cywo, aby zaprojektowa\u0107 w\u0142asny widget, pobra\u0107 kod i zintegrowa\u0107 go ze swoj\u0105 witryn\u0105. <\/p><\/div>\r\n\t\t\t\t\t<\/div>\r\n\t\t\t\t<\/div><div class=\"faq-item\">\r\n\t\t\t\t\t<div class=\"faq-item-question\">\r\n\t\t\t\t\t\t<h3 class=\"faq-item-question-text\">Najlepsze przyk\u0142ady wykorzystania integracji Team Members<\/h3>\r\n\r\n\t\t\t\t\t\t<div class=\"faq-item-question-icon\"><\/div>\r\n\t\t\t\t\t<\/div>\r\n\r\n\t\t\t\t\t<div class=\"faq-item-answer\">\r\n\t\t\t\t\t\t<div class=\"faq-item-answer-text\"><p>Mamy wiele mo\u017cliwo\u015bci dostosowania: pe\u0142nowymiarowe wid\u017cety do osadzania w sekcji tre\u015bci, p\u0142ywaj\u0105ce wtyczki z mo\u017cliwo\u015bci\u0105 przewijania, miniatury stopki, sekcji nag\u0142\u00f3wka i wszelkiego rodzaju opcje pionowe dla pask\u00f3w bocznych i menu witryny. <\/p><\/div>\r\n\t\t\t\t\t<\/div>\r\n\t\t\t\t<\/div><div class=\"faq-item\">\r\n\t\t\t\t\t<div class=\"faq-item-question\">\r\n\t\t\t\t\t\t<h3 class=\"faq-item-question-text\">Czy mog\u0119 zbudowa\u0107 prezentacj\u0119 zespo\u0142u fitness lub fryzjera przy pomocy Twojego edytora? <\/h3>\r\n\r\n\t\t\t\t\t\t<div class=\"faq-item-question-icon\"><\/div>\r\n\t\t\t\t\t<\/div>\r\n\r\n\t\t\t\t\t<div class=\"faq-item-answer\">\r\n\t\t\t\t\t\t<div class=\"faq-item-answer-text\"><p>Mo\u017cesz stworzy\u0107 dowolne zmiany wid\u017cetu. W edytorze dost\u0119pnych jest wiele uk\u0142ad\u00f3w, a ka\u017cdy z nich mo\u017cna \u0142atwo dostosowa\u0107 do w\u0142asnych potrzeb. <\/p><\/div>\r\n\t\t\t\t\t<\/div>\r\n\t\t\t\t<\/div><\/div><div class=\"application-platform-content-item-features application-platform-content-item\" id=\"features\" data-nav-section=\"features\"> <h2>Najbardziej wymagane funkcje widgetu obejmuj\u0105<\/h2> <ul><li>Aktywne ikony kont spo\u0142eczno\u015bciowych oraz linki do stron internetowych i e-maili -Adres mailowy; <\/li><li>Lokalizacja osoby wy\u015bwietlana w Mapach Google po klikni\u0119ciu; <\/li><li>Wyskakuj\u0105ce okienko otwiera wszystkie szczeg\u00f3\u0142y cz\u0142onka zespo\u0142u; <\/li><li>Dwie mo\u017cliwo\u015bci pokazania grup: na li\u015bcie og\u00f3lnej lub w menu; <\/li><li>4 warianty uk\u0142adu do wyboru: Siatka, Karty, Galeria, Lista. <\/li><\/ul><p><a href=\"#demo\">Wystarczy sprawdzi\u0107 t\u0119 wersj\u0119 demonstracyjn\u0105, aby uzyska\u0107 pe\u0142ny obraz<\/a><\/p> <\/div> <div class=\"application-platform-content-item-installation application-platform-content-item\" id=\"installation\" data-nav-section=\"installation\"> <h2>Jak mog\u0119 doda\u0107 Team Showcase do mojej witryny w Witrynach Google? <\/h2> <p>Wystarczy post\u0119powa\u0107 zgodnie z poni\u017cszymi instrukcjami, aby doda\u0107 wid\u017cet. <\/p> <ol><li><b>Skorzystaj z naszego bezp\u0142atnego konfiguratora i zacznij tworzy\u0107 w\u0142asn\u0105 wtyczk\u0119. <\/b><br> Okre\u015bl wybran\u0105 form\u0119 i funkcje wtyczki oraz zapisz zmiany. <\/li> <li><b>Ujawnij sw\u00f3j osobisty kod w specjalnym formularzu w aplikacjach Elfsight. <\/b><br> Zaraz po zako\u0144czeniu konfiguracji narz\u0119dzia skopiuj kod osobisty z wyskakuj\u0105cego okienka i zapisz go na p\u00f3\u017aniej. <\/li> <li><b>Rozpocznij korzystanie z wid\u017cetu w witrynie Witryn Google. <\/b><br> Dodaj kod zapisany wcze\u015bniej na swojej stronie internetowej i zapisz poprawki. <\/li> <li><b>Konfiguracja zosta\u0142a pomy\u015blnie uko\u0144czona. <\/b><br> Odwied\u017a swoj\u0105 witryn\u0119, aby sprawdzi\u0107, jak dzia\u0142a wtyczka. <\/li><\/ol> <div class=\"tip-yellow tip\"><b>Ze wzgl\u0119du na specyfik\u0119 dzia\u0142ania Witryn Google wid\u017cet mo\u017ce wygl\u0105da\u0107 inaczej ni\u017c wersja demonstracyjna online. Przepraszamy za wszelkie niedogodno\u015bci.<\/b><\/div><p>Je\u015bli napotkasz jakiekolwiek trudno\u015bci, bez wahania zwr\u00f3\u0107 si\u0119 o pomoc do naszego personelu obs\u0142ugi klienta. Nasi specjali\u015bci pragn\u0105 rozwi\u0105za\u0107 wszystkie problemy, jakie mo\u017cesz mie\u0107 z widgetem. <\/p> <\/div>","protected":false},"excerpt":{"rendered":"","protected":false},"author":9,"featured_media":0,"parent":2366,"menu_order":0,"comment_status":"closed","ping_status":"closed","template":"templates\/template-application-platform.php","meta":{"publish_to_discourse":"","publish_post_category":"","wpdc_auto_publish_overridden":"","wpdc_topic_tags":"","wpdc_pin_topic":"","wpdc_pin_until":"","discourse_post_id":"","discourse_permalink":"","wpdc_publishing_response":"","wpdc_publishing_error":"","footnotes":""},"class_list":["post-6735","page","type-page","status-publish","hentry"],"yoast_head":"<!-- This site is optimized with the Yoast SEO plugin v25.3.1 - https:\/\/yoast.com\/wordpress\/plugins\/seo\/ -->\n<title>Prezentacja zespo\u0142u \u2013 dodaj wid\u017cet Prezentacja zespo\u0142u do Witryn Google (2025)<\/title>\n<meta name=\"description\" content=\"Dodaj responsywne rozszerzenie Team Showcase do swojej witryny Google Sites i zdob\u0105d\u017a pe\u0142ne zaufanie. Zastosuj por\u0119czn\u0105 wersj\u0119 demonstracyjn\u0105 Elfsight, aby stworzy\u0107 spersonalizowan\u0105 funkcj\u0119.\" \/>\n<meta name=\"robots\" content=\"index, follow, max-snippet:-1, max-image-preview:large, max-video-preview:-1\" \/>\n<link rel=\"canonical\" href=\"https:\/\/elfsight.com\/pl\/team-showcase-widget\/google-sites\/\" \/>\n<meta property=\"og:locale\" content=\"pl_PL\" \/>\n<meta property=\"og:type\" content=\"article\" \/>\n<meta property=\"og:title\" content=\"Prezentacja zespo\u0142u \u2013 dodaj wid\u017cet Prezentacja zespo\u0142u do Witryn Google (2025)\" \/>\n<meta property=\"og:description\" content=\"Dodaj responsywne rozszerzenie Team Showcase do swojej witryny Google Sites i zdob\u0105d\u017a pe\u0142ne zaufanie. Zastosuj por\u0119czn\u0105 wersj\u0119 demonstracyjn\u0105 Elfsight, aby stworzy\u0107 spersonalizowan\u0105 funkcj\u0119.\" \/>\n<meta property=\"og:url\" content=\"https:\/\/elfsight.com\/pl\/team-showcase-widget\/google-sites\/\" \/>\n<meta property=\"og:site_name\" content=\"Elfsight PL\" \/>\n<meta property=\"article:modified_time\" content=\"2024-11-14T08:52:17+00:00\" \/>\n<meta name=\"twitter:card\" content=\"summary_large_image\" \/>\n<meta name=\"twitter:label1\" content=\"Szacowany czas czytania\" \/>\n\t<meta name=\"twitter:data1\" content=\"3 minuty\" \/>\n<!-- \/ Yoast SEO plugin. -->","yoast_head_json":{"title":"Prezentacja zespo\u0142u \u2013 dodaj wid\u017cet Prezentacja zespo\u0142u do Witryn Google (2025)","description":"Dodaj responsywne rozszerzenie Team Showcase do swojej witryny Google Sites i zdob\u0105d\u017a pe\u0142ne zaufanie. Zastosuj por\u0119czn\u0105 wersj\u0119 demonstracyjn\u0105 Elfsight, aby stworzy\u0107 spersonalizowan\u0105 funkcj\u0119.","robots":{"index":"index","follow":"follow","max-snippet":"max-snippet:-1","max-image-preview":"max-image-preview:large","max-video-preview":"max-video-preview:-1"},"canonical":"https:\/\/elfsight.com\/pl\/team-showcase-widget\/google-sites\/","og_locale":"pl_PL","og_type":"article","og_title":"Prezentacja zespo\u0142u \u2013 dodaj wid\u017cet Prezentacja zespo\u0142u do Witryn Google (2025)","og_description":"Dodaj responsywne rozszerzenie Team Showcase do swojej witryny Google Sites i zdob\u0105d\u017a pe\u0142ne zaufanie. Zastosuj por\u0119czn\u0105 wersj\u0119 demonstracyjn\u0105 Elfsight, aby stworzy\u0107 spersonalizowan\u0105 funkcj\u0119.","og_url":"https:\/\/elfsight.com\/pl\/team-showcase-widget\/google-sites\/","og_site_name":"Elfsight PL","article_modified_time":"2024-11-14T08:52:17+00:00","twitter_card":"summary_large_image","twitter_misc":{"Szacowany czas czytania":"3 minuty"},"schema":{"@context":"https:\/\/schema.org","@graph":[{"@type":"WebPage","@id":"https:\/\/elfsight.com\/pl\/team-showcase-widget\/google-sites\/","url":"https:\/\/elfsight.com\/pl\/team-showcase-widget\/google-sites\/","name":"Prezentacja zespo\u0142u \u2013 dodaj wid\u017cet Prezentacja zespo\u0142u do Witryn Google (2025)","isPartOf":{"@id":"https:\/\/elfsight.com\/pl\/#website"},"datePublished":"1970-01-01T00:00:00+00:00","dateModified":"2024-11-14T08:52:17+00:00","description":"Dodaj responsywne rozszerzenie Team Showcase do swojej witryny Google Sites i zdob\u0105d\u017a pe\u0142ne zaufanie. Zastosuj por\u0119czn\u0105 wersj\u0119 demonstracyjn\u0105 Elfsight, aby stworzy\u0107 spersonalizowan\u0105 funkcj\u0119.","breadcrumb":{"@id":"https:\/\/elfsight.com\/pl\/team-showcase-widget\/google-sites\/#breadcrumb"},"inLanguage":"pl-PL","potentialAction":[{"@type":"ReadAction","target":["https:\/\/elfsight.com\/pl\/team-showcase-widget\/google-sites\/"]}]},{"@type":"BreadcrumbList","@id":"https:\/\/elfsight.com\/pl\/team-showcase-widget\/google-sites\/#breadcrumb","itemListElement":[{"@type":"ListItem","position":1,"name":"Home","item":"https:\/\/elfsight.com\/pl\/"},{"@type":"ListItem","position":2,"name":"Team Showcase","item":"https:\/\/elfsight.com\/pl\/team-showcase-widget\/"},{"@type":"ListItem","position":3,"name":"Team Showcase &#8211; Google Sites"}]},{"@type":"WebSite","@id":"https:\/\/elfsight.com\/pl\/#website","url":"https:\/\/elfsight.com\/pl\/","name":"Elfsight PL","description":"Just another Elfsight Sites site","potentialAction":[{"@type":"SearchAction","target":{"@type":"EntryPoint","urlTemplate":"https:\/\/elfsight.com\/pl\/?s={search_term_string}"},"query-input":{"@type":"PropertyValueSpecification","valueRequired":true,"valueName":"search_term_string"}}],"inLanguage":"pl-PL"}]}},"meta_box":{"industry":"","seo_heading":"","heading":"","description":"","cta_heading":"","cta_description":"","application":"2365","h1":"Wid\u017cet Prezentacja zespo\u0142u Witryn Google","h1_caption":"Przedstaw cz\u0142onk\u00f3w swojego zespo\u0142u w profesjonalny i atrakcyjny wizualnie spos\u00f3b, bez wysi\u0142ku buduj\u0105c zaufanie i wi\u0119\u017a z odbiorcami w Witrynach Google.","application_category":[],"applications_title":"","applications_request_title":"","applications_request_button_text":"","hero_text":"","hero_video":"","hero_video_schema_markup":"","selling_points_title":"","selling_points_caption":"","selling_points":[],"selling_points_cta_text":"","features_title":"","features":"","ed_cta_examples_text":"","ed_cta_examples_hidden":"","ed_cta_demo_text":"","ed_cta_demo_hidden":"","why_caption":"","why_editor_title":"","why_editor_text":"","why_team_title":"","why_team_text":"","why_service_title":"","why_service_text":"","template_catalog_visible":"","template_catalog_title":"","template_catalog_text":"","template_catalog_categories_visible":"","demo_title":"Utw\u00f3rz wid\u017cet Prezentacja zespo\u0142u","demo_caption":"Skonfiguruj swoj\u0105 prezentacj\u0119 zespo\u0142u i dodaj j\u0105 do swojej witryny Google Sites za darmo!","default_faq_hidden":"","app_template_category":[],"platform":"484","template_public_id":"","codecanyon_url":"","codecanyon_item_id":"","codecanyon_price":"","pricing_caption":"","pricing_elfsight_apps_hide_column":"","pricing_elfsight_apps_url":"","pricing_codecanyon_price_caption":"","integration_category":[],"integration_request_title":"","integration_request_cta":"","integration_platform":"","integrations":[],"platform_category":[],"video_schema_markup":"","price":"od 0 USD \/ miesi\u0105c","trial":"","benefits":[{"text":"Bezp\u0142atna pomoc w monta\u017cu"},{"text":"Skuteczna obs\u0142uga klienta"},{"text":"14-dniowa gwarancja zwrotu pieni\u0119dzy"}],"button_url":"#demo","button_target_blank":"","button_nofollow":"","attributes":[{"name":"Instaluje"},{"name":"Czu\u0142y"},{"name":"Kompatybilne przegl\u0105darki"}],"tags":[],"tags_disable_links":"","hide_more_platforms":"","video_object":"","demo_hide_cta":"","demo_hide_cloud_options":"","pricing_title":"","pricing":[{"pricing_icon":"platform","pricing_title":"Elfsight Apps","pricing_title_caption":"Oprogramowanie wieloplatformowe, kt\u00f3re dzia\u0142a na dowolnej stronie internetowej","pricing_price":"od 0 USD \/ miesi\u0105c","pricing_price_caption":"zacznij od bezp\u0142atnego planu","pricing_benefits":[{"text":"Nielimitowane domeny"},{"text":"Wsparcie premium i na czas"},{"text":"Bezp\u0142atna pomoc w instalacji"},{"text":"Specjalna cena za wiele aplikacji"}],"pricing_button_text":"Dodaj do witryny","pricing_button_url":"#demo"}],"related_apps_title":"","related_apps_hidden":"","author":"","image":[],"title":"","job":"","social_networks":[]},"_links":{"self":[{"href":"https:\/\/elfsight.com\/pl\/wp-json\/wp\/v2\/pages\/6735","targetHints":{"allow":["GET"]}}],"collection":[{"href":"https:\/\/elfsight.com\/pl\/wp-json\/wp\/v2\/pages"}],"about":[{"href":"https:\/\/elfsight.com\/pl\/wp-json\/wp\/v2\/types\/page"}],"author":[{"embeddable":true,"href":"https:\/\/elfsight.com\/pl\/wp-json\/wp\/v2\/users\/9"}],"replies":[{"embeddable":true,"href":"https:\/\/elfsight.com\/pl\/wp-json\/wp\/v2\/comments?post=6735"}],"version-history":[{"count":1,"href":"https:\/\/elfsight.com\/pl\/wp-json\/wp\/v2\/pages\/6735\/revisions"}],"predecessor-version":[{"id":6739,"href":"https:\/\/elfsight.com\/pl\/wp-json\/wp\/v2\/pages\/6735\/revisions\/6739"}],"up":[{"embeddable":true,"href":"https:\/\/elfsight.com\/pl\/wp-json\/wp\/v2\/pages\/2366"}],"wp:attachment":[{"href":"https:\/\/elfsight.com\/pl\/wp-json\/wp\/v2\/media?parent=6735"}],"curies":[{"name":"wp","href":"https:\/\/api.w.org\/{rel}","templated":true}]}}