{"id":6733,"date":"1970-01-01T00:00:00","date_gmt":"1970-01-01T00:00:00","guid":{"rendered":"https:\/\/elfsight.com\/pl\/?page_id=6733"},"modified":"2024-10-23T13:41:44","modified_gmt":"2024-10-23T13:41:44","slug":"prestashop","status":"publish","type":"page","link":"https:\/\/elfsight.com\/pl\/team-showcase-widget\/prestashop\/","title":{"rendered":"Team Showcase &#8211; PrestaShop"},"content":{"rendered":"<div class=\"application-platform-content-item-description application-platform-content-item\" id=\"description\" data-nav-section=\"description\"> <h2>Opis<\/h2> <p>Team Showcase stanie si\u0119 najwygodniejszym narz\u0119dziem do wy\u015bwietlania cz\u0142onk\u00f3w Twojego zespo\u0142u na Twojej stronie internetowej. Nasz widget pomo\u017ce opublikowa\u0107 zdj\u0119cia i role ka\u017cdego rodzaju zespo\u0142u: partner\u00f3w biznesowych, cz\u0142onk\u00f3w klub\u00f3w sportowych, kadry nauczycielskiej, struktury firmy i nie tylko. Zaprezentuj zdj\u0119cie, dodaj dane kontaktowe i imponuj\u0105c\u0105 wiadomo\u015b\u0107 o ka\u017cdym cz\u0142onku zespo\u0142u. Odwiedzaj\u0105cy b\u0119d\u0105 mogli natychmiast i p\u0142ynnie skontaktowa\u0107 si\u0119 z ka\u017cdym z nich za pomoc\u0105 aktywnych link\u00f3w i ikon spo\u0142eczno\u015bciowych. Mo\u017cesz tworzy\u0107 kategorie i pokazywa\u0107 format swojej firmy, wybiera\u0107 uk\u0142ady, kolory i inne cechy. Zwi\u0119ksz zaufanie do swojej firmy, eksponuj\u0105c jej ludzki wizerunek! <\/p><p><b>Dodaj Prezentacj\u0119 Zespo\u0142u, aby osi\u0105gn\u0105\u0107 swoje cele biznesowe! <\/b><\/p> <\/div> <div class=\"application-platform-content-item-features application-platform-content-item\" id=\"features\" data-nav-section=\"features\"> <h2>Najcenniejsze funkcje widgetu zawieraj\u0105<\/h2> <ul><li>Wykorzystaj przyciski CTA, aby poprowadzi\u0107 swoich odbiorc\u00f3w do konwersji. <\/li><li>Zmodyfikuj czas prze\u0142\u0105czania slajd\u00f3w. <\/li><li>Wybieraj spo\u015br\u00f3d wielu wariant\u00f3w. <\/li><li>Umie\u015b\u0107 tekst w dowolnym miejscu strony za pomoc\u0105 pozycji zaawansowanej. <\/li><li>Dostosuj 5 opcji tre\u015bci. <\/li><\/ul><p><a href=\"#demo\">Mo\u017cesz sprawdzi\u0107, czy wid\u017cet jest dla Ciebie, wypr\u00f3bowuj\u0105c wersj\u0119 demonstracyjn\u0105<\/a><\/p> <\/div> <div class=\"application-platform-content-item- instalacja application-platform-content-item\" id=\" instalacja\" data-nav-section=\" instalacja\"> <h2>Jak doda\u0107 Team Showcase do mojej witryny PrestaShop? <\/h2> <p>Wystarczy post\u0119powa\u0107 zgodnie z poni\u017cszymi instrukcjami, aby osadzi\u0107 narz\u0119dzie. <\/p> <ol><li><b>Uruchom nasz darmowy konfigurator i zacznij tworzy\u0107 sw\u00f3j w\u0142asny widget. <\/b><br> Wybierz odpowiedni wygl\u0105d i cechy funkcjonalne narz\u0119dzia i zastosuj poprawki. <\/li> <li><b>Zdob\u0105d\u017a sw\u00f3j indywidualny kod pojawiaj\u0105cy si\u0119 w polu aplikacji Elfsight. <\/b><br> Po zako\u0144czeniu konfiguracji dodatku skopiuj indywidualny kod z wy\u015bwietlonego okna i zapisz go do dalszego wykorzystania. <\/li> <li><b>Rozpocznij stosowanie narz\u0119dzia na stronie internetowej PrestaShop. <\/b><br> Dodaj ostatnio skopiowany kod do swojej strony i zastosuj zmiany. <\/li> <li><b>Konfiguracja zosta\u0142a pomy\u015blnie przeprowadzona. <\/b><br> Przejd\u017a do swojej witryny, aby sprawdzi\u0107 dzia\u0142anie dodatku. <\/li><\/ol> <p>Je\u015bli masz pytania lub napotkasz pewne komplikacje, bez wahania skontaktuj si\u0119 z naszym zespo\u0142em wsparcia. Nasi konsultanci z przyjemno\u015bci\u0105 odpowiedz\u0105 na wszystkie pytania dotycz\u0105ce dodatku. <\/p> <div class=\"faq\" data-component=\"FAQ\"><div class=\"faq-item\">\r\n\t\t\t\t\t<div class=\"faq-item-question\">\r\n\t\t\t\t\t\t<h3 class=\"faq-item-question-text\">Czy istnieje spos\u00f3b na osadzenie Team Showcase na mojej stronie g\u0142\u00f3wnej PrestaShop bez kodowania?<\/h3>\r\n\r\n\t\t\t\t\t\t<div class=\"faq-item-question-icon\"><\/div>\r\n\t\t\t\t\t<\/div>\r\n\r\n\t\t\t\t\t<div class=\"faq-item-answer\">\r\n\t\t\t\t\t\t<div class=\"faq-item-answer-text\"> <p>Elfsight wprowadza rozwi\u0105zanie, kt\u00f3re umo\u017cliwia u\u017cytkownikom samodzielne utworzenie wtyczki Team Showcase, sprawd\u017a \u0142atwe przewodnik: Przejd\u017a do wersji demonstracyjnej online, aby utworzy\u0107 wtyczk\u0119 Team Showcase, kt\u00f3r\u0105 chcesz zobaczy\u0107 na swojej stronie PrestaShop. Wybierz jeden z naszych gotowych szablon\u00f3w i zmie\u0144 ustawienia Team Showcase, do\u0142\u0105cz swoj\u0105 tre\u015b\u0107, zmie\u0144 uk\u0142ad i kolory bez \u017cadnego kodowania. Zapisz Team Showcase i uzyskaj kod instalacyjny wid\u017cetu, kt\u00f3ry mo\u017cesz \u0142atwo wklei\u0107 na swojej stronie PrestaShop w ramach darmowego planu. Pracuj\u0105c w \u0142atwym w u\u017cyciu edytorze, ka\u017cdy u\u017cytkownik sieci mo\u017ce stworzy\u0107 Team Showcase online i bez wysi\u0142ku osadzi\u0107 go na dowolnej stronie PrestaShop. Aby uzyska\u0107 dost\u0119p do Edytora Elfsight, nie mo\u017cesz p\u0142aci\u0107 ani podawa\u0107 danych swojej karty. Je\u015bli na kt\u00f3rymkolwiek etapie napotkasz jakiekolwiek problemy, skontaktuj si\u0119 z naszym dzia\u0142em obs\u0142ugi klienta.<\/p> <\/div>\r\n\t\t\t\t\t<\/div>\r\n\t\t\t\t<\/div> <\/div><\/div>","protected":false},"excerpt":{"rendered":"","protected":false},"author":9,"featured_media":0,"parent":2366,"menu_order":0,"comment_status":"closed","ping_status":"closed","template":"templates\/template-application-platform.php","meta":{"publish_to_discourse":"","publish_post_category":"","wpdc_auto_publish_overridden":"","wpdc_topic_tags":"","wpdc_pin_topic":"","wpdc_pin_until":"","discourse_post_id":"","discourse_permalink":"","wpdc_publishing_response":"","wpdc_publishing_error":"","footnotes":""},"class_list":["post-6733","page","type-page","status-publish","hentry"],"yoast_head":"<!-- This site is optimized with the Yoast SEO plugin v25.3.1 - https:\/\/yoast.com\/wordpress\/plugins\/seo\/ -->\n<title>Dodaj dodatek Team Showcase do strony PrestaShop (szybko i bezp\u0142atnie)<\/title>\n<meta name=\"description\" content=\"Zaprojektowanie dodatku Team Showcase i umieszczenie go na stronie PrestaShop jest ca\u0142kowicie proste. Obs\u0142uga klienta Elfsight jest bezp\u0142atna.\" \/>\n<meta name=\"robots\" content=\"index, follow, max-snippet:-1, max-image-preview:large, max-video-preview:-1\" \/>\n<link rel=\"canonical\" href=\"https:\/\/elfsight.com\/pl\/team-showcase-widget\/prestashop\/\" \/>\n<meta property=\"og:locale\" content=\"pl_PL\" \/>\n<meta property=\"og:type\" content=\"article\" \/>\n<meta property=\"og:title\" content=\"Dodaj dodatek Team Showcase do strony PrestaShop (szybko i bezp\u0142atnie)\" \/>\n<meta property=\"og:description\" content=\"Zaprojektowanie dodatku Team Showcase i umieszczenie go na stronie PrestaShop jest ca\u0142kowicie proste. Obs\u0142uga klienta Elfsight jest bezp\u0142atna.\" \/>\n<meta property=\"og:url\" content=\"https:\/\/elfsight.com\/pl\/team-showcase-widget\/prestashop\/\" \/>\n<meta property=\"og:site_name\" content=\"Elfsight PL\" \/>\n<meta property=\"article:modified_time\" content=\"2024-10-23T13:41:44+00:00\" \/>\n<meta name=\"twitter:card\" content=\"summary_large_image\" \/>\n<meta name=\"twitter:label1\" content=\"Szacowany czas czytania\" \/>\n\t<meta name=\"twitter:data1\" content=\"3 minuty\" \/>\n<!-- \/ Yoast SEO plugin. -->","yoast_head_json":{"title":"Dodaj dodatek Team Showcase do strony PrestaShop (szybko i bezp\u0142atnie)","description":"Zaprojektowanie dodatku Team Showcase i umieszczenie go na stronie PrestaShop jest ca\u0142kowicie proste. Obs\u0142uga klienta Elfsight jest bezp\u0142atna.","robots":{"index":"index","follow":"follow","max-snippet":"max-snippet:-1","max-image-preview":"max-image-preview:large","max-video-preview":"max-video-preview:-1"},"canonical":"https:\/\/elfsight.com\/pl\/team-showcase-widget\/prestashop\/","og_locale":"pl_PL","og_type":"article","og_title":"Dodaj dodatek Team Showcase do strony PrestaShop (szybko i bezp\u0142atnie)","og_description":"Zaprojektowanie dodatku Team Showcase i umieszczenie go na stronie PrestaShop jest ca\u0142kowicie proste. Obs\u0142uga klienta Elfsight jest bezp\u0142atna.","og_url":"https:\/\/elfsight.com\/pl\/team-showcase-widget\/prestashop\/","og_site_name":"Elfsight PL","article_modified_time":"2024-10-23T13:41:44+00:00","twitter_card":"summary_large_image","twitter_misc":{"Szacowany czas czytania":"3 minuty"},"schema":{"@context":"https:\/\/schema.org","@graph":[{"@type":"WebPage","@id":"https:\/\/elfsight.com\/pl\/team-showcase-widget\/prestashop\/","url":"https:\/\/elfsight.com\/pl\/team-showcase-widget\/prestashop\/","name":"Dodaj dodatek Team Showcase do strony PrestaShop (szybko i bezp\u0142atnie)","isPartOf":{"@id":"https:\/\/elfsight.com\/pl\/#website"},"datePublished":"1970-01-01T00:00:00+00:00","dateModified":"2024-10-23T13:41:44+00:00","description":"Zaprojektowanie dodatku Team Showcase i umieszczenie go na stronie PrestaShop jest ca\u0142kowicie proste. Obs\u0142uga klienta Elfsight jest bezp\u0142atna.","breadcrumb":{"@id":"https:\/\/elfsight.com\/pl\/team-showcase-widget\/prestashop\/#breadcrumb"},"inLanguage":"pl-PL","potentialAction":[{"@type":"ReadAction","target":["https:\/\/elfsight.com\/pl\/team-showcase-widget\/prestashop\/"]}]},{"@type":"BreadcrumbList","@id":"https:\/\/elfsight.com\/pl\/team-showcase-widget\/prestashop\/#breadcrumb","itemListElement":[{"@type":"ListItem","position":1,"name":"Home","item":"https:\/\/elfsight.com\/pl\/"},{"@type":"ListItem","position":2,"name":"Team Showcase","item":"https:\/\/elfsight.com\/pl\/team-showcase-widget\/"},{"@type":"ListItem","position":3,"name":"Team Showcase &#8211; PrestaShop"}]},{"@type":"WebSite","@id":"https:\/\/elfsight.com\/pl\/#website","url":"https:\/\/elfsight.com\/pl\/","name":"Elfsight PL","description":"Just another Elfsight Sites site","potentialAction":[{"@type":"SearchAction","target":{"@type":"EntryPoint","urlTemplate":"https:\/\/elfsight.com\/pl\/?s={search_term_string}"},"query-input":{"@type":"PropertyValueSpecification","valueRequired":true,"valueName":"search_term_string"}}],"inLanguage":"pl-PL"}]}},"meta_box":{"industry":"","seo_heading":"","heading":"","description":"","cta_heading":"","cta_description":"","application":"2365","h1":"Dodatek do prezentacji zespo\u0142u PrestaShop","h1_caption":"Przedstaw cz\u0142onk\u00f3w swojego zespo\u0142u w profesjonalny i atrakcyjny wizualnie spos\u00f3b, bez wysi\u0142ku buduj\u0105c zaufanie i wi\u0119\u017a z odbiorcami na swojej stronie Prestashop.","application_category":[],"applications_title":"","applications_request_title":"","applications_request_button_text":"","hero_text":"","hero_video":"","hero_video_schema_markup":"","selling_points_title":"","selling_points_caption":"","selling_points":[],"selling_points_cta_text":"","features_title":"","features":"","ed_cta_examples_text":"","ed_cta_examples_hidden":"","ed_cta_demo_text":"","ed_cta_demo_hidden":"","why_caption":"","why_editor_title":"","why_editor_text":"","why_team_title":"","why_team_text":"","why_service_title":"","why_service_text":"","template_catalog_visible":"","template_catalog_title":"","template_catalog_text":"","template_catalog_categories_visible":"","demo_title":"Prezentacja zespo\u0142u Shape za darmo!","demo_caption":"Mo\u017cesz dostosowa\u0107 ustawienia w wersji demonstracyjnej, aby stworzy\u0107 w\u0142asny widget i wy\u015bwietli\u0107 go na swojej stronie.","default_faq_hidden":"","app_template_category":[],"platform":"586","template_public_id":"","codecanyon_url":"","codecanyon_item_id":"","codecanyon_price":"","pricing_caption":"","pricing_elfsight_apps_hide_column":"","pricing_elfsight_apps_url":"","pricing_codecanyon_price_caption":"","integration_category":[],"integration_request_title":"","integration_request_cta":"","integration_platform":"","integrations":[],"platform_category":[],"video_schema_markup":"","price":"od 0 USD \/ miesi\u0105c","trial":"","benefits":[{"text":"Bezp\u0142atna us\u0142uga monta\u017cu"},{"text":"Do\u015bwiadczona obs\u0142uga klienta"},{"text":"14-dniowa gwarancja zwrotu pieni\u0119dzy"}],"button_url":"#demo","button_target_blank":"","button_nofollow":"","attributes":[{"name":"Instaluje"},{"name":"Czu\u0142y"},{"name":"Kompatybilne przegl\u0105darki"}],"tags":[],"tags_disable_links":"","hide_more_platforms":"","video_object":"","demo_hide_cta":"","demo_hide_cloud_options":"","pricing_title":"","pricing":[{"pricing_icon":"platform","pricing_title":"Elfsight Apps","pricing_title_caption":"Rozwi\u0105zanie wieloplatformowe","pricing_price":"od 0 USD \/ miesi\u0105c","pricing_price_caption":"zacznij od bezp\u0142atnego planu","pricing_benefits":[{"text":"Nielimitowane domeny"},{"text":"Szybka obs\u0142uga klienta"},{"text":"Bezp\u0142atna us\u0142uga monta\u017cu"},{"text":"W pe\u0142ni konfigurowalny"}],"pricing_button_text":"Dodaj do witryny","pricing_button_url":"#demo"}],"related_apps_title":"","related_apps_hidden":"","author":"","image":[],"title":"","job":"","social_networks":[]},"_links":{"self":[{"href":"https:\/\/elfsight.com\/pl\/wp-json\/wp\/v2\/pages\/6733","targetHints":{"allow":["GET"]}}],"collection":[{"href":"https:\/\/elfsight.com\/pl\/wp-json\/wp\/v2\/pages"}],"about":[{"href":"https:\/\/elfsight.com\/pl\/wp-json\/wp\/v2\/types\/page"}],"author":[{"embeddable":true,"href":"https:\/\/elfsight.com\/pl\/wp-json\/wp\/v2\/users\/9"}],"replies":[{"embeddable":true,"href":"https:\/\/elfsight.com\/pl\/wp-json\/wp\/v2\/comments?post=6733"}],"version-history":[{"count":1,"href":"https:\/\/elfsight.com\/pl\/wp-json\/wp\/v2\/pages\/6733\/revisions"}],"predecessor-version":[{"id":6737,"href":"https:\/\/elfsight.com\/pl\/wp-json\/wp\/v2\/pages\/6733\/revisions\/6737"}],"up":[{"embeddable":true,"href":"https:\/\/elfsight.com\/pl\/wp-json\/wp\/v2\/pages\/2366"}],"wp:attachment":[{"href":"https:\/\/elfsight.com\/pl\/wp-json\/wp\/v2\/media?parent=6733"}],"curies":[{"name":"wp","href":"https:\/\/api.w.org\/{rel}","templated":true}]}}