{"id":6728,"date":"1970-01-01T00:00:00","date_gmt":"1970-01-01T00:00:00","guid":{"rendered":"https:\/\/elfsight.com\/pl\/?page_id=6728"},"modified":"2024-10-23T13:42:01","modified_gmt":"2024-10-23T13:42:01","slug":"jimdo","status":"publish","type":"page","link":"https:\/\/elfsight.com\/pl\/team-showcase-widget\/jimdo\/","title":{"rendered":"Team Showcase &#8211; Jimdo"},"content":{"rendered":"<div class=\"application-platform-content-item-description application-platform-content-item\" id=\"description\" data-nav-section=\"description\"><h2>Opis<\/h2> <p>Ten wid\u017cet stanie si\u0119 naj\u0142atwiejszym w obs\u0142udze sposobem prezentowania Twojego zespo\u0142u w Twojej witrynie. Nasz widget pomo\u017ce zaprezentowa\u0107 zdj\u0119cia i role ka\u017cdego rodzaju zespo\u0142u: partner\u00f3w biznesowych, cz\u0142onk\u00f3w dru\u017cyn sportowych, kadry pedagogicznej, pracownik\u00f3w firm i wszelkich innych. Poka\u017c zdj\u0119cie, dodaj dane kontaktowe i imponuj\u0105cy tekst o ka\u017cdej osobie. U\u017cytkownicy b\u0119d\u0105 mogli za chwil\u0119 skontaktowa\u0107 si\u0119 z nimi poprzez aktywne linki lub ikony medi\u00f3w spo\u0142eczno\u015bciowych. Mo\u017cesz dowolnie ustala\u0107 kategorie i pokazywa\u0107 struktur\u0119 swojego zespo\u0142u, wybiera\u0107 uk\u0142ad, kolory i nie tylko. Zwi\u0119ksz wiarygodno\u015b\u0107 swojego biznesu, pokazuj\u0105c jego ludzk\u0105 twarz! <\/p> <p><b>Zwi\u0119ksz skuteczno\u015b\u0107 swojej witryny pod k\u0105tem cel\u00f3w e-commerce dzi\u0119ki Team Showcase.<\/b><\/p> <\/div> <div class=\"application-platform-content-item-features application-platform-content-item\" id=\"features\" data-nav-section=\"features\"> <h2>Kluczowy widget funkcje obejmuj\u0105<\/h2> <ul><li>Poka\u017c ka\u017cdemu cz\u0142onkowi zespo\u0142u dane kontaktowe, szczeg\u00f3\u0142owy tekst, stanowisko i zdj\u0119cie<\/li><li>Opcja dodawania nieograniczonej liczby cz\u0142onk\u00f3w zespo\u0142u<\/li><li>Klikalne ikony medi\u00f3w spo\u0142eczno\u015bciowych, aby przej\u015b\u0107 do profilu danej osoby<\/li><li>Klikalny adres e-mail i link do strony internetowej<\/li><li>Adres lokalizacji otwiera si\u0119 w Mapach Google po klikni\u0119ciu<\/li><li>Wyskakuj\u0105ce okienko otwiera si\u0119 po klikni\u0119ciu z pe\u0142nym szczeg\u00f3\u0142owe informacje o osobie<\/li><li>Mo\u017cliwo\u015b\u0107 dodania oferty dla ka\u017cdej osoby za pomoc\u0105 pola tekstowego z opcjami formatowania<\/li><li>Przes\u0142anie zdj\u0119cia we wszystkich popularnych formatach<\/li><\/ul><p><a href=\"#demo\">Wystarczy sprawdzi\u0107 t\u0119 wersj\u0119 demonstracyjn\u0105, aby zrozumie\u0107 funkcjonalno\u015b\u0107 wid\u017cetu<\/a><\/p> <\/div> <div class=\"application-platform-content-item-installation application-platform-content-item\" id=\"installation\" data-nav-section=\"installation\"> <h2>Jak mog\u0119 osadzi\u0107 Team Showcase na mojej stronie internetowej Jimdo? <\/h2> <p>Wystarczy wykona\u0107 poni\u017csze kroki, aby aktywowa\u0107 wid\u017cet. <\/p> <ol><li><b>Otw\u00f3rz nasz darmowy edytor i zacznij tworzy\u0107 sw\u00f3j spersonalizowany widget. <\/b><br> Okre\u015bl niestandardowy wygl\u0105d i parametry wid\u017cetu i zapisz zmiany. <\/li> <li><b>Skopiuj sw\u00f3j unikalny kod widoczny w polu aplikacji Elfsight. <\/b><br> Zaraz po zako\u0144czeniu generowania Twojego osobistego widgetu skopiuj ekskluzywny kod w oknie i zapisz go na dalsze potrzeby. <\/li> <li><b>Rozpocznij korzystanie z narz\u0119dzia na swojej stronie internetowej Jimdo. <\/b><br> Wstaw skopiowany ostatnio kod na swoj\u0105 stron\u0119 internetow\u0105 i zapisz ulepszenia. <\/li> <li><b>Konfiguracja zosta\u0142a w pe\u0142ni przeprowadzona. <\/b><br> Odwied\u017a swoj\u0105 witryn\u0119, aby sprawdzi\u0107 dzia\u0142anie wid\u017cetu. <\/li><\/ol> <p>Je\u015bli masz pytania lub napotkasz jakiekolwiek przeszkody, bez wahania skontaktuj si\u0119 z naszym dzia\u0142em obs\u0142ugi klienta. Nasi konsultanci ch\u0119tnie pomog\u0105 Ci we wszystkich pytaniach zwi\u0105zanych z widgetem. <\/p> <div class=\"faq\" data-component=\"FAQ\"><div class=\"faq-item\">\r\n\t\t\t\t\t<div class=\"faq-item-question\">\r\n\t\t\t\t\t\t<h3 class=\"faq-item-question-text\">W jaki spos\u00f3b mog\u0119 doda\u0107 Team Showcase do mojej strony internetowej Jimdo bez umiej\u0119tno\u015bci kodowania?<\/h3>\r\n\r\n\t\t\t\t\t\t<div class=\"faq-item-question-icon\"><\/div>\r\n\t\t\t\t\t<\/div>\r\n\r\n\t\t\t\t\t<div class=\"faq-item-answer\">\r\n\t\t\t\t\t\t<div class=\"faq-item-answer-text\"> <p>Firma Elfsight zapewnia rozwi\u0105zanie SaaS, kt\u00f3re pozwala ludziom samodzielnie utworzy\u0107 aplikacj\u0119 Team Showcase, sprawd\u017a, jak \u0142atwy jest ten proces: Pracuj w edytorze online, aby utworzy\u0107 sekcj\u0119 Team Showcase, kt\u00f3r\u0105 chcesz zintegrowa\u0107 ze stron\u0105 g\u0142\u00f3wn\u0105 Jimdo. Kliknij jeden z naszych gotowych szablon\u00f3w i zmodyfikuj ustawienia Team Showcase, do\u0142\u0105cz swoj\u0105 tre\u015b\u0107, zmie\u0144 uk\u0142ad i kolory bez \u017cadnego do\u015bwiadczenia w kodowaniu. Kliknij, aby zapisa\u0107 Team Showcase i uzyska\u0107 jego kod do instalacji, kt\u00f3ry mo\u017cesz \u0142atwo doda\u0107 do dowolnej strony internetowej Jimdo, bez konieczno\u015bci kupowania p\u0142atnego planu. Za pomoc\u0105 przyjaznego dla u\u017cytkownika konfiguratora ka\u017cdy u\u017cytkownik sieci mo\u017ce stworzy\u0107 aplikacj\u0119 Team Showcase online i \u0142atwo doda\u0107 j\u0105 do strony internetowej Jimdo. Aby uzyska\u0107 dost\u0119p do naszego edytora, nie jest wymagana p\u0142atno\u015b\u0107 ani podanie danych uwierzytelniaj\u0105cych karty. Je\u015bli na kt\u00f3rymkolwiek etapie napotkasz jakiekolwiek problemy, nie wahaj si\u0119 skontaktowa\u0107 z naszym dzia\u0142em obs\u0142ugi klienta.<\/p> <\/div>\r\n\t\t\t\t\t<\/div>\r\n\t\t\t\t<\/div> <\/div><\/div>","protected":false},"excerpt":{"rendered":"","protected":false},"author":9,"featured_media":0,"parent":2366,"menu_order":0,"comment_status":"closed","ping_status":"closed","template":"templates\/template-application-platform.php","meta":{"publish_to_discourse":"","publish_post_category":"","wpdc_auto_publish_overridden":"","wpdc_topic_tags":"","wpdc_pin_topic":"","wpdc_pin_until":"","discourse_post_id":"","discourse_permalink":"","wpdc_publishing_response":"","wpdc_publishing_error":"","footnotes":""},"class_list":["post-6728","page","type-page","status-publish","hentry"],"yoast_head":"<!-- This site is optimized with the Yoast SEO plugin v25.3.1 - https:\/\/yoast.com\/wordpress\/plugins\/seo\/ -->\n<title>Dodaj wid\u017cet Team Showcase do strony Jimdo (szybko i bezp\u0142atnie)<\/title>\n<meta name=\"description\" content=\"Zaprojektowanie wid\u017cetu Team Showcase i umieszczenie go na stronie internetowej Jimdo jest ca\u0142kowicie proste. Obs\u0142uga klienta Elfsight jest bezp\u0142atna.\" \/>\n<meta name=\"robots\" content=\"index, follow, max-snippet:-1, max-image-preview:large, max-video-preview:-1\" \/>\n<link rel=\"canonical\" href=\"https:\/\/elfsight.com\/pl\/team-showcase-widget\/jimdo\/\" \/>\n<meta property=\"og:locale\" content=\"pl_PL\" \/>\n<meta property=\"og:type\" content=\"article\" \/>\n<meta property=\"og:title\" content=\"Dodaj wid\u017cet Team Showcase do strony Jimdo (szybko i bezp\u0142atnie)\" \/>\n<meta property=\"og:description\" content=\"Zaprojektowanie wid\u017cetu Team Showcase i umieszczenie go na stronie internetowej Jimdo jest ca\u0142kowicie proste. Obs\u0142uga klienta Elfsight jest bezp\u0142atna.\" \/>\n<meta property=\"og:url\" content=\"https:\/\/elfsight.com\/pl\/team-showcase-widget\/jimdo\/\" \/>\n<meta property=\"og:site_name\" content=\"Elfsight PL\" \/>\n<meta property=\"article:modified_time\" content=\"2024-10-23T13:42:01+00:00\" \/>\n<meta name=\"twitter:card\" content=\"summary_large_image\" \/>\n<meta name=\"twitter:label1\" content=\"Szacowany czas czytania\" \/>\n\t<meta name=\"twitter:data1\" content=\"3 minuty\" \/>\n<!-- \/ Yoast SEO plugin. -->","yoast_head_json":{"title":"Dodaj wid\u017cet Team Showcase do strony Jimdo (szybko i bezp\u0142atnie)","description":"Zaprojektowanie wid\u017cetu Team Showcase i umieszczenie go na stronie internetowej Jimdo jest ca\u0142kowicie proste. Obs\u0142uga klienta Elfsight jest bezp\u0142atna.","robots":{"index":"index","follow":"follow","max-snippet":"max-snippet:-1","max-image-preview":"max-image-preview:large","max-video-preview":"max-video-preview:-1"},"canonical":"https:\/\/elfsight.com\/pl\/team-showcase-widget\/jimdo\/","og_locale":"pl_PL","og_type":"article","og_title":"Dodaj wid\u017cet Team Showcase do strony Jimdo (szybko i bezp\u0142atnie)","og_description":"Zaprojektowanie wid\u017cetu Team Showcase i umieszczenie go na stronie internetowej Jimdo jest ca\u0142kowicie proste. Obs\u0142uga klienta Elfsight jest bezp\u0142atna.","og_url":"https:\/\/elfsight.com\/pl\/team-showcase-widget\/jimdo\/","og_site_name":"Elfsight PL","article_modified_time":"2024-10-23T13:42:01+00:00","twitter_card":"summary_large_image","twitter_misc":{"Szacowany czas czytania":"3 minuty"},"schema":{"@context":"https:\/\/schema.org","@graph":[{"@type":"WebPage","@id":"https:\/\/elfsight.com\/pl\/team-showcase-widget\/jimdo\/","url":"https:\/\/elfsight.com\/pl\/team-showcase-widget\/jimdo\/","name":"Dodaj wid\u017cet Team Showcase do strony Jimdo (szybko i bezp\u0142atnie)","isPartOf":{"@id":"https:\/\/elfsight.com\/pl\/#website"},"datePublished":"1970-01-01T00:00:00+00:00","dateModified":"2024-10-23T13:42:01+00:00","description":"Zaprojektowanie wid\u017cetu Team Showcase i umieszczenie go na stronie internetowej Jimdo jest ca\u0142kowicie proste. Obs\u0142uga klienta Elfsight jest bezp\u0142atna.","breadcrumb":{"@id":"https:\/\/elfsight.com\/pl\/team-showcase-widget\/jimdo\/#breadcrumb"},"inLanguage":"pl-PL","potentialAction":[{"@type":"ReadAction","target":["https:\/\/elfsight.com\/pl\/team-showcase-widget\/jimdo\/"]}]},{"@type":"BreadcrumbList","@id":"https:\/\/elfsight.com\/pl\/team-showcase-widget\/jimdo\/#breadcrumb","itemListElement":[{"@type":"ListItem","position":1,"name":"Home","item":"https:\/\/elfsight.com\/pl\/"},{"@type":"ListItem","position":2,"name":"Team Showcase","item":"https:\/\/elfsight.com\/pl\/team-showcase-widget\/"},{"@type":"ListItem","position":3,"name":"Team Showcase &#8211; Jimdo"}]},{"@type":"WebSite","@id":"https:\/\/elfsight.com\/pl\/#website","url":"https:\/\/elfsight.com\/pl\/","name":"Elfsight PL","description":"Just another Elfsight Sites site","potentialAction":[{"@type":"SearchAction","target":{"@type":"EntryPoint","urlTemplate":"https:\/\/elfsight.com\/pl\/?s={search_term_string}"},"query-input":{"@type":"PropertyValueSpecification","valueRequired":true,"valueName":"search_term_string"}}],"inLanguage":"pl-PL"}]}},"meta_box":{"industry":"","seo_heading":"","heading":"","description":"","cta_heading":"","cta_description":"","application":"2365","h1":"Widget prezentacji zespo\u0142u Jimdo","h1_caption":"Przedstaw cz\u0142onk\u00f3w swojego zespo\u0142u w profesjonalny i atrakcyjny wizualnie spos\u00f3b, bez wysi\u0142ku buduj\u0105c zaufanie i wi\u0119\u017a z odbiorcami na swojej stronie internetowej Jimdo.","application_category":[],"applications_title":"","applications_request_title":"","applications_request_button_text":"","hero_text":"","hero_video":"","hero_video_schema_markup":"","selling_points_title":"","selling_points_caption":"","selling_points":[],"selling_points_cta_text":"","features_title":"","features":"","ed_cta_examples_text":"","ed_cta_examples_hidden":"","ed_cta_demo_text":"","ed_cta_demo_hidden":"","why_caption":"","why_editor_title":"","why_editor_text":"","why_team_title":"","why_team_text":"","why_service_title":"","why_service_text":"","template_catalog_visible":"","template_catalog_title":"","template_catalog_text":"","template_catalog_categories_visible":"","demo_title":"Zach\u0119camy do stworzenia szytej na miar\u0119 prezentacji zespo\u0142u Jimdo!","demo_caption":"Spersonalizuj widget i dodaj go do swojej witryny z aktywnego demo.","default_faq_hidden":"","app_template_category":[],"platform":"193","template_public_id":"","codecanyon_url":"","codecanyon_item_id":"","codecanyon_price":"","pricing_caption":"","pricing_elfsight_apps_hide_column":"","pricing_elfsight_apps_url":"","pricing_codecanyon_price_caption":"","integration_category":[],"integration_request_title":"","integration_request_cta":"","integration_platform":"","integrations":[],"platform_category":[],"video_schema_markup":"","price":"od 0 USD \/ miesi\u0105c","trial":"","benefits":[{"text":"Bezp\u0142atna pomoc w instalacji"},{"text":"Wyj\u0105tkowe wsparcie"},{"text":"14-dniowa gwarancja zwrotu pieni\u0119dzy"}],"button_url":"#demo","button_target_blank":"","button_nofollow":"","attributes":[{"name":"Instaluje"},{"name":"Czu\u0142y"},{"name":"Kompatybilne przegl\u0105darki"}],"tags":[],"tags_disable_links":"","hide_more_platforms":"","video_object":"","demo_hide_cta":"","demo_hide_cloud_options":"","pricing_title":"","pricing":[{"pricing_icon":"platform","pricing_title":"Elfsight Apps","pricing_title_caption":"Rozwi\u0105zanie niezale\u017cne od platformy","pricing_price":"od 0 USD \/ miesi\u0105c","pricing_price_caption":"zacznij od bezp\u0142atnego planu","pricing_benefits":[{"text":"Nielimitowane strony internetowe"},{"text":"Bezp\u0142atne wsparcie"},{"text":"Bezp\u0142atna us\u0142uga monta\u017cu"},{"text":"Ca\u0142kowicie konfigurowalny"}],"pricing_button_text":"Dodaj do witryny","pricing_button_url":"#demo"}],"related_apps_title":"","related_apps_hidden":"","author":"","image":[],"title":"","job":"","social_networks":[]},"_links":{"self":[{"href":"https:\/\/elfsight.com\/pl\/wp-json\/wp\/v2\/pages\/6728","targetHints":{"allow":["GET"]}}],"collection":[{"href":"https:\/\/elfsight.com\/pl\/wp-json\/wp\/v2\/pages"}],"about":[{"href":"https:\/\/elfsight.com\/pl\/wp-json\/wp\/v2\/types\/page"}],"author":[{"embeddable":true,"href":"https:\/\/elfsight.com\/pl\/wp-json\/wp\/v2\/users\/9"}],"replies":[{"embeddable":true,"href":"https:\/\/elfsight.com\/pl\/wp-json\/wp\/v2\/comments?post=6728"}],"version-history":[{"count":1,"href":"https:\/\/elfsight.com\/pl\/wp-json\/wp\/v2\/pages\/6728\/revisions"}],"predecessor-version":[{"id":6732,"href":"https:\/\/elfsight.com\/pl\/wp-json\/wp\/v2\/pages\/6728\/revisions\/6732"}],"up":[{"embeddable":true,"href":"https:\/\/elfsight.com\/pl\/wp-json\/wp\/v2\/pages\/2366"}],"wp:attachment":[{"href":"https:\/\/elfsight.com\/pl\/wp-json\/wp\/v2\/media?parent=6728"}],"curies":[{"name":"wp","href":"https:\/\/api.w.org\/{rel}","templated":true}]}}