{"id":6726,"date":"1970-01-01T00:00:00","date_gmt":"1970-01-01T00:00:00","guid":{"rendered":"https:\/\/elfsight.com\/pl\/?page_id=6726"},"modified":"2024-11-14T08:48:32","modified_gmt":"2024-11-14T08:48:32","slug":"bigcommerce","status":"publish","type":"page","link":"https:\/\/elfsight.com\/pl\/subscription-form-widget\/bigcommerce\/","title":{"rendered":"Subscription Form &#8211; BigCommerce"},"content":{"rendered":"<div class=\"application-platform-content-item-description application-platform-content-item\" id=\"description\" data-nav-section=\"description\"> <h2>Opis<\/h2> <p>Formularz subskrypcji BigCommerce to przydatna aplikacja umo\u017cliwiaj\u0105ca zbieranie e-maili. Nasze narz\u0119dzie daje Ci mo\u017cliwo\u015b\u0107 nie tylko zbudowania listy e-mailowej, ale zrobienia tego efektywnie &#8211; mo\u017cesz do sekcji nag\u0142\u00f3wka doda\u0107 informacyjny podpis, poprosi\u0107 o imi\u0119, nazwisko, adres e-mail lub upro\u015bci\u0107 i zachowa\u0107 tylko tam pole e-mail i do\u0142\u0105cz do niego etykiet\u0119 obja\u015bniaj\u0105c\u0105 oraz element zast\u0119pczy. Masz tak\u017ce mo\u017cliwo\u015b\u0107 po\u0142\u0105czenia aplikacji Formularz subskrypcji z us\u0142ug\u0105 Mailchimp. Za pomoc\u0105 jednego z 4 oferowanych gotowych uk\u0142ad\u00f3w stworzysz aplikacj\u0119, kt\u00f3ra b\u0119dzie dzia\u0142a\u0107 w\u0142a\u015bnie dla Ciebie. <\/p> <p><b>Wy\u015bwietl formularz subskrypcji docelowym odbiorcom na odpowiednich stronach swojej witryny i zabezpiecz ich przed odrzuceniem! <\/b><\/p> <\/div> <div class=\"application-platform-content-item-features application-platform-content-item\" id=\"features\" data-nav-section=\"features\"> <h2>Znajd\u017a poni\u017cej podstawowe cechy wid\u017cetu: <\/h2> <ul><li>Do\u0142\u0105cz sekcj\u0119 nag\u0142\u00f3wka z podpisem informacyjnym. <\/li><li>Po\u0142\u0105cz sw\u00f3j formularz z us\u0142ug\u0105 Mailchimp<\/li><li>Pobierz swoj\u0105 list\u0119 e-mailow\u0105 w formacie CSV. <\/li><li>Personalizowane pola formularzy. <\/li><li>4 szablony uk\u0142ad\u00f3w do wyboru: okienko, wyskakuj\u0105ce okienko, boczne, osadzone. <\/li><\/ul><p><a href=\"#demo\">Wypr\u00f3buj wszystkie funkcje personalizacji w pe\u0142nej wersji demonstracyjnej<\/a><\/p> <\/div> <div class=\"application-platform-content-item-installation application-platform-content-item\" id=\"installation\" data-nav-section=\"installation\"> <h2>Jak doda\u0107 formularz subskrypcji do mojej witryny BigCommerce? <\/h2> <p>Wystarczy post\u0119powa\u0107 zgodnie z poni\u017cszymi instrukcjami, aby rozpocz\u0105\u0107 korzystanie z narz\u0119dzia. <\/p> <ol><li><b>Zarz\u0105dzaj nasz\u0105 bezp\u0142atn\u0105 wersj\u0105 demonstracyjn\u0105 i zacznij tworzy\u0107 spersonalizowan\u0105 aplikacj\u0119. <\/b><br> Znajd\u017a niestandardowy interfejs i parametry aplikacji i zastosuj zmiany. <\/li> <li><b>Skopiuj sw\u00f3j indywidualny kod, kt\u00f3ry pojawi si\u0119 w polu aplikacji Elfsight. <\/b><br> Po zako\u0144czeniu tworzenia aplikacji osobistej skopiuj indywidualny kod w wy\u015bwietlonym oknie i zachowaj go do dalszego wykorzystania. <\/li> <li><b>Rozpocznij korzystanie z narz\u0119dzia w swojej witrynie BigCommerce. <\/b><br> Zaimplementuj zapisany ostatnio kod w swojej witrynie i zapisz ulepszenia. <\/li> <li><b>Instalacja zosta\u0142a w pe\u0142ni przeprowadzona. <\/b><br> Odwied\u017a swoj\u0105 stron\u0119, aby sprawdzi\u0107 dzia\u0142anie aplikacji. <\/li><\/ol> <p>Je\u015bli masz do czynienia z zapytaniami lub napotykasz trudno\u015bci, nie wahaj si\u0119 zwr\u00f3ci\u0107 do naszego zespo\u0142u obs\u0142ugi klienta. Nasi specjali\u015bci ch\u0119tnie pomog\u0105 Ci we wszystkich problemach, jakie mo\u017cesz mie\u0107 z wtyczk\u0105. <\/p> <div class=\"faq\" data-component=\"FAQ\"> <div class=\"faq-item\">\r\n\t\t\t\t\t<div class=\"faq-item-question\">\r\n\t\t\t\t\t\t<h3 class=\"faq-item-question-text\">Jak mog\u0119 doda\u0107 Kreatora formularzy do mojej witryny BigCommerce bez umiej\u0119tno\u015bci kodowania?<\/h3>\r\n\r\n\t\t\t\t\t\t<div class=\"faq-item-question-icon\"><\/div>\r\n\t\t\t\t\t<\/div>\r\n\r\n\t\t\t\t\t<div class=\"faq-item-answer\">\r\n\t\t\t\t\t\t<div class=\"faq-item-answer-text\"> <p>Elfsight zapewnia rozwi\u0105zanie SaaS, kt\u00f3re pozwala Ci samodzielnie utworzy\u0107 wid\u017cet Konstruktora formularzy, zobacz, jak \u0142atwo to zrobi\u0107 proces jest nast\u0119puj\u0105cy: Pracuj bezpo\u015brednio w edytorze online, aby utworzy\u0107 wid\u017cet Kreatora formularzy, kt\u00f3ry chcia\u0142by\u015b zobaczy\u0107 na swojej stronie BigCommerce. Wybierz jeden z gotowych szablon\u00f3w i dostosuj ustawienia Kreatora formularzy, dodaj tre\u015b\u0107, zmie\u0144 uk\u0142ad i kolory bez umiej\u0119tno\u015bci kodowania. Zapisz Kreator formularzy i skopiuj jego kod instalacyjny, kt\u00f3ry mo\u017cesz \u0142atwo wklei\u0107 na swojej stronie BigCommerce bez kupowania p\u0142atnego planu. Dzi\u0119ki naszemu intuicyjnemu edytorowi ka\u017cdy u\u017cytkownik Internetu mo\u017ce stworzy\u0107 widget Form Builder online i \u0142atwo osadzi\u0107 go na swojej stronie BigCommerce. Aby uzyska\u0107 dost\u0119p do us\u0142ugi, nie trzeba p\u0142aci\u0107 ani wprowadza\u0107 danych uwierzytelniaj\u0105cych karty. Je\u015bli na kt\u00f3rymkolwiek etapie napotkasz jakiekolwiek problemy, skontaktuj si\u0119 z naszym zespo\u0142em pomocy technicznej.<\/p> <\/div>\r\n\t\t\t\t\t<\/div>\r\n\t\t\t\t<\/div> <div class=\"faq-item\">\r\n\t\t\t\t\t<div class=\"faq-item-question\">\r\n\t\t\t\t\t\t<h3 class=\"faq-item-question-text\">Czy udost\u0119pniasz szablony formularzy subskrypcji dla witryny BigCommerce?<\/h3>\r\n\r\n\t\t\t\t\t\t<div class=\"faq-item-question-icon\"><\/div>\r\n\t\t\t\t\t<\/div>\r\n\r\n\t\t\t\t\t<div class=\"faq-item-answer\">\r\n\t\t\t\t\t\t<div class=\"faq-item-answer-text\"><p>Tak, do wyboru jest ponad 300 gotowych szablon\u00f3w. Wypr\u00f3buj <a href=\"https:\/\/elfsight.com\/online-form-builder\/templates\/subscription-forms\/\">szablony formularzy subskrypcji<\/a> i powiedz nam, kt\u00f3ry najbardziej Ci si\u0119 podoba.<\/p><\/div>\r\n\t\t\t\t\t<\/div>\r\n\t\t\t\t<\/div><\/div> <\/div>","protected":false},"excerpt":{"rendered":"","protected":false},"author":9,"featured_media":0,"parent":3383,"menu_order":0,"comment_status":"closed","ping_status":"closed","template":"templates\/template-application-platform.php","meta":{"publish_to_discourse":"","publish_post_category":"","wpdc_auto_publish_overridden":"","wpdc_topic_tags":"","wpdc_pin_topic":"","wpdc_pin_until":"","discourse_post_id":"","discourse_permalink":"","wpdc_publishing_response":"","wpdc_publishing_error":"","footnotes":""},"class_list":["post-6726","page","type-page","status-publish","hentry"],"yoast_head":"<!-- This site is optimized with the Yoast SEO plugin v25.3.1 - https:\/\/yoast.com\/wordpress\/plugins\/seo\/ -->\n<title>Dodaj wid\u017cet Formularz subskrypcji do witryny BigCommerce (szybko i bezp\u0142atnie)<\/title>\n<meta name=\"description\" content=\"Dodaj wid\u017cet Formularz subskrypcji BigCommerce do swojej witryny. Zaprojektuj wszystkie pola, wybierz jeden z 4 gotowych szablon\u00f3w uk\u0142ad\u00f3w i nie tylko.\" \/>\n<meta name=\"robots\" content=\"index, follow, max-snippet:-1, max-image-preview:large, max-video-preview:-1\" \/>\n<link rel=\"canonical\" href=\"https:\/\/elfsight.com\/pl\/subscription-form-widget\/bigcommerce\/\" \/>\n<meta property=\"og:locale\" content=\"pl_PL\" \/>\n<meta property=\"og:type\" content=\"article\" \/>\n<meta property=\"og:title\" content=\"Dodaj wid\u017cet Formularz subskrypcji do witryny BigCommerce (szybko i bezp\u0142atnie)\" \/>\n<meta property=\"og:description\" content=\"Dodaj wid\u017cet Formularz subskrypcji BigCommerce do swojej witryny. Zaprojektuj wszystkie pola, wybierz jeden z 4 gotowych szablon\u00f3w uk\u0142ad\u00f3w i nie tylko.\" \/>\n<meta property=\"og:url\" content=\"https:\/\/elfsight.com\/pl\/subscription-form-widget\/bigcommerce\/\" \/>\n<meta property=\"og:site_name\" content=\"Elfsight PL\" \/>\n<meta property=\"article:modified_time\" content=\"2024-11-14T08:48:32+00:00\" \/>\n<meta name=\"twitter:card\" content=\"summary_large_image\" \/>\n<meta name=\"twitter:label1\" content=\"Szacowany czas czytania\" \/>\n\t<meta name=\"twitter:data1\" content=\"3 minuty\" \/>\n<!-- \/ Yoast SEO plugin. -->","yoast_head_json":{"title":"Dodaj wid\u017cet Formularz subskrypcji do witryny BigCommerce (szybko i bezp\u0142atnie)","description":"Dodaj wid\u017cet Formularz subskrypcji BigCommerce do swojej witryny. Zaprojektuj wszystkie pola, wybierz jeden z 4 gotowych szablon\u00f3w uk\u0142ad\u00f3w i nie tylko.","robots":{"index":"index","follow":"follow","max-snippet":"max-snippet:-1","max-image-preview":"max-image-preview:large","max-video-preview":"max-video-preview:-1"},"canonical":"https:\/\/elfsight.com\/pl\/subscription-form-widget\/bigcommerce\/","og_locale":"pl_PL","og_type":"article","og_title":"Dodaj wid\u017cet Formularz subskrypcji do witryny BigCommerce (szybko i bezp\u0142atnie)","og_description":"Dodaj wid\u017cet Formularz subskrypcji BigCommerce do swojej witryny. Zaprojektuj wszystkie pola, wybierz jeden z 4 gotowych szablon\u00f3w uk\u0142ad\u00f3w i nie tylko.","og_url":"https:\/\/elfsight.com\/pl\/subscription-form-widget\/bigcommerce\/","og_site_name":"Elfsight PL","article_modified_time":"2024-11-14T08:48:32+00:00","twitter_card":"summary_large_image","twitter_misc":{"Szacowany czas czytania":"3 minuty"},"schema":{"@context":"https:\/\/schema.org","@graph":[{"@type":"WebPage","@id":"https:\/\/elfsight.com\/pl\/subscription-form-widget\/bigcommerce\/","url":"https:\/\/elfsight.com\/pl\/subscription-form-widget\/bigcommerce\/","name":"Dodaj wid\u017cet Formularz subskrypcji do witryny BigCommerce (szybko i bezp\u0142atnie)","isPartOf":{"@id":"https:\/\/elfsight.com\/pl\/#website"},"datePublished":"1970-01-01T00:00:00+00:00","dateModified":"2024-11-14T08:48:32+00:00","description":"Dodaj wid\u017cet Formularz subskrypcji BigCommerce do swojej witryny. Zaprojektuj wszystkie pola, wybierz jeden z 4 gotowych szablon\u00f3w uk\u0142ad\u00f3w i nie tylko.","breadcrumb":{"@id":"https:\/\/elfsight.com\/pl\/subscription-form-widget\/bigcommerce\/#breadcrumb"},"inLanguage":"pl-PL","potentialAction":[{"@type":"ReadAction","target":["https:\/\/elfsight.com\/pl\/subscription-form-widget\/bigcommerce\/"]}]},{"@type":"BreadcrumbList","@id":"https:\/\/elfsight.com\/pl\/subscription-form-widget\/bigcommerce\/#breadcrumb","itemListElement":[{"@type":"ListItem","position":1,"name":"Home","item":"https:\/\/elfsight.com\/pl\/"},{"@type":"ListItem","position":2,"name":"Subscription Form","item":"https:\/\/elfsight.com\/pl\/subscription-form-widget\/"},{"@type":"ListItem","position":3,"name":"Subscription Form &#8211; BigCommerce"}]},{"@type":"WebSite","@id":"https:\/\/elfsight.com\/pl\/#website","url":"https:\/\/elfsight.com\/pl\/","name":"Elfsight PL","description":"Just another Elfsight Sites site","potentialAction":[{"@type":"SearchAction","target":{"@type":"EntryPoint","urlTemplate":"https:\/\/elfsight.com\/pl\/?s={search_term_string}"},"query-input":{"@type":"PropertyValueSpecification","valueRequired":true,"valueName":"search_term_string"}}],"inLanguage":"pl-PL"}]}},"meta_box":{"industry":"","seo_heading":"","heading":"","description":"","cta_heading":"","cta_description":"","application":"3340","h1":"Aplikacja z formularzem subskrypcji BigCommerce","h1_caption":"Osad\u017a formularz subskrypcji, aby zbiera\u0107 e-maile i bez wysi\u0142ku rozwija\u0107 swoj\u0105 list\u0119 mailingow\u0105 w swojej witrynie BigCommerce.","application_category":[],"applications_title":"","applications_request_title":"","applications_request_button_text":"","hero_text":"","hero_video":"","hero_video_schema_markup":"","selling_points_title":"","selling_points_caption":"","selling_points":[],"selling_points_cta_text":"","features_title":"","features":"","ed_cta_examples_text":"","ed_cta_examples_hidden":"","ed_cta_demo_text":"","ed_cta_demo_hidden":"","why_caption":"","why_editor_title":"","why_editor_text":"","why_team_title":"","why_team_text":"","why_service_title":"","why_service_text":"","template_catalog_visible":"","template_catalog_title":"","template_catalog_text":"","template_catalog_categories_visible":"","demo_title":"Utw\u00f3rz aplikacj\u0119 z formularzem subskrypcji","demo_caption":"Skonfiguruj sw\u00f3j formularz subskrypcji i dodaj go do swojej witryny BigCommerce za darmo!","default_faq_hidden":"","app_template_category":[],"platform":"41","template_public_id":"","codecanyon_url":"","codecanyon_item_id":"","codecanyon_price":"","pricing_caption":"","pricing_elfsight_apps_hide_column":"","pricing_elfsight_apps_url":"","pricing_codecanyon_price_caption":"","integration_category":[],"integration_request_title":"","integration_request_cta":"","integration_platform":"","integrations":[],"platform_category":[],"video_schema_markup":"","price":"od 0 USD \/ miesi\u0105c","trial":"","benefits":[{"text":"Bezp\u0142atna us\u0142uga monta\u017cu"},{"text":"Do\u015bwiadczona obs\u0142uga klienta"},{"text":"14-dniowa gwarancja zwrotu pieni\u0119dzy"}],"button_url":"#demo","button_target_blank":"","button_nofollow":"","attributes":[{"name":"Instaluje"},{"name":"Czu\u0142y"},{"name":"Kompatybilne przegl\u0105darki"}],"tags":[],"tags_disable_links":"","hide_more_platforms":"","video_object":"","demo_hide_cta":"","demo_hide_cloud_options":"","pricing_title":"","pricing":[{"pricing_icon":"platform","pricing_title":"Elfsight Apps","pricing_title_caption":"Oprogramowanie niezale\u017cne od platformy","pricing_price":"od 0 USD \/ miesi\u0105c","pricing_price_caption":"zacznij od bezp\u0142atnego planu","pricing_benefits":[{"text":"Nielimitowane strony internetowe"},{"text":"Dedykowane wsparcie"},{"text":"Bezp\u0142atna pomoc w monta\u017cu"},{"text":"100% konfigurowalny"}],"pricing_button_text":"Dodaj do witryny","pricing_button_url":"#demo"}],"related_apps_title":"","related_apps_hidden":"","author":"","image":[],"title":"","job":"","social_networks":[]},"_links":{"self":[{"href":"https:\/\/elfsight.com\/pl\/wp-json\/wp\/v2\/pages\/6726","targetHints":{"allow":["GET"]}}],"collection":[{"href":"https:\/\/elfsight.com\/pl\/wp-json\/wp\/v2\/pages"}],"about":[{"href":"https:\/\/elfsight.com\/pl\/wp-json\/wp\/v2\/types\/page"}],"author":[{"embeddable":true,"href":"https:\/\/elfsight.com\/pl\/wp-json\/wp\/v2\/users\/9"}],"replies":[{"embeddable":true,"href":"https:\/\/elfsight.com\/pl\/wp-json\/wp\/v2\/comments?post=6726"}],"version-history":[{"count":1,"href":"https:\/\/elfsight.com\/pl\/wp-json\/wp\/v2\/pages\/6726\/revisions"}],"predecessor-version":[{"id":6730,"href":"https:\/\/elfsight.com\/pl\/wp-json\/wp\/v2\/pages\/6726\/revisions\/6730"}],"up":[{"embeddable":true,"href":"https:\/\/elfsight.com\/pl\/wp-json\/wp\/v2\/pages\/3383"}],"wp:attachment":[{"href":"https:\/\/elfsight.com\/pl\/wp-json\/wp\/v2\/media?parent=6726"}],"curies":[{"name":"wp","href":"https:\/\/api.w.org\/{rel}","templated":true}]}}