{"id":6720,"date":"1970-01-01T00:00:00","date_gmt":"1970-01-01T00:00:00","guid":{"rendered":"https:\/\/elfsight.com\/pl\/?page_id=6720"},"modified":"2024-11-14T08:48:24","modified_gmt":"2024-11-14T08:48:24","slug":"drupal","status":"publish","type":"page","link":"https:\/\/elfsight.com\/pl\/subscription-form-widget\/drupal\/","title":{"rendered":"Subscription Form &#8211; Drupal"},"content":{"rendered":"<div class=\"application-platform-content-item-description application-platform-content-item\" id=\"description\" data-nav-section=\"description\"> <h2>Opis<\/h2> <p>Formularz subskrypcji Elfsight dla Drupala to przydatny modu\u0142 umo\u017cliwiaj\u0105cy otrzymywanie wiadomo\u015bci e-mail. Aplikacja daje Ci mo\u017cliwo\u015b\u0107 nie tylko zbudowania listy e-mailowej, ale tak\u017ce zrobienia tego efektywnie \u2013 mo\u017cesz doda\u0107 do formularza sekcj\u0119 head z podpisem, poprosi\u0107 o podanie adresu e-mail z imieniem lub upro\u015bci\u0107 spraw\u0119 i pozostawi\u0107 tam tylko pole e-mail i do\u0142\u0105cz etykiet\u0119 obja\u015bniaj\u0105c\u0105 i element zast\u0119pczy. Dost\u0119pna jest tak\u017ce opcja po\u0142\u0105czenia wid\u017cetu Formularza subskrypcji z us\u0142ug\u0105 Mailchimp. Korzystaj\u0105c z jednego z 4 gotowych do u\u017cycia szablon\u00f3w uk\u0142ad\u00f3w, b\u0119dziesz m\u00f3g\u0142 zaprojektowa\u0107 narz\u0119dzie, kt\u00f3re b\u0119dzie dzia\u0142a\u0107 dok\u0142adnie tak, jak potrzebujesz. <\/p> <p><b>Zaprezentuj formularze subskrypcji biuletynu docelowym odbiorcom na odpowiednich stronach swojej witryny i powstrzymaj ich przed opuszczeniem witryny! <\/b><\/p> <\/div> <div class=\"application-platform-content-item-features application-platform-content-item\" id=\"features\" data-nav-section=\"features\"> <h2>Wy\u015bwietl list\u0119 najwa\u017cniejszych funkcji: <\/h2> <ul><li>Do\u0142\u0105cz nag\u0142\u00f3wek z podpisem informacyjnym. <\/li><li>Zintegruj formularz subskrypcji z us\u0142ug\u0105 Mailchimp<\/li><li>Uzyskaj baz\u0119 danych e-mail w formacie CSV. <\/li><li>Dostosowywalne pola formularzy. <\/li><li>4 uk\u0142ady do wyboru: wyskakuj\u0105ce, okienko, osadzone, boczne. <\/li><\/ul><p><a href=\"#demo\">Pe\u0142ne mo\u017cliwo\u015bci modu\u0142u mo\u017cesz pozna\u0107 w wersji demonstracyjnej <\/a><\/p> <\/div> <div class=\"application-platform-content-item-installation  application-platform-content-item\" id=\"installation \" data-nav-section=\"installation \"> <h2>Jak doda\u0107 formularz subskrypcji na mojej stronie Drupal? <\/h2> <p>Wystarczy wykona\u0107 kilka krok\u00f3w podanych poni\u017cej, aby aktywowa\u0107 modu\u0142. <\/p> <ol><li><b>Skorzystaj z naszej bezp\u0142atnej wersji demonstracyjnej i zacznij tworzy\u0107 modu\u0142 dostosowany do Twoich potrzeb. <\/b><br> Znajd\u017a preferowany wygl\u0105d i funkcjonalno\u015b\u0107 narz\u0119dzia i zapisz poprawki. <\/li> <li><b>Zdob\u0105d\u017a sw\u00f3j unikalny kod, kt\u00f3ry pojawi si\u0119 w oknie aplikacji Elfsight. <\/b><br> Po zako\u0144czeniu dostosowywania modu\u0142u osobistego skopiuj ekskluzywny kod z wy\u015bwietlonego wyskakuj\u0105cego okienka i zachowaj go na p\u00f3\u017aniej. <\/li> <li><b>Rozpocznij korzystanie z wid\u017cetu na swojej stronie Drupal. <\/b><br> Wstaw zapisany wcze\u015bniej kod na swojej stronie i zastosuj poprawki. <\/li> <li><b>Gotowe! Integracja zosta\u0142a w pe\u0142ni uko\u0144czona. <\/b><br> Przejd\u017a na swoj\u0105 stron\u0119 i zobacz dzia\u0142anie modu\u0142u. <\/li><\/ol> <p>Je\u015bli napotkasz jakiekolwiek komplikacje, zwr\u00f3\u0107 si\u0119 do naszego zespo\u0142u wsparcia. Nasi ludzie ch\u0119tnie pomog\u0105 Ci we wszystkich trudno\u015bciach, jakie mo\u017cesz mie\u0107 z wtyczk\u0105. <\/p> <div class=\"faq\" data-component=\"FAQ\"> <div class=\"faq-item\">\r\n\t\t\t\t\t<div class=\"faq-item-question\">\r\n\t\t\t\t\t\t<h3 class=\"faq-item-question-text\">Jak mog\u0119 doda\u0107 Kreator formularzy do mojej witryny Drupal bez umiej\u0119tno\u015bci kodowania?<\/h3>\r\n\r\n\t\t\t\t\t\t<div class=\"faq-item-question-icon\"><\/div>\r\n\t\t\t\t\t<\/div>\r\n\r\n\t\t\t\t\t<div class=\"faq-item-answer\">\r\n\t\t\t\t\t\t<div class=\"faq-item-answer-text\"> <p>Elfsight zapewnia rozwi\u0105zanie SaaS, kt\u00f3re pozwala Ci samodzielnie utworzy\u0107 wid\u017cet Konstruktora formularzy, przekonaj si\u0119, jak \u0142atwo proces jest nast\u0119puj\u0105cy: Pracuj bezpo\u015brednio w edytorze online, aby utworzy\u0107 wid\u017cet Konstruktora formularzy, kt\u00f3ry chcia\u0142by\u015b zobaczy\u0107 na swojej stronie Drupal. Wybierz jeden z gotowych szablon\u00f3w i dostosuj ustawienia Kreatora formularzy, dodaj tre\u015b\u0107, zmie\u0144 uk\u0142ad i schemat kolor\u00f3w bez umiej\u0119tno\u015bci kodowania. Zapisz Kreator formularzy i skopiuj jego kod instalacyjny, kt\u00f3ry mo\u017cesz umie\u015bci\u0107 na swojej stronie Drupal bez konieczno\u015bci kupowania wersji p\u0142atnej. Dzi\u0119ki naszemu intuicyjnemu Edytorowi ka\u017cdy u\u017cytkownik Internetu mo\u017ce stworzy\u0107 wid\u017cet Form Builder online i \u0142atwo osadzi\u0107 go na swojej stronie Drupal. Aby uzyska\u0107 dost\u0119p do us\u0142ugi, nie trzeba p\u0142aci\u0107 ani wprowadza\u0107 danych uwierzytelniaj\u0105cych karty. Je\u015bli na kt\u00f3rymkolwiek etapie napotkasz jakiekolwiek problemy, skontaktuj si\u0119 z naszym zespo\u0142em pomocy technicznej.<\/p> <\/div>\r\n\t\t\t\t\t<\/div>\r\n\t\t\t\t<\/div> <div class=\"faq-item\">\r\n\t\t\t\t\t<div class=\"faq-item-question\">\r\n\t\t\t\t\t\t<h3 class=\"faq-item-question-text\">Czy masz jakie\u015b gotowe szablony formularzy subskrypcji dla witryny Drupal?<\/h3>\r\n\r\n\t\t\t\t\t\t<div class=\"faq-item-question-icon\"><\/div>\r\n\t\t\t\t\t<\/div>\r\n\r\n\t\t\t\t\t<div class=\"faq-item-answer\">\r\n\t\t\t\t\t\t<div class=\"faq-item-answer-text\"><p>Tak, Elfsight oferuje ogromn\u0105 bibliotek\u0119 ponad 300 szablon\u00f3w dla ka\u017cdego przypadku. Przewi\u0144 <a href=\"https:\/\/elfsight.com\/online-form-builder\/templates\/subscription-forms\/\">szablony formularzy subskrypcji<\/a> i zdecyduj, kt\u00f3ry z nich b\u0119dzie dla Ciebie najlepszy.<\/p> <\/div>\r\n\t\t\t\t\t<\/div>\r\n\t\t\t\t<\/div><\/div> <\/div>","protected":false},"excerpt":{"rendered":"","protected":false},"author":9,"featured_media":0,"parent":3383,"menu_order":0,"comment_status":"closed","ping_status":"closed","template":"templates\/template-application-platform.php","meta":{"publish_to_discourse":"","publish_post_category":"","wpdc_auto_publish_overridden":"","wpdc_topic_tags":"","wpdc_pin_topic":"","wpdc_pin_until":"","discourse_post_id":"","discourse_permalink":"","wpdc_publishing_response":"","wpdc_publishing_error":"","footnotes":""},"class_list":["post-6720","page","type-page","status-publish","hentry"],"yoast_head":"<!-- This site is optimized with the Yoast SEO plugin v25.3.1 - https:\/\/yoast.com\/wordpress\/plugins\/seo\/ -->\n<title>Dodaj modu\u0142 Formularza Subskrypcyjnego do strony Drupal (szybko i bezp\u0142atnie)<\/title>\n<meta name=\"description\" content=\"Zintegruj responsywny modu\u0142 Formularza Subskrypcji Drupala ze swoj\u0105 witryn\u0105. Dostosuj wszystkie pola, wybierz jeden z czterech gotowych uk\u0142ad\u00f3w i wiele wi\u0119cej.\" \/>\n<meta name=\"robots\" content=\"index, follow, max-snippet:-1, max-image-preview:large, max-video-preview:-1\" \/>\n<link rel=\"canonical\" href=\"https:\/\/elfsight.com\/pl\/subscription-form-widget\/drupal\/\" \/>\n<meta property=\"og:locale\" content=\"pl_PL\" \/>\n<meta property=\"og:type\" content=\"article\" \/>\n<meta property=\"og:title\" content=\"Dodaj modu\u0142 Formularza Subskrypcyjnego do strony Drupal (szybko i bezp\u0142atnie)\" \/>\n<meta property=\"og:description\" content=\"Zintegruj responsywny modu\u0142 Formularza Subskrypcji Drupala ze swoj\u0105 witryn\u0105. Dostosuj wszystkie pola, wybierz jeden z czterech gotowych uk\u0142ad\u00f3w i wiele wi\u0119cej.\" \/>\n<meta property=\"og:url\" content=\"https:\/\/elfsight.com\/pl\/subscription-form-widget\/drupal\/\" \/>\n<meta property=\"og:site_name\" content=\"Elfsight PL\" \/>\n<meta property=\"article:modified_time\" content=\"2024-11-14T08:48:24+00:00\" \/>\n<meta name=\"twitter:card\" content=\"summary_large_image\" \/>\n<meta name=\"twitter:label1\" content=\"Szacowany czas czytania\" \/>\n\t<meta name=\"twitter:data1\" content=\"3 minuty\" \/>\n<!-- \/ Yoast SEO plugin. -->","yoast_head_json":{"title":"Dodaj modu\u0142 Formularza Subskrypcyjnego do strony Drupal (szybko i bezp\u0142atnie)","description":"Zintegruj responsywny modu\u0142 Formularza Subskrypcji Drupala ze swoj\u0105 witryn\u0105. Dostosuj wszystkie pola, wybierz jeden z czterech gotowych uk\u0142ad\u00f3w i wiele wi\u0119cej.","robots":{"index":"index","follow":"follow","max-snippet":"max-snippet:-1","max-image-preview":"max-image-preview:large","max-video-preview":"max-video-preview:-1"},"canonical":"https:\/\/elfsight.com\/pl\/subscription-form-widget\/drupal\/","og_locale":"pl_PL","og_type":"article","og_title":"Dodaj modu\u0142 Formularza Subskrypcyjnego do strony Drupal (szybko i bezp\u0142atnie)","og_description":"Zintegruj responsywny modu\u0142 Formularza Subskrypcji Drupala ze swoj\u0105 witryn\u0105. Dostosuj wszystkie pola, wybierz jeden z czterech gotowych uk\u0142ad\u00f3w i wiele wi\u0119cej.","og_url":"https:\/\/elfsight.com\/pl\/subscription-form-widget\/drupal\/","og_site_name":"Elfsight PL","article_modified_time":"2024-11-14T08:48:24+00:00","twitter_card":"summary_large_image","twitter_misc":{"Szacowany czas czytania":"3 minuty"},"schema":{"@context":"https:\/\/schema.org","@graph":[{"@type":"WebPage","@id":"https:\/\/elfsight.com\/pl\/subscription-form-widget\/drupal\/","url":"https:\/\/elfsight.com\/pl\/subscription-form-widget\/drupal\/","name":"Dodaj modu\u0142 Formularza Subskrypcyjnego do strony Drupal (szybko i bezp\u0142atnie)","isPartOf":{"@id":"https:\/\/elfsight.com\/pl\/#website"},"datePublished":"1970-01-01T00:00:00+00:00","dateModified":"2024-11-14T08:48:24+00:00","description":"Zintegruj responsywny modu\u0142 Formularza Subskrypcji Drupala ze swoj\u0105 witryn\u0105. Dostosuj wszystkie pola, wybierz jeden z czterech gotowych uk\u0142ad\u00f3w i wiele wi\u0119cej.","breadcrumb":{"@id":"https:\/\/elfsight.com\/pl\/subscription-form-widget\/drupal\/#breadcrumb"},"inLanguage":"pl-PL","potentialAction":[{"@type":"ReadAction","target":["https:\/\/elfsight.com\/pl\/subscription-form-widget\/drupal\/"]}]},{"@type":"BreadcrumbList","@id":"https:\/\/elfsight.com\/pl\/subscription-form-widget\/drupal\/#breadcrumb","itemListElement":[{"@type":"ListItem","position":1,"name":"Home","item":"https:\/\/elfsight.com\/pl\/"},{"@type":"ListItem","position":2,"name":"Subscription Form","item":"https:\/\/elfsight.com\/pl\/subscription-form-widget\/"},{"@type":"ListItem","position":3,"name":"Subscription Form &#8211; Drupal"}]},{"@type":"WebSite","@id":"https:\/\/elfsight.com\/pl\/#website","url":"https:\/\/elfsight.com\/pl\/","name":"Elfsight PL","description":"Just another Elfsight Sites site","potentialAction":[{"@type":"SearchAction","target":{"@type":"EntryPoint","urlTemplate":"https:\/\/elfsight.com\/pl\/?s={search_term_string}"},"query-input":{"@type":"PropertyValueSpecification","valueRequired":true,"valueName":"search_term_string"}}],"inLanguage":"pl-PL"}]}},"meta_box":{"industry":"","seo_heading":"","heading":"","description":"","cta_heading":"","cta_description":"","application":"3340","h1":"Modu\u0142 Formularza Subskrypcyjnego Drupala","h1_caption":"Osad\u017a formularz subskrypcji, aby zbiera\u0107 e-maile i bez wysi\u0142ku powi\u0119ksza\u0107 swoj\u0105 list\u0119 mailingow\u0105 na swojej stronie Drupal.","application_category":[],"applications_title":"","applications_request_title":"","applications_request_button_text":"","hero_text":"","hero_video":"","hero_video_schema_markup":"","selling_points_title":"","selling_points_caption":"","selling_points":[],"selling_points_cta_text":"","features_title":"","features":"","ed_cta_examples_text":"","ed_cta_examples_hidden":"","ed_cta_demo_text":"","ed_cta_demo_hidden":"","why_caption":"","why_editor_title":"","why_editor_text":"","why_team_title":"","why_team_text":"","why_service_title":"","why_service_text":"","template_catalog_visible":"","template_catalog_title":"","template_catalog_text":"","template_catalog_categories_visible":"","demo_title":"Utw\u00f3rz modu\u0142 formularza subskrypcji","demo_caption":"Skonfiguruj sw\u00f3j Formularz Subskrypcyjny i dodaj go do swojej witryny Drupal za darmo!","default_faq_hidden":"","app_template_category":[],"platform":"47","template_public_id":"","codecanyon_url":"","codecanyon_item_id":"","codecanyon_price":"","pricing_caption":"","pricing_elfsight_apps_hide_column":"","pricing_elfsight_apps_url":"","pricing_codecanyon_price_caption":"","integration_category":[],"integration_request_title":"","integration_request_cta":"","integration_platform":"","integrations":[],"platform_category":[],"video_schema_markup":"","price":"od 0 USD \/ miesi\u0105c","trial":"","benefits":[{"text":"Bezp\u0142atna pomoc w monta\u017cu"},{"text":"Wsparcie premium"},{"text":"14-dniowa gwarancja zwrotu pieni\u0119dzy"}],"button_url":"#demo","button_target_blank":"","button_nofollow":"","attributes":[{"name":"Instaluje"},{"name":"Czu\u0142y"},{"name":"Kompatybilne przegl\u0105darki"}],"tags":[],"tags_disable_links":"","hide_more_platforms":"","video_object":"","demo_hide_cta":"","demo_hide_cloud_options":"","pricing_title":"","pricing":[{"pricing_icon":"platform","pricing_title":"Elfsight Apps","pricing_title_caption":"Rozwi\u0105zanie niezale\u017cne od platformy, kt\u00f3re dzia\u0142a na ka\u017cdej stronie internetowej","pricing_price":"od 0 USD \/ miesi\u0105c","pricing_price_caption":"zacznij od bezp\u0142atnego planu","pricing_benefits":[{"text":"Nielimitowane domeny"},{"text":"Bezp\u0142atne wsparcie"},{"text":"Bezp\u0142atne wsparcie przy instalacji"},{"text":"100% konfigurowalny"}],"pricing_button_text":"Dodaj do witryny","pricing_button_url":"#demo"}],"related_apps_title":"","related_apps_hidden":"","author":"","image":[],"title":"","job":"","social_networks":[]},"_links":{"self":[{"href":"https:\/\/elfsight.com\/pl\/wp-json\/wp\/v2\/pages\/6720","targetHints":{"allow":["GET"]}}],"collection":[{"href":"https:\/\/elfsight.com\/pl\/wp-json\/wp\/v2\/pages"}],"about":[{"href":"https:\/\/elfsight.com\/pl\/wp-json\/wp\/v2\/types\/page"}],"author":[{"embeddable":true,"href":"https:\/\/elfsight.com\/pl\/wp-json\/wp\/v2\/users\/9"}],"replies":[{"embeddable":true,"href":"https:\/\/elfsight.com\/pl\/wp-json\/wp\/v2\/comments?post=6720"}],"version-history":[{"count":1,"href":"https:\/\/elfsight.com\/pl\/wp-json\/wp\/v2\/pages\/6720\/revisions"}],"predecessor-version":[{"id":6724,"href":"https:\/\/elfsight.com\/pl\/wp-json\/wp\/v2\/pages\/6720\/revisions\/6724"}],"up":[{"embeddable":true,"href":"https:\/\/elfsight.com\/pl\/wp-json\/wp\/v2\/pages\/3383"}],"wp:attachment":[{"href":"https:\/\/elfsight.com\/pl\/wp-json\/wp\/v2\/media?parent=6720"}],"curies":[{"name":"wp","href":"https:\/\/api.w.org\/{rel}","templated":true}]}}