{"id":6704,"date":"1970-01-01T00:00:00","date_gmt":"1970-01-01T00:00:00","guid":{"rendered":"https:\/\/elfsight.com\/pl\/?page_id=6704"},"modified":"2024-11-14T08:48:09","modified_gmt":"2024-11-14T08:48:09","slug":"html","status":"publish","type":"page","link":"https:\/\/elfsight.com\/pl\/subscription-form-widget\/html\/","title":{"rendered":"Subscription Form &#8211; HTML"},"content":{"rendered":"<div class=\"application-platform-content-item-description application-platform-content-item\" id=\"description\" data-nav-section=\"description\"> <h2>Opis<\/h2> <p>Formularz subskrypcji HTML to pot\u0119\u017cny widget umo\u017cliwiaj\u0105cy odbieranie wiadomo\u015bci e-mail. Narz\u0119dzie umo\u017cliwia nie tylko powi\u0119kszanie listy e-mailowej, ale tak\u017ce robienie tego w wygodny spos\u00f3b \u2014 mo\u017cesz doda\u0107 nag\u0142\u00f3wek z informacyjnym podpisem, poprosi\u0107 o podanie imienia, adresu e-mail lub zachowa\u0107 prostot\u0119 i zachowa\u0107 tylko pole e-mail i do\u0142\u0105cz etykiet\u0119 obja\u015bniaj\u0105c\u0105 i element zast\u0119pczy. Masz tak\u017ce mo\u017cliwo\u015b\u0107 po\u0142\u0105czenia swojego narz\u0119dzia Formularza Subskrypcyjnego z us\u0142ug\u0105 Mailchimp. Za pomoc\u0105 jednego z 4 gotowych uk\u0142ad\u00f3w skonstruujesz wid\u017cet, kt\u00f3ry b\u0119dzie odpowiedni dla Ciebie. <\/p> <p><b>Odkryj swoje formularze subskrypcji docelowym odbiorcom na w\u0142a\u015bciwych stronach swojej witryny i nie pozw\u00f3l im opu\u015bci\u0107 Twojej witryny! <\/b><\/p> <\/div> <div class=\"application-platform-content-item-features application-platform-content-item\" id=\"features\" data-nav-section=\"features\"> <h2>Podstawowe funkcje widgetu<\/h2> <ul><li>Do\u0142\u0105cz nag\u0142\u00f3wek z podpisem informacyjnym. <\/li><li>Zintegruj formularz subskrypcji z Mailchimp <\/li><li>Pobierz swoj\u0105 list\u0119 e-mailow\u0105 w formacie CSV. <\/li><li>Plastyczne cz\u0119\u015bci kszta\u0142towe. <\/li><li>4 szablony uk\u0142ad\u00f3w do wyboru: wyskakuj\u0105ce, osadzone, boczne, okienko. <\/li><\/ul><p><a href=\"#demo\">Wypr\u00f3buj wszystkie ustawienia w pe\u0142nej wersji demonstracyjnej<\/a><\/p> <\/div> <div class=\"application-platform-content-item-installation application-platform-content-item\" id=\"installation\" data-nav-section=\"installation\"> <h2>Jak mog\u0119 osadzi\u0107 formularz subskrypcji w mojej witrynie HTML? <\/h2> <p>Wystarczy post\u0119powa\u0107 zgodnie z poni\u017cszymi wskaz\u00f3wkami, aby rozpocz\u0105\u0107 prac\u0119 z narz\u0119dziem. <\/p> <ol><li><b>Skorzystaj z naszego darmowego edytora i zacznij tworzy\u0107 w\u0142asny widget. <\/b><br> Wybierz wybrany interfejs i charakterystyk\u0119 narz\u0119dzia oraz zastosuj modyfikacje. <\/li> <li><b>Zdob\u0105d\u017a sw\u00f3j indywidualny kod, kt\u00f3ry pojawi si\u0119 w polu aplikacji Elfsight. <\/b><br> Po utworzeniu osobistego wid\u017cetu skopiuj ekskluzywny kod z wy\u015bwietlonego wyskakuj\u0105cego okienka i zachowaj go do dalszego wykorzystania. <\/li> <li><b>Rozpocznij stosowanie wid\u017cetu w swojej witrynie HTML. <\/b><br> Umie\u015b\u0107 skopiowany wcze\u015bniej kod na swojej stronie internetowej i zapisz zmiany. <\/li> <li><b>Konfiguracja zosta\u0142a pomy\u015blnie uko\u0144czona. <\/b><br> Przejd\u017a na swoj\u0105 stron\u0119, aby sprawdzi\u0107 dzia\u0142anie wtyczki. <\/li><\/ol> <p>W przypadku napotkania problem\u00f3w prosimy o kontakt z naszym dzia\u0142em pomocy technicznej. Nasi specjali\u015bci z przyjemno\u015bci\u0105 pomog\u0105 Ci we wszystkich trudno\u015bciach, jakie mo\u017cesz napotka\u0107 w zwi\u0105zku z produktem. <\/p> <div class=\"faq\" data-component=\"FAQ\"> <div class=\"faq-item\">\r\n\t\t\t\t\t<div class=\"faq-item-question\">\r\n\t\t\t\t\t\t<h3 class=\"faq-item-question-text\">Jak doda\u0107 Kreatora formularzy do mojej witryny HTML bez umiej\u0119tno\u015bci kodowania?<\/h3>\r\n\r\n\t\t\t\t\t\t<div class=\"faq-item-question-icon\"><\/div>\r\n\t\t\t\t\t<\/div>\r\n\r\n\t\t\t\t\t<div class=\"faq-item-answer\">\r\n\t\t\t\t\t\t<div class=\"faq-item-answer-text\"> <p>Elfsight zapewnia rozwi\u0105zanie SaaS, kt\u00f3re pozwala samodzielnie utworzy\u0107 wid\u017cet Kreatora formularzy, zobacz, jak \u0142atwy jest ten proces to: Pracuj bezpo\u015brednio w edytorze online, aby utworzy\u0107 wid\u017cet Konstruktora formularzy, kt\u00f3ry chcesz zobaczy\u0107 na swojej witrynie HTML. Wybierz jeden z gotowych szablon\u00f3w i dostosuj ustawienia Kreatora formularzy, dodaj tre\u015b\u0107, zmie\u0144 uk\u0142ad i schemat kolor\u00f3w bez umiej\u0119tno\u015bci kodowania. Zapisz Kreator formularzy i skopiuj jego kod instalacyjny, kt\u00f3ry mo\u017cesz umie\u015bci\u0107 na swojej stronie HTML bez konieczno\u015bci zakupu p\u0142atnej subskrypcji. Dzi\u0119ki naszemu intuicyjnemu Edytorowi ka\u017cdy u\u017cytkownik Internetu mo\u017ce stworzy\u0107 wid\u017cet Kreatora Formularzy online i \u0142atwo osadzi\u0107 go na swojej stronie HTML. Aby uzyska\u0107 dost\u0119p do us\u0142ugi, nie trzeba p\u0142aci\u0107 ani wprowadza\u0107 danych uwierzytelniaj\u0105cych karty. Je\u015bli na kt\u00f3rymkolwiek etapie napotkasz jakiekolwiek problemy, skontaktuj si\u0119 z naszym zespo\u0142em pomocy technicznej.<\/p> <\/div>\r\n\t\t\t\t\t<\/div>\r\n\t\t\t\t<\/div><div class=\"faq-item\">\r\n\t\t\t\t\t<div class=\"faq-item-question\">\r\n\t\t\t\t\t\t<h3 class=\"faq-item-question-text\">Czy w witrynie HTML s\u0105 dost\u0119pne szablony formularzy subskrypcji?<\/h3>\r\n\r\n\t\t\t\t\t\t<div class=\"faq-item-question-icon\"><\/div>\r\n\t\t\t\t\t<\/div>\r\n\r\n\t\t\t\t\t<div class=\"faq-item-answer\">\r\n\t\t\t\t\t\t<div class=\"faq-item-answer-text\"><p> Tak, oczywi\u015bcie! Elfsight zebra\u0142 szeroki wyb\u00f3r ponad 300 gotowych szablon\u00f3w. Przejrzyj <a href=\"https:\/\/elfsight.com\/online-form-builder\/templates\/subscription-forms\/\">szablony formularzy subskrypcji<\/a>, aby znale\u017a\u0107 najlepsz\u0105 opcj\u0119 dla swojej witryny.<\/p> <\/div>\r\n\t\t\t\t\t<\/div>\r\n\t\t\t\t<\/div> <\/div> <\/div>","protected":false},"excerpt":{"rendered":"","protected":false},"author":9,"featured_media":0,"parent":3383,"menu_order":0,"comment_status":"closed","ping_status":"closed","template":"templates\/template-application-platform.php","meta":{"publish_to_discourse":"","publish_post_category":"","wpdc_auto_publish_overridden":"","wpdc_topic_tags":"","wpdc_pin_topic":"","wpdc_pin_until":"","discourse_post_id":"","discourse_permalink":"","wpdc_publishing_response":"","wpdc_publishing_error":"","footnotes":""},"class_list":["post-6704","page","type-page","status-publish","hentry"],"yoast_head":"<!-- This site is optimized with the Yoast SEO plugin v25.3.1 - https:\/\/yoast.com\/wordpress\/plugins\/seo\/ -->\n<title>Dodaj wid\u017cet Formularz subskrypcji do strony HTML (szybko i bezp\u0142atnie)<\/title>\n<meta name=\"description\" content=\"Umie\u015b\u0107 w swojej witrynie responsywne rozszerzenie formularza subskrypcji HTML. Dostosuj wszystkie pola, wybierz jeden z 4 gotowych szablon\u00f3w uk\u0142ad\u00f3w i nie tylko!\" \/>\n<meta name=\"robots\" content=\"index, follow, max-snippet:-1, max-image-preview:large, max-video-preview:-1\" \/>\n<link rel=\"canonical\" href=\"https:\/\/elfsight.com\/pl\/subscription-form-widget\/html\/\" \/>\n<meta property=\"og:locale\" content=\"pl_PL\" \/>\n<meta property=\"og:type\" content=\"article\" \/>\n<meta property=\"og:title\" content=\"Dodaj wid\u017cet Formularz subskrypcji do strony HTML (szybko i bezp\u0142atnie)\" \/>\n<meta property=\"og:description\" content=\"Umie\u015b\u0107 w swojej witrynie responsywne rozszerzenie formularza subskrypcji HTML. Dostosuj wszystkie pola, wybierz jeden z 4 gotowych szablon\u00f3w uk\u0142ad\u00f3w i nie tylko!\" \/>\n<meta property=\"og:url\" content=\"https:\/\/elfsight.com\/pl\/subscription-form-widget\/html\/\" \/>\n<meta property=\"og:site_name\" content=\"Elfsight PL\" \/>\n<meta property=\"article:modified_time\" content=\"2024-11-14T08:48:09+00:00\" \/>\n<meta name=\"twitter:card\" content=\"summary_large_image\" \/>\n<meta name=\"twitter:label1\" content=\"Szacowany czas czytania\" \/>\n\t<meta name=\"twitter:data1\" content=\"3 minuty\" \/>\n<!-- \/ Yoast SEO plugin. -->","yoast_head_json":{"title":"Dodaj wid\u017cet Formularz subskrypcji do strony HTML (szybko i bezp\u0142atnie)","description":"Umie\u015b\u0107 w swojej witrynie responsywne rozszerzenie formularza subskrypcji HTML. Dostosuj wszystkie pola, wybierz jeden z 4 gotowych szablon\u00f3w uk\u0142ad\u00f3w i nie tylko!","robots":{"index":"index","follow":"follow","max-snippet":"max-snippet:-1","max-image-preview":"max-image-preview:large","max-video-preview":"max-video-preview:-1"},"canonical":"https:\/\/elfsight.com\/pl\/subscription-form-widget\/html\/","og_locale":"pl_PL","og_type":"article","og_title":"Dodaj wid\u017cet Formularz subskrypcji do strony HTML (szybko i bezp\u0142atnie)","og_description":"Umie\u015b\u0107 w swojej witrynie responsywne rozszerzenie formularza subskrypcji HTML. Dostosuj wszystkie pola, wybierz jeden z 4 gotowych szablon\u00f3w uk\u0142ad\u00f3w i nie tylko!","og_url":"https:\/\/elfsight.com\/pl\/subscription-form-widget\/html\/","og_site_name":"Elfsight PL","article_modified_time":"2024-11-14T08:48:09+00:00","twitter_card":"summary_large_image","twitter_misc":{"Szacowany czas czytania":"3 minuty"},"schema":{"@context":"https:\/\/schema.org","@graph":[{"@type":"WebPage","@id":"https:\/\/elfsight.com\/pl\/subscription-form-widget\/html\/","url":"https:\/\/elfsight.com\/pl\/subscription-form-widget\/html\/","name":"Dodaj wid\u017cet Formularz subskrypcji do strony HTML (szybko i bezp\u0142atnie)","isPartOf":{"@id":"https:\/\/elfsight.com\/pl\/#website"},"datePublished":"1970-01-01T00:00:00+00:00","dateModified":"2024-11-14T08:48:09+00:00","description":"Umie\u015b\u0107 w swojej witrynie responsywne rozszerzenie formularza subskrypcji HTML. Dostosuj wszystkie pola, wybierz jeden z 4 gotowych szablon\u00f3w uk\u0142ad\u00f3w i nie tylko!","breadcrumb":{"@id":"https:\/\/elfsight.com\/pl\/subscription-form-widget\/html\/#breadcrumb"},"inLanguage":"pl-PL","potentialAction":[{"@type":"ReadAction","target":["https:\/\/elfsight.com\/pl\/subscription-form-widget\/html\/"]}]},{"@type":"BreadcrumbList","@id":"https:\/\/elfsight.com\/pl\/subscription-form-widget\/html\/#breadcrumb","itemListElement":[{"@type":"ListItem","position":1,"name":"Home","item":"https:\/\/elfsight.com\/pl\/"},{"@type":"ListItem","position":2,"name":"Subscription Form","item":"https:\/\/elfsight.com\/pl\/subscription-form-widget\/"},{"@type":"ListItem","position":3,"name":"Subscription Form &#8211; HTML"}]},{"@type":"WebSite","@id":"https:\/\/elfsight.com\/pl\/#website","url":"https:\/\/elfsight.com\/pl\/","name":"Elfsight PL","description":"Just another Elfsight Sites site","potentialAction":[{"@type":"SearchAction","target":{"@type":"EntryPoint","urlTemplate":"https:\/\/elfsight.com\/pl\/?s={search_term_string}"},"query-input":{"@type":"PropertyValueSpecification","valueRequired":true,"valueName":"search_term_string"}}],"inLanguage":"pl-PL"}]}},"meta_box":{"industry":"","seo_heading":"","heading":"","description":"","cta_heading":"","cta_description":"","application":"3340","h1":"Wid\u017cet formularza subskrypcji HTML","h1_caption":"Osad\u017a formularz subskrypcji, aby zbiera\u0107 e-maile i bez wysi\u0142ku powi\u0119ksza\u0107 swoj\u0105 list\u0119 mailingow\u0105 w swojej witrynie HTML.","application_category":[],"applications_title":"","applications_request_title":"","applications_request_button_text":"","hero_text":"","hero_video":"","hero_video_schema_markup":"","selling_points_title":"","selling_points_caption":"","selling_points":[],"selling_points_cta_text":"","features_title":"","features":"","ed_cta_examples_text":"","ed_cta_examples_hidden":"","ed_cta_demo_text":"","ed_cta_demo_hidden":"","why_caption":"","why_editor_title":"","why_editor_text":"","why_team_title":"","why_team_text":"","why_service_title":"","why_service_text":"","template_catalog_visible":"","template_catalog_title":"","template_catalog_text":"","template_catalog_categories_visible":"","demo_title":"Utw\u00f3rz wid\u017cet Formularza subskrypcji","demo_caption":"Skonfiguruj sw\u00f3j formularz subskrypcji i dodaj go do swojej witryny HTML za darmo!","default_faq_hidden":"","app_template_category":[],"platform":"50","template_public_id":"","codecanyon_url":"","codecanyon_item_id":"","codecanyon_price":"","pricing_caption":"","pricing_elfsight_apps_hide_column":"","pricing_elfsight_apps_url":"","pricing_codecanyon_price_caption":"","integration_category":[],"integration_request_title":"","integration_request_cta":"","integration_platform":"","integrations":[],"platform_category":[],"video_schema_markup":"","price":"od 0 USD \/ miesi\u0105c","trial":"","benefits":[{"text":"Bezp\u0142atna pomoc w monta\u017cu"},{"text":"Wyj\u0105tkowe wsparcie"},{"text":"14-dniowa gwarancja zwrotu pieni\u0119dzy"}],"button_url":"#demo","button_target_blank":"","button_nofollow":"","attributes":[{"name":"Instaluje"},{"name":"Czu\u0142y"},{"name":"Kompatybilne przegl\u0105darki"}],"tags":[],"tags_disable_links":"","hide_more_platforms":"","video_object":"","demo_hide_cta":"","demo_hide_cloud_options":"","pricing_title":"","pricing":[{"pricing_icon":"platform","pricing_title":"Elfsight Apps","pricing_title_caption":"Rozwi\u0105zanie wieloplatformowe","pricing_price":"od 0 USD \/ miesi\u0105c","pricing_price_caption":"zacznij od bezp\u0142atnego planu","pricing_benefits":[{"text":"Nielimitowane strony internetowe"},{"text":"Szybka obs\u0142uga klienta i dobrze udokumentowana"},{"text":"Bezp\u0142atna pomoc w monta\u017cu"},{"text":"100% konfigurowalny"}],"pricing_button_text":"Dodaj do witryny","pricing_button_url":"#demo"}],"related_apps_title":"","related_apps_hidden":"","author":"","image":[],"title":"","job":"","social_networks":[]},"_links":{"self":[{"href":"https:\/\/elfsight.com\/pl\/wp-json\/wp\/v2\/pages\/6704","targetHints":{"allow":["GET"]}}],"collection":[{"href":"https:\/\/elfsight.com\/pl\/wp-json\/wp\/v2\/pages"}],"about":[{"href":"https:\/\/elfsight.com\/pl\/wp-json\/wp\/v2\/types\/page"}],"author":[{"embeddable":true,"href":"https:\/\/elfsight.com\/pl\/wp-json\/wp\/v2\/users\/9"}],"replies":[{"embeddable":true,"href":"https:\/\/elfsight.com\/pl\/wp-json\/wp\/v2\/comments?post=6704"}],"version-history":[{"count":1,"href":"https:\/\/elfsight.com\/pl\/wp-json\/wp\/v2\/pages\/6704\/revisions"}],"predecessor-version":[{"id":6708,"href":"https:\/\/elfsight.com\/pl\/wp-json\/wp\/v2\/pages\/6704\/revisions\/6708"}],"up":[{"embeddable":true,"href":"https:\/\/elfsight.com\/pl\/wp-json\/wp\/v2\/pages\/3383"}],"wp:attachment":[{"href":"https:\/\/elfsight.com\/pl\/wp-json\/wp\/v2\/media?parent=6704"}],"curies":[{"name":"wp","href":"https:\/\/api.w.org\/{rel}","templated":true}]}}