{"id":6701,"date":"1970-01-01T00:00:00","date_gmt":"1970-01-01T00:00:00","guid":{"rendered":"https:\/\/elfsight.com\/pl\/?page_id=6701"},"modified":"2025-06-25T10:09:24","modified_gmt":"2025-06-25T10:09:24","slug":"shopify","status":"publish","type":"page","link":"https:\/\/elfsight.com\/pl\/subscription-form-widget\/shopify\/","title":{"rendered":"Subscription Form &#8211; Shopify"},"content":{"rendered":"<div class=\"application-platform-content-item-description application-platform-content-item\" id=\"description\" data-nav-section=\"description\"> <h2>Osad\u017a formularz subskrypcji w Shopify za pomoc\u0105 wid\u017cetu Elfsight<\/h2> <p>Formularz subskrypcji dla Shopify to przydatna aplikacja daj\u0105ca Ci mo\u017cliwo\u015b\u0107 aby otrzyma\u0107 e-maile. Nasza wtyczka daje Ci mo\u017cliwo\u015b\u0107 nie tylko rozbudowy bazy e-mailowej, ale zrobienia tego w wygodny spos\u00f3b &#8211; mo\u017cesz doda\u0107 do formularza sekcj\u0119 head z informacyjnym podpisem, zapyta\u0107 o imi\u0119, nazwisko, adres e-mail lub zachowa\u0107 prostot\u0119 i umie\u015b\u0107 tylko pole e-mail oraz do\u0142\u0105cz etykiet\u0119 informacyjn\u0105 i symbol zast\u0119pczy. Masz r\u00f3wnie\u017c mo\u017cliwo\u015b\u0107 po\u0142\u0105czenia narz\u0119dzia Formularza subskrypcji z us\u0142ug\u0105 Mailchimp. Korzystaj\u0105c z jednego z 4 gotowych szablon\u00f3w uk\u0142ad\u00f3w, zbudujesz wid\u017cet, kt\u00f3ry b\u0119dzie odpowiedni dla Ciebie. <\/p> <p><b>Zaprezentuj formularz subskrypcji biuletynu w\u0142a\u015bciwym osobom na w\u0142a\u015bciwych stronach Twojej witryny i powstrzymaj ich przed odrzuceniem! <\/b><\/p> <\/div> <div class=\"application-platform-content-item-features application-platform-content-item\" id=\"features\" data-nav-section=\"features\"> <h2>Oferujemy praktyczne i nieskomplikowane funkcje, zobacz niekt\u00f3re z nich: <\/h2> <ul><li>Do\u0142\u0105cz sekcj\u0119 nag\u0142\u00f3wka za pomoc\u0105 poci\u0105gaj\u0105cy podpis. <\/li><li>Po\u0142\u0105cz sw\u00f3j formularz z us\u0142ug\u0105 Mailchimp<\/li><li>Uzyskaj swoj\u0105 list\u0119 e-mailow\u0105 w formacie CSV. <\/li><li>Plastyczne cz\u0119\u015bci kszta\u0142towe. <\/li><li>4 szablony uk\u0142ad\u00f3w do wyboru: Side-in, Popup, Embedded, Pane. <\/li><\/ul><p><a href=\"#demo\">Wystarczy sprawdzi\u0107 t\u0119 wersj\u0119 demonstracyjn\u0105, aby zobaczy\u0107, jak dzia\u0142a<\/a><\/p> <\/div> <div class=\"application-platform-content-item-installation application-platform-content-item\" id=\"installation\" data-nav-section=\"installation\"> <h2>Jak osadzi\u0107 formularz subskrypcji na mojej stronie internetowej Shopify? <\/h2> <p>Wystarczy wykona\u0107 kroki opisane poni\u017cej, aby zainstalowa\u0107 aplikacj\u0119. <\/p> <ol><li><b>Skorzystaj z naszego bezp\u0142atnego edytora i zacznij tworzy\u0107 w\u0142asn\u0105 aplikacj\u0119. <\/b><br> Znajd\u017a niestandardowy wygl\u0105d i funkcje wtyczki oraz zapisz modyfikacje. <\/li> <li><b>Zdob\u0105d\u017a kod osobisty, kt\u00f3ry pojawi si\u0119 w oknie aplikacji Elfsight. <\/b><br> Zaraz po zako\u0144czeniu tworzenia aplikacji osobistej skopiuj kod osobisty z wy\u015bwietlonego wyskakuj\u0105cego okienka i zachowaj go do p\u00f3\u017aniejszego wykorzystania. <\/li> <li><b>Rozpocznij stosowanie narz\u0119dzia na stronie Shopify. <\/b><br> Zaimplementuj skopiowany wcze\u015bniej kod na swoj\u0105 stron\u0119 i zastosuj poprawki. <\/li> <li><b>Gotowe! Integracja zako\u0144czy\u0142a si\u0119 pomy\u015blnie. <\/b><br> Wejd\u017a na swoj\u0105 stron\u0119 i zobacz dzia\u0142anie narz\u0119dzia. <\/li><\/ol> <p>W przypadku jakichkolwiek problem\u00f3w nie wahaj si\u0119 skontaktowa\u0107 z naszym zespo\u0142em pomocy technicznej. Nasi specjali\u015bci z przyjemno\u015bci\u0105 odpowiedz\u0105 na wszystkie pytania dotycz\u0105ce aplikacji. <\/p> <div class=\"faq\" data-component=\"FAQ\"> <div class=\"faq-item\">\r\n\t\t\t\t\t<div class=\"faq-item-question\">\r\n\t\t\t\t\t\t<h3 class=\"faq-item-question-text\">Jak mog\u0119 doda\u0107 Kreatora formularzy do mojej witryny Shopify bez umiej\u0119tno\u015bci kodowania?<\/h3>\r\n\r\n\t\t\t\t\t\t<div class=\"faq-item-question-icon\"><\/div>\r\n\t\t\t\t\t<\/div>\r\n\r\n\t\t\t\t\t<div class=\"faq-item-answer\">\r\n\t\t\t\t\t\t<div class=\"faq-item-answer-text\"> <p>Elfsight zapewnia rozwi\u0105zanie SaaS, kt\u00f3re pozwala Ci samodzielnie utworzy\u0107 wid\u017cet Kreatora formularzy. Zobacz, jak \u0142atwo proces polega na: Pracuj bezpo\u015brednio w edytorze online, aby utworzy\u0107 wid\u017cet Kreatora formularzy, kt\u00f3ry chcesz zobaczy\u0107 w swojej witrynie Shopify. Wybierz jeden z gotowych szablon\u00f3w i dostosuj ustawienia Kreatora formularzy, dodaj tre\u015b\u0107, zmie\u0144 uk\u0142ad i schemat kolor\u00f3w bez umiej\u0119tno\u015bci kodowania. Zapisz Kreator formularzy i skopiuj jego kod instalacyjny, kt\u00f3ry mo\u017cesz \u0142atwo osadzi\u0107 na swojej stronie Shopify bez konieczno\u015bci kupowania wersji p\u0142atnej. Dzi\u0119ki naszemu intuicyjnemu edytorowi ka\u017cdy u\u017cytkownik Internetu mo\u017ce utworzy\u0107 wid\u017cet Kreator formularzy online i \u0142atwo osadzi\u0107 go na swojej stronie internetowej Shopify. Aby uzyska\u0107 dost\u0119p do us\u0142ugi, nie trzeba p\u0142aci\u0107 ani wprowadza\u0107 danych uwierzytelniaj\u0105cych karty. Je\u015bli na kt\u00f3rymkolwiek etapie napotkasz jakiekolwiek problemy, skontaktuj si\u0119 z naszym zespo\u0142em pomocy technicznej.<\/p> <\/div>\r\n\t\t\t\t\t<\/div>\r\n\t\t\t\t<\/div><div class=\"faq-item\">\r\n\t\t\t\t\t<div class=\"faq-item-question\">\r\n\t\t\t\t\t\t<h3 class=\"faq-item-question-text\">Czy masz jakie\u015b gotowe szablony formularzy subskrypcji dla witryny Shopify?<\/h3>\r\n\r\n\t\t\t\t\t\t<div class=\"faq-item-question-icon\"><\/div>\r\n\t\t\t\t\t<\/div>\r\n\r\n\t\t\t\t\t<div class=\"faq-item-answer\">\r\n\t\t\t\t\t\t<div class=\"faq-item-answer-text\"><p>Tak, Elfsight oferuje ogromn\u0105 bibliotek\u0119 ponad 300 szablon\u00f3w dla ka\u017cdego przypadku. Przewi\u0144 <a href=\"https:\/\/elfsight.com\/online-form-builder\/templates\/subscription-forms\/\">szablony formularzy subskrypcji<\/a> i zdecyduj, kt\u00f3ry z nich b\u0119dzie dla Ciebie najlepszy.<\/p> <\/div>\r\n\t\t\t\t\t<\/div>\r\n\t\t\t\t<\/div> <\/div> <\/div>","protected":false},"excerpt":{"rendered":"","protected":false},"author":9,"featured_media":0,"parent":3383,"menu_order":0,"comment_status":"closed","ping_status":"closed","template":"templates\/template-application-platform.php","meta":{"publish_to_discourse":"","publish_post_category":"","wpdc_auto_publish_overridden":"","wpdc_topic_tags":"","wpdc_pin_topic":"","wpdc_pin_until":"","discourse_post_id":"","discourse_permalink":"","wpdc_publishing_response":"","wpdc_publishing_error":"","footnotes":""},"class_list":["post-6701","page","type-page","status-publish","hentry"],"yoast_head":"<!-- This site is optimized with the Yoast SEO plugin v25.3.1 - https:\/\/yoast.com\/wordpress\/plugins\/seo\/ -->\n<title>Dodaj aplikacj\u0119 Formularz subskrypcji do witryny Shopify (szybko i bezp\u0142atnie)<\/title>\n<meta name=\"description\" content=\"Osad\u017a responsywn\u0105 aplikacj\u0119 formularza subskrypcji Shopify na swojej stronie internetowej. Zaprojektuj wszystkie pola, wybierz jeden z 4 gotowych szablon\u00f3w uk\u0142ad\u00f3w i nie tylko.\" \/>\n<meta name=\"robots\" content=\"index, follow, max-snippet:-1, max-image-preview:large, max-video-preview:-1\" \/>\n<link rel=\"canonical\" href=\"https:\/\/elfsight.com\/pl\/subscription-form-widget\/shopify\/\" \/>\n<meta property=\"og:locale\" content=\"pl_PL\" \/>\n<meta property=\"og:type\" content=\"article\" \/>\n<meta property=\"og:title\" content=\"Dodaj aplikacj\u0119 Formularz subskrypcji do witryny Shopify (szybko i bezp\u0142atnie)\" \/>\n<meta property=\"og:description\" content=\"Osad\u017a responsywn\u0105 aplikacj\u0119 formularza subskrypcji Shopify na swojej stronie internetowej. Zaprojektuj wszystkie pola, wybierz jeden z 4 gotowych szablon\u00f3w uk\u0142ad\u00f3w i nie tylko.\" \/>\n<meta property=\"og:url\" content=\"https:\/\/elfsight.com\/pl\/subscription-form-widget\/shopify\/\" \/>\n<meta property=\"og:site_name\" content=\"Elfsight PL\" \/>\n<meta property=\"article:modified_time\" content=\"2025-06-25T10:09:24+00:00\" \/>\n<meta name=\"twitter:card\" content=\"summary_large_image\" \/>\n<meta name=\"twitter:label1\" content=\"Szacowany czas czytania\" \/>\n\t<meta name=\"twitter:data1\" content=\"3 minuty\" \/>\n<!-- \/ Yoast SEO plugin. -->","yoast_head_json":{"title":"Dodaj aplikacj\u0119 Formularz subskrypcji do witryny Shopify (szybko i bezp\u0142atnie)","description":"Osad\u017a responsywn\u0105 aplikacj\u0119 formularza subskrypcji Shopify na swojej stronie internetowej. Zaprojektuj wszystkie pola, wybierz jeden z 4 gotowych szablon\u00f3w uk\u0142ad\u00f3w i nie tylko.","robots":{"index":"index","follow":"follow","max-snippet":"max-snippet:-1","max-image-preview":"max-image-preview:large","max-video-preview":"max-video-preview:-1"},"canonical":"https:\/\/elfsight.com\/pl\/subscription-form-widget\/shopify\/","og_locale":"pl_PL","og_type":"article","og_title":"Dodaj aplikacj\u0119 Formularz subskrypcji do witryny Shopify (szybko i bezp\u0142atnie)","og_description":"Osad\u017a responsywn\u0105 aplikacj\u0119 formularza subskrypcji Shopify na swojej stronie internetowej. Zaprojektuj wszystkie pola, wybierz jeden z 4 gotowych szablon\u00f3w uk\u0142ad\u00f3w i nie tylko.","og_url":"https:\/\/elfsight.com\/pl\/subscription-form-widget\/shopify\/","og_site_name":"Elfsight PL","article_modified_time":"2025-06-25T10:09:24+00:00","twitter_card":"summary_large_image","twitter_misc":{"Szacowany czas czytania":"3 minuty"},"schema":{"@context":"https:\/\/schema.org","@graph":[{"@type":"WebPage","@id":"https:\/\/elfsight.com\/pl\/subscription-form-widget\/shopify\/","url":"https:\/\/elfsight.com\/pl\/subscription-form-widget\/shopify\/","name":"Dodaj aplikacj\u0119 Formularz subskrypcji do witryny Shopify (szybko i bezp\u0142atnie)","isPartOf":{"@id":"https:\/\/elfsight.com\/pl\/#website"},"datePublished":"1970-01-01T00:00:00+00:00","dateModified":"2025-06-25T10:09:24+00:00","description":"Osad\u017a responsywn\u0105 aplikacj\u0119 formularza subskrypcji Shopify na swojej stronie internetowej. Zaprojektuj wszystkie pola, wybierz jeden z 4 gotowych szablon\u00f3w uk\u0142ad\u00f3w i nie tylko.","breadcrumb":{"@id":"https:\/\/elfsight.com\/pl\/subscription-form-widget\/shopify\/#breadcrumb"},"inLanguage":"pl-PL","potentialAction":[{"@type":"ReadAction","target":["https:\/\/elfsight.com\/pl\/subscription-form-widget\/shopify\/"]}]},{"@type":"BreadcrumbList","@id":"https:\/\/elfsight.com\/pl\/subscription-form-widget\/shopify\/#breadcrumb","itemListElement":[{"@type":"ListItem","position":1,"name":"Home","item":"https:\/\/elfsight.com\/pl\/"},{"@type":"ListItem","position":2,"name":"Subscription Form","item":"https:\/\/elfsight.com\/pl\/subscription-form-widget\/"},{"@type":"ListItem","position":3,"name":"Subscription Form &#8211; Shopify"}]},{"@type":"WebSite","@id":"https:\/\/elfsight.com\/pl\/#website","url":"https:\/\/elfsight.com\/pl\/","name":"Elfsight PL","description":"Just another Elfsight Sites site","potentialAction":[{"@type":"SearchAction","target":{"@type":"EntryPoint","urlTemplate":"https:\/\/elfsight.com\/pl\/?s={search_term_string}"},"query-input":{"@type":"PropertyValueSpecification","valueRequired":true,"valueName":"search_term_string"}}],"inLanguage":"pl-PL"}]}},"meta_box":{"industry":"","seo_heading":"","heading":"","description":"","cta_heading":"","cta_description":"","application":"3340","h1":"Aplikacja Shopify Formularz subskrypcji","h1_caption":"Osad\u017a formularz subskrypcji, aby zbiera\u0107 e-maile i bez wysi\u0142ku rozwija\u0107 swoj\u0105 list\u0119 mailingow\u0105 w swojej witrynie Shopify.","application_category":[],"applications_title":"","applications_request_title":"","applications_request_button_text":"","hero_text":"","hero_video":"","hero_video_schema_markup":"","selling_points_title":"","selling_points_caption":"","selling_points":[],"selling_points_cta_text":"","features_title":"","features":"","ed_cta_examples_text":"","ed_cta_examples_hidden":"","ed_cta_demo_text":"","ed_cta_demo_hidden":"","why_caption":"","why_editor_title":"","why_editor_text":"","why_team_title":"","why_team_text":"","why_service_title":"","why_service_text":"","template_catalog_visible":"0","template_catalog_title":"","template_catalog_text":"","template_catalog_categories_visible":"","demo_title":"Utw\u00f3rz aplikacj\u0119 z formularzem subskrypcji","demo_caption":"Skonfiguruj sw\u00f3j formularz subskrypcji i dodaj go do swojej witryny Shopify za darmo!","default_faq_hidden":"","app_template_category":[],"platform":"7580","template_public_id":"","codecanyon_url":"","codecanyon_item_id":"","codecanyon_price":"","pricing_caption":"","pricing_elfsight_apps_hide_column":"","pricing_elfsight_apps_url":"","pricing_codecanyon_price_caption":"","integration_category":[],"integration_request_title":"","integration_request_cta":"","integration_platform":"","integrations":[],"platform_category":[],"video_schema_markup":"","price":"od 0 USD \/ miesi\u0105c","trial":"","benefits":[{"text":"Bezp\u0142atna us\u0142uga monta\u017cu"},{"text":"Wyj\u0105tkowe wsparcie"},{"text":"14-dniowa gwarancja zwrotu pieni\u0119dzy"}],"button_url":"#demo","button_target_blank":"0","button_nofollow":"0","attributes":[{"name":"Instaluje"},{"name":"Czu\u0142y"},{"name":"Kompatybilne przegl\u0105darki"}],"tags":[],"tags_disable_links":"0","hide_more_platforms":"0","video_object":"","demo_hide_cta":"0","demo_hide_cloud_options":"0","pricing_title":"","pricing":[{"pricing_icon":"platform","pricing_title":"Elfsight Apps","pricing_title_caption":"Oprogramowanie wieloplatformowe, kt\u00f3re pasuje do ka\u017cdej witryny","pricing_price":"od 0 USD \/ miesi\u0105c","pricing_price_caption":"zacznij od bezp\u0142atnego planu","pricing_benefits":[{"text":"Nielimitowane domeny"},{"text":"Dedykowane i terminowe wsparcie"},{"text":"Bezp\u0142atna pomoc w monta\u017cu"},{"text":"Elastyczny projekt"}],"pricing_button_text":"Dodaj do witryny","pricing_button_url":"#demo"}],"related_apps_title":"","related_apps_hidden":"0","author":"","image":[],"title":"","job":"","social_networks":[]},"_links":{"self":[{"href":"https:\/\/elfsight.com\/pl\/wp-json\/wp\/v2\/pages\/6701","targetHints":{"allow":["GET"]}}],"collection":[{"href":"https:\/\/elfsight.com\/pl\/wp-json\/wp\/v2\/pages"}],"about":[{"href":"https:\/\/elfsight.com\/pl\/wp-json\/wp\/v2\/types\/page"}],"author":[{"embeddable":true,"href":"https:\/\/elfsight.com\/pl\/wp-json\/wp\/v2\/users\/9"}],"replies":[{"embeddable":true,"href":"https:\/\/elfsight.com\/pl\/wp-json\/wp\/v2\/comments?post=6701"}],"version-history":[{"count":1,"href":"https:\/\/elfsight.com\/pl\/wp-json\/wp\/v2\/pages\/6701\/revisions"}],"predecessor-version":[{"id":6705,"href":"https:\/\/elfsight.com\/pl\/wp-json\/wp\/v2\/pages\/6701\/revisions\/6705"}],"up":[{"embeddable":true,"href":"https:\/\/elfsight.com\/pl\/wp-json\/wp\/v2\/pages\/3383"}],"wp:attachment":[{"href":"https:\/\/elfsight.com\/pl\/wp-json\/wp\/v2\/media?parent=6701"}],"curies":[{"name":"wp","href":"https:\/\/api.w.org\/{rel}","templated":true}]}}