{"id":67,"date":"2025-09-09T13:14:40","date_gmt":"2025-09-09T13:14:40","guid":{"rendered":"https:\/\/elfsight.com\/pl\/?page_id=67"},"modified":"2025-09-09T13:14:40","modified_gmt":"2025-09-09T13:14:40","slug":"adobe-muse-widgets","status":"publish","type":"page","link":"https:\/\/elfsight.com\/pl\/adobe-muse-widgets\/","title":{"rendered":"Adobe Muse widgets"},"content":{"rendered":"\n<h2>Najdoskonalsze wtyczki Elfsight dla wszelkich zada\u0144 twojej strony internetowej Adobe Muse<\/h2>\n\n<p>Na przestrzeni wielu lat nasza dru\u017cyna profesjonalist\u00f3w Elfsight konstruuje korzystne i konfigurowalne aplikacji chmurowe dla Twojej witryny internetowej. Elfsight gwarantuje obs\u0142ug\u0119 techniczn\u0105 oraz szybko\u015b\u0107 wczytywania. Wtyczki Elfsight s\u0142u\u017c\u0105 w\u0142a\u015bcicielom serwis\u00f3w online, edukacyjnych oraz innym na \u015bwiecie sprosta\u0107 podstawowymi kwestiami skuteczniej. \n<\/p>\n\n<p>A\u017ceby zwi\u0119kszy\u0107 sprzeda\u017c, wykaza\u0107 5-gwiazdkow\u0105 ocen\u0119 na swoje produkty, zwi\u0119kszy\u0107 zaufanie do swojej marki, poprzez zainstalowanie plugina do swojej strony internetowej. Nasze plany abonamentowe wahaj\u0105 si\u0119 od bezp\u0142atnych do premium. \u0141atwo wbudowa\u0107 wszelkie wybrane pluginy korzystaj\u0105c z naszej wersji demonstracyjnej i poznaj jak bardzo mo\u017ce to by\u0107 wa\u017cne w kwestii rozwoju witryny firmy. <\/p>\n\n<h2>Co sprawia, \u017ce nasze aplikacji Elfsight s\u0105 wyj\u0105tkowymi narz\u0119dziami dla was? <\/h2>\n\n<p> Tu jest spis powa\u017cnych cech naszych dodatk\u00f3w, kt\u00f3re pomagaj\u0105 nam wyprzedzi\u0107 konkurencj\u0119: <\/p>\n\n\n<ul>\n<li> Darmowa i sprawna wsparcie przy wbudowaniu lub customizacji rozszerze\u0144; <\/li>\n<li> W pe\u0142ni responsywne do wszystkich rozdzielczo\u015bci stron internetowych i dostosowane do urz\u0105dze\u0144 mobilnych; <\/li>\n<li> Nie musicie prosi\u0107 o pomoc programisty; <\/li>\n<li> Bogata gama mo\u017cliwo\u015bci personalizacji; <\/li>\n<li> Przechowywanie danych chmurze pomagaj\u0105 zwi\u0119kszy\u0107 pr\u0119dko\u015b\u0107 wczytywania serwisu; <\/li>\n<li> Wszystkie dost\u0119pne aktualizacje s\u0105 darmowe i regularne; <\/li>\n<li> Rozs\u0105dny zakres cen; <\/li>\n<li> Szybka pomoc w przypadku problem\u00f3w. <\/li>\n<\/ul>\n\n<p> Zbadaj bezp\u0142atne opcje naszych rozszerze\u0144 i zrozumiej jej potencja\u0142 lub zainstaluj dowolne wymagane rozwi\u0105zanie z 20% rabatem.<\/p>\n\n\n<h2> W jaki spos\u00f3b do\u0142\u0105czy\u0107 dodatki na swojej witrynie Adobe Muse <\/h2>\n\n<p> Mo\u017cesz doda\u0107 pluginy, zobaczy\u0107 nast\u0119pnie kroki z kr\u00f3tkiej wskaz\u00f3wki: <\/p>\n\n\n<ol>\n<li> Wybierz odpowiedni\u0105 wtyczk\u0119; <\/li>\n<li> Zmodyfikuj wszystkie odpowiednie konfiguracji; <\/li>\n<li> Zapisz zmiany; <\/li>\n<li> Otrzymaj wygenerowany kod; <\/li>\n<li> Zainstaluj kod instalacji w przydatnym miejscu Pa\u0144stwa strony lub szablonu; <\/li>\n<li> Gotowe! Uda\u0142o Ci si\u0119 zintegrowa\u0107 plugin. <\/li>\n<\/ol>\n\n<p> Je\u015bli potrzebujesz porady, prosimy wys\u0142a\u0107 wiadomo\u015b\u0107 do zespo\u0142u wspieraj\u0105cego Elfsight. <\/p>\n","protected":false},"excerpt":{"rendered":"Najdoskonalsze wtyczki Elfsight dla wszelkich zada\u0144 twojej strony internetowej Adobe Muse Na przestrzeni wielu lat nasza dru\u017cyna profesjonalist\u00f3w Elfsight konstruuje korzystne i konfigurowalne aplikacji chmurowe dla Twojej witryny internetowej. Elfsight gwarantuje obs\u0142ug\u0119 techniczn\u0105 oraz szybko\u015b\u0107 wczytywania. Wtyczki Elfsight s\u0142u\u017c\u0105 w\u0142a\u015bcicielom serwis\u00f3w online, edukacyjnych oraz innym na \u015bwiecie sprosta\u0107 podstawowymi kwestiami&#8230;","protected":false},"author":13,"featured_media":0,"parent":0,"menu_order":0,"comment_status":"closed","ping_status":"closed","template":"templates\/template-platform.php","meta":{"publish_to_discourse":"","publish_post_category":"","wpdc_auto_publish_overridden":"","wpdc_topic_tags":"","wpdc_pin_topic":"","wpdc_pin_until":"","discourse_post_id":"","discourse_permalink":"","wpdc_publishing_response":"","wpdc_publishing_error":"","footnotes":""},"class_list":["post-67","page","type-page","status-publish","hentry"],"yoast_head":"<!-- This site is optimized with the Yoast SEO plugin v25.3.1 - https:\/\/yoast.com\/wordpress\/plugins\/seo\/ -->\n<title>80+ najlepszych darmowych Adobe Muse widget\u00f3w dla strony internetowej<\/title>\n<meta name=\"description\" content=\"Lista wypr\u00f3bowanych gratisowych dodatk\u00f3w pierwszej klasy dla twojej strony www Adobe Muse. Pom\u00f3c w dostosowanie oraz rozbudowana gama opcji.\" \/>\n<meta name=\"robots\" content=\"index, follow, max-snippet:-1, max-image-preview:large, max-video-preview:-1\" \/>\n<link rel=\"canonical\" href=\"https:\/\/elfsight.com\/pl\/adobe-muse-widgets\/\" \/>\n<meta property=\"og:locale\" content=\"pl_PL\" \/>\n<meta property=\"og:type\" content=\"article\" \/>\n<meta property=\"og:title\" content=\"80+ najlepszych darmowych Adobe Muse widget\u00f3w dla strony internetowej\" \/>\n<meta property=\"og:description\" content=\"Lista wypr\u00f3bowanych gratisowych dodatk\u00f3w pierwszej klasy dla twojej strony www Adobe Muse. Pom\u00f3c w dostosowanie oraz rozbudowana gama opcji.\" \/>\n<meta property=\"og:url\" content=\"https:\/\/elfsight.com\/pl\/adobe-muse-widgets\/\" \/>\n<meta property=\"og:site_name\" content=\"Elfsight PL\" \/>\n<meta name=\"twitter:card\" content=\"summary_large_image\" \/>\n<meta name=\"twitter:label1\" content=\"Szacowany czas czytania\" \/>\n\t<meta name=\"twitter:data1\" content=\"1 minuta\" \/>\n<!-- \/ Yoast SEO plugin. -->","yoast_head_json":{"title":"80+ najlepszych darmowych Adobe Muse widget\u00f3w dla strony internetowej","description":"Lista wypr\u00f3bowanych gratisowych dodatk\u00f3w pierwszej klasy dla twojej strony www Adobe Muse. Pom\u00f3c w dostosowanie oraz rozbudowana gama opcji.","robots":{"index":"index","follow":"follow","max-snippet":"max-snippet:-1","max-image-preview":"max-image-preview:large","max-video-preview":"max-video-preview:-1"},"canonical":"https:\/\/elfsight.com\/pl\/adobe-muse-widgets\/","og_locale":"pl_PL","og_type":"article","og_title":"80+ najlepszych darmowych Adobe Muse widget\u00f3w dla strony internetowej","og_description":"Lista wypr\u00f3bowanych gratisowych dodatk\u00f3w pierwszej klasy dla twojej strony www Adobe Muse. Pom\u00f3c w dostosowanie oraz rozbudowana gama opcji.","og_url":"https:\/\/elfsight.com\/pl\/adobe-muse-widgets\/","og_site_name":"Elfsight PL","twitter_card":"summary_large_image","twitter_misc":{"Szacowany czas czytania":"1 minuta"},"schema":{"@context":"https:\/\/schema.org","@graph":[{"@type":"WebPage","@id":"https:\/\/elfsight.com\/pl\/adobe-muse-widgets\/","url":"https:\/\/elfsight.com\/pl\/adobe-muse-widgets\/","name":"80+ najlepszych darmowych Adobe Muse widget\u00f3w dla strony internetowej","isPartOf":{"@id":"https:\/\/elfsight.com\/pl\/#website"},"datePublished":"2025-09-09T13:14:40+00:00","description":"Lista wypr\u00f3bowanych gratisowych dodatk\u00f3w pierwszej klasy dla twojej strony www Adobe Muse. Pom\u00f3c w dostosowanie oraz rozbudowana gama opcji.","breadcrumb":{"@id":"https:\/\/elfsight.com\/pl\/adobe-muse-widgets\/#breadcrumb"},"inLanguage":"pl-PL","potentialAction":[{"@type":"ReadAction","target":["https:\/\/elfsight.com\/pl\/adobe-muse-widgets\/"]}]},{"@type":"BreadcrumbList","@id":"https:\/\/elfsight.com\/pl\/adobe-muse-widgets\/#breadcrumb","itemListElement":[{"@type":"ListItem","position":1,"name":"Home","item":"https:\/\/elfsight.com\/pl\/"},{"@type":"ListItem","position":2,"name":"Adobe Muse widgets"}]},{"@type":"WebSite","@id":"https:\/\/elfsight.com\/pl\/#website","url":"https:\/\/elfsight.com\/pl\/","name":"Elfsight PL","description":"Just another Elfsight Sites site","potentialAction":[{"@type":"SearchAction","target":{"@type":"EntryPoint","urlTemplate":"https:\/\/elfsight.com\/pl\/?s={search_term_string}"},"query-input":{"@type":"PropertyValueSpecification","valueRequired":true,"valueName":"search_term_string"}}],"inLanguage":"pl-PL"}]}},"meta_box":{"industry":"","seo_heading":"","heading":"","description":"","cta_heading":"","cta_description":"","application":"","h1":"Najlepsze Adobe Muse widgety","h1_caption":"Gratisowy katalog gotowych do u\u017cycia dodatk\u00f3w wysokiej klasy z szerok\u0105 gam\u0105 mo\u017cliwo\u015bci dla zwi\u0119kszenia zapotrzebowania u\u017cytkownika oraz realizacji wszystkich r\u00f3\u017cnych cel\u00f3w o charakterze handlowym. Nieskomplikowana integracja, szeroka oferta mo\u017cliwo\u015bci modyfikacji i do\u017cywotnia obs\u0142uga klienta.","application_category":[],"applications_title":"Spotkaj najodpowiedniejsze widgety dla twojej strony internetowej w edytorze internetowym","applications_request_title":"Nie mo\u017cesz znale\u017a\u0107 odpowiedniej aplikacji?","applications_request_button_text":"Zam\u00f3w aplikacje","hero_text":"","hero_video":"","hero_video_schema_markup":"","selling_points_title":"","selling_points_caption":"","selling_points":[],"selling_points_cta_text":"","features_title":"","features":"","ed_cta_examples_text":"","ed_cta_examples_hidden":"","ed_cta_demo_text":"","ed_cta_demo_hidden":"","why_caption":"","why_editor_title":"","why_editor_text":"","why_team_title":"","why_team_text":"","why_service_title":"","why_service_text":"","template_catalog_visible":"","template_catalog_title":"","template_catalog_text":"","template_catalog_categories_visible":"","demo_title":"","demo_caption":"","default_faq_hidden":"","app_template_category":[],"platform":"38","template_public_id":"","codecanyon_url":"","codecanyon_item_id":"","codecanyon_price":"","pricing_caption":"","pricing_elfsight_apps_hide_column":"","pricing_elfsight_apps_url":"","pricing_codecanyon_price_caption":"","integration_category":[],"integration_request_title":"","integration_request_cta":"","integration_platform":"","integrations":[],"platform_category":[],"video_schema_markup":"","price":"","trial":"","benefits":[],"button_url":"","button_target_blank":"","button_nofollow":"","attributes":[],"tags":[],"tags_disable_links":"","hide_more_platforms":"","video_object":"","demo_hide_cta":"","demo_hide_cloud_options":"","pricing_title":"","pricing":[],"related_apps_title":"","related_apps_hidden":"","author":"","image":[],"title":"","job":"","social_networks":[]},"_links":{"self":[{"href":"https:\/\/elfsight.com\/pl\/wp-json\/wp\/v2\/pages\/67","targetHints":{"allow":["GET"]}}],"collection":[{"href":"https:\/\/elfsight.com\/pl\/wp-json\/wp\/v2\/pages"}],"about":[{"href":"https:\/\/elfsight.com\/pl\/wp-json\/wp\/v2\/types\/page"}],"author":[{"embeddable":true,"href":"https:\/\/elfsight.com\/pl\/wp-json\/wp\/v2\/users\/13"}],"replies":[{"embeddable":true,"href":"https:\/\/elfsight.com\/pl\/wp-json\/wp\/v2\/comments?post=67"}],"version-history":[{"count":4,"href":"https:\/\/elfsight.com\/pl\/wp-json\/wp\/v2\/pages\/67\/revisions"}],"predecessor-version":[{"id":2928,"href":"https:\/\/elfsight.com\/pl\/wp-json\/wp\/v2\/pages\/67\/revisions\/2928"}],"wp:attachment":[{"href":"https:\/\/elfsight.com\/pl\/wp-json\/wp\/v2\/media?parent=67"}],"curies":[{"name":"wp","href":"https:\/\/api.w.org\/{rel}","templated":true}]}}