{"id":6694,"date":"1970-01-01T00:00:00","date_gmt":"1970-01-01T00:00:00","guid":{"rendered":"https:\/\/elfsight.com\/pl\/?page_id=6694"},"modified":"2024-11-14T08:48:01","modified_gmt":"2024-11-14T08:48:01","slug":"webnode","status":"publish","type":"page","link":"https:\/\/elfsight.com\/pl\/subscription-form-widget\/webnode\/","title":{"rendered":"Subscription Form &#8211; Webnode"},"content":{"rendered":"<div class=\"application-platform-content-item-description application-platform-content-item\" id=\"description\" data-nav-section=\"description\"> <h2>Opis<\/h2> <p>Formularz subskrypcji Elfsight dla Webnode to przydatny widget umo\u017cliwiaj\u0105cy zbieranie e-maili. Wid\u017cet umo\u017cliwia nie tylko powi\u0119kszanie listy e-mailowej, ale tak\u017ce robienie tego z sukcesem \u2014 mo\u017cesz do\u0142\u0105czy\u0107 nag\u0142\u00f3wek do formularza z informacyjnym podpisem, poprosi\u0107 o imi\u0119, nazwisko, adres e-mail lub zachowa\u0107 prostot\u0119 i umieszcza\u0107 tylko wpisz tam pole e-mail i dodaj etykiet\u0119 informacyjn\u0105 oraz element zast\u0119pczy. Masz r\u00f3wnie\u017c mo\u017cliwo\u015b\u0107 po\u0142\u0105czenia wtyczki Formularza subskrypcji z us\u0142ug\u0105 Mailchimp. Za pomoc\u0105 jednego z czterech gotowych szablon\u00f3w uk\u0142ad\u00f3w stworzysz narz\u0119dzie, kt\u00f3re dzia\u0142a dok\u0142adnie tak, jak potrzebujesz. <\/p> <p><b>Zaprezentuj swoje formularze subskrypcji w\u0142a\u015bciwym osobom na odpowiednich stronach witryny i zapobiegnij ich odrzucaniu! <\/b><\/p> <\/div> <div class=\"application-platform-content-item-features application-platform-content-item\" id=\"features\" data-nav-section=\"features\"> <h2>Oferujemy cenne i szybkie funkcje, oto niekt\u00f3re z nich: <\/h2> <ul><li>Dodaj nag\u0142\u00f3wek z informacyjny podpis. <\/li><li>Po\u0142\u0105cz sw\u00f3j formularz z Mailchimpem <\/li><li>Uzyskaj swoj\u0105 baz\u0119 danych e-mail w formacie CSV. <\/li><li>Dostosowywalne pola formularzy. <\/li><li>Do wyboru cztery uk\u0142ady: okienko, osadzony, z boku, wyskakuj\u0105ce okienko. <\/li><\/ul><p><a href=\"#demo\">Wypr\u00f3buj wszystkie funkcje personalizacji w pe\u0142nej wersji demonstracyjnej<\/a><\/p> <\/div> <div class=\"application-platform-content-item-installation application-platform-content-item\" id=\"installation\" data-nav-section=\"installation\"> <h2>Jak doda\u0107 formularz subskrypcji do mojej witryny Webnode? <\/h2> <p>Wystarczy post\u0119powa\u0107 zgodnie z poni\u017cszymi instrukcjami, aby aktywowa\u0107 narz\u0119dzie. <\/p> <ol><li><b>Skorzystaj z naszego bezp\u0142atnego konfiguratora i zacznij tworzy\u0107 sw\u00f3j w\u0142asny widget. <\/b><br> Wybierz po\u017c\u0105dany wygl\u0105d i specyfikacje wid\u017cetu i zastosuj modyfikacje. <\/li> <li><b>Skopiuj sw\u00f3j indywidualny kod wy\u015bwietlony w polu aplikacji Elfsight. <\/b><br> Po zako\u0144czeniu konfiguracji wid\u017cetu skopiuj indywidualny kod z wyskakuj\u0105cego okienka i zapisz go do dalszego wykorzystania. <\/li> <li><b>Rozpocznij korzystanie z narz\u0119dzia w witrynie Webnode. <\/b><br> Dodaj ostatnio skopiowany kod do swojej witryny i zapisz ulepszenia. <\/li> <li><b>Gotowe! Osadzanie zosta\u0142o w pe\u0142ni zako\u0144czone. <\/b><br> Wejd\u017a na swoj\u0105 stron\u0119 i obserwuj prac\u0119 widgetu. <\/li><\/ol> <p>Je\u015bli napotkasz jakie\u015b przeszkody, nie wahaj si\u0119 i zwr\u00f3\u0107 si\u0119 do naszego personelu pomocniczego. Nasi ludzie ch\u0119tnie odpowiedz\u0105 na wszystkie pytania dotycz\u0105ce tego narz\u0119dzia. <\/p><div class=\"faq\" data-component=\"FAQ\"> <div class=\"faq-item\">\r\n\t\t\t\t\t<div class=\"faq-item-question\">\r\n\t\t\t\t\t\t<h3 class=\"faq-item-question-text\">Jak doda\u0107 Kreatora formularzy do mojej witryny Webnode bez umiej\u0119tno\u015bci kodowania?<\/h3>\r\n\r\n\t\t\t\t\t\t<div class=\"faq-item-question-icon\"><\/div>\r\n\t\t\t\t\t<\/div>\r\n\r\n\t\t\t\t\t<div class=\"faq-item-answer\">\r\n\t\t\t\t\t\t<div class=\"faq-item-answer-text\"> <p>Elfsight zapewnia rozwi\u0105zanie SaaS, kt\u00f3re pozwala samodzielnie utworzy\u0107 wid\u017cet Kreatora formularzy, zobacz, jak \u0142atwy jest ten proces to: Pracuj bezpo\u015brednio w edytorze online, aby utworzy\u0107 wid\u017cet Konstruktora formularzy, kt\u00f3ry chcesz zobaczy\u0107 na swojej stronie internetowej Webnode. Wybierz jeden z gotowych szablon\u00f3w i dostosuj ustawienia Kreatora formularzy, dodaj tre\u015b\u0107, zmie\u0144 uk\u0142ad i kolory bez umiej\u0119tno\u015bci kodowania. Zapisz Kreator formularzy i skopiuj jego kod instalacyjny, kt\u00f3ry mo\u017cesz umie\u015bci\u0107 na swojej stronie internetowej Webnode bez konieczno\u015bci kupowania p\u0142atnej subskrypcji. Dzi\u0119ki naszemu intuicyjnemu edytorowi ka\u017cdy u\u017cytkownik Internetu mo\u017ce stworzy\u0107 wid\u017cet Form Builder online i \u0142atwo osadzi\u0107 go na swojej stronie internetowej Webnode. Aby uzyska\u0107 dost\u0119p do us\u0142ugi, nie trzeba p\u0142aci\u0107 ani wprowadza\u0107 danych uwierzytelniaj\u0105cych karty. Je\u015bli na kt\u00f3rymkolwiek etapie napotkasz jakiekolwiek problemy, skontaktuj si\u0119 z naszym zespo\u0142em pomocy technicznej.<\/p> <\/div>\r\n\t\t\t\t\t<\/div>\r\n\t\t\t\t<\/div><div class=\"faq-item\">\r\n\t\t\t\t\t<div class=\"faq-item-question\">\r\n\t\t\t\t\t\t<h3 class=\"faq-item-question-text\">Czy udost\u0119pniasz szablony formularzy subskrypcji dla witryny Webnode?<\/h3>\r\n\r\n\t\t\t\t\t\t<div class=\"faq-item-question-icon\"><\/div>\r\n\t\t\t\t\t<\/div>\r\n\r\n\t\t\t\t\t<div class=\"faq-item-answer\">\r\n\t\t\t\t\t\t<div class=\"faq-item-answer-text\"><p>Tak, do wyboru jest ponad 300 gotowych szablon\u00f3w. Wypr\u00f3buj <a href=\"https:\/\/elfsight.com\/online-form-builder\/templates\/subscription-forms\/\">szablony formularzy subskrypcji<\/a> i powiedz nam, kt\u00f3ry najbardziej Ci si\u0119 podoba.<\/p><\/div>\r\n\t\t\t\t\t<\/div>\r\n\t\t\t\t<\/div> <\/div> <\/div>","protected":false},"excerpt":{"rendered":"","protected":false},"author":9,"featured_media":0,"parent":3383,"menu_order":0,"comment_status":"closed","ping_status":"closed","template":"templates\/template-application-platform.php","meta":{"publish_to_discourse":"","publish_post_category":"","wpdc_auto_publish_overridden":"","wpdc_topic_tags":"","wpdc_pin_topic":"","wpdc_pin_until":"","discourse_post_id":"","discourse_permalink":"","wpdc_publishing_response":"","wpdc_publishing_error":"","footnotes":""},"class_list":["post-6694","page","type-page","status-publish","hentry"],"yoast_head":"<!-- This site is optimized with the Yoast SEO plugin v25.3.1 - https:\/\/yoast.com\/wordpress\/plugins\/seo\/ -->\n<title>Dodaj wid\u017cet Formularza subskrypcji do witryny Webnode (szybko i bezp\u0142atnie)<\/title>\n<meta name=\"description\" content=\"Umie\u015b\u0107 na swojej stronie responsywny wid\u017cet formularza subskrypcji Webnode. Zaprojektuj wszystkie pola, wybierz jeden z czterech gotowych uk\u0142ad\u00f3w i nie tylko.\" \/>\n<meta name=\"robots\" content=\"index, follow, max-snippet:-1, max-image-preview:large, max-video-preview:-1\" \/>\n<link rel=\"canonical\" href=\"https:\/\/elfsight.com\/pl\/subscription-form-widget\/webnode\/\" \/>\n<meta property=\"og:locale\" content=\"pl_PL\" \/>\n<meta property=\"og:type\" content=\"article\" \/>\n<meta property=\"og:title\" content=\"Dodaj wid\u017cet Formularza subskrypcji do witryny Webnode (szybko i bezp\u0142atnie)\" \/>\n<meta property=\"og:description\" content=\"Umie\u015b\u0107 na swojej stronie responsywny wid\u017cet formularza subskrypcji Webnode. Zaprojektuj wszystkie pola, wybierz jeden z czterech gotowych uk\u0142ad\u00f3w i nie tylko.\" \/>\n<meta property=\"og:url\" content=\"https:\/\/elfsight.com\/pl\/subscription-form-widget\/webnode\/\" \/>\n<meta property=\"og:site_name\" content=\"Elfsight PL\" \/>\n<meta property=\"article:modified_time\" content=\"2024-11-14T08:48:01+00:00\" \/>\n<meta name=\"twitter:card\" content=\"summary_large_image\" \/>\n<meta name=\"twitter:label1\" content=\"Szacowany czas czytania\" \/>\n\t<meta name=\"twitter:data1\" content=\"3 minuty\" \/>\n<!-- \/ Yoast SEO plugin. -->","yoast_head_json":{"title":"Dodaj wid\u017cet Formularza subskrypcji do witryny Webnode (szybko i bezp\u0142atnie)","description":"Umie\u015b\u0107 na swojej stronie responsywny wid\u017cet formularza subskrypcji Webnode. Zaprojektuj wszystkie pola, wybierz jeden z czterech gotowych uk\u0142ad\u00f3w i nie tylko.","robots":{"index":"index","follow":"follow","max-snippet":"max-snippet:-1","max-image-preview":"max-image-preview:large","max-video-preview":"max-video-preview:-1"},"canonical":"https:\/\/elfsight.com\/pl\/subscription-form-widget\/webnode\/","og_locale":"pl_PL","og_type":"article","og_title":"Dodaj wid\u017cet Formularza subskrypcji do witryny Webnode (szybko i bezp\u0142atnie)","og_description":"Umie\u015b\u0107 na swojej stronie responsywny wid\u017cet formularza subskrypcji Webnode. Zaprojektuj wszystkie pola, wybierz jeden z czterech gotowych uk\u0142ad\u00f3w i nie tylko.","og_url":"https:\/\/elfsight.com\/pl\/subscription-form-widget\/webnode\/","og_site_name":"Elfsight PL","article_modified_time":"2024-11-14T08:48:01+00:00","twitter_card":"summary_large_image","twitter_misc":{"Szacowany czas czytania":"3 minuty"},"schema":{"@context":"https:\/\/schema.org","@graph":[{"@type":"WebPage","@id":"https:\/\/elfsight.com\/pl\/subscription-form-widget\/webnode\/","url":"https:\/\/elfsight.com\/pl\/subscription-form-widget\/webnode\/","name":"Dodaj wid\u017cet Formularza subskrypcji do witryny Webnode (szybko i bezp\u0142atnie)","isPartOf":{"@id":"https:\/\/elfsight.com\/pl\/#website"},"datePublished":"1970-01-01T00:00:00+00:00","dateModified":"2024-11-14T08:48:01+00:00","description":"Umie\u015b\u0107 na swojej stronie responsywny wid\u017cet formularza subskrypcji Webnode. Zaprojektuj wszystkie pola, wybierz jeden z czterech gotowych uk\u0142ad\u00f3w i nie tylko.","breadcrumb":{"@id":"https:\/\/elfsight.com\/pl\/subscription-form-widget\/webnode\/#breadcrumb"},"inLanguage":"pl-PL","potentialAction":[{"@type":"ReadAction","target":["https:\/\/elfsight.com\/pl\/subscription-form-widget\/webnode\/"]}]},{"@type":"BreadcrumbList","@id":"https:\/\/elfsight.com\/pl\/subscription-form-widget\/webnode\/#breadcrumb","itemListElement":[{"@type":"ListItem","position":1,"name":"Home","item":"https:\/\/elfsight.com\/pl\/"},{"@type":"ListItem","position":2,"name":"Subscription Form","item":"https:\/\/elfsight.com\/pl\/subscription-form-widget\/"},{"@type":"ListItem","position":3,"name":"Subscription Form &#8211; Webnode"}]},{"@type":"WebSite","@id":"https:\/\/elfsight.com\/pl\/#website","url":"https:\/\/elfsight.com\/pl\/","name":"Elfsight PL","description":"Just another Elfsight Sites site","potentialAction":[{"@type":"SearchAction","target":{"@type":"EntryPoint","urlTemplate":"https:\/\/elfsight.com\/pl\/?s={search_term_string}"},"query-input":{"@type":"PropertyValueSpecification","valueRequired":true,"valueName":"search_term_string"}}],"inLanguage":"pl-PL"}]}},"meta_box":{"industry":"","seo_heading":"","heading":"","description":"","cta_heading":"","cta_description":"","application":"3340","h1":"Wid\u017cet formularza subskrypcji Webnode","h1_caption":"Osad\u017a formularz subskrypcji, aby zbiera\u0107 e-maile i bez wysi\u0142ku powi\u0119ksza\u0107 swoj\u0105 list\u0119 mailingow\u0105 w swojej witrynie Webnode.","application_category":[],"applications_title":"","applications_request_title":"","applications_request_button_text":"","hero_text":"","hero_video":"","hero_video_schema_markup":"","selling_points_title":"","selling_points_caption":"","selling_points":[],"selling_points_cta_text":"","features_title":"","features":"","ed_cta_examples_text":"","ed_cta_examples_hidden":"","ed_cta_demo_text":"","ed_cta_demo_hidden":"","why_caption":"","why_editor_title":"","why_editor_text":"","why_team_title":"","why_team_text":"","why_service_title":"","why_service_text":"","template_catalog_visible":"","template_catalog_title":"","template_catalog_text":"","template_catalog_categories_visible":"","demo_title":"Utw\u00f3rz wid\u017cet Formularza subskrypcji","demo_caption":"Skonfiguruj sw\u00f3j formularz subskrypcji i dodaj go do swojej witryny Webnode za darmo!","default_faq_hidden":"","app_template_category":[],"platform":"138","template_public_id":"","codecanyon_url":"","codecanyon_item_id":"","codecanyon_price":"","pricing_caption":"","pricing_elfsight_apps_hide_column":"","pricing_elfsight_apps_url":"","pricing_codecanyon_price_caption":"","integration_category":[],"integration_request_title":"","integration_request_cta":"","integration_platform":"","integrations":[],"platform_category":[],"video_schema_markup":"","price":"od 0 USD \/ miesi\u0105c","trial":"","benefits":[{"text":"Bezp\u0142atna us\u0142uga monta\u017cu"},{"text":"Wsparcie premium"},{"text":"14-dniowa gwarancja zwrotu pieni\u0119dzy"}],"button_url":"#demo","button_target_blank":"","button_nofollow":"","attributes":[{"name":"Instaluje"},{"name":"Czu\u0142y"},{"name":"Kompatybilne przegl\u0105darki"}],"tags":[],"tags_disable_links":"","hide_more_platforms":"","video_object":"","demo_hide_cta":"","demo_hide_cloud_options":"","pricing_title":"","pricing":[{"pricing_icon":"platform","pricing_title":"Elfsight Apps","pricing_title_caption":"Oprogramowanie wieloplatformowe, kt\u00f3re dzia\u0142a na dowolnej witrynie","pricing_price":"od 0 USD \/ miesi\u0105c","pricing_price_caption":"zacznij od bezp\u0142atnego planu","pricing_benefits":[{"text":"Nielimitowane strony internetowe"},{"text":"Bezp\u0142atne i terminowe wsparcie"},{"text":"Bezp\u0142atna pomoc w monta\u017cu"},{"text":"100% konfigurowalny"}],"pricing_button_text":"Dodaj do witryny","pricing_button_url":"#demo"}],"related_apps_title":"","related_apps_hidden":"","author":"","image":[],"title":"","job":"","social_networks":[]},"_links":{"self":[{"href":"https:\/\/elfsight.com\/pl\/wp-json\/wp\/v2\/pages\/6694","targetHints":{"allow":["GET"]}}],"collection":[{"href":"https:\/\/elfsight.com\/pl\/wp-json\/wp\/v2\/pages"}],"about":[{"href":"https:\/\/elfsight.com\/pl\/wp-json\/wp\/v2\/types\/page"}],"author":[{"embeddable":true,"href":"https:\/\/elfsight.com\/pl\/wp-json\/wp\/v2\/users\/9"}],"replies":[{"embeddable":true,"href":"https:\/\/elfsight.com\/pl\/wp-json\/wp\/v2\/comments?post=6694"}],"version-history":[{"count":1,"href":"https:\/\/elfsight.com\/pl\/wp-json\/wp\/v2\/pages\/6694\/revisions"}],"predecessor-version":[{"id":6698,"href":"https:\/\/elfsight.com\/pl\/wp-json\/wp\/v2\/pages\/6694\/revisions\/6698"}],"up":[{"embeddable":true,"href":"https:\/\/elfsight.com\/pl\/wp-json\/wp\/v2\/pages\/3383"}],"wp:attachment":[{"href":"https:\/\/elfsight.com\/pl\/wp-json\/wp\/v2\/media?parent=6694"}],"curies":[{"name":"wp","href":"https:\/\/api.w.org\/{rel}","templated":true}]}}