{"id":6688,"date":"1970-01-01T00:00:00","date_gmt":"1970-01-01T00:00:00","guid":{"rendered":"https:\/\/elfsight.com\/pl\/?page_id=6688"},"modified":"2024-11-14T08:47:53","modified_gmt":"2024-11-14T08:47:53","slug":"wix","status":"publish","type":"page","link":"https:\/\/elfsight.com\/pl\/subscription-form-widget\/wix\/","title":{"rendered":"Subscription Form &#8211; Wix"},"content":{"rendered":"<div class=\"application-platform-content-item-description application-platform-content-item\" id=\"description\" data-nav-section=\"description\"> <h2>Opis<\/h2> <p>Formularz subskrypcji Elfsight dla Wix to wydajna aplikacja umo\u017cliwiaj\u0105ca otrzymywanie e-maili. Narz\u0119dzie daje Ci mo\u017cliwo\u015b\u0107 nie tylko pomno\u017cenia listy e-mailowej, ale zrobienia tego efektywnie &#8211; mo\u017cesz do nag\u0142\u00f3wka do\u0142\u0105czy\u0107 podpis informacyjny, poprosi\u0107 o podanie imienia adresu e-mail lub zachowa\u0107 prostot\u0119 i umie\u015bci\u0107 tylko pole e-mail i doda\u0107 etykieta obja\u015bniaj\u0105ca i symbol zast\u0119pczy. Masz tak\u017ce mo\u017cliwo\u015b\u0107 po\u0142\u0105czenia wid\u017cetu Formularza subskrypcji z Mailchimpem. Dzi\u0119ki jednemu z czterech gotowych do u\u017cycia szablon\u00f3w uk\u0142ad\u00f3w mo\u017cesz stworzy\u0107 narz\u0119dzie, kt\u00f3re dzia\u0142a dok\u0142adnie tak, jak potrzebujesz. <\/p> <p><b>Udost\u0119pnij formularze subskrypcji w\u0142a\u015bciwym osobom na w\u0142a\u015bciwych stronach Twojej witryny i uniemo\u017cliwij im opuszczenie witryny! <\/b><\/p> <\/div> <div class=\"application-platform-content-item-features application-platform-content-item\" id=\"features\" data-nav-section=\"features\"> <h2>Oferujemy przydatne i szybkie funkcje, sprawd\u017a niekt\u00f3re z nich: <\/h2> <ul><li>Do\u0142\u0105cz nag\u0142\u00f3wek z poci\u0105gaj\u0105cy napis. <\/li><li>Zintegruj formularz z us\u0142ug\u0105 Mailchimp<\/li><li>Pobierz swoj\u0105 list\u0119 e-mailow\u0105 w formacie CSV. <\/li><li>Zarz\u0105dzane pola formularzy. <\/li><li>4 szablony uk\u0142ad\u00f3w do wyboru: okienko, osadzony, wyskakuj\u0105cy, z boku. <\/li><\/ul><p><a href=\"#demo\">Przetestuj wszystkie opcje dostosowywania w pe\u0142nej wersji demonstracyjnej<\/a><\/p> <\/div> <div class=\"application-platform-content-item-installation application-platform-content-item\" id=\"installation\" data-nav-section=\"installation\"> <h2>Jak osadzi\u0107 formularz subskrypcji na mojej stronie Wix? <\/h2> <p>Wystarczy wykona\u0107 kilka krok\u00f3w opisanych poni\u017cej, aby doda\u0107 aplikacj\u0119. <\/p> <ol><li><b>Wykonaj nasz darmowy konfigurator i zacznij tworzy\u0107 swoj\u0105 unikaln\u0105 aplikacj\u0119. <\/b><br> Wybierz po\u017c\u0105dany wygl\u0105d i specyfikacje aplikacji i zapisz poprawki. <\/li> <li><b>Uzyskaj osobisty kod pokazany w specjalnym formularzu w aplikacjach Elfsight. <\/b><br> Po zako\u0144czeniu konfiguracji narz\u0119dzia skopiuj indywidualny kod z wy\u015bwietlonego pola i zachowaj go do wykorzystania w przysz\u0142o\u015bci. <\/li> <li><b>Rozpocznij korzystanie z aplikacji na platformie Wix. <\/b><br> Wklej ostatnio zapisany kod na swoj\u0105 stron\u0119 i zapisz poprawki. <\/li> <li><b>Instalacja zosta\u0142a pomy\u015blnie przeprowadzona. <\/b><br> Przejd\u017a do swojej witryny, aby sprawdzi\u0107 dzia\u0142anie aplikacji. <\/li><\/ol> <p>Je\u015bli masz do czynienia z zapytaniami lub napotykasz pewne komplikacje, mo\u017cesz bez wahania zwr\u00f3ci\u0107 si\u0119 do naszego personelu obs\u0142ugi klienta. Nasi specjali\u015bci z przyjemno\u015bci\u0105 odpowiedz\u0105 na wszystkie pytania dotycz\u0105ce wtyczki. <\/p> <div class=\"faq\" data-component=\"FAQ\"> <div class=\"faq-item\">\r\n\t\t\t\t\t<div class=\"faq-item-question\">\r\n\t\t\t\t\t\t<h3 class=\"faq-item-question-text\">Jak doda\u0107 Kreator formularzy do mojej witryny Wix bez umiej\u0119tno\u015bci kodowania?<\/h3>\r\n\r\n\t\t\t\t\t\t<div class=\"faq-item-question-icon\"><\/div>\r\n\t\t\t\t\t<\/div>\r\n\r\n\t\t\t\t\t<div class=\"faq-item-answer\">\r\n\t\t\t\t\t\t<div class=\"faq-item-answer-text\"> <p>Elfsight zapewnia rozwi\u0105zanie SaaS, kt\u00f3re pozwala Ci samodzielnie utworzy\u0107 wid\u017cet Konstruktora formularzy, zobacz, jak \u0142atwy jest ten proces to: Pracuj bezpo\u015brednio w Edytorze online, aby utworzy\u0107 wid\u017cet Konstruktora Formularzy, kt\u00f3ry chcia\u0142by\u015b zobaczy\u0107 na swojej stronie Wix. Wybierz jeden z gotowych szablon\u00f3w i dostosuj ustawienia Kreatora formularzy, dodaj tre\u015b\u0107, zmie\u0144 uk\u0142ad i kolory bez umiej\u0119tno\u015bci kodowania. Zapisz Kreator formularzy i skopiuj jego kod instalacyjny, kt\u00f3ry mo\u017cesz umie\u015bci\u0107 na swojej stronie Wix bez konieczno\u015bci kupowania p\u0142atnej subskrypcji. Dzi\u0119ki naszemu intuicyjnemu Edytorowi ka\u017cdy u\u017cytkownik Internetu mo\u017ce stworzy\u0107 wid\u017cet Kreatora Formularzy online i \u0142atwo osadzi\u0107 go na swojej stronie Wix. Aby uzyska\u0107 dost\u0119p do us\u0142ugi, nie trzeba p\u0142aci\u0107 ani wprowadza\u0107 danych uwierzytelniaj\u0105cych karty. Je\u015bli na kt\u00f3rymkolwiek etapie napotkasz jakiekolwiek problemy, skontaktuj si\u0119 z naszym zespo\u0142em pomocy technicznej.<\/p> <\/div>\r\n\t\t\t\t\t<\/div>\r\n\t\t\t\t<\/div><div class=\"faq-item\">\r\n\t\t\t\t\t<div class=\"faq-item-question\">\r\n\t\t\t\t\t\t<h3 class=\"faq-item-question-text\">Czy masz jakie\u015b gotowe szablony formularzy subskrypcji dla witryny Wix?<\/h3>\r\n\r\n\t\t\t\t\t\t<div class=\"faq-item-question-icon\"><\/div>\r\n\t\t\t\t\t<\/div>\r\n\r\n\t\t\t\t\t<div class=\"faq-item-answer\">\r\n\t\t\t\t\t\t<div class=\"faq-item-answer-text\"><p>Tak, Elfsight oferuje ogromn\u0105 bibliotek\u0119 ponad 300 szablon\u00f3w dla ka\u017cdego przypadku. Przewi\u0144 <a href=\"https:\/\/elfsight.com\/online-form-builder\/templates\/subscription-forms\/\">szablony formularzy subskrypcji<\/a> i zdecyduj, kt\u00f3ry z nich b\u0119dzie dla Ciebie najlepszy.<\/p> <\/div>\r\n\t\t\t\t\t<\/div>\r\n\t\t\t\t<\/div> <\/div> <\/div>","protected":false},"excerpt":{"rendered":"","protected":false},"author":9,"featured_media":0,"parent":3383,"menu_order":0,"comment_status":"closed","ping_status":"closed","template":"templates\/template-application-platform.php","meta":{"publish_to_discourse":"","publish_post_category":"","wpdc_auto_publish_overridden":"","wpdc_topic_tags":"","wpdc_pin_topic":"","wpdc_pin_until":"","discourse_post_id":"","discourse_permalink":"","wpdc_publishing_response":"","wpdc_publishing_error":"","footnotes":""},"class_list":["post-6688","page","type-page","status-publish","hentry"],"yoast_head":"<!-- This site is optimized with the Yoast SEO plugin v25.3.1 - https:\/\/yoast.com\/wordpress\/plugins\/seo\/ -->\n<title>Dodaj aplikacj\u0119 Formularz subskrypcji do witryny Wix (szybko i bezp\u0142atnie)<\/title>\n<meta name=\"description\" content=\"Zaimplementuj responsywn\u0105 aplikacj\u0119 Formularza Subskrypcji Wix na swojej stronie internetowej. Dostosuj wszystkie pola, wybierz jeden z 4 szablon\u00f3w uk\u0142adu i wiele wi\u0119cej.\" \/>\n<meta name=\"robots\" content=\"index, follow, max-snippet:-1, max-image-preview:large, max-video-preview:-1\" \/>\n<link rel=\"canonical\" href=\"https:\/\/elfsight.com\/pl\/subscription-form-widget\/wix\/\" \/>\n<meta property=\"og:locale\" content=\"pl_PL\" \/>\n<meta property=\"og:type\" content=\"article\" \/>\n<meta property=\"og:title\" content=\"Dodaj aplikacj\u0119 Formularz subskrypcji do witryny Wix (szybko i bezp\u0142atnie)\" \/>\n<meta property=\"og:description\" content=\"Zaimplementuj responsywn\u0105 aplikacj\u0119 Formularza Subskrypcji Wix na swojej stronie internetowej. Dostosuj wszystkie pola, wybierz jeden z 4 szablon\u00f3w uk\u0142adu i wiele wi\u0119cej.\" \/>\n<meta property=\"og:url\" content=\"https:\/\/elfsight.com\/pl\/subscription-form-widget\/wix\/\" \/>\n<meta property=\"og:site_name\" content=\"Elfsight PL\" \/>\n<meta property=\"article:modified_time\" content=\"2024-11-14T08:47:53+00:00\" \/>\n<meta name=\"twitter:card\" content=\"summary_large_image\" \/>\n<meta name=\"twitter:label1\" content=\"Szacowany czas czytania\" \/>\n\t<meta name=\"twitter:data1\" content=\"3 minuty\" \/>\n<!-- \/ Yoast SEO plugin. -->","yoast_head_json":{"title":"Dodaj aplikacj\u0119 Formularz subskrypcji do witryny Wix (szybko i bezp\u0142atnie)","description":"Zaimplementuj responsywn\u0105 aplikacj\u0119 Formularza Subskrypcji Wix na swojej stronie internetowej. Dostosuj wszystkie pola, wybierz jeden z 4 szablon\u00f3w uk\u0142adu i wiele wi\u0119cej.","robots":{"index":"index","follow":"follow","max-snippet":"max-snippet:-1","max-image-preview":"max-image-preview:large","max-video-preview":"max-video-preview:-1"},"canonical":"https:\/\/elfsight.com\/pl\/subscription-form-widget\/wix\/","og_locale":"pl_PL","og_type":"article","og_title":"Dodaj aplikacj\u0119 Formularz subskrypcji do witryny Wix (szybko i bezp\u0142atnie)","og_description":"Zaimplementuj responsywn\u0105 aplikacj\u0119 Formularza Subskrypcji Wix na swojej stronie internetowej. Dostosuj wszystkie pola, wybierz jeden z 4 szablon\u00f3w uk\u0142adu i wiele wi\u0119cej.","og_url":"https:\/\/elfsight.com\/pl\/subscription-form-widget\/wix\/","og_site_name":"Elfsight PL","article_modified_time":"2024-11-14T08:47:53+00:00","twitter_card":"summary_large_image","twitter_misc":{"Szacowany czas czytania":"3 minuty"},"schema":{"@context":"https:\/\/schema.org","@graph":[{"@type":"WebPage","@id":"https:\/\/elfsight.com\/pl\/subscription-form-widget\/wix\/","url":"https:\/\/elfsight.com\/pl\/subscription-form-widget\/wix\/","name":"Dodaj aplikacj\u0119 Formularz subskrypcji do witryny Wix (szybko i bezp\u0142atnie)","isPartOf":{"@id":"https:\/\/elfsight.com\/pl\/#website"},"datePublished":"1970-01-01T00:00:00+00:00","dateModified":"2024-11-14T08:47:53+00:00","description":"Zaimplementuj responsywn\u0105 aplikacj\u0119 Formularza Subskrypcji Wix na swojej stronie internetowej. Dostosuj wszystkie pola, wybierz jeden z 4 szablon\u00f3w uk\u0142adu i wiele wi\u0119cej.","breadcrumb":{"@id":"https:\/\/elfsight.com\/pl\/subscription-form-widget\/wix\/#breadcrumb"},"inLanguage":"pl-PL","potentialAction":[{"@type":"ReadAction","target":["https:\/\/elfsight.com\/pl\/subscription-form-widget\/wix\/"]}]},{"@type":"BreadcrumbList","@id":"https:\/\/elfsight.com\/pl\/subscription-form-widget\/wix\/#breadcrumb","itemListElement":[{"@type":"ListItem","position":1,"name":"Home","item":"https:\/\/elfsight.com\/pl\/"},{"@type":"ListItem","position":2,"name":"Subscription Form","item":"https:\/\/elfsight.com\/pl\/subscription-form-widget\/"},{"@type":"ListItem","position":3,"name":"Subscription Form &#8211; Wix"}]},{"@type":"WebSite","@id":"https:\/\/elfsight.com\/pl\/#website","url":"https:\/\/elfsight.com\/pl\/","name":"Elfsight PL","description":"Just another Elfsight Sites site","potentialAction":[{"@type":"SearchAction","target":{"@type":"EntryPoint","urlTemplate":"https:\/\/elfsight.com\/pl\/?s={search_term_string}"},"query-input":{"@type":"PropertyValueSpecification","valueRequired":true,"valueName":"search_term_string"}}],"inLanguage":"pl-PL"}]}},"meta_box":{"industry":"","seo_heading":"","heading":"","description":"","cta_heading":"","cta_description":"","application":"3340","h1":"Aplikacja Formularz subskrypcji Wix","h1_caption":"Osad\u017a formularz subskrypcji, aby zbiera\u0107 e-maile i bez wysi\u0142ku powi\u0119ksza\u0107 swoj\u0105 list\u0119 mailingow\u0105 na swojej stronie Wix.","application_category":[],"applications_title":"","applications_request_title":"","applications_request_button_text":"","hero_text":"","hero_video":"","hero_video_schema_markup":"","selling_points_title":"","selling_points_caption":"","selling_points":[],"selling_points_cta_text":"","features_title":"","features":"","ed_cta_examples_text":"","ed_cta_examples_hidden":"","ed_cta_demo_text":"","ed_cta_demo_hidden":"","why_caption":"","why_editor_title":"","why_editor_text":"","why_team_title":"","why_team_text":"","why_service_title":"","why_service_text":"","template_catalog_visible":"","template_catalog_title":"","template_catalog_text":"","template_catalog_categories_visible":"","demo_title":"Utw\u00f3rz aplikacj\u0119 z formularzem subskrypcji","demo_caption":"Skonfiguruj sw\u00f3j formularz subskrypcji i dodaj go do swojej witryny Wix za darmo!","default_faq_hidden":"","app_template_category":[],"platform":"30","template_public_id":"","codecanyon_url":"","codecanyon_item_id":"","codecanyon_price":"","pricing_caption":"","pricing_elfsight_apps_hide_column":"","pricing_elfsight_apps_url":"","pricing_codecanyon_price_caption":"","integration_category":[],"integration_request_title":"","integration_request_cta":"","integration_platform":"","integrations":[],"platform_category":[],"video_schema_markup":"","price":"od 0 USD \/ miesi\u0105c","trial":"","benefits":[{"text":"Bezp\u0142atna pomoc w instalacji"},{"text":"Do\u015bwiadczona obs\u0142uga klienta"},{"text":"14-dniowa gwarancja zwrotu pieni\u0119dzy"}],"button_url":"#demo","button_target_blank":"","button_nofollow":"","attributes":[{"name":"Instaluje"},{"name":"Czu\u0142y"},{"name":"Kompatybilne przegl\u0105darki"}],"tags":[],"tags_disable_links":"","hide_more_platforms":"","video_object":"","demo_hide_cta":"","demo_hide_cloud_options":"","pricing_title":"","pricing":[{"pricing_icon":"platform","pricing_title":"Elfsight Apps","pricing_title_caption":"Wieloplatformowe rozwi\u0105zanie cyfrowe, kt\u00f3re dzia\u0142a na ka\u017cdej stronie internetowej","pricing_price":"od 0 USD \/ miesi\u0105c","pricing_price_caption":"zacznij od bezp\u0142atnego planu","pricing_benefits":[{"text":"Nielimitowane strony internetowe"},{"text":"Profesjonalna obs\u0142uga klienta"},{"text":"Bezp\u0142atna us\u0142uga monta\u017cu"},{"text":"W pe\u0142ni konfigurowalny"}],"pricing_button_text":"Dodaj do witryny","pricing_button_url":"#demo"}],"related_apps_title":"","related_apps_hidden":"","author":"","image":[],"title":"","job":"","social_networks":[]},"_links":{"self":[{"href":"https:\/\/elfsight.com\/pl\/wp-json\/wp\/v2\/pages\/6688","targetHints":{"allow":["GET"]}}],"collection":[{"href":"https:\/\/elfsight.com\/pl\/wp-json\/wp\/v2\/pages"}],"about":[{"href":"https:\/\/elfsight.com\/pl\/wp-json\/wp\/v2\/types\/page"}],"author":[{"embeddable":true,"href":"https:\/\/elfsight.com\/pl\/wp-json\/wp\/v2\/users\/9"}],"replies":[{"embeddable":true,"href":"https:\/\/elfsight.com\/pl\/wp-json\/wp\/v2\/comments?post=6688"}],"version-history":[{"count":1,"href":"https:\/\/elfsight.com\/pl\/wp-json\/wp\/v2\/pages\/6688\/revisions"}],"predecessor-version":[{"id":6692,"href":"https:\/\/elfsight.com\/pl\/wp-json\/wp\/v2\/pages\/6688\/revisions\/6692"}],"up":[{"embeddable":true,"href":"https:\/\/elfsight.com\/pl\/wp-json\/wp\/v2\/pages\/3383"}],"wp:attachment":[{"href":"https:\/\/elfsight.com\/pl\/wp-json\/wp\/v2\/media?parent=6688"}],"curies":[{"name":"wp","href":"https:\/\/api.w.org\/{rel}","templated":true}]}}