{"id":6680,"date":"1970-01-01T00:00:00","date_gmt":"1970-01-01T00:00:00","guid":{"rendered":"https:\/\/elfsight.com\/pl\/?page_id=6680"},"modified":"2024-10-24T12:03:00","modified_gmt":"2024-10-24T12:03:00","slug":"godaddy","status":"publish","type":"page","link":"https:\/\/elfsight.com\/pl\/subscription-form-widget\/godaddy\/","title":{"rendered":"Subscription Form &#8211; GoDaddy"},"content":{"rendered":"<div class=\"application-platform-content-item-description application-platform-content-item\" id=\"description\" data-nav-section=\"description\"> <h2>Osad\u017a formularz subskrypcji w GoDaddy za pomoc\u0105 wid\u017cetu Elfsight<\/h2> <p>Formularz subskrypcji Elfsight to wydajna wtyczka do GoDaddy umo\u017cliwiaj\u0105ca zbieranie e-maile. Nasze narz\u0119dzie daje Ci mo\u017cliwo\u015b\u0107 nie tylko zbudowania listy e-mailowej, ale zrobienia tego w spos\u00f3b wygodny &#8211; mo\u017cesz do\u0142\u0105czy\u0107 sekcj\u0119 head z podpisem, zapyta\u0107 o imi\u0119, nazwisko, adres e-mail lub upro\u015bci\u0107 i umie\u015bci\u0107 tylko pole e-mail i do\u0142\u0105cz do niego etykiet\u0119 obja\u015bniaj\u0105c\u0105 i symbol zast\u0119pczy. Masz tak\u017ce mo\u017cliwo\u015b\u0107 po\u0142\u0105czenia narz\u0119dzia Formularza subskrypcji z us\u0142ug\u0105 Mailchimp. Stosuj\u0105c jeden z czterech gotowych uk\u0142ad\u00f3w, stworzysz narz\u0119dzie, kt\u00f3re b\u0119dzie dzia\u0142a\u0107 w\u0142a\u015bnie dla Ciebie. <\/p> <p><b>Zaprezentuj formularz subskrypcji w\u0142a\u015bciwym osobom na w\u0142a\u015bciwych stronach Twojej witryny i zabezpiecz je przed odrzuceniem! <\/b><\/p> <\/div> <div class=\"application-platform-content-item-features application-platform-content-item\" id=\"features\" data-nav-section=\"features\"> <h2>Wtyczka ma praktyczne i nieskomplikowane funkcje, zobacz niekt\u00f3re z nich: <\/h2> <ul><li>Do\u0142\u0105cz nag\u0142\u00f3wek za pomoc\u0105 informacyjny podpis. <\/li><li>Zintegruj sw\u00f3j formularz z Mailchimpem <\/li><li>Uzyskaj baz\u0119 danych e-mail w formacie CSV. <\/li><li>Dostosowywalne pola formularzy. <\/li><li>Cztery uk\u0142ady do wyboru: osadzony, boczny, wyskakuj\u0105cy, okienko. <\/li><\/ul><p><a href=\"#demo\">Po prostu wypr\u00f3buj t\u0119 wersj\u0119 demonstracyjn\u0105, aby zobaczy\u0107, ile jest warta wtyczka<\/a><\/p> <\/div> <div class=\"application-platform-content-item-installation  application-platform-content-item\" id=\"installation \" data-nav-section=\"installation \"> <h2>Jak doda\u0107 formularz subskrypcji na mojej stronie GoDaddy? <\/h2> <p>Wystarczy post\u0119powa\u0107 zgodnie z poni\u017cszymi wskaz\u00f3wkami, aby wstawi\u0107 narz\u0119dzie. <\/p> <ol><li><b>Skorzystaj z naszej bezp\u0142atnej wersji demonstracyjnej i zacznij tworzy\u0107 w\u0142asn\u0105 wtyczk\u0119. <\/b><br> Okre\u015bl niestandardowy projekt i charakterystyk\u0119 wtyczki oraz zastosuj zmiany. <\/li> <li><b>Zdob\u0105d\u017a sw\u00f3j unikalny kod, kt\u00f3ry pojawi si\u0119 w oknie aplikacji Elfsight. <\/b><br> Zaraz po utworzeniu narz\u0119dzia skopiuj indywidualny kod w wy\u015bwietlonym oknie i zachowaj go do p\u00f3\u017aniejszego wykorzystania. <\/li> <li><b>Rozpocznij korzystanie z narz\u0119dzia w witrynie GoDaddy. <\/b><br> Wpisz skopiowany wcze\u015bniej kod na swojej stronie i zapisz ulepszenia. <\/li> <li><b>Gotowe! Konfiguracja zosta\u0142a ca\u0142kowicie zako\u0144czona. <\/b><br> Odwied\u017a swoj\u0105 stron\u0119, aby zapozna\u0107 si\u0119 z prac\u0105 narz\u0119dzia. <\/li><\/ol> <p>Je\u015bli napotkasz jakiekolwiek trudno\u015bci, skontaktuj si\u0119 z naszym personelem pomocy technicznej. Nasi konsultanci z przyjemno\u015bci\u0105 pomog\u0105 Ci we wszystkich problemach, jakie mo\u017cesz mie\u0107 z narz\u0119dziem. <\/p> <div class=\"faq\" data-component=\"FAQ\"> <div class=\"faq-item\">\r\n\t\t\t\t\t<div class=\"faq-item-question\">\r\n\t\t\t\t\t\t<h3 class=\"faq-item-question-text\">Jak doda\u0107 Kreatora formularzy do mojej witryny GoDaddy bez umiej\u0119tno\u015bci kodowania?<\/h3>\r\n\r\n\t\t\t\t\t\t<div class=\"faq-item-question-icon\"><\/div>\r\n\t\t\t\t\t<\/div>\r\n\r\n\t\t\t\t\t<div class=\"faq-item-answer\">\r\n\t\t\t\t\t\t<div class=\"faq-item-answer-text\"> <p>Elfsight zapewnia rozwi\u0105zanie SaaS, kt\u00f3re pozwala samodzielnie utworzy\u0107 wid\u017cet Kreatora formularzy. Zobacz, jak \u0142atwy jest ten proces to: Pracuj bezpo\u015brednio w edytorze online, aby utworzy\u0107 wid\u017cet Kreatora formularzy, kt\u00f3ry chcesz zobaczy\u0107 w swojej witrynie GoDaddy. Wybierz jeden z gotowych szablon\u00f3w i dostosuj ustawienia Kreatora formularzy, dodaj tre\u015b\u0107, zmie\u0144 uk\u0142ad i kolory bez umiej\u0119tno\u015bci kodowania. Zapisz Kreatora formularzy i skopiuj jego kod instalacyjny, dzi\u0119ki czemu b\u0119dziesz m\u00f3g\u0142 \u0142atwo doda\u0107 go do swojej witryny GoDaddy bez konieczno\u015bci kupowania p\u0142atnej subskrypcji. Dzi\u0119ki naszemu intuicyjnemu edytorowi ka\u017cdy u\u017cytkownik Internetu mo\u017ce utworzy\u0107 wid\u017cet Kreatora formularzy online i \u0142atwo osadzi\u0107 go na swojej stronie internetowej GoDaddy. Aby uzyska\u0107 dost\u0119p do us\u0142ugi, nie trzeba p\u0142aci\u0107 ani wprowadza\u0107 danych uwierzytelniaj\u0105cych karty. Je\u015bli na kt\u00f3rymkolwiek etapie napotkasz jakiekolwiek problemy, skontaktuj si\u0119 z naszym zespo\u0142em pomocy technicznej.<\/p> <\/div>\r\n\t\t\t\t\t<\/div>\r\n\t\t\t\t<\/div><div class=\"faq-item\">\r\n\t\t\t\t\t<div class=\"faq-item-question\">\r\n\t\t\t\t\t\t<h3 class=\"faq-item-question-text\">Czy udost\u0119pniasz szablony formularzy subskrypcji dla witryny GoDaddy?<\/h3>\r\n\r\n\t\t\t\t\t\t<div class=\"faq-item-question-icon\"><\/div>\r\n\t\t\t\t\t<\/div>\r\n\r\n\t\t\t\t\t<div class=\"faq-item-answer\">\r\n\t\t\t\t\t\t<div class=\"faq-item-answer-text\"><p>Tak, do wyboru jest ponad 300 gotowych szablon\u00f3w. Wypr\u00f3buj <a href=\"https:\/\/elfsight.com\/online-form-builder\/templates\/subscription-forms\/\">szablony formularzy subskrypcji<\/a> i powiedz nam, kt\u00f3ry najbardziej Ci si\u0119 podoba.<\/p><\/div>\r\n\t\t\t\t\t<\/div>\r\n\t\t\t\t<\/div> <\/div> <\/div>","protected":false},"excerpt":{"rendered":"","protected":false},"author":9,"featured_media":0,"parent":3383,"menu_order":0,"comment_status":"closed","ping_status":"closed","template":"templates\/template-application-platform.php","meta":{"publish_to_discourse":"","publish_post_category":"","wpdc_auto_publish_overridden":"","wpdc_topic_tags":"","wpdc_pin_topic":"","wpdc_pin_until":"","discourse_post_id":"","discourse_permalink":"","wpdc_publishing_response":"","wpdc_publishing_error":"","footnotes":""},"class_list":["post-6680","page","type-page","status-publish","hentry"],"yoast_head":"<!-- This site is optimized with the Yoast SEO plugin v25.3.1 - https:\/\/yoast.com\/wordpress\/plugins\/seo\/ -->\n<title>Formularz subskrypcji \u2014 dodaj wtyczk\u0119 Formularz subskrypcji do witryny GoDaddy!<\/title>\n<meta name=\"description\" content=\"Dodaj wtyczk\u0119 Formularz subskrypcji GoDaddy do swojej witryny. Zaprojektuj wszystkie pola, wybierz jeden z czterech gotowych uk\u0142ad\u00f3w i nie tylko!\" \/>\n<meta name=\"robots\" content=\"index, follow, max-snippet:-1, max-image-preview:large, max-video-preview:-1\" \/>\n<link rel=\"canonical\" href=\"https:\/\/elfsight.com\/pl\/subscription-form-widget\/godaddy\/\" \/>\n<meta property=\"og:locale\" content=\"pl_PL\" \/>\n<meta property=\"og:type\" content=\"article\" \/>\n<meta property=\"og:title\" content=\"Formularz subskrypcji \u2014 dodaj wtyczk\u0119 Formularz subskrypcji do witryny GoDaddy!\" \/>\n<meta property=\"og:description\" content=\"Dodaj wtyczk\u0119 Formularz subskrypcji GoDaddy do swojej witryny. Zaprojektuj wszystkie pola, wybierz jeden z czterech gotowych uk\u0142ad\u00f3w i nie tylko!\" \/>\n<meta property=\"og:url\" content=\"https:\/\/elfsight.com\/pl\/subscription-form-widget\/godaddy\/\" \/>\n<meta property=\"og:site_name\" content=\"Elfsight PL\" \/>\n<meta property=\"article:modified_time\" content=\"2024-10-24T12:03:00+00:00\" \/>\n<meta name=\"twitter:card\" content=\"summary_large_image\" \/>\n<meta name=\"twitter:label1\" content=\"Szacowany czas czytania\" \/>\n\t<meta name=\"twitter:data1\" content=\"3 minuty\" \/>\n<!-- \/ Yoast SEO plugin. -->","yoast_head_json":{"title":"Formularz subskrypcji \u2014 dodaj wtyczk\u0119 Formularz subskrypcji do witryny GoDaddy!","description":"Dodaj wtyczk\u0119 Formularz subskrypcji GoDaddy do swojej witryny. Zaprojektuj wszystkie pola, wybierz jeden z czterech gotowych uk\u0142ad\u00f3w i nie tylko!","robots":{"index":"index","follow":"follow","max-snippet":"max-snippet:-1","max-image-preview":"max-image-preview:large","max-video-preview":"max-video-preview:-1"},"canonical":"https:\/\/elfsight.com\/pl\/subscription-form-widget\/godaddy\/","og_locale":"pl_PL","og_type":"article","og_title":"Formularz subskrypcji \u2014 dodaj wtyczk\u0119 Formularz subskrypcji do witryny GoDaddy!","og_description":"Dodaj wtyczk\u0119 Formularz subskrypcji GoDaddy do swojej witryny. Zaprojektuj wszystkie pola, wybierz jeden z czterech gotowych uk\u0142ad\u00f3w i nie tylko!","og_url":"https:\/\/elfsight.com\/pl\/subscription-form-widget\/godaddy\/","og_site_name":"Elfsight PL","article_modified_time":"2024-10-24T12:03:00+00:00","twitter_card":"summary_large_image","twitter_misc":{"Szacowany czas czytania":"3 minuty"},"schema":{"@context":"https:\/\/schema.org","@graph":[{"@type":"WebPage","@id":"https:\/\/elfsight.com\/pl\/subscription-form-widget\/godaddy\/","url":"https:\/\/elfsight.com\/pl\/subscription-form-widget\/godaddy\/","name":"Formularz subskrypcji \u2014 dodaj wtyczk\u0119 Formularz subskrypcji do witryny GoDaddy!","isPartOf":{"@id":"https:\/\/elfsight.com\/pl\/#website"},"datePublished":"1970-01-01T00:00:00+00:00","dateModified":"2024-10-24T12:03:00+00:00","description":"Dodaj wtyczk\u0119 Formularz subskrypcji GoDaddy do swojej witryny. Zaprojektuj wszystkie pola, wybierz jeden z czterech gotowych uk\u0142ad\u00f3w i nie tylko!","breadcrumb":{"@id":"https:\/\/elfsight.com\/pl\/subscription-form-widget\/godaddy\/#breadcrumb"},"inLanguage":"pl-PL","potentialAction":[{"@type":"ReadAction","target":["https:\/\/elfsight.com\/pl\/subscription-form-widget\/godaddy\/"]}]},{"@type":"BreadcrumbList","@id":"https:\/\/elfsight.com\/pl\/subscription-form-widget\/godaddy\/#breadcrumb","itemListElement":[{"@type":"ListItem","position":1,"name":"Home","item":"https:\/\/elfsight.com\/pl\/"},{"@type":"ListItem","position":2,"name":"Subscription Form","item":"https:\/\/elfsight.com\/pl\/subscription-form-widget\/"},{"@type":"ListItem","position":3,"name":"Subscription Form &#8211; GoDaddy"}]},{"@type":"WebSite","@id":"https:\/\/elfsight.com\/pl\/#website","url":"https:\/\/elfsight.com\/pl\/","name":"Elfsight PL","description":"Just another Elfsight Sites site","potentialAction":[{"@type":"SearchAction","target":{"@type":"EntryPoint","urlTemplate":"https:\/\/elfsight.com\/pl\/?s={search_term_string}"},"query-input":{"@type":"PropertyValueSpecification","valueRequired":true,"valueName":"search_term_string"}}],"inLanguage":"pl-PL"}]}},"meta_box":{"industry":"","seo_heading":"","heading":"","description":"","cta_heading":"","cta_description":"","application":"3340","h1":"Wtyczka Formularz subskrypcji GoDaddy","h1_caption":"Osad\u017a formularz subskrypcji, aby zbiera\u0107 e-maile i bezproblemowo powi\u0119ksza\u0107 swoj\u0105 list\u0119 mailingow\u0105 w swojej witrynie GoDaddy.","application_category":[],"applications_title":"","applications_request_title":"","applications_request_button_text":"","hero_text":"","hero_video":"","hero_video_schema_markup":"","selling_points_title":"","selling_points_caption":"","selling_points":[],"selling_points_cta_text":"","features_title":"","features":"","ed_cta_examples_text":"","ed_cta_examples_hidden":"","ed_cta_demo_text":"","ed_cta_demo_hidden":"","why_caption":"","why_editor_title":"","why_editor_text":"","why_team_title":"","why_team_text":"","why_service_title":"","why_service_text":"","template_catalog_visible":"","template_catalog_title":"","template_catalog_text":"","template_catalog_categories_visible":"","demo_title":"Pospiesz si\u0119, aby utworzy\u0107 niestandardowy formularz subskrypcji GoDaddy","demo_caption":"Dostosuj go i dodaj wtyczk\u0119 na swojej stronie g\u0142\u00f3wnej, korzystaj\u0105c z wersji demonstracyjnej.","default_faq_hidden":"","app_template_category":[],"platform":"180","template_public_id":"","codecanyon_url":"","codecanyon_item_id":"","codecanyon_price":"","pricing_caption":"","pricing_elfsight_apps_hide_column":"","pricing_elfsight_apps_url":"","pricing_codecanyon_price_caption":"","integration_category":[],"integration_request_title":"","integration_request_cta":"","integration_platform":"","integrations":[],"platform_category":[],"video_schema_markup":"","price":"od 0 USD \/ miesi\u0105c","trial":"","benefits":[{"text":"Bezp\u0142atna us\u0142uga monta\u017cu"},{"text":"Wsparcie premium"},{"text":"14-dniowa gwarancja zwrotu pieni\u0119dzy"}],"button_url":"#demo","button_target_blank":"","button_nofollow":"","attributes":[{"name":"Instaluje"},{"name":"Czu\u0142y"},{"name":"Kompatybilne przegl\u0105darki"}],"tags":[],"tags_disable_links":"","hide_more_platforms":"","video_object":"","demo_hide_cta":"","demo_hide_cloud_options":"","pricing_title":"","pricing":[{"pricing_icon":"platform","pricing_title":"Elfsight Apps","pricing_title_caption":"Rozwi\u0105zanie wieloplatformowe, kt\u00f3re pasuje do ka\u017cdej witryny","pricing_price":"od 0 USD \/ miesi\u0105c","pricing_price_caption":"zacznij od bezp\u0142atnego planu","pricing_benefits":[{"text":"Nielimitowane domeny"},{"text":"Dedykowana obs\u0142uga klienta"},{"text":"Bezp\u0142atna pomoc w monta\u017cu"},{"text":"W pe\u0142ni konfigurowalny"}],"pricing_button_text":"Dodaj do witryny","pricing_button_url":"#demo"}],"related_apps_title":"","related_apps_hidden":"","author":"","image":[],"title":"","job":"","social_networks":[]},"_links":{"self":[{"href":"https:\/\/elfsight.com\/pl\/wp-json\/wp\/v2\/pages\/6680","targetHints":{"allow":["GET"]}}],"collection":[{"href":"https:\/\/elfsight.com\/pl\/wp-json\/wp\/v2\/pages"}],"about":[{"href":"https:\/\/elfsight.com\/pl\/wp-json\/wp\/v2\/types\/page"}],"author":[{"embeddable":true,"href":"https:\/\/elfsight.com\/pl\/wp-json\/wp\/v2\/users\/9"}],"replies":[{"embeddable":true,"href":"https:\/\/elfsight.com\/pl\/wp-json\/wp\/v2\/comments?post=6680"}],"version-history":[{"count":1,"href":"https:\/\/elfsight.com\/pl\/wp-json\/wp\/v2\/pages\/6680\/revisions"}],"predecessor-version":[{"id":6684,"href":"https:\/\/elfsight.com\/pl\/wp-json\/wp\/v2\/pages\/6680\/revisions\/6684"}],"up":[{"embeddable":true,"href":"https:\/\/elfsight.com\/pl\/wp-json\/wp\/v2\/pages\/3383"}],"wp:attachment":[{"href":"https:\/\/elfsight.com\/pl\/wp-json\/wp\/v2\/media?parent=6680"}],"curies":[{"name":"wp","href":"https:\/\/api.w.org\/{rel}","templated":true}]}}