{"id":6679,"date":"1970-01-01T00:00:00","date_gmt":"1970-01-01T00:00:00","guid":{"rendered":"https:\/\/elfsight.com\/pl\/?page_id=6679"},"modified":"2024-10-24T12:02:32","modified_gmt":"2024-10-24T12:02:32","slug":"prestashop","status":"publish","type":"page","link":"https:\/\/elfsight.com\/pl\/subscription-form-widget\/prestashop\/","title":{"rendered":"Subscription Form &#8211; PrestaShop"},"content":{"rendered":"<div class=\"application-platform-content-item-description application-platform-content-item\" id=\"description\" data-nav-section=\"description\"> <h2>Opis<\/h2> <p>Formularz subskrypcji Elfsight to przydatne narz\u0119dzie umo\u017cliwiaj\u0105ce zbieranie e-maili. Wtyczka daje Ci mo\u017cliwo\u015b\u0107 nie tylko zbudowania listy e-mailowej, ale zrobienia tego efektywnie &#8211; mo\u017cesz doda\u0107 nag\u0142\u00f3wek z podpisem do formularza, poprosi\u0107 o podanie imienia, adresu e-mail lub zachowa\u0107 prostot\u0119 i umie\u015bci\u0107 tylko pole e-mail i do\u0142\u0105cz do niego etykiet\u0119 obja\u015bniaj\u0105c\u0105 i symbol zast\u0119pczy. Istnieje r\u00f3wnie\u017c mo\u017cliwo\u015b\u0107 po\u0142\u0105czenia wid\u017cetu Formularza subskrypcji z Mailchimpem. Stosuj\u0105c jeden z 4 oferowanych gotowych szablon\u00f3w uk\u0142ad\u00f3w, b\u0119dziesz m\u00f3g\u0142 zaprojektowa\u0107 narz\u0119dzie, kt\u00f3re b\u0119dzie dzia\u0142a\u0107 w\u0142a\u015bnie dla Ciebie. <\/p><p><b>Zaprezentuj formularz subskrypcji w\u0142a\u015bciwym osobom na w\u0142a\u015bciwych stronach Twojej witryny i powstrzymaj ich przed odrzuceniem!<\/b><\/p><\/div> <div class=\"application-platform-content-item-features  application-platform-content-item\" id=\"features \" data-nav-section=\"features \"> <h2>Oto g\u0142\u00f3wne funkcje wid\u017cetu: <\/h2> <ul><li>Do\u0142\u0105cz sekcj\u0119 nag\u0142\u00f3wka z anga\u017cuj\u0105cym podpisem. <\/li><li>Po\u0142\u0105cz sw\u00f3j formularz subskrypcji z Mailchimpem <\/li><li>Uzyskaj swoj\u0105 baz\u0119 danych e-mail w formacie CSV. <\/li><li>Personalizowane pola formularzy. <\/li><li>Cztery uk\u0142ady do wyboru: Side-in, Pane, Embedded, Popup. <\/li><\/ul><p><a href=\"#demo\">Wypr\u00f3buj wszystkie ustawienia w pe\u0142nej wersji demonstracyjnej<\/a><\/p> <\/div> <div class=\"application-platform-content-item-installation application-platform-content-item\" id=\"installation\" data-nav-section=\"installation\"> <h2>Jak osadzi\u0107 formularz subskrypcji na mojej stronie PrestaShop? <\/h2> <p>Wystarczy wykona\u0107 poni\u017csze wskaz\u00f3wki, aby doda\u0107 wid\u017cet. <\/p> <ol><li><b>Skorzystaj z naszego bezp\u0142atnego konfiguratora i zacznij tworzy\u0107 sw\u00f3j w\u0142asny instrument.<\/b><br> Znajd\u017a po\u017c\u0105dany wygl\u0105d i funkcjonalno\u015b\u0107 wid\u017cetu i zapisz zmiany.<\/li> <li><b>Odbierz sw\u00f3j indywidualny kod pokazany w polu w aplikacjach Elfsight.<\/b><br> Po zako\u0144czeniu dostosowywania wid\u017cetu skopiuj indywidualny kod z wy\u015bwietlonego pola i zapisz go na przysz\u0142o\u015b\u0107 potrzebujesz.<\/li> <li><b>Rozpocznij korzystanie z dodatku na stronie g\u0142\u00f3wnej PrestaShop.<\/b><br> Dodaj kod, kt\u00f3ry wcze\u015bniej skopiowa\u0142e\u015b na swojej stronie i zastosuj poprawki.<\/li> &lt;li <b>Gotowe! Integracja zosta\u0142a w pe\u0142ni uko\u0144czona.<\/b><br> Odwied\u017a swoj\u0105 witryn\u0119, aby zobaczy\u0107, jak dzia\u0142a narz\u0119dzie. <\/li><\/ol> <p>W przypadku pyta\u0144 lub kolizji z jakimikolwiek komplikacjami nie wahaj si\u0119 zwr\u00f3ci\u0107 do naszego zespo\u0142u wsparcia. Nasi specjali\u015bci ch\u0119tnie pomog\u0105 Ci we wszystkich trudno\u015bciach, jakie mo\u017cesz mie\u0107 z produktem. <\/p> <div class=\"faq\" data-component=\"FAQ\"> <div class=\"faq-item\">\r\n\t\t\t\t\t<div class=\"faq-item-question\">\r\n\t\t\t\t\t\t<h3 class=\"faq-item-question-text\">Jak mog\u0119 doda\u0107 Kreator formularzy do mojej witryny PrestaShop bez umiej\u0119tno\u015bci kodowania?<\/h3>\r\n\r\n\t\t\t\t\t\t<div class=\"faq-item-question-icon\"><\/div>\r\n\t\t\t\t\t<\/div>\r\n\r\n\t\t\t\t\t<div class=\"faq-item-answer\">\r\n\t\t\t\t\t\t<div class=\"faq-item-answer-text\"> <p>Elfsight zapewnia rozwi\u0105zanie SaaS, kt\u00f3re pozwala Ci samodzielnie utworzy\u0107 wid\u017cet Konstruktora formularzy, zobacz, jak \u0142atwo proces jest nast\u0119puj\u0105cy: Pracuj bezpo\u015brednio w edytorze online, aby utworzy\u0107 wid\u017cet Kreatora formularzy, kt\u00f3ry chcia\u0142by\u015b zobaczy\u0107 na swojej stronie PrestaShop. Wybierz jeden z gotowych szablon\u00f3w i dostosuj ustawienia Kreatora formularzy, dodaj tre\u015b\u0107, zmie\u0144 uk\u0142ad i schemat kolor\u00f3w bez umiej\u0119tno\u015bci kodowania. Zapisz Kreatora formularzy i skopiuj jego kod instalacyjny, aby\u015b m\u00f3g\u0142 bez wysi\u0142ku doda\u0107 swoj\u0105 witryn\u0119 PrestaShop bez konieczno\u015bci kupowania wersji p\u0142atnej. Dzi\u0119ki naszemu intuicyjnemu edytorowi ka\u017cdy u\u017cytkownik Internetu mo\u017ce stworzy\u0107 wid\u017cet Kreator formularzy online i \u0142atwo osadzi\u0107 go na swojej stronie PrestaShop. Aby uzyska\u0107 dost\u0119p do us\u0142ugi, nie trzeba p\u0142aci\u0107 ani wprowadza\u0107 danych uwierzytelniaj\u0105cych karty. Je\u015bli na kt\u00f3rymkolwiek etapie napotkasz jakiekolwiek problemy, skontaktuj si\u0119 z naszym zespo\u0142em pomocy technicznej.<\/p> <\/div>\r\n\t\t\t\t\t<\/div>\r\n\t\t\t\t<\/div><div class=\"faq-item\">\r\n\t\t\t\t\t<div class=\"faq-item-question\">\r\n\t\t\t\t\t\t<h3 class=\"faq-item-question-text\">Czy masz gotowe szablony formularzy subskrypcji dla witryny PrestaShop?<\/h3>\r\n\r\n\t\t\t\t\t\t<div class=\"faq-item-question-icon\"><\/div>\r\n\t\t\t\t\t<\/div>\r\n\r\n\t\t\t\t\t<div class=\"faq-item-answer\">\r\n\t\t\t\t\t\t<div class=\"faq-item-answer-text\"><p>Tak, Elfsight oferuje ogromn\u0105 bibliotek\u0119 ponad 300 szablon\u00f3w dla ka\u017cdego przypadku. Przewi\u0144 <a href=\"https:\/\/elfsight.com\/online-form-builder\/templates\/subscription-forms\/\">szablony formularzy subskrypcji<\/a> i zdecyduj, kt\u00f3ry z nich b\u0119dzie dla Ciebie najlepszy.<\/p> <\/div>\r\n\t\t\t\t\t<\/div>\r\n\t\t\t\t<\/div> <\/div> <\/div>","protected":false},"excerpt":{"rendered":"","protected":false},"author":9,"featured_media":0,"parent":3383,"menu_order":0,"comment_status":"closed","ping_status":"closed","template":"templates\/template-application-platform.php","meta":{"publish_to_discourse":"","publish_post_category":"","wpdc_auto_publish_overridden":"","wpdc_topic_tags":"","wpdc_pin_topic":"","wpdc_pin_until":"","discourse_post_id":"","discourse_permalink":"","wpdc_publishing_response":"","wpdc_publishing_error":"","footnotes":""},"class_list":["post-6679","page","type-page","status-publish","hentry"],"yoast_head":"<!-- This site is optimized with the Yoast SEO plugin v25.3.1 - https:\/\/yoast.com\/wordpress\/plugins\/seo\/ -->\n<title>Dodaj wtyczk\u0119 Formularz subskrypcji do witryny PrestaShop (szybko i bezp\u0142atnie)<\/title>\n<meta name=\"description\" content=\"Zintegruj dodatek Formularz subskrypcji PrestaShop ze swoj\u0105 witryn\u0105. Dostosuj wszystkie pola, wybierz jeden z 4 szablon\u00f3w uk\u0142adu i nie tylko.\" \/>\n<meta name=\"robots\" content=\"index, follow, max-snippet:-1, max-image-preview:large, max-video-preview:-1\" \/>\n<link rel=\"canonical\" href=\"https:\/\/elfsight.com\/pl\/subscription-form-widget\/prestashop\/\" \/>\n<meta property=\"og:locale\" content=\"pl_PL\" \/>\n<meta property=\"og:type\" content=\"article\" \/>\n<meta property=\"og:title\" content=\"Dodaj wtyczk\u0119 Formularz subskrypcji do witryny PrestaShop (szybko i bezp\u0142atnie)\" \/>\n<meta property=\"og:description\" content=\"Zintegruj dodatek Formularz subskrypcji PrestaShop ze swoj\u0105 witryn\u0105. Dostosuj wszystkie pola, wybierz jeden z 4 szablon\u00f3w uk\u0142adu i nie tylko.\" \/>\n<meta property=\"og:url\" content=\"https:\/\/elfsight.com\/pl\/subscription-form-widget\/prestashop\/\" \/>\n<meta property=\"og:site_name\" content=\"Elfsight PL\" \/>\n<meta property=\"article:modified_time\" content=\"2024-10-24T12:02:32+00:00\" \/>\n<meta name=\"twitter:card\" content=\"summary_large_image\" \/>\n<meta name=\"twitter:label1\" content=\"Szacowany czas czytania\" \/>\n\t<meta name=\"twitter:data1\" content=\"3 minuty\" \/>\n<!-- \/ Yoast SEO plugin. -->","yoast_head_json":{"title":"Dodaj wtyczk\u0119 Formularz subskrypcji do witryny PrestaShop (szybko i bezp\u0142atnie)","description":"Zintegruj dodatek Formularz subskrypcji PrestaShop ze swoj\u0105 witryn\u0105. Dostosuj wszystkie pola, wybierz jeden z 4 szablon\u00f3w uk\u0142adu i nie tylko.","robots":{"index":"index","follow":"follow","max-snippet":"max-snippet:-1","max-image-preview":"max-image-preview:large","max-video-preview":"max-video-preview:-1"},"canonical":"https:\/\/elfsight.com\/pl\/subscription-form-widget\/prestashop\/","og_locale":"pl_PL","og_type":"article","og_title":"Dodaj wtyczk\u0119 Formularz subskrypcji do witryny PrestaShop (szybko i bezp\u0142atnie)","og_description":"Zintegruj dodatek Formularz subskrypcji PrestaShop ze swoj\u0105 witryn\u0105. Dostosuj wszystkie pola, wybierz jeden z 4 szablon\u00f3w uk\u0142adu i nie tylko.","og_url":"https:\/\/elfsight.com\/pl\/subscription-form-widget\/prestashop\/","og_site_name":"Elfsight PL","article_modified_time":"2024-10-24T12:02:32+00:00","twitter_card":"summary_large_image","twitter_misc":{"Szacowany czas czytania":"3 minuty"},"schema":{"@context":"https:\/\/schema.org","@graph":[{"@type":"WebPage","@id":"https:\/\/elfsight.com\/pl\/subscription-form-widget\/prestashop\/","url":"https:\/\/elfsight.com\/pl\/subscription-form-widget\/prestashop\/","name":"Dodaj wtyczk\u0119 Formularz subskrypcji do witryny PrestaShop (szybko i bezp\u0142atnie)","isPartOf":{"@id":"https:\/\/elfsight.com\/pl\/#website"},"datePublished":"1970-01-01T00:00:00+00:00","dateModified":"2024-10-24T12:02:32+00:00","description":"Zintegruj dodatek Formularz subskrypcji PrestaShop ze swoj\u0105 witryn\u0105. Dostosuj wszystkie pola, wybierz jeden z 4 szablon\u00f3w uk\u0142adu i nie tylko.","breadcrumb":{"@id":"https:\/\/elfsight.com\/pl\/subscription-form-widget\/prestashop\/#breadcrumb"},"inLanguage":"pl-PL","potentialAction":[{"@type":"ReadAction","target":["https:\/\/elfsight.com\/pl\/subscription-form-widget\/prestashop\/"]}]},{"@type":"BreadcrumbList","@id":"https:\/\/elfsight.com\/pl\/subscription-form-widget\/prestashop\/#breadcrumb","itemListElement":[{"@type":"ListItem","position":1,"name":"Home","item":"https:\/\/elfsight.com\/pl\/"},{"@type":"ListItem","position":2,"name":"Subscription Form","item":"https:\/\/elfsight.com\/pl\/subscription-form-widget\/"},{"@type":"ListItem","position":3,"name":"Subscription Form &#8211; PrestaShop"}]},{"@type":"WebSite","@id":"https:\/\/elfsight.com\/pl\/#website","url":"https:\/\/elfsight.com\/pl\/","name":"Elfsight PL","description":"Just another Elfsight Sites site","potentialAction":[{"@type":"SearchAction","target":{"@type":"EntryPoint","urlTemplate":"https:\/\/elfsight.com\/pl\/?s={search_term_string}"},"query-input":{"@type":"PropertyValueSpecification","valueRequired":true,"valueName":"search_term_string"}}],"inLanguage":"pl-PL"}]}},"meta_box":{"industry":"","seo_heading":"","heading":"","description":"","cta_heading":"","cta_description":"","application":"3340","h1":"Dodatek do formularza subskrypcji PrestaShop","h1_caption":"Osad\u017a formularz subskrypcji, aby zbiera\u0107 e-maile i bez wysi\u0142ku powi\u0119ksza\u0107 swoj\u0105 list\u0119 mailingow\u0105 w swojej witrynie Prestashop.","application_category":[],"applications_title":"","applications_request_title":"","applications_request_button_text":"","hero_text":"","hero_video":"","hero_video_schema_markup":"","selling_points_title":"","selling_points_caption":"","selling_points":[],"selling_points_cta_text":"","features_title":"","features":"","ed_cta_examples_text":"","ed_cta_examples_hidden":"","ed_cta_demo_text":"","ed_cta_demo_hidden":"","why_caption":"","why_editor_title":"","why_editor_text":"","why_team_title":"","why_team_text":"","why_service_title":"","why_service_text":"","template_catalog_visible":"","template_catalog_title":"","template_catalog_text":"","template_catalog_categories_visible":"","demo_title":"\u015amia\u0142o zaprojektuj dostosowany do indywidualnych potrzeb formularz subskrypcji PrestaShop","demo_caption":"Dostosuj go i umie\u015b\u0107 na swojej stronie, korzystaj\u0105c z wersji demonstracyjnej na \u017cywo.","default_faq_hidden":"","app_template_category":[],"platform":"586","template_public_id":"","codecanyon_url":"","codecanyon_item_id":"","codecanyon_price":"","pricing_caption":"","pricing_elfsight_apps_hide_column":"","pricing_elfsight_apps_url":"","pricing_codecanyon_price_caption":"","integration_category":[],"integration_request_title":"","integration_request_cta":"","integration_platform":"","integrations":[],"platform_category":[],"video_schema_markup":"","price":"od 0 USD \/ miesi\u0105c","trial":"","benefits":[{"text":"Bezp\u0142atna us\u0142uga monta\u017cu"},{"text":"Wyj\u0105tkowe wsparcie"},{"text":"14-dniowa gwarancja zwrotu pieni\u0119dzy"}],"button_url":"#demo","button_target_blank":"","button_nofollow":"","attributes":[{"name":"Instaluje"},{"name":"Czu\u0142y"},{"name":"Kompatybilne przegl\u0105darki"}],"tags":[],"tags_disable_links":"","hide_more_platforms":"","video_object":"","demo_hide_cta":"","demo_hide_cloud_options":"","pricing_title":"","pricing":[{"pricing_icon":"platform","pricing_title":"Elfsight Apps","pricing_title_caption":"Rozwi\u0105zanie wieloplatformowe","pricing_price":"od 0 USD \/ miesi\u0105c","pricing_price_caption":"zacznij od bezp\u0142atnego planu","pricing_benefits":[{"text":"Nielimitowane domeny"},{"text":"Najwy\u017csza obs\u0142uga klienta"},{"text":"Bezp\u0142atna pomoc przy instalacji"},{"text":"Elastyczny projekt"}],"pricing_button_text":"Dodaj do witryny","pricing_button_url":"#demo"}],"related_apps_title":"","related_apps_hidden":"","author":"","image":[],"title":"","job":"","social_networks":[]},"_links":{"self":[{"href":"https:\/\/elfsight.com\/pl\/wp-json\/wp\/v2\/pages\/6679","targetHints":{"allow":["GET"]}}],"collection":[{"href":"https:\/\/elfsight.com\/pl\/wp-json\/wp\/v2\/pages"}],"about":[{"href":"https:\/\/elfsight.com\/pl\/wp-json\/wp\/v2\/types\/page"}],"author":[{"embeddable":true,"href":"https:\/\/elfsight.com\/pl\/wp-json\/wp\/v2\/users\/9"}],"replies":[{"embeddable":true,"href":"https:\/\/elfsight.com\/pl\/wp-json\/wp\/v2\/comments?post=6679"}],"version-history":[{"count":1,"href":"https:\/\/elfsight.com\/pl\/wp-json\/wp\/v2\/pages\/6679\/revisions"}],"predecessor-version":[{"id":6683,"href":"https:\/\/elfsight.com\/pl\/wp-json\/wp\/v2\/pages\/6679\/revisions\/6683"}],"up":[{"embeddable":true,"href":"https:\/\/elfsight.com\/pl\/wp-json\/wp\/v2\/pages\/3383"}],"wp:attachment":[{"href":"https:\/\/elfsight.com\/pl\/wp-json\/wp\/v2\/media?parent=6679"}],"curies":[{"name":"wp","href":"https:\/\/api.w.org\/{rel}","templated":true}]}}