{"id":6678,"date":"1970-01-01T00:00:00","date_gmt":"1970-01-01T00:00:00","guid":{"rendered":"https:\/\/elfsight.com\/pl\/?page_id=6678"},"modified":"2024-10-24T12:02:51","modified_gmt":"2024-10-24T12:02:51","slug":"jimdo","status":"publish","type":"page","link":"https:\/\/elfsight.com\/pl\/subscription-form-widget\/jimdo\/","title":{"rendered":"Subscription Form &#8211; Jimdo"},"content":{"rendered":"<div class=\"application-platform-content-item-description application-platform-content-item\" id=\"description\" data-nav-section=\"description\"> <h2>Opis<\/h2> <p>Formularz subskrypcji to przydatne narz\u0119dzie umo\u017cliwiaj\u0105ce zbieranie e-maili. Nasza aplikacja daje Ci mo\u017cliwo\u015b\u0107 nie tylko rozbudowy bazy e-mailowej, ale zrobienia tego efektywnie &#8211; mo\u017cesz do\u0142\u0105czy\u0107 do nag\u0142\u00f3wka informacyjny podpis, poprosi\u0107 o podanie imienia, adresu e-mail lub zachowa\u0107 prostot\u0119 i zostawi\u0107 tam tylko pole e-mail i do\u0142\u0105cz etykiet\u0119 obja\u015bniaj\u0105c\u0105 i element zast\u0119pczy. Istnieje r\u00f3wnie\u017c mo\u017cliwo\u015b\u0107 po\u0142\u0105czenia aplikacji Formularz subskrypcji z us\u0142ug\u0105 Mailchimp. Korzystaj\u0105c z jednego z 4 gotowych uk\u0142ad\u00f3w, stworzysz widget, kt\u00f3ry dzia\u0142a dok\u0142adnie tak, jak potrzebujesz. <\/p> <p><b>Zaprezentuj formularz subskrypcji biuletynu w\u0142a\u015bciwym osobom na odpowiednich stronach Twojej witryny i powstrzymaj ich przed odrzuceniem! <\/b><\/p> <\/div> <div class=\"application-platform-content-item-features application-platform-content-item\" id=\"features\" data-nav-section=\"features\"> <h2>To tylko kilka z wielu funkcji wid\u017cetu: <\/h2> <ul><li>Dodaj sekcj\u0119 nag\u0142\u00f3wka z anga\u017cuj\u0105cym podpis. <\/li><li>Po\u0142\u0105cz formularz subskrypcji z Mailchimpem <\/li><li>Uzyskaj swoj\u0105 baz\u0119 danych e-mail w formacie CSV. <\/li><li>Zarz\u0105dzane cz\u0119\u015bci formularzy. <\/li><li>4 uk\u0142ady do wyboru: boczne, osadzone, wyskakuj\u0105ce i okienko. <\/li><\/ul><p><a href=\"#demo\">Pe\u0142n\u0105 funkcjonalno\u015b\u0107 wid\u017cetu mo\u017cesz sprawdzi\u0107 w wersji demonstracyjnej na tej stronie<\/a><\/p> <\/div> <div class=\"application-platform-content-item-installation application-platform-content-item\" id=\"installation\" data-nav-section=\"installation\"> <h2>Jak doda\u0107 formularz subskrypcji na mojej stronie Jimdo? <\/h2> <p>Wystarczy post\u0119powa\u0107 zgodnie z poni\u017cszymi instrukcjami, aby zintegrowa\u0107 narz\u0119dzie. <\/p> <ol><li><b>Otw\u00f3rz nasz darmowy konfigurator i zacznij budowa\u0107 sw\u00f3j instrument na zam\u00f3wienie. <\/b><br> Znajd\u017a wybrane cechy wygl\u0105du i funkcjonalno\u015bci wid\u017cetu i zastosuj poprawki. <\/li> <li><b>Skopiuj unikalny kod widoczny w oknie aplikacji Elfsight. <\/b><br> Zaraz po zako\u0144czeniu tworzenia osobistego widgetu skopiuj ekskluzywny kod z wyskakuj\u0105cego okienka i zachowaj go na dalsze potrzeby. <\/li> <li><b>Rozpocznij korzystanie z wid\u017cetu na swojej stronie g\u0142\u00f3wnej Jimdo. <\/b><br> Zaimplementuj zapisany wcze\u015bniej kod na swojej stronie g\u0142\u00f3wnej i zastosuj zmiany. <\/li> <li><b>Gotowe! Konfiguracja zosta\u0142a w pe\u0142ni uko\u0144czona. <\/b><br> Wejd\u017a na swoj\u0105 stron\u0119 i obserwuj dzia\u0142anie narz\u0119dzia. <\/li><\/ol> <p>Je\u015bli napotkasz pewne komplikacje, nie b\u00f3j si\u0119 skontaktowa\u0107 z naszym dzia\u0142em obs\u0142ugi klienta. Nasi specjali\u015bci pragn\u0105 rozwi\u0105za\u0107 wszystkie problemy, jakie mo\u017cesz mie\u0107 z produktem. <\/p> <div class=\"faq\" data-component=\"FAQ\"> <div class=\"faq-item\">\r\n\t\t\t\t\t<div class=\"faq-item-question\">\r\n\t\t\t\t\t\t<h3 class=\"faq-item-question-text\">Jak mog\u0119 doda\u0107 Kreator formularzy do mojej witryny Jimdo bez umiej\u0119tno\u015bci kodowania?<\/h3>\r\n\r\n\t\t\t\t\t\t<div class=\"faq-item-question-icon\"><\/div>\r\n\t\t\t\t\t<\/div>\r\n\r\n\t\t\t\t\t<div class=\"faq-item-answer\">\r\n\t\t\t\t\t\t<div class=\"faq-item-answer-text\"> <p>Elfsight zapewnia rozwi\u0105zanie SaaS, kt\u00f3re pozwala Ci samodzielnie utworzy\u0107 wid\u017cet Konstruktora formularzy, przekonaj si\u0119, jak \u0142atwo proces jest nast\u0119puj\u0105cy: Pracuj bezpo\u015brednio w edytorze online, aby utworzy\u0107 wid\u017cet Konstruktora formularzy, kt\u00f3ry chcia\u0142by\u015b zobaczy\u0107 na swojej stronie internetowej Jimdo. Wybierz jeden z gotowych szablon\u00f3w i dostosuj ustawienia Kreatora formularzy, dodaj tre\u015b\u0107, zmie\u0144 uk\u0142ad i kolory bez umiej\u0119tno\u015bci kodowania. Zapisz Kreator formularzy i skopiuj jego kod instalacyjny, kt\u00f3ry mo\u017cesz \u0142atwo doda\u0107 na swojej stronie Jimdo bez konieczno\u015bci zakupu p\u0142atnej subskrypcji. Dzi\u0119ki naszemu intuicyjnemu edytorowi ka\u017cdy u\u017cytkownik Internetu mo\u017ce stworzy\u0107 wid\u017cet Form Builder online i \u0142atwo osadzi\u0107 go na swojej stronie internetowej Jimdo. Aby uzyska\u0107 dost\u0119p do us\u0142ugi, nie trzeba p\u0142aci\u0107 ani wprowadza\u0107 danych uwierzytelniaj\u0105cych karty. Je\u015bli na kt\u00f3rymkolwiek etapie napotkasz jakiekolwiek problemy, skontaktuj si\u0119 z naszym zespo\u0142em pomocy technicznej.<\/p> <\/div>\r\n\t\t\t\t\t<\/div>\r\n\t\t\t\t<\/div><div class=\"faq-item\">\r\n\t\t\t\t\t<div class=\"faq-item-question\">\r\n\t\t\t\t\t\t<h3 class=\"faq-item-question-text\">Czy na stronie Jimdo s\u0105 jakie\u015b szablony formularzy subskrypcji, kt\u00f3rych mo\u017cna u\u017cy\u0107?<\/h3>\r\n\r\n\t\t\t\t\t\t<div class=\"faq-item-question-icon\"><\/div>\r\n\t\t\t\t\t<\/div>\r\n\r\n\t\t\t\t\t<div class=\"faq-item-answer\">\r\n\t\t\t\t\t\t<div class=\"faq-item-answer-text\"><p> Tak, oczywi\u015bcie! Elfsight zebra\u0142 szeroki wyb\u00f3r ponad 300 gotowych szablon\u00f3w. Przejrzyj <a href=\"https:\/\/elfsight.com\/online-form-builder\/templates\/subscription-forms\/\">szablony formularzy subskrypcji<\/a>, aby znale\u017a\u0107 najlepsz\u0105 opcj\u0119 dla swojej witryny.<\/p> <\/div>\r\n\t\t\t\t\t<\/div>\r\n\t\t\t\t<\/div> <\/div> <\/div>","protected":false},"excerpt":{"rendered":"","protected":false},"author":9,"featured_media":0,"parent":3383,"menu_order":0,"comment_status":"closed","ping_status":"closed","template":"templates\/template-application-platform.php","meta":{"publish_to_discourse":"","publish_post_category":"","wpdc_auto_publish_overridden":"","wpdc_topic_tags":"","wpdc_pin_topic":"","wpdc_pin_until":"","discourse_post_id":"","discourse_permalink":"","wpdc_publishing_response":"","wpdc_publishing_error":"","footnotes":""},"class_list":["post-6678","page","type-page","status-publish","hentry"],"yoast_head":"<!-- This site is optimized with the Yoast SEO plugin v25.3.1 - https:\/\/yoast.com\/wordpress\/plugins\/seo\/ -->\n<title>Dodaj wid\u017cet Formularz subskrypcji do strony Jimdo (szybko i bezp\u0142atnie)<\/title>\n<meta name=\"description\" content=\"Zintegruj wid\u017cet formularza subskrypcji Jimdo ze swoj\u0105 witryn\u0105. Dostosuj wszystkie pola, wybierz jeden z 4 szablon\u00f3w uk\u0142adu i nie tylko.\" \/>\n<meta name=\"robots\" content=\"index, follow, max-snippet:-1, max-image-preview:large, max-video-preview:-1\" \/>\n<link rel=\"canonical\" href=\"https:\/\/elfsight.com\/pl\/subscription-form-widget\/jimdo\/\" \/>\n<meta property=\"og:locale\" content=\"pl_PL\" \/>\n<meta property=\"og:type\" content=\"article\" \/>\n<meta property=\"og:title\" content=\"Dodaj wid\u017cet Formularz subskrypcji do strony Jimdo (szybko i bezp\u0142atnie)\" \/>\n<meta property=\"og:description\" content=\"Zintegruj wid\u017cet formularza subskrypcji Jimdo ze swoj\u0105 witryn\u0105. Dostosuj wszystkie pola, wybierz jeden z 4 szablon\u00f3w uk\u0142adu i nie tylko.\" \/>\n<meta property=\"og:url\" content=\"https:\/\/elfsight.com\/pl\/subscription-form-widget\/jimdo\/\" \/>\n<meta property=\"og:site_name\" content=\"Elfsight PL\" \/>\n<meta property=\"article:modified_time\" content=\"2024-10-24T12:02:51+00:00\" \/>\n<meta name=\"twitter:card\" content=\"summary_large_image\" \/>\n<meta name=\"twitter:label1\" content=\"Szacowany czas czytania\" \/>\n\t<meta name=\"twitter:data1\" content=\"3 minuty\" \/>\n<!-- \/ Yoast SEO plugin. -->","yoast_head_json":{"title":"Dodaj wid\u017cet Formularz subskrypcji do strony Jimdo (szybko i bezp\u0142atnie)","description":"Zintegruj wid\u017cet formularza subskrypcji Jimdo ze swoj\u0105 witryn\u0105. Dostosuj wszystkie pola, wybierz jeden z 4 szablon\u00f3w uk\u0142adu i nie tylko.","robots":{"index":"index","follow":"follow","max-snippet":"max-snippet:-1","max-image-preview":"max-image-preview:large","max-video-preview":"max-video-preview:-1"},"canonical":"https:\/\/elfsight.com\/pl\/subscription-form-widget\/jimdo\/","og_locale":"pl_PL","og_type":"article","og_title":"Dodaj wid\u017cet Formularz subskrypcji do strony Jimdo (szybko i bezp\u0142atnie)","og_description":"Zintegruj wid\u017cet formularza subskrypcji Jimdo ze swoj\u0105 witryn\u0105. Dostosuj wszystkie pola, wybierz jeden z 4 szablon\u00f3w uk\u0142adu i nie tylko.","og_url":"https:\/\/elfsight.com\/pl\/subscription-form-widget\/jimdo\/","og_site_name":"Elfsight PL","article_modified_time":"2024-10-24T12:02:51+00:00","twitter_card":"summary_large_image","twitter_misc":{"Szacowany czas czytania":"3 minuty"},"schema":{"@context":"https:\/\/schema.org","@graph":[{"@type":"WebPage","@id":"https:\/\/elfsight.com\/pl\/subscription-form-widget\/jimdo\/","url":"https:\/\/elfsight.com\/pl\/subscription-form-widget\/jimdo\/","name":"Dodaj wid\u017cet Formularz subskrypcji do strony Jimdo (szybko i bezp\u0142atnie)","isPartOf":{"@id":"https:\/\/elfsight.com\/pl\/#website"},"datePublished":"1970-01-01T00:00:00+00:00","dateModified":"2024-10-24T12:02:51+00:00","description":"Zintegruj wid\u017cet formularza subskrypcji Jimdo ze swoj\u0105 witryn\u0105. Dostosuj wszystkie pola, wybierz jeden z 4 szablon\u00f3w uk\u0142adu i nie tylko.","breadcrumb":{"@id":"https:\/\/elfsight.com\/pl\/subscription-form-widget\/jimdo\/#breadcrumb"},"inLanguage":"pl-PL","potentialAction":[{"@type":"ReadAction","target":["https:\/\/elfsight.com\/pl\/subscription-form-widget\/jimdo\/"]}]},{"@type":"BreadcrumbList","@id":"https:\/\/elfsight.com\/pl\/subscription-form-widget\/jimdo\/#breadcrumb","itemListElement":[{"@type":"ListItem","position":1,"name":"Home","item":"https:\/\/elfsight.com\/pl\/"},{"@type":"ListItem","position":2,"name":"Subscription Form","item":"https:\/\/elfsight.com\/pl\/subscription-form-widget\/"},{"@type":"ListItem","position":3,"name":"Subscription Form &#8211; Jimdo"}]},{"@type":"WebSite","@id":"https:\/\/elfsight.com\/pl\/#website","url":"https:\/\/elfsight.com\/pl\/","name":"Elfsight PL","description":"Just another Elfsight Sites site","potentialAction":[{"@type":"SearchAction","target":{"@type":"EntryPoint","urlTemplate":"https:\/\/elfsight.com\/pl\/?s={search_term_string}"},"query-input":{"@type":"PropertyValueSpecification","valueRequired":true,"valueName":"search_term_string"}}],"inLanguage":"pl-PL"}]}},"meta_box":{"industry":"","seo_heading":"","heading":"","description":"","cta_heading":"","cta_description":"","application":"3340","h1":"Wid\u017cet formularza subskrypcji Jimdo","h1_caption":"Osad\u017a formularz subskrypcji, aby zbiera\u0107 e-maile i bez wysi\u0142ku powi\u0119ksza\u0107 swoj\u0105 list\u0119 mailingow\u0105 na swojej stronie internetowej Jimdo.","application_category":[],"applications_title":"","applications_request_title":"","applications_request_button_text":"","hero_text":"","hero_video":"","hero_video_schema_markup":"","selling_points_title":"","selling_points_caption":"","selling_points":[],"selling_points_cta_text":"","features_title":"","features":"","ed_cta_examples_text":"","ed_cta_examples_hidden":"","ed_cta_demo_text":"","ed_cta_demo_hidden":"","why_caption":"","why_editor_title":"","why_editor_text":"","why_team_title":"","why_team_text":"","why_service_title":"","why_service_text":"","template_catalog_visible":"","template_catalog_title":"","template_catalog_text":"","template_catalog_categories_visible":"","demo_title":"Pospiesz si\u0119, aby zbudowa\u0107 niestandardowy formularz subskrypcji Jimdo","demo_caption":"Dostosuj widget i umie\u015b\u0107 go na swojej stronie korzystaj\u0105c z aktywnego demo.","default_faq_hidden":"","app_template_category":[],"platform":"193","template_public_id":"","codecanyon_url":"","codecanyon_item_id":"","codecanyon_price":"","pricing_caption":"","pricing_elfsight_apps_hide_column":"","pricing_elfsight_apps_url":"","pricing_codecanyon_price_caption":"","integration_category":[],"integration_request_title":"","integration_request_cta":"","integration_platform":"","integrations":[],"platform_category":[],"video_schema_markup":"","price":"od 0 USD \/ miesi\u0105c","trial":"","benefits":[{"text":"Bezp\u0142atna pomoc w monta\u017cu"},{"text":"Skuteczna obs\u0142uga klienta"},{"text":"14-dniowa gwarancja zwrotu pieni\u0119dzy"}],"button_url":"#demo","button_target_blank":"","button_nofollow":"","attributes":[{"name":"Instaluje"},{"name":"Czu\u0142y"},{"name":"Kompatybilne przegl\u0105darki"}],"tags":[],"tags_disable_links":"","hide_more_platforms":"","video_object":"","demo_hide_cta":"","demo_hide_cloud_options":"","pricing_title":"","pricing":[{"pricing_icon":"platform","pricing_title":"Elfsight Apps","pricing_title_caption":"Wieloplatformowe rozwi\u0105zanie cyfrowe","pricing_price":"od 0 USD \/ miesi\u0105c","pricing_price_caption":"zacznij od bezp\u0142atnego planu","pricing_benefits":[{"text":"Nielimitowane domeny"},{"text":"Dedykowane wsparcie"},{"text":"Bezp\u0142atna pomoc w instalacji"},{"text":"100% konfigurowalny"}],"pricing_button_text":"Dodaj do witryny","pricing_button_url":"#demo"}],"related_apps_title":"","related_apps_hidden":"","author":"","image":[],"title":"","job":"","social_networks":[]},"_links":{"self":[{"href":"https:\/\/elfsight.com\/pl\/wp-json\/wp\/v2\/pages\/6678","targetHints":{"allow":["GET"]}}],"collection":[{"href":"https:\/\/elfsight.com\/pl\/wp-json\/wp\/v2\/pages"}],"about":[{"href":"https:\/\/elfsight.com\/pl\/wp-json\/wp\/v2\/types\/page"}],"author":[{"embeddable":true,"href":"https:\/\/elfsight.com\/pl\/wp-json\/wp\/v2\/users\/9"}],"replies":[{"embeddable":true,"href":"https:\/\/elfsight.com\/pl\/wp-json\/wp\/v2\/comments?post=6678"}],"version-history":[{"count":1,"href":"https:\/\/elfsight.com\/pl\/wp-json\/wp\/v2\/pages\/6678\/revisions"}],"predecessor-version":[{"id":6682,"href":"https:\/\/elfsight.com\/pl\/wp-json\/wp\/v2\/pages\/6678\/revisions\/6682"}],"up":[{"embeddable":true,"href":"https:\/\/elfsight.com\/pl\/wp-json\/wp\/v2\/pages\/3383"}],"wp:attachment":[{"href":"https:\/\/elfsight.com\/pl\/wp-json\/wp\/v2\/media?parent=6678"}],"curies":[{"name":"wp","href":"https:\/\/api.w.org\/{rel}","templated":true}]}}