{"id":6677,"date":"1970-01-01T00:00:00","date_gmt":"1970-01-01T00:00:00","guid":{"rendered":"https:\/\/elfsight.com\/pl\/?page_id=6677"},"modified":"2025-06-27T08:48:33","modified_gmt":"2025-06-27T08:48:33","slug":"squarespace","status":"publish","type":"page","link":"https:\/\/elfsight.com\/pl\/store-locator-widget\/squarespace\/","title":{"rendered":"Store Locator &#8211; Squarespace"},"content":{"rendered":"<div class=\"application-platform-content-item-description application-platform-content-item\" id=\"description\" data-nav-section=\"description\"> <h2>Osad\u017a lokalizator sklep\u00f3w w Squarespace za pomoc\u0105 wtyczki Elfsight<\/h2> <p>Lokator sklep\u00f3w Elfsight dla Squarespace to pot\u0119\u017cny i konfigurowalny widget zaprojektowany aby zwi\u0119kszy\u0107 u\u017cyteczno\u015b\u0107 Twojej witryny i satysfakcj\u0119 klient\u00f3w, u\u0142atwiaj\u0105c im ni\u017c kiedykolwiek odwiedzenie adresu Twojej firmy. Dzi\u0119ki zestawowi zaawansowanych funkcji dostosowanych do wszechstronno\u015bci i wydajno\u015bci, ten widget jest idealnym rozwi\u0105zaniem do prezentowania fizycznych lokalizacji firm w spos\u00f3b interaktywny i przyjazny dla u\u017cytkownika. Umie\u015b\u0107 go ju\u017c teraz i zauwa\u017c, jak zmienia Twoj\u0105 witryn\u0119 w zorientowan\u0105 na u\u017cytkownika wyszukiwark\u0119 sklep\u00f3w! <\/p> <p>Osadzaj\u0105c widget, zwi\u0119kszysz swoj\u0105 wiarygodno\u015b\u0107 w\u015br\u00f3d klient\u00f3w, przekazuj\u0105c szczeg\u00f3\u0142owe informacje na temat fizycznych lokalizacji Twojej firmy, zapewniaj\u0105c ich o swojej obecno\u015bci. Mo\u017ce to skutkowa\u0107 szybszym podejmowaniem decyzji i popraw\u0105 do\u015bwiadcze\u0144 zakupowych w\u015br\u00f3d odwiedzaj\u0105cych. <\/p><p><b>Wypr\u00f3buj niezwyk\u0142\u0105 wyszukiwark\u0119 sklep\u00f3w, kt\u00f3ra przedstawi Twoj\u0105 lokalizacj\u0119 i istotne szczeg\u00f3\u0142y operacji. Podaj sw\u00f3j prawdziwy adres i istotne informacje, aby otrzyma\u0107 dodatkowych klient\u00f3w w sklepie.<\/b><\/p><\/div> <div class=\"application-platform-content-item-features application-platform-content-item\" id=\"features\" data-nav-section=\"features\"> <h2>Poznaj list\u0119 najbardziej przydatnych funkcji:<\/h2> <ul><li>\u0141atwy wyb\u00f3r lokalizacji<\/li><li>Intuicyjne funkcje mapy<\/li><li>Przyciski CTA lokalizacji z integracjami <\/li><li>Prosta karta lokalizacji po wybraniu znacznika<\/li> <li>Lokalizacja, czas pracy i amp; stan aktywno\u015bci<\/li><\/ul><p><a href=\"#demo\">Mo\u017cesz odkry\u0107, co oferuje wid\u017cet, korzystaj\u0105c z wersji demonstracyjnej<\/a><\/p><\/div> <div class=\"application-platform-content-item-installation application-platform-content-item\" id=\"installation\" data-nav-section=\"installation\"> <h2>Jak zintegrowa\u0107 lokalizator sklep\u00f3w z moj\u0105 stron\u0105 internetow\u0105 Squarespace?<\/h2> <p>Wystarczy spe\u0142ni\u0107 poni\u017csze wskaz\u00f3wki, aby zintegrowa\u0107 narz\u0119dzie.<\/p> <ol><li><b> Skorzystaj z naszego bezp\u0142atnego konfiguratora i zacznij tworzy\u0107 sw\u00f3j unikalny widget. <\/b><br> Okre\u015bl niestandardowy interfejs i specyfikacje wid\u017cetu i zapisz zmiany. <\/li> <li><b>Zdob\u0105d\u017a sw\u00f3j osobisty kod widoczny w pude\u0142ku w aplikacjach Elfsight. <\/b><br> Po zako\u0144czeniu tworzenia osobistego narz\u0119dzia skopiuj kod osobisty z wy\u015bwietlonego pola i zachowaj go na p\u00f3\u017aniej. <\/li> <li><b>Rozpocznij korzystanie z narz\u0119dzia na stronie internetowej Squarespace. <\/b><br> Zaimplementuj skopiowany wcze\u015bniej kod na swojej stronie i zapisz zmiany. <\/li> <li><b>Instalacja zosta\u0142a w pe\u0142ni uko\u0144czona. <\/b><br> Odwied\u017a swoj\u0105 stron\u0119 internetow\u0105, aby sprawdzi\u0107 dzia\u0142anie widgetu. <\/li><\/ol> <p>W przypadku pyta\u0144 lub wyst\u0105pienia problem\u00f3w prosimy o kontakt z naszym personelem pomocniczym. Nasi konsultanci ch\u0119tnie odpowiedz\u0105 na wszystkie pytania dotycz\u0105ce tego narz\u0119dzia. <\/p><\/div>","protected":false},"excerpt":{"rendered":"","protected":false},"author":9,"featured_media":0,"parent":3364,"menu_order":0,"comment_status":"closed","ping_status":"closed","template":"templates\/template-application-platform.php","meta":{"publish_to_discourse":"","publish_post_category":"","wpdc_auto_publish_overridden":"","wpdc_topic_tags":"","wpdc_pin_topic":"","wpdc_pin_until":"","discourse_post_id":"","discourse_permalink":"","wpdc_publishing_response":"","wpdc_publishing_error":"","footnotes":""},"class_list":["post-6677","page","type-page","status-publish","hentry"],"yoast_head":"<!-- This site is optimized with the Yoast SEO plugin v25.3.1 - https:\/\/yoast.com\/wordpress\/plugins\/seo\/ -->\n<title>Dodaj lokalizator sklep\u00f3w do Squarespace \u2014 osadzaj map\u0119 z lokalizacj\u0105<\/title>\n<meta name=\"description\" content=\"Dodaj lokalizator sklep\u00f3w do swojej witryny Squarespace, aby zyska\u0107 wi\u0119ksze zaufanie. Wypr\u00f3buj wygodne demo Elfsight, aby stworzy\u0107 widget w kilka minut.\" \/>\n<meta name=\"robots\" content=\"index, follow, max-snippet:-1, max-image-preview:large, max-video-preview:-1\" \/>\n<link rel=\"canonical\" href=\"https:\/\/elfsight.com\/pl\/store-locator-widget\/squarespace\/\" \/>\n<meta property=\"og:locale\" content=\"pl_PL\" \/>\n<meta property=\"og:type\" content=\"article\" \/>\n<meta property=\"og:title\" content=\"Dodaj lokalizator sklep\u00f3w do Squarespace \u2014 osadzaj map\u0119 z lokalizacj\u0105\" \/>\n<meta property=\"og:description\" content=\"Dodaj lokalizator sklep\u00f3w do swojej witryny Squarespace, aby zyska\u0107 wi\u0119ksze zaufanie. Wypr\u00f3buj wygodne demo Elfsight, aby stworzy\u0107 widget w kilka minut.\" \/>\n<meta property=\"og:url\" content=\"https:\/\/elfsight.com\/pl\/store-locator-widget\/squarespace\/\" \/>\n<meta property=\"og:site_name\" content=\"Elfsight PL\" \/>\n<meta property=\"article:modified_time\" content=\"2025-06-27T08:48:33+00:00\" \/>\n<meta name=\"twitter:card\" content=\"summary_large_image\" \/>\n<meta name=\"twitter:label1\" content=\"Szacowany czas czytania\" \/>\n\t<meta name=\"twitter:data1\" content=\"2 minuty\" \/>\n<!-- \/ Yoast SEO plugin. -->","yoast_head_json":{"title":"Dodaj lokalizator sklep\u00f3w do Squarespace \u2014 osadzaj map\u0119 z lokalizacj\u0105","description":"Dodaj lokalizator sklep\u00f3w do swojej witryny Squarespace, aby zyska\u0107 wi\u0119ksze zaufanie. Wypr\u00f3buj wygodne demo Elfsight, aby stworzy\u0107 widget w kilka minut.","robots":{"index":"index","follow":"follow","max-snippet":"max-snippet:-1","max-image-preview":"max-image-preview:large","max-video-preview":"max-video-preview:-1"},"canonical":"https:\/\/elfsight.com\/pl\/store-locator-widget\/squarespace\/","og_locale":"pl_PL","og_type":"article","og_title":"Dodaj lokalizator sklep\u00f3w do Squarespace \u2014 osadzaj map\u0119 z lokalizacj\u0105","og_description":"Dodaj lokalizator sklep\u00f3w do swojej witryny Squarespace, aby zyska\u0107 wi\u0119ksze zaufanie. Wypr\u00f3buj wygodne demo Elfsight, aby stworzy\u0107 widget w kilka minut.","og_url":"https:\/\/elfsight.com\/pl\/store-locator-widget\/squarespace\/","og_site_name":"Elfsight PL","article_modified_time":"2025-06-27T08:48:33+00:00","twitter_card":"summary_large_image","twitter_misc":{"Szacowany czas czytania":"2 minuty"},"schema":{"@context":"https:\/\/schema.org","@graph":[{"@type":"WebPage","@id":"https:\/\/elfsight.com\/pl\/store-locator-widget\/squarespace\/","url":"https:\/\/elfsight.com\/pl\/store-locator-widget\/squarespace\/","name":"Dodaj lokalizator sklep\u00f3w do Squarespace \u2014 osadzaj map\u0119 z lokalizacj\u0105","isPartOf":{"@id":"https:\/\/elfsight.com\/pl\/#website"},"datePublished":"1970-01-01T00:00:00+00:00","dateModified":"2025-06-27T08:48:33+00:00","description":"Dodaj lokalizator sklep\u00f3w do swojej witryny Squarespace, aby zyska\u0107 wi\u0119ksze zaufanie. Wypr\u00f3buj wygodne demo Elfsight, aby stworzy\u0107 widget w kilka minut.","breadcrumb":{"@id":"https:\/\/elfsight.com\/pl\/store-locator-widget\/squarespace\/#breadcrumb"},"inLanguage":"pl-PL","potentialAction":[{"@type":"ReadAction","target":["https:\/\/elfsight.com\/pl\/store-locator-widget\/squarespace\/"]}]},{"@type":"BreadcrumbList","@id":"https:\/\/elfsight.com\/pl\/store-locator-widget\/squarespace\/#breadcrumb","itemListElement":[{"@type":"ListItem","position":1,"name":"Home","item":"https:\/\/elfsight.com\/pl\/"},{"@type":"ListItem","position":2,"name":"Store Locator","item":"https:\/\/elfsight.com\/pl\/store-locator-widget\/"},{"@type":"ListItem","position":3,"name":"Store Locator &#8211; Squarespace"}]},{"@type":"WebSite","@id":"https:\/\/elfsight.com\/pl\/#website","url":"https:\/\/elfsight.com\/pl\/","name":"Elfsight PL","description":"Just another Elfsight Sites site","potentialAction":[{"@type":"SearchAction","target":{"@type":"EntryPoint","urlTemplate":"https:\/\/elfsight.com\/pl\/?s={search_term_string}"},"query-input":{"@type":"PropertyValueSpecification","valueRequired":true,"valueName":"search_term_string"}}],"inLanguage":"pl-PL"}]}},"meta_box":{"industry":"","seo_heading":"","heading":"","description":"","cta_heading":"","cta_description":"","application":"3352","h1":"Wtyczka lokalizatora sklep\u00f3w Squarespace","h1_caption":"Wy\u015bwietl map\u0119 z wieloma lokalizacjami sklep\u00f3w, aby pom\u00f3c swoim klientom w \u0142atwym znalezieniu najbli\u017cszej lokalizacji w Twojej witrynie Squarespace.","application_category":[],"applications_title":"","applications_request_title":"","applications_request_button_text":"","hero_text":"","hero_video":"","hero_video_schema_markup":"","selling_points_title":"","selling_points_caption":"","selling_points":[],"selling_points_cta_text":"","features_title":"","features":"","ed_cta_examples_text":"","ed_cta_examples_hidden":"","ed_cta_demo_text":"","ed_cta_demo_hidden":"","why_caption":"","why_editor_title":"","why_editor_text":"","why_team_title":"","why_team_text":"","why_service_title":"","why_service_text":"","template_catalog_visible":"0","template_catalog_title":"","template_catalog_text":"","template_catalog_categories_visible":"","demo_title":"Pospiesz si\u0119, aby utworzy\u0107 w\u0142asny lokalizator sklep\u00f3w Squarespace","demo_caption":"Dostosuj go i dodaj wid\u017cet na swojej stronie internetowej z wersji demonstracyjnej na \u017cywo.","default_faq_hidden":"","app_template_category":[],"platform":"7588","template_public_id":"","codecanyon_url":"","codecanyon_item_id":"","codecanyon_price":"","pricing_caption":"","pricing_elfsight_apps_hide_column":"","pricing_elfsight_apps_url":"","pricing_codecanyon_price_caption":"","integration_category":[],"integration_request_title":"","integration_request_cta":"","integration_platform":"","integrations":[],"platform_category":[],"video_schema_markup":"","price":"od 0 USD \/ miesi\u0105c","trial":"","benefits":[{"text":"Bezp\u0142atna us\u0142uga monta\u017cu"},{"text":"Kompetentna obs\u0142uga klienta"},{"text":"14-dniowa gwarancja zwrotu pieni\u0119dzy"}],"button_url":"#demo","button_target_blank":"0","button_nofollow":"0","attributes":[{"name":"Instaluje"},{"name":"Czu\u0142y"},{"name":"Kompatybilne przegl\u0105darki"}],"tags":[],"tags_disable_links":"0","hide_more_platforms":"0","video_object":"","demo_hide_cta":"0","demo_hide_cloud_options":"0","pricing_title":"","pricing":[{"pricing_icon":"platform","pricing_title":"Elfsight Apps","pricing_title_caption":"Niezale\u017cne od platformy rozwi\u0105zanie cyfrowe","pricing_price":"od 0 USD \/ miesi\u0105c","pricing_price_caption":"zacznij od bezp\u0142atnego planu","pricing_benefits":[{"text":"Nielimitowane strony internetowe"},{"text":"Bezp\u0142atne i terminowe wsparcie oraz dobrze udokumentowane"},{"text":"Bezp\u0142atna pomoc w monta\u017cu"},{"text":"W pe\u0142ni konfigurowalny"}],"pricing_button_text":"Dodaj do witryny","pricing_button_url":"#demo"}],"related_apps_title":"","related_apps_hidden":"0","author":"","image":[],"title":"","job":"","social_networks":[]},"_links":{"self":[{"href":"https:\/\/elfsight.com\/pl\/wp-json\/wp\/v2\/pages\/6677","targetHints":{"allow":["GET"]}}],"collection":[{"href":"https:\/\/elfsight.com\/pl\/wp-json\/wp\/v2\/pages"}],"about":[{"href":"https:\/\/elfsight.com\/pl\/wp-json\/wp\/v2\/types\/page"}],"author":[{"embeddable":true,"href":"https:\/\/elfsight.com\/pl\/wp-json\/wp\/v2\/users\/9"}],"replies":[{"embeddable":true,"href":"https:\/\/elfsight.com\/pl\/wp-json\/wp\/v2\/comments?post=6677"}],"version-history":[{"count":1,"href":"https:\/\/elfsight.com\/pl\/wp-json\/wp\/v2\/pages\/6677\/revisions"}],"predecessor-version":[{"id":6681,"href":"https:\/\/elfsight.com\/pl\/wp-json\/wp\/v2\/pages\/6677\/revisions\/6681"}],"up":[{"embeddable":true,"href":"https:\/\/elfsight.com\/pl\/wp-json\/wp\/v2\/pages\/3364"}],"wp:attachment":[{"href":"https:\/\/elfsight.com\/pl\/wp-json\/wp\/v2\/media?parent=6677"}],"curies":[{"name":"wp","href":"https:\/\/api.w.org\/{rel}","templated":true}]}}