{"id":6672,"date":"1970-01-01T00:00:00","date_gmt":"1970-01-01T00:00:00","guid":{"rendered":"https:\/\/elfsight.com\/pl\/?page_id=6672"},"modified":"2025-06-16T09:25:11","modified_gmt":"2025-06-16T09:25:11","slug":"blogger","status":"publish","type":"page","link":"https:\/\/elfsight.com\/pl\/store-locator-widget\/blogger\/","title":{"rendered":"Store Locator &#8211; Blogger"},"content":{"rendered":"<div class=\"application-platform-content-item-description application-platform-content-item\" id=\"description\" data-nav-section=\"description\"> <h2>Osad\u017a lokalizator sklep\u00f3w w Bloggerze za pomoc\u0105 wid\u017cetu Elfsight<\/h2> <p>Lokator sklep\u00f3w Elfsight dla Bloggera to pot\u0119\u017cny i regulowany widget zaprojektowany aby zwi\u0119kszy\u0107 u\u017cyteczno\u015b\u0107 Twojej witryny i satysfakcj\u0119 klient\u00f3w, u\u0142atwiaj\u0105c im ni\u017c kiedykolwiek znalezienie drogi do Twoich sklep\u00f3w. Dzi\u0119ki zestawowi przydatnych funkcji dostosowanych do wydajno\u015bci i wydajno\u015bci, ten widget jest idealnym rozwi\u0105zaniem do prezentowania lokalizacji sklep\u00f3w fizycznych w zrozumia\u0142y i wygodny spos\u00f3b. Dodaj go teraz i zauwa\u017c, jak przekszta\u0142ci Twoj\u0105 witryn\u0119 w u\u017cyteczn\u0105 wyszukiwark\u0119 sklep\u00f3w!<\/p> <p>Dzi\u0119ki w\u0142\u0105czeniu wid\u017cetu zwi\u0119kszysz swoj\u0105 wiarygodno\u015b\u0107 w\u015br\u00f3d klient\u00f3w, udost\u0119pniaj\u0105c szczeg\u00f3\u0142owe informacje na temat fizycznych lokalizacji Twojej firmy, zapewniaj\u0105c ich o ustalonej pozycji obecno\u015b\u0107. Mo\u017ce to skutkowa\u0107 szybszym podejmowaniem decyzji i solidnymi do\u015bwiadczeniami zakupowymi w\u015br\u00f3d klient\u00f3w. <\/p><p><b>U\u017cyj niezwyk\u0142ej wyszukiwarki sklep\u00f3w, aby udost\u0119pni\u0107 swoj\u0105 lokalizacj\u0119 i przydatne szczeg\u00f3\u0142y operacji. Poka\u017c sw\u00f3j aktualny adres i wymagane informacje, otrzymuj\u0105c nowych go\u015bci w sklepie. <\/b><\/p> <\/div> <div class=\"application-platform-content-item-features application-platform-content-item\" id=\"features\" data-nav-section=\"features\"> <h2>Oferujemy zaawansowane i \u0142atwe funkcje, sprawd\u017a niekt\u00f3re z nich:<\/h2> <ul><li>Wyra\u017ane wskazanie adresu<\/li><li>Charakterystyka mapy interaktywnej<\/li><li>Przyciski CTA lokalizacji z integracjami <\/li><li>Proste wyskakuj\u0105ce okienko lokalizacji po klikni\u0119ciu znacznika<\/li><li>Czas pracy lokalizacji i amp; aktualny stan<\/li><\/ul><p><a href=\"#demo\">Po prostu wypr\u00f3buj t\u0119 wersj\u0119 demonstracyjn\u0105, aby zobaczy\u0107, jak to dzia\u0142a<\/a><\/p> <\/div> <div class=\"application-platform-content-item-installation application-platform-content-item\" id=\"installation\" data-nav-section=\"installation\"> <h2>Jak w\u0142\u0105czy\u0107 lokalizator sklep\u00f3w do mojej witryny Bloggera?<\/h2> <p>Wystarczy spe\u0142ni\u0107 poni\u017csze wskaz\u00f3wki, aby doda\u0107 narz\u0119dzie. <\/p> <ol><li><b>Otw\u00f3rz nasz darmowy edytor i zacznij tworzy\u0107 w\u0142asn\u0105 wtyczk\u0119. <\/b><br> Znajd\u017a niestandardowy interfejs i specyfikacje wid\u017cetu i zastosuj modyfikacje. <\/li> <li><b>Skopiuj sw\u00f3j unikalny kod pokazany w oknie aplikacji Elfsight. <\/b><br> Po zako\u0144czeniu dostosowywania Twojego osobistego narz\u0119dzia skopiuj ekskluzywny kod z wy\u015bwietlonego wyskakuj\u0105cego okienka i zachowaj go na dalsze potrzeby. <\/li> <li><b>Rozpocznij stosowanie narz\u0119dzia w swojej witrynie Bloggera. <\/b><br> Dodaj skopiowany ostatnio kod do swojej witryny i zastosuj ulepszenia. <\/li> <li><b>Gotowe! Osadzanie zosta\u0142o pomy\u015blnie wykonane. <\/b><br> Odwied\u017a swoj\u0105 stron\u0119, aby zobaczy\u0107, jak dzia\u0142a narz\u0119dzie. <\/li><\/ol> <p>W przypadku pyta\u0144 lub napotkania jakichkolwiek przeszk\u00f3d prosimy o kontakt z naszym personelem pomocniczym. Nasi specjali\u015bci ch\u0119tnie rozwi\u0105\u017c\u0105 wszelkie problemy, jakie mo\u017cesz mie\u0107 z wtyczk\u0105. <\/p><\/div>","protected":false},"excerpt":{"rendered":"","protected":false},"author":9,"featured_media":0,"parent":3364,"menu_order":0,"comment_status":"closed","ping_status":"closed","template":"templates\/template-application-platform.php","meta":{"publish_to_discourse":"","publish_post_category":"","wpdc_auto_publish_overridden":"","wpdc_topic_tags":"","wpdc_pin_topic":"","wpdc_pin_until":"","discourse_post_id":"","discourse_permalink":"","wpdc_publishing_response":"","wpdc_publishing_error":"","footnotes":""},"class_list":["post-6672","page","type-page","status-publish","hentry"],"yoast_head":"<!-- This site is optimized with the Yoast SEO plugin v25.3.1 - https:\/\/yoast.com\/wordpress\/plugins\/seo\/ -->\n<title>Osad\u017a lokalizator sklep\u00f3w Bloggera, aby wy\u015bwietli\u0107 swoj\u0105 lokalizacj\u0119 na mapie<\/title>\n<meta name=\"description\" content=\"Zintegruj Lokalizator sklep\u00f3w z witryn\u0105 Bloggera, aby zapewni\u0107 sobie lepsze wra\u017cenia z zakup\u00f3w. Zapoznaj si\u0119 z przejrzystym demo Elfsight, aby wygenerowa\u0107 pot\u0119\u017cny widget.\" \/>\n<meta name=\"robots\" content=\"index, follow, max-snippet:-1, max-image-preview:large, max-video-preview:-1\" \/>\n<link rel=\"canonical\" href=\"https:\/\/elfsight.com\/pl\/store-locator-widget\/blogger\/\" \/>\n<meta property=\"og:locale\" content=\"pl_PL\" \/>\n<meta property=\"og:type\" content=\"article\" \/>\n<meta property=\"og:title\" content=\"Osad\u017a lokalizator sklep\u00f3w Bloggera, aby wy\u015bwietli\u0107 swoj\u0105 lokalizacj\u0119 na mapie\" \/>\n<meta property=\"og:description\" content=\"Zintegruj Lokalizator sklep\u00f3w z witryn\u0105 Bloggera, aby zapewni\u0107 sobie lepsze wra\u017cenia z zakup\u00f3w. Zapoznaj si\u0119 z przejrzystym demo Elfsight, aby wygenerowa\u0107 pot\u0119\u017cny widget.\" \/>\n<meta property=\"og:url\" content=\"https:\/\/elfsight.com\/pl\/store-locator-widget\/blogger\/\" \/>\n<meta property=\"og:site_name\" content=\"Elfsight PL\" \/>\n<meta property=\"article:modified_time\" content=\"2025-06-16T09:25:11+00:00\" \/>\n<meta name=\"twitter:card\" content=\"summary_large_image\" \/>\n<meta name=\"twitter:label1\" content=\"Szacowany czas czytania\" \/>\n\t<meta name=\"twitter:data1\" content=\"2 minuty\" \/>\n<!-- \/ Yoast SEO plugin. -->","yoast_head_json":{"title":"Osad\u017a lokalizator sklep\u00f3w Bloggera, aby wy\u015bwietli\u0107 swoj\u0105 lokalizacj\u0119 na mapie","description":"Zintegruj Lokalizator sklep\u00f3w z witryn\u0105 Bloggera, aby zapewni\u0107 sobie lepsze wra\u017cenia z zakup\u00f3w. Zapoznaj si\u0119 z przejrzystym demo Elfsight, aby wygenerowa\u0107 pot\u0119\u017cny widget.","robots":{"index":"index","follow":"follow","max-snippet":"max-snippet:-1","max-image-preview":"max-image-preview:large","max-video-preview":"max-video-preview:-1"},"canonical":"https:\/\/elfsight.com\/pl\/store-locator-widget\/blogger\/","og_locale":"pl_PL","og_type":"article","og_title":"Osad\u017a lokalizator sklep\u00f3w Bloggera, aby wy\u015bwietli\u0107 swoj\u0105 lokalizacj\u0119 na mapie","og_description":"Zintegruj Lokalizator sklep\u00f3w z witryn\u0105 Bloggera, aby zapewni\u0107 sobie lepsze wra\u017cenia z zakup\u00f3w. Zapoznaj si\u0119 z przejrzystym demo Elfsight, aby wygenerowa\u0107 pot\u0119\u017cny widget.","og_url":"https:\/\/elfsight.com\/pl\/store-locator-widget\/blogger\/","og_site_name":"Elfsight PL","article_modified_time":"2025-06-16T09:25:11+00:00","twitter_card":"summary_large_image","twitter_misc":{"Szacowany czas czytania":"2 minuty"},"schema":{"@context":"https:\/\/schema.org","@graph":[{"@type":"WebPage","@id":"https:\/\/elfsight.com\/pl\/store-locator-widget\/blogger\/","url":"https:\/\/elfsight.com\/pl\/store-locator-widget\/blogger\/","name":"Osad\u017a lokalizator sklep\u00f3w Bloggera, aby wy\u015bwietli\u0107 swoj\u0105 lokalizacj\u0119 na mapie","isPartOf":{"@id":"https:\/\/elfsight.com\/pl\/#website"},"datePublished":"1970-01-01T00:00:00+00:00","dateModified":"2025-06-16T09:25:11+00:00","description":"Zintegruj Lokalizator sklep\u00f3w z witryn\u0105 Bloggera, aby zapewni\u0107 sobie lepsze wra\u017cenia z zakup\u00f3w. Zapoznaj si\u0119 z przejrzystym demo Elfsight, aby wygenerowa\u0107 pot\u0119\u017cny widget.","breadcrumb":{"@id":"https:\/\/elfsight.com\/pl\/store-locator-widget\/blogger\/#breadcrumb"},"inLanguage":"pl-PL","potentialAction":[{"@type":"ReadAction","target":["https:\/\/elfsight.com\/pl\/store-locator-widget\/blogger\/"]}]},{"@type":"BreadcrumbList","@id":"https:\/\/elfsight.com\/pl\/store-locator-widget\/blogger\/#breadcrumb","itemListElement":[{"@type":"ListItem","position":1,"name":"Home","item":"https:\/\/elfsight.com\/pl\/"},{"@type":"ListItem","position":2,"name":"Store Locator","item":"https:\/\/elfsight.com\/pl\/store-locator-widget\/"},{"@type":"ListItem","position":3,"name":"Store Locator &#8211; Blogger"}]},{"@type":"WebSite","@id":"https:\/\/elfsight.com\/pl\/#website","url":"https:\/\/elfsight.com\/pl\/","name":"Elfsight PL","description":"Just another Elfsight Sites site","potentialAction":[{"@type":"SearchAction","target":{"@type":"EntryPoint","urlTemplate":"https:\/\/elfsight.com\/pl\/?s={search_term_string}"},"query-input":{"@type":"PropertyValueSpecification","valueRequired":true,"valueName":"search_term_string"}}],"inLanguage":"pl-PL"}]}},"meta_box":{"industry":"","seo_heading":"","heading":"","description":"","cta_heading":"","cta_description":"","application":"3352","h1":"Wid\u017cet lokalizatora sklep\u00f3w BigCommerce","h1_caption":"Wy\u015bwietl map\u0119 z wieloma lokalizacjami sklep\u00f3w, aby u\u0142atwi\u0107 klientom znalezienie najbli\u017cszej lokalizacji w Twojej witrynie Bloggera.","application_category":[],"applications_title":"","applications_request_title":"","applications_request_button_text":"","hero_text":"","hero_video":"","hero_video_schema_markup":"","selling_points_title":"","selling_points_caption":"","selling_points":[],"selling_points_cta_text":"","features_title":"","features":"","ed_cta_examples_text":"","ed_cta_examples_hidden":"","ed_cta_demo_text":"","ed_cta_demo_hidden":"","why_caption":"","why_editor_title":"","why_editor_text":"","why_team_title":"","why_team_text":"","why_service_title":"","why_service_text":"","template_catalog_visible":"","template_catalog_title":"","template_catalog_text":"","template_catalog_categories_visible":"","demo_title":"Pospiesz si\u0119, aby stworzy\u0107 w\u0142asny lokalizator sklep\u00f3w Blogger","demo_caption":"Dostosuj go i wstaw wid\u017cet na swoj\u0105 stron\u0119 internetow\u0105 za pomoc\u0105 wersji demonstracyjnej na \u017cywo.","default_faq_hidden":"","app_template_category":[],"platform":"44","template_public_id":"","codecanyon_url":"","codecanyon_item_id":"","codecanyon_price":"","pricing_caption":"","pricing_elfsight_apps_hide_column":"","pricing_elfsight_apps_url":"","pricing_codecanyon_price_caption":"","integration_category":[],"integration_request_title":"","integration_request_cta":"","integration_platform":"","integrations":[],"platform_category":[],"video_schema_markup":"","price":"od 0 USD \/ miesi\u0105c","trial":"","benefits":[{"text":"Nielimitowane strony internetowe"},{"text":"Dedykowana obs\u0142uga klienta"},{"text":"Bezp\u0142atna us\u0142uga monta\u017cu"}],"button_url":"#demo","button_target_blank":"","button_nofollow":"","attributes":[{"name":"Instaluje"},{"name":"Czu\u0142y"},{"name":"Kompatybilne przegl\u0105darki"}],"tags":[],"tags_disable_links":"","hide_more_platforms":"","video_object":"","demo_hide_cta":"","demo_hide_cloud_options":"","pricing_title":"","pricing":[{"pricing_icon":"platform","pricing_title":"Elfsight Apps","pricing_title_caption":"Wieloplatformowe rozwi\u0105zanie cyfrowe","pricing_price":"od 0 USD \/ miesi\u0105c","pricing_price_caption":"zacznij od bezp\u0142atnego planu","pricing_benefits":[{"text":"Nielimitowane strony internetowe"},{"text":"Dedykowana obs\u0142uga klienta"},{"text":"Bezp\u0142atna us\u0142uga monta\u017cu"},{"text":"Elastyczny projekt"}],"pricing_button_text":"Dodaj do witryny","pricing_button_url":"#demo"}],"related_apps_title":"","related_apps_hidden":"","author":"","image":[],"title":"","job":"","social_networks":[]},"_links":{"self":[{"href":"https:\/\/elfsight.com\/pl\/wp-json\/wp\/v2\/pages\/6672","targetHints":{"allow":["GET"]}}],"collection":[{"href":"https:\/\/elfsight.com\/pl\/wp-json\/wp\/v2\/pages"}],"about":[{"href":"https:\/\/elfsight.com\/pl\/wp-json\/wp\/v2\/types\/page"}],"author":[{"embeddable":true,"href":"https:\/\/elfsight.com\/pl\/wp-json\/wp\/v2\/users\/9"}],"replies":[{"embeddable":true,"href":"https:\/\/elfsight.com\/pl\/wp-json\/wp\/v2\/comments?post=6672"}],"version-history":[{"count":1,"href":"https:\/\/elfsight.com\/pl\/wp-json\/wp\/v2\/pages\/6672\/revisions"}],"predecessor-version":[{"id":6676,"href":"https:\/\/elfsight.com\/pl\/wp-json\/wp\/v2\/pages\/6672\/revisions\/6676"}],"up":[{"embeddable":true,"href":"https:\/\/elfsight.com\/pl\/wp-json\/wp\/v2\/pages\/3364"}],"wp:attachment":[{"href":"https:\/\/elfsight.com\/pl\/wp-json\/wp\/v2\/media?parent=6672"}],"curies":[{"name":"wp","href":"https:\/\/api.w.org\/{rel}","templated":true}]}}