{"id":6670,"date":"1970-01-01T00:00:00","date_gmt":"1970-01-01T00:00:00","guid":{"rendered":"https:\/\/elfsight.com\/pl\/?page_id=6670"},"modified":"2025-06-16T09:25:11","modified_gmt":"2025-06-16T09:25:11","slug":"bigcommerce","status":"publish","type":"page","link":"https:\/\/elfsight.com\/pl\/store-locator-widget\/bigcommerce\/","title":{"rendered":"Store Locator &#8211; BigCommerce"},"content":{"rendered":"<div class=\"application-platform-content-item-description application-platform-content-item\" id=\"description\" data-nav-section=\"description\"> <h2>Osad\u017a lokalizator sklep\u00f3w w BigCommerce za pomoc\u0105 aplikacji Elfsight<\/h2> <p>Lokator sklep\u00f3w Elfsight dla BigCommerce to pot\u0119\u017cny i elastyczny widget zaprojektowany zwi\u0119kszy\u0107 u\u017cyteczno\u015b\u0107 Twojej witryny i zaanga\u017cowanie klient\u00f3w, u\u0142atwiaj\u0105c im ni\u017c kiedykolwiek znalezienie drogi do adresu Twojej firmy. Dzi\u0119ki szeregowi przydatnych funkcji opracowanych z my\u015bl\u0105 o u\u017cyteczno\u015bci i wydajno\u015bci, ten widget jest najlepszym rozwi\u0105zaniem do demonstrowania lokalizacji sklep\u00f3w fizycznych w jasny i wygodny spos\u00f3b. Dodaj go ju\u017c teraz i zauwa\u017c, jak przekszta\u0142ci Twoj\u0105 witryn\u0119 we wspania\u0142\u0105 wyszukiwark\u0119 sklep\u00f3w!<\/p> <p>Osadzaj\u0105c widget, zwi\u0119kszysz swoj\u0105 wiarygodno\u015b\u0107 w\u015br\u00f3d klient\u00f3w, dostarczaj\u0105c szczeg\u00f3\u0142owe informacje o fizycznej lokalizacji Twojej firmy, uspokajaj\u0105c wszystkich solidna obecno\u015b\u0107. Mo\u017ce to skutkowa\u0107 szybszym podejmowaniem decyzji i popraw\u0105 do\u015bwiadcze\u0144 zakupowych w\u015br\u00f3d odwiedzaj\u0105cych. <\/p><p><b>Korzystaj z wyj\u0105tkowej wyszukiwarki sklep\u00f3w, aby zaprezentowa\u0107 swoj\u0105 lokalizacj\u0119 i istotne dane firmy. Poka\u017c sw\u00f3j adres fizyczny i wymagane informacje, przyci\u0105gaj\u0105c wi\u0119cej odwiedzaj\u0105cych w sklepie. <\/b><\/p><\/div> <div class=\"application-platform-content-item-features application-platform-content-item\" id=\"features\" data-nav-section=\"features\"> <h2>Oto g\u0142\u00f3wne funkcje wid\u017cetu:<\/h2> <ul><li>\u0141atwy wyb\u00f3r adresu<\/li><li>Charakterystyka mapy interaktywnej<\/li><li>Przyciski CTA lokalizacji w\u0142\u0105czone dzi\u0119ki integracji <\/li><li>Wyskakuj\u0105ce okienko ze szczeg\u00f3\u0142ow\u0105 lokalizacj\u0105 po klikni\u0119ciu znacznika<\/li><li>Czas dzia\u0142ania lokalizacji i &amp; aktualny stan<\/li><\/ul><p><a href=\"#demo\">W wersji demonstracyjnej mo\u017cesz przetestowa\u0107 pe\u0142ne mo\u017cliwo\u015bci wid\u017cetu<\/a><\/p><\/div> <div class=\"application-platform-content-item-installation application-platform-content-item\" id=\"installation\" data-nav-section=\"installation\"> <h2>Jak mog\u0119 osadzi\u0107 Lokalizator sklep\u00f3w na moich stronach BigCommerce?<\/h2> <p>Wystarczy post\u0119powa\u0107 zgodnie z poni\u017cszymi instrukcjami, aby wstawi\u0107 wtyczk\u0119. <\/p> <ol><li><b>Uruchom nasz darmowy konfigurator i zacznij tworzy\u0107 sw\u00f3j w\u0142asny widget. <\/b><br> Wybierz preferowan\u0105 form\u0119 i aspekty wid\u017cetu i zastosuj poprawki. <\/li> <li><b>Odbierz unikalny kod pojawiaj\u0105cy si\u0119 w polu aplikacji Elfsight. <\/b><br> Zaraz po utworzeniu osobistego wid\u017cetu skopiuj osobisty kod z pojawiaj\u0105cego si\u0119 wyskakuj\u0105cego okienka i zapisz go na dalsze potrzeby. <\/li> <li><b>Rozpocznij korzystanie z wtyczki na stronie BigCommerce. <\/b><br> Wklej ostatnio skopiowany kod na swoj\u0105 stron\u0119 i zastosuj zmiany. <\/li> <li><b>Konfiguracja zosta\u0142a pomy\u015blnie przeprowadzona. <\/b><br> Przejd\u017a na swoj\u0105 stron\u0119 internetow\u0105, aby sprawdzi\u0107 dzia\u0142anie wtyczki. <\/li><\/ol> <p>Je\u015bli napotkasz jakiekolwiek trudno\u015bci, nie wahaj si\u0119 skontaktowa\u0107 z naszym zespo\u0142em obs\u0142ugi klienta. Nasi pracownicy pragn\u0105 rozwi\u0105za\u0107 wszystkie pytania, jakie mo\u017cesz mie\u0107 w zwi\u0105zku z produktem. <\/p> <\/div>","protected":false},"excerpt":{"rendered":"","protected":false},"author":9,"featured_media":0,"parent":3364,"menu_order":0,"comment_status":"closed","ping_status":"closed","template":"templates\/template-application-platform.php","meta":{"publish_to_discourse":"","publish_post_category":"","wpdc_auto_publish_overridden":"","wpdc_topic_tags":"","wpdc_pin_topic":"","wpdc_pin_until":"","discourse_post_id":"","discourse_permalink":"","wpdc_publishing_response":"","wpdc_publishing_error":"","footnotes":""},"class_list":["post-6670","page","type-page","status-publish","hentry"],"yoast_head":"<!-- This site is optimized with the Yoast SEO plugin v25.3.1 - https:\/\/yoast.com\/wordpress\/plugins\/seo\/ -->\n<title>Dodaj lokalizator sklep\u00f3w BigCommerce \u2014 osadzaj wska\u017anik sklepu bez kodu<\/title>\n<meta name=\"description\" content=\"W\u0142\u0105cz przyjazny dla u\u017cytkownika lokalizator sklep\u00f3w do witryny BigCommerce, aby zwi\u0119kszy\u0107 wiarygodno\u015b\u0107. Zapoznaj si\u0119 z wygodn\u0105 wersj\u0105 demonstracyjn\u0105 Elfsight, aby szybko zbudowa\u0107 widget.\" \/>\n<meta name=\"robots\" content=\"index, follow, max-snippet:-1, max-image-preview:large, max-video-preview:-1\" \/>\n<link rel=\"canonical\" href=\"https:\/\/elfsight.com\/pl\/store-locator-widget\/bigcommerce\/\" \/>\n<meta property=\"og:locale\" content=\"pl_PL\" \/>\n<meta property=\"og:type\" content=\"article\" \/>\n<meta property=\"og:title\" content=\"Dodaj lokalizator sklep\u00f3w BigCommerce \u2014 osadzaj wska\u017anik sklepu bez kodu\" \/>\n<meta property=\"og:description\" content=\"W\u0142\u0105cz przyjazny dla u\u017cytkownika lokalizator sklep\u00f3w do witryny BigCommerce, aby zwi\u0119kszy\u0107 wiarygodno\u015b\u0107. Zapoznaj si\u0119 z wygodn\u0105 wersj\u0105 demonstracyjn\u0105 Elfsight, aby szybko zbudowa\u0107 widget.\" \/>\n<meta property=\"og:url\" content=\"https:\/\/elfsight.com\/pl\/store-locator-widget\/bigcommerce\/\" \/>\n<meta property=\"og:site_name\" content=\"Elfsight PL\" \/>\n<meta property=\"article:modified_time\" content=\"2025-06-16T09:25:11+00:00\" \/>\n<meta name=\"twitter:card\" content=\"summary_large_image\" \/>\n<meta name=\"twitter:label1\" content=\"Szacowany czas czytania\" \/>\n\t<meta name=\"twitter:data1\" content=\"2 minuty\" \/>\n<!-- \/ Yoast SEO plugin. -->","yoast_head_json":{"title":"Dodaj lokalizator sklep\u00f3w BigCommerce \u2014 osadzaj wska\u017anik sklepu bez kodu","description":"W\u0142\u0105cz przyjazny dla u\u017cytkownika lokalizator sklep\u00f3w do witryny BigCommerce, aby zwi\u0119kszy\u0107 wiarygodno\u015b\u0107. Zapoznaj si\u0119 z wygodn\u0105 wersj\u0105 demonstracyjn\u0105 Elfsight, aby szybko zbudowa\u0107 widget.","robots":{"index":"index","follow":"follow","max-snippet":"max-snippet:-1","max-image-preview":"max-image-preview:large","max-video-preview":"max-video-preview:-1"},"canonical":"https:\/\/elfsight.com\/pl\/store-locator-widget\/bigcommerce\/","og_locale":"pl_PL","og_type":"article","og_title":"Dodaj lokalizator sklep\u00f3w BigCommerce \u2014 osadzaj wska\u017anik sklepu bez kodu","og_description":"W\u0142\u0105cz przyjazny dla u\u017cytkownika lokalizator sklep\u00f3w do witryny BigCommerce, aby zwi\u0119kszy\u0107 wiarygodno\u015b\u0107. Zapoznaj si\u0119 z wygodn\u0105 wersj\u0105 demonstracyjn\u0105 Elfsight, aby szybko zbudowa\u0107 widget.","og_url":"https:\/\/elfsight.com\/pl\/store-locator-widget\/bigcommerce\/","og_site_name":"Elfsight PL","article_modified_time":"2025-06-16T09:25:11+00:00","twitter_card":"summary_large_image","twitter_misc":{"Szacowany czas czytania":"2 minuty"},"schema":{"@context":"https:\/\/schema.org","@graph":[{"@type":"WebPage","@id":"https:\/\/elfsight.com\/pl\/store-locator-widget\/bigcommerce\/","url":"https:\/\/elfsight.com\/pl\/store-locator-widget\/bigcommerce\/","name":"Dodaj lokalizator sklep\u00f3w BigCommerce \u2014 osadzaj wska\u017anik sklepu bez kodu","isPartOf":{"@id":"https:\/\/elfsight.com\/pl\/#website"},"datePublished":"1970-01-01T00:00:00+00:00","dateModified":"2025-06-16T09:25:11+00:00","description":"W\u0142\u0105cz przyjazny dla u\u017cytkownika lokalizator sklep\u00f3w do witryny BigCommerce, aby zwi\u0119kszy\u0107 wiarygodno\u015b\u0107. Zapoznaj si\u0119 z wygodn\u0105 wersj\u0105 demonstracyjn\u0105 Elfsight, aby szybko zbudowa\u0107 widget.","breadcrumb":{"@id":"https:\/\/elfsight.com\/pl\/store-locator-widget\/bigcommerce\/#breadcrumb"},"inLanguage":"pl-PL","potentialAction":[{"@type":"ReadAction","target":["https:\/\/elfsight.com\/pl\/store-locator-widget\/bigcommerce\/"]}]},{"@type":"BreadcrumbList","@id":"https:\/\/elfsight.com\/pl\/store-locator-widget\/bigcommerce\/#breadcrumb","itemListElement":[{"@type":"ListItem","position":1,"name":"Home","item":"https:\/\/elfsight.com\/pl\/"},{"@type":"ListItem","position":2,"name":"Store Locator","item":"https:\/\/elfsight.com\/pl\/store-locator-widget\/"},{"@type":"ListItem","position":3,"name":"Store Locator &#8211; BigCommerce"}]},{"@type":"WebSite","@id":"https:\/\/elfsight.com\/pl\/#website","url":"https:\/\/elfsight.com\/pl\/","name":"Elfsight PL","description":"Just another Elfsight Sites site","potentialAction":[{"@type":"SearchAction","target":{"@type":"EntryPoint","urlTemplate":"https:\/\/elfsight.com\/pl\/?s={search_term_string}"},"query-input":{"@type":"PropertyValueSpecification","valueRequired":true,"valueName":"search_term_string"}}],"inLanguage":"pl-PL"}]}},"meta_box":{"industry":"","seo_heading":"","heading":"","description":"","cta_heading":"","cta_description":"","application":"3352","h1":"Aplikacja do lokalizowania sklep\u00f3w BigCommerce","h1_caption":"Wy\u015bwietl map\u0119 z wieloma lokalizacjami sklep\u00f3w, aby pom\u00f3c swoim klientom w \u0142atwym znalezieniu najbli\u017cszej lokalizacji w Twojej witrynie BigCommerce.","application_category":[],"applications_title":"","applications_request_title":"","applications_request_button_text":"","hero_text":"","hero_video":"","hero_video_schema_markup":"","selling_points_title":"","selling_points_caption":"","selling_points":[],"selling_points_cta_text":"","features_title":"","features":"","ed_cta_examples_text":"","ed_cta_examples_hidden":"","ed_cta_demo_text":"","ed_cta_demo_hidden":"","why_caption":"","why_editor_title":"","why_editor_text":"","why_team_title":"","why_team_text":"","why_service_title":"","why_service_text":"","template_catalog_visible":"","template_catalog_title":"","template_catalog_text":"","template_catalog_categories_visible":"","demo_title":"\u015amia\u0142o, mo\u017cesz kszta\u0142towa\u0107 spersonalizowany lokalizator sklep\u00f3w BigCommerce","demo_caption":"Dostosuj go i zaimplementuj wid\u017cet na swojej stronie g\u0142\u00f3wnej, korzystaj\u0105c z wersji demonstracyjnej na \u017cywo.","default_faq_hidden":"","app_template_category":[],"platform":"41","template_public_id":"","codecanyon_url":"","codecanyon_item_id":"","codecanyon_price":"","pricing_caption":"","pricing_elfsight_apps_hide_column":"","pricing_elfsight_apps_url":"","pricing_codecanyon_price_caption":"","integration_category":[],"integration_request_title":"","integration_request_cta":"","integration_platform":"","integrations":[],"platform_category":[],"video_schema_markup":"","price":"od 0 USD \/ miesi\u0105c","trial":"","benefits":[{"text":"Bezp\u0142atna pomoc w monta\u017cu"},{"text":"Wsparcie premium"},{"text":"14-dniowa gwarancja zwrotu pieni\u0119dzy"}],"button_url":"#demo","button_target_blank":"","button_nofollow":"","attributes":[{"name":"Instaluje"},{"name":"Czu\u0142y"},{"name":"Kompatybilne przegl\u0105darki"}],"tags":[],"tags_disable_links":"","hide_more_platforms":"","video_object":"","demo_hide_cta":"","demo_hide_cloud_options":"","pricing_title":"","pricing":[{"pricing_icon":"platform","pricing_title":"Elfsight Apps","pricing_title_caption":"Wersja wieloplatformowa, kt\u00f3ra dzia\u0142a na ka\u017cdej stronie internetowej","pricing_price":"od 0 USD \/ miesi\u0105c","pricing_price_caption":"zacznij od bezp\u0142atnego planu","pricing_benefits":[{"text":"Nielimitowane strony internetowe"},{"text":"Wsparcie premium i na czas"},{"text":"Bezp\u0142atna pomoc w instalacji"},{"text":"Elastyczny projekt"}],"pricing_button_text":"Dodaj do witryny","pricing_button_url":"#demo"}],"related_apps_title":"","related_apps_hidden":"","author":"","image":[],"title":"","job":"","social_networks":[]},"_links":{"self":[{"href":"https:\/\/elfsight.com\/pl\/wp-json\/wp\/v2\/pages\/6670","targetHints":{"allow":["GET"]}}],"collection":[{"href":"https:\/\/elfsight.com\/pl\/wp-json\/wp\/v2\/pages"}],"about":[{"href":"https:\/\/elfsight.com\/pl\/wp-json\/wp\/v2\/types\/page"}],"author":[{"embeddable":true,"href":"https:\/\/elfsight.com\/pl\/wp-json\/wp\/v2\/users\/9"}],"replies":[{"embeddable":true,"href":"https:\/\/elfsight.com\/pl\/wp-json\/wp\/v2\/comments?post=6670"}],"version-history":[{"count":1,"href":"https:\/\/elfsight.com\/pl\/wp-json\/wp\/v2\/pages\/6670\/revisions"}],"predecessor-version":[{"id":6674,"href":"https:\/\/elfsight.com\/pl\/wp-json\/wp\/v2\/pages\/6670\/revisions\/6674"}],"up":[{"embeddable":true,"href":"https:\/\/elfsight.com\/pl\/wp-json\/wp\/v2\/pages\/3364"}],"wp:attachment":[{"href":"https:\/\/elfsight.com\/pl\/wp-json\/wp\/v2\/media?parent=6670"}],"curies":[{"name":"wp","href":"https:\/\/api.w.org\/{rel}","templated":true}]}}