{"id":6669,"date":"2024-05-03T06:49:20","date_gmt":"2024-05-03T06:49:20","guid":{"rendered":"https:\/\/elfsight.com\/pl\/?page_id=6669"},"modified":"2025-06-16T09:25:12","modified_gmt":"2025-06-16T09:25:12","slug":"drupal","status":"publish","type":"page","link":"https:\/\/elfsight.com\/pl\/store-locator-widget\/drupal\/","title":{"rendered":"Store Locator &#8211; Drupal"},"content":{"rendered":"<div class=\"application-platform-content-item-description application-platform-content-item\" id=\"description\" data-nav-section=\"description\"> <h2>Osad\u017a lokalizator sklep\u00f3w w Drupalu za pomoc\u0105 modu\u0142u Elfsight<\/h2> <p>Lokator sklep\u00f3w Elfsight dla Drupala to \u017cywy i konfigurowalny widget stworzony zwi\u0119kszy\u0107 u\u017cyteczno\u015b\u0107 Twojej witryny i satysfakcj\u0119 klient\u00f3w, u\u0142atwiaj\u0105c im ni\u017c kiedykolwiek odwiedzenie adresu Twojej firmy. Dzi\u0119ki zestawowi przydatnych funkcji wprowadzonych pod k\u0105tem u\u017cyteczno\u015bci i wydajno\u015bci, ten widget jest idealnym rozwi\u0105zaniem do og\u0142aszania fizycznych lokalizacji firm w zrozumia\u0142y i wygodny spos\u00f3b. Dodaj go teraz i zauwa\u017c, jak zmienia Twoj\u0105 witryn\u0119 w u\u017cyteczn\u0105 wyszukiwark\u0119 sklep\u00f3w!<\/p> <p>Dzi\u0119ki w\u0142\u0105czeniu wid\u017cetu zwi\u0119kszysz swoj\u0105 wiarygodno\u015b\u0107 w\u015br\u00f3d odwiedzaj\u0105cych, dostarczaj\u0105c szczeg\u00f3\u0142owych informacji na temat fizycznych lokalizacji Twojej firmy, uspokajaj\u0105c wszystkich swoich sta\u0142ych obecno\u015b\u0107. Prze\u0142o\u017cy si\u0119 to na szybsze podejmowanie decyzji i solidne do\u015bwiadczenia zakupowe w\u015br\u00f3d klient\u00f3w. <\/p><p><b>Umie\u015b\u0107 niezwyk\u0142\u0105 wyszukiwark\u0119 sklep\u00f3w, aby zaprezentowa\u0107 swoj\u0105 lokalizacj\u0119 i istotne dane firmy. Poka\u017c sw\u00f3j prawdziwy adres i wymagane informacje, aby zyska\u0107 wi\u0119cej klient\u00f3w w sklepie. <\/b><\/p> <\/div> <div class=\"application-platform-content-item-features application-platform-content-item\" id=\"features\" data-nav-section=\"features\"> <h2>Oto podstawowe funkcje wid\u017cetu:<\/h2> <ul><li>Dynamiczny wyb\u00f3r adresu<\/li><li>Intuicyjna charakterystyka mapy<\/li><li>Przyciski akcji lokalizacji w\u0142\u0105czone dzi\u0119ki integracji <\/li><li>Proste wyskakuj\u0105ce okienko lokalizacji po klikni\u0119ciu znacznika<\/li><li>Godziny otwarcia lokalizacji i &amp; stan aktywno\u015bci<\/li><\/ul><p><a href=\"#demo\">Wypr\u00f3buj wszystkie funkcje personalizacji w 100% funkcjonalnej wersji demonstracyjnej<\/a><\/p> <\/div> <div class=\"application-platform-content-item-installation  application-platform-content-item\" id=\"installation \" data-nav-section=\"installation \"> <h2>Jak zintegrowa\u0107 Lokalizator sklep\u00f3w z moj\u0105 witryn\u0105 Drupal?<\/h2> <p>Wystarczy post\u0119powa\u0107 zgodnie z poni\u017cszymi instrukcjami, aby osadzi\u0107 wid\u017cet. <\/p> <ol><li><b>Zarz\u0105dzaj nasz\u0105 bezp\u0142atn\u0105 wersj\u0105 demonstracyjn\u0105 i zacznij tworzy\u0107 swoj\u0105 unikaln\u0105 wtyczk\u0119. <\/b><br> Okre\u015bl odpowiedni\u0105 form\u0119 i cechy funkcjonalne narz\u0119dzia oraz zapisz zmiany. <\/li> <li><b>Zdob\u0105d\u017a indywidualny kod pojawiaj\u0105cy si\u0119 w oknie aplikacji Elfsight. <\/b><br> Po zako\u0144czeniu tworzenia wtyczki skopiuj ekskluzywny kod z wy\u015bwietlonego pola i zachowaj go do p\u00f3\u017aniejszego wykorzystania. <\/li> <li><b>Rozpocznij wdra\u017canie narz\u0119dzia na stronie Drupal. <\/b><br> Wpisz kod, kt\u00f3ry ostatnio zapisa\u0142e\u015b na swojej stronie internetowej i zastosuj ulepszenia. <\/li> <li><b>Instalacja zosta\u0142a pomy\u015blnie przeprowadzona. <\/b><br> Odwied\u017a swoj\u0105 stron\u0119, aby sprawdzi\u0107, jak dzia\u0142a widget. <\/li><\/ol> <p>Je\u015bli napotkasz jakie\u015b problemy, nie b\u00f3j si\u0119 zwr\u00f3ci\u0107 do naszego zespo\u0142u wsparcia. Nasi konsultanci pragn\u0105 rozwi\u0105za\u0107 wszystkie problemy, jakie mo\u017cesz napotka\u0107 w zwi\u0105zku z tym narz\u0119dziem. <\/p><\/div>","protected":false},"excerpt":{"rendered":"","protected":false},"author":9,"featured_media":0,"parent":3364,"menu_order":0,"comment_status":"closed","ping_status":"closed","template":"templates\/template-application-platform.php","meta":{"publish_to_discourse":"","publish_post_category":"","wpdc_auto_publish_overridden":"","wpdc_topic_tags":"","wpdc_pin_topic":"","wpdc_pin_until":"","discourse_post_id":"","discourse_permalink":"","wpdc_publishing_response":"","wpdc_publishing_error":"","footnotes":""},"class_list":["post-6669","page","type-page","status-publish","hentry"],"yoast_head":"<!-- This site is optimized with the Yoast SEO plugin v25.3.1 - https:\/\/yoast.com\/wordpress\/plugins\/seo\/ -->\n<title>Osad\u017a lokalizator sklep\u00f3w Drupal \u2014 dodaj swoj\u0105 lokalizacj\u0119 dla klient\u00f3w<\/title>\n<meta name=\"description\" content=\"Dodaj Lokalizator sklep\u00f3w do swoich stron Drupal, aby zwi\u0119kszy\u0107 konwersje. Wypr\u00f3buj przejrzyste demo Elfsight, aby utworzy\u0107 wid\u017cet, po\u015bwi\u0119caj\u0105c zaledwie kilka minut.\" \/>\n<meta name=\"robots\" content=\"index, follow, max-snippet:-1, max-image-preview:large, max-video-preview:-1\" \/>\n<link rel=\"canonical\" href=\"https:\/\/elfsight.com\/pl\/store-locator-widget\/drupal\/\" \/>\n<meta property=\"og:locale\" content=\"pl_PL\" \/>\n<meta property=\"og:type\" content=\"article\" \/>\n<meta property=\"og:title\" content=\"Osad\u017a lokalizator sklep\u00f3w Drupal \u2014 dodaj swoj\u0105 lokalizacj\u0119 dla klient\u00f3w\" \/>\n<meta property=\"og:description\" content=\"Dodaj Lokalizator sklep\u00f3w do swoich stron Drupal, aby zwi\u0119kszy\u0107 konwersje. Wypr\u00f3buj przejrzyste demo Elfsight, aby utworzy\u0107 wid\u017cet, po\u015bwi\u0119caj\u0105c zaledwie kilka minut.\" \/>\n<meta property=\"og:url\" content=\"https:\/\/elfsight.com\/pl\/store-locator-widget\/drupal\/\" \/>\n<meta property=\"og:site_name\" content=\"Elfsight PL\" \/>\n<meta property=\"article:modified_time\" content=\"2025-06-16T09:25:12+00:00\" \/>\n<meta name=\"twitter:card\" content=\"summary_large_image\" \/>\n<meta name=\"twitter:label1\" content=\"Szacowany czas czytania\" \/>\n\t<meta name=\"twitter:data1\" content=\"2 minuty\" \/>\n<!-- \/ Yoast SEO plugin. -->","yoast_head_json":{"title":"Osad\u017a lokalizator sklep\u00f3w Drupal \u2014 dodaj swoj\u0105 lokalizacj\u0119 dla klient\u00f3w","description":"Dodaj Lokalizator sklep\u00f3w do swoich stron Drupal, aby zwi\u0119kszy\u0107 konwersje. Wypr\u00f3buj przejrzyste demo Elfsight, aby utworzy\u0107 wid\u017cet, po\u015bwi\u0119caj\u0105c zaledwie kilka minut.","robots":{"index":"index","follow":"follow","max-snippet":"max-snippet:-1","max-image-preview":"max-image-preview:large","max-video-preview":"max-video-preview:-1"},"canonical":"https:\/\/elfsight.com\/pl\/store-locator-widget\/drupal\/","og_locale":"pl_PL","og_type":"article","og_title":"Osad\u017a lokalizator sklep\u00f3w Drupal \u2014 dodaj swoj\u0105 lokalizacj\u0119 dla klient\u00f3w","og_description":"Dodaj Lokalizator sklep\u00f3w do swoich stron Drupal, aby zwi\u0119kszy\u0107 konwersje. Wypr\u00f3buj przejrzyste demo Elfsight, aby utworzy\u0107 wid\u017cet, po\u015bwi\u0119caj\u0105c zaledwie kilka minut.","og_url":"https:\/\/elfsight.com\/pl\/store-locator-widget\/drupal\/","og_site_name":"Elfsight PL","article_modified_time":"2025-06-16T09:25:12+00:00","twitter_card":"summary_large_image","twitter_misc":{"Szacowany czas czytania":"2 minuty"},"schema":{"@context":"https:\/\/schema.org","@graph":[{"@type":"WebPage","@id":"https:\/\/elfsight.com\/pl\/store-locator-widget\/drupal\/","url":"https:\/\/elfsight.com\/pl\/store-locator-widget\/drupal\/","name":"Osad\u017a lokalizator sklep\u00f3w Drupal \u2014 dodaj swoj\u0105 lokalizacj\u0119 dla klient\u00f3w","isPartOf":{"@id":"https:\/\/elfsight.com\/pl\/#website"},"datePublished":"2024-05-03T06:49:20+00:00","dateModified":"2025-06-16T09:25:12+00:00","description":"Dodaj Lokalizator sklep\u00f3w do swoich stron Drupal, aby zwi\u0119kszy\u0107 konwersje. Wypr\u00f3buj przejrzyste demo Elfsight, aby utworzy\u0107 wid\u017cet, po\u015bwi\u0119caj\u0105c zaledwie kilka minut.","breadcrumb":{"@id":"https:\/\/elfsight.com\/pl\/store-locator-widget\/drupal\/#breadcrumb"},"inLanguage":"pl-PL","potentialAction":[{"@type":"ReadAction","target":["https:\/\/elfsight.com\/pl\/store-locator-widget\/drupal\/"]}]},{"@type":"BreadcrumbList","@id":"https:\/\/elfsight.com\/pl\/store-locator-widget\/drupal\/#breadcrumb","itemListElement":[{"@type":"ListItem","position":1,"name":"Home","item":"https:\/\/elfsight.com\/pl\/"},{"@type":"ListItem","position":2,"name":"Store Locator","item":"https:\/\/elfsight.com\/pl\/store-locator-widget\/"},{"@type":"ListItem","position":3,"name":"Store Locator &#8211; Drupal"}]},{"@type":"WebSite","@id":"https:\/\/elfsight.com\/pl\/#website","url":"https:\/\/elfsight.com\/pl\/","name":"Elfsight PL","description":"Just another Elfsight Sites site","potentialAction":[{"@type":"SearchAction","target":{"@type":"EntryPoint","urlTemplate":"https:\/\/elfsight.com\/pl\/?s={search_term_string}"},"query-input":{"@type":"PropertyValueSpecification","valueRequired":true,"valueName":"search_term_string"}}],"inLanguage":"pl-PL"}]}},"meta_box":{"industry":"","seo_heading":"","heading":"","description":"","cta_heading":"","cta_description":"","application":"3352","h1":"Modu\u0142 Lokalizatora Sklep\u00f3w Drupal","h1_caption":"Wy\u015bwietl map\u0119 z wieloma lokalizacjami sklep\u00f3w, aby pom\u00f3c Twoim klientom w \u0142atwym znalezieniu najbli\u017cszej lokalizacji na Twojej stronie Drupal.","application_category":[],"applications_title":"","applications_request_title":"","applications_request_button_text":"","hero_text":"","hero_video":"","hero_video_schema_markup":"","selling_points_title":"","selling_points_caption":"","selling_points":[],"selling_points_cta_text":"","features_title":"","features":"","ed_cta_examples_text":"","ed_cta_examples_hidden":"","ed_cta_demo_text":"","ed_cta_demo_hidden":"","why_caption":"","why_editor_title":"","why_editor_text":"","why_team_title":"","why_team_text":"","why_service_title":"","why_service_text":"","template_catalog_visible":"","template_catalog_title":"","template_catalog_text":"","template_catalog_categories_visible":"","demo_title":"\u015amia\u0142o stw\u00f3rz szyty na miar\u0119 lokalizator sklep\u00f3w Drupal","demo_caption":"Spersonalizuj go i dodaj wid\u017cet na swojej stronie internetowej za pomoc\u0105 bezp\u0142atnej wersji demonstracyjnej.","default_faq_hidden":"","app_template_category":[],"platform":"47","template_public_id":"","codecanyon_url":"","codecanyon_item_id":"","codecanyon_price":"","pricing_caption":"","pricing_elfsight_apps_hide_column":"","pricing_elfsight_apps_url":"","pricing_codecanyon_price_caption":"","integration_category":[],"integration_request_title":"","integration_request_cta":"","integration_platform":"","integrations":[],"platform_category":[],"video_schema_markup":"","price":"od 0 USD \/ miesi\u0105c","trial":"","benefits":[{"text":"Bezp\u0142atna pomoc w monta\u017cu"},{"text":"Wsparcie premium"},{"text":"14-dniowa gwarancja zwrotu pieni\u0119dzy"},{"text":"Regularne bezp\u0142atne aktualizacje"}],"button_url":"#demo","button_target_blank":"","button_nofollow":"","attributes":[{"name":"Instaluje"},{"name":"Czu\u0142y"},{"name":"Kompatybilne przegl\u0105darki"}],"tags":[],"tags_disable_links":"","hide_more_platforms":"","video_object":"","demo_hide_cta":"","demo_hide_cloud_options":"","pricing_title":"","pricing":[{"pricing_icon":"platform","pricing_title":"Elfsight Apps","pricing_title_caption":"Oprogramowanie niezale\u017cne od platformy, kt\u00f3re dzia\u0142a na dowolnej witrynie","pricing_price":"od 0 USD \/ miesi\u0105c","pricing_price_caption":"zacznij od bezp\u0142atnego planu","pricing_benefits":[{"text":"Nielimitowane domeny"},{"text":"Wsparcie firmy premium"},{"text":"Bezp\u0142atna pomoc w monta\u017cu"},{"text":"Elastyczny projekt"}],"pricing_button_text":"Dodaj do witryny","pricing_button_url":"#demo"}],"related_apps_title":"","related_apps_hidden":"","author":"","image":[],"title":"","job":"","social_networks":[]},"_links":{"self":[{"href":"https:\/\/elfsight.com\/pl\/wp-json\/wp\/v2\/pages\/6669","targetHints":{"allow":["GET"]}}],"collection":[{"href":"https:\/\/elfsight.com\/pl\/wp-json\/wp\/v2\/pages"}],"about":[{"href":"https:\/\/elfsight.com\/pl\/wp-json\/wp\/v2\/types\/page"}],"author":[{"embeddable":true,"href":"https:\/\/elfsight.com\/pl\/wp-json\/wp\/v2\/users\/9"}],"replies":[{"embeddable":true,"href":"https:\/\/elfsight.com\/pl\/wp-json\/wp\/v2\/comments?post=6669"}],"version-history":[{"count":1,"href":"https:\/\/elfsight.com\/pl\/wp-json\/wp\/v2\/pages\/6669\/revisions"}],"predecessor-version":[{"id":6673,"href":"https:\/\/elfsight.com\/pl\/wp-json\/wp\/v2\/pages\/6669\/revisions\/6673"}],"up":[{"embeddable":true,"href":"https:\/\/elfsight.com\/pl\/wp-json\/wp\/v2\/pages\/3364"}],"wp:attachment":[{"href":"https:\/\/elfsight.com\/pl\/wp-json\/wp\/v2\/media?parent=6669"}],"curies":[{"name":"wp","href":"https:\/\/api.w.org\/{rel}","templated":true}]}}