{"id":6663,"date":"1970-01-01T00:00:00","date_gmt":"1970-01-01T00:00:00","guid":{"rendered":"https:\/\/elfsight.com\/pl\/?page_id=6663"},"modified":"2025-06-16T09:25:12","modified_gmt":"2025-06-16T09:25:12","slug":"facebook","status":"publish","type":"page","link":"https:\/\/elfsight.com\/pl\/store-locator-widget\/facebook\/","title":{"rendered":"Store Locator &#8211; Facebook Page"},"content":{"rendered":"<div class=\"application-platform-content-item-description application-platform-content-item\" id=\"description\" data-nav-section=\"description\"> <h2>Osad\u017a lokalizator sklep\u00f3w na stronie na Facebooku za pomoc\u0105 wid\u017cetu Elfsight<\/h2> <p>Lokator sklep\u00f3w Elfsight dla strony na Facebooku to \u017cywy i regulowany widget zaprojektowany, aby zwi\u0119kszy\u0107 u\u017cyteczno\u015b\u0107 Twojej witryny i zaanga\u017cowanie klient\u00f3w, u\u0142atwiaj\u0105c im ni\u017c kiedykolwiek odwiedzanie Twojej lokalizacji. Dzi\u0119ki szeregowi przydatnych funkcji wprowadzonych pod k\u0105tem u\u017cyteczno\u015bci i wydajno\u015bci, ten widget jest idealnym rozwi\u0105zaniem do og\u0142aszania lokalizacji sklep\u00f3w stacjonarnych w interaktywny i wygodny spos\u00f3b. Dodaj go teraz i zauwa\u017c, jak zmienia Twoj\u0105 witryn\u0119 w przydatn\u0105 wyszukiwark\u0119 sklep\u00f3w! <\/p> <p>Dzi\u0119ki integracji widgetu zwi\u0119kszysz swoj\u0105 wiarygodno\u015b\u0107 w\u015br\u00f3d klient\u00f3w, dziel\u0105c si\u0119 szczeg\u00f3\u0142owymi informacjami o fizycznej lokalizacji Twojej firmy, zapewniaj\u0105c ich o Twojej prawdziwej obecno\u015bci. Mo\u017ce to skutkowa\u0107 szybszym podejmowaniem decyzji i solidnymi do\u015bwiadczeniami zakupowymi w\u015br\u00f3d klient\u00f3w. <\/p><p><b>Korzystaj z wyj\u0105tkowej wyszukiwarki sklep\u00f3w, aby pokaza\u0107 swoj\u0105 lokalizacj\u0119 i przydatne dane firmy. Podaj sw\u00f3j prawdziwy adres i odpowiednie informacje, aby otrzyma\u0107 dodatkowych go\u015bci w sklepie. <\/b><\/p><\/div> <div class=\"application-platform-content-item-features application-platform-content-item\" id=\"features\" data-nav-section=\"features\"> <h2>Wy\u015bwietl list\u0119 najbardziej przydatnych funkcji:<\/h2> <ul><li>Wyczy\u015b\u0107 wyb\u00f3r lokalizacji<\/li><li>Charakterystyka mapy zorientowana na u\u017cytkownika<\/li><li>Przyciski interakcji z lokalizacj\u0105 z integracjami <\/li><li>Wyskakuj\u0105ce okienko ze szczeg\u00f3\u0142ow\u0105 lokalizacj\u0105 po klikni\u0119ciu znacznika<\/li><li>Godziny otwarcia lokalizacji i &amp; stan aktywno\u015bci<\/li><\/ul><p><a href=\"#demo\">Sprawd\u017a wszystkie ustawienia w pe\u0142ni funkcjonalnej wersji demonstracyjnej<\/a><\/p> <\/div> <div class=\"application-platform-content-item-installation application-platform-content-item\" id=\"installation\" data-nav-section=\"installation\"> <h2>Jak zintegrowa\u0107 Lokalizator sklep\u00f3w z moj\u0105 stron\u0105 na Facebooku?<\/h2> <p>Wystarczy spe\u0142ni\u0107 poni\u017csze wskaz\u00f3wki, aby rozpocz\u0105\u0107 korzystanie z wtyczki. <\/p> <ol><li><b>Otw\u00f3rz nasz darmowy konfigurator i zacznij kszta\u0142towa\u0107 sw\u00f3j spersonalizowany instrument. <\/b><br> Okre\u015bl niestandardowy uk\u0142ad i opcje wid\u017cetu i zastosuj poprawki. <\/li> <li><b>Skopiuj kod osobisty pojawiaj\u0105cy si\u0119 w polu aplikacji Elfsight. <\/b><br> Po zako\u0144czeniu generowania wtyczki skopiuj kod osobisty w wy\u015bwietlonym oknie i zachowaj go do p\u00f3\u017aniejszego wykorzystania. <\/li> <li><b>Rozpocznij stosowanie narz\u0119dzia na swojej stronie na Facebooku. <\/b><br> Dodaj skopiowany wcze\u015bniej kod na swoj\u0105 stron\u0119 g\u0142\u00f3wn\u0105 i zastosuj zmiany. <\/li> <li><b>Gotowe! Osadzanie zosta\u0142o w pe\u0142ni wykonane. <\/b><br> Przejd\u017a na swoj\u0105 stron\u0119, aby zobaczy\u0107 dzia\u0142anie wid\u017cetu. <\/li><\/ol> <p>W przypadku pyta\u0144 lub problem\u00f3w prosimy zwr\u00f3ci\u0107 si\u0119 do naszego zespo\u0142u obs\u0142ugi klienta. Nasi konsultanci z przyjemno\u015bci\u0105 rozwi\u0105\u017c\u0105 wszystkie problemy, jakie mo\u017cesz mie\u0107 z tym narz\u0119dziem. <\/p> <\/div>","protected":false},"excerpt":{"rendered":"","protected":false},"author":9,"featured_media":0,"parent":3364,"menu_order":0,"comment_status":"closed","ping_status":"closed","template":"templates\/template-application-platform.php","meta":{"publish_to_discourse":"","publish_post_category":"","wpdc_auto_publish_overridden":"","wpdc_topic_tags":"","wpdc_pin_topic":"","wpdc_pin_until":"","discourse_post_id":"","discourse_permalink":"","wpdc_publishing_response":"","wpdc_publishing_error":"","footnotes":""},"class_list":["post-6663","page","type-page","status-publish","hentry"],"yoast_head":"<!-- This site is optimized with the Yoast SEO plugin v25.3.1 - https:\/\/yoast.com\/wordpress\/plugins\/seo\/ -->\n<title>Dodaj lokalizator sklep\u00f3w do strony na Facebooku, aby wy\u015bwietli\u0107 swoj\u0105 lokalizacj\u0119<\/title>\n<meta name=\"description\" content=\"Zintegruj lokalizator sklep\u00f3w ze swoj\u0105 stron\u0105 na Facebooku, aby zapewni\u0107 satysfakcj\u0119 klient\u00f3w. Zapoznaj si\u0119 z wersj\u0105 demonstracyjn\u0105 Elfsight, aby zbudowa\u0107 wid\u017cet w kilka minut.\" \/>\n<meta name=\"robots\" content=\"index, follow, max-snippet:-1, max-image-preview:large, max-video-preview:-1\" \/>\n<link rel=\"canonical\" href=\"https:\/\/elfsight.com\/pl\/store-locator-widget\/facebook\/\" \/>\n<meta property=\"og:locale\" content=\"pl_PL\" \/>\n<meta property=\"og:type\" content=\"article\" \/>\n<meta property=\"og:title\" content=\"Dodaj lokalizator sklep\u00f3w do strony na Facebooku, aby wy\u015bwietli\u0107 swoj\u0105 lokalizacj\u0119\" \/>\n<meta property=\"og:description\" content=\"Zintegruj lokalizator sklep\u00f3w ze swoj\u0105 stron\u0105 na Facebooku, aby zapewni\u0107 satysfakcj\u0119 klient\u00f3w. Zapoznaj si\u0119 z wersj\u0105 demonstracyjn\u0105 Elfsight, aby zbudowa\u0107 wid\u017cet w kilka minut.\" \/>\n<meta property=\"og:url\" content=\"https:\/\/elfsight.com\/pl\/store-locator-widget\/facebook\/\" \/>\n<meta property=\"og:site_name\" content=\"Elfsight PL\" \/>\n<meta property=\"article:modified_time\" content=\"2025-06-16T09:25:12+00:00\" \/>\n<meta name=\"twitter:card\" content=\"summary_large_image\" \/>\n<meta name=\"twitter:label1\" content=\"Szacowany czas czytania\" \/>\n\t<meta name=\"twitter:data1\" content=\"2 minuty\" \/>\n<!-- \/ Yoast SEO plugin. -->","yoast_head_json":{"title":"Dodaj lokalizator sklep\u00f3w do strony na Facebooku, aby wy\u015bwietli\u0107 swoj\u0105 lokalizacj\u0119","description":"Zintegruj lokalizator sklep\u00f3w ze swoj\u0105 stron\u0105 na Facebooku, aby zapewni\u0107 satysfakcj\u0119 klient\u00f3w. Zapoznaj si\u0119 z wersj\u0105 demonstracyjn\u0105 Elfsight, aby zbudowa\u0107 wid\u017cet w kilka minut.","robots":{"index":"index","follow":"follow","max-snippet":"max-snippet:-1","max-image-preview":"max-image-preview:large","max-video-preview":"max-video-preview:-1"},"canonical":"https:\/\/elfsight.com\/pl\/store-locator-widget\/facebook\/","og_locale":"pl_PL","og_type":"article","og_title":"Dodaj lokalizator sklep\u00f3w do strony na Facebooku, aby wy\u015bwietli\u0107 swoj\u0105 lokalizacj\u0119","og_description":"Zintegruj lokalizator sklep\u00f3w ze swoj\u0105 stron\u0105 na Facebooku, aby zapewni\u0107 satysfakcj\u0119 klient\u00f3w. Zapoznaj si\u0119 z wersj\u0105 demonstracyjn\u0105 Elfsight, aby zbudowa\u0107 wid\u017cet w kilka minut.","og_url":"https:\/\/elfsight.com\/pl\/store-locator-widget\/facebook\/","og_site_name":"Elfsight PL","article_modified_time":"2025-06-16T09:25:12+00:00","twitter_card":"summary_large_image","twitter_misc":{"Szacowany czas czytania":"2 minuty"},"schema":{"@context":"https:\/\/schema.org","@graph":[{"@type":"WebPage","@id":"https:\/\/elfsight.com\/pl\/store-locator-widget\/facebook\/","url":"https:\/\/elfsight.com\/pl\/store-locator-widget\/facebook\/","name":"Dodaj lokalizator sklep\u00f3w do strony na Facebooku, aby wy\u015bwietli\u0107 swoj\u0105 lokalizacj\u0119","isPartOf":{"@id":"https:\/\/elfsight.com\/pl\/#website"},"datePublished":"1970-01-01T00:00:00+00:00","dateModified":"2025-06-16T09:25:12+00:00","description":"Zintegruj lokalizator sklep\u00f3w ze swoj\u0105 stron\u0105 na Facebooku, aby zapewni\u0107 satysfakcj\u0119 klient\u00f3w. Zapoznaj si\u0119 z wersj\u0105 demonstracyjn\u0105 Elfsight, aby zbudowa\u0107 wid\u017cet w kilka minut.","breadcrumb":{"@id":"https:\/\/elfsight.com\/pl\/store-locator-widget\/facebook\/#breadcrumb"},"inLanguage":"pl-PL","potentialAction":[{"@type":"ReadAction","target":["https:\/\/elfsight.com\/pl\/store-locator-widget\/facebook\/"]}]},{"@type":"BreadcrumbList","@id":"https:\/\/elfsight.com\/pl\/store-locator-widget\/facebook\/#breadcrumb","itemListElement":[{"@type":"ListItem","position":1,"name":"Home","item":"https:\/\/elfsight.com\/pl\/"},{"@type":"ListItem","position":2,"name":"Store Locator","item":"https:\/\/elfsight.com\/pl\/store-locator-widget\/"},{"@type":"ListItem","position":3,"name":"Store Locator &#8211; Facebook Page"}]},{"@type":"WebSite","@id":"https:\/\/elfsight.com\/pl\/#website","url":"https:\/\/elfsight.com\/pl\/","name":"Elfsight PL","description":"Just another Elfsight Sites site","potentialAction":[{"@type":"SearchAction","target":{"@type":"EntryPoint","urlTemplate":"https:\/\/elfsight.com\/pl\/?s={search_term_string}"},"query-input":{"@type":"PropertyValueSpecification","valueRequired":true,"valueName":"search_term_string"}}],"inLanguage":"pl-PL"}]}},"meta_box":{"industry":"","seo_heading":"","heading":"","description":"","cta_heading":"","cta_description":"","application":"3352","h1":"Wid\u017cet lokalizatora sklep\u00f3w na stronie na Facebooku","h1_caption":"Wy\u015bwietl map\u0119 z wieloma lokalizacjami sklep\u00f3w, aby u\u0142atwi\u0107 klientom znalezienie najbli\u017cszej lokalizacji na Twojej stronie na Facebooku.","application_category":[],"applications_title":"","applications_request_title":"","applications_request_button_text":"","hero_text":"","hero_video":"","hero_video_schema_markup":"","selling_points_title":"","selling_points_caption":"","selling_points":[],"selling_points_cta_text":"","features_title":"","features":"","ed_cta_examples_text":"","ed_cta_examples_hidden":"","ed_cta_demo_text":"","ed_cta_demo_hidden":"","why_caption":"","why_editor_title":"","why_editor_text":"","why_team_title":"","why_team_text":"","why_service_title":"","why_service_text":"","template_catalog_visible":"0","template_catalog_title":"","template_catalog_text":"","template_catalog_categories_visible":"","demo_title":"Po\u015bpiesz si\u0119, aby zbudowa\u0107 niestandardowy lokalizator sklep\u00f3w na Facebooku","demo_caption":"Dostosuj go i umie\u015b\u0107 na swojej stronie za pomoc\u0105 wersji demonstracyjnej online.","default_faq_hidden":"","app_template_category":[],"platform":"319","template_public_id":"","codecanyon_url":"","codecanyon_item_id":"","codecanyon_price":"","pricing_caption":"","pricing_elfsight_apps_hide_column":"","pricing_elfsight_apps_url":"","pricing_codecanyon_price_caption":"","integration_category":[],"integration_request_title":"","integration_request_cta":"","integration_platform":"","integrations":[],"platform_category":[],"video_schema_markup":"","price":"od 0 USD \/ miesi\u0105c","trial":"","benefits":[{"text":"Bezp\u0142atna pomoc w instalacji"},{"text":"Skuteczna obs\u0142uga klienta"},{"text":"14-dniowa gwarancja zwrotu pieni\u0119dzy"}],"button_url":"#demo","button_target_blank":"0","button_nofollow":"0","attributes":[{"name":"Instaluje"},{"name":"Czu\u0142y"},{"name":"Kompatybilne przegl\u0105darki"}],"tags":[],"tags_disable_links":"0","hide_more_platforms":"0","video_object":"","demo_hide_cta":"0","demo_hide_cloud_options":"0","pricing_title":"","pricing":[{"pricing_icon":"platform","pricing_title":"Elfsight Apps","pricing_title_caption":"Wersja wieloplatformowa, kt\u00f3ra dzia\u0142a na dowolnej witrynie","pricing_price":"od 0 USD \/ miesi\u0105c","pricing_price_caption":"zacznij od bezp\u0142atnego planu","pricing_benefits":[{"text":"Nielimitowane strony internetowe"},{"text":"Szybka pomoc i dobrze udokumentowana"},{"text":"Bezp\u0142atne wsparcie instalacyjne"},{"text":"Elastyczny projekt"}],"pricing_button_text":"Dodaj do witryny","pricing_button_url":"#demo"}],"related_apps_title":"","related_apps_hidden":"0","author":"","image":[],"title":"","job":"","social_networks":[]},"_links":{"self":[{"href":"https:\/\/elfsight.com\/pl\/wp-json\/wp\/v2\/pages\/6663","targetHints":{"allow":["GET"]}}],"collection":[{"href":"https:\/\/elfsight.com\/pl\/wp-json\/wp\/v2\/pages"}],"about":[{"href":"https:\/\/elfsight.com\/pl\/wp-json\/wp\/v2\/types\/page"}],"author":[{"embeddable":true,"href":"https:\/\/elfsight.com\/pl\/wp-json\/wp\/v2\/users\/9"}],"replies":[{"embeddable":true,"href":"https:\/\/elfsight.com\/pl\/wp-json\/wp\/v2\/comments?post=6663"}],"version-history":[{"count":1,"href":"https:\/\/elfsight.com\/pl\/wp-json\/wp\/v2\/pages\/6663\/revisions"}],"predecessor-version":[{"id":6667,"href":"https:\/\/elfsight.com\/pl\/wp-json\/wp\/v2\/pages\/6663\/revisions\/6667"}],"up":[{"embeddable":true,"href":"https:\/\/elfsight.com\/pl\/wp-json\/wp\/v2\/pages\/3364"}],"wp:attachment":[{"href":"https:\/\/elfsight.com\/pl\/wp-json\/wp\/v2\/media?parent=6663"}],"curies":[{"name":"wp","href":"https:\/\/api.w.org\/{rel}","templated":true}]}}