{"id":6662,"date":"1970-01-01T00:00:00","date_gmt":"1970-01-01T00:00:00","guid":{"rendered":"https:\/\/elfsight.com\/pl\/?page_id=6662"},"modified":"2025-06-16T09:25:12","modified_gmt":"2025-06-16T09:25:12","slug":"godaddy","status":"publish","type":"page","link":"https:\/\/elfsight.com\/pl\/store-locator-widget\/godaddy\/","title":{"rendered":"Store Locator &#8211; GoDaddy"},"content":{"rendered":"<div class=\"application-platform-content-item-description application-platform-content-item\" id=\"description\" data-nav-section=\"description\"> <h2>Osad\u017a lokalizator sklep\u00f3w w GoDaddy za pomoc\u0105 wtyczki Elfsight<\/h2> <p>Lokator sklep\u00f3w Elfsight dla GoDaddy to dynamiczny i konfigurowalny wid\u017cet stworzony aby podnie\u015b\u0107 u\u017cyteczno\u015b\u0107 Twojej witryny i satysfakcj\u0119 klient\u00f3w, u\u0142atwiaj\u0105c im ni\u017c kiedykolwiek znalezienie adresu Twojej firmy. Dzi\u0119ki zestawowi przydatnych funkcji opracowanych z my\u015bl\u0105 o u\u017cyteczno\u015bci i wydajno\u015bci, ten widget jest kluczowym rozwi\u0105zaniem do prezentowania fizycznych lokalizacji firm w przejrzysty i wygodny spos\u00f3b. Dodaj go teraz i zobacz, jak zmieni Twoj\u0105 witryn\u0119 w u\u017cyteczn\u0105 wyszukiwark\u0119 sklep\u00f3w!<\/p> <p>Osadzaj\u0105c widget, zwi\u0119kszysz swoj\u0105 wiarygodno\u015b\u0107 w\u015br\u00f3d klient\u00f3w, dostarczaj\u0105c szczeg\u00f3\u0142owe informacje o fizycznych lokalizacjach Twojej firmy, zapewniaj\u0105c wszystkich o Twoich prawdziwych obecno\u015b\u0107. Mo\u017ce to skutkowa\u0107 szybszym podejmowaniem decyzji i lepszymi do\u015bwiadczeniami zakupowymi w\u015br\u00f3d klient\u00f3w. <\/p><p><b>Umie\u015b\u0107 wspania\u0142\u0105 wyszukiwark\u0119 sklep\u00f3w, aby pokaza\u0107 swoj\u0105 lokalizacj\u0119 i wa\u017cne dane operacyjne. Poka\u017c sw\u00f3j adres fizyczny i odpowiednie informacje, zapraszaj\u0105c dodatkowych klient\u00f3w w sklepie. <\/b><\/p><\/div> <div class=\"application-platform-content-item-features application-platform-content-item\" id=\"features\" data-nav-section=\"features\"> <h2>To tylko kilka z wielu funkcji wid\u017cetu:<\/h2> <ul><li>Wyczy\u015b\u0107 wyb\u00f3r adresu<\/li> <li>Funkcje mapy interaktywnej<\/li><li>Przyciski interakcji z lokalizacj\u0105 wspieraj\u0105ce integracj\u0119 <\/li><li>Prosta karta lokalizacji po wybraniu znacznika<\/li><li>Godziny otwarcia i lokalizacja; stan otwarty<\/li><\/ul><p><a href=\"#demo\">Wypr\u00f3buj wszystkie opcje dostosowywania w pe\u0142nej wersji demonstracyjnej<\/a><\/p><\/div> <div class=\"application-platform-content-item-installation  application-platform-content-item\" id=\"installation \" data-nav-section=\"installation \"> <h2>Jak w\u0142\u0105czy\u0107 lokalizator sklep\u00f3w do mojej witryny GoDaddy?<\/h2> <p>Wystarczy post\u0119powa\u0107 zgodnie z poni\u017cszymi instrukcjami, aby zintegrowa\u0107 narz\u0119dzie. <\/p> <ol><li><b>Uruchom nasz darmowy edytor i zacznij tworzy\u0107 w\u0142asn\u0105 wtyczk\u0119. <\/b><br> Okre\u015bl preferowany projekt i aspekty narz\u0119dzia i zapisz poprawki. <\/li> <li><b>Uzyskaj unikalny kod pojawiaj\u0105cy si\u0119 w polu aplikacji Elfsight. <\/b><br> Gdy tylko konfiguracja Twojej osobistej wtyczki zostanie zako\u0144czona, skopiuj osobisty kod z wyskakuj\u0105cego okienka i zapisz go na p\u00f3\u017aniej. <\/li> <li><b>Rozpocznij korzystanie z narz\u0119dzia w witrynie GoDaddy. <\/b><br> Wklej ostatnio skopiowany kod na swoj\u0105 stron\u0119 i zastosuj zmiany. <\/li> <li><b>Konfiguracja zosta\u0142a pomy\u015blnie uko\u0144czona. <\/b><br> Odwied\u017a swoj\u0105 witryn\u0119, aby sprawdzi\u0107 dzia\u0142anie wid\u017cetu. <\/li><\/ol> <p>Je\u015bli masz pytania lub masz problemy, mo\u017cesz zwr\u00f3ci\u0107 si\u0119 o pomoc do naszego personelu obs\u0142ugi klienta. Nasi ludzie z przyjemno\u015bci\u0105 rozwi\u0105\u017c\u0105 wszystkie problemy, jakie mo\u017cesz mie\u0107 z wtyczk\u0105. <\/p><\/div>","protected":false},"excerpt":{"rendered":"","protected":false},"author":9,"featured_media":0,"parent":3364,"menu_order":0,"comment_status":"closed","ping_status":"closed","template":"templates\/template-application-platform.php","meta":{"publish_to_discourse":"","publish_post_category":"","wpdc_auto_publish_overridden":"","wpdc_topic_tags":"","wpdc_pin_topic":"","wpdc_pin_until":"","discourse_post_id":"","discourse_permalink":"","wpdc_publishing_response":"","wpdc_publishing_error":"","footnotes":""},"class_list":["post-6662","page","type-page","status-publish","hentry"],"yoast_head":"<!-- This site is optimized with the Yoast SEO plugin v25.3.1 - https:\/\/yoast.com\/wordpress\/plugins\/seo\/ -->\n<title>Dodaj lokalizator sklep\u00f3w do GoDaddy \u2014 korzystaj z bezp\u0142atnej wyszukiwarki sklep\u00f3w w witrynach<\/title>\n<meta name=\"description\" content=\"Zintegruj konfigurowalny lokalizator sklep\u00f3w ze stron\u0105 internetow\u0105 GoDaddy, aby zwi\u0119kszy\u0107 zadowolenie klient\u00f3w. Skorzystaj z prostej wersji demonstracyjnej Elfsight, aby stworzy\u0107 widget.\" \/>\n<meta name=\"robots\" content=\"index, follow, max-snippet:-1, max-image-preview:large, max-video-preview:-1\" \/>\n<link rel=\"canonical\" href=\"https:\/\/elfsight.com\/pl\/store-locator-widget\/godaddy\/\" \/>\n<meta property=\"og:locale\" content=\"pl_PL\" \/>\n<meta property=\"og:type\" content=\"article\" \/>\n<meta property=\"og:title\" content=\"Dodaj lokalizator sklep\u00f3w do GoDaddy \u2014 korzystaj z bezp\u0142atnej wyszukiwarki sklep\u00f3w w witrynach\" \/>\n<meta property=\"og:description\" content=\"Zintegruj konfigurowalny lokalizator sklep\u00f3w ze stron\u0105 internetow\u0105 GoDaddy, aby zwi\u0119kszy\u0107 zadowolenie klient\u00f3w. Skorzystaj z prostej wersji demonstracyjnej Elfsight, aby stworzy\u0107 widget.\" \/>\n<meta property=\"og:url\" content=\"https:\/\/elfsight.com\/pl\/store-locator-widget\/godaddy\/\" \/>\n<meta property=\"og:site_name\" content=\"Elfsight PL\" \/>\n<meta property=\"article:modified_time\" content=\"2025-06-16T09:25:12+00:00\" \/>\n<meta name=\"twitter:card\" content=\"summary_large_image\" \/>\n<meta name=\"twitter:label1\" content=\"Szacowany czas czytania\" \/>\n\t<meta name=\"twitter:data1\" content=\"2 minuty\" \/>\n<!-- \/ Yoast SEO plugin. -->","yoast_head_json":{"title":"Dodaj lokalizator sklep\u00f3w do GoDaddy \u2014 korzystaj z bezp\u0142atnej wyszukiwarki sklep\u00f3w w witrynach","description":"Zintegruj konfigurowalny lokalizator sklep\u00f3w ze stron\u0105 internetow\u0105 GoDaddy, aby zwi\u0119kszy\u0107 zadowolenie klient\u00f3w. Skorzystaj z prostej wersji demonstracyjnej Elfsight, aby stworzy\u0107 widget.","robots":{"index":"index","follow":"follow","max-snippet":"max-snippet:-1","max-image-preview":"max-image-preview:large","max-video-preview":"max-video-preview:-1"},"canonical":"https:\/\/elfsight.com\/pl\/store-locator-widget\/godaddy\/","og_locale":"pl_PL","og_type":"article","og_title":"Dodaj lokalizator sklep\u00f3w do GoDaddy \u2014 korzystaj z bezp\u0142atnej wyszukiwarki sklep\u00f3w w witrynach","og_description":"Zintegruj konfigurowalny lokalizator sklep\u00f3w ze stron\u0105 internetow\u0105 GoDaddy, aby zwi\u0119kszy\u0107 zadowolenie klient\u00f3w. Skorzystaj z prostej wersji demonstracyjnej Elfsight, aby stworzy\u0107 widget.","og_url":"https:\/\/elfsight.com\/pl\/store-locator-widget\/godaddy\/","og_site_name":"Elfsight PL","article_modified_time":"2025-06-16T09:25:12+00:00","twitter_card":"summary_large_image","twitter_misc":{"Szacowany czas czytania":"2 minuty"},"schema":{"@context":"https:\/\/schema.org","@graph":[{"@type":"WebPage","@id":"https:\/\/elfsight.com\/pl\/store-locator-widget\/godaddy\/","url":"https:\/\/elfsight.com\/pl\/store-locator-widget\/godaddy\/","name":"Dodaj lokalizator sklep\u00f3w do GoDaddy \u2014 korzystaj z bezp\u0142atnej wyszukiwarki sklep\u00f3w w witrynach","isPartOf":{"@id":"https:\/\/elfsight.com\/pl\/#website"},"datePublished":"1970-01-01T00:00:00+00:00","dateModified":"2025-06-16T09:25:12+00:00","description":"Zintegruj konfigurowalny lokalizator sklep\u00f3w ze stron\u0105 internetow\u0105 GoDaddy, aby zwi\u0119kszy\u0107 zadowolenie klient\u00f3w. Skorzystaj z prostej wersji demonstracyjnej Elfsight, aby stworzy\u0107 widget.","breadcrumb":{"@id":"https:\/\/elfsight.com\/pl\/store-locator-widget\/godaddy\/#breadcrumb"},"inLanguage":"pl-PL","potentialAction":[{"@type":"ReadAction","target":["https:\/\/elfsight.com\/pl\/store-locator-widget\/godaddy\/"]}]},{"@type":"BreadcrumbList","@id":"https:\/\/elfsight.com\/pl\/store-locator-widget\/godaddy\/#breadcrumb","itemListElement":[{"@type":"ListItem","position":1,"name":"Home","item":"https:\/\/elfsight.com\/pl\/"},{"@type":"ListItem","position":2,"name":"Store Locator","item":"https:\/\/elfsight.com\/pl\/store-locator-widget\/"},{"@type":"ListItem","position":3,"name":"Store Locator &#8211; GoDaddy"}]},{"@type":"WebSite","@id":"https:\/\/elfsight.com\/pl\/#website","url":"https:\/\/elfsight.com\/pl\/","name":"Elfsight PL","description":"Just another Elfsight Sites site","potentialAction":[{"@type":"SearchAction","target":{"@type":"EntryPoint","urlTemplate":"https:\/\/elfsight.com\/pl\/?s={search_term_string}"},"query-input":{"@type":"PropertyValueSpecification","valueRequired":true,"valueName":"search_term_string"}}],"inLanguage":"pl-PL"}]}},"meta_box":{"industry":"","seo_heading":"","heading":"","description":"","cta_heading":"","cta_description":"","application":"3352","h1":"Wtyczka GoDaddy Store Locator","h1_caption":"Wy\u015bwietl map\u0119 z wieloma lokalizacjami sklep\u00f3w, aby u\u0142atwi\u0107 klientom znalezienie najbli\u017cszej lokalizacji w witrynie GoDaddy.","application_category":[],"applications_title":"","applications_request_title":"","applications_request_button_text":"","hero_text":"","hero_video":"","hero_video_schema_markup":"","selling_points_title":"","selling_points_caption":"","selling_points":[],"selling_points_cta_text":"","features_title":"","features":"","ed_cta_examples_text":"","ed_cta_examples_hidden":"","ed_cta_demo_text":"","ed_cta_demo_hidden":"","why_caption":"","why_editor_title":"","why_editor_text":"","why_team_title":"","why_team_text":"","why_service_title":"","why_service_text":"","template_catalog_visible":"","template_catalog_title":"","template_catalog_text":"","template_catalog_categories_visible":"","demo_title":"Nie wahaj si\u0119 i utw\u00f3rz w\u0142asny lokalizator sklep\u00f3w GoDaddy","demo_caption":"Dostosuj je i zaimplementuj narz\u0119dzie na swojej stronie, korzystaj\u0105c z wersji demonstracyjnej na \u017cywo.","default_faq_hidden":"","app_template_category":[],"platform":"180","template_public_id":"","codecanyon_url":"","codecanyon_item_id":"","codecanyon_price":"","pricing_caption":"","pricing_elfsight_apps_hide_column":"","pricing_elfsight_apps_url":"","pricing_codecanyon_price_caption":"","integration_category":[],"integration_request_title":"","integration_request_cta":"","integration_platform":"","integrations":[],"platform_category":[],"video_schema_markup":"","price":"od 0 USD \/ miesi\u0105c","trial":"","benefits":[{"text":"Bezp\u0142atna pomoc w instalacji"},{"text":"Skuteczna obs\u0142uga klienta"},{"text":"14-dniowa gwarancja zwrotu pieni\u0119dzy"}],"button_url":"#demo","button_target_blank":"","button_nofollow":"","attributes":[{"name":"Instaluje"},{"name":"Czu\u0142y"},{"name":"Kompatybilne przegl\u0105darki"}],"tags":[],"tags_disable_links":"","hide_more_platforms":"","video_object":"","demo_hide_cta":"","demo_hide_cloud_options":"","pricing_title":"","pricing":[{"pricing_icon":"platform","pricing_title":"Elfsight Apps","pricing_title_caption":"Wersja wieloplatformowa","pricing_price":"od 0 USD \/ miesi\u0105c","pricing_price_caption":"zacznij od bezp\u0142atnego planu","pricing_benefits":[{"text":"Nielimitowane domeny"},{"text":"Profesjonalna i terminowa pomoc oraz dobrze udokumentowana"},{"text":"Bezp\u0142atna pomoc w instalacji"},{"text":"Elastyczny projekt"}],"pricing_button_text":"Dodaj do witryny","pricing_button_url":"#demo"}],"related_apps_title":"","related_apps_hidden":"","author":"","image":[],"title":"","job":"","social_networks":[]},"_links":{"self":[{"href":"https:\/\/elfsight.com\/pl\/wp-json\/wp\/v2\/pages\/6662","targetHints":{"allow":["GET"]}}],"collection":[{"href":"https:\/\/elfsight.com\/pl\/wp-json\/wp\/v2\/pages"}],"about":[{"href":"https:\/\/elfsight.com\/pl\/wp-json\/wp\/v2\/types\/page"}],"author":[{"embeddable":true,"href":"https:\/\/elfsight.com\/pl\/wp-json\/wp\/v2\/users\/9"}],"replies":[{"embeddable":true,"href":"https:\/\/elfsight.com\/pl\/wp-json\/wp\/v2\/comments?post=6662"}],"version-history":[{"count":1,"href":"https:\/\/elfsight.com\/pl\/wp-json\/wp\/v2\/pages\/6662\/revisions"}],"predecessor-version":[{"id":6666,"href":"https:\/\/elfsight.com\/pl\/wp-json\/wp\/v2\/pages\/6662\/revisions\/6666"}],"up":[{"embeddable":true,"href":"https:\/\/elfsight.com\/pl\/wp-json\/wp\/v2\/pages\/3364"}],"wp:attachment":[{"href":"https:\/\/elfsight.com\/pl\/wp-json\/wp\/v2\/media?parent=6662"}],"curies":[{"name":"wp","href":"https:\/\/api.w.org\/{rel}","templated":true}]}}