{"id":6656,"date":"1970-01-01T00:00:00","date_gmt":"1970-01-01T00:00:00","guid":{"rendered":"https:\/\/elfsight.com\/pl\/?page_id=6656"},"modified":"2025-06-16T09:25:29","modified_gmt":"2025-06-16T09:25:29","slug":"html","status":"publish","type":"page","link":"https:\/\/elfsight.com\/pl\/store-locator-widget\/html\/","title":{"rendered":"Store Locator &#8211; HTML"},"content":{"rendered":"<div class=\"application-platform-content-item-description application-platform-content-item\" id=\"description\" data-nav-section=\"description\"> <h2>Osad\u017a lokalizator sklep\u00f3w w formacie HTML za pomoc\u0105 wid\u017cetu Elfsight<\/h2> <p>Lokator sklep\u00f3w Elfsight dla HTML to pot\u0119\u017cny i elastyczny widget zaprojektowany aby zwi\u0119kszy\u0107 wygod\u0119 korzystania z witryny i zaanga\u017cowanie klient\u00f3w, u\u0142atwiaj\u0105c im ni\u017c kiedykolwiek znalezienie drogi do Twoich sklep\u00f3w. Dzi\u0119ki szeregowi zaawansowanych funkcji wprowadzonych w celu zwi\u0119kszenia wydajno\u015bci i wydajno\u015bci, ten widget jest idealnym rozwi\u0105zaniem do pokazywania fizycznych lokalizacji firm w jasny i wygodny spos\u00f3b. Dodaj go ju\u017c teraz i zobacz, jak zmieni Twoj\u0105 witryn\u0119 we wspania\u0142\u0105 wyszukiwark\u0119 sklep\u00f3w!<\/p> <p>Dzi\u0119ki integracji wid\u017cetu zwi\u0119kszysz swoj\u0105 wiarygodno\u015b\u0107 w\u015br\u00f3d odwiedzaj\u0105cych, podaj\u0105c szczeg\u00f3\u0142owe informacje o fizycznych lokalizacjach Twojej organizacji, zapewniaj\u0105c ich o swojej solidna obecno\u015b\u0107. Prze\u0142o\u017cy si\u0119 to na lepsze podejmowanie decyzji i lepsze do\u015bwiadczenia zakupowe w\u015br\u00f3d klient\u00f3w. <\/p><p><b>Umie\u015b\u0107 niezwyk\u0142\u0105 wyszukiwark\u0119 sklep\u00f3w, aby udost\u0119pnia\u0107 swoj\u0105 lokalizacj\u0119 i wa\u017cne dane firmy. Wyr\u00f3\u017cnij sw\u00f3j aktualny adres i przydatne informacje, przyci\u0105gaj\u0105c dodatkowych klient\u00f3w w sklepie. <\/b><\/p><\/div> <div class=\"application-platform-content-item-features application-platform-content-item\" id=\"features\" data-nav-section=\"features\"> <h2>Poni\u017cej znajduj\u0105 si\u0119 podstawowe funkcje wid\u017cetu:<\/h2> <ul><li>\u0141atwy wyb\u00f3r adresu<\/li><li>Charakterystyka mapy interaktywnej<\/li><li>Przyciski akcji lokalizacji w\u0142\u0105czone dzi\u0119ki integracji <\/li><li>Prosta karta lokalizacji po klikni\u0119ciu znacznika<\/li><li>Godziny otwarcia lokalizacji i &amp; stan otwarty<\/li><\/ul><p><a href=\"#demo\">Mo\u017cesz wypr\u00f3bowa\u0107 pe\u0142n\u0105 funkcjonalno\u015b\u0107 wid\u017cetu w wersji demonstracyjnej <\/a><\/p> <\/div> <div class=\"application-platform-content-item-installation application-platform-content-item\" id=\"installation\" data-nav-section=\"installation\"> <h2>Jak mog\u0119 osadzi\u0107 Lokalizator sklep\u00f3w na mojej stronie internetowej HTML?<\/h2> <p>Wystarczy post\u0119powa\u0107 zgodnie z poni\u017cszymi wskaz\u00f3wkami, aby osadzi\u0107 wid\u017cet. <\/p> <ol><li><b>Skorzystaj z naszego bezp\u0142atnego edytora i zacznij tworzy\u0107 sw\u00f3j unikalny instrument. <\/b><br> Znajd\u017a wybrany projekt i aspekty wid\u017cetu i zastosuj modyfikacje. <\/li> <li><b>Skopiuj sw\u00f3j indywidualny kod wy\u015bwietlony w oknie aplikacji Elfsight. <\/b><br> Zaraz po utworzeniu w\u0142asnego narz\u0119dzia skopiuj indywidualny kod w pojawiaj\u0105cym si\u0119 oknie i zachowaj go na p\u00f3\u017aniej. <\/li> <li><b>Rozpocznij korzystanie z wid\u017cetu w swojej witrynie HTML. <\/b><br> Umie\u015b\u0107 skopiowany wcze\u015bniej kod na swojej stronie g\u0142\u00f3wnej i zapisz zmiany. <\/li> <li><b>Instalacja zosta\u0142a ca\u0142kowicie zako\u0144czona. <\/b><br> Wejd\u017a na swoj\u0105 stron\u0119 i sprawd\u017a dzia\u0142anie wtyczki. <\/li><\/ol> <p>Je\u015bli napotkasz jakiekolwiek komplikacje, bez wahania skontaktuj si\u0119 z naszym zespo\u0142em obs\u0142ugi klienta. Nasi specjali\u015bci ch\u0119tnie odpowiedz\u0105 na wszelkie pytania dotycz\u0105ce produktu. <\/p><\/div>","protected":false},"excerpt":{"rendered":"","protected":false},"author":9,"featured_media":0,"parent":3364,"menu_order":0,"comment_status":"closed","ping_status":"closed","template":"templates\/template-application-platform.php","meta":{"publish_to_discourse":"","publish_post_category":"","wpdc_auto_publish_overridden":"","wpdc_topic_tags":"","wpdc_pin_topic":"","wpdc_pin_until":"","discourse_post_id":"","discourse_permalink":"","wpdc_publishing_response":"","wpdc_publishing_error":"","footnotes":""},"class_list":["post-6656","page","type-page","status-publish","hentry"],"yoast_head":"<!-- This site is optimized with the Yoast SEO plugin v25.3.1 - https:\/\/yoast.com\/wordpress\/plugins\/seo\/ -->\n<title>Zintegruj lokalizator sklep\u00f3w, aby przyci\u0105gn\u0105\u0107 wi\u0119cej klient\u00f3w w sklepie<\/title>\n<meta name=\"description\" content=\"Dodaj konfigurowalny lokalizator sklep\u00f3w do witryn HTML, aby zwi\u0119kszy\u0107 wiarygodno\u015b\u0107. Skorzystaj z wygodnej wersji demonstracyjnej Elfsight, aby zbudowa\u0107 anga\u017cuj\u0105cy widget.\" \/>\n<meta name=\"robots\" content=\"index, follow, max-snippet:-1, max-image-preview:large, max-video-preview:-1\" \/>\n<link rel=\"canonical\" href=\"https:\/\/elfsight.com\/pl\/store-locator-widget\/html\/\" \/>\n<meta property=\"og:locale\" content=\"pl_PL\" \/>\n<meta property=\"og:type\" content=\"article\" \/>\n<meta property=\"og:title\" content=\"Zintegruj lokalizator sklep\u00f3w, aby przyci\u0105gn\u0105\u0107 wi\u0119cej klient\u00f3w w sklepie\" \/>\n<meta property=\"og:description\" content=\"Dodaj konfigurowalny lokalizator sklep\u00f3w do witryn HTML, aby zwi\u0119kszy\u0107 wiarygodno\u015b\u0107. Skorzystaj z wygodnej wersji demonstracyjnej Elfsight, aby zbudowa\u0107 anga\u017cuj\u0105cy widget.\" \/>\n<meta property=\"og:url\" content=\"https:\/\/elfsight.com\/pl\/store-locator-widget\/html\/\" \/>\n<meta property=\"og:site_name\" content=\"Elfsight PL\" \/>\n<meta property=\"article:modified_time\" content=\"2025-06-16T09:25:29+00:00\" \/>\n<meta name=\"twitter:card\" content=\"summary_large_image\" \/>\n<meta name=\"twitter:label1\" content=\"Szacowany czas czytania\" \/>\n\t<meta name=\"twitter:data1\" content=\"2 minuty\" \/>\n<!-- \/ Yoast SEO plugin. -->","yoast_head_json":{"title":"Zintegruj lokalizator sklep\u00f3w, aby przyci\u0105gn\u0105\u0107 wi\u0119cej klient\u00f3w w sklepie","description":"Dodaj konfigurowalny lokalizator sklep\u00f3w do witryn HTML, aby zwi\u0119kszy\u0107 wiarygodno\u015b\u0107. Skorzystaj z wygodnej wersji demonstracyjnej Elfsight, aby zbudowa\u0107 anga\u017cuj\u0105cy widget.","robots":{"index":"index","follow":"follow","max-snippet":"max-snippet:-1","max-image-preview":"max-image-preview:large","max-video-preview":"max-video-preview:-1"},"canonical":"https:\/\/elfsight.com\/pl\/store-locator-widget\/html\/","og_locale":"pl_PL","og_type":"article","og_title":"Zintegruj lokalizator sklep\u00f3w, aby przyci\u0105gn\u0105\u0107 wi\u0119cej klient\u00f3w w sklepie","og_description":"Dodaj konfigurowalny lokalizator sklep\u00f3w do witryn HTML, aby zwi\u0119kszy\u0107 wiarygodno\u015b\u0107. Skorzystaj z wygodnej wersji demonstracyjnej Elfsight, aby zbudowa\u0107 anga\u017cuj\u0105cy widget.","og_url":"https:\/\/elfsight.com\/pl\/store-locator-widget\/html\/","og_site_name":"Elfsight PL","article_modified_time":"2025-06-16T09:25:29+00:00","twitter_card":"summary_large_image","twitter_misc":{"Szacowany czas czytania":"2 minuty"},"schema":{"@context":"https:\/\/schema.org","@graph":[{"@type":"WebPage","@id":"https:\/\/elfsight.com\/pl\/store-locator-widget\/html\/","url":"https:\/\/elfsight.com\/pl\/store-locator-widget\/html\/","name":"Zintegruj lokalizator sklep\u00f3w, aby przyci\u0105gn\u0105\u0107 wi\u0119cej klient\u00f3w w sklepie","isPartOf":{"@id":"https:\/\/elfsight.com\/pl\/#website"},"datePublished":"1970-01-01T00:00:00+00:00","dateModified":"2025-06-16T09:25:29+00:00","description":"Dodaj konfigurowalny lokalizator sklep\u00f3w do witryn HTML, aby zwi\u0119kszy\u0107 wiarygodno\u015b\u0107. Skorzystaj z wygodnej wersji demonstracyjnej Elfsight, aby zbudowa\u0107 anga\u017cuj\u0105cy widget.","breadcrumb":{"@id":"https:\/\/elfsight.com\/pl\/store-locator-widget\/html\/#breadcrumb"},"inLanguage":"pl-PL","potentialAction":[{"@type":"ReadAction","target":["https:\/\/elfsight.com\/pl\/store-locator-widget\/html\/"]}]},{"@type":"BreadcrumbList","@id":"https:\/\/elfsight.com\/pl\/store-locator-widget\/html\/#breadcrumb","itemListElement":[{"@type":"ListItem","position":1,"name":"Home","item":"https:\/\/elfsight.com\/pl\/"},{"@type":"ListItem","position":2,"name":"Store Locator","item":"https:\/\/elfsight.com\/pl\/store-locator-widget\/"},{"@type":"ListItem","position":3,"name":"Store Locator &#8211; HTML"}]},{"@type":"WebSite","@id":"https:\/\/elfsight.com\/pl\/#website","url":"https:\/\/elfsight.com\/pl\/","name":"Elfsight PL","description":"Just another Elfsight Sites site","potentialAction":[{"@type":"SearchAction","target":{"@type":"EntryPoint","urlTemplate":"https:\/\/elfsight.com\/pl\/?s={search_term_string}"},"query-input":{"@type":"PropertyValueSpecification","valueRequired":true,"valueName":"search_term_string"}}],"inLanguage":"pl-PL"}]}},"meta_box":{"industry":"","seo_heading":"","heading":"","description":"","cta_heading":"","cta_description":"","application":"3352","h1":"Widget Lokalizatora Sklep\u00f3w HTML","h1_caption":"Wy\u015bwietl map\u0119 z wieloma lokalizacjami sklep\u00f3w, aby pom\u00f3c klientom w \u0142atwym znalezieniu najbli\u017cszej lokalizacji w Twojej witrynie HTML.","application_category":[],"applications_title":"","applications_request_title":"","applications_request_button_text":"","hero_text":"","hero_video":"","hero_video_schema_markup":"","selling_points_title":"","selling_points_caption":"","selling_points":[],"selling_points_cta_text":"","features_title":"","features":"","ed_cta_examples_text":"","ed_cta_examples_hidden":"","ed_cta_demo_text":"","ed_cta_demo_hidden":"","why_caption":"","why_editor_title":"","why_editor_text":"","why_team_title":"","why_team_text":"","why_service_title":"","why_service_text":"","template_catalog_visible":"","template_catalog_title":"","template_catalog_text":"","template_catalog_categories_visible":"","demo_title":"Pospiesz si\u0119, aby stworzy\u0107 szyty na miar\u0119 lokalizator sklep\u00f3w HTML","demo_caption":"Dostosuj go i zaimplementuj na swojej stronie internetowej za pomoc\u0105 bezp\u0142atnej wersji demonstracyjnej.","default_faq_hidden":"","app_template_category":[],"platform":"50","template_public_id":"","codecanyon_url":"","codecanyon_item_id":"","codecanyon_price":"","pricing_caption":"","pricing_elfsight_apps_hide_column":"","pricing_elfsight_apps_url":"","pricing_codecanyon_price_caption":"","integration_category":[],"integration_request_title":"","integration_request_cta":"","integration_platform":"","integrations":[],"platform_category":[],"video_schema_markup":"","price":"od 0 USD \/ miesi\u0105c","trial":"","benefits":[{"text":"Bezp\u0142atna pomoc w monta\u017cu"},{"text":"Kompetentna obs\u0142uga klienta"},{"text":"14-dniowa gwarancja zwrotu pieni\u0119dzy"}],"button_url":"#demo","button_target_blank":"","button_nofollow":"","attributes":[{"name":"Instaluje"},{"name":"Czu\u0142y"},{"name":"Kompatybilne przegl\u0105darki"}],"tags":[],"tags_disable_links":"","hide_more_platforms":"","video_object":"","demo_hide_cta":"","demo_hide_cloud_options":"","pricing_title":"","pricing":[{"pricing_icon":"platform","pricing_title":"Elfsight Apps","pricing_title_caption":"Wersja niezale\u017cna od platformy, kt\u00f3ra dzia\u0142a na ka\u017cdej stronie","pricing_price":"od 0 USD \/ miesi\u0105c","pricing_price_caption":"zacznij od bezp\u0142atnego planu","pricing_benefits":[{"text":"Nielimitowane strony internetowe"},{"text":"Szybka pomoc firmy i dobrze udokumentowana"},{"text":"Bezp\u0142atna pomoc przy instalacji"},{"text":"W pe\u0142ni konfigurowalny"}],"pricing_button_text":"Dodaj do witryny","pricing_button_url":"#demo"}],"related_apps_title":"","related_apps_hidden":"","author":"","image":[],"title":"","job":"","social_networks":[]},"_links":{"self":[{"href":"https:\/\/elfsight.com\/pl\/wp-json\/wp\/v2\/pages\/6656","targetHints":{"allow":["GET"]}}],"collection":[{"href":"https:\/\/elfsight.com\/pl\/wp-json\/wp\/v2\/pages"}],"about":[{"href":"https:\/\/elfsight.com\/pl\/wp-json\/wp\/v2\/types\/page"}],"author":[{"embeddable":true,"href":"https:\/\/elfsight.com\/pl\/wp-json\/wp\/v2\/users\/9"}],"replies":[{"embeddable":true,"href":"https:\/\/elfsight.com\/pl\/wp-json\/wp\/v2\/comments?post=6656"}],"version-history":[{"count":1,"href":"https:\/\/elfsight.com\/pl\/wp-json\/wp\/v2\/pages\/6656\/revisions"}],"predecessor-version":[{"id":6660,"href":"https:\/\/elfsight.com\/pl\/wp-json\/wp\/v2\/pages\/6656\/revisions\/6660"}],"up":[{"embeddable":true,"href":"https:\/\/elfsight.com\/pl\/wp-json\/wp\/v2\/pages\/3364"}],"wp:attachment":[{"href":"https:\/\/elfsight.com\/pl\/wp-json\/wp\/v2\/media?parent=6656"}],"curies":[{"name":"wp","href":"https:\/\/api.w.org\/{rel}","templated":true}]}}