{"id":6655,"date":"1970-01-01T00:00:00","date_gmt":"1970-01-01T00:00:00","guid":{"rendered":"https:\/\/elfsight.com\/pl\/?page_id=6655"},"modified":"2025-06-16T09:25:29","modified_gmt":"2025-06-16T09:25:29","slug":"iframe","status":"publish","type":"page","link":"https:\/\/elfsight.com\/pl\/store-locator-widget\/iframe\/","title":{"rendered":"Store Locator &#8211; iFrame"},"content":{"rendered":"<div class=\"application-platform-content-item-description application-platform-content-item\" id=\"description\" data-nav-section=\"description\"> <h2>Osad\u017a lokalizator sklep\u00f3w w iFrame za pomoc\u0105 wid\u017cetu Elfsight<\/h2> <p>Lokator sklep\u00f3w Elfsight dla iFrame to dynamiczny i regulowany widget zaprojektowany zwi\u0119kszy\u0107 u\u017cyteczno\u015b\u0107 Twojej witryny i zaanga\u017cowanie klient\u00f3w, u\u0142atwiaj\u0105c im ni\u017c kiedykolwiek znalezienie drogi do adresu Twojej firmy. Dzi\u0119ki zestawowi przydatnych funkcji dostosowanych do wydajno\u015bci i wydajno\u015bci, ten widget jest kluczowym rozwi\u0105zaniem do og\u0142aszania lokalizacji sklep\u00f3w fizycznych w zrozumia\u0142y i wygodny spos\u00f3b. Dodaj go teraz i zauwa\u017c, jak przekszta\u0142ci Twoj\u0105 witryn\u0119 w pot\u0119\u017cn\u0105 wyszukiwark\u0119 sklep\u00f3w!<\/p> <p>Osadzaj\u0105c widget, zwi\u0119kszysz swoj\u0105 wiarygodno\u015b\u0107 w\u015br\u00f3d klient\u00f3w, podaj\u0105c szczeg\u00f3\u0142owe informacje o fizycznych lokalizacjach Twojej firmy, zapewniaj\u0105c wszystkich o swojej solidno\u015bci obecno\u015b\u0107. Mo\u017ce to skutkowa\u0107 szybszym podejmowaniem decyzji i lepszymi do\u015bwiadczeniami zakupowymi w\u015br\u00f3d klient\u00f3w. <\/p><p><b>U\u017cyj wspania\u0142ej wyszukiwarki sklep\u00f3w, aby zaprezentowa\u0107 swoj\u0105 lokalizacj\u0119 i istotne dane biznesowe. Podkre\u015bl sw\u00f3j adres fizyczny i wymagane informacje, przyci\u0105gaj\u0105c dodatkowych klient\u00f3w w sklepie. <\/b><\/p><\/div> <div class=\"application-platform-content-item-features application-platform-content-item\" id=\"features\" data-nav-section=\"features\"> <h2>Podstawowa oferta funkcji widgetu<\/h2> <ul><li>Wyra\u017ane wskazanie lokalizacji<\/li><li>Interaktywna mapa funkcje<\/li><li>Przyciski interakcji z lokalizacj\u0105 z integracj\u0105 <\/li><li>Proste wyskakuj\u0105ce okienko z lokalizacj\u0105 po klikni\u0119ciu znacznika<\/li><li>Harmonogram dzia\u0142alno\u015bci lokalizacji i amp; stan aktywno\u015bci<\/li><\/ul><p><a href=\"#demo\">Odkryj wszystkie opcje dostosowywania w 100% funkcjonalnej wersji demonstracyjnej<\/a><\/p><\/div> <div class=\"application-platform-content-item-installation  application-platform-content-item\" id=\"installation \" data-nav-section=\"installation \"> <h2>Jak zintegrowa\u0107 Lokalizator sklep\u00f3w z moj\u0105 stron\u0105 internetow\u0105 iFrame?<\/h2> <p>Wystarczy post\u0119powa\u0107 zgodnie z poni\u017cszymi instrukcjami, aby rozpocz\u0105\u0107 korzystanie z wtyczki. <\/p> <ol><li><b>Skorzystaj z naszego bezp\u0142atnego konfiguratora i zacznij tworzy\u0107 sw\u00f3j unikalny widget. <\/b><br> Znajd\u017a po\u017c\u0105dany uk\u0142ad i cechy funkcjonalne narz\u0119dzia i zastosuj modyfikacje. <\/li> <li><b>Uzyskaj indywidualny kod pokazany w polu w aplikacjach Elfsight. <\/b><br> Zaraz po skonfigurowaniu osobistego narz\u0119dzia skopiuj ekskluzywny kod w wy\u015bwietlonym oknie i zachowaj go do p\u00f3\u017aniejszego wykorzystania. <\/li> <li><b>Zainicjuj u\u017cycie wtyczki na swojej stronie g\u0142\u00f3wnej iFrame. <\/b><br> Zintegruj zapisany wcze\u015bniej kod ze swoj\u0105 stron\u0105 g\u0142\u00f3wn\u0105 i zastosuj zmiany. <\/li> <li><b>Gotowe! Instalacja zako\u0144czy\u0142a si\u0119 pomy\u015blnie. <\/b><br> Odwied\u017a swoj\u0105 stron\u0119 internetow\u0105, aby sprawdzi\u0107 dzia\u0142anie wtyczki. <\/li><\/ol> <p>W przypadku napotkania jakichkolwiek trudno\u015bci nie wahaj si\u0119 zwr\u00f3ci\u0107 do naszego zespo\u0142u wsparcia. Nasi konsultanci z przyjemno\u015bci\u0105 odpowiedz\u0105 na wszystkie pytania dotycz\u0105ce produktu.<\/p><\/div>","protected":false},"excerpt":{"rendered":"","protected":false},"author":9,"featured_media":0,"parent":3364,"menu_order":0,"comment_status":"closed","ping_status":"closed","template":"templates\/template-application-platform.php","meta":{"publish_to_discourse":"","publish_post_category":"","wpdc_auto_publish_overridden":"","wpdc_topic_tags":"","wpdc_pin_topic":"","wpdc_pin_until":"","discourse_post_id":"","discourse_permalink":"","wpdc_publishing_response":"","wpdc_publishing_error":"","footnotes":""},"class_list":["post-6655","page","type-page","status-publish","hentry"],"yoast_head":"<!-- This site is optimized with the Yoast SEO plugin v25.3.1 - https:\/\/yoast.com\/wordpress\/plugins\/seo\/ -->\n<title>Osad\u017a lokalizator sklep\u00f3w w ramce iFrame \u2014 dodaj wyszukiwark\u0119 sklep\u00f3w bez kodu<\/title>\n<meta name=\"description\" content=\"Zintegruj konfigurowalny lokalizator sklep\u00f3w ze stron\u0105 internetow\u0105 iFrame, aby zwi\u0119kszy\u0107 zaufanie. Skorzystaj z wygodnej wersji demonstracyjnej Elfsight, aby \u0142atwo stworzy\u0107 wszechstronny widget.\" \/>\n<meta name=\"robots\" content=\"index, follow, max-snippet:-1, max-image-preview:large, max-video-preview:-1\" \/>\n<link rel=\"canonical\" href=\"https:\/\/elfsight.com\/pl\/store-locator-widget\/iframe\/\" \/>\n<meta property=\"og:locale\" content=\"pl_PL\" \/>\n<meta property=\"og:type\" content=\"article\" \/>\n<meta property=\"og:title\" content=\"Osad\u017a lokalizator sklep\u00f3w w ramce iFrame \u2014 dodaj wyszukiwark\u0119 sklep\u00f3w bez kodu\" \/>\n<meta property=\"og:description\" content=\"Zintegruj konfigurowalny lokalizator sklep\u00f3w ze stron\u0105 internetow\u0105 iFrame, aby zwi\u0119kszy\u0107 zaufanie. Skorzystaj z wygodnej wersji demonstracyjnej Elfsight, aby \u0142atwo stworzy\u0107 wszechstronny widget.\" \/>\n<meta property=\"og:url\" content=\"https:\/\/elfsight.com\/pl\/store-locator-widget\/iframe\/\" \/>\n<meta property=\"og:site_name\" content=\"Elfsight PL\" \/>\n<meta property=\"article:modified_time\" content=\"2025-06-16T09:25:29+00:00\" \/>\n<meta name=\"twitter:card\" content=\"summary_large_image\" \/>\n<meta name=\"twitter:label1\" content=\"Szacowany czas czytania\" \/>\n\t<meta name=\"twitter:data1\" content=\"2 minuty\" \/>\n<!-- \/ Yoast SEO plugin. -->","yoast_head_json":{"title":"Osad\u017a lokalizator sklep\u00f3w w ramce iFrame \u2014 dodaj wyszukiwark\u0119 sklep\u00f3w bez kodu","description":"Zintegruj konfigurowalny lokalizator sklep\u00f3w ze stron\u0105 internetow\u0105 iFrame, aby zwi\u0119kszy\u0107 zaufanie. Skorzystaj z wygodnej wersji demonstracyjnej Elfsight, aby \u0142atwo stworzy\u0107 wszechstronny widget.","robots":{"index":"index","follow":"follow","max-snippet":"max-snippet:-1","max-image-preview":"max-image-preview:large","max-video-preview":"max-video-preview:-1"},"canonical":"https:\/\/elfsight.com\/pl\/store-locator-widget\/iframe\/","og_locale":"pl_PL","og_type":"article","og_title":"Osad\u017a lokalizator sklep\u00f3w w ramce iFrame \u2014 dodaj wyszukiwark\u0119 sklep\u00f3w bez kodu","og_description":"Zintegruj konfigurowalny lokalizator sklep\u00f3w ze stron\u0105 internetow\u0105 iFrame, aby zwi\u0119kszy\u0107 zaufanie. Skorzystaj z wygodnej wersji demonstracyjnej Elfsight, aby \u0142atwo stworzy\u0107 wszechstronny widget.","og_url":"https:\/\/elfsight.com\/pl\/store-locator-widget\/iframe\/","og_site_name":"Elfsight PL","article_modified_time":"2025-06-16T09:25:29+00:00","twitter_card":"summary_large_image","twitter_misc":{"Szacowany czas czytania":"2 minuty"},"schema":{"@context":"https:\/\/schema.org","@graph":[{"@type":"WebPage","@id":"https:\/\/elfsight.com\/pl\/store-locator-widget\/iframe\/","url":"https:\/\/elfsight.com\/pl\/store-locator-widget\/iframe\/","name":"Osad\u017a lokalizator sklep\u00f3w w ramce iFrame \u2014 dodaj wyszukiwark\u0119 sklep\u00f3w bez kodu","isPartOf":{"@id":"https:\/\/elfsight.com\/pl\/#website"},"datePublished":"1970-01-01T00:00:00+00:00","dateModified":"2025-06-16T09:25:29+00:00","description":"Zintegruj konfigurowalny lokalizator sklep\u00f3w ze stron\u0105 internetow\u0105 iFrame, aby zwi\u0119kszy\u0107 zaufanie. Skorzystaj z wygodnej wersji demonstracyjnej Elfsight, aby \u0142atwo stworzy\u0107 wszechstronny widget.","breadcrumb":{"@id":"https:\/\/elfsight.com\/pl\/store-locator-widget\/iframe\/#breadcrumb"},"inLanguage":"pl-PL","potentialAction":[{"@type":"ReadAction","target":["https:\/\/elfsight.com\/pl\/store-locator-widget\/iframe\/"]}]},{"@type":"BreadcrumbList","@id":"https:\/\/elfsight.com\/pl\/store-locator-widget\/iframe\/#breadcrumb","itemListElement":[{"@type":"ListItem","position":1,"name":"Home","item":"https:\/\/elfsight.com\/pl\/"},{"@type":"ListItem","position":2,"name":"Store Locator","item":"https:\/\/elfsight.com\/pl\/store-locator-widget\/"},{"@type":"ListItem","position":3,"name":"Store Locator &#8211; iFrame"}]},{"@type":"WebSite","@id":"https:\/\/elfsight.com\/pl\/#website","url":"https:\/\/elfsight.com\/pl\/","name":"Elfsight PL","description":"Just another Elfsight Sites site","potentialAction":[{"@type":"SearchAction","target":{"@type":"EntryPoint","urlTemplate":"https:\/\/elfsight.com\/pl\/?s={search_term_string}"},"query-input":{"@type":"PropertyValueSpecification","valueRequired":true,"valueName":"search_term_string"}}],"inLanguage":"pl-PL"}]}},"meta_box":{"industry":"","seo_heading":"","heading":"","description":"","cta_heading":"","cta_description":"","application":"3352","h1":"Wid\u017cet lokalizatora sklep\u00f3w iFrame","h1_caption":"Wy\u015bwietl map\u0119 z wieloma lokalizacjami sklep\u00f3w, aby pom\u00f3c klientom w \u0142atwym znalezieniu najbli\u017cszej lokalizacji w Twojej witrynie iFrame.","application_category":[],"applications_title":"","applications_request_title":"","applications_request_button_text":"","hero_text":"","hero_video":"","hero_video_schema_markup":"","selling_points_title":"","selling_points_caption":"","selling_points":[],"selling_points_cta_text":"","features_title":"","features":"","ed_cta_examples_text":"","ed_cta_examples_hidden":"","ed_cta_demo_text":"","ed_cta_demo_hidden":"","why_caption":"","why_editor_title":"","why_editor_text":"","why_team_title":"","why_team_text":"","why_service_title":"","why_service_text":"","template_catalog_visible":"","template_catalog_title":"","template_catalog_text":"","template_catalog_categories_visible":"","demo_title":"Pospiesz si\u0119, aby stworzy\u0107 niestandardowy lokalizator sklep\u00f3w iFrame","demo_caption":"Spersonalizuj go i zaimplementuj widget na swoj\u0105 stron\u0119 za pomoc\u0105 wersji demonstracyjnej online.","default_faq_hidden":"","app_template_category":[],"platform":"187","template_public_id":"","codecanyon_url":"","codecanyon_item_id":"","codecanyon_price":"","pricing_caption":"","pricing_elfsight_apps_hide_column":"","pricing_elfsight_apps_url":"","pricing_codecanyon_price_caption":"","integration_category":[],"integration_request_title":"","integration_request_cta":"","integration_platform":"","integrations":[],"platform_category":[],"video_schema_markup":"","price":"od 0 USD \/ miesi\u0105c","trial":"","benefits":[{"text":"Bezp\u0142atna pomoc w instalacji"},{"text":"Skuteczna obs\u0142uga klienta"},{"text":"14-dniowa gwarancja zwrotu pieni\u0119dzy"}],"button_url":"#demo","button_target_blank":"","button_nofollow":"","attributes":[{"name":"Instaluje"},{"name":"Czu\u0142y"},{"name":"Kompatybilne przegl\u0105darki"}],"tags":[],"tags_disable_links":"","hide_more_platforms":"","video_object":"","demo_hide_cta":"","demo_hide_cloud_options":"","pricing_title":"","pricing":[{"pricing_icon":"platform","pricing_title":"Elfsight Apps","pricing_title_caption":"Rozwi\u0105zanie wieloplatformowe","pricing_price":"od 0 USD \/ miesi\u0105c","pricing_price_caption":"zacznij od bezp\u0142atnego planu","pricing_benefits":[{"text":"Nielimitowane domeny"},{"text":"Profesjonalne wsparcie firmy"},{"text":"Bezp\u0142atne wsparcie przy instalacji"},{"text":"Elastyczny projekt"}],"pricing_button_text":"Dodaj do witryny","pricing_button_url":"#demo"}],"related_apps_title":"","related_apps_hidden":"","author":"","image":[],"title":"","job":"","social_networks":[]},"_links":{"self":[{"href":"https:\/\/elfsight.com\/pl\/wp-json\/wp\/v2\/pages\/6655","targetHints":{"allow":["GET"]}}],"collection":[{"href":"https:\/\/elfsight.com\/pl\/wp-json\/wp\/v2\/pages"}],"about":[{"href":"https:\/\/elfsight.com\/pl\/wp-json\/wp\/v2\/types\/page"}],"author":[{"embeddable":true,"href":"https:\/\/elfsight.com\/pl\/wp-json\/wp\/v2\/users\/9"}],"replies":[{"embeddable":true,"href":"https:\/\/elfsight.com\/pl\/wp-json\/wp\/v2\/comments?post=6655"}],"version-history":[{"count":1,"href":"https:\/\/elfsight.com\/pl\/wp-json\/wp\/v2\/pages\/6655\/revisions"}],"predecessor-version":[{"id":6659,"href":"https:\/\/elfsight.com\/pl\/wp-json\/wp\/v2\/pages\/6655\/revisions\/6659"}],"up":[{"embeddable":true,"href":"https:\/\/elfsight.com\/pl\/wp-json\/wp\/v2\/pages\/3364"}],"wp:attachment":[{"href":"https:\/\/elfsight.com\/pl\/wp-json\/wp\/v2\/media?parent=6655"}],"curies":[{"name":"wp","href":"https:\/\/api.w.org\/{rel}","templated":true}]}}