{"id":6654,"date":"1970-01-01T00:00:00","date_gmt":"1970-01-01T00:00:00","guid":{"rendered":"https:\/\/elfsight.com\/pl\/?page_id=6654"},"modified":"2025-06-27T08:49:51","modified_gmt":"2025-06-27T08:49:51","slug":"jimdo","status":"publish","type":"page","link":"https:\/\/elfsight.com\/pl\/store-locator-widget\/jimdo\/","title":{"rendered":"Store Locator &#8211; Jimdo"},"content":{"rendered":"<div class=\"application-platform-content-item-description application-platform-content-item\" id=\"description\" data-nav-section=\"description\">\n<h2>Osad\u017a Lokalizator Sklep\u00f3w w Jimdo za pomoc\u0105 wid\u017cetu Elfsight<\/h2>\n<p>Lokator Sklep\u00f3w Elfsight dla Jimdo to \u017cywy i regulowany widget zaprojektowany zwi\u0119kszy\u0107 u\u017cyteczno\u015b\u0107 Twojej witryny i zaanga\u017cowanie klient\u00f3w, u\u0142atwiaj\u0105c im ni\u017c kiedykolwiek znalezienie Twojej lokalizacji. Dzi\u0119ki pakietowi wspania\u0142ych funkcji dostosowanych pod k\u0105tem u\u017cyteczno\u015bci i wydajno\u015bci, ten widget jest idealnym rozwi\u0105zaniem do pokazywania lokalizacji sklep\u00f3w fizycznych w jasny i wygodny spos\u00f3b. Wypr\u00f3buj ju\u017c teraz i zauwa\u017c, jak zmienia Twoj\u0105 witryn\u0119 w zorientowan\u0105 na u\u017cytkownika wyszukiwark\u0119 sklep\u00f3w!<\/p>\n<p>Dzi\u0119ki integracji widgetu zwi\u0119kszysz swoj\u0105 wiarygodno\u015b\u0107 w\u015br\u00f3d klient\u00f3w, dostarczaj\u0105c im szczeg\u00f3\u0142owych informacji na temat fizycznych lokalizacji Twojej firmy, utwierdzaj\u0105c ich w przekonaniu Twojej prawdziwej obecno\u015bci. Mo\u017ce to skutkowa\u0107 szybszym podejmowaniem decyzji i lepszymi do\u015bwiadczeniami zakupowymi w\u015br\u00f3d klient\u00f3w.<\/p>\n<p><b>U\u017cyj doskona\u0142ej wyszukiwarki sklep\u00f3w, aby zaprezentowa\u0107 swoj\u0105 lokalizacj\u0119 i przydatne szczeg\u00f3\u0142y firmy. Podaj sw\u00f3j adres fizyczny i wymagane informacje, aby przyci\u0105gn\u0105\u0107 dodatkowych go\u015bci do sklepu.<\/b><\/p>\n<\/div>\n\n<div class=\"application-platform-content-item-features application-platform-content-item\" id=\"features\" data-nav-section=\"features\">\n<h2>Widget zawiera zaawansowane i proste funkcje, zobacz niekt\u00f3re z nich:<\/h2>\n<ul>\n    <li>Dynamiczny wyb\u00f3r adresu<\/li>\n    <li>Charakterystyka mapy zorientowana na u\u017cytkownika<\/li>\n    <li>Przyciski akcji lokalizacji w\u0142\u0105czone dzi\u0119ki integracji<\/li>\n    <li>Szczeg\u00f3\u0142owe wyskakuj\u0105ce okienko lokalizacji przy wyborze znacznika<\/li>\n    <li>Godziny otwarcia lokalizacji i stan otwarty<\/li>\n<\/ul>\n<p><a href=\"#demo\">Mo\u017cesz wypr\u00f3bowa\u0107 pe\u0142ne mo\u017cliwo\u015bci wid\u017cetu w wersji demonstracyjnej na tej stronie<\/a><\/p>\n<\/div>\n\n<div class=\"application-platform-content-item-installation application-platform-content-item\" id=\"installation\" data-nav-section=\"installation\">\n<h2>Jak zintegrowa\u0107 Lokalizator sklep\u00f3w z moj\u0105 stron\u0105 internetow\u0105 Jimdo?<\/h2>\n<p>Wystarczy wykona\u0107 kroki przedstawione poni\u017cej, aby aktywowa\u0107 narz\u0119dzie.<\/p>\n<ol>\n    <li><b>Uruchom nasz darmowy konfigurator i zacznij tworzy\u0107 w\u0142asn\u0105 wtyczk\u0119. <\/b><br> Wybierz odpowiedni interfejs i cechy funkcjonalne narz\u0119dzia i zapisz zmiany. <\/li>\n    <li><b>Odbierz sw\u00f3j indywidualny kod widoczny w pude\u0142ku w aplikacjach Elfsight. <\/b><br> Po zako\u0144czeniu dostosowywania Twojej osobistej wtyczki skopiuj ekskluzywny kod z pojawiaj\u0105cego si\u0119 wyskakuj\u0105cego okienka i zapisz go do p\u00f3\u017aniejszego wykorzystania. <\/li>\n    <li><b>Wpisz ch\u0119\u0107 korzystania z wid\u017cetu na stronie Jimdo. <\/b><br> Wklej zapisany ostatnio kod na swoj\u0105 stron\u0119 i zastosuj ulepszenia. <\/li>\n    <li><b>Gotowe! Integracja zosta\u0142a w pe\u0142ni wykonana. <\/b><br> Odwied\u017a swoj\u0105 stron\u0119 internetow\u0105, aby zobaczy\u0107, jak dzia\u0142a widget. <\/li>\n<\/ol>\n<p>Je\u015bli masz pytania lub napotkasz przeszkody, mo\u017cesz zwr\u00f3ci\u0107 si\u0119 do naszego personelu pomocy technicznej. Nasi specjali\u015bci ch\u0119tnie pomog\u0105 Ci we wszystkich problemach, jakie mo\u017cesz mie\u0107 z widgetem.<\/p>\n<\/div>","protected":false},"excerpt":{"rendered":"","protected":false},"author":9,"featured_media":0,"parent":3364,"menu_order":0,"comment_status":"closed","ping_status":"closed","template":"templates\/template-application-platform.php","meta":{"publish_to_discourse":"","publish_post_category":"","wpdc_auto_publish_overridden":"","wpdc_topic_tags":"","wpdc_pin_topic":"","wpdc_pin_until":"","discourse_post_id":"","discourse_permalink":"","wpdc_publishing_response":"","wpdc_publishing_error":"","footnotes":""},"class_list":["post-6654","page","type-page","status-publish","hentry"],"yoast_head":"<!-- This site is optimized with the Yoast SEO plugin v25.3.1 - https:\/\/yoast.com\/wordpress\/plugins\/seo\/ -->\n<title>Dodaj lokalizator sklep\u00f3w dla Jimdo - \u0142atwo osadzaj lokalizacje sklep\u00f3w<\/title>\n<meta name=\"description\" content=\"Umie\u015b\u0107 przyjazny dla u\u017cytkownika lokalizator sklep\u00f3w na stronie internetowej Jimdo, aby zyska\u0107 lojalno\u015b\u0107. Skorzystaj z wygodnej wersji demonstracyjnej Elfsight, aby zbudowa\u0107 widget.\" \/>\n<meta name=\"robots\" content=\"index, follow, max-snippet:-1, max-image-preview:large, max-video-preview:-1\" \/>\n<link rel=\"canonical\" href=\"https:\/\/elfsight.com\/pl\/store-locator-widget\/jimdo\/\" \/>\n<meta property=\"og:locale\" content=\"pl_PL\" \/>\n<meta property=\"og:type\" content=\"article\" \/>\n<meta property=\"og:title\" content=\"Dodaj lokalizator sklep\u00f3w dla Jimdo - \u0142atwo osadzaj lokalizacje sklep\u00f3w\" \/>\n<meta property=\"og:description\" content=\"Umie\u015b\u0107 przyjazny dla u\u017cytkownika lokalizator sklep\u00f3w na stronie internetowej Jimdo, aby zyska\u0107 lojalno\u015b\u0107. Skorzystaj z wygodnej wersji demonstracyjnej Elfsight, aby zbudowa\u0107 widget.\" \/>\n<meta property=\"og:url\" content=\"https:\/\/elfsight.com\/pl\/store-locator-widget\/jimdo\/\" \/>\n<meta property=\"og:site_name\" content=\"Elfsight PL\" \/>\n<meta property=\"article:modified_time\" content=\"2025-06-27T08:49:51+00:00\" \/>\n<meta name=\"twitter:card\" content=\"summary_large_image\" \/>\n<meta name=\"twitter:label1\" content=\"Szacowany czas czytania\" \/>\n\t<meta name=\"twitter:data1\" content=\"2 minuty\" \/>\n<!-- \/ Yoast SEO plugin. -->","yoast_head_json":{"title":"Dodaj lokalizator sklep\u00f3w dla Jimdo - \u0142atwo osadzaj lokalizacje sklep\u00f3w","description":"Umie\u015b\u0107 przyjazny dla u\u017cytkownika lokalizator sklep\u00f3w na stronie internetowej Jimdo, aby zyska\u0107 lojalno\u015b\u0107. Skorzystaj z wygodnej wersji demonstracyjnej Elfsight, aby zbudowa\u0107 widget.","robots":{"index":"index","follow":"follow","max-snippet":"max-snippet:-1","max-image-preview":"max-image-preview:large","max-video-preview":"max-video-preview:-1"},"canonical":"https:\/\/elfsight.com\/pl\/store-locator-widget\/jimdo\/","og_locale":"pl_PL","og_type":"article","og_title":"Dodaj lokalizator sklep\u00f3w dla Jimdo - \u0142atwo osadzaj lokalizacje sklep\u00f3w","og_description":"Umie\u015b\u0107 przyjazny dla u\u017cytkownika lokalizator sklep\u00f3w na stronie internetowej Jimdo, aby zyska\u0107 lojalno\u015b\u0107. Skorzystaj z wygodnej wersji demonstracyjnej Elfsight, aby zbudowa\u0107 widget.","og_url":"https:\/\/elfsight.com\/pl\/store-locator-widget\/jimdo\/","og_site_name":"Elfsight PL","article_modified_time":"2025-06-27T08:49:51+00:00","twitter_card":"summary_large_image","twitter_misc":{"Szacowany czas czytania":"2 minuty"},"schema":{"@context":"https:\/\/schema.org","@graph":[{"@type":"WebPage","@id":"https:\/\/elfsight.com\/pl\/store-locator-widget\/jimdo\/","url":"https:\/\/elfsight.com\/pl\/store-locator-widget\/jimdo\/","name":"Dodaj lokalizator sklep\u00f3w dla Jimdo - \u0142atwo osadzaj lokalizacje sklep\u00f3w","isPartOf":{"@id":"https:\/\/elfsight.com\/pl\/#website"},"datePublished":"1970-01-01T00:00:00+00:00","dateModified":"2025-06-27T08:49:51+00:00","description":"Umie\u015b\u0107 przyjazny dla u\u017cytkownika lokalizator sklep\u00f3w na stronie internetowej Jimdo, aby zyska\u0107 lojalno\u015b\u0107. Skorzystaj z wygodnej wersji demonstracyjnej Elfsight, aby zbudowa\u0107 widget.","breadcrumb":{"@id":"https:\/\/elfsight.com\/pl\/store-locator-widget\/jimdo\/#breadcrumb"},"inLanguage":"pl-PL","potentialAction":[{"@type":"ReadAction","target":["https:\/\/elfsight.com\/pl\/store-locator-widget\/jimdo\/"]}]},{"@type":"BreadcrumbList","@id":"https:\/\/elfsight.com\/pl\/store-locator-widget\/jimdo\/#breadcrumb","itemListElement":[{"@type":"ListItem","position":1,"name":"Home","item":"https:\/\/elfsight.com\/pl\/"},{"@type":"ListItem","position":2,"name":"Store Locator","item":"https:\/\/elfsight.com\/pl\/store-locator-widget\/"},{"@type":"ListItem","position":3,"name":"Store Locator &#8211; Jimdo"}]},{"@type":"WebSite","@id":"https:\/\/elfsight.com\/pl\/#website","url":"https:\/\/elfsight.com\/pl\/","name":"Elfsight PL","description":"Just another Elfsight Sites site","potentialAction":[{"@type":"SearchAction","target":{"@type":"EntryPoint","urlTemplate":"https:\/\/elfsight.com\/pl\/?s={search_term_string}"},"query-input":{"@type":"PropertyValueSpecification","valueRequired":true,"valueName":"search_term_string"}}],"inLanguage":"pl-PL"}]}},"meta_box":{"industry":"","seo_heading":"","heading":"","description":"","cta_heading":"","cta_description":"","application":"3352","h1":"Wid\u017cet Lokalizatora Sklep\u00f3w Jimdo","h1_caption":"Wy\u015bwietl map\u0119 z wieloma lokalizacjami sklep\u00f3w, aby pom\u00f3c Twoim klientom znale\u017a\u0107 najbli\u017csz\u0105 lokalizacj\u0119 na Twojej stronie internetowej Jimdo.","application_category":[],"applications_title":"","applications_request_title":"","applications_request_button_text":"","hero_text":"","hero_video":"","hero_video_schema_markup":"","selling_points_title":"","selling_points_caption":"","selling_points":[],"selling_points_cta_text":"","features_title":"","features":"","ed_cta_examples_text":"","ed_cta_examples_hidden":"","ed_cta_demo_text":"","ed_cta_demo_hidden":"","why_caption":"","why_editor_title":"","why_editor_text":"","why_team_title":"","why_team_text":"","why_service_title":"","why_service_text":"","template_catalog_visible":"0","template_catalog_title":"","template_catalog_text":"","template_catalog_categories_visible":"","demo_title":"Pospiesz si\u0119, aby zaprojektowa\u0107 spersonalizowany lokalizator sklep\u00f3w Jimdo","demo_caption":"Dostosuj je i zintegruj narz\u0119dzie na swojej stronie g\u0142\u00f3wnej za pomoc\u0105 bezp\u0142atnej wersji demonstracyjnej.","default_faq_hidden":"","app_template_category":[],"platform":"193","template_public_id":"","codecanyon_url":"","codecanyon_item_id":"","codecanyon_price":"","pricing_caption":"","pricing_elfsight_apps_hide_column":"","pricing_elfsight_apps_url":"","pricing_codecanyon_price_caption":"","integration_category":[],"integration_request_title":"","integration_request_cta":"","integration_platform":"","integrations":[],"platform_category":[],"video_schema_markup":"","price":"od 0 USD \/ miesi\u0105c","trial":"","benefits":[{"text":"Bezp\u0142atna pomoc w monta\u017cu"},{"text":"Wyj\u0105tkowe wsparcie"},{"text":"14-dniowa gwarancja zwrotu pieni\u0119dzy"}],"button_url":"#demo","button_target_blank":"0","button_nofollow":"0","attributes":[{"name":"Instaluje"},{"name":"Czu\u0142y"},{"name":"Kompatybilne przegl\u0105darki"}],"tags":[],"tags_disable_links":"0","hide_more_platforms":"0","video_object":"","demo_hide_cta":"0","demo_hide_cloud_options":"0","pricing_title":"","pricing":[{"pricing_icon":"platform","pricing_title":"Elfsight Apps","pricing_title_caption":"Oprogramowanie wieloplatformowe, kt\u00f3re dzia\u0142a na dowolnej witrynie","pricing_price":"od 0 USD \/ miesi\u0105c","pricing_price_caption":"zacznij od bezp\u0142atnego planu","pricing_benefits":[{"text":"Nielimitowane domeny"},{"text":"Wsparcie 24\/7"},{"text":"Bezp\u0142atna us\u0142uga monta\u017cu"},{"text":"100% konfigurowalny"}],"pricing_button_text":"Dodaj do witryny","pricing_button_url":"#demo"}],"related_apps_title":"","related_apps_hidden":"0","author":"","image":[],"title":"","job":"","social_networks":[]},"_links":{"self":[{"href":"https:\/\/elfsight.com\/pl\/wp-json\/wp\/v2\/pages\/6654","targetHints":{"allow":["GET"]}}],"collection":[{"href":"https:\/\/elfsight.com\/pl\/wp-json\/wp\/v2\/pages"}],"about":[{"href":"https:\/\/elfsight.com\/pl\/wp-json\/wp\/v2\/types\/page"}],"author":[{"embeddable":true,"href":"https:\/\/elfsight.com\/pl\/wp-json\/wp\/v2\/users\/9"}],"replies":[{"embeddable":true,"href":"https:\/\/elfsight.com\/pl\/wp-json\/wp\/v2\/comments?post=6654"}],"version-history":[{"count":2,"href":"https:\/\/elfsight.com\/pl\/wp-json\/wp\/v2\/pages\/6654\/revisions"}],"predecessor-version":[{"id":10629,"href":"https:\/\/elfsight.com\/pl\/wp-json\/wp\/v2\/pages\/6654\/revisions\/10629"}],"up":[{"embeddable":true,"href":"https:\/\/elfsight.com\/pl\/wp-json\/wp\/v2\/pages\/3364"}],"wp:attachment":[{"href":"https:\/\/elfsight.com\/pl\/wp-json\/wp\/v2\/media?parent=6654"}],"curies":[{"name":"wp","href":"https:\/\/api.w.org\/{rel}","templated":true}]}}