{"id":6653,"date":"1970-01-01T00:00:00","date_gmt":"1970-01-01T00:00:00","guid":{"rendered":"https:\/\/elfsight.com\/pl\/?page_id=6653"},"modified":"2025-06-16T09:25:29","modified_gmt":"2025-06-16T09:25:29","slug":"joomla","status":"publish","type":"page","link":"https:\/\/elfsight.com\/pl\/store-locator-widget\/joomla\/","title":{"rendered":"Store Locator &#8211; Joomla"},"content":{"rendered":"<div class=\"application-platform-content-item-description application-platform-content-item\" id=\"description\" data-nav-section=\"description\"> <h2>Osad\u017a lokalizator sklep\u00f3w w Joomla za pomoc\u0105 rozszerzenia Elfsight<\/h2> <p>Lokator sklep\u00f3w Elfsight dla Joomla to \u017cywy i regulowany widget zaprojektowany aby zwi\u0119kszy\u0107 u\u017cyteczno\u015b\u0107 Twojej witryny i satysfakcj\u0119 klient\u00f3w, u\u0142atwiaj\u0105c im ni\u017c kiedykolwiek znalezienie Twoich sklep\u00f3w. Dzi\u0119ki zestawowi zaawansowanych funkcji opracowanych z my\u015bl\u0105 o wszechstronno\u015bci i wydajno\u015bci, ten widget jest kluczowym rozwi\u0105zaniem do prezentowania fizycznych lokalizacji firm w przejrzysty i przyjazny dla u\u017cytkownika spos\u00f3b. Wypr\u00f3buj ju\u017c teraz i zobacz, jak przekszta\u0142ci Twoj\u0105 witryn\u0119 w pot\u0119\u017cn\u0105 wyszukiwark\u0119 sklep\u00f3w!<\/p> <p>Dzi\u0119ki integracji widgetu zwi\u0119kszysz swoj\u0105 wiarygodno\u015b\u0107 w\u015br\u00f3d klient\u00f3w, udost\u0119pniaj\u0105c szczeg\u00f3\u0142owe informacje na temat fizycznej lokalizacji Twojej firmy, uspokajaj\u0105c wszystkich solidna obecno\u015b\u0107. Prze\u0142o\u017cy si\u0119 to na lepsze podejmowanie decyzji i solidne do\u015bwiadczenia zakupowe w\u015br\u00f3d klient\u00f3w. <\/p><p><b>Dodaj niesamowit\u0105 wyszukiwark\u0119 sklep\u00f3w, aby pokaza\u0107 swoj\u0105 lokalizacj\u0119 i wa\u017cne dane firmy. Podaj sw\u00f3j prawdziwy adres i odpowiednie informacje, zapraszaj\u0105c wi\u0119cej klient\u00f3w do sklepu. <\/b><\/p><\/div> <div class=\"application-platform-content-item-features application-platform-content-item\" id=\"features\" data-nav-section=\"features\"> <h2>Wy\u015bwietl list\u0119 najwa\u017cniejszych funkcji:<\/h2> <ul><li>Wyczy\u015b\u0107 wyb\u00f3r lokalizacji<\/li><li>Charakterystyka mapy zorientowana na u\u017cytkownika<\/li><li>Przyciski CTA lokalizacji wspieraj\u0105ce integracje <\/li><li>Szczeg\u00f3\u0142owa karta lokalizacji po klikni\u0119ciu znacznika<\/li><li>Czas pracy lokalizacji &amp; status otwarty<\/li><\/ul><p><a href=\"#demo\">Mo\u017cesz teraz przetestowa\u0107 pe\u0142n\u0105 funkcjonalno\u015b\u0107 wid\u017cetu w wersji demonstracyjnej<\/a><\/p> <\/div> <div class=\"application-platform-content-item-installation application-platform-content-item\" id=\"installation\" data-nav-section=\"installation\"> <h2>Jak zintegrowa\u0107 Lokalizator sklep\u00f3w z moj\u0105 witryn\u0105 Joomla?<\/h2> <p>Wystarczy post\u0119powa\u0107 zgodnie z poni\u017cszymi wskaz\u00f3wkami, aby aktywowa\u0107 wid\u017cet. <\/p> <ol><li><b>Otw\u00f3rz nasze bezp\u0142atne demo i zacznij tworzy\u0107 niestandardow\u0105 wtyczk\u0119. <\/b><br> Okre\u015bl po\u017c\u0105dany projekt i specyfikacje narz\u0119dzia i zapisz zmiany. <\/li> <li><b>Odbierz sw\u00f3j indywidualny kod widoczny w oknie aplikacji Elfsight. <\/b><br> Zaraz po zako\u0144czeniu instalacji osobistej wtyczki skopiuj ekskluzywny kod z wy\u015bwietlonego pola i zachowaj go na przysz\u0142o\u015b\u0107. <\/li> <li><b>Rozpocznij korzystanie z wid\u017cetu na stronie Joomla. <\/b><br> Wklej ostatnio skopiowany kod na swoj\u0105 stron\u0119 internetow\u0105 i zastosuj zmiany. <\/li> <li><b>Gotowe! Osadzanie zosta\u0142o w pe\u0142ni wykonane. <\/b><br> Odwied\u017a swoj\u0105 stron\u0119, aby sprawdzi\u0107 dzia\u0142anie narz\u0119dzia. <\/li><\/ol> <p>Je\u015bli masz do czynienia z zapytaniami lub napotykasz pewne komplikacje, bez wahania skontaktuj si\u0119 z naszym zespo\u0142em wsparcia. Nasi specjali\u015bci z przyjemno\u015bci\u0105 pomog\u0105 Ci we wszystkich trudno\u015bciach, jakie mo\u017cesz mie\u0107 z wtyczk\u0105. <\/p><\/div>","protected":false},"excerpt":{"rendered":"","protected":false},"author":9,"featured_media":0,"parent":3364,"menu_order":0,"comment_status":"closed","ping_status":"closed","template":"templates\/template-application-platform.php","meta":{"publish_to_discourse":"","publish_post_category":"","wpdc_auto_publish_overridden":"","wpdc_topic_tags":"","wpdc_pin_topic":"","wpdc_pin_until":"","discourse_post_id":"","discourse_permalink":"","wpdc_publishing_response":"","wpdc_publishing_error":"","footnotes":""},"class_list":["post-6653","page","type-page","status-publish","hentry"],"yoast_head":"<!-- This site is optimized with the Yoast SEO plugin v25.3.1 - https:\/\/yoast.com\/wordpress\/plugins\/seo\/ -->\n<title>Dodaj lokalizator sklep\u00f3w do Joomla \u2014 wypr\u00f3buj bezp\u0142atne rozwi\u0105zanie do wyszukiwania lokalizacji<\/title>\n<meta name=\"description\" content=\"Dodaj konfigurowalny lokalizator sklep\u00f3w do stron witryny Joomla, aby zwi\u0119kszy\u0107 konwersje. Skorzystaj z prostej wersji demonstracyjnej Elfsight, aby zbudowa\u0107 widget.\" \/>\n<meta name=\"robots\" content=\"index, follow, max-snippet:-1, max-image-preview:large, max-video-preview:-1\" \/>\n<link rel=\"canonical\" href=\"https:\/\/elfsight.com\/pl\/store-locator-widget\/joomla\/\" \/>\n<meta property=\"og:locale\" content=\"pl_PL\" \/>\n<meta property=\"og:type\" content=\"article\" \/>\n<meta property=\"og:title\" content=\"Dodaj lokalizator sklep\u00f3w do Joomla \u2014 wypr\u00f3buj bezp\u0142atne rozwi\u0105zanie do wyszukiwania lokalizacji\" \/>\n<meta property=\"og:description\" content=\"Dodaj konfigurowalny lokalizator sklep\u00f3w do stron witryny Joomla, aby zwi\u0119kszy\u0107 konwersje. Skorzystaj z prostej wersji demonstracyjnej Elfsight, aby zbudowa\u0107 widget.\" \/>\n<meta property=\"og:url\" content=\"https:\/\/elfsight.com\/pl\/store-locator-widget\/joomla\/\" \/>\n<meta property=\"og:site_name\" content=\"Elfsight PL\" \/>\n<meta property=\"article:modified_time\" content=\"2025-06-16T09:25:29+00:00\" \/>\n<meta name=\"twitter:card\" content=\"summary_large_image\" \/>\n<meta name=\"twitter:label1\" content=\"Szacowany czas czytania\" \/>\n\t<meta name=\"twitter:data1\" content=\"2 minuty\" \/>\n<!-- \/ Yoast SEO plugin. -->","yoast_head_json":{"title":"Dodaj lokalizator sklep\u00f3w do Joomla \u2014 wypr\u00f3buj bezp\u0142atne rozwi\u0105zanie do wyszukiwania lokalizacji","description":"Dodaj konfigurowalny lokalizator sklep\u00f3w do stron witryny Joomla, aby zwi\u0119kszy\u0107 konwersje. Skorzystaj z prostej wersji demonstracyjnej Elfsight, aby zbudowa\u0107 widget.","robots":{"index":"index","follow":"follow","max-snippet":"max-snippet:-1","max-image-preview":"max-image-preview:large","max-video-preview":"max-video-preview:-1"},"canonical":"https:\/\/elfsight.com\/pl\/store-locator-widget\/joomla\/","og_locale":"pl_PL","og_type":"article","og_title":"Dodaj lokalizator sklep\u00f3w do Joomla \u2014 wypr\u00f3buj bezp\u0142atne rozwi\u0105zanie do wyszukiwania lokalizacji","og_description":"Dodaj konfigurowalny lokalizator sklep\u00f3w do stron witryny Joomla, aby zwi\u0119kszy\u0107 konwersje. Skorzystaj z prostej wersji demonstracyjnej Elfsight, aby zbudowa\u0107 widget.","og_url":"https:\/\/elfsight.com\/pl\/store-locator-widget\/joomla\/","og_site_name":"Elfsight PL","article_modified_time":"2025-06-16T09:25:29+00:00","twitter_card":"summary_large_image","twitter_misc":{"Szacowany czas czytania":"2 minuty"},"schema":{"@context":"https:\/\/schema.org","@graph":[{"@type":"WebPage","@id":"https:\/\/elfsight.com\/pl\/store-locator-widget\/joomla\/","url":"https:\/\/elfsight.com\/pl\/store-locator-widget\/joomla\/","name":"Dodaj lokalizator sklep\u00f3w do Joomla \u2014 wypr\u00f3buj bezp\u0142atne rozwi\u0105zanie do wyszukiwania lokalizacji","isPartOf":{"@id":"https:\/\/elfsight.com\/pl\/#website"},"datePublished":"1970-01-01T00:00:00+00:00","dateModified":"2025-06-16T09:25:29+00:00","description":"Dodaj konfigurowalny lokalizator sklep\u00f3w do stron witryny Joomla, aby zwi\u0119kszy\u0107 konwersje. Skorzystaj z prostej wersji demonstracyjnej Elfsight, aby zbudowa\u0107 widget.","breadcrumb":{"@id":"https:\/\/elfsight.com\/pl\/store-locator-widget\/joomla\/#breadcrumb"},"inLanguage":"pl-PL","potentialAction":[{"@type":"ReadAction","target":["https:\/\/elfsight.com\/pl\/store-locator-widget\/joomla\/"]}]},{"@type":"BreadcrumbList","@id":"https:\/\/elfsight.com\/pl\/store-locator-widget\/joomla\/#breadcrumb","itemListElement":[{"@type":"ListItem","position":1,"name":"Home","item":"https:\/\/elfsight.com\/pl\/"},{"@type":"ListItem","position":2,"name":"Store Locator","item":"https:\/\/elfsight.com\/pl\/store-locator-widget\/"},{"@type":"ListItem","position":3,"name":"Store Locator &#8211; Joomla"}]},{"@type":"WebSite","@id":"https:\/\/elfsight.com\/pl\/#website","url":"https:\/\/elfsight.com\/pl\/","name":"Elfsight PL","description":"Just another Elfsight Sites site","potentialAction":[{"@type":"SearchAction","target":{"@type":"EntryPoint","urlTemplate":"https:\/\/elfsight.com\/pl\/?s={search_term_string}"},"query-input":{"@type":"PropertyValueSpecification","valueRequired":true,"valueName":"search_term_string"}}],"inLanguage":"pl-PL"}]}},"meta_box":{"industry":"","seo_heading":"","heading":"","description":"","cta_heading":"","cta_description":"","application":"3352","h1":"Rozszerzenie Lokalizatora Sklep\u00f3w Joomla","h1_caption":"Wy\u015bwietl map\u0119 z wieloma lokalizacjami sklep\u00f3w, aby pom\u00f3c Twoim klientom znale\u017a\u0107 najbli\u017csz\u0105 lokalizacj\u0119 w Twojej witrynie Joomla.","application_category":[],"applications_title":"","applications_request_title":"","applications_request_button_text":"","hero_text":"","hero_video":"","hero_video_schema_markup":"","selling_points_title":"","selling_points_caption":"","selling_points":[],"selling_points_cta_text":"","features_title":"","features":"","ed_cta_examples_text":"","ed_cta_examples_hidden":"","ed_cta_demo_text":"","ed_cta_demo_hidden":"","why_caption":"","why_editor_title":"","why_editor_text":"","why_team_title":"","why_team_text":"","why_service_title":"","why_service_text":"","template_catalog_visible":"","template_catalog_title":"","template_catalog_text":"","template_catalog_categories_visible":"","demo_title":"Pospiesz si\u0119, aby zaprojektowa\u0107 szyty na miar\u0119 lokalizator sklep\u00f3w Joomla","demo_caption":"Dostosuj go i wstaw widget na swoj\u0105 stron\u0119 za pomoc\u0105 demo na \u017cywo.","default_faq_hidden":"","app_template_category":[],"platform":"53","template_public_id":"","codecanyon_url":"","codecanyon_item_id":"","codecanyon_price":"","pricing_caption":"","pricing_elfsight_apps_hide_column":"","pricing_elfsight_apps_url":"","pricing_codecanyon_price_caption":"","integration_category":[],"integration_request_title":"","integration_request_cta":"","integration_platform":"","integrations":[],"platform_category":[],"video_schema_markup":"","price":"od 0 USD \/ miesi\u0105c","trial":"","benefits":[{"text":"Bezp\u0142atna pomoc w monta\u017cu"},{"text":"Skuteczna obs\u0142uga klienta"},{"text":"14-dniowa gwarancja zwrotu pieni\u0119dzy"}],"button_url":"#demo","button_target_blank":"","button_nofollow":"","attributes":[{"name":"Instaluje"},{"name":"Czu\u0142y"},{"name":"Kompatybilne przegl\u0105darki"}],"tags":[],"tags_disable_links":"","hide_more_platforms":"","video_object":"","demo_hide_cta":"","demo_hide_cloud_options":"","pricing_title":"","pricing":[{"pricing_icon":"platform","pricing_title":"Elfsight Apps","pricing_title_caption":"Wersja wieloplatformowa","pricing_price":"od 0 USD \/ miesi\u0105c","pricing_price_caption":"zacznij od bezp\u0142atnego planu","pricing_benefits":[{"text":"Nielimitowane domeny"},{"text":"Dedykowana obs\u0142uga klienta"},{"text":"Bezp\u0142atna pomoc w monta\u017cu"},{"text":"W pe\u0142ni konfigurowalny"}],"pricing_button_text":"Dodaj do witryny","pricing_button_url":"#demo"}],"related_apps_title":"","related_apps_hidden":"","author":"","image":[],"title":"","job":"","social_networks":[]},"_links":{"self":[{"href":"https:\/\/elfsight.com\/pl\/wp-json\/wp\/v2\/pages\/6653","targetHints":{"allow":["GET"]}}],"collection":[{"href":"https:\/\/elfsight.com\/pl\/wp-json\/wp\/v2\/pages"}],"about":[{"href":"https:\/\/elfsight.com\/pl\/wp-json\/wp\/v2\/types\/page"}],"author":[{"embeddable":true,"href":"https:\/\/elfsight.com\/pl\/wp-json\/wp\/v2\/users\/9"}],"replies":[{"embeddable":true,"href":"https:\/\/elfsight.com\/pl\/wp-json\/wp\/v2\/comments?post=6653"}],"version-history":[{"count":1,"href":"https:\/\/elfsight.com\/pl\/wp-json\/wp\/v2\/pages\/6653\/revisions"}],"predecessor-version":[{"id":6657,"href":"https:\/\/elfsight.com\/pl\/wp-json\/wp\/v2\/pages\/6653\/revisions\/6657"}],"up":[{"embeddable":true,"href":"https:\/\/elfsight.com\/pl\/wp-json\/wp\/v2\/pages\/3364"}],"wp:attachment":[{"href":"https:\/\/elfsight.com\/pl\/wp-json\/wp\/v2\/media?parent=6653"}],"curies":[{"name":"wp","href":"https:\/\/api.w.org\/{rel}","templated":true}]}}