{"id":6647,"date":"2024-05-03T06:49:10","date_gmt":"2024-05-03T06:49:10","guid":{"rendered":"https:\/\/elfsight.com\/pl\/?page_id=6647"},"modified":"2025-06-27T08:47:28","modified_gmt":"2025-06-27T08:47:28","slug":"magento","status":"publish","type":"page","link":"https:\/\/elfsight.com\/pl\/store-locator-widget\/magento\/","title":{"rendered":"Store Locator &#8211; Magento"},"content":{"rendered":"<div class=\"application-platform-content-item-description application-platform-content-item\" id=\"description\" data-nav-section=\"description\"> <h2>Osad\u017a lokalizator sklep\u00f3w w Magento za pomoc\u0105 rozszerzenia Elfsight<\/h2> <p>Lokator sklep\u00f3w Elfsight dla Magento to pot\u0119\u017cny i regulowany widget stworzony aby zwi\u0119kszy\u0107 wygod\u0119 korzystania z witryny internetowej i satysfakcj\u0119 klient\u00f3w, u\u0142atwiaj\u0105c im ni\u017c kiedykolwiek znalezienie adresu Twojej firmy. Dzi\u0119ki wielu wspania\u0142ym funkcjom zwi\u0119kszaj\u0105cym u\u017cyteczno\u015b\u0107 i wydajno\u015b\u0107, ten widget jest najlepszym rozwi\u0105zaniem do prezentowania lokalizacji sklep\u00f3w fizycznych w zrozumia\u0142y i przyjazny dla u\u017cytkownika spos\u00f3b. Dodaj go teraz i zobacz, jak zmieni Twoj\u0105 witryn\u0119 w zorientowan\u0105 na u\u017cytkownika wyszukiwark\u0119 sklep\u00f3w!<\/p> <p>Korzystaj\u0105c z widgetu, zwi\u0119kszysz swoj\u0105 wiarygodno\u015b\u0107 w\u015br\u00f3d klient\u00f3w, podaj\u0105c szczeg\u00f3\u0142owe informacje o fizycznej lokalizacji Twojej firmy, upewniaj\u0105c wszystkich twoj\u0105 prawdziw\u0105 obecno\u015b\u0107. Prze\u0142o\u017cy si\u0119 to na szybsze podejmowanie decyzji i solidne do\u015bwiadczenia zakupowe w\u015br\u00f3d klient\u00f3w. <\/p><p><b>Umie\u015b\u0107 niezwyk\u0142\u0105 wyszukiwark\u0119 sklep\u00f3w, aby wy\u015bwietla\u0107 Twoj\u0105 lokalizacj\u0119 i przydatne dane operacyjne. Poka\u017c sw\u00f3j adres fizyczny i odpowiednie informacje, aby pozyska\u0107 nowych klient\u00f3w w sklepie. <\/b><\/p> <\/div> <div class=\"application-platform-content-item-features application-platform-content-item\" id=\"features\" data-nav-section=\"features\"> <h2>Oto lista najwa\u017cniejszych funkcji:<\/h2> <ul><li>Wyra\u017ane wskazanie lokalizacji<\/li><li>Opcje mapy interaktywnej<\/li><li>Przyciski akcji lokalizacji z integracj\u0105 <\/li><li>Prosta karta lokalizacji po klikni\u0119ciu znacznika<\/li><li>Godziny otwarcia lokalizacji i &amp; aktualny stan<\/li><\/ul><p><a href=\"#demo\">Pe\u0142ne mo\u017cliwo\u015bci wid\u017cetu mo\u017cesz przetestowa\u0107 w wersji demonstracyjnej na tej stronie<\/a><\/p><\/div> <div class=\"application-platform-content-item-installation application-platform-content-item\" id=\"installation\" data-nav-section=\"installation\"><\/div> <h2>Jak mog\u0119 w\u0142\u0105czy\u0107 Lokalizator sklep\u00f3w do mojej witryny Magento?<\/h2> <p>Wystarczy spe\u0142ni\u0107 poni\u017csze wskaz\u00f3wki, aby rozpocz\u0105\u0107 korzystanie z wtyczki. <\/p> <ol><li><b>Zarz\u0105dzaj naszym bezp\u0142atnym edytorem i zacznij tworzy\u0107 spersonalizowany widget. <\/b><br> Okre\u015bl preferowany uk\u0142ad i funkcje wtyczki oraz zastosuj modyfikacje. <\/li> <li><b>Zdob\u0105d\u017a kod osobisty, kt\u00f3ry pojawi si\u0119 w polu w aplikacjach Elfsight. <\/b><br> Po zako\u0144czeniu dostosowywania Twojego osobistego narz\u0119dzia skopiuj kod osobisty z wyskakuj\u0105cego okienka i zapisz go na przysz\u0142o\u015b\u0107. <\/li> <li><b>Rozpocznij korzystanie z narz\u0119dzia na stronie Magento. <\/b><br> Zaimplementuj na swojej stronie kod, kt\u00f3ry ostatnio skopiowa\u0142e\u015b i zapisz poprawki. <\/li> <li><b>Gotowe! Integracja zosta\u0142a w pe\u0142ni wykonana. <\/b><br> Odwied\u017a swoj\u0105 stron\u0119, aby zobaczy\u0107, jak dzia\u0142a wtyczka. <\/li><\/ol> <p>Je\u015bli masz pytania lub napotkasz trudno\u015bci, nie wahaj si\u0119 skontaktowa\u0107 z naszym zespo\u0142em obs\u0142ugi klienta. Nasi konsultanci z przyjemno\u015bci\u0105 pomog\u0105 Ci we wszystkich problemach, jakie mo\u017cesz mie\u0107 z wtyczk\u0105. <\/p> ","protected":false},"excerpt":{"rendered":"Jak mog\u0119 w\u0142\u0105czy\u0107 Lokalizator sklep\u00f3w do mojej witryny Magento? Wystarczy spe\u0142ni\u0107 poni\u017csze wskaz\u00f3wki, aby rozpocz\u0105\u0107 korzystanie z wtyczki. Zarz\u0105dzaj naszym bezp\u0142atnym edytorem i zacznij tworzy\u0107 spersonalizowany widget. Okre\u015bl preferowany uk\u0142ad i funkcje wtyczki oraz zastosuj modyfikacje. Zdob\u0105d\u017a kod osobisty, kt\u00f3ry pojawi si\u0119 w polu w aplikacjach Elfsight. Po zako\u0144czeniu dostosowywania&#8230;","protected":false},"author":9,"featured_media":0,"parent":3364,"menu_order":0,"comment_status":"closed","ping_status":"closed","template":"templates\/template-application-platform.php","meta":{"publish_to_discourse":"","publish_post_category":"","wpdc_auto_publish_overridden":"","wpdc_topic_tags":"","wpdc_pin_topic":"","wpdc_pin_until":"","discourse_post_id":"","discourse_permalink":"","wpdc_publishing_response":"","wpdc_publishing_error":"","footnotes":""},"class_list":["post-6647","page","type-page","status-publish","hentry"],"yoast_head":"<!-- This site is optimized with the Yoast SEO plugin v25.3.1 - https:\/\/yoast.com\/wordpress\/plugins\/seo\/ -->\n<title>Osad\u017a lokalizator sklep\u00f3w dla Magento - dodaj wygodn\u0105 wyszukiwark\u0119 sklep\u00f3w<\/title>\n<meta name=\"description\" content=\"Dodaj Lokalizator Sklep\u00f3w do stron Magento, aby zwi\u0119kszy\u0107 wiarygodno\u015b\u0107. Skorzystaj z wygodnej wersji demonstracyjnej Elfsight, aby w ci\u0105gu kilku minut stworzy\u0107 anga\u017cuj\u0105cy widget.\" \/>\n<meta name=\"robots\" content=\"index, follow, max-snippet:-1, max-image-preview:large, max-video-preview:-1\" \/>\n<link rel=\"canonical\" href=\"https:\/\/elfsight.com\/pl\/store-locator-widget\/magento\/\" \/>\n<meta property=\"og:locale\" content=\"pl_PL\" \/>\n<meta property=\"og:type\" content=\"article\" \/>\n<meta property=\"og:title\" content=\"Osad\u017a lokalizator sklep\u00f3w dla Magento - dodaj wygodn\u0105 wyszukiwark\u0119 sklep\u00f3w\" \/>\n<meta property=\"og:description\" content=\"Dodaj Lokalizator Sklep\u00f3w do stron Magento, aby zwi\u0119kszy\u0107 wiarygodno\u015b\u0107. Skorzystaj z wygodnej wersji demonstracyjnej Elfsight, aby w ci\u0105gu kilku minut stworzy\u0107 anga\u017cuj\u0105cy widget.\" \/>\n<meta property=\"og:url\" content=\"https:\/\/elfsight.com\/pl\/store-locator-widget\/magento\/\" \/>\n<meta property=\"og:site_name\" content=\"Elfsight PL\" \/>\n<meta property=\"article:modified_time\" content=\"2025-06-27T08:47:28+00:00\" \/>\n<meta name=\"twitter:card\" content=\"summary_large_image\" \/>\n<meta name=\"twitter:label1\" content=\"Szacowany czas czytania\" \/>\n\t<meta name=\"twitter:data1\" content=\"2 minuty\" \/>\n<!-- \/ Yoast SEO plugin. -->","yoast_head_json":{"title":"Osad\u017a lokalizator sklep\u00f3w dla Magento - dodaj wygodn\u0105 wyszukiwark\u0119 sklep\u00f3w","description":"Dodaj Lokalizator Sklep\u00f3w do stron Magento, aby zwi\u0119kszy\u0107 wiarygodno\u015b\u0107. Skorzystaj z wygodnej wersji demonstracyjnej Elfsight, aby w ci\u0105gu kilku minut stworzy\u0107 anga\u017cuj\u0105cy widget.","robots":{"index":"index","follow":"follow","max-snippet":"max-snippet:-1","max-image-preview":"max-image-preview:large","max-video-preview":"max-video-preview:-1"},"canonical":"https:\/\/elfsight.com\/pl\/store-locator-widget\/magento\/","og_locale":"pl_PL","og_type":"article","og_title":"Osad\u017a lokalizator sklep\u00f3w dla Magento - dodaj wygodn\u0105 wyszukiwark\u0119 sklep\u00f3w","og_description":"Dodaj Lokalizator Sklep\u00f3w do stron Magento, aby zwi\u0119kszy\u0107 wiarygodno\u015b\u0107. Skorzystaj z wygodnej wersji demonstracyjnej Elfsight, aby w ci\u0105gu kilku minut stworzy\u0107 anga\u017cuj\u0105cy widget.","og_url":"https:\/\/elfsight.com\/pl\/store-locator-widget\/magento\/","og_site_name":"Elfsight PL","article_modified_time":"2025-06-27T08:47:28+00:00","twitter_card":"summary_large_image","twitter_misc":{"Szacowany czas czytania":"2 minuty"},"schema":{"@context":"https:\/\/schema.org","@graph":[{"@type":"WebPage","@id":"https:\/\/elfsight.com\/pl\/store-locator-widget\/magento\/","url":"https:\/\/elfsight.com\/pl\/store-locator-widget\/magento\/","name":"Osad\u017a lokalizator sklep\u00f3w dla Magento - dodaj wygodn\u0105 wyszukiwark\u0119 sklep\u00f3w","isPartOf":{"@id":"https:\/\/elfsight.com\/pl\/#website"},"datePublished":"2024-05-03T06:49:10+00:00","dateModified":"2025-06-27T08:47:28+00:00","description":"Dodaj Lokalizator Sklep\u00f3w do stron Magento, aby zwi\u0119kszy\u0107 wiarygodno\u015b\u0107. Skorzystaj z wygodnej wersji demonstracyjnej Elfsight, aby w ci\u0105gu kilku minut stworzy\u0107 anga\u017cuj\u0105cy widget.","breadcrumb":{"@id":"https:\/\/elfsight.com\/pl\/store-locator-widget\/magento\/#breadcrumb"},"inLanguage":"pl-PL","potentialAction":[{"@type":"ReadAction","target":["https:\/\/elfsight.com\/pl\/store-locator-widget\/magento\/"]}]},{"@type":"BreadcrumbList","@id":"https:\/\/elfsight.com\/pl\/store-locator-widget\/magento\/#breadcrumb","itemListElement":[{"@type":"ListItem","position":1,"name":"Home","item":"https:\/\/elfsight.com\/pl\/"},{"@type":"ListItem","position":2,"name":"Store Locator","item":"https:\/\/elfsight.com\/pl\/store-locator-widget\/"},{"@type":"ListItem","position":3,"name":"Store Locator &#8211; Magento"}]},{"@type":"WebSite","@id":"https:\/\/elfsight.com\/pl\/#website","url":"https:\/\/elfsight.com\/pl\/","name":"Elfsight PL","description":"Just another Elfsight Sites site","potentialAction":[{"@type":"SearchAction","target":{"@type":"EntryPoint","urlTemplate":"https:\/\/elfsight.com\/pl\/?s={search_term_string}"},"query-input":{"@type":"PropertyValueSpecification","valueRequired":true,"valueName":"search_term_string"}}],"inLanguage":"pl-PL"}]}},"meta_box":{"industry":"","seo_heading":"","heading":"","description":"","cta_heading":"","cta_description":"","application":"3352","h1":"Rozszerzenie Magento Store Locator","h1_caption":"Wy\u015bwietl map\u0119 z wieloma lokalizacjami sklep\u00f3w, aby pom\u00f3c Twoim klientom w \u0142atwym znalezieniu najbli\u017cszej lokalizacji w Twojej witrynie Magento.","application_category":[],"applications_title":"","applications_request_title":"","applications_request_button_text":"","hero_text":"","hero_video":"","hero_video_schema_markup":"","selling_points_title":"","selling_points_caption":"","selling_points":[],"selling_points_cta_text":"","features_title":"","features":"","ed_cta_examples_text":"","ed_cta_examples_hidden":"","ed_cta_demo_text":"","ed_cta_demo_hidden":"","why_caption":"","why_editor_title":"","why_editor_text":"","why_team_title":"","why_team_text":"","why_service_title":"","why_service_text":"","template_catalog_visible":"0","template_catalog_title":"","template_catalog_text":"","template_catalog_categories_visible":"","demo_title":"Pospiesz si\u0119, aby stworzy\u0107 w\u0142asny lokalizator sklep\u00f3w Magento","demo_caption":"Dostosuj go i zintegruj wtyczk\u0119 ze swoj\u0105 witryn\u0105 za pomoc\u0105 wersji demonstracyjnej online.","default_faq_hidden":"","app_template_category":[],"platform":"92","template_public_id":"","codecanyon_url":"","codecanyon_item_id":"","codecanyon_price":"","pricing_caption":"","pricing_elfsight_apps_hide_column":"","pricing_elfsight_apps_url":"","pricing_codecanyon_price_caption":"","integration_category":[],"integration_request_title":"","integration_request_cta":"","integration_platform":"","integrations":[],"platform_category":[],"video_schema_markup":"","price":"od 0 USD \/ miesi\u0105c","trial":"","benefits":[{"text":"Bezp\u0142atna pomoc w monta\u017cu"},{"text":"Wsparcie premium"},{"text":"14-dniowa gwarancja zwrotu pieni\u0119dzy"},{"text":"Regularne bezp\u0142atne aktualizacje"}],"button_url":"#demo","button_target_blank":"0","button_nofollow":"0","attributes":[{"name":"Instaluje"},{"name":"Czu\u0142y"},{"name":"Kompatybilne przegl\u0105darki"}],"tags":[],"tags_disable_links":"0","hide_more_platforms":"0","video_object":"","demo_hide_cta":"0","demo_hide_cloud_options":"0","pricing_title":"","pricing":[{"pricing_icon":"platform","pricing_title":"Elfsight Apps","pricing_title_caption":"Rozwi\u0105zanie niezale\u017cne od platformy","pricing_price":"od 0 USD \/ miesi\u0105c","pricing_price_caption":"zacznij od bezp\u0142atnego planu","pricing_benefits":[{"text":"Nielimitowane domeny"},{"text":"Bezp\u0142atna obs\u0142uga klienta"},{"text":"Bezp\u0142atne wsparcie instalacyjne"},{"text":"100% konfigurowalny"}],"pricing_button_text":"Dodaj do witryny","pricing_button_url":"#demo"}],"related_apps_title":"","related_apps_hidden":"0","author":"","image":[],"title":"","job":"","social_networks":[]},"_links":{"self":[{"href":"https:\/\/elfsight.com\/pl\/wp-json\/wp\/v2\/pages\/6647","targetHints":{"allow":["GET"]}}],"collection":[{"href":"https:\/\/elfsight.com\/pl\/wp-json\/wp\/v2\/pages"}],"about":[{"href":"https:\/\/elfsight.com\/pl\/wp-json\/wp\/v2\/types\/page"}],"author":[{"embeddable":true,"href":"https:\/\/elfsight.com\/pl\/wp-json\/wp\/v2\/users\/9"}],"replies":[{"embeddable":true,"href":"https:\/\/elfsight.com\/pl\/wp-json\/wp\/v2\/comments?post=6647"}],"version-history":[{"count":3,"href":"https:\/\/elfsight.com\/pl\/wp-json\/wp\/v2\/pages\/6647\/revisions"}],"predecessor-version":[{"id":10628,"href":"https:\/\/elfsight.com\/pl\/wp-json\/wp\/v2\/pages\/6647\/revisions\/10628"}],"up":[{"embeddable":true,"href":"https:\/\/elfsight.com\/pl\/wp-json\/wp\/v2\/pages\/3364"}],"wp:attachment":[{"href":"https:\/\/elfsight.com\/pl\/wp-json\/wp\/v2\/media?parent=6647"}],"curies":[{"name":"wp","href":"https:\/\/api.w.org\/{rel}","templated":true}]}}