{"id":6645,"date":"1970-01-01T00:00:00","date_gmt":"1970-01-01T00:00:00","guid":{"rendered":"https:\/\/elfsight.com\/pl\/?page_id=6645"},"modified":"2025-06-16T09:25:30","modified_gmt":"2025-06-16T09:25:30","slug":"opencart","status":"publish","type":"page","link":"https:\/\/elfsight.com\/pl\/store-locator-widget\/opencart\/","title":{"rendered":"Store Locator &#8211; OpenCart"},"content":{"rendered":"<div class=\"application-platform-content-item-description application-platform-content-item\" id=\"description\" data-nav-section=\"description\"> <h2>Osad\u017a lokalizator sklep\u00f3w w OpenCart za pomoc\u0105 rozszerzenia Elfsight<\/h2> <p>Lokator sklep\u00f3w Elfsight dla OpenCart to dynamiczny i elastyczny widget stworzony aby zwi\u0119kszy\u0107 wygod\u0119 Twojej witryny i zaanga\u017cowanie klient\u00f3w, u\u0142atwiaj\u0105c im ni\u017c kiedykolwiek odwiedzanie Twoich sklep\u00f3w. Dzi\u0119ki zestawowi wspania\u0142ych funkcji wprowadzonych pod k\u0105tem u\u017cyteczno\u015bci i wydajno\u015bci, ten widget jest najlepszym rozwi\u0105zaniem do prezentowania lokalizacji sklep\u00f3w fizycznych w interaktywny i wygodny spos\u00f3b. Wypr\u00f3buj teraz i zobacz, jak zmieni Twoj\u0105 witryn\u0119 w pot\u0119\u017cn\u0105 wyszukiwark\u0119 sklep\u00f3w!<\/p> <p>Dzi\u0119ki w\u0142\u0105czeniu wid\u017cetu zwi\u0119kszysz swoj\u0105 wiarygodno\u015b\u0107 w\u015br\u00f3d odwiedzaj\u0105cych, udost\u0119pniaj\u0105c szczeg\u00f3\u0142owe informacje na temat fizycznych lokalizacji Twojej firmy, uspokajaj\u0105c wszystkich swoich sta\u0142ych obecno\u015b\u0107. Mo\u017ce to skutkowa\u0107 lepszym podejmowaniem decyzji i lepszymi do\u015bwiadczeniami zakupowymi w\u015br\u00f3d klient\u00f3w. <\/p><p><b>Zainstaluj niesamowit\u0105 wyszukiwark\u0119 sklep\u00f3w, aby pokaza\u0107 swoj\u0105 lokalizacj\u0119 i istotne dane operacyjne. Poka\u017c sw\u00f3j aktualny adres i wymagane informacje, otrzymuj\u0105c dodatkowych klient\u00f3w w sklepie. <\/b><\/p><\/div> <div class=\"application-platform-content-item-features application-platform-content-item\" id=\"features\" data-nav-section=\"features\"> <h2>Oto lista najwa\u017cniejszych funkcji:<\/h2> <ul><li>Wyra\u017any wyb\u00f3r adresu<\/li><li>Opcje mapy interaktywnej<\/li><li>Przyciski CTA lokalizacji wspieraj\u0105ce integracj\u0119 <\/li><li>Proste wyskakuj\u0105ce okienko lokalizacji po klikni\u0119ciu znacznika<\/li><li>Godziny otwarcia lokalizacji i &amp; stan aktywno\u015bci<\/li><\/ul><p><a href=\"#demo\">Pe\u0142n\u0105 funkcjonalno\u015b\u0107 wid\u017cetu mo\u017cesz pozna\u0107 w wersji demonstracyjnej tutaj<\/a><\/p><\/div> <div class=\"application-platform-content-item-installation application-platform-content-item\" id=\"installation\" data-nav-section=\"installation\"> <h2>Jak osadzi\u0107 Lokalizator sklep\u00f3w na moich stronach OpenCart?<\/h2> <p>Wystarczy post\u0119powa\u0107 zgodnie z poni\u017cszymi wskaz\u00f3wkami, aby osadzi\u0107 wid\u017cet. <\/p> <ol><li><b>Otw\u00f3rz nasz darmowy edytor i zacznij kszta\u0142towa\u0107 sw\u00f3j spersonalizowany instrument. <\/b><br> Wybierz wybran\u0105 form\u0119 i specyfikacj\u0119 wid\u017cetu i zapisz zmiany. <\/li> <li><b>Odbierz indywidualny kod wy\u015bwietlony w oknie aplikacji Elfsight. <\/b><br> Po zako\u0144czeniu konfiguracji narz\u0119dzia skopiuj kod osobisty z wy\u015bwietlonego wyskakuj\u0105cego okienka i zapisz go na przysz\u0142o\u015b\u0107. <\/li> <li><b>Zainicjuj instalacj\u0119 wtyczki na swojej stronie OpenCart. <\/b><br> Umie\u015b\u0107 skopiowany wcze\u015bniej kod na swojej stronie internetowej i zapisz zmiany. <\/li> <li><b>Gotowe! Integracja zosta\u0142a pomy\u015blnie przeprowadzona. <\/b><br> Odwied\u017a swoj\u0105 stron\u0119, aby sprawdzi\u0107, jak dzia\u0142a to narz\u0119dzie. <\/li><\/ol> <p>W przypadku pyta\u0144 lub napotkania jakichkolwiek przeszk\u00f3d nie b\u00f3j si\u0119 skontaktowa\u0107 z naszym zespo\u0142em wsparcia. Nasi specjali\u015bci z przyjemno\u015bci\u0105 odpowiedz\u0105 na wszystkie pytania dotycz\u0105ce tego narz\u0119dzia. <\/p> <\/div>","protected":false},"excerpt":{"rendered":"","protected":false},"author":9,"featured_media":0,"parent":3364,"menu_order":0,"comment_status":"closed","ping_status":"closed","template":"templates\/template-application-platform.php","meta":{"publish_to_discourse":"","publish_post_category":"","wpdc_auto_publish_overridden":"","wpdc_topic_tags":"","wpdc_pin_topic":"","wpdc_pin_until":"","discourse_post_id":"","discourse_permalink":"","wpdc_publishing_response":"","wpdc_publishing_error":"","footnotes":""},"class_list":["post-6645","page","type-page","status-publish","hentry"],"yoast_head":"<!-- This site is optimized with the Yoast SEO plugin v25.3.1 - https:\/\/yoast.com\/wordpress\/plugins\/seo\/ -->\n<title>Dodaj lokalizator sklep\u00f3w do Opencart \u2014 zaprezentuj lokalizacj\u0119 firmy<\/title>\n<meta name=\"description\" content=\"Umie\u015b\u0107 Lokalizator Sklep\u00f3w na swoich stronach OpenCart, aby poprawi\u0107 jako\u015b\u0107 zakup\u00f3w. Wypr\u00f3buj wygodn\u0105 wersj\u0119 demonstracyjn\u0105 Elfsight, aby zbudowa\u0107 pot\u0119\u017cny widget.\" \/>\n<meta name=\"robots\" content=\"index, follow, max-snippet:-1, max-image-preview:large, max-video-preview:-1\" \/>\n<link rel=\"canonical\" href=\"https:\/\/elfsight.com\/pl\/store-locator-widget\/opencart\/\" \/>\n<meta property=\"og:locale\" content=\"pl_PL\" \/>\n<meta property=\"og:type\" content=\"article\" \/>\n<meta property=\"og:title\" content=\"Dodaj lokalizator sklep\u00f3w do Opencart \u2014 zaprezentuj lokalizacj\u0119 firmy\" \/>\n<meta property=\"og:description\" content=\"Umie\u015b\u0107 Lokalizator Sklep\u00f3w na swoich stronach OpenCart, aby poprawi\u0107 jako\u015b\u0107 zakup\u00f3w. Wypr\u00f3buj wygodn\u0105 wersj\u0119 demonstracyjn\u0105 Elfsight, aby zbudowa\u0107 pot\u0119\u017cny widget.\" \/>\n<meta property=\"og:url\" content=\"https:\/\/elfsight.com\/pl\/store-locator-widget\/opencart\/\" \/>\n<meta property=\"og:site_name\" content=\"Elfsight PL\" \/>\n<meta property=\"article:modified_time\" content=\"2025-06-16T09:25:30+00:00\" \/>\n<meta name=\"twitter:card\" content=\"summary_large_image\" \/>\n<meta name=\"twitter:label1\" content=\"Szacowany czas czytania\" \/>\n\t<meta name=\"twitter:data1\" content=\"2 minuty\" \/>\n<!-- \/ Yoast SEO plugin. -->","yoast_head_json":{"title":"Dodaj lokalizator sklep\u00f3w do Opencart \u2014 zaprezentuj lokalizacj\u0119 firmy","description":"Umie\u015b\u0107 Lokalizator Sklep\u00f3w na swoich stronach OpenCart, aby poprawi\u0107 jako\u015b\u0107 zakup\u00f3w. Wypr\u00f3buj wygodn\u0105 wersj\u0119 demonstracyjn\u0105 Elfsight, aby zbudowa\u0107 pot\u0119\u017cny widget.","robots":{"index":"index","follow":"follow","max-snippet":"max-snippet:-1","max-image-preview":"max-image-preview:large","max-video-preview":"max-video-preview:-1"},"canonical":"https:\/\/elfsight.com\/pl\/store-locator-widget\/opencart\/","og_locale":"pl_PL","og_type":"article","og_title":"Dodaj lokalizator sklep\u00f3w do Opencart \u2014 zaprezentuj lokalizacj\u0119 firmy","og_description":"Umie\u015b\u0107 Lokalizator Sklep\u00f3w na swoich stronach OpenCart, aby poprawi\u0107 jako\u015b\u0107 zakup\u00f3w. Wypr\u00f3buj wygodn\u0105 wersj\u0119 demonstracyjn\u0105 Elfsight, aby zbudowa\u0107 pot\u0119\u017cny widget.","og_url":"https:\/\/elfsight.com\/pl\/store-locator-widget\/opencart\/","og_site_name":"Elfsight PL","article_modified_time":"2025-06-16T09:25:30+00:00","twitter_card":"summary_large_image","twitter_misc":{"Szacowany czas czytania":"2 minuty"},"schema":{"@context":"https:\/\/schema.org","@graph":[{"@type":"WebPage","@id":"https:\/\/elfsight.com\/pl\/store-locator-widget\/opencart\/","url":"https:\/\/elfsight.com\/pl\/store-locator-widget\/opencart\/","name":"Dodaj lokalizator sklep\u00f3w do Opencart \u2014 zaprezentuj lokalizacj\u0119 firmy","isPartOf":{"@id":"https:\/\/elfsight.com\/pl\/#website"},"datePublished":"1970-01-01T00:00:00+00:00","dateModified":"2025-06-16T09:25:30+00:00","description":"Umie\u015b\u0107 Lokalizator Sklep\u00f3w na swoich stronach OpenCart, aby poprawi\u0107 jako\u015b\u0107 zakup\u00f3w. Wypr\u00f3buj wygodn\u0105 wersj\u0119 demonstracyjn\u0105 Elfsight, aby zbudowa\u0107 pot\u0119\u017cny widget.","breadcrumb":{"@id":"https:\/\/elfsight.com\/pl\/store-locator-widget\/opencart\/#breadcrumb"},"inLanguage":"pl-PL","potentialAction":[{"@type":"ReadAction","target":["https:\/\/elfsight.com\/pl\/store-locator-widget\/opencart\/"]}]},{"@type":"BreadcrumbList","@id":"https:\/\/elfsight.com\/pl\/store-locator-widget\/opencart\/#breadcrumb","itemListElement":[{"@type":"ListItem","position":1,"name":"Home","item":"https:\/\/elfsight.com\/pl\/"},{"@type":"ListItem","position":2,"name":"Store Locator","item":"https:\/\/elfsight.com\/pl\/store-locator-widget\/"},{"@type":"ListItem","position":3,"name":"Store Locator &#8211; OpenCart"}]},{"@type":"WebSite","@id":"https:\/\/elfsight.com\/pl\/#website","url":"https:\/\/elfsight.com\/pl\/","name":"Elfsight PL","description":"Just another Elfsight Sites site","potentialAction":[{"@type":"SearchAction","target":{"@type":"EntryPoint","urlTemplate":"https:\/\/elfsight.com\/pl\/?s={search_term_string}"},"query-input":{"@type":"PropertyValueSpecification","valueRequired":true,"valueName":"search_term_string"}}],"inLanguage":"pl-PL"}]}},"meta_box":{"industry":"","seo_heading":"","heading":"","description":"","cta_heading":"","cta_description":"","application":"3352","h1":"Rozszerzenie lokalizatora sklep\u00f3w OpenCart","h1_caption":"Wy\u015bwietl map\u0119 z wieloma lokalizacjami sklep\u00f3w, aby pom\u00f3c swoim klientom w \u0142atwym znalezieniu najbli\u017cszej lokalizacji na Twojej stronie Opencart.","application_category":[],"applications_title":"","applications_request_title":"","applications_request_button_text":"","hero_text":"","hero_video":"","hero_video_schema_markup":"","selling_points_title":"","selling_points_caption":"","selling_points":[],"selling_points_cta_text":"","features_title":"","features":"","ed_cta_examples_text":"","ed_cta_examples_hidden":"","ed_cta_demo_text":"","ed_cta_demo_hidden":"","why_caption":"","why_editor_title":"","why_editor_text":"","why_team_title":"","why_team_text":"","why_service_title":"","why_service_text":"","template_catalog_visible":"","template_catalog_title":"","template_catalog_text":"","template_catalog_categories_visible":"","demo_title":"Stw\u00f3rz szyty na miar\u0119 lokalizator sklep\u00f3w OpenCart","demo_caption":"Dostosuj go i umie\u015b\u0107 na swojej stronie g\u0142\u00f3wnej, korzystaj\u0105c z wersji demonstracyjnej na \u017cywo.","default_faq_hidden":"","app_template_category":[],"platform":"107","template_public_id":"","codecanyon_url":"","codecanyon_item_id":"","codecanyon_price":"","pricing_caption":"","pricing_elfsight_apps_hide_column":"","pricing_elfsight_apps_url":"","pricing_codecanyon_price_caption":"","integration_category":[],"integration_request_title":"","integration_request_cta":"","integration_platform":"","integrations":[],"platform_category":[],"video_schema_markup":"","price":"od 0 USD \/ miesi\u0105c","trial":"","benefits":[{"text":"Bezp\u0142atna pomoc w instalacji"},{"text":"Profesjonalna obs\u0142uga klienta"},{"text":"14-dniowa gwarancja zwrotu pieni\u0119dzy"}],"button_url":"#demo","button_target_blank":"","button_nofollow":"","attributes":[{"name":"Instaluje"},{"name":"Czu\u0142y"},{"name":"Kompatybilne przegl\u0105darki"}],"tags":[],"tags_disable_links":"","hide_more_platforms":"","video_object":"","demo_hide_cta":"","demo_hide_cloud_options":"","pricing_title":"","pricing":[{"pricing_icon":"platform","pricing_title":"Elfsight Apps","pricing_title_caption":"Oprogramowanie wieloplatformowe","pricing_price":"od 0 USD \/ miesi\u0105c","pricing_price_caption":"zacznij od bezp\u0142atnego planu","pricing_benefits":[{"text":"od 0 USD \/ miesi\u0105c"},{"text":"Ca\u0142odobowe i terminowe wsparcie oraz dobrze udokumentowane"},{"text":"Bezp\u0142atna us\u0142uga monta\u017cu"},{"text":"W pe\u0142ni konfigurowalny"}],"pricing_button_text":"Dodaj do witryny","pricing_button_url":"#demo"}],"related_apps_title":"","related_apps_hidden":"","author":"","image":[],"title":"","job":"","social_networks":[]},"_links":{"self":[{"href":"https:\/\/elfsight.com\/pl\/wp-json\/wp\/v2\/pages\/6645","targetHints":{"allow":["GET"]}}],"collection":[{"href":"https:\/\/elfsight.com\/pl\/wp-json\/wp\/v2\/pages"}],"about":[{"href":"https:\/\/elfsight.com\/pl\/wp-json\/wp\/v2\/types\/page"}],"author":[{"embeddable":true,"href":"https:\/\/elfsight.com\/pl\/wp-json\/wp\/v2\/users\/9"}],"replies":[{"embeddable":true,"href":"https:\/\/elfsight.com\/pl\/wp-json\/wp\/v2\/comments?post=6645"}],"version-history":[{"count":1,"href":"https:\/\/elfsight.com\/pl\/wp-json\/wp\/v2\/pages\/6645\/revisions"}],"predecessor-version":[{"id":6649,"href":"https:\/\/elfsight.com\/pl\/wp-json\/wp\/v2\/pages\/6645\/revisions\/6649"}],"up":[{"embeddable":true,"href":"https:\/\/elfsight.com\/pl\/wp-json\/wp\/v2\/pages\/3364"}],"wp:attachment":[{"href":"https:\/\/elfsight.com\/pl\/wp-json\/wp\/v2\/media?parent=6645"}],"curies":[{"name":"wp","href":"https:\/\/api.w.org\/{rel}","templated":true}]}}