{"id":6640,"date":"1970-01-01T00:00:00","date_gmt":"1970-01-01T00:00:00","guid":{"rendered":"https:\/\/elfsight.com\/pl\/?page_id=6640"},"modified":"2025-06-16T09:25:31","modified_gmt":"2025-06-16T09:25:31","slug":"prestashop","status":"publish","type":"page","link":"https:\/\/elfsight.com\/pl\/store-locator-widget\/prestashop\/","title":{"rendered":"Store Locator &#8211; PrestaShop"},"content":{"rendered":"<div class=\"application-platform-content-item-description application-platform-content-item\" id=\"description\" data-nav-section=\"description\"> <h2>Osad\u017a lokalizator sklep\u00f3w w PrestaShop za pomoc\u0105 dodatku Elfsight<\/h2> <p>Lokator sklep\u00f3w Elfsight dla PrestaShop to \u017cywy i regulowany widget zaprojektowany zwi\u0119kszy\u0107 wygod\u0119 korzystania z witryny i zwi\u0119kszy\u0107 zaanga\u017cowanie klient\u00f3w, u\u0142atwiaj\u0105c im ni\u017c kiedykolwiek znalezienie Twojej lokalizacji. Dzi\u0119ki zestawowi przydatnych funkcji dostosowanych do wydajno\u015bci i wydajno\u015bci, ten widget jest najlepszym rozwi\u0105zaniem do prezentowania fizycznych lokalizacji firm w interaktywny i wygodny spos\u00f3b. Umie\u015b\u0107 go teraz i zauwa\u017c, jak zmienia Twoj\u0105 witryn\u0119 w pot\u0119\u017cn\u0105 wyszukiwark\u0119 sklep\u00f3w!<\/p> <p>Korzystaj\u0105c z wid\u017cetu, zwi\u0119kszysz swoj\u0105 wiarygodno\u015b\u0107 w\u015br\u00f3d klient\u00f3w, podaj\u0105c szczeg\u00f3\u0142owe informacje o fizycznych lokalizacjach Twojej organizacji, uspokajaj\u0105c wszystkich swoich sta\u0142ych obecno\u015b\u0107. Mo\u017ce to skutkowa\u0107 szybszym podejmowaniem decyzji i solidnymi do\u015bwiadczeniami zakupowymi w\u015br\u00f3d klient\u00f3w. <\/p><p><b>U\u017cyj niezwyk\u0142ej wyszukiwarki sklep\u00f3w, aby zaprezentowa\u0107 swoj\u0105 lokalizacj\u0119 i wa\u017cne szczeg\u00f3\u0142y operacji. Podaj sw\u00f3j aktualny adres i przydatne informacje, zapraszaj\u0105c dodatkowych klient\u00f3w w sklepie. <\/b><\/p> <\/div> <div class=\"application-platform-content-item-features application-platform-content-item\" id=\"features\" data-nav-section=\"features\"> <h2>Oto g\u0142\u00f3wne funkcje wid\u017cetu:<\/h2> <ul><li>\u0141atwe wskazanie lokalizacji<\/li><li>Intuicyjne funkcje mapy<\/li><li>Przyciski interakcji z lokalizacj\u0105 z integracjami <\/li><li>Proste wyskakuj\u0105ce okienko lokalizacji po wybraniu znacznika<\/li><li>Harmonogram pracy lokalizacji i amp; stan aktywno\u015bci<\/li><\/ul><p><a href=\"#demo\">Wystarczy wypr\u00f3bowa\u0107 t\u0119 wersj\u0119 demonstracyjn\u0105, aby zrozumie\u0107 funkcjonalno\u015b\u0107 wid\u017cetu<\/a><\/p><\/div> <div class=\"application-platform-content-item-installation application-platform-content-item\" id=\"installation\" data-nav-section=\"installation\"> <h2>Jak w\u0142\u0105czy\u0107 Lokalizator sklep\u00f3w do mojej witryny PrestaShop?<\/h2> <p>Wystarczy wykona\u0107 kilka krok\u00f3w opisanych poni\u017cej, aby zintegrowa\u0107 wtyczk\u0119. <\/p> <ol><li><b>Uruchom nasz darmowy edytor i zacznij tworzy\u0107 w\u0142asny widget. <\/b><br> Znajd\u017a odpowiedni wygl\u0105d i specyfikacj\u0119 narz\u0119dzia i zapisz poprawki. <\/li> <li><b>Zdob\u0105d\u017a kod osobisty, kt\u00f3ry pojawia si\u0119 w specjalnym formularzu w aplikacjach Elfsight. <\/b><br> Po zako\u0144czeniu tworzenia wid\u017cetu skopiuj indywidualny kod w wy\u015bwietlonym polu i zachowaj go na p\u00f3\u017aniej. <\/li> <li><b>Zacznij korzysta\u0107 z wid\u017cetu na swojej stronie PrestaShop. <\/b><br> Dodaj ostatnio zapisany kod do swojej strony internetowej i zastosuj zmiany. <\/li> <li><b>Konfiguracja zosta\u0142a w pe\u0142ni uko\u0144czona. <\/b><br> Odwied\u017a swoj\u0105 witryn\u0119 internetow\u0105, aby zobaczy\u0107, jak dzia\u0142a narz\u0119dzie. <\/li><\/ol> <p>Je\u015bli masz pytania lub napotkasz pewne komplikacje, nie wahaj si\u0119 zwr\u00f3ci\u0107 o pomoc do naszego personelu pomocy technicznej. Nasi konsultanci ch\u0119tnie pomog\u0105 Ci we wszystkich problemach, jakie mo\u017cesz mie\u0107 z wtyczk\u0105. <\/p><\/div>","protected":false},"excerpt":{"rendered":"","protected":false},"author":9,"featured_media":0,"parent":3364,"menu_order":0,"comment_status":"closed","ping_status":"closed","template":"templates\/template-application-platform.php","meta":{"publish_to_discourse":"","publish_post_category":"","wpdc_auto_publish_overridden":"","wpdc_topic_tags":"","wpdc_pin_topic":"","wpdc_pin_until":"","discourse_post_id":"","discourse_permalink":"","wpdc_publishing_response":"","wpdc_publishing_error":"","footnotes":""},"class_list":["post-6640","page","type-page","status-publish","hentry"],"yoast_head":"<!-- This site is optimized with the Yoast SEO plugin v25.3.1 - https:\/\/yoast.com\/wordpress\/plugins\/seo\/ -->\n<title>Zintegruj lokalizator sklep\u00f3w z PrestaShop \u2013 prezentuj firm\u0119 na mapie<\/title>\n<meta name=\"description\" content=\"Dodaj konfigurowalny lokalizator sklep\u00f3w do witryny PrestaShop, aby zwi\u0119kszy\u0107 liczb\u0119 konwersji. Skorzystaj z Elfsight, aby wygenerowa\u0107 wid\u017cet.\" \/>\n<meta name=\"robots\" content=\"index, follow, max-snippet:-1, max-image-preview:large, max-video-preview:-1\" \/>\n<link rel=\"canonical\" href=\"https:\/\/elfsight.com\/pl\/store-locator-widget\/prestashop\/\" \/>\n<meta property=\"og:locale\" content=\"pl_PL\" \/>\n<meta property=\"og:type\" content=\"article\" \/>\n<meta property=\"og:title\" content=\"Zintegruj lokalizator sklep\u00f3w z PrestaShop \u2013 prezentuj firm\u0119 na mapie\" \/>\n<meta property=\"og:description\" content=\"Dodaj konfigurowalny lokalizator sklep\u00f3w do witryny PrestaShop, aby zwi\u0119kszy\u0107 liczb\u0119 konwersji. Skorzystaj z Elfsight, aby wygenerowa\u0107 wid\u017cet.\" \/>\n<meta property=\"og:url\" content=\"https:\/\/elfsight.com\/pl\/store-locator-widget\/prestashop\/\" \/>\n<meta property=\"og:site_name\" content=\"Elfsight PL\" \/>\n<meta property=\"article:modified_time\" content=\"2025-06-16T09:25:31+00:00\" \/>\n<meta name=\"twitter:card\" content=\"summary_large_image\" \/>\n<meta name=\"twitter:label1\" content=\"Szacowany czas czytania\" \/>\n\t<meta name=\"twitter:data1\" content=\"2 minuty\" \/>\n<!-- \/ Yoast SEO plugin. -->","yoast_head_json":{"title":"Zintegruj lokalizator sklep\u00f3w z PrestaShop \u2013 prezentuj firm\u0119 na mapie","description":"Dodaj konfigurowalny lokalizator sklep\u00f3w do witryny PrestaShop, aby zwi\u0119kszy\u0107 liczb\u0119 konwersji. Skorzystaj z Elfsight, aby wygenerowa\u0107 wid\u017cet.","robots":{"index":"index","follow":"follow","max-snippet":"max-snippet:-1","max-image-preview":"max-image-preview:large","max-video-preview":"max-video-preview:-1"},"canonical":"https:\/\/elfsight.com\/pl\/store-locator-widget\/prestashop\/","og_locale":"pl_PL","og_type":"article","og_title":"Zintegruj lokalizator sklep\u00f3w z PrestaShop \u2013 prezentuj firm\u0119 na mapie","og_description":"Dodaj konfigurowalny lokalizator sklep\u00f3w do witryny PrestaShop, aby zwi\u0119kszy\u0107 liczb\u0119 konwersji. Skorzystaj z Elfsight, aby wygenerowa\u0107 wid\u017cet.","og_url":"https:\/\/elfsight.com\/pl\/store-locator-widget\/prestashop\/","og_site_name":"Elfsight PL","article_modified_time":"2025-06-16T09:25:31+00:00","twitter_card":"summary_large_image","twitter_misc":{"Szacowany czas czytania":"2 minuty"},"schema":{"@context":"https:\/\/schema.org","@graph":[{"@type":"WebPage","@id":"https:\/\/elfsight.com\/pl\/store-locator-widget\/prestashop\/","url":"https:\/\/elfsight.com\/pl\/store-locator-widget\/prestashop\/","name":"Zintegruj lokalizator sklep\u00f3w z PrestaShop \u2013 prezentuj firm\u0119 na mapie","isPartOf":{"@id":"https:\/\/elfsight.com\/pl\/#website"},"datePublished":"1970-01-01T00:00:00+00:00","dateModified":"2025-06-16T09:25:31+00:00","description":"Dodaj konfigurowalny lokalizator sklep\u00f3w do witryny PrestaShop, aby zwi\u0119kszy\u0107 liczb\u0119 konwersji. Skorzystaj z Elfsight, aby wygenerowa\u0107 wid\u017cet.","breadcrumb":{"@id":"https:\/\/elfsight.com\/pl\/store-locator-widget\/prestashop\/#breadcrumb"},"inLanguage":"pl-PL","potentialAction":[{"@type":"ReadAction","target":["https:\/\/elfsight.com\/pl\/store-locator-widget\/prestashop\/"]}]},{"@type":"BreadcrumbList","@id":"https:\/\/elfsight.com\/pl\/store-locator-widget\/prestashop\/#breadcrumb","itemListElement":[{"@type":"ListItem","position":1,"name":"Home","item":"https:\/\/elfsight.com\/pl\/"},{"@type":"ListItem","position":2,"name":"Store Locator","item":"https:\/\/elfsight.com\/pl\/store-locator-widget\/"},{"@type":"ListItem","position":3,"name":"Store Locator &#8211; PrestaShop"}]},{"@type":"WebSite","@id":"https:\/\/elfsight.com\/pl\/#website","url":"https:\/\/elfsight.com\/pl\/","name":"Elfsight PL","description":"Just another Elfsight Sites site","potentialAction":[{"@type":"SearchAction","target":{"@type":"EntryPoint","urlTemplate":"https:\/\/elfsight.com\/pl\/?s={search_term_string}"},"query-input":{"@type":"PropertyValueSpecification","valueRequired":true,"valueName":"search_term_string"}}],"inLanguage":"pl-PL"}]}},"meta_box":{"industry":"","seo_heading":"","heading":"","description":"","cta_heading":"","cta_description":"","application":"3352","h1":"Dodatek do lokalizatora sklep\u00f3w PrestaShop","h1_caption":"Wy\u015bwietl map\u0119 z wieloma lokalizacjami sklep\u00f3w, aby pom\u00f3c Twoim klientom znale\u017a\u0107 najbli\u017csz\u0105 lokalizacj\u0119 w Twojej witrynie Prestashop.","application_category":[],"applications_title":"","applications_request_title":"","applications_request_button_text":"","hero_text":"","hero_video":"","hero_video_schema_markup":"","selling_points_title":"","selling_points_caption":"","selling_points":[],"selling_points_cta_text":"","features_title":"","features":"","ed_cta_examples_text":"","ed_cta_examples_hidden":"","ed_cta_demo_text":"","ed_cta_demo_hidden":"","why_caption":"","why_editor_title":"","why_editor_text":"","why_team_title":"","why_team_text":"","why_service_title":"","why_service_text":"","template_catalog_visible":"","template_catalog_title":"","template_catalog_text":"","template_catalog_categories_visible":"","demo_title":"\u015amia\u0142o zaprojektuj szyty na miar\u0119 lokalizator sklep\u00f3w PrestaShop","demo_caption":"Dostosuj go i dodaj wid\u017cet do swojej strony g\u0142\u00f3wnej poprzez demo online.","default_faq_hidden":"","app_template_category":[],"platform":"586","template_public_id":"","codecanyon_url":"","codecanyon_item_id":"","codecanyon_price":"","pricing_caption":"","pricing_elfsight_apps_hide_column":"","pricing_elfsight_apps_url":"","pricing_codecanyon_price_caption":"","integration_category":[],"integration_request_title":"","integration_request_cta":"","integration_platform":"","integrations":[],"platform_category":[],"video_schema_markup":"","price":"od 0 USD \/ miesi\u0105c","trial":"","benefits":[{"text":"Bezp\u0142atna pomoc w instalacji"},{"text":"Kompetentna obs\u0142uga klienta"},{"text":"14-dniowa gwarancja zwrotu pieni\u0119dzy"}],"button_url":"#demo","button_target_blank":"","button_nofollow":"","attributes":[{"name":"Instaluje"},{"name":"Czu\u0142y"},{"name":"Kompatybilne przegl\u0105darki"}],"tags":[],"tags_disable_links":"","hide_more_platforms":"","video_object":"","demo_hide_cta":"","demo_hide_cloud_options":"","pricing_title":"","pricing":[{"pricing_icon":"platform","pricing_title":"Elfsight Apps","pricing_title_caption":"Wieloplatformowe rozwi\u0105zanie cyfrowe","pricing_price":"od 0 USD \/ miesi\u0105c","pricing_price_caption":"zacznij od bezp\u0142atnego planu","pricing_benefits":[{"text":"Nielimitowane strony internetowe"},{"text":"Ca\u0142odobowe i terminowe wsparcie oraz dobrze udokumentowane"},{"text":"Bezp\u0142atna pomoc w instalacji"},{"text":"W pe\u0142ni konfigurowalny"}],"pricing_button_text":"Dodaj do witryny","pricing_button_url":"#demo"}],"related_apps_title":"","related_apps_hidden":"","author":"","image":[],"title":"","job":"","social_networks":[]},"_links":{"self":[{"href":"https:\/\/elfsight.com\/pl\/wp-json\/wp\/v2\/pages\/6640","targetHints":{"allow":["GET"]}}],"collection":[{"href":"https:\/\/elfsight.com\/pl\/wp-json\/wp\/v2\/pages"}],"about":[{"href":"https:\/\/elfsight.com\/pl\/wp-json\/wp\/v2\/types\/page"}],"author":[{"embeddable":true,"href":"https:\/\/elfsight.com\/pl\/wp-json\/wp\/v2\/users\/9"}],"replies":[{"embeddable":true,"href":"https:\/\/elfsight.com\/pl\/wp-json\/wp\/v2\/comments?post=6640"}],"version-history":[{"count":1,"href":"https:\/\/elfsight.com\/pl\/wp-json\/wp\/v2\/pages\/6640\/revisions"}],"predecessor-version":[{"id":6644,"href":"https:\/\/elfsight.com\/pl\/wp-json\/wp\/v2\/pages\/6640\/revisions\/6644"}],"up":[{"embeddable":true,"href":"https:\/\/elfsight.com\/pl\/wp-json\/wp\/v2\/pages\/3364"}],"wp:attachment":[{"href":"https:\/\/elfsight.com\/pl\/wp-json\/wp\/v2\/media?parent=6640"}],"curies":[{"name":"wp","href":"https:\/\/api.w.org\/{rel}","templated":true}]}}