{"id":6637,"date":"1970-01-01T00:00:00","date_gmt":"1970-01-01T00:00:00","guid":{"rendered":"https:\/\/elfsight.com\/pl\/?page_id=6637"},"modified":"2024-10-24T13:24:34","modified_gmt":"2024-10-24T13:24:34","slug":"webnode","status":"publish","type":"page","link":"https:\/\/elfsight.com\/pl\/store-locator-widget\/webnode\/","title":{"rendered":"Store Locator &#8211; Webnode"},"content":{"rendered":"<div class=\"application-platform-content-item-description application-platform-content-item\" id=\"description\" data-nav-section=\"description\"> <h2>Osad\u017a lokalizator sklep\u00f3w w Webnode za pomoc\u0105 wid\u017cetu Elfsight<\/h2> <p>Lokalizator sklep\u00f3w Elfsight dla Webnode to \u017cywy i regulowany widget stworzony zwi\u0119kszy\u0107 wygod\u0119 korzystania z witryny i zwi\u0119kszy\u0107 zaanga\u017cowanie klient\u00f3w, u\u0142atwiaj\u0105c im ni\u017c kiedykolwiek znalezienie Twojej lokalizacji. Dzi\u0119ki zestawowi wspania\u0142ych funkcji opracowanych z my\u015bl\u0105 o wydajno\u015bci i wydajno\u015bci, ten widget jest idealnym rozwi\u0105zaniem do prezentowania lokalizacji sklep\u00f3w fizycznych w zrozumia\u0142y i przyjazny dla u\u017cytkownika spos\u00f3b. Dodaj go ju\u017c teraz i zauwa\u017c, jak przekszta\u0142ci Twoj\u0105 witryn\u0119 we wspania\u0142\u0105 wyszukiwark\u0119 sklep\u00f3w!<\/p> <p>Dzi\u0119ki zastosowaniu widgetu zwi\u0119kszysz swoj\u0105 wiarygodno\u015b\u0107 w\u015br\u00f3d klient\u00f3w, podaj\u0105c szczeg\u00f3\u0142owe informacje na temat fizycznych lokalizacji Twojej firmy, uspokajaj\u0105c wszystkich prawdziwa obecno\u015b\u0107. Mo\u017ce to skutkowa\u0107 lepszym podejmowaniem decyzji i solidnymi do\u015bwiadczeniami zakupowymi w\u015br\u00f3d klient\u00f3w. <\/p><p><b>Wypr\u00f3buj wspania\u0142\u0105 wyszukiwark\u0119 sklep\u00f3w, aby pokaza\u0107 swoj\u0105 lokalizacj\u0119 i przydatne szczeg\u00f3\u0142y firmy. Podaj sw\u00f3j prawdziwy adres i odpowiednie informacje, zapraszaj\u0105c dodatkowych go\u015bci do sklepu. <\/b><\/p> <\/div> <div class=\"application-platform-content-item-features application-platform-content-item\" id=\"features\" data-nav-section=\"features\"> <h2>To tylko kilka z wielu funkcji wid\u017cetu:<\/h2> <ul><li>Wyczy\u015b\u0107 wyb\u00f3r lokalizacji<\/li> <li>Przydatne cechy mapy<\/li><li>Przyciski akcji lokalizacji wspieraj\u0105ce integracj\u0119 <\/li><li>Proste wyskakuj\u0105ce okienko lokalizacji po klikni\u0119ciu znacznika<\/li><li>Lokalizacja czas biznesowy i amp; stan otwarty<\/li><\/ul><p><a href=\"#demo\">Wypr\u00f3buj wszystkie funkcje personalizacji w pe\u0142ni funkcjonalnej wersji demonstracyjnej<\/a><\/p><\/div> <div class=\"application-platform-content-item-installation application-platform-content-item\" id=\"installation\" data-nav-section=\"installation\"> <h2>Jak w\u0142\u0105czy\u0107 lokalizator sklep\u00f3w do moich stron Webnode?<\/h2> <p>Wystarczy wykona\u0107 poni\u017csze kroki, aby osadzi\u0107 wtyczk\u0119. <\/p> <ol><li><b>Zarz\u0105dzaj naszym bezp\u0142atnym konfiguratorem i zacznij budowa\u0107 sw\u00f3j instrument na zam\u00f3wienie. <\/b><br> Znajd\u017a odpowiedni uk\u0142ad i charakterystyk\u0119 wtyczki i zastosuj modyfikacje. <\/li> <li><b>Zdob\u0105d\u017a sw\u00f3j unikalny kod widoczny w pude\u0142ku w aplikacjach Elfsight. <\/b><br> Zaraz po zako\u0144czeniu konfiguracji osobistej wtyczki skopiuj ekskluzywny kod z wy\u015bwietlonego pola i zachowaj go do p\u00f3\u017aniejszego wykorzystania. <\/li> <li><b>Rozpocznij korzystanie z wid\u017cetu na stronie g\u0142\u00f3wnej Webnode. <\/b><br> Wprowad\u017a skopiowany ostatnio kod na swoj\u0105 stron\u0119 internetow\u0105 i zapisz zmiany. <\/li> <li><b>Konfiguracja zosta\u0142a pomy\u015blnie uko\u0144czona. <\/b><br> Odwied\u017a swoj\u0105 stron\u0119, aby sprawdzi\u0107 dzia\u0142anie narz\u0119dzia. <\/li><\/ol> <p>Je\u015bli napotkasz jakiekolwiek trudno\u015bci, skontaktuj si\u0119 z naszym zespo\u0142em wsparcia. Nasi konsultanci z przyjemno\u015bci\u0105 odpowiedz\u0105 na wszystkie Twoje pytania dotycz\u0105ce widgetu. <\/p><\/div>","protected":false},"excerpt":{"rendered":"","protected":false},"author":9,"featured_media":0,"parent":3364,"menu_order":0,"comment_status":"closed","ping_status":"closed","template":"templates\/template-application-platform.php","meta":{"publish_to_discourse":"","publish_post_category":"","wpdc_auto_publish_overridden":"","wpdc_topic_tags":"","wpdc_pin_topic":"","wpdc_pin_until":"","discourse_post_id":"","discourse_permalink":"","wpdc_publishing_response":"","wpdc_publishing_error":"","footnotes":""},"class_list":["post-6637","page","type-page","status-publish","hentry"],"yoast_head":"<!-- This site is optimized with the Yoast SEO plugin v25.3.1 - https:\/\/yoast.com\/wordpress\/plugins\/seo\/ -->\n<title>Umie\u015b\u0107 lokalizator sklep\u00f3w w Webnode \u2014 bezp\u0142atna wyszukiwarka sklep\u00f3w bez kodu<\/title>\n<meta name=\"description\" content=\"Dodaj lokalizator sklep\u00f3w do swojej witryny Webnode, aby zwi\u0119kszy\u0107 konwersje. Wypr\u00f3buj prost\u0105 wersj\u0119 demonstracyjn\u0105 Elfsight, aby szybko zbudowa\u0107 wszechstronny widget.\" \/>\n<meta name=\"robots\" content=\"index, follow, max-snippet:-1, max-image-preview:large, max-video-preview:-1\" \/>\n<link rel=\"canonical\" href=\"https:\/\/elfsight.com\/pl\/store-locator-widget\/webnode\/\" \/>\n<meta property=\"og:locale\" content=\"pl_PL\" \/>\n<meta property=\"og:type\" content=\"article\" \/>\n<meta property=\"og:title\" content=\"Umie\u015b\u0107 lokalizator sklep\u00f3w w Webnode \u2014 bezp\u0142atna wyszukiwarka sklep\u00f3w bez kodu\" \/>\n<meta property=\"og:description\" content=\"Dodaj lokalizator sklep\u00f3w do swojej witryny Webnode, aby zwi\u0119kszy\u0107 konwersje. Wypr\u00f3buj prost\u0105 wersj\u0119 demonstracyjn\u0105 Elfsight, aby szybko zbudowa\u0107 wszechstronny widget.\" \/>\n<meta property=\"og:url\" content=\"https:\/\/elfsight.com\/pl\/store-locator-widget\/webnode\/\" \/>\n<meta property=\"og:site_name\" content=\"Elfsight PL\" \/>\n<meta property=\"article:modified_time\" content=\"2024-10-24T13:24:34+00:00\" \/>\n<meta name=\"twitter:card\" content=\"summary_large_image\" \/>\n<meta name=\"twitter:label1\" content=\"Szacowany czas czytania\" \/>\n\t<meta name=\"twitter:data1\" content=\"2 minuty\" \/>\n<!-- \/ Yoast SEO plugin. -->","yoast_head_json":{"title":"Umie\u015b\u0107 lokalizator sklep\u00f3w w Webnode \u2014 bezp\u0142atna wyszukiwarka sklep\u00f3w bez kodu","description":"Dodaj lokalizator sklep\u00f3w do swojej witryny Webnode, aby zwi\u0119kszy\u0107 konwersje. Wypr\u00f3buj prost\u0105 wersj\u0119 demonstracyjn\u0105 Elfsight, aby szybko zbudowa\u0107 wszechstronny widget.","robots":{"index":"index","follow":"follow","max-snippet":"max-snippet:-1","max-image-preview":"max-image-preview:large","max-video-preview":"max-video-preview:-1"},"canonical":"https:\/\/elfsight.com\/pl\/store-locator-widget\/webnode\/","og_locale":"pl_PL","og_type":"article","og_title":"Umie\u015b\u0107 lokalizator sklep\u00f3w w Webnode \u2014 bezp\u0142atna wyszukiwarka sklep\u00f3w bez kodu","og_description":"Dodaj lokalizator sklep\u00f3w do swojej witryny Webnode, aby zwi\u0119kszy\u0107 konwersje. Wypr\u00f3buj prost\u0105 wersj\u0119 demonstracyjn\u0105 Elfsight, aby szybko zbudowa\u0107 wszechstronny widget.","og_url":"https:\/\/elfsight.com\/pl\/store-locator-widget\/webnode\/","og_site_name":"Elfsight PL","article_modified_time":"2024-10-24T13:24:34+00:00","twitter_card":"summary_large_image","twitter_misc":{"Szacowany czas czytania":"2 minuty"},"schema":{"@context":"https:\/\/schema.org","@graph":[{"@type":"WebPage","@id":"https:\/\/elfsight.com\/pl\/store-locator-widget\/webnode\/","url":"https:\/\/elfsight.com\/pl\/store-locator-widget\/webnode\/","name":"Umie\u015b\u0107 lokalizator sklep\u00f3w w Webnode \u2014 bezp\u0142atna wyszukiwarka sklep\u00f3w bez kodu","isPartOf":{"@id":"https:\/\/elfsight.com\/pl\/#website"},"datePublished":"1970-01-01T00:00:00+00:00","dateModified":"2024-10-24T13:24:34+00:00","description":"Dodaj lokalizator sklep\u00f3w do swojej witryny Webnode, aby zwi\u0119kszy\u0107 konwersje. Wypr\u00f3buj prost\u0105 wersj\u0119 demonstracyjn\u0105 Elfsight, aby szybko zbudowa\u0107 wszechstronny widget.","breadcrumb":{"@id":"https:\/\/elfsight.com\/pl\/store-locator-widget\/webnode\/#breadcrumb"},"inLanguage":"pl-PL","potentialAction":[{"@type":"ReadAction","target":["https:\/\/elfsight.com\/pl\/store-locator-widget\/webnode\/"]}]},{"@type":"BreadcrumbList","@id":"https:\/\/elfsight.com\/pl\/store-locator-widget\/webnode\/#breadcrumb","itemListElement":[{"@type":"ListItem","position":1,"name":"Home","item":"https:\/\/elfsight.com\/pl\/"},{"@type":"ListItem","position":2,"name":"Store Locator","item":"https:\/\/elfsight.com\/pl\/store-locator-widget\/"},{"@type":"ListItem","position":3,"name":"Store Locator &#8211; Webnode"}]},{"@type":"WebSite","@id":"https:\/\/elfsight.com\/pl\/#website","url":"https:\/\/elfsight.com\/pl\/","name":"Elfsight PL","description":"Just another Elfsight Sites site","potentialAction":[{"@type":"SearchAction","target":{"@type":"EntryPoint","urlTemplate":"https:\/\/elfsight.com\/pl\/?s={search_term_string}"},"query-input":{"@type":"PropertyValueSpecification","valueRequired":true,"valueName":"search_term_string"}}],"inLanguage":"pl-PL"}]}},"meta_box":{"industry":"","seo_heading":"","heading":"","description":"","cta_heading":"","cta_description":"","application":"3352","h1":"Wid\u017cet lokalizatora sklep\u00f3w Webnode","h1_caption":"Wy\u015bwietl map\u0119 z wieloma lokalizacjami sklep\u00f3w, aby pom\u00f3c Twoim klientom w \u0142atwym znalezieniu najbli\u017cszej lokalizacji w Twojej witrynie Webnode.","application_category":[],"applications_title":"","applications_request_title":"","applications_request_button_text":"","hero_text":"","hero_video":"","hero_video_schema_markup":"","selling_points_title":"","selling_points_caption":"","selling_points":[],"selling_points_cta_text":"","features_title":"","features":"","ed_cta_examples_text":"","ed_cta_examples_hidden":"","ed_cta_demo_text":"","ed_cta_demo_hidden":"","why_caption":"","why_editor_title":"","why_editor_text":"","why_team_title":"","why_team_text":"","why_service_title":"","why_service_text":"","template_catalog_visible":"","template_catalog_title":"","template_catalog_text":"","template_catalog_categories_visible":"","demo_title":"\u015amia\u0142o, utw\u00f3rz spersonalizowany lokalizator sklep\u00f3w Webnode","demo_caption":"Dostosuj je i wstaw narz\u0119dzie na swoj\u0105 stron\u0119 g\u0142\u00f3wn\u0105 za pomoc\u0105 demonstracji na \u017cywo.","default_faq_hidden":"","app_template_category":[],"platform":"138","template_public_id":"","codecanyon_url":"","codecanyon_item_id":"","codecanyon_price":"","pricing_caption":"","pricing_elfsight_apps_hide_column":"","pricing_elfsight_apps_url":"","pricing_codecanyon_price_caption":"","integration_category":[],"integration_request_title":"","integration_request_cta":"","integration_platform":"","integrations":[],"platform_category":[],"video_schema_markup":"","price":"od 0 USD \/ miesi\u0105c","trial":"","benefits":[{"text":"Bezp\u0142atna us\u0142uga monta\u017cu"},{"text":"Profesjonalna obs\u0142uga klienta"},{"text":"14-dniowa gwarancja zwrotu pieni\u0119dzy"}],"button_url":"#demo","button_target_blank":"","button_nofollow":"","attributes":[{"name":"Instaluje"},{"name":"Czu\u0142y"},{"name":"Kompatybilne przegl\u0105darki"}],"tags":[],"tags_disable_links":"","hide_more_platforms":"","video_object":"","demo_hide_cta":"","demo_hide_cloud_options":"","pricing_title":"","pricing":[{"pricing_icon":"platform","pricing_title":"Elfsight Apps","pricing_title_caption":"Wersja wieloplatformowa","pricing_price":"od 0 USD \/ miesi\u0105c","pricing_price_caption":"zacznij od bezp\u0142atnego planu","pricing_benefits":[{"text":"Nielimitowane strony internetowe"},{"text":"Szybkie wsparcie firmy"},{"text":"Bezp\u0142atne wsparcie instalacyjne"},{"text":"Elastyczny projekt"}],"pricing_button_text":"Dodaj do witryny","pricing_button_url":"#demo"}],"related_apps_title":"","related_apps_hidden":"","author":"","image":[],"title":"","job":"","social_networks":[]},"_links":{"self":[{"href":"https:\/\/elfsight.com\/pl\/wp-json\/wp\/v2\/pages\/6637","targetHints":{"allow":["GET"]}}],"collection":[{"href":"https:\/\/elfsight.com\/pl\/wp-json\/wp\/v2\/pages"}],"about":[{"href":"https:\/\/elfsight.com\/pl\/wp-json\/wp\/v2\/types\/page"}],"author":[{"embeddable":true,"href":"https:\/\/elfsight.com\/pl\/wp-json\/wp\/v2\/users\/9"}],"replies":[{"embeddable":true,"href":"https:\/\/elfsight.com\/pl\/wp-json\/wp\/v2\/comments?post=6637"}],"version-history":[{"count":1,"href":"https:\/\/elfsight.com\/pl\/wp-json\/wp\/v2\/pages\/6637\/revisions"}],"predecessor-version":[{"id":6641,"href":"https:\/\/elfsight.com\/pl\/wp-json\/wp\/v2\/pages\/6637\/revisions\/6641"}],"up":[{"embeddable":true,"href":"https:\/\/elfsight.com\/pl\/wp-json\/wp\/v2\/pages\/3364"}],"wp:attachment":[{"href":"https:\/\/elfsight.com\/pl\/wp-json\/wp\/v2\/media?parent=6637"}],"curies":[{"name":"wp","href":"https:\/\/api.w.org\/{rel}","templated":true}]}}