{"id":6632,"date":"1970-01-01T00:00:00","date_gmt":"1970-01-01T00:00:00","guid":{"rendered":"https:\/\/elfsight.com\/pl\/?page_id=6632"},"modified":"2024-10-24T13:24:26","modified_gmt":"2024-10-24T13:24:26","slug":"weebly","status":"publish","type":"page","link":"https:\/\/elfsight.com\/pl\/store-locator-widget\/weebly\/","title":{"rendered":"Store Locator &#8211; Weebly"},"content":{"rendered":"<div class=\"application-platform-content-item-description application-platform-content-item\" id=\"description\" data-nav-section=\"description\"> <h2>Osad\u017a lokalizator sklep\u00f3w w Weebly za pomoc\u0105 aplikacji Elfsight<\/h2> <p>Lokator sklep\u00f3w Elfsight dla Weebly to pot\u0119\u017cny i elastyczny widget zaprojektowany zwi\u0119kszy\u0107 u\u017cyteczno\u015b\u0107 Twojej witryny i satysfakcj\u0119 klient\u00f3w, u\u0142atwiaj\u0105c im ni\u017c kiedykolwiek znalezienie adresu Twojej firmy. Dzi\u0119ki zestawowi wspania\u0142ych funkcji wprowadzonych w celu zwi\u0119kszenia wydajno\u015bci i wydajno\u015bci, ten widget jest idealnym rozwi\u0105zaniem do prezentowania fizycznych lokalizacji firm w jasny i wygodny spos\u00f3b. Umie\u015b\u0107 go ju\u017c teraz i zobacz, jak zmieni Twoj\u0105 witryn\u0119 we wspania\u0142\u0105 wyszukiwark\u0119 sklep\u00f3w!<\/p> <p>Osadzaj\u0105c widget, zwi\u0119kszysz swoj\u0105 wiarygodno\u015b\u0107 w\u015br\u00f3d klient\u00f3w, dostarczaj\u0105c szczeg\u00f3\u0142owych informacji na temat fizycznych lokalizacji Twojej firmy, uspokajaj\u0105c wszystkich solidna obecno\u015b\u0107. Prze\u0142o\u017cy si\u0119 to na lepsze podejmowanie decyzji i lepsze do\u015bwiadczenia zakupowe w\u015br\u00f3d klient\u00f3w. <\/p><p><b>Wypr\u00f3buj niesamowit\u0105 wyszukiwark\u0119 sklep\u00f3w, kt\u00f3ra wy\u015bwietla Twoj\u0105 lokalizacj\u0119 i przydatne dane biznesowe. Podaj sw\u00f3j adres fizyczny i odpowiednie informacje, aby przyci\u0105gn\u0105\u0107 wi\u0119cej odwiedzaj\u0105cych w sklepie. <\/b><\/p><\/div> <div class=\"application-platform-content-item-features application-platform-content-item\" id=\"features\" data-nav-section=\"features\"> <h2>Oto g\u0142\u00f3wne funkcje wid\u017cetu:<\/h2> <ul><li>Dynamiczne wskazanie lokalizacji<\/li><li>Opcje mapy zorientowane na u\u017cytkownika<\/li><li>Przyciski akcji lokalizacji z integracj\u0105 <\/li><li>Prosta karta lokalizacji po wybraniu znacznika<\/li><li>Harmonogram pracy lokalizacji &amp; aktualny stan<\/li><\/ul><p><a href=\"#demo\">Warto\u015b\u0107 widgetu mo\u017cesz sprawdzi\u0107 za pomoc\u0105 wersji demonstracyjnej<\/a><\/p><\/div> <div class=\"application-platform-content-item-installation application-platform-content-item\" id=\"installation\" data-nav-section=\"installation\"> <h2>Jak osadzi\u0107 Lokalizator sklep\u00f3w na mojej stronie internetowej Weebly?<\/h2> <p>Wystarczy post\u0119powa\u0107 zgodnie z poni\u017cszymi wskaz\u00f3wkami, aby zintegrowa\u0107 narz\u0119dzie. <\/p> <ol><li><b>Otw\u00f3rz nasze bezp\u0142atne demo i zacznij tworzy\u0107 spersonalizowany widget. <\/b><br> Wybierz odpowiedni wygl\u0105d i specyfikacje narz\u0119dzia oraz zastosuj modyfikacje. <\/li> <li><b>Zdob\u0105d\u017a sw\u00f3j unikalny kod widoczny w oknie aplikacji Elfsight. <\/b><br> Po zako\u0144czeniu dostosowywania narz\u0119dzia skopiuj ekskluzywny kod z wy\u015bwietlonego pola i zapisz go na przysz\u0142\u0105 okazj\u0119. <\/li> <li><b>Rozpocznij stosowanie wid\u017cetu na swojej stronie internetowej Weebly. <\/b><br> Wprowad\u017a skopiowany wcze\u015bniej kod na swoj\u0105 stron\u0119 i zapisz poprawki. <\/li> <li><b>Instalacja zosta\u0142a ca\u0142kowicie zako\u0144czona. <\/b><br> Odwied\u017a swoj\u0105 witryn\u0119, aby sprawdzi\u0107 dzia\u0142anie wtyczki. <\/li><\/ol> <p>Je\u015bli napotkasz pewne trudno\u015bci, nie wahaj si\u0119 zwr\u00f3ci\u0107 do naszego personelu obs\u0142ugi klienta. Nasi konsultanci pragn\u0105 rozwi\u0105za\u0107 wszystkie problemy, jakie mo\u017cesz napotka\u0107 w zwi\u0105zku z tym narz\u0119dziem. <\/p> <\/div>","protected":false},"excerpt":{"rendered":"","protected":false},"author":9,"featured_media":0,"parent":3364,"menu_order":0,"comment_status":"closed","ping_status":"closed","template":"templates\/template-application-platform.php","meta":{"publish_to_discourse":"","publish_post_category":"","wpdc_auto_publish_overridden":"","wpdc_topic_tags":"","wpdc_pin_topic":"","wpdc_pin_until":"","discourse_post_id":"","discourse_permalink":"","wpdc_publishing_response":"","wpdc_publishing_error":"","footnotes":""},"class_list":["post-6632","page","type-page","status-publish","hentry"],"yoast_head":"<!-- This site is optimized with the Yoast SEO plugin v25.3.1 - https:\/\/yoast.com\/wordpress\/plugins\/seo\/ -->\n<title>Umie\u015b\u0107 lokalizator sklep\u00f3w w Weebly \u2014 utw\u00f3rz prost\u0105 wyszukiwark\u0119 sklep\u00f3w<\/title>\n<meta name=\"description\" content=\"Dodaj lokalizator sklep\u00f3w do swojej witryny Weebly, zwi\u0119kszaj\u0105c satysfakcj\u0119 klient\u00f3w. Skorzystaj z prostej wersji demonstracyjnej Elfsight, aby stworzy\u0107 wszechstronny widget.\" \/>\n<meta name=\"robots\" content=\"index, follow, max-snippet:-1, max-image-preview:large, max-video-preview:-1\" \/>\n<link rel=\"canonical\" href=\"https:\/\/elfsight.com\/pl\/store-locator-widget\/weebly\/\" \/>\n<meta property=\"og:locale\" content=\"pl_PL\" \/>\n<meta property=\"og:type\" content=\"article\" \/>\n<meta property=\"og:title\" content=\"Umie\u015b\u0107 lokalizator sklep\u00f3w w Weebly \u2014 utw\u00f3rz prost\u0105 wyszukiwark\u0119 sklep\u00f3w\" \/>\n<meta property=\"og:description\" content=\"Dodaj lokalizator sklep\u00f3w do swojej witryny Weebly, zwi\u0119kszaj\u0105c satysfakcj\u0119 klient\u00f3w. Skorzystaj z prostej wersji demonstracyjnej Elfsight, aby stworzy\u0107 wszechstronny widget.\" \/>\n<meta property=\"og:url\" content=\"https:\/\/elfsight.com\/pl\/store-locator-widget\/weebly\/\" \/>\n<meta property=\"og:site_name\" content=\"Elfsight PL\" \/>\n<meta property=\"article:modified_time\" content=\"2024-10-24T13:24:26+00:00\" \/>\n<meta name=\"twitter:card\" content=\"summary_large_image\" \/>\n<meta name=\"twitter:label1\" content=\"Szacowany czas czytania\" \/>\n\t<meta name=\"twitter:data1\" content=\"2 minuty\" \/>\n<!-- \/ Yoast SEO plugin. -->","yoast_head_json":{"title":"Umie\u015b\u0107 lokalizator sklep\u00f3w w Weebly \u2014 utw\u00f3rz prost\u0105 wyszukiwark\u0119 sklep\u00f3w","description":"Dodaj lokalizator sklep\u00f3w do swojej witryny Weebly, zwi\u0119kszaj\u0105c satysfakcj\u0119 klient\u00f3w. Skorzystaj z prostej wersji demonstracyjnej Elfsight, aby stworzy\u0107 wszechstronny widget.","robots":{"index":"index","follow":"follow","max-snippet":"max-snippet:-1","max-image-preview":"max-image-preview:large","max-video-preview":"max-video-preview:-1"},"canonical":"https:\/\/elfsight.com\/pl\/store-locator-widget\/weebly\/","og_locale":"pl_PL","og_type":"article","og_title":"Umie\u015b\u0107 lokalizator sklep\u00f3w w Weebly \u2014 utw\u00f3rz prost\u0105 wyszukiwark\u0119 sklep\u00f3w","og_description":"Dodaj lokalizator sklep\u00f3w do swojej witryny Weebly, zwi\u0119kszaj\u0105c satysfakcj\u0119 klient\u00f3w. Skorzystaj z prostej wersji demonstracyjnej Elfsight, aby stworzy\u0107 wszechstronny widget.","og_url":"https:\/\/elfsight.com\/pl\/store-locator-widget\/weebly\/","og_site_name":"Elfsight PL","article_modified_time":"2024-10-24T13:24:26+00:00","twitter_card":"summary_large_image","twitter_misc":{"Szacowany czas czytania":"2 minuty"},"schema":{"@context":"https:\/\/schema.org","@graph":[{"@type":"WebPage","@id":"https:\/\/elfsight.com\/pl\/store-locator-widget\/weebly\/","url":"https:\/\/elfsight.com\/pl\/store-locator-widget\/weebly\/","name":"Umie\u015b\u0107 lokalizator sklep\u00f3w w Weebly \u2014 utw\u00f3rz prost\u0105 wyszukiwark\u0119 sklep\u00f3w","isPartOf":{"@id":"https:\/\/elfsight.com\/pl\/#website"},"datePublished":"1970-01-01T00:00:00+00:00","dateModified":"2024-10-24T13:24:26+00:00","description":"Dodaj lokalizator sklep\u00f3w do swojej witryny Weebly, zwi\u0119kszaj\u0105c satysfakcj\u0119 klient\u00f3w. Skorzystaj z prostej wersji demonstracyjnej Elfsight, aby stworzy\u0107 wszechstronny widget.","breadcrumb":{"@id":"https:\/\/elfsight.com\/pl\/store-locator-widget\/weebly\/#breadcrumb"},"inLanguage":"pl-PL","potentialAction":[{"@type":"ReadAction","target":["https:\/\/elfsight.com\/pl\/store-locator-widget\/weebly\/"]}]},{"@type":"BreadcrumbList","@id":"https:\/\/elfsight.com\/pl\/store-locator-widget\/weebly\/#breadcrumb","itemListElement":[{"@type":"ListItem","position":1,"name":"Home","item":"https:\/\/elfsight.com\/pl\/"},{"@type":"ListItem","position":2,"name":"Store Locator","item":"https:\/\/elfsight.com\/pl\/store-locator-widget\/"},{"@type":"ListItem","position":3,"name":"Store Locator &#8211; Weebly"}]},{"@type":"WebSite","@id":"https:\/\/elfsight.com\/pl\/#website","url":"https:\/\/elfsight.com\/pl\/","name":"Elfsight PL","description":"Just another Elfsight Sites site","potentialAction":[{"@type":"SearchAction","target":{"@type":"EntryPoint","urlTemplate":"https:\/\/elfsight.com\/pl\/?s={search_term_string}"},"query-input":{"@type":"PropertyValueSpecification","valueRequired":true,"valueName":"search_term_string"}}],"inLanguage":"pl-PL"}]}},"meta_box":{"industry":"","seo_heading":"","heading":"","description":"","cta_heading":"","cta_description":"","application":"3352","h1":"Aplikacja Weebly Store Locator","h1_caption":"Wy\u015bwietl map\u0119 z wieloma lokalizacjami sklep\u00f3w, aby pom\u00f3c klientom w \u0142atwym znalezieniu najbli\u017cszej lokalizacji w Twojej witrynie Weebly.","application_category":[],"applications_title":"","applications_request_title":"","applications_request_button_text":"","hero_text":"","hero_video":"","hero_video_schema_markup":"","selling_points_title":"","selling_points_caption":"","selling_points":[],"selling_points_cta_text":"","features_title":"","features":"","ed_cta_examples_text":"","ed_cta_examples_hidden":"","ed_cta_demo_text":"","ed_cta_demo_hidden":"","why_caption":"","why_editor_title":"","why_editor_text":"","why_team_title":"","why_team_text":"","why_service_title":"","why_service_text":"","template_catalog_visible":"","template_catalog_title":"","template_catalog_text":"","template_catalog_categories_visible":"","demo_title":"Nie wahaj si\u0119 i zbuduj niestandardowy lokalizator sklep\u00f3w Weebly","demo_caption":"Dostosuj go i dodaj narz\u0119dzie na swojej stronie, korzystaj\u0105c z bezp\u0142atnej wersji demonstracyjnej.","default_faq_hidden":"","app_template_category":[],"platform":"132","template_public_id":"","codecanyon_url":"","codecanyon_item_id":"","codecanyon_price":"","pricing_caption":"","pricing_elfsight_apps_hide_column":"","pricing_elfsight_apps_url":"","pricing_codecanyon_price_caption":"","integration_category":[],"integration_request_title":"","integration_request_cta":"","integration_platform":"","integrations":[],"platform_category":[],"video_schema_markup":"","price":"od 0 USD \/ miesi\u0105c","trial":"","benefits":[{"text":"Bezp\u0142atna pomoc w monta\u017cu"},{"text":"Skuteczna obs\u0142uga klienta"},{"text":"14-dniowa gwarancja zwrotu pieni\u0119dzy"}],"button_url":"#demo","button_target_blank":"","button_nofollow":"","attributes":[{"name":"Instaluje"},{"name":"Czu\u0142y"},{"name":"Kompatybilne przegl\u0105darki"}],"tags":[],"tags_disable_links":"","hide_more_platforms":"","video_object":"","demo_hide_cta":"","demo_hide_cloud_options":"","pricing_title":"","pricing":[{"pricing_icon":"platform","pricing_title":"Elfsight Apps","pricing_title_caption":"Rozwi\u0105zanie niezale\u017cne od platformy, kt\u00f3re dzia\u0142a na ka\u017cdej stronie internetowej","pricing_price":"od 0 USD \/ miesi\u0105c","pricing_price_caption":"zacznij od bezp\u0142atnego planu","pricing_benefits":[{"text":"Nielimitowane strony internetowe"},{"text":"Wsparcie premium i dobrze udokumentowane"},{"text":"Bezp\u0142atne wsparcie przy instalacji"},{"text":"100% konfigurowalny"}],"pricing_button_text":"Dodaj do witryny","pricing_button_url":"#demo"}],"related_apps_title":"","related_apps_hidden":"","author":"","image":[],"title":"","job":"","social_networks":[]},"_links":{"self":[{"href":"https:\/\/elfsight.com\/pl\/wp-json\/wp\/v2\/pages\/6632","targetHints":{"allow":["GET"]}}],"collection":[{"href":"https:\/\/elfsight.com\/pl\/wp-json\/wp\/v2\/pages"}],"about":[{"href":"https:\/\/elfsight.com\/pl\/wp-json\/wp\/v2\/types\/page"}],"author":[{"embeddable":true,"href":"https:\/\/elfsight.com\/pl\/wp-json\/wp\/v2\/users\/9"}],"replies":[{"embeddable":true,"href":"https:\/\/elfsight.com\/pl\/wp-json\/wp\/v2\/comments?post=6632"}],"version-history":[{"count":1,"href":"https:\/\/elfsight.com\/pl\/wp-json\/wp\/v2\/pages\/6632\/revisions"}],"predecessor-version":[{"id":6636,"href":"https:\/\/elfsight.com\/pl\/wp-json\/wp\/v2\/pages\/6632\/revisions\/6636"}],"up":[{"embeddable":true,"href":"https:\/\/elfsight.com\/pl\/wp-json\/wp\/v2\/pages\/3364"}],"wp:attachment":[{"href":"https:\/\/elfsight.com\/pl\/wp-json\/wp\/v2\/media?parent=6632"}],"curies":[{"name":"wp","href":"https:\/\/api.w.org\/{rel}","templated":true}]}}